{"id":929,"date":"2014-09-14T22:41:46","date_gmt":"2014-09-14T22:41:46","guid":{"rendered":"http:\/\/www.ceadin.org\/b\/"},"modified":"2023-09-12T19:01:42","modified_gmt":"2023-09-12T19:01:42","slug":"anorexia","status":"publish","type":"page","link":"https:\/\/www.ceadin.org\/b\/anorexia\/","title":{"rendered":"Anorexia"},"content":{"rendered":"<blockquote>\n<blockquote>\n<h3 style=\"text-align: center;\"><span style=\"color: #008080;\"><em><strong>\u2014 Mascaras de la Depresi\u00f3n \u2014<\/strong><\/em><\/span><\/h3>\n<h3 style=\"text-align: center;\"><span style=\"color: #0000ff;\"><em><strong><span style=\"color: #d15021;\">&#8211; Anorexia &#8211;<\/span><a href=\"http:\/\/www.ceadin.org\/b\/wp-content\/uploads\/2023\/09\/surreal-painting-ilustracion-digital-aykut-aydogdu-surrealismo-pixeles-11-800x1000-1.jpg\"><img decoding=\"async\" loading=\"lazy\" class=\"alignright size-full wp-image-7436\" src=\"http:\/\/www.ceadin.org\/b\/wp-content\/uploads\/2023\/09\/surreal-painting-ilustracion-digital-aykut-aydogdu-surrealismo-pixeles-11-800x1000-1.jpg\" alt=\"\" width=\"800\" height=\"1000\" srcset=\"https:\/\/www.ceadin.org\/b\/wp-content\/uploads\/2023\/09\/surreal-painting-ilustracion-digital-aykut-aydogdu-surrealismo-pixeles-11-800x1000-1.jpg 800w, https:\/\/www.ceadin.org\/b\/wp-content\/uploads\/2023\/09\/surreal-painting-ilustracion-digital-aykut-aydogdu-surrealismo-pixeles-11-800x1000-1-240x300.jpg 240w, https:\/\/www.ceadin.org\/b\/wp-content\/uploads\/2023\/09\/surreal-painting-ilustracion-digital-aykut-aydogdu-surrealismo-pixeles-11-800x1000-1-768x960.jpg 768w, https:\/\/www.ceadin.org\/b\/wp-content\/uploads\/2023\/09\/surreal-painting-ilustracion-digital-aykut-aydogdu-surrealismo-pixeles-11-800x1000-1-619x774.jpg 619w\" sizes=\"(max-width: 800px) 100vw, 800px\" \/><\/a><br \/>\n<\/strong><\/em><\/span><\/h3>\n<h3><span style=\"color: #008080;\"><em><strong><span style=\"color: #d15021;\">-La anorexia-<\/span> consiste en un trastorno de la conducta alimentaria que supone una p\u00e9rdida de peso provocada por el propio enfermo y lleva a un estado de inanici\u00f3n. <\/strong><\/em><\/span><\/h3>\n<h3><span style=\"color: #008080;\"><em><strong>La anorexia se caracteriza por el temor a aumentar de peso, y por una percepci\u00f3n distorsionada y delirante del propio cuerpo que hace que el enfermo se vea gordo aun cuando su peso se encuentra por debajo de lo recomendado. Por ello inicia una disminuci\u00f3n progresiva del peso mediante ayunos y la reducci\u00f3n de la ingesta de alimentos.<\/strong><\/em><\/span><\/h3>\n<h3><em><strong><span style=\"color: #008080;\">Las personas afectadas pueden perder desde un 15 a un 50 por ciento, en los casos m\u00e1s cr\u00edticos, de su peso corporal.<\/span> <span style=\"color: #d15021;\">Esta enfermedad suele asociarse con alteraciones psicol\u00f3gicas graves que provocan cambios de comportamiento, de la conducta emocional y una estigmatizaci\u00f3n del cuerpo.<\/span><\/strong><\/em><\/h3>\n<h3><span style=\"color: #008000;\"><em><strong><span style=\"color: #008080;\">Su causa es desconocida, pero los factores sociales parecen importantes. Aunque hay muchos factores socioculturales que pueden desencadenar la<\/span> <span style=\"color: #d15021;\">-anorexia-,<\/span><span style=\"color: #008080;\"> es probable que una parte de la poblaci\u00f3n tenga una mayor predisposici\u00f3n f\u00edsica a sufrir este trastorno, independientemente de la presi\u00f3n que pueda ejercer el entorno.<\/span><\/strong><\/em><\/span><\/h3>\n<h3><span style=\"color: #008080;\"><em><strong>Por ello existen factores generales que se asocian a un factor desencadenante o cierta vulnerabilidad biol\u00f3gica, que es lo que precipita el desarrollo de la enfermedad:<\/strong><\/em><\/span><\/h3>\n<h3 style=\"text-align: center;\"><span style=\"color: #d15021;\"><em><strong>La propia obesidad del enfermo.<br \/>\nObesidad materna.<br \/>\nMuerte o enfermedad de un ser querido.<br \/>\nSeparaci\u00f3n de los padres.<br \/>\nAlejamiento del hogar.<br \/>\nFracasos escolares.<br \/>\nAccidentes.<br \/>\nSucesos traum\u00e1ticos.<\/strong><\/em><\/span><\/h3>\n<h3><span style=\"color: #d15021;\"><em><strong>S\u00cdNTOMAS DE ANOREXIA:<\/strong><\/em><\/span><br \/>\n<span style=\"color: #008000;\"><em><strong><span style=\"color: #008080;\">Esta patolog\u00eda se caracteriza por una p\u00e9rdida significativa de peso provocada por el enfermo y por una percepci\u00f3n err\u00f3nea del propio cuerpo. En consecuencia, los problemas endocrinos se hacen evidentes en un espacio de tiempo relativamente corto.<\/span><\/strong><\/em><\/span><\/h3>\n<h3 style=\"text-align: center;\"><span style=\"color: #d15021;\"><em><strong>Los principales s\u00edntomas que determinan<br \/>\nla aparici\u00f3n de la enfermedad son los siguientes:<\/strong><\/em><\/span><\/h3>\n<ul>\n<li>\n<h3><span style=\"color: #008080;\"><em><strong>Rechazo a mantener el peso corporal por encima del m\u00ednimo adecuado, para la edad y talla del enfermo.<\/strong><\/em><\/span><\/h3>\n<\/li>\n<li>\n<h3><span style=\"color: #008080;\"><em><strong>Miedo al aumento de peso o a la obesidad, incluso cuando el peso se encuentra por debajo de lo recomendable.<\/strong><\/em><\/span><\/h3>\n<\/li>\n<li>\n<h3><span style=\"color: #008080;\"><em><strong>Percepci\u00f3n distorsionada del cuerpo, su peso y proporciones.<\/strong><\/em><\/span><\/h3>\n<\/li>\n<li>\n<h3><span style=\"color: #008000;\"><em><strong><span style=\"color: #008080;\">Ausencia de tres ciclos menstruales consecutivos en las mujeres (amenorrea).<\/span><\/strong><\/em><\/span><\/h3>\n<\/li>\n<li>\n<h3><span style=\"color: #008080;\"><em><strong>Los anor\u00e9xicos pueden experimentar una serie de s\u00edntomas muy variados: estre\u00f1imiento, dolor abdominal, v\u00f3mitos, etc.<\/strong><\/em><\/span><\/h3>\n<\/li>\n<\/ul>\n<h3 style=\"text-align: center;\"><span style=\"color: #d15021;\"><em><strong>Pero es la familia la que detecta<br \/>\nlos s\u00edntomas que dan la voz de alarma:<\/strong><\/em><\/span><\/h3>\n<ul>\n<li>\n<h3><span style=\"color: #008080;\"><em><strong><em><strong>Preocupaci\u00f3n excesiva por la composici\u00f3n cal\u00f3rica de los alimentos y por la preparaci\u00f3n de los alimentos.<\/strong><\/em><\/strong><\/em><\/span><\/h3>\n<\/li>\n<\/ul>\n<ul>\n<li>\n<h3><span style=\"color: #008080;\"><em><strong>Constante sensaci\u00f3n de fr\u00edo.<\/strong><\/em><\/span><\/h3>\n<\/li>\n<li>\n<h3><span style=\"color: #008080;\"><em><strong>Reducci\u00f3n progresiva de los alimentos.<\/strong><\/em><\/span><\/h3>\n<\/li>\n<li>\n<h3><span style=\"color: #008080;\"><em><strong>Obsesi\u00f3n por la imagen, la b\u00e1scula, los estudios y el deporte.<\/strong><\/em><\/span><\/h3>\n<\/li>\n<li>\n<h3><span style=\"color: #008080;\"><em><strong>Utilizaci\u00f3n de trampas para evitar la comida.<\/strong><\/em><\/span><\/h3>\n<\/li>\n<li>\n<h3><span style=\"color: #008080;\"><em><strong>Hiperactividad.<\/strong><\/em><\/span><\/h3>\n<\/li>\n<li>\n<h3><span style=\"color: #008000;\"><em><strong><span style=\"color: #008080;\">A estos s\u00edntomas se le suman otros rasgos t\u00edpicos como la<\/span> <span style=\"color: #d15021;\">-Irritabilidad, la Depresi\u00f3n y los Trastornos Emocionales o de la Personalidad-. <\/span><\/strong><\/em><\/span><\/h3>\n<\/li>\n<li>\n<h3><span style=\"color: #008080;\"><em><strong>Asimismo, se manifiesta una alteraci\u00f3n de la sensaci\u00f3n de saciedad y plenitud antes de las comidas, n\u00e1useas, hinchaz\u00f3n, o incluso ausencia de sensaciones.<\/strong><\/em><\/span><\/h3>\n<h3 style=\"text-align: center;\"><span style=\"color: #d15021;\"><em><strong>En cuanto a las consecuencias<br \/>\ncl\u00ednicas, los s\u00edntomas son los siguientes:<a href=\"http:\/\/www.ceadin.org\/b\/wp-content\/uploads\/2023\/09\/Screenshot-2023-09-11-at-21-35-15-Anorexia-Deity-by-Jessicawardart-on-DeviantArt.png\"><img decoding=\"async\" loading=\"lazy\" class=\"alignright size-full wp-image-7438\" src=\"http:\/\/www.ceadin.org\/b\/wp-content\/uploads\/2023\/09\/Screenshot-2023-09-11-at-21-35-15-Anorexia-Deity-by-Jessicawardart-on-DeviantArt.png\" alt=\"\" width=\"1738\" height=\"1758\" srcset=\"https:\/\/www.ceadin.org\/b\/wp-content\/uploads\/2023\/09\/Screenshot-2023-09-11-at-21-35-15-Anorexia-Deity-by-Jessicawardart-on-DeviantArt.png 1738w, https:\/\/www.ceadin.org\/b\/wp-content\/uploads\/2023\/09\/Screenshot-2023-09-11-at-21-35-15-Anorexia-Deity-by-Jessicawardart-on-DeviantArt-297x300.png 297w, https:\/\/www.ceadin.org\/b\/wp-content\/uploads\/2023\/09\/Screenshot-2023-09-11-at-21-35-15-Anorexia-Deity-by-Jessicawardart-on-DeviantArt-1012x1024.png 1012w, https:\/\/www.ceadin.org\/b\/wp-content\/uploads\/2023\/09\/Screenshot-2023-09-11-at-21-35-15-Anorexia-Deity-by-Jessicawardart-on-DeviantArt-768x777.png 768w, https:\/\/www.ceadin.org\/b\/wp-content\/uploads\/2023\/09\/Screenshot-2023-09-11-at-21-35-15-Anorexia-Deity-by-Jessicawardart-on-DeviantArt-1519x1536.png 1519w, https:\/\/www.ceadin.org\/b\/wp-content\/uploads\/2023\/09\/Screenshot-2023-09-11-at-21-35-15-Anorexia-Deity-by-Jessicawardart-on-DeviantArt-619x626.png 619w\" sizes=\"(max-width: 1738px) 100vw, 1738px\" \/><\/a><\/strong><\/em><\/span><\/h3>\n<h3><span style=\"color: #008000;\"><em><strong><span style=\"color: #d15021;\">1.- <\/span><span style=\"color: #808000;\">Las pulsaciones cardiacas se reducen.<\/span><br \/>\n<span style=\"color: #d15021;\">2.-<\/span><span style=\"color: #808000;\"> Se producen <\/span><span style=\"color: #d15021;\">arritmias <\/span><span style=\"color: #808000;\">que pueden derivar en un paro cardiaco.<\/span><br \/>\n<span style=\"color: #d15021;\">3.-<\/span> <span style=\"color: #808000;\">Desaparece la menstruaci\u00f3n en las mujeres <\/span><span style=\"color: #d15021;\">(amenorrea).<\/span><br \/>\n<span style=\"color: #d15021;\">4.-<\/span> <span style=\"color: #808000;\">Disminuye la masa \u00f3sea y, en los casos muy tempranos, se frena la velocidad de crecimiento.<\/span><br \/>\n<\/strong><\/em><\/span><\/h3>\n<h3><span style=\"color: #008000;\"><em><strong><span style=\"color: #d15021;\">5.-<\/span> <span style=\"color: #808000;\">Disminuci\u00f3n de la motilidad intestinal.<\/span><br \/>\n<span style=\"color: #d15021;\">6.-<\/span> <span style=\"color: #808000;\">Anemia.<\/span><br \/>\n<span style=\"color: #d15021;\">7.-<\/span> <span style=\"color: #808000;\">Aparece un vello fino y largo, llamado lanudo, en la espalda, los antebrazos, los muslos, el cuello y las mejillas.<\/span><br \/>\n<\/strong><\/em><\/span><\/h3>\n<h3><span style=\"color: #008000;\"><em><strong><span style=\"color: #d15021;\">8.-<\/span> <span style=\"color: #808000;\">Estre\u00f1imiento cr\u00f3nico.<\/span><br \/>\n<span style=\"color: #d15021;\">9.-<\/span> <span style=\"color: #808000;\">La disminuci\u00f3n del gasto energ\u00e9tico produce una sensaci\u00f3n constante de fr\u00edo.<\/span><br \/>\n<\/strong><\/em><\/span><\/h3>\n<h3><span style=\"color: #008000;\"><em><strong><span style=\"color: #d15021;\">10.-<\/span> <span style=\"color: #808000;\">La piel se deshidrata, se seca y se agrieta.<\/span><br \/>\n<span style=\"color: #d15021;\">11.-<\/span> <span style=\"color: #808000;\">Coloraci\u00f3n amarillenta en las palmas de las manos y las plantas de los pies por la acumulaci\u00f3n de carotenos en las gl\u00e1ndulas seb\u00e1ceas.<\/span><br \/>\n<\/strong><\/em><\/span><\/h3>\n<h3><span style=\"color: #008000;\"><em><strong><span style=\"color: #d15021;\">12.- <\/span><span style=\"color: #808000;\">Las u\u00f1as se quiebran.<\/span><br \/>\n<span style=\"color: #d15021;\">13.-<\/span><span style=\"color: #808000;\"> P\u00e9rdida de cabello.<\/span><br \/>\n<span style=\"color: #d15021;\">14.-<\/span> <span style=\"color: #808000;\">Problemas con los dientes y edemas perif\u00e9ricos.<\/span><br \/>\n<span style=\"color: #d15021;\">15.-<\/span> <span style=\"color: #808000;\">Hinchazones y dolores abdominales.<\/span><\/strong><\/em><\/span><\/h3>\n<\/li>\n<\/ul>\n<\/blockquote>\n<blockquote>\n<h3><span style=\"color: #d15021;\"><em><strong>DIAGN\u00d3STICOS:<\/strong><\/em><\/span><br \/>\n<span style=\"color: #808000;\"><em><strong>La anorexia nerviosa se diagnostica, generalmente, bas\u00e1ndose en una intensa p\u00e9rdida de peso y los s\u00edntomas psicol\u00f3gicos caracter\u00edsticos. <\/strong><\/em><\/span><\/h3>\n<h3><span style=\"color: #008000;\"><em><strong><span style=\"color: #808000;\">La<\/span> <span style=\"color: #d15021;\">-anor\u00e9xica t\u00edpica-<\/span> <span style=\"color: #808000;\">es una adolescente que ha perdido al menos un 15 por ciento de su peso corporal, teme la obesidad, ha dejado de menstruar, niega estar enferma y parece sana.<\/span><\/strong><\/em><\/span><\/h3>\n<h3><span style=\"color: #d15021;\"><em><strong>TRATAMIENTOS:<\/strong><\/em><\/span><br \/>\n<span style=\"color: #808000;\"><em><strong>Los objetivos globales del tratamiento son la correcci\u00f3n de la malnutrici\u00f3n y los trastornos ps\u00edquicos del paciente. En primer lugar se intenta conseguir un r\u00e1pido aumento de peso y la recuperaci\u00f3n de los h\u00e1bitos alimenticios, ya que pueden implicar un mayor riesgo de muerte. <\/strong><\/em><\/span><\/h3>\n<h3 style=\"text-align: center;\"><span style=\"color: #d15021;\"><em><strong>Pero una recuperaci\u00f3n total<br \/>\ndel peso c<span style=\"color: #d15021;\">orporal no es sin\u00f3nimo de curaci\u00f3n.<\/span><br \/>\n<\/strong><\/em><\/span><\/h3>\n<h3 style=\"text-align: center;\"><span style=\"color: #d15021;\"><em><strong>La anorexia es una<br \/>\nenfermedad psiqui\u00e1trica y debe tratarse como tal.<\/strong><\/em><\/span><\/h3>\n<h3><span style=\"color: #0000ff;\"><em><strong><br \/>\n<span style=\"color: #d15021;\">El tratamiento debe basarse en tres aspectos:<\/span><br \/>\n<\/strong><\/em><\/span><\/h3>\n<h3><span style=\"color: #0000ff;\"><em><strong><span style=\"color: #d15021;\">1.- Detecci\u00f3n precoz de la enfermedad:<\/span> <\/strong><\/em><\/span><span style=\"color: #008000;\"><em><strong><br \/>\n<span style=\"color: #808000;\">Conocimiento de los s\u00edntomas por parte de los m\u00e9dicos de atenci\u00f3n primaria y de los protocolos que fijan los criterios que el m\u00e9dico debe observar.<\/span><\/strong><\/em><\/span><\/h3>\n<h3><span style=\"color: #d15021;\"><em><strong>2.- Coordinaci\u00f3n entre los servicios sanitarios implicados:<\/strong><\/em><\/span><span style=\"color: #008000;\"><em><strong><br \/>\n<span style=\"color: #808000;\">Psiquiatr\u00eda, Endocrinolog\u00eda y Pediatr\u00eda.<\/span><\/strong><\/em><\/span><\/h3>\n<h3><span style=\"color: #808000;\"><em><strong>Seguimiento ambulatorio una vez que el paciente ha sido dado de alta, con visitas regulares.<\/strong><\/em><\/span><\/h3>\n<h3><span style=\"color: #d15021;\"><em><strong>3.- El ingreso en un centro m\u00e9dico es necesario cuando:<\/strong><\/em><\/span><span style=\"color: #008000;\"><em><strong><br \/>\n<span style=\"color: #d15021;\">a)<\/span> <span style=\"color: #808000;\">La desnutrici\u00f3n es muy grave y hay alteraciones en los signos vitales.<\/span><\/strong><\/em><\/span><span style=\"color: #008000;\"><em><strong><br \/>\n<\/strong><\/em><\/span><\/h3>\n<h3><span style=\"color: #008000;\"><em><strong><span style=\"color: #d15021;\">b)<\/span> <span style=\"color: #808000;\">Cuando las relaciones familiares son insostenibles y es mejor aislar al paciente.<\/span><\/strong><\/em><\/span><span style=\"color: #008000;\"><em><strong><br \/>\n<\/strong><\/em><\/span><\/h3>\n<h3><span style=\"color: #008000;\"><em><strong><span style=\"color: #d15021;\">c)<\/span> <span style=\"color: #808000;\">Cuando se agravan los des\u00f3rdenes ps\u00edquicos.<\/span><\/strong><\/em><\/span><\/h3>\n<h3><span style=\"color: #d15021;\"><em><strong>El tratamiento ambulatorio es eficaz cuando:<\/strong><\/em><\/span><span style=\"color: #008000;\"><em><strong><br \/>\n<span style=\"color: #808000;\">Se detecta de manera precoz.<\/span><\/strong><\/em><\/span><\/h3>\n<h3><span style=\"color: #008000;\"><em><strong><span style=\"color: #808000;\">No hay episodios de<\/span> <span style=\"color: #d15021;\">-bulimia ni v\u00f3mitos-<\/span> <span style=\"color: #808000;\">y existe un compromiso familiar de cooperaci\u00f3n.<\/span><\/strong><\/em><\/span><\/h3>\n<h3><span style=\"color: #808000;\"><em><strong>De esta manera se inicia el tratamiento con la realimentaci\u00f3n. Despu\u00e9s comienza el tratamiento psicol\u00f3gico, que intenta reestructurar las ideas racionales, eliminar la percepci\u00f3n err\u00f3nea del cuerpo, mejorar la autoestima, y desarrollar las habilidades sociales y comunicativas entre el enfermo y su entorno. La familia debe tomar parte de manera activa en el tratamiento.<\/strong><\/em><\/span><\/h3>\n<h3><em><strong><span style=\"color: #d15021;\">Otros datos:<\/span><br \/>\n<span style=\"color: #808000;\"> Cerca del 95 por ciento de las personas que sufren este trastorno son mujeres. Generalmente comienza en la adolescencia, <\/span><\/strong><span style=\"color: #808000;\"><strong>aunque en los \u00faltimos a\u00f1os se ha producido un aumento en hombres, en mujeres adultas y en ni\u00f1os. <\/strong><\/span><\/em><\/h3>\n<h3><span style=\"color: #808000;\"><em><strong>La anorexia nerviosa afecta primordialmente a las personas de clase socioecon\u00f3mica media y alta. Existen colectivos m\u00e1s propensos a sufrir estos trastornos, es el caso de las gimnastas, las bailarinas o las modelos.<\/strong><\/em><\/span><\/h3>\n<h3><span style=\"color: #008000;\"><em><strong><span style=\"color: #808000;\">En la sociedad occidental el n\u00famero de personas con este trastorno parece aumentar.<\/span> <span style=\"color: #d15021;\">-La anorexia nerviosa<\/span> <span style=\"color: #d15021;\">puede ser leve y transitoria o grave y duradera-.<\/span> <span style=\"color: #808000;\">Se han comunicado tasas letales tan altas como del 10 al 20 por ciento.<\/span> <\/strong><\/em><\/span><\/h3>\n<h3><span style=\"color: #808000;\"><em><strong>Sin embargo, como los casos leves pueden no ser diagnosticados, nadie sabe exactamente cu\u00e1ntas personas tienen anorexia nerviosa o qu\u00e9 porcentaje muere de ella.<\/strong><\/em><\/span><\/h3>\n<h3><span style=\"color: #d15021;\"><em><strong>En la anorexia nerviosa se pueden distinguir dos subtipos:<\/strong><\/em><\/span><\/h3>\n<h3><em><strong><span style=\"color: #d15021;\">Subtipo restrictivo:<\/span><span style=\"color: #808000;\"> la reducci\u00f3n de peso se consigue mediante dietas o ejercicio f\u00edsico intenso y el enfermo no recurre a sobreingestas, atracones o purgas.<\/span><\/strong><\/em><\/h3>\n<h3><span style=\"color: #008000;\"><em><strong><span style=\"color: #d15021;\">Subtipo bul\u00edmico: <\/span><span style=\"color: #808000;\">El enfermo recurre a las purgas aunque haya ingerido una peque\u00f1a cantidad de alimento.<\/span><\/strong><\/em><\/span><\/h3>\n<h4><span style=\"color: #808000;\"><em><strong>Fuente: <\/strong>Dmedicina.com<\/em><\/span><\/h4>\n<h3><span style=\"color: #d15021;\"><em><strong>Ante cualquier duda, te recomendamos visitar a un psic\u00f3logo para que te asesore en todo lo que necesites y te recomiende la mejor terapia.<\/strong><\/em><\/span><\/h3>\n<h3><span style=\"color: #d15021;\"><em><strong>Busque ayuda.<\/strong><\/em><\/span><\/h3>\n<\/blockquote>\n<blockquote><p><span style=\"color: #808000;\">Artista-surreal-painting-ilustracion-digital-aykut-aydogdu-surrealismo<\/span><span style=\"color: #808000;\"><br \/>\nArtista-Deity-by-Jessicawardart-on-DeviantArt<\/span><\/p><\/blockquote>\n<\/blockquote>\n","protected":false},"excerpt":{"rendered":"<p>\u2014 Mascaras de la Depresi\u00f3n \u2014 &#8211; Anorexia &#8211; -La anorexia- consiste en un trastorno de la conducta alimentaria que supone una p\u00e9rdida de peso provocada por el propio enfermo y lleva a un estado de inanici\u00f3n. La anorexia se caracteriza por el temor a aumentar de peso, y por una percepci\u00f3n distorsionada y delirante [&hellip;]<\/p>\n","protected":false},"author":2,"featured_media":0,"parent":0,"menu_order":27,"comment_status":"open","ping_status":"closed","template":"","meta":[],"_links":{"self":[{"href":"https:\/\/www.ceadin.org\/b\/wp-json\/wp\/v2\/pages\/929"}],"collection":[{"href":"https:\/\/www.ceadin.org\/b\/wp-json\/wp\/v2\/pages"}],"about":[{"href":"https:\/\/www.ceadin.org\/b\/wp-json\/wp\/v2\/types\/page"}],"author":[{"embeddable":true,"href":"https:\/\/www.ceadin.org\/b\/wp-json\/wp\/v2\/users\/2"}],"replies":[{"embeddable":true,"href":"https:\/\/www.ceadin.org\/b\/wp-json\/wp\/v2\/comments?post=929"}],"version-history":[{"count":0,"href":"https:\/\/www.ceadin.org\/b\/wp-json\/wp\/v2\/pages\/929\/revisions"}],"wp:attachment":[{"href":"https:\/\/www.ceadin.org\/b\/wp-json\/wp\/v2\/media?parent=929"}],"curies":[{"name":"wp","href":"https:\/\/api.w.org\/{rel}","templated":true}]}}