{"id":89,"date":"2010-06-04T01:58:57","date_gmt":"2010-06-04T01:58:57","guid":{"rendered":"http:\/\/www.ceadin.org\/wordpress\/?page_id=89"},"modified":"2019-01-15T19:14:54","modified_gmt":"2019-01-15T19:14:54","slug":"andrea","status":"publish","type":"page","link":"https:\/\/www.ceadin.org\/b\/andrea\/","title":{"rendered":"1-CASO-Andrea"},"content":{"rendered":"<blockquote>\n<h3><span style=\"color: #000080;\"><em><strong>Lleg\u00f3 por la ma\u00f1ana, solicitaba empleo.<\/strong><br \/>\n<\/em><\/span><\/h3>\n<h4><span style=\"color: #000080;\"><em><strong>Era alta, blanca con pelo casta\u00f1o claro, lleg\u00f3 por el anuncio fuera de mi casa, sal\u00ed y la salud\u00e9, ella casi no alzaba la cabeza s\u00f3lo los ojos me miraron y me dijo que ven\u00eda por el anuncio (solicito muchacha), le ped\u00ed cartas de recomendaci\u00f3n y me las mostr\u00f3.<\/strong><\/em><\/span><\/h4>\n<h4><span style=\"color: #000080;\"><em><strong>Le dije que pasara y nos sentamos a platicar, me coment\u00f3 que necesitaba el empleo pues ten\u00eda 3 hijos y un adoptado. <\/strong><\/em><em><strong>Quedamos que d\u00edas vendr\u00eda, se despidi\u00f3 y lleg\u00f3 el d\u00eda acordado.<\/strong><\/em><\/span><\/h4>\n<h4><span style=\"color: #000080;\"><em><strong>Joven de unos 35 a\u00f1os, t\u00edmida nunca alzaba la cara solo los ojos, ordenada, limpia buena trabajadora, pasaron unos meses y la empec\u00e9 a conocer..<\/strong><\/em><\/span><\/h4>\n<h4><span style=\"color: #000080;\"><em><strong><br \/>\nPrimera pl\u00e1tica:<br \/>\nLe pregunt\u00e9 como era su vida y sus ojos se llenaron de lagrimas; experiment\u00e9 la misma sensaci\u00f3n que siento cuando alguien llora:<\/strong><\/em><\/span><\/h4>\n<h3 style=\"text-align: center;\"><span style=\"color: #000080;\"><em><strong>\u00bfQu\u00e9 habr\u00e1 en su coraz\u00f3n, para que salgan gotas de agua de sus ojos?<\/strong><\/em><\/span><\/h3>\n<h4><span style=\"color: #000080;\"><em><strong>La abrac\u00e9 y le dije que me contara.<\/strong><\/em><\/span><br \/>\n<span style=\"color: #000080;\"> <em><strong>Primero me dijo que nunca nadie le hab\u00eda preguntado como era su vida, y quedamos que media hora antes de su hora de salida iba a interrumpir el trabajo y nos sentar\u00edamos a platicar y lo acept\u00f3.<\/strong><\/em><\/span><\/h4>\n<h4><span style=\"color: #000080;\"><em><strong><br \/>\nPl\u00e1ticas subsecuentes:<br \/>\nCon el tiempo me fue platicando como hab\u00eda sido su vida.<\/strong><\/em><\/span><br \/>\n<span style=\"color: #000080;\"> <em><strong>Me cont\u00f3 que cuando ella naci\u00f3 su mam\u00e1 muri\u00f3,<\/strong><strong> qued\u00f3 sola con su pap\u00e1 y el pap\u00e1 al sentirse que no pod\u00eda atenderla la dej\u00f3 en manos de su abuela, pero poco tiempo despu\u00e9s muri\u00f3 y se qued\u00f3 con su abuelo, la trataba bien y le ense\u00f1aba muchas cosas, se sent\u00eda querida. Cuando ella tendr\u00eda 10 a\u00f1os su abuelo muri\u00f3 y se la llev\u00f3 una t\u00eda hermana de su pap\u00e1.<\/strong><\/em><\/span><\/h4>\n<h4><span style=\"color: #000080;\"><em><strong><br \/>\nPl\u00e1ticas subsecuentes:<br \/>\nEsa t\u00eda ten\u00eda 3 hijas y nunca la trataron como familia, pr\u00e1cticamente la trataron como servidumbre, la t\u00eda la pon\u00eda a hacer trabajos de la casa despu\u00e9s de ir al colegio mientras sus primas jugaban.<\/strong><\/em><\/span><\/h4>\n<h4><span style=\"color: #000080;\"><em><strong>Las primas le echaban la culpa de cualquier desorden, desperfecto y hasta inventaban que les robaba sus cosas, le rayaban sus cuadernos de la escuela, se burlaban de ella, y como consecuencia de eso la castigaban con trabajos cada\u00a0 vez m\u00e1s extenuantes.<\/strong><\/em><\/span><\/h4>\n<h4><span style=\"color: #000080;\"><em><strong>Un d\u00eda lleg\u00f3 su t\u00edo borracho y ella presenci\u00f3 como su t\u00edo vaci\u00f3 un perol de agua hirviendo sobre una de sus primas por no haberlo saludado cuando \u00e9l lleg\u00f3. Hasta la fecha la ni\u00f1a est\u00e1 contrahecha, con el ment\u00f3n pegado al cuello, pues tuvo quemaduras de hasta\u00a0 3er. grado en todo el cuerpo.<\/strong><\/em><\/span><\/h4>\n<h4><span style=\"color: #000080;\"><em><strong><br \/>\nPl\u00e1ticas subsecuentes:<br \/>\n-Cada vez que platicabamos ella lloraba y me dec\u00eda que nunca nadie se hab\u00eda interesado por ella.<\/strong><\/em><\/span><\/h4>\n<h4><span style=\"color: #000080;\"><em><strong>Vivi\u00f3 en esa casa hasta cuando las primas la acusaron de haberles rayado sus cuadernos y la t\u00eda le dijo que pusiera las manos con las palmas para abajo y le peg\u00f3 muchas veces con un palo hasta hacerla sangrar y romperle los huesos de las manos. -Ella tendr\u00eda para aquel entonces 14 a\u00f1os; se sali\u00f3 como estaba y huy\u00f3.<\/strong><\/em><\/span><\/h4>\n<h4><span style=\"color: #000080;\"><em><strong>No supo cuanto tiempo camin\u00f3 hasta que se hizo de noche, y se par\u00f3 debajo de un paradero de combis, lloraba, se sent\u00eda perdida, las manos sangrantes y sola.<\/strong><\/em><\/span><\/h4>\n<h4><span style=\"color: #000080;\"><em><strong>Hasta que lleg\u00f3 una combi y el chofer se dio cuenta de su estado y le pregunt\u00f3 que le hab\u00eda pasado, ella le cont\u00f3 lo sucedido y \u00e9l se detuvo unos minutos para pensar y le propuso llevarla con su mam\u00e1 para que la curara; ella acept\u00f3. Cuando llegaron a la casa, \u00e9l le explic\u00f3 a su mam\u00e1 como la hab\u00eda encontrado y le pidi\u00f3 que la curara, la mam\u00e1 la cur\u00f3 y dur\u00f3 con las manos entablilladas por un tiempo.<\/strong><\/em><\/span><\/h4>\n<h4><span style=\"color: #000080;\"><em><strong><br \/>\nPl\u00e1ticas subsecuentes:<br \/>\n-Me dijo que nunca lo hab\u00eda platicado antes con nadie.<\/strong><\/em><\/span><br \/>\n<span style=\"color: #000080;\"> <em><strong>El tiempo que ella vivi\u00f3 en esa casa la trataron bien, \u00e9l la respet\u00f3 hasta que un d\u00eda su t\u00eda indag\u00f3 donde estaba y se present\u00f3 en la casa. <\/strong><\/em><em><strong>La t\u00eda lleg\u00f3 con la polic\u00eda y dijo que \u00e9l se la hab\u00eda robado y lo iba a meter a la carcel.<\/strong><\/em><\/span><\/h4>\n<h4><span style=\"color: #000080;\"><em><strong>Ellos explicaron en que estado la hab\u00edan encontrado y que \u00e9l la hab\u00eda respetado.<\/strong><\/em><\/span><br \/>\n<span style=\"color: #000080;\"> <em><strong> Pues la t\u00eda dijo que solamente si \u00e9l se casaba con ella no lo meter\u00edan a la c\u00e1rcel, y en eso quedaron. <\/strong><\/em><em><strong>El ten\u00eda 10 a\u00f1os m\u00e1s que ella y aunque se casaron \u00e9l la sigui\u00f3 respetando hasta que cumpli\u00f3 18 a\u00f1os.<\/strong><\/em><\/span><\/h4>\n<h4><span style=\"color: #000080;\"><em><strong>Despu\u00e9s de cumplir esa edad hicieron vida marital y de ah\u00ed nacieron 3 hijos varones.<\/strong><\/em><\/span><br \/>\n<span style=\"color: #000080;\"> <em><strong> Que ten\u00edan 9, 7 y 5 a\u00f1os. <\/strong><\/em><em><strong>Le pregunt\u00e9 de su ni\u00f1o adoptado y me coment\u00f3 que la mam\u00e1 del ni\u00f1o no lo quer\u00eda y lo ech\u00f3 de la casa, el ni\u00f1o tendr\u00eda 8 a\u00f1os cuando ella lo recibi\u00f3 en su casa.<\/strong><\/em><\/span><\/h4>\n<h3 style=\"text-align: center;\"><span style=\"color: #000080;\"><em><strong>-Me dec\u00eda que se sent\u00eda bien platicando conmigo-<\/strong><\/em><\/span><\/h3>\n<h4><span style=\"color: #000080;\"><em><strong>Le dije que porqu\u00e9 ten\u00eda que trabajar, que si su esposo no trabajaba y me contest\u00f3 que ahora \u00e9l casi no trabajaba, que tomaba mucho, que la maltrataba y ofend\u00eda delante de los ni\u00f1os.<\/strong><\/em><\/span><\/h4>\n<h3 style=\"text-align: center;\"><span style=\"color: #000080;\"><em><strong>-Cada vez que platic\u00e1bamos yo<br \/>\nle demostraba comprensi\u00f3n, le tomaba su mano.<br \/>\n-Ella se sent\u00eda comprendida -No juzgada -Escuchada -Ayudada-<br \/>\n-Pero sobre todo, que alguien la quer\u00eda-<\/strong><\/em><\/span><\/h3>\n<h4><span style=\"color: #000080;\"><em><strong>Habl\u00e1bamos de c\u00f3mo era necesario hablar y qu\u00e9 pod\u00edamos corregir. <\/strong><\/em><em><strong>Se llevaba alguna lectura que yo le proporcionaba y que le ayudar\u00eda. <\/strong><\/em><em><strong>Se aficion\u00f3 a la lectura y despu\u00e9s le regal\u00e9 una Biblia, pues antes nunca nadie le hab\u00eda hablado de Dios.<\/strong><\/em> <em><strong>Le dije que Dios la quer\u00eda y que platicara con El.<\/strong><\/em><\/span><\/h4>\n<h4><span style=\"color: #000080;\"><em><strong>Dijo que un d\u00eda lleg\u00f3 a su casa un se\u00f1or que ven\u00eda de parte de su abuelito muerto, y que en un testamento que dej\u00f3, le hab\u00eda heredado un dinero.<\/strong><\/em><\/span><\/h4>\n<h4><span style=\"color: #000080;\"><em><strong>Ella recibi\u00f3 el dinero y compr\u00f3 un terreno donde fue construyendo cuarto por cuarto hasta que fue habitable y que en el jard\u00edn hab\u00eda plantado flores y \u00e1rboles frutales.<\/strong><\/em><\/span><br \/>\n<span style=\"color: #000080;\"> <em><strong>En eso invirti\u00f3 todo el dinero. <\/strong><\/em><\/span><span style=\"color: #000080;\"><em><strong>Esa era su actual casa.<\/strong><\/em><\/span><\/h4>\n<h4><span style=\"color: #000080;\"><em><strong>Su esposo le dijo que como ella ya ten\u00eda dinero, \u00e9l no trabajar\u00eda m\u00e1s.<\/strong><\/em><\/span><br \/>\n<span style=\"color: #000080;\"> <em><strong> Por eso ella trabajaba, para poder dar de comer a sus hijos y pagar todos sus gastos.<\/strong><\/em><\/span><\/h4>\n<h3 style=\"text-align: center;\"><span style=\"color: #000080;\"><em><strong>Esta relaci\u00f3n entre ella y yo dur\u00f3 8 a\u00f1os.<\/strong><\/em><\/span><br \/>\n<span style=\"color: #000080;\"> <em><strong>Cuando se fue la vi m\u00e1s segura, ya levantaba la cara, y cuando sonre\u00eda se le ve\u00eda un marco de metal dorado en un diente.<\/strong><\/em><\/span><\/h3>\n<h3 style=\"text-align: center;\"><span style=\"color: #000080;\"><em><strong>En ocasiones hablamos por tel\u00e9fono y me cuenta como est\u00e1,<br \/>\ncomo est\u00e1n sus hijos y como est\u00e1 su vida ahora.<\/strong><\/em><\/span><\/h3>\n<\/blockquote>\n","protected":false},"excerpt":{"rendered":"<p>Lleg\u00f3 por la ma\u00f1ana, solicitaba empleo. Era alta, blanca con pelo casta\u00f1o claro, lleg\u00f3 por el anuncio fuera de mi casa, sal\u00ed y la salud\u00e9, ella casi no alzaba la cabeza s\u00f3lo los ojos me miraron y me dijo que ven\u00eda por el anuncio (solicito muchacha), le ped\u00ed cartas de recomendaci\u00f3n y me las mostr\u00f3. [&hellip;]<\/p>\n","protected":false},"author":2,"featured_media":0,"parent":0,"menu_order":0,"comment_status":"open","ping_status":"closed","template":"","meta":[],"_links":{"self":[{"href":"https:\/\/www.ceadin.org\/b\/wp-json\/wp\/v2\/pages\/89"}],"collection":[{"href":"https:\/\/www.ceadin.org\/b\/wp-json\/wp\/v2\/pages"}],"about":[{"href":"https:\/\/www.ceadin.org\/b\/wp-json\/wp\/v2\/types\/page"}],"author":[{"embeddable":true,"href":"https:\/\/www.ceadin.org\/b\/wp-json\/wp\/v2\/users\/2"}],"replies":[{"embeddable":true,"href":"https:\/\/www.ceadin.org\/b\/wp-json\/wp\/v2\/comments?post=89"}],"version-history":[{"count":0,"href":"https:\/\/www.ceadin.org\/b\/wp-json\/wp\/v2\/pages\/89\/revisions"}],"wp:attachment":[{"href":"https:\/\/www.ceadin.org\/b\/wp-json\/wp\/v2\/media?parent=89"}],"curies":[{"name":"wp","href":"https:\/\/api.w.org\/{rel}","templated":true}]}}