{"id":867,"date":"2013-09-28T02:43:03","date_gmt":"2013-09-28T02:43:03","guid":{"rendered":"http:\/\/www.ceadin.org\/b\/"},"modified":"2023-09-11T23:11:26","modified_gmt":"2023-09-11T23:11:26","slug":"neurosis","status":"publish","type":"page","link":"https:\/\/www.ceadin.org\/b\/neurosis\/","title":{"rendered":"Neurosis"},"content":{"rendered":"<blockquote>\n<blockquote>\n<h3 style=\"text-align: center;\"><span style=\"color: #008080;\"><em><strong>\u2014 Mascaras de la Depresi\u00f3n \u2014<br \/>\n<\/strong><\/em><\/span><\/h3>\n<h3 style=\"text-align: center;\"><span style=\"color: #0000ff;\"><em><strong><span style=\"color: #d15021;\">\u2014 Neurosis \u2014<a href=\"http:\/\/www.ceadin.org\/b\/wp-content\/uploads\/2023\/09\/michellejader_4242334_large.jpg\"><img decoding=\"async\" loading=\"lazy\" class=\"alignright size-full wp-image-7420\" src=\"http:\/\/www.ceadin.org\/b\/wp-content\/uploads\/2023\/09\/michellejader_4242334_large.jpg\" alt=\"\" width=\"776\" height=\"1000\" srcset=\"https:\/\/www.ceadin.org\/b\/wp-content\/uploads\/2023\/09\/michellejader_4242334_large.jpg 776w, https:\/\/www.ceadin.org\/b\/wp-content\/uploads\/2023\/09\/michellejader_4242334_large-233x300.jpg 233w, https:\/\/www.ceadin.org\/b\/wp-content\/uploads\/2023\/09\/michellejader_4242334_large-768x990.jpg 768w, https:\/\/www.ceadin.org\/b\/wp-content\/uploads\/2023\/09\/michellejader_4242334_large-619x798.jpg 619w\" sizes=\"(max-width: 776px) 100vw, 776px\" \/><\/a><\/span><br \/>\n<\/strong><\/em><\/span><\/h3>\n<h3 style=\"text-align: center;\"><span style=\"color: #d15021;\"><em><strong>\u00bfUna mascara para ocultar la depresi\u00f3n?<\/strong><\/em><\/span><\/h3>\n<h3 style=\"text-align: left;\"><span style=\"color: #d15021;\"><em><strong>\u00a0<\/strong><\/em><\/span><em><strong><span style=\"color: #d15021;\">Neurosis<\/span><span style=\"color: #008000;\"><span style=\"color: #d15021;\">: <\/span><span style=\"color: #008080;\"><br \/>\nLa persona se vuelve agresiva e intolerante al no reconocer que padece una depresi\u00f3n, su parte interna no comprende lo que le pasa y se enoja y vuelca su enojo fuera de s\u00ed y lo descarga contra los dem\u00e1s, volvi\u00e9ndose una persona que tiene arranques de furia incontrolable, se vuelven golpeadores con su familia y agresivos con las personas con qui\u00e9n se topan por la vida.<\/span><\/span><\/strong><\/em><\/h3>\n<h3 style=\"text-align: left;\"><span style=\"color: #008080;\"><em><strong>La depresi\u00f3n neur\u00f3tica generalmente tiene sus inicios en la reacci\u00f3n a una p\u00e9rdida o fracaso de cualquier tipo. Cualquier acontecimiento que hunda o afecte profundamente a una persona, como problemas familiares, la muerte de un ser querido, la p\u00e9rdida del trabajo, o fracasos en los estudios, pueden ser la causa para este tipo de sufrimiento.<\/strong><\/em><\/span><\/h3>\n<h3 style=\"text-align: center;\"><span style=\"color: #0000ff;\"><em><strong><span style=\"color: #d15021;\">S\u00edntomas de la depresi\u00f3n neur\u00f3tica:<\/span><br \/>\n<span style=\"color: #008080;\">En la depresi\u00f3n neur\u00f3tica se presenta altamente la falta de autoestima, debido al conflicto interno ya sea real o imaginario que es causado por una experiencia precipitada.<\/span><\/strong><\/em><\/span><\/h3>\n<div class=\"notranslate transcript h-slideshow-transcript-bottom\">\n<h3 class=\"notranslate transcript h-slideshow-transcript-bottom\"><span style=\"color: #008080;\"><em><strong>La intensidad de \u00e9sta sube o baja de acuerdo a los acontecimientos y al ritmo de estados de \u00e1nimo y la tristeza diaria de la vida. Esta puede aumentar si existen ideas delirantes y prolongarse con falsas imaginaciones, m\u00e1s desmedida por problemas que no se basan en los disgustos presentados.<\/strong><\/em><\/span><\/h3>\n<\/div>\n<div class=\"notranslate transcript h-slideshow-transcript-bottom\">\n<h3 style=\"text-align: center;\"><span style=\"color: #008080;\"><em><strong><span style=\"color: #d15021;\">La persona, por lo general\u00a0 le echa la culpa al destino o a la suerte del entorno de las personas con las que lo rodean.<\/span> <\/strong><\/em><\/span><\/h3>\n<h3><span style=\"color: #008080;\"><em><strong>Estas caracter\u00edsticas pueden provocar tener extremada responsabilidad, un nivel elevado de auto exigencia, la preocupaci\u00f3n desmedida por el orden, el perfeccionismo, el temor a la posibilidad de cometer errores o equivocarse en tareas del trabajo o los estudios, la necesidad de tenerlo todo controlado y miedo extremo al fracaso.<\/strong><\/em><\/span><\/h3>\n<\/div>\n<div class=\"notranslate transcript h-slideshow-transcript-bottom\">\n<h3 style=\"text-align: center;\"><span style=\"color: #d15021;\"><em><strong>Causas de la depresi\u00f3n neur\u00f3tica:<a href=\"http:\/\/www.ceadin.org\/b\/wp-content\/uploads\/2023\/09\/jader-embracingcurrentsmichah48x36copy.webp\"><img decoding=\"async\" loading=\"lazy\" class=\"alignright size-full wp-image-7421\" src=\"http:\/\/www.ceadin.org\/b\/wp-content\/uploads\/2023\/09\/jader-embracingcurrentsmichah48x36copy.webp\" alt=\"\" width=\"1554\" height=\"2048\" srcset=\"https:\/\/www.ceadin.org\/b\/wp-content\/uploads\/2023\/09\/jader-embracingcurrentsmichah48x36copy.webp 1554w, https:\/\/www.ceadin.org\/b\/wp-content\/uploads\/2023\/09\/jader-embracingcurrentsmichah48x36copy-228x300.webp 228w, https:\/\/www.ceadin.org\/b\/wp-content\/uploads\/2023\/09\/jader-embracingcurrentsmichah48x36copy-777x1024.webp 777w, https:\/\/www.ceadin.org\/b\/wp-content\/uploads\/2023\/09\/jader-embracingcurrentsmichah48x36copy-768x1012.webp 768w, https:\/\/www.ceadin.org\/b\/wp-content\/uploads\/2023\/09\/jader-embracingcurrentsmichah48x36copy-1166x1536.webp 1166w, https:\/\/www.ceadin.org\/b\/wp-content\/uploads\/2023\/09\/jader-embracingcurrentsmichah48x36copy-619x816.webp 619w\" sizes=\"(max-width: 1554px) 100vw, 1554px\" \/><\/a><\/strong><\/em><\/span><\/h3>\n<\/div>\n<div class=\"notranslate transcript h-slideshow-transcript-bottom\">\n<h3><span style=\"color: #008080;\"><em><strong>Puede presentarse la depresi\u00f3n neur\u00f3tica por la desmedida desaprobaci\u00f3n en su infancia o que sus padres no le hayan aceptado como era o que haya sido rega\u00f1ado todo el tiempo, lamentablemente este tipo de personas dif\u00edcilmente llegan a ser un adulto con buena imagen de si mismo y con una buena autoestima.<\/strong><\/em><\/span><\/h3>\n<\/div>\n<div class=\"notranslate transcript h-slideshow-transcript-bottom\">\n<h3><span style=\"color: #008080;\"><em><strong>Cuando una persona padece depresi\u00f3n neur\u00f3tica se ve as\u00ed mismo como lo peor del mundo, no puede dejar de compararse con los dem\u00e1s, se siente incompetente en todo tipo de actividad y tambi\u00e9n se siente poco querido. <\/strong><\/em><\/span><\/h3>\n<h3><span style=\"color: #008080;\"><em><strong>Por lo general en el trabajo, los estudios o la vida social, los hace m\u00e1s pesimistas y ver s\u00f3lo la parte negativa de la vida, una caracter\u00edstica general de la personalidad que predispone a la persona a padecer de una depresi\u00f3n neur\u00f3tica.<\/strong><\/em><\/span><\/h3>\n<\/div>\n<h3><span style=\"color: #008080;\"><em><strong>Y si de pronto le empieza a ir bien no se da cr\u00e9dito a s\u00ed mismo, sino a alguien m\u00e1s, o lo interpreta como cuesti\u00f3n de suerte y si fracasa se hecha toda la culpa as\u00ed mismo, as\u00ed las cosas no hayan estado bajo su mando o poder.<\/strong><\/em><\/span><\/h3>\n<\/blockquote>\n<h3><span style=\"color: #d15021;\"><em><strong>Busca Ayuda:<\/strong><\/em><\/span><\/h3>\n<div class=\"elementor-element elementor-element-76245f6 elementor-widget elementor-widget-heading animated fadeInDown is-mac\" data-id=\"76245f6\" data-element_type=\"widget\" data-settings=\"{}\" data-widget_type=\"heading.default\">\n<div class=\"elementor-widget-container\">\n<h4 class=\"elementor-heading-title elementor-size-default\"><span style=\"text-decoration: underline; color: #d15021;\"><a style=\"color: #d15021;\" href=\"https:\/\/neuroticos-anonimos.org.mx\/\"><em><strong>NEUR\u00d3TICOS AN\u00d3NIMOS, A.C.<\/strong><\/em><\/a><\/span><br \/>\n<span style=\"color: #008080;\"><em>Somos una Asociaci\u00f3n formada por hombres y mujeres que comparten entre s\u00ed su experiencia, fortaleza y esperanza para rehabilitarse de las dolencias mentales y emocionales.<\/em><\/span><\/h4>\n<p><span style=\"color: #008080;\">&#8211; &#8211; &#8211;<\/span><\/p>\n<h3><span style=\"text-decoration: underline; color: #d15021;\"><a style=\"color: #d15021;\" href=\"https:\/\/www.neuroticosanonimosbv.org.mx\/sitio\/\"><em><strong><span style=\"color: #d15021; text-decoration: underline;\">Neur\u00f3tico<\/span>s an\u00f3nimos, movimiento buena voluntad 24 horas<\/strong><\/em><\/a><\/span><\/h3>\n<table class=\"bvcelda1\" width=\"100%\">\n<tbody>\n<tr>\n<td class=\"bvt1 bvcelda1\" colspan=\"2\"><span style=\"color: #d15021;\">Testimonios<\/span><\/td>\n<\/tr>\n<tr>\n<td class=\"bvt2 bvcelda2\" colspan=\"2\"><span style=\"color: #d15021;\">EXPERIENCIAS VIVIDAS Y SUPERADAS<\/span><\/td>\n<\/tr>\n<tr>\n<td class=\"bvt3 bvcelda2\"><span style=\"color: #d15021;\">Miedo<\/span><\/td>\n<td class=\"bvt4 bvcelda2\"><span style=\"color: #008080;\">Miedos incontrolables, man\u00edas inexplicables y supersticiones<\/span><\/td>\n<\/tr>\n<tr>\n<td class=\"bvt3 bvcelda2\"><span style=\"color: #d15021;\">Angustia<\/span><\/td>\n<td class=\"bvt4 bvcelda2\"><span style=\"color: #008080;\">Cuando el encontrar pareja se convierte en una obsesi\u00f3n y frustraci\u00f3n<\/span><\/td>\n<\/tr>\n<tr>\n<td class=\"bvt3 bvcelda2\"><span style=\"color: #d15021;\">Celos<\/span><\/td>\n<td class=\"bvt4 bvcelda2\"><span style=\"color: #008080;\">El infierno de los celos, las personas que los padecen y los que lo rodean<\/span><\/td>\n<\/tr>\n<tr>\n<td class=\"bvt3 bvcelda2\"><span style=\"color: #d15021;\">Gula<\/span><\/td>\n<td class=\"bvt4 bvcelda2\"><span style=\"color: #008080;\">Cuando la satisfacci\u00f3n del hambre se lleva hasta las \u00faltimas consecuencias<\/span><\/td>\n<\/tr>\n<tr>\n<td class=\"bvt3 bvcelda2\"><span style=\"color: #d15021;\">Depresi\u00f3n<\/span><\/td>\n<td class=\"bvt4 bvcelda2\"><span style=\"color: #008080;\">\u00bfCansancio real o p\u00e9rdida de la ambici\u00f3n en la vida por todas las cosas?<\/span><\/td>\n<\/tr>\n<tr>\n<td class=\"bvt3 bvcelda2\"><span style=\"color: #d15021;\">Soledad<\/span><\/td>\n<td class=\"bvt4 bvcelda2\"><span style=\"color: #008080;\">La sana autoestima y su m\u00e1xima distorsi\u00f3n como barrera para relacionarse<\/span><\/td>\n<\/tr>\n<tr>\n<td class=\"bvt3 bvcelda2\"><span style=\"color: #d15021;\">Suicidio<\/span><\/td>\n<td class=\"bvt4 bvcelda2\"><span style=\"color: #008080;\">El suicidio, \u00faltimo grado del mal car\u00e1cter (una forma de llamar la atenci\u00f3n)<\/span><\/td>\n<\/tr>\n<tr>\n<td class=\"bvt3 bvcelda2\"><span style=\"color: #d15021;\">Tristeza<\/span><\/td>\n<td class=\"bvt4 bvcelda2\"><span style=\"color: #008080;\">La incapacidad de disfrutar las pertenencias por observar las ajenas<\/span><\/td>\n<\/tr>\n<\/tbody>\n<\/table>\n<\/div>\n<\/div>\n<\/blockquote>\n","protected":false},"excerpt":{"rendered":"<p>\u2014 Mascaras de la Depresi\u00f3n \u2014 \u2014 Neurosis \u2014 \u00bfUna mascara para ocultar la depresi\u00f3n? \u00a0Neurosis: La persona se vuelve agresiva e intolerante al no reconocer que padece una depresi\u00f3n, su parte interna no comprende lo que le pasa y se enoja y vuelca su enojo fuera de s\u00ed y lo descarga contra los dem\u00e1s, [&hellip;]<\/p>\n","protected":false},"author":2,"featured_media":0,"parent":0,"menu_order":25,"comment_status":"open","ping_status":"closed","template":"","meta":[],"_links":{"self":[{"href":"https:\/\/www.ceadin.org\/b\/wp-json\/wp\/v2\/pages\/867"}],"collection":[{"href":"https:\/\/www.ceadin.org\/b\/wp-json\/wp\/v2\/pages"}],"about":[{"href":"https:\/\/www.ceadin.org\/b\/wp-json\/wp\/v2\/types\/page"}],"author":[{"embeddable":true,"href":"https:\/\/www.ceadin.org\/b\/wp-json\/wp\/v2\/users\/2"}],"replies":[{"embeddable":true,"href":"https:\/\/www.ceadin.org\/b\/wp-json\/wp\/v2\/comments?post=867"}],"version-history":[{"count":0,"href":"https:\/\/www.ceadin.org\/b\/wp-json\/wp\/v2\/pages\/867\/revisions"}],"wp:attachment":[{"href":"https:\/\/www.ceadin.org\/b\/wp-json\/wp\/v2\/media?parent=867"}],"curies":[{"name":"wp","href":"https:\/\/api.w.org\/{rel}","templated":true}]}}