{"id":844,"date":"2013-09-13T05:24:45","date_gmt":"2013-09-13T05:24:45","guid":{"rendered":"http:\/\/www.ceadin.org\/b\/"},"modified":"2023-05-24T18:24:39","modified_gmt":"2023-05-24T18:24:39","slug":"vincent-van-gogh","status":"publish","type":"page","link":"https:\/\/www.ceadin.org\/b\/vincent-van-gogh\/","title":{"rendered":"Vincent Van Gogh"},"content":{"rendered":"<blockquote>\n<h3 style=\"text-align: center;\"><em><strong><span style=\"color: #800080;\"><br \/>\nFAMOSOS EN DEPRESI\u00d3N: VINCENT VAN GOGH<\/span><a href=\"http:\/\/www.ceadin.org\/b\/wp-content\/uploads\/2023\/05\/Vincent-Van-Gogh-Victor-Nizovtsev.jpg\"><img decoding=\"async\" loading=\"lazy\" class=\"alignright size-full wp-image-7287\" src=\"http:\/\/www.ceadin.org\/b\/wp-content\/uploads\/2023\/05\/Vincent-Van-Gogh-Victor-Nizovtsev.jpg\" alt=\"\" width=\"800\" height=\"597\" srcset=\"https:\/\/www.ceadin.org\/b\/wp-content\/uploads\/2023\/05\/Vincent-Van-Gogh-Victor-Nizovtsev.jpg 800w, https:\/\/www.ceadin.org\/b\/wp-content\/uploads\/2023\/05\/Vincent-Van-Gogh-Victor-Nizovtsev-300x224.jpg 300w, https:\/\/www.ceadin.org\/b\/wp-content\/uploads\/2023\/05\/Vincent-Van-Gogh-Victor-Nizovtsev-768x573.jpg 768w, https:\/\/www.ceadin.org\/b\/wp-content\/uploads\/2023\/05\/Vincent-Van-Gogh-Victor-Nizovtsev-619x462.jpg 619w\" sizes=\"(max-width: 800px) 100vw, 800px\" \/><\/a><br \/>\n<span style=\"color: #008000;\">Son muchos los casos de personajes hist\u00f3ricos que a pesar de padecer -depresi\u00f3n- fueron capaces de grandes logros<\/span><\/strong><\/em><\/h3>\n<h4 style=\"text-align: left;\"><em><em><strong><span style=\"color: #008000;\">Tanto es as\u00ed que el griego Arist\u00f3teles estaba convencido<\/span><br \/>\n<span style=\"color: #008000;\"> de que la mayor\u00eda de personajes relevantes ten\u00edan este problema.<\/span><br \/>\n<span style=\"color: #333399;\">\u00bfPor qu\u00e9 raz\u00f3n todos aquellos que han sido hombres excepcionales en lo que concierne<\/span><br \/>\n<span style=\"color: #333399;\"> a la filosof\u00eda, la ciencia del Estado, la poes\u00eda o las artes son manifiestamente melanc\u00f3licos?<\/span><\/strong><\/em><\/em><\/h4>\n<h3 style=\"text-align: center;\"><span style=\"color: #008000;\"><em><strong>Escrib\u00eda el fil\u00f3sofo en su obra -Problema XXX-<br \/>\n<\/strong><\/em><\/span><\/h3>\n<div style=\"text-align: center;\">\n<h3 style=\"text-align: left;\"><em><strong><span style=\"color: #008000;\">Este hecho tiene una explicaci\u00f3n cient\u00edfica.<\/span><br \/>\n<span style=\"color: #333399;\">Cuando alguien est\u00e1 deprimido tiende a encerrarse en s\u00ed mismo,<\/span><br \/>\n<span style=\"color: #333399;\"> y sufre trastornos de sue\u00f1o y apetito, asociados a esta enfermedad.<\/span><br \/>\n<span style=\"color: #333399;\"> Cualquier m\u00ednima mejor\u00eda provoca que el individuo se comporte de forma exaltada, y tambi\u00e9n que se entusiasme por nuevos proyectos.<\/span><\/strong><\/em><\/h3>\n<h3 style=\"text-align: left;\"><span style=\"color: #333399;\"><em><strong>Posiblemente han sido muchos m\u00e1s los personajes hist\u00f3ricos afectados de los que se conocen. El problema estriba en que pr\u00e1cticamente hasta hace unas d\u00e9cadas se conoc\u00eda bastante poco sobre este desorden, de forma que<br \/>\nmuchos de ellos murieron sin saber a-ciencia cierta que lo sufr\u00edan.<br \/>\n<\/strong><\/em><\/span><\/h3>\n<h3 style=\"text-align: left;\"><span style=\"color: #333399;\"><em><strong>Supone un excelente ejemplo de que se pueden realizar grandes obras<br \/>\npese a sufrir de -depresi\u00f3n- el caso del pintor holand\u00e9s Vincent Van Gogh,<br \/>\nque por esta causa fue ingresado en un hospital psiqui\u00e1trico.<\/strong><\/em><\/span><\/h3>\n<h3 style=\"text-align: center;\"><span style=\"color: #008000;\"><em><strong>Vincent Willem van Gogh<\/strong><\/em><\/span><\/h3>\n<h4 style=\"text-align: left;\"><span style=\"color: #008000;\"><em><strong>Pint\u00f3 900 cuadros (de ellos 27 autorretratos y 148 acuarelas) y 1.600 dibujos.<br \/>\nLa figura central en su vida fue su hermano menor Theo, quien continua y des-interesadamente le prest\u00f3 apoyo financiero.<\/strong><\/em><\/span><\/h4>\n<h4 style=\"text-align: left;\"><span style=\"color: #003366;\"><em><strong>La gran amistad entre ellos est\u00e1 documentada en las numerosas cartas que se intercambiaron desde agosto de 1872.<\/strong><\/em><\/span><\/h4>\n<h4 style=\"text-align: left;\"><span style=\"color: #003366;\"><em><strong>Para Theo fueron unas 650 de sus 800 cartas conservadas.<br \/>\nA pesar que desde muy joven tuvo inclinaci\u00f3n hacia el dibujo,<br \/>\nsu primer trabajo fue en una galer\u00eda de arte.<\/strong><\/em><\/span><\/h4>\n<h4 style=\"text-align: left;\"><span style=\"color: #003366;\"><em><strong>M\u00e1s tarde se convirti\u00f3 en pastor protestante y en 1879, a la edad de 26 a\u00f1os, se march\u00f3 como misionero a una regi\u00f3n minera de B\u00e9lgica, donde comenz\u00f3 a dibujar a la gente de la comunidad local.<\/strong><\/em><\/span><\/h4>\n<h4 style=\"text-align: left;\"><span style=\"color: #003366;\"><em><strong>En 1885 pint\u00f3 su primera gran obra -Los comedores de patatas-, en ese momento su paleta se compon\u00eda de tonos sombr\u00edos de tierra. <\/strong><\/em><\/span><\/h4>\n<h4 style=\"text-align: left;\"><span style=\"color: #003366;\"><em><strong>La luz de colores vivos por la que es conocido surgi\u00f3 en obras posteriores, cuando se traslad\u00f3 al sur de Francia consiguiendo su plenitud durante su estancia en Arl\u00e9s en 1888.<\/strong><\/em><\/span><\/h4>\n<h4 style=\"text-align: left;\"><span style=\"color: #003366;\"><em><strong>La calidad de su obra s\u00f3lo fue reconocida despu\u00e9s de su muerte consider\u00e1ndose uno de los grandes maestros de la pintura. Tuvo una gran influencia en el arte del siglo XX, especialmente entre los expresionistas alemanes y los fauvistas como Derain, Vlaminck y Kees Van Dongen.<\/strong><\/em><\/span><\/h4>\n<h3 style=\"text-align: left;\"><span style=\"color: #003366;\"><em><strong><span style=\"color: #008000;\">Sufri\u00f3 frecuentes brotes de una -enfermedad mental- <\/span><span style=\"color: #008000;\">(Depresi\u00f3n profunda) a lo largo de su vida. <\/span><span style=\"color: #008000;\">Por desgracia <\/span><span style=\"color: #008000;\">&#8211; El Loco del Pelo Rojo &#8211; <\/span><span style=\"color: #008000;\">empeor\u00f3 cada vez m\u00e1s, <\/span><span style=\"color: #008000;\">hasta el punto de que se suicid\u00f3 a los 37 a\u00f1os dispar\u00e1ndose en el pecho.<\/span><br \/>\n<\/strong><\/em><\/span><\/h3>\n<h3><span style=\"color: #003366;\"><em><strong><span style=\"color: #000080;\">&#8211; La tristeza durar\u00e1 para siempre &#8211;<\/span><br \/>\n<span style=\"color: #008000;\">fueron sus \u00faltimas palabras.!<\/span><\/strong><\/em><\/span><\/h3>\n<p style=\"text-align: left;\"><span style=\"color: #008000;\">Artista-Victor-Nizovtsev<\/span><\/p>\n<\/div>\n<\/blockquote>\n","protected":false},"excerpt":{"rendered":"<p>FAMOSOS EN DEPRESI\u00d3N: VINCENT VAN GOGH Son muchos los casos de personajes hist\u00f3ricos que a pesar de padecer -depresi\u00f3n- fueron capaces de grandes logros Tanto es as\u00ed que el griego Arist\u00f3teles estaba convencido de que la mayor\u00eda de personajes relevantes ten\u00edan este problema. \u00bfPor qu\u00e9 raz\u00f3n todos aquellos que han sido hombres excepcionales en lo [&hellip;]<\/p>\n","protected":false},"author":2,"featured_media":0,"parent":0,"menu_order":36,"comment_status":"open","ping_status":"closed","template":"","meta":[],"_links":{"self":[{"href":"https:\/\/www.ceadin.org\/b\/wp-json\/wp\/v2\/pages\/844"}],"collection":[{"href":"https:\/\/www.ceadin.org\/b\/wp-json\/wp\/v2\/pages"}],"about":[{"href":"https:\/\/www.ceadin.org\/b\/wp-json\/wp\/v2\/types\/page"}],"author":[{"embeddable":true,"href":"https:\/\/www.ceadin.org\/b\/wp-json\/wp\/v2\/users\/2"}],"replies":[{"embeddable":true,"href":"https:\/\/www.ceadin.org\/b\/wp-json\/wp\/v2\/comments?post=844"}],"version-history":[{"count":0,"href":"https:\/\/www.ceadin.org\/b\/wp-json\/wp\/v2\/pages\/844\/revisions"}],"wp:attachment":[{"href":"https:\/\/www.ceadin.org\/b\/wp-json\/wp\/v2\/media?parent=844"}],"curies":[{"name":"wp","href":"https:\/\/api.w.org\/{rel}","templated":true}]}}