{"id":78,"date":"2010-05-31T21:32:15","date_gmt":"2010-05-31T21:32:15","guid":{"rendered":"http:\/\/www.ceadin.org\/wordpress\/?page_id=78"},"modified":"2022-11-20T23:01:09","modified_gmt":"2022-11-20T23:01:09","slug":"bibliografia","status":"publish","type":"page","link":"https:\/\/www.ceadin.org\/b\/bibliografia\/","title":{"rendered":"Bibliograf\u00eda"},"content":{"rendered":"<blockquote><p>&nbsp;<\/p>\n<blockquote>\n<blockquote>\n<blockquote>\n<h4><strong><span style=\"color: #993366;\"><span style=\"color: #ba38cf;\">Anatom\u00eda del Esp\u00edritu<\/span><br \/>\n<span style=\"color: #808000;\">Carolina Myss<\/span><br \/>\n<span style=\"color: #808000;\">(Relaci\u00f3n Mente-Cuerpo y Curaci\u00f3n)<\/span><\/span><span style=\"color: #993366;\"><br \/>\n<\/span><\/strong><\/h4>\n<h4><strong><span style=\"color: #993366;\"><br \/>\n<span style=\"color: #ba38cf;\">Ante la Depresi\u00f3n<\/span><br \/>\n<span style=\"color: #808000;\">Dr. Juan Antonio Vallejo-N\u00e1gera<\/span><br \/>\n<span style=\"color: #808000;\">(M\u00e9dico Psiquiatra)<\/span><br \/>\n<\/span><\/strong><\/h4>\n<h4><strong><span style=\"color: #993366;\"><br \/>\n<span style=\"color: #ba38cf;\">A trav\u00e9s de los ojos de la f\u00e9<\/span><br \/>\n<span style=\"color: #808000;\">John Powell S. J.<\/span><br \/>\n<span style=\"color: #808000;\">(Religioso-Espiritual)<\/span><br \/>\n<\/span><\/strong><\/h4>\n<h4><strong><span style=\"color: #993366;\"><br \/>\n<span style=\"color: #ba38cf;\">Aqu\u00ed, Ahora 2000 a\u00f1os despu\u00e9s<\/span><br \/>\n<span style=\"color: #808000;\">P. Francisco Serra Estell\u00e9s<\/span><br \/>\n<span style=\"color: #808000;\">(Cristolog\u00eda)<\/span><br \/>\n<span style=\"color: #808000;\">(3 Tomos)<\/span><br \/>\n<\/span><\/strong><\/h4>\n<h4><strong><span style=\"color: #993366;\"><br \/>\n<span style=\"color: #ba38cf;\">Auto liberaci\u00f3n interior<\/span><br \/>\n<span style=\"color: #808000;\">Anthony de Mello<\/span><br \/>\n<span style=\"color: #808000;\">(Toma de Conciencia)<\/span><br \/>\n<\/span><\/strong><\/h4>\n<h4><strong><span style=\"color: #993366;\"><br \/>\n<span style=\"color: #ba38cf;\">BUDA VIVIENTE-CRISTO VIVIENTE<\/span><br \/>\n<span style=\"color: #808000;\">Thich Nhat Hanh<\/span><br \/>\n<span style=\"color: #808000;\">(An\u00e1lisis de las similitudes de ambos)<\/span><br \/>\n<\/span><\/strong><\/h4>\n<h4><strong><span style=\"color: #993366;\"><br \/>\n<span style=\"color: #ba38cf;\">Comprenda sus estados de \u00e1nimo<\/span><br \/>\n<span style=\"color: #808000;\">Dr. Melvyn Zinder<\/span><br \/>\n<span style=\"color: #808000;\">(Auto-conocimiento)<\/span><br \/>\n<\/span><\/strong><\/h4>\n<h4><strong><span style=\"color: #993366;\"><br \/>\n<span style=\"color: #ba38cf;\">Crecer en el amor<\/span><br \/>\n<span style=\"color: #808000;\">FAME<\/span><br \/>\n<span style=\"color: #808000;\">(Familias Mexicanas)<\/span><br \/>\n<\/span><\/strong><\/h4>\n<h4><strong><span style=\"color: #993366;\"><br \/>\n<span style=\"color: #ba38cf;\">Cuando amar duele<\/span><br \/>\n<span style=\"color: #808000;\">V\u00edctor Manuel Fern\u00e1ndez<\/span><br \/>\n<span style=\"color: #808000;\">(Psicol\u00f3gico)<\/span><br \/>\n<\/span><\/strong><\/h4>\n<h4><strong><span style=\"color: #993366;\"><br \/>\n<span style=\"color: #ba38cf;\">Dejadme Ser Hombre Libre<\/span><br \/>\n<span style=\"color: #808000;\">P. Francisco Serra Estell\u00e9s<\/span><br \/>\n<span style=\"color: #808000;\">(Filos\u00f3fico)<\/span><br \/>\n<\/span><\/strong><\/h4>\n<h4><strong><span style=\"color: #993366;\"><br \/>\n<span style=\"color: #ba38cf;\">Del Sufrimiento a la Paz<\/span><br \/>\n<span style=\"color: #808000;\">P. Ignacio Larra\u00f1aga<\/span><br \/>\n<span style=\"color: #808000;\">(Psico-Espiritual)<\/span><br \/>\n<\/span><\/strong><\/h4>\n<h4><strong><span style=\"color: #993366;\"><br \/>\n<span style=\"color: #ba38cf;\">Diez secretos para el \u00e9xito y la paz interior<\/span><br \/>\n<span style=\"color: #808000;\">Dr. Wayne Dyer<\/span><br \/>\n<span style=\"color: #808000;\">(Pedag\u00f3gico)<\/span><br \/>\n<\/span><\/strong><\/h4>\n<h4><strong><span style=\"color: #993366;\"><br \/>\n<span style=\"color: #ba38cf;\">El Arte de Amar<\/span><br \/>\n<span style=\"color: #808000;\">Dr. Erick Fromm<\/span><br \/>\n<span style=\"color: #808000;\">(Toma de Conciencia)<\/span><br \/>\n<\/span><\/strong><\/h4>\n<h4><strong><span style=\"color: #993366;\"><br \/>\n<span style=\"color: #ba38cf;\">El Arte de vivir en el Nuevo Milenio<\/span><br \/>\n<span style=\"color: #808000;\">Dalai Lama<\/span><br \/>\n<span style=\"color: #808000;\">(Filosof\u00eda de Vida)<\/span><br \/>\n<\/span><\/strong><\/h4>\n<h4><strong><span style=\"color: #993366;\"><br \/>\n<span style=\"color: #ba38cf;\">El Autoconocimiento<\/span><br \/>\n<span style=\"color: #808000;\">Anthony de Mello<\/span><br \/>\n<span style=\"color: #808000;\">(Desarrollo Humano)<\/span><br \/>\n<\/span><\/strong><\/h4>\n<h4><strong><span style=\"color: #993366;\"><br \/>\n<span style=\"color: #ba38cf;\">El Camino de la Vida<\/span><br \/>\n<span style=\"color: #808000;\">Lobsang Rampa<\/span><br \/>\n<span style=\"color: #808000;\">(Espiritual-M\u00edstico)<\/span><br \/>\n<\/span><\/strong><\/h4>\n<h4><strong><span style=\"color: #993366;\"><br \/>\n<span style=\"color: #ba38cf;\">El C\u00e1ncer cura el Alma<\/span><br \/>\n<span style=\"color: #808000;\">Rosario Rivera Corrales<\/span><br \/>\n<span style=\"color: #808000;\">(Tanatolog\u00eda)<\/span><br \/>\n<\/span><\/strong><\/h4>\n<h4><strong><span style=\"color: #993366;\"><br \/>\n<span style=\"color: #ba38cf;\">El cultivo de la atenci\u00f3n plena<\/span><br \/>\n<span style=\"color: #808000;\">La pr\u00e1ctica de la meditaci\u00f3n Vipassana<\/span><br \/>\n<\/span><\/strong><\/h4>\n<h4><strong><span style=\"color: #993366;\"><br \/>\n<span style=\"color: #ba38cf;\">El Diamante en tu Bolsillo<\/span><br \/>\n<span style=\"color: #808000;\">Gangaji<\/span><br \/>\n<span style=\"color: #808000;\">(Identificar lo falso de lo verdadero)<\/span><\/span><\/strong><\/h4>\n<h4><strong><span style=\"color: #993366;\"><br \/>\n<span style=\"color: #ba38cf;\">Henepola Gunaratana Nayaka Thera<\/span><br \/>\n<span style=\"color: #808000;\">(Meditaci\u00f3n)<\/span><\/span><\/strong><\/h4>\n<h4><strong><span style=\"color: #993366;\"><br \/>\n<span style=\"color: #ba38cf;\">El Eterno Presente<\/span><br \/>\n<span style=\"color: #808000;\">Paul Tillich<\/span><br \/>\n<span style=\"color: #808000;\">(Toma de Conciencia-Espiritual)<\/span><br \/>\n<\/span><\/strong><\/h4>\n<h4><strong><span style=\"color: #993366;\"><br \/>\n<span style=\"color: #ba38cf;\">El Fuego Interno<\/span><br \/>\n<span style=\"color: #808000;\">Carlos Castaneda<\/span><br \/>\n<span style=\"color: #808000;\">(Filosof\u00eda de Chamanes)<\/span><br \/>\n<\/span><\/strong><\/h4>\n<h4><strong><span style=\"color: #993366;\"><br \/>\n<span style=\"color: #ba38cf;\">El Fundador del Cristianismo<\/span><br \/>\n<span style=\"color: #808000;\">C.H. Dodd<\/span><br \/>\n<span style=\"color: #808000;\">(Exeg\u00e9tica)<\/span><br \/>\n<\/span><\/strong><\/h4>\n<h4><strong><span style=\"color: #993366;\"><br \/>\n<span style=\"color: #ba38cf;\">El Hombre en busca de Sentido<\/span><br \/>\n<span style=\"color: #808000;\">Dr. V\u00edktor E. Frankl<\/span><br \/>\n<span style=\"color: #808000;\">(Logoterapia)<\/span><\/span><\/strong><\/h4>\n<h4><span style=\"color: #993366;\"><strong><strong><br \/>\n<span style=\"color: #ba38cf;\">El libro Tibetano de la Vida y de la Muerte<\/span><br \/>\n<span style=\"color: #808000;\">Sogyal Rimpoch\u00e9 <\/span><\/strong><\/strong><\/span><br \/>\n<span style=\"color: #993366;\"> <strong><strong><span style=\"color: #808000;\">(Testimonio de la filosof\u00eda Budista en Occidente)<\/span> <\/strong><\/strong><\/span><\/h4>\n<h4><span style=\"color: #993366;\"><strong><strong><strong><br \/>\n<span style=\"color: #ba38cf;\">El Loco<\/span><\/strong><br \/>\n<span style=\"color: #808000;\">Gibran Jalil Gibran<\/span><br \/>\n<span style=\"color: #808000;\">(Relatos-Filosof\u00eda)<\/span><strong><br \/>\n<\/strong><\/strong><\/strong><\/span><\/h4>\n<h4><span style=\"color: #993366;\"><strong><strong><strong><br \/>\n<span style=\"color: #ba38cf;\">El Miedo a ser Yo Mismo<\/span><\/strong><br \/>\n<span style=\"color: #808000;\">Horacio Jaramillo Loya<\/span><br \/>\n<span style=\"color: #808000;\">(Tratado Emocional)<\/span><strong><br \/>\n<\/strong><\/strong><\/strong><\/span><\/h4>\n<h4><span style=\"color: #993366;\"><strong><strong><strong><br \/>\n<span style=\"color: #ba38cf;\">El Poder de la Intenci\u00f3n<\/span><\/strong><br \/>\n<span style=\"color: #808000;\">Dr. Wayne W. Dyer<\/span><br \/>\n<span style=\"color: #808000;\">(Metaf\u00edsica)<\/span><strong><br \/>\n<\/strong><\/strong><\/strong><\/span><\/h4>\n<h4><span style=\"color: #993366;\"><strong><strong><strong><br \/>\n<span style=\"color: #ba38cf;\">El Poder del Ahora<\/span><\/strong><br \/>\n<span style=\"color: #808000;\">Eckhart Tolle<\/span><br \/>\n<span style=\"color: #808000;\">(Psico-Espiritual)<\/span><br \/>\n<\/strong><\/strong><\/span><\/h4>\n<h4><span style=\"color: #993366;\"><strong><strong><strong><br \/>\n<span style=\"color: #ba38cf;\">El Poder total de la mente<\/span><\/strong><br \/>\n<span style=\"color: #808000;\">Dr. Donald L. Wilson<\/span><br \/>\n<span style=\"color: #808000;\">(Metaf\u00edsica)<\/span><strong><br \/>\n<\/strong><\/strong><\/strong><\/span><\/h4>\n<h4><span style=\"color: #993366;\"><strong><strong><strong><br \/>\n<span style=\"color: #ba38cf;\">El Precio de la Vida: <\/span><\/strong><span style=\"color: #ba38cf;\">\u00abLas Perdidas Necesarias\u00bb<\/span><br \/>\n<span style=\"color: #808000;\">Dra. Judith Viorst<\/span><br \/>\n<span style=\"color: #808000;\">(Tanatolog\u00eda)<\/span><br \/>\n<\/strong><\/strong><\/span><\/h4>\n<h4><span style=\"color: #993366;\"><strong><strong><strong><br \/>\n<span style=\"color: #ba38cf;\">El Respeto hacia uno mismo<\/span><\/strong><br \/>\n<span style=\"color: #808000;\">N. Branden<\/span><br \/>\n<span style=\"color: #808000;\">(Desarrollo Humano-Auto Estima)<\/span><strong><br \/>\n<\/strong><\/strong><\/strong><\/span><\/h4>\n<h4><span style=\"color: #993366;\"><strong><strong><strong><br \/>\n<span style=\"color: #ba38cf;\">El Silencio de Mar\u00eda<\/span><\/strong><br \/>\n<span style=\"color: #808000;\">P. Ignacio Larra\u00f1aga<\/span><br \/>\n<span style=\"color: #808000;\">(Mariolog\u00eda)<\/span><\/strong><\/strong><\/span><\/h4>\n<h4><span style=\"color: #993366;\"><strong><strong><strong><br \/>\n<span style=\"color: #ba38cf;\">Entre la Pasi\u00f3n y el Pensamiento<\/span><\/strong><br \/>\n<span style=\"color: #808000;\">P. Fco. Serra Estell\u00e9s<\/span><br \/>\n<span style=\"color: #808000;\">(Toma de Conciencia)<\/span><strong><br \/>\n<\/strong><\/strong><\/strong><\/span><\/h4>\n<h4><span style=\"color: #993366;\"><strong><strong><strong><br \/>\n<span style=\"color: #ba38cf;\">Esta es Nuestra F\u00e9<\/span><\/strong><br \/>\n<span style=\"color: #808000;\">Prof. Luis Gonz\u00e1lez-Carvajal<\/span><br \/>\n<span style=\"color: #808000;\">(Teolog\u00eda)<\/span><strong><br \/>\n<\/strong><\/strong><\/strong><\/span><\/h4>\n<h4><span style=\"color: #993366;\"><strong><strong><strong><br \/>\n<span style=\"color: #ba38cf;\">Hoy es mi Eternidad <\/span><\/strong><br \/>\n<span style=\"color: #808000;\">P. Francisco Serra Estell\u00e9s<\/span><br \/>\n<span style=\"color: #808000;\">(Cristolog\u00eda)<\/span><br \/>\n<span style=\"color: #808000;\">(3 Tomos)<\/span><strong><br \/>\n<\/strong><\/strong><\/strong><\/span><\/h4>\n<h4><span style=\"color: #993366;\"><strong><strong><strong><br \/>\n<span style=\"color: #ba38cf;\">Jes\u00fas y su Padre<\/span><\/strong><br \/>\n<span style=\"color: #808000;\">P. Benjam\u00edn Ferreira<\/span><br \/>\n<span style=\"color: #808000;\">(Filos\u00f3fico)<\/span><strong><br \/>\n<\/strong><\/strong><\/strong><\/span><\/h4>\n<h4><span style=\"color: #993366;\"><strong><strong><strong><br \/>\n<span style=\"color: #ba38cf;\">La felicidad es una tarea interior <\/span><\/strong><br \/>\n<span style=\"color: #808000;\">John Powell\u00a0 S. J.<\/span><br \/>\n<span style=\"color: #808000;\">(Desarrollo Humano)<\/span><strong><br \/>\n<\/strong><\/strong><\/strong><\/span><\/h4>\n<h4><span style=\"color: #993366;\"><strong><strong><strong><br \/>\n<span style=\"color: #ba38cf;\">La Desaparici\u00f3n del Universo<\/span><\/strong><br \/>\n<span style=\"color: #808000;\">Gary R. Renard<\/span><br \/>\n<span style=\"color: #808000;\">(F\u00edsica Cu\u00e1ntica)<\/span><strong><br \/>\n<\/strong><\/strong><\/strong><\/span><\/h4>\n<h4><span style=\"color: #993366;\"><strong><strong><strong><br \/>\n<span style=\"color: #ba38cf;\">La Meditaci\u00f3n y su Pr\u00e1ctica<\/span><\/strong><br \/>\n<span style=\"color: #808000;\">Swami Rama<\/span><br \/>\n<span style=\"color: #808000;\">(Meditaci\u00f3n)<\/span><br \/>\n<\/strong><\/strong><\/span><\/h4>\n<h4><span style=\"color: #993366;\"><strong><strong><strong><br \/>\n<span style=\"color: #ba38cf;\">La Nueva Psicolog\u00eda del Amor<\/span><\/strong><br \/>\n<span style=\"color: #808000;\">Dr. M. Scott Peck<\/span><br \/>\n<span style=\"color: #808000;\">(Psiqui\u00e1trico-Espiritual)<\/span><strong><br \/>\n<\/strong><\/strong><\/strong><\/span><\/h4>\n<h4><span style=\"color: #993366;\"><strong><strong><strong><br \/>\n<span style=\"color: #ba38cf;\">La Psicoterapia al alcance de todos<\/span><\/strong><br \/>\n<span style=\"color: #808000;\">Dr. V\u00edktor E. Frankl<\/span><br \/>\n<span style=\"color: #808000;\">(Logoterapia)<\/span><strong><br \/>\n<\/strong><\/strong><\/strong><\/span><\/h4>\n<h4><span style=\"color: #993366;\"><strong><strong><span style=\"color: #ba38cf;\"><strong><br \/>\nLIPIKA, rabindranath t. TAGORE<\/strong><\/span><br \/>\n<span style=\"color: #808000;\">Enrique LOPEZ CASTELLON<\/span><br \/>\n<span style=\"color: #808000;\">(literatura bengal\u00ed)<\/span><br \/>\n<\/strong><\/strong><\/span><\/h4>\n<h4><span style=\"color: #993366;\"><strong><strong><strong><br \/>\n<span style=\"color: #ba38cf;\">Meditaciones de Un Curso de Milagros<br \/>\n<span style=\"color: #808000;\">UCDM<\/span><br \/>\n<span style=\"color: #808000;\">(Meditaci\u00f3n)<\/span><br \/>\n<\/span><\/strong><\/strong><\/strong><\/span><\/h4>\n<h4><span style=\"color: #993366;\"><strong><strong><strong><br \/>\n<span style=\"color: #ba38cf;\">No soy gran cosa, pero soy todo lo que tengo<\/span><\/strong><br \/>\n<span style=\"color: #808000;\">Dr. Jess Lair<\/span><br \/>\n<span style=\"color: #808000;\">(Nueva Conciencia)<\/span><br \/>\n<span style=\"color: #808000;\">\u00abDespejar Creencias Falsas\u00bb<\/span><strong><br \/>\n<\/strong><\/strong><\/strong><\/span><\/h4>\n<h4><span style=\"color: #993366;\"><strong><strong><strong><br \/>\n<span style=\"color: #ba38cf;\">Orar es Amar<\/span><\/strong><br \/>\n<span style=\"color: #808000;\">P. Rafael Checa<\/span><br \/>\n<span style=\"color: #808000;\">(Contemplaci\u00f3n)<\/span><strong><br \/>\n<\/strong><\/strong><\/strong><\/span><\/h4>\n<h4><span style=\"color: #993366;\"><strong><strong><strong><br \/>\n<span style=\"color: #ba38cf;\">Oye Dios! Es hora de despertar<\/span><\/strong><br \/>\n<span style=\"color: #808000;\">Sakti Ishaya y Bhushana Ishaya<\/span><br \/>\n<span style=\"color: #808000;\">(Nueva Conciencia)<\/span><br \/>\n<span style=\"color: #808000;\">\u00abLa verdadera Libertad\u00bb<\/span><strong><br \/>\n<\/strong><\/strong><\/strong><\/span><\/h4>\n<h4><span style=\"color: #993366;\"><strong><strong><strong><br \/>\n<span style=\"color: #ba38cf;\">Por qu\u00e9 Seguimos Creyendo<\/span><\/strong><br \/>\n<span style=\"color: #808000;\">P. Francisco Serra Estell\u00e9s<\/span><br \/>\n<span style=\"color: #808000;\">(Teolog\u00eda)<\/span><strong><br \/>\n<\/strong><\/strong><\/strong><\/span><\/h4>\n<h4><span style=\"color: #993366;\"><strong><strong><strong><br \/>\n<span style=\"color: #ba38cf;\">Quiero ser Libre<\/span><\/strong><br \/>\n<span style=\"color: #808000;\">Ma. Esther B. de Castillo \u2013 Elia Ma. B. de Maqueo \u2013 Tesha P.de M.<strong><br \/>\n(<\/strong>Desarrollo Humano)<\/span><strong><strong><br \/>\n<\/strong><\/strong><\/strong><\/strong><\/span><\/h4>\n<h4><span style=\"color: #993366;\"><strong><strong><strong><strong><br \/>\n<span style=\"color: #ba38cf;\">Sentirse bien<\/span><\/strong><\/strong><br \/>\n<span style=\"color: #808000;\">Dr. David D. Burns<\/span><br \/>\n<span style=\"color: #808000;\">(M\u00e9dico Psiquiatra)<\/span><strong><strong><br \/>\n<\/strong><\/strong><\/strong><\/strong><\/span><\/h4>\n<h4><span style=\"color: #993366;\"><strong><strong><strong><strong><br \/>\n<span style=\"color: #ba38cf;\">Tus zonas err\u00f3neas<\/span><\/strong><\/strong><br \/>\n<span style=\"color: #808000;\">Dr. Wayne W. Dyer<\/span><br \/>\n<span style=\"color: #808000;\">(Auto-conocimiento)<\/span><strong><br \/>\n<\/strong><\/strong><\/strong><\/span><\/h4>\n<h4><span style=\"color: #993366;\"><strong><strong><strong><br \/>\n<span style=\"color: #ba38cf;\">Tu Yo Sagrado<\/span><br \/>\n<span style=\"color: #808000;\">Dr. Wayne W. Dyer<\/span><\/strong><br \/>\n<strong><span style=\"color: #808000;\">(Autoayuda y Superaci\u00f3n)<\/span><strong><br \/>\n<\/strong><\/strong><\/strong><\/strong><\/span><\/h4>\n<h4><span style=\"color: #993366;\"><strong><strong><strong><br \/>\n<span style=\"color: #ba38cf;\">Una llamada al amor<\/span><br \/>\n<span style=\"color: #808000;\">Anthony De Mello<\/span><\/strong><\/strong><\/strong><\/span><br \/>\n<strong><span style=\"color: #808000;\">(Desarrollo Humano)<\/span><br \/>\n<\/strong><\/h4>\n<h4><span style=\"color: #993366;\"><strong><strong><strong><br \/>\n<span style=\"color: #ba38cf;\">Un Curso de Milagros<\/span><\/strong><br \/>\n<span style=\"color: #808000;\">Dra. Helen Schucman \u2013 Dr.WilliamThetford<\/span><br \/>\n<span style=\"color: #808000;\">(Espiritual-Metaf\u00edsica)<\/span><br \/>\n<\/strong><\/strong><\/span><\/h4>\n<h4><span style=\"color: #993366;\"><strong><strong><strong><strong><br \/>\n<span style=\"color: #ba38cf;\">Ver\u00f3nika decide Morir<\/span><\/strong><\/strong><br \/>\n<span style=\"color: #808000;\">Paulo Coelho<\/span><br \/>\n<span style=\"color: #808000;\">(Pasi\u00f3n y Locura)<\/span><strong><br \/>\n<\/strong><\/strong><\/strong><\/span><\/h4>\n<h4><span style=\"color: #993366;\"><strong><strong><strong><strong><br \/>\n<span style=\"color: #ba38cf;\">Vivir en la Zona<\/span><\/strong><\/strong><br \/>\n<span style=\"color: #808000;\">Julio Bevione<\/span><br \/>\n<span style=\"color: #808000;\">(Espiritualidad)<\/span><strong><br \/>\n<\/strong><\/strong><\/strong><\/span><\/h4>\n<h4><span style=\"color: #993366;\"><strong><strong><strong><br \/>\n<span style=\"color: #ba38cf;\">Yo soy eso<\/span><br \/>\n<span style=\"color: #808000;\">Sri Nisargadatta Maharaj<\/span><br \/>\n<span style=\"color: #808000;\">(Consciencia pura)<\/span><strong><br \/>\n<\/strong><\/strong><\/strong><\/strong><\/span><\/h4>\n<h4><span style=\"color: #993366;\"><strong><strong><strong><br \/>\n<span style=\"color: #ba38cf;\">Jam\u00e1s Moriremos<\/span><br \/>\n<span style=\"color: #808000;\">Deepak Chopra<\/span><br \/>\n<span style=\"color: #808000;\">(La vida despues de la muerte)<\/span><strong><br \/>\n<\/strong><\/strong><\/strong><\/strong><\/span><\/h4>\n<h4><span style=\"color: #993366;\"><strong><strong><strong><br \/>\n<span style=\"color: #ba38cf;\">Una vida entre el cielo y la tierra\/Francesco<\/span><br \/>\n<span style=\"color: #808000;\">Yohana Garc\u00eda<\/span><br \/>\n<span style=\"color: #808000;\">(El Ser supremo te gu\u00eda)<\/span><strong><br \/>\n<\/strong><\/strong><\/strong><\/strong><\/span><\/h4>\n<h4><span style=\"color: #993366;\"><strong><strong><strong><br \/>\n<span style=\"color: #ba38cf;\">El cuerpo lleva la cuenta<\/span><br \/>\n<span style=\"color: #808000;\">Bessel van der Kolk, M.D.<\/span><br \/>\n<span style=\"color: #808000;\">(Cerebro, mente y cuerpo en la superaci\u00f3n del trauma)<\/span><strong><br \/>\n<\/strong><\/strong><\/strong><\/strong><\/span><\/h4>\n<h4><span style=\"color: #993366;\"><strong><strong><strong><br \/>\n<span style=\"color: #ba38cf;\">El libro de oro<\/span><br \/>\n<span style=\"color: #808000;\">SAINT GERMAIN<\/span><br \/>\n<span style=\"color: #808000;\">(Pensamientos sin control)<\/span><strong><br \/>\n<\/strong><\/strong><\/strong><\/strong><\/span><\/h4>\n<h4><span style=\"color: #993366;\"><strong><strong><strong><br \/>\n<span style=\"color: #ba38cf;\">Gracias Ansiedad<\/span><br \/>\n<span style=\"color: #808000;\">Fabiola Cuevas<\/span><br \/>\n<span style=\"color: #808000;\">(Desansiedad)<\/span><strong><br \/>\n<\/strong><\/strong><\/strong><\/strong><\/span><\/h4>\n<h4><span style=\"color: #993366;\"><strong><strong><strong><br \/>\n<span style=\"color: #ba38cf;\">Vida sin condiciones<\/span><br \/>\n<span style=\"color: #808000;\">Deepak Chopra<\/span><br \/>\n<span style=\"color: #808000;\">(Recuperar milagrosamente enfermedades)<\/span><strong><br \/>\n<\/strong><\/strong><\/strong><\/strong><\/span><\/h4>\n<h4><span style=\"color: #993366;\"><strong><strong><strong><br \/>\n<span style=\"color: #ba38cf;\">Curar el cuerpo, eliminar el dolor<\/span><br \/>\n<span style=\"color: #808000;\">Dr. John E. Sarno<\/span><br \/>\n<span style=\"color: #808000;\">(Dolor cr\u00f3nico)<\/span><strong><br \/>\n<\/strong><\/strong><\/strong><\/strong><\/span><\/h4>\n<h4><span style=\"color: #993366;\"><strong><strong><strong><br \/>\n<span style=\"color: #ba38cf;\">La mente dividida<\/span><br \/>\n<span style=\"color: #808000;\">Dr. John E. Sarno<\/span><br \/>\n<span style=\"color: #808000;\">(Cuerpo-Dolor)<\/span><strong><br \/>\n<\/strong><\/strong><\/strong><\/strong><\/span><\/h4>\n<h4><span style=\"color: #993366;\"><strong><strong><strong><br \/>\n<span style=\"color: #ba38cf;\">Abrazando tus demonios<\/span><br \/>\n<span style=\"color: #808000;\">Russell Harris<\/span><br \/>\n<span style=\"color: #808000;\">(Terapia de aceptaci\u00f3n y compromiso)<\/span><strong><br \/>\n<\/strong><\/strong><\/strong><\/strong><\/span><\/h4>\n<h4><span style=\"color: #993366;\"><strong><strong><strong><br \/>\n<span style=\"color: #ba38cf;\">Violentometro<\/span><br \/>\n<span style=\"color: #808000;\">Instituto Nacional de las Mujeres<\/span><br \/>\n<span style=\"color: #808000;\">(Signos de violencia)<\/span><strong><br \/>\n<\/strong><\/strong><\/strong><\/strong><\/span><\/h4>\n<h4><span style=\"color: #993366;\"><strong><strong><strong><br \/>\n<span style=\"color: #ba38cf;\">Afrontando la Realidad del suicidio<\/span><br \/>\n<span style=\"color: #808000;\">Servicio de Informaci\u00f3n sobre Discapacidad (SID)<\/span><br \/>\n<span style=\"color: #808000;\">(Orientaci\u00f3n y prevenci\u00f3n)<\/span><strong><br \/>\n<\/strong><\/strong><\/strong><\/strong><\/span><\/h4>\n<h4><span style=\"color: #993366;\"><strong><strong><strong><br \/>\n<span style=\"color: #ba38cf;\">El suicidio<\/span><br \/>\n<span style=\"color: #808000;\">Emile Durkheim<\/span><br \/>\n<span style=\"color: #808000;\">(Causas)<\/span><\/strong><\/strong><\/strong><\/span><\/h4>\n<\/blockquote>\n<h4><span style=\"color: #993366;\"><strong><strong><strong>\u00a0<\/strong><\/strong><\/strong><\/span><\/h4>\n<h4><span style=\"color: #008080;\"><em><strong>Busque ayuda inmediatamente si:<\/strong><\/em><\/span><br \/>\n<span style=\"color: #008080;\"><em><strong> Se siente abrumado.<\/strong><\/em><\/span><br \/>\n<span style=\"color: #008080;\"><em><strong> \u2028Est\u00e1 pensando en hacerse da\u00f1o o en da\u00f1ar a otra persona.<\/strong><\/em><\/span><br \/>\n<span style=\"color: #008080;\"><em><strong> Es incapaz de controlar su comportamiento.<\/strong><\/em><\/span><br \/>\n<span style=\"color: #008080;\"><em><strong> Tiene otros s\u00edntomas muy angustiantes de trastorno<br \/>\nde estr\u00e9s postraum\u00e1tico.<\/strong><\/em><\/span><\/h4>\n<h4><span style=\"color: #ba38cf;\"><em><strong> EN CASO NECESARIO:<\/strong><\/em><\/span><br \/>\n<span style=\"color: #ba38cf;\"><em><strong> Llame a su m\u00e9dico.<\/strong><\/em><\/span><br \/>\n<span style=\"color: #ba38cf;\"><em><strong> Llame al 911 para servicios de emergencia\u2028 o vaya<\/strong><\/em><\/span><br \/>\n<span style=\"color: #ba38cf;\"><em><strong> a la sala de emergencias m\u00e1s cercana.<br \/>\nEn un caso de emergencia, puede llamar a:<br \/>\n<\/strong><\/em><\/span><\/h4>\n<h4><span style=\"color: #ba38cf;\"><em><strong>SAPTEL \u201cSistema Nacional de Apoyo, Consejo \u2028Psicol\u00f3gico<br \/>\ne Intervenci\u00f3n en Crisis por Tel\u00e9fono\u201d<\/strong><\/em><\/span><br \/>\n<span style=\"color: #ba38cf;\"><em><strong> (Cruz Roja Mexicana\u2013 24 Hrs.) sin costo<\/strong><\/em><\/span><\/h4>\n<div class=\"map\">\n<address>\n<dl>\n<dt><span style=\"color: #ba38cf;\"><em><strong>SAPTEL<\/strong><\/em><\/span><br \/>\n<span style=\"color: #ba38cf;\"><em><strong>Av M\u00e9xico #37, Hip\u00f3dromo,<\/strong><\/em><\/span><br \/>\n<span style=\"color: #ba38cf;\"><em><strong>Cuauht\u00e9moc, Ciudad de M\u00e9xico.<\/strong><\/em><\/span><\/dt>\n<dd><span style=\"color: #ba38cf;\"><em><strong>Tel\u00e9fono:(55) 52598121<\/strong><\/em><\/span><\/dd>\n<dd><span style=\"color: #ba38cf;\"><em><strong>E-mail: <a class=\"col1\" style=\"color: #ba38cf;\" href=\"https:\/\/www.saptel.org.mx\/contacto.html#\">saptel.crlyc@gmail.com<\/a><\/strong><\/em><\/span><\/dd>\n<\/dl>\n<\/address>\n<\/div>\n<p><span style=\"color: #993366;\"><strong><strong><strong>\u00a0<\/strong><\/strong><\/strong><\/span><\/p>\n<p><strong><strong><strong>\u00a0<\/strong><\/strong><\/strong><\/p><\/blockquote>\n<\/blockquote>\n<\/blockquote>\n","protected":false},"excerpt":{"rendered":"<p>&nbsp; Anatom\u00eda del Esp\u00edritu Carolina Myss (Relaci\u00f3n Mente-Cuerpo y Curaci\u00f3n) Ante la Depresi\u00f3n Dr. Juan Antonio Vallejo-N\u00e1gera (M\u00e9dico Psiquiatra) A trav\u00e9s de los ojos de la f\u00e9 John Powell S. J. (Religioso-Espiritual) Aqu\u00ed, Ahora 2000 a\u00f1os despu\u00e9s P. Francisco Serra Estell\u00e9s (Cristolog\u00eda) (3 Tomos) Auto liberaci\u00f3n interior Anthony de Mello (Toma de Conciencia) BUDA VIVIENTE-CRISTO [&hellip;]<\/p>\n","protected":false},"author":2,"featured_media":0,"parent":0,"menu_order":7,"comment_status":"open","ping_status":"closed","template":"","meta":[],"_links":{"self":[{"href":"https:\/\/www.ceadin.org\/b\/wp-json\/wp\/v2\/pages\/78"}],"collection":[{"href":"https:\/\/www.ceadin.org\/b\/wp-json\/wp\/v2\/pages"}],"about":[{"href":"https:\/\/www.ceadin.org\/b\/wp-json\/wp\/v2\/types\/page"}],"author":[{"embeddable":true,"href":"https:\/\/www.ceadin.org\/b\/wp-json\/wp\/v2\/users\/2"}],"replies":[{"embeddable":true,"href":"https:\/\/www.ceadin.org\/b\/wp-json\/wp\/v2\/comments?post=78"}],"version-history":[{"count":0,"href":"https:\/\/www.ceadin.org\/b\/wp-json\/wp\/v2\/pages\/78\/revisions"}],"wp:attachment":[{"href":"https:\/\/www.ceadin.org\/b\/wp-json\/wp\/v2\/media?parent=78"}],"curies":[{"name":"wp","href":"https:\/\/api.w.org\/{rel}","templated":true}]}}