{"id":7407,"date":"2023-09-10T09:22:39","date_gmt":"2023-09-10T09:22:39","guid":{"rendered":"http:\/\/www.ceadin.org\/b\/?page_id=7407"},"modified":"2023-09-12T16:17:19","modified_gmt":"2023-09-12T16:17:19","slug":"cuales-son-las-depresiones-enmascaradas","status":"publish","type":"page","link":"https:\/\/www.ceadin.org\/b\/cuales-son-las-depresiones-enmascaradas\/","title":{"rendered":"Cuales son las Depresiones Enmascaradas"},"content":{"rendered":"<blockquote>\n<blockquote>\n<h3><\/h3>\n<h3 style=\"text-align: center;\"><span style=\"color: #d15021;\"><em><strong><br \/>\n\u2013 La Depresi\u00f3n adopta algunas mascaras \u2013<a href=\"http:\/\/www.ceadin.org\/b\/wp-content\/uploads\/2023\/09\/fb-irena-Sara-Morais-8.jpg\"><img decoding=\"async\" loading=\"lazy\" class=\"alignright size-full wp-image-7409\" src=\"http:\/\/www.ceadin.org\/b\/wp-content\/uploads\/2023\/09\/fb-irena-Sara-Morais-8.jpg\" alt=\"\" width=\"639\" height=\"960\" srcset=\"https:\/\/www.ceadin.org\/b\/wp-content\/uploads\/2023\/09\/fb-irena-Sara-Morais-8.jpg 639w, https:\/\/www.ceadin.org\/b\/wp-content\/uploads\/2023\/09\/fb-irena-Sara-Morais-8-200x300.jpg 200w, https:\/\/www.ceadin.org\/b\/wp-content\/uploads\/2023\/09\/fb-irena-Sara-Morais-8-619x930.jpg 619w\" sizes=\"(max-width: 639px) 100vw, 639px\" \/><\/a><\/strong><\/em><\/span><\/h3>\n<h3><em><strong><a href=\"http:\/\/www.ceadin.org\/b\/alcoholismo\/\"><span style=\"color: #d15021;\"><span style=\"text-decoration: underline;\">\u2217 1.- Alcoholismo:<\/span> <\/span><\/a><br \/>\n<span style=\"color: #008080;\">Al no reconocer que se padece una enfermedad, el hombre oculta su malestar bebiendo alcohol, pues con el alcohol desaparece su sensaci\u00f3n de inferioridad, incapacidad, o baja autoestima y as\u00ed se enga\u00f1a sinti\u00e9ndose pleno, autosuficiente y con una autoestima alta, que durar\u00e1 un tiempo corto y volver\u00e1 a tomar alcohol para as\u00ed seguir el circulo vicioso hasta tocar fondo.<\/span><\/strong><\/em><\/h3>\n<h3><em><strong><a href=\"http:\/\/www.ceadin.org\/b\/neurosis\/\"><span style=\"text-decoration: underline;\"><span style=\"color: #d15021; text-decoration: underline;\">\u2217 2.-Neurosis<\/span><\/span><\/a><span style=\"text-decoration: underline;\"><span style=\"color: #d15021; text-decoration: underline;\">:<\/span> <\/span><br \/>\n<span style=\"color: #008080;\">La persona se vuelve agresiva e intolerante, al no reconocer que padece una depresi\u00f3n, su parte interna no comprende lo que le pasa y se enoja y vuelca su enojo fuera de s\u00ed y lo descarga contra los dem\u00e1s, volvi\u00e9ndose una persona que tiene arranques de furia incontrolable, se vuelven golpeadores con su familia y agresivos con las personas con qui\u00e9n se topan por la vida.<\/span><\/strong><\/em><\/h3>\n<h3><em><strong><a href=\"http:\/\/www.ceadin.org\/b\/drogadiccion\/\"><span style=\"color: #d15021;\"><span style=\"text-decoration: underline;\"><span style=\"color: #d15021; text-decoration: underline;\">\u2217 3.- Drogadicci\u00f3n:<\/span><\/span><\/span><\/a><br \/>\n<span style=\"color: #008080;\">Las personas se sienten incapaces de resolver situaciones en su vida, provienen de familias disfuncionales, sufren falta de amor (no se sienten queridos), abandonados (los padres nunca los nutren de seguridad, padres ausentes) y eligen desesperadamente como \u00fanico camino, fugarse y consumir drogas.<\/span><\/strong><\/em><\/h3>\n<h3><span style=\"color: #008080;\"><em><strong>Es m\u00e1s dif\u00edcil que los hombres admitan que est\u00e1n deprimidos, e<\/strong><\/em><em><strong>n cambio es m\u00e1s probable que oculten sus padecimientos tras el alcohol, las drogas o conductas agresivas. Pero lo que no saben es que el alcohol agrava (empeora) la depresi\u00f3n.<\/strong><\/em><\/span><\/h3>\n<h3><a href=\"http:\/\/www.ceadin.org\/b\/anorexia\/\"><em><strong><span style=\"text-decoration: underline; color: #d15021;\">\u2217 4.- Anorexia:<\/span><\/strong><\/em><\/a><em><strong><br \/>\n<span style=\"color: #008080;\">Es un trastorno de la conducta alimentaria que supone una p\u00e9rdida de peso provocada por el propio enfermo y lleva a un estado de inanici\u00f3n. <\/span><\/strong><\/em><\/h3>\n<h3><span style=\"color: #008080;\"><em><strong>La anorexia se caracteriza por el temor a aumentar de peso, y por una percepci\u00f3n distorsionada y delirante del propio cuerpo que hace que el enfermo se vea gordo aun cuando su peso se encuentra por debajo de lo recomendado. Por ello inicia una disminuci\u00f3n progresiva del peso mediante ayunos y la reducci\u00f3n de la ingesta de alimentos.<\/strong><\/em><\/span><\/h3>\n<h3><em><strong><a href=\"http:\/\/www.ceadin.org\/b\/fibromialgia\/\"><span style=\"text-decoration: underline; color: #d15021;\">\u2217 5.- Fibromialgia:<\/span><\/a><br \/>\n<span style=\"color: #008080;\">Es una enfermedad cr\u00f3nica que se caracteriza por dolor musculoesquel\u00e9tico generalizado, con una exagerada hipersensibilidad en m\u00faltiples puntos predefinidos, sin alteraciones org\u00e1nicas demostrables. <\/span><\/strong><\/em><\/h3>\n<h3><span style=\"color: #008080;\"><em><strong>Habitualmente se relaciona con una gran variedad de s\u00edntomas, entre los que destacan la fatiga persistente, el sue\u00f1o no reparador, la rigidez generalizada y los s\u00edntomas ansiosos depresivos.<\/strong><\/em><\/span><\/h3>\n<h3><\/h3>\n<\/blockquote>\n<\/blockquote>\n","protected":false},"excerpt":{"rendered":"<p>\u2013 La Depresi\u00f3n adopta algunas mascaras \u2013 \u2217 1.- Alcoholismo: Al no reconocer que se padece una enfermedad, el hombre oculta su malestar bebiendo alcohol, pues con el alcohol desaparece su sensaci\u00f3n de inferioridad, incapacidad, o baja autoestima y as\u00ed se enga\u00f1a sinti\u00e9ndose pleno, autosuficiente y con una autoestima alta, que durar\u00e1 un tiempo corto [&hellip;]<\/p>\n","protected":false},"author":2,"featured_media":0,"parent":0,"menu_order":0,"comment_status":"closed","ping_status":"closed","template":"","meta":[],"_links":{"self":[{"href":"https:\/\/www.ceadin.org\/b\/wp-json\/wp\/v2\/pages\/7407"}],"collection":[{"href":"https:\/\/www.ceadin.org\/b\/wp-json\/wp\/v2\/pages"}],"about":[{"href":"https:\/\/www.ceadin.org\/b\/wp-json\/wp\/v2\/types\/page"}],"author":[{"embeddable":true,"href":"https:\/\/www.ceadin.org\/b\/wp-json\/wp\/v2\/users\/2"}],"replies":[{"embeddable":true,"href":"https:\/\/www.ceadin.org\/b\/wp-json\/wp\/v2\/comments?post=7407"}],"version-history":[{"count":0,"href":"https:\/\/www.ceadin.org\/b\/wp-json\/wp\/v2\/pages\/7407\/revisions"}],"wp:attachment":[{"href":"https:\/\/www.ceadin.org\/b\/wp-json\/wp\/v2\/media?parent=7407"}],"curies":[{"name":"wp","href":"https:\/\/api.w.org\/{rel}","templated":true}]}}