{"id":6057,"date":"2019-09-25T17:53:07","date_gmt":"2019-09-25T17:53:07","guid":{"rendered":"http:\/\/www.ceadin.org\/b\/?page_id=6057"},"modified":"2019-09-25T22:40:00","modified_gmt":"2019-09-25T22:40:00","slug":"expliqueme-dr-que-es-cortarse","status":"publish","type":"page","link":"https:\/\/www.ceadin.org\/b\/expliqueme-dr-que-es-cortarse\/","title":{"rendered":"EXPL\u00cdQUEME Dr: Qu\u00e9 es &#8216;Cortarse&#8217;"},"content":{"rendered":"<blockquote>\n<blockquote>\n<h3 class=\"imagen-barra-lateral\" style=\"text-align: center;\"><em><strong><span style=\"color: #ff0000;\"><br \/>\n<span style=\"color: #b51818;\">&#8216;Cortarse&#8217;,<\/span><\/span> <span style=\"color: #008000;\">una conducta preocupante<br \/>\nque se da en la adolescencia.<\/span><\/strong><\/em><\/h3>\n<h4 class=\"info\"><span style=\"color: #ff0000;\"><em><strong><span style=\"color: #008000;\"><span style=\"color: #b51818;\">\u2014 Cortarse&#8230;,<\/span> es una autoagresi\u00f3n corporal que realizan muchos jovenes<\/span><br \/>\n<span style=\"color: #008000;\"> en brazos y abdomen y que<\/span> <span style=\"color: #b51818;\">-no tiene intenciones suicidas-.<a href=\"http:\/\/www.ceadin.org\/b\/wp-content\/uploads\/2019\/09\/HR-Ryan209.jpg\"><img decoding=\"async\" loading=\"lazy\" class=\"wp-image-6090 aligncenter\" src=\"http:\/\/www.ceadin.org\/b\/wp-content\/uploads\/2019\/09\/HR-Ryan209.jpg\" alt=\"\" width=\"600\" height=\"899\" srcset=\"https:\/\/www.ceadin.org\/b\/wp-content\/uploads\/2019\/09\/HR-Ryan209.jpg 431w, https:\/\/www.ceadin.org\/b\/wp-content\/uploads\/2019\/09\/HR-Ryan209-200x300.jpg 200w\" sizes=\"(max-width: 600px) 100vw, 600px\" \/><\/a><\/span><\/strong><\/em><\/span><\/h4>\n<h4><span style=\"color: #b51818;\"><em><strong>\u201cFue terrible y muy angustiante cuando me di cuenta que mi hija se hac\u00eda cortes en sus brazos. Se me cay\u00f3 el mundo, no entend\u00ed nada. Ahora ya casi no tenemos vasos de vidrio y escondo tijeras, agujas y todo lo que pueda ser utilizado para que se haga cortes.<\/strong> <\/em><\/span><\/h4>\n<blockquote>\n<h4><span style=\"color: #b51818;\"><em><strong>Con la terapia en que estamos, -porque esto es un asunto familiar-, han disminuido. Pero es un proceso lento. Lo bueno es que ahora me pide ayuda y dice lo que le pasa, claro todav\u00eda es despu\u00e9s que se ha cortado. Vamos poco a poco\u201d, <span style=\"color: #008000;\">cuenta la mam\u00e1 de una adolescente de 15 a\u00f1os que desde hace un a\u00f1o se realiza <span style=\"color: #b51818;\">\u201ccortes\u201d<\/span> en sus brazos.<\/span><\/strong><\/em><\/span><\/h4>\n<h3 class=\"contenido\" style=\"text-align: center;\"><span style=\"color: #d44646;\"><em><strong>Suena mal. Pero es la realidad<br \/>\nque muchos pap\u00e1s est\u00e1n viviendo en la<br \/>\nintimidad de sus hogares.<\/strong><\/em><\/span><\/h3>\n<h4 class=\"contenido\"><em><strong><span style=\"color: #993300;\">\u201cSe le ha llamado automutilaci\u00f3n, auto da\u00f1o, auto agresi\u00f3n, auto heridas, pero <\/span><span style=\"color: #d44646;\">-autoagresi\u00f3n corporal-<\/span> <span style=\"color: #993300;\">es la denominaci\u00f3n que algunos autores consideran como la m\u00e1s adecuada, pues tiene un significado m\u00e1s amplio, que describe y abarca mejor el fen\u00f3meno que se da en brazos, piernas y abdomen\u201d,<\/span> <span style=\"color: #008000;\">explica Mar\u00eda In\u00e9s Diez, directora del Programa de Postgrado en Psicolog\u00eda de la Adolescencia de la Universidad del Desarrollo.<\/span><\/strong><\/em><\/h4>\n<h4 class=\"contenido\"><em><strong><span style=\"color: #993300;\">Agrega, que m\u00e1s que un trastorno propiamente tal, se le define como<\/span> <span style=\"color: #d44646;\">-un acto deliberado y repetitivo-<\/span> <span style=\"color: #993300;\">que persigue da\u00f1ar el propio cuerpo con el fin de expresar a trav\u00e9s de \u00e9l, las emociones que no pueden contener ni elaborar.<\/span> <\/strong><\/em><\/h4>\n<h3 class=\"contenido\" style=\"text-align: center;\"><span style=\"color: #d44646;\"><em><strong>Como por ejemplo, angustia,<br \/>\nrabia, culpa, impotencia, soledad y una<br \/>\nsensaci\u00f3n intensa de vac\u00edo.<\/strong><\/em><\/span><\/h3>\n<h4 class=\"contenido\"><span style=\"color: #993300;\"><em><strong>\u201cLo que ocurre es que la persona en ese momento no es capaz de procesar estas emociones, ni de expresarlas, y las vive como un malestar intolerable e intenso\u201d.<\/strong><\/em><\/span><\/h4>\n<h4 class=\"contenido\"><em><strong><span style=\"color: #008000;\">El doctor -Alfonso Correa, jefe de psiquiatr\u00eda infantil de la Cl\u00ednica Alemana-,<\/span><span style=\"color: #993300;\"> aclara que esta automutilaci\u00f3n no va necesariamente de la mano de una idea suicida, pero que de todas formas, hay poco apego a la vida y la necesidad de buscar un cambio impulsivo.<\/span><\/strong><\/em><\/h4>\n<h4 class=\"contenido\"><span style=\"color: #d44646;\"><em><strong>Su origen:<br \/>\n<span style=\"color: #993300;\">No cabe duda, que en la adolescencia las emociones se viven intensamente. La literatura indica que es la \u00e9poca donde hay mayor fragilidad emocional o cambios en los estados de \u00e1nimo.<\/span><\/strong><\/em><\/span><\/h4>\n<h4 class=\"contenido\"><em><strong><span style=\"color: #993300;\">\u201cEsto es porque el -yo- est\u00e1 m\u00e1s vulnerable y porque est\u00e1 en un proceso de reorganizaci\u00f3n de la personalidad, lo que dificulta la capacidad de contenci\u00f3n emocional y se tiende m\u00e1s a la acci\u00f3n y al juego de poner o quitarse de los l\u00edmites establecidos\u201d,<\/span> <span style=\"color: #008000;\">explica la acad\u00e9mica Mar\u00eda In\u00e9s Diez.<\/span><\/strong><\/em><\/h4>\n<h4 class=\"contenido\"><em><strong><span style=\"color: #993300;\">Adem\u00e1s, comenta que ese proceso de reorganizaci\u00f3n, es el aspecto central en el desarrollo adolescente, ya que determinar\u00e1 la identidad adulta.<\/span> <\/strong><\/em><\/h4>\n<h4 class=\"contenido\"><em><strong><span style=\"color: #993300;\">En ese sentido,<\/span> <span style=\"color: #d44646;\">-los cortes profundos, superficiales peque\u00f1os o grandes en la piel, realizados con vidrios, tijeras o navaja, expresar\u00edan el l\u00edmite del propio cuerpo, que tambi\u00e9n estar\u00eda en definici\u00f3n conflictiva.<\/span><\/strong><\/em><\/h4>\n<h4 class=\"contenido\"><em><strong><span style=\"color: #993300;\">\u201cAhora bien, los detonantes pueden ser de origen externo, como podr\u00eda ser un conflicto en el \u00e1mbito familiar, escolar o social, o bien, como resultado de las dificultades propias de la adolescencia, es el d\u00e9ficit interno lo que no permite enfrentarlos y resolverlos adecuadamente\u201d,<\/span><span style=\"color: #008000;\"> afirma -Lilian Hitelman, docente especialista en adolescentes de la Universidad del Desarrollo-.<\/span><\/strong><\/em><\/h4>\n<h4 class=\"contenido\"><span style=\"color: #993300;\"><em><strong>Es como si con el dolor que les provoca una lesi\u00f3n f\u00edsica, lograran que sus emociones se equilibraran y fluyeran de tal manera, que el dolor psicol\u00f3gico considerado intolerable, tuviera un alivio y una sensaci\u00f3n de bienestar.<\/strong><\/em><\/span><\/h4>\n<h4 class=\"contenido\"><span style=\"color: #993300;\"><em><strong>Sin embargo, dice esta experta, que el efecto es pasajero y al poco rato se sienten agobiados por sentimientos de culpa y verg\u00fcenza, que los lleva a esconder sus lesiones y no hablar sobre lo ocurrido.<\/strong><\/em><\/span><\/h4>\n<h4 class=\"contenido\"><em><strong><span style=\"color: #993300;\">Otras veces, dice el doctor<\/span> <span style=\"color: #008000;\">-Alfonso Correa,<\/span> <span style=\"color: #993300;\">tambi\u00e9n sentir\u00e1n que pueden concretizar el dolor emocional y convertirlo en un dolor f\u00edsico. Pero tambi\u00e9n puede ser la manera de producir un desahogo, que simb\u00f3licamente sale por la sangre.<\/span><\/strong><\/em><\/h4>\n<h4 class=\"contenido\"><em><strong><span style=\"color: #993300;\">\u201cEs como echar fuera algo que me est\u00e1 pasando, y en otras ocasiones ocurre que las marcas que se dejan ser\u00e1n heridas de guerra, casi como hacerse un tatuaje para que los otros puedan ver lo que le pasa y el que se corta, pueda hacer gala de esas marcas, demostrando a los dem\u00e1s lo que le pasa. Es casi como una b\u00fasqueda de identidad\u201d,<\/span> <span style=\"color: #008000;\">subraya el psiquiatra.<\/span><\/strong><\/em><\/h4>\n<h4 class=\"contenido\"><em><strong><span style=\"color: #993300;\">De todas maneras, el cortarse no es una enfermedad mental, sino un s\u00edntoma de alg\u00fan d\u00e9ficit relacionado con la posibilidad de simbolizar los conflictos, y en ese sentido, podr\u00eda formar parte de una variedad de otros trastornos como,<\/span> <span style=\"color: #d44646;\">-depresi\u00f3n o rasgos de personalidad lim\u00edtrofes, inestables, inseguras, impulsivas-.<\/span><\/strong><\/em><\/h4>\n<h4 class=\"contenido\"><span style=\"color: #d44646;\"><em><strong>\u00bfC\u00f3mo se trata?<br \/>\n<span style=\"color: #993300;\">Lo primero es consultar a un especialista en adolescencia,<\/span> -psic\u00f3logo o psiquiatra-, <span style=\"color: #993300;\">que pueda determinar si se trata de un fen\u00f3meno transitorio relacionado con dificultades en la progresi\u00f3n del desarrollo adolescente, o por el contrario, es algo que podr\u00eda ser m\u00e1s permanente, como expresi\u00f3n de un conflicto o patolog\u00edas m\u00e1s serias.<\/span><\/strong><\/em><\/span><\/h4>\n<h4 class=\"contenido\"><em><strong><span style=\"color: #993300;\">\u201cEn este diagn\u00f3stico es importante considerar, qu\u00e9 tipo de personalidad hay de base y la presencia de trastornos asociados, que incidir\u00e1 en el pron\u00f3stico y en el tipo de tratamiento a realizar\u201d,<\/span><span style=\"color: #008000;\"> aconseja Mar\u00eda In\u00e9s Diez.<\/span><\/strong><\/em><\/h4>\n<h4 class=\"contenido\"><span style=\"color: #d44646;\"><em><strong><span style=\"color: #993300;\">Dice que en el tratamiento a seguir <\/span><span style=\"color: #993300;\">debe considerarse<br \/>\nel uso de la<\/span> -psicoterapia y farmacoterapia-.<\/strong><\/em><\/span><\/h4>\n<h4 class=\"contenido\"><em><strong><span style=\"color: #993300;\">\u201cEn la psicoterapia se buscar\u00e1 entender la conducta, y posibilitar que el paciente la ligue con los estados emocionales que puedan estar en el fondo, de modo que pueda representarlos en la mente y encontrar modos de canalizarlas y de aliviarse sin tener que recurrir a los cortes\u201d.<\/span><br \/>\n<\/strong><\/em><\/h4>\n<h4 class=\"contenido\"><span style=\"color: #993300;\"><em><strong>La acad\u00e9mica <span style=\"color: #008000;\">-Diez-<\/span> aconseja tambi\u00e9n incluir en el tratamiento, tanto a la familia como al colegio, debido a que estas conductas provocan un alto impacto afectivo en el ambiente familiar. Por este motivo, los adolescentes necesitar\u00e1n contenci\u00f3n, apoyo, y ayuda para develar, aceptar y sanar la situaci\u00f3n.<\/strong><\/em><\/span><\/h4>\n<h4 class=\"contenido\"><em><strong><span style=\"color: #993300;\">\u201cAdem\u00e1s, se debe procurar facilitar una comunicaci\u00f3n m\u00e1s funcional, promover cambios en las relaciones interpersonales y lograr un ambiente contenedor y protector\u201d,<\/span> <span style=\"color: #008000;\">a\u00f1ade el psiquiatra de la Cl\u00ednica Alemana.<\/span><\/strong><\/em><\/h4>\n<h4 class=\"contenido\"><span style=\"color: #993300;\"><em><strong>La idea aseguran los expertos, es que el adolescente desarrolle la capacidad de mentalizar los conflictos, encontrar el modo de canalizar sus emociones sin descargarlas en forma agresiva sobre su cuerpo.<\/strong><\/em><\/span><\/h4>\n<h4 class=\"contenido\"><span style=\"color: #993300;\"><em><strong>EL MERCURIO-GDA<\/strong><\/em><\/span><\/h4>\n<p><span style=\"color: #993300;\">Artista-HR Ryan<\/span><\/p>\n<h4><span style=\"color: #008000;\"><em><strong>Esperamos que encuentre \u00fatil la informaci\u00f3n de este articulo.<\/strong><\/em><\/span><\/h4>\n<p><span style=\"color: #008000;\"><em><strong>Si usted est\u00e1 pensando en hacerse da\u00f1o,<br \/>\no si conoce a alguien que podr\u00eda hacerse da\u00f1o,<br \/>\nbusque ayuda r\u00e1pidamente.<br \/>\nNo deje sola a la persona.<br \/>\nLlame a su m\u00e9dico.<br \/>\n<\/strong><\/em><\/span><\/p>\n<p><span style=\"color: #008000;\"><em><strong>Ayuda en M\u00e9xico:<br \/>\nSAPTEL \u201cSistema Nacional de Apoyo, Consejo<br \/>\nPsicol\u00f3gico e Intervenci\u00f3n en Crisis por Tel\u00e9fono\u201d<br \/>\n(Cruz Roja Mexicana\u2013 24 Hrs.) sin costo<br \/>\nTel.- 52-59-81-21\u00a0\u00a0 \u2013\u00a0\u00a0 01-800-472-78-35<br \/>\n<\/strong><\/em><\/span><\/p>\n<p><span style=\"color: #008000;\"><em><strong>Ayuda en los Estados Unidos:<br \/>\nLlame al 911 (servicio de emergencia de los Estados Unidos)<br \/>\no acuda a una sala de emergencias.<br \/>\nLlame gratis a la l\u00ednea de emergencia del suicidio: 1\u2013888\u2013628\u20139454 para comunicarse con alguien de la Red Nacional de Prevenci\u00f3n del Suicidio. El n\u00famero para las personas con dificultades auditivas es 1\u2013800\u2013799\u20134TTY (4889)<\/strong><\/em><\/span><\/p><\/blockquote>\n<\/blockquote>\n<\/blockquote>\n","protected":false},"excerpt":{"rendered":"<p>&#8216;Cortarse&#8217;, una conducta preocupante que se da en la adolescencia. \u2014 Cortarse&#8230;, es una autoagresi\u00f3n corporal que realizan muchos jovenes en brazos y abdomen y que -no tiene intenciones suicidas-. \u201cFue terrible y muy angustiante cuando me di cuenta que mi hija se hac\u00eda cortes en sus brazos. Se me cay\u00f3 el mundo, no entend\u00ed [&hellip;]<\/p>\n","protected":false},"author":2,"featured_media":0,"parent":0,"menu_order":0,"comment_status":"closed","ping_status":"closed","template":"","meta":[],"_links":{"self":[{"href":"https:\/\/www.ceadin.org\/b\/wp-json\/wp\/v2\/pages\/6057"}],"collection":[{"href":"https:\/\/www.ceadin.org\/b\/wp-json\/wp\/v2\/pages"}],"about":[{"href":"https:\/\/www.ceadin.org\/b\/wp-json\/wp\/v2\/types\/page"}],"author":[{"embeddable":true,"href":"https:\/\/www.ceadin.org\/b\/wp-json\/wp\/v2\/users\/2"}],"replies":[{"embeddable":true,"href":"https:\/\/www.ceadin.org\/b\/wp-json\/wp\/v2\/comments?post=6057"}],"version-history":[{"count":0,"href":"https:\/\/www.ceadin.org\/b\/wp-json\/wp\/v2\/pages\/6057\/revisions"}],"wp:attachment":[{"href":"https:\/\/www.ceadin.org\/b\/wp-json\/wp\/v2\/media?parent=6057"}],"curies":[{"name":"wp","href":"https:\/\/api.w.org\/{rel}","templated":true}]}}