{"id":5412,"date":"2019-03-11T20:57:14","date_gmt":"2019-03-11T20:57:14","guid":{"rendered":"http:\/\/www.ceadin.org\/b\/?page_id=5412"},"modified":"2019-03-11T21:04:09","modified_gmt":"2019-03-11T21:04:09","slug":"6-caso-anonimo","status":"publish","type":"page","link":"https:\/\/www.ceadin.org\/b\/6-caso-anonimo\/","title":{"rendered":"6- CASO: (An\u00f3nimo)"},"content":{"rendered":"<h3 class=\"entry-title\" style=\"text-align: center;\"><strong><span style=\"color: #800080;\"><i>Tu caso se ha publicado satisfactoriamente.<\/i><\/span><\/strong><\/h3>\n<h3 class=\"entry-title\" style=\"text-align: center;\"><strong><span style=\"color: #800080;\"><i>\u00a1 Gracias por compartir tu caso !<\/i><\/span><\/strong><\/h3>\n<h3><span style=\"color: #008080;\"><em><strong>6- CASO: (An\u00f3nimo)<\/strong><\/em><\/span><\/h3>\n<h4><span style=\"color: #008080;\"><em><strong>Hola: Hace a\u00f1os que sufro depresi\u00f3n. Mi depresi\u00f3n es ansiosa. A diferencia de la cl\u00e1sica, yo me arreglo, salgo a bailar y parece que nada me pasara hasta que me vuelvo a derrumbar y as\u00ed se forma el c\u00edrculo vicioso.<\/strong><\/em><\/span><br \/>\n<span style=\"color: #008080;\"><em><strong> Sufr\u00ed abuso por parte de mi padre a la edad de once a\u00f1os. Nadie en mi entorno hizo nada al enterarse. Todo se encubri\u00f3.<\/strong><\/em><\/span><br \/>\n<span style=\"color: #008080;\"><em><strong> A esa edad comenc\u00e9 a tener crisis donde me golpeaba por todo el cuerpo. Tuve muchos intentos de suicidio. A todo esto le sumamos que no logro conservar una pareja.<\/strong><\/em><\/span><br \/>\n<span style=\"color: #008080;\"><em><strong> Me cas\u00e9 a los 40 y me divorci\u00e9 enseguida.<\/strong><\/em><\/span><br \/>\n<span style=\"color: #008080;\"><em><strong> Ahora tengo 47 a\u00f1os y hace cuatro del divorcio. Desde entonces no he vuelto a tener pareja. Solo encuentros ocasionales. Quiero poder tener una pareja estable y no que me dejen antes de que pase un mes. Tengo amigos, tengo trabajo, tengo casa pero el solo hecho de seguir sola me sume en la peor de las pesadillas. Ahora hace tres d\u00edas que no paro de llorar. Hasta lo hago en el trabajo. Ya no se que hacer.<\/strong><\/em><\/span><br \/>\n<span style=\"color: #008080;\"><em><strong> He ido a siqu\u00edatras, s\u00edcologos, etc. Estoy medicada pero no hay caso. Cada vez que alguien que me gusta me deja es como si se acabara el mundo.<\/strong><\/em><\/span><br \/>\n<span style=\"color: #008080;\"><em><strong> Ya no se a quien recurrir.<\/strong><\/em><\/span><\/h4>\n<h3 style=\"text-align: center;\"><span style=\"color: #008080;\">\u2014\/\u2014<\/span><\/h3>\n<h4><span style=\"color: #800080;\"><strong><em>Respuesta en atenci\u00f3n a:<\/em><\/strong> <em><strong>6-<\/strong><strong> CASO (an\u00f3nimo)<\/strong><\/em><\/span><\/h4>\n<h4><span style=\"color: #800080;\"><em><strong>Con mucho gusto te respondo:<br \/>\nEl trauma que viviste, es muy doloroso, adem\u00e1s de no tener el apoyo de tu familia.<\/strong><\/em><\/span><\/h4>\n<h4 class=\"featured-title\"><span style=\"color: #800080;\"><em><strong>Sufrir una violaci\u00f3n, cambia todo el universo de la persona, <\/strong><\/em><em><strong>pudiendo llegar a tener consecuencias psicol\u00f3gicas devastadoras. Adem\u00e1s de que el abuso se d\u00e1 del padre a su hija de 11 a\u00f1os, que no se sabe defender.<br \/>\n<\/strong><\/em><\/span><\/h4>\n<h4><span style=\"color: #800080;\"><em><strong>Comprendo tu estado de \u00e1nimo y tus crisis,<br \/>\npero estas buscando ayuda y eso es importante.<br \/>\nTe podemos ayudar&#8230;te mandamos -Actualizaciones-<\/strong><\/em><\/span><\/h4>\n<h4><span style=\"color: #800080;\"><em><strong>\u00a0Ahora unas preguntas, para aclarar mas tu estado.<br \/>\n1.- En que Ciudad vives?<br \/>\n2.- Ves frecuentemente a tu familia?<br \/>\n3.- En tu familia hay mas casos de depresi\u00f3n?<br \/>\n4.- Desde cuando estas medicada?<br \/>\n5.- Que te ha dicho el doctor?<br \/>\n6.- Sigues tu tratamiento como lo manda tu m\u00e9dico?<br \/>\n7.- Cual crees que es el problema?<br \/>\n8.- Porque crees que te dejan tus parejas?<br \/>\n9.- Cual crees que puede ser la soluci\u00f3n?<br \/>\n10.- Bebes alcohol?<br \/>\n11.- Que sientes mas:<br \/>\nMIEDO-CULPA-ENOJO-TRISTEZA<br \/>\nCalif\u00edcate del 1 al 10, suponiendo que el 10 es lo mas mal que te sientes.<\/strong><\/em><\/span><\/h4>\n<h4><span style=\"color: #800080;\"><em><strong>Cuando te sientas triste, sola, podemos tener un -Acompa\u00f1amiento-<br \/>\n(pl\u00e1tica, dudas, enojos, tristeza, culpa), por este mismo medio.<br \/>\nEsto es para corregir pensamientos que no nos ayudan.<\/strong><\/em><\/span><\/h4>\n<h4><span style=\"color: #800080;\"><em><strong>Te mando una liga de este escrito:<\/strong><\/em><\/span><br \/>\n<span style=\"color: #800080;\"><em><strong> Las consecuencias psicol\u00f3gicas de una violaci\u00f3n<\/strong><\/em><\/span><\/h4>\n<div><a href=\"http:\/\/www.ceadin.org\/b\/las-consecuencias-psicologicas-de-una-violacion\/\"><i><b>http:\/\/www.ceadin.org\/b\/las-consecuencias-psicologicas-de-una-violacion\/<\/b><\/i><\/a><\/div>\n<h4><em><strong>\u00a0<span style=\"color: #800080;\">Espero que pronto te sientas mejor,<\/span><\/strong><\/em><\/h4>\n<h4><span style=\"color: #800080;\"><em><strong>te mando un beso,<\/strong><\/em><\/span><br \/>\n<span style=\"color: #800080;\"> <em><strong> Paty&#8230;<\/strong><\/em><\/span><\/h4>\n<p><span style=\"color: #008000;\"><strong><em>En caso necesario: <\/em><\/strong><em><strong>Llame a su m\u00e9dico.<br \/>\nLlame al 911 para servicios de emergencia o vaya a la sala de emergencias m\u00e1s cercana.<\/strong><\/em><\/span><\/p>\n<p><span style=\"color: #008000;\"><em><strong>Llame a la l\u00ednea directa gratuita de la Red Nacional de Prevenci\u00f3n del Suicidio,<br \/>\nlas 24 horas, al 1-888-628-9454; tel\u00e9fono para personas con problemas auditivos:<br \/>\n1-800-799-4889 (1-800-799-4TTY).<\/strong><\/em><\/span><\/p>\n<p><span style=\"color: #008000;\"><em><strong>SAPTEL \u201cSistema Nacional de Apoyo, Consejo <\/strong><\/em><\/span><br \/>\n<span style=\"color: #008000;\"> <em><strong>Psicol\u00f3gico e Intervenci\u00f3n en Crisis por Tel\u00e9fono\u201d \u00a0 <\/strong><\/em><\/span><br \/>\n<span style=\"color: #008000;\"> <em><strong>(Cruz Roja Mexicana\u2013 24 Hrs.) sin costo<\/strong><\/em><\/span><br \/>\n<span style=\"color: #008000;\"> <em><strong>Tel.- 52-59-81-21\u00a0\u00a0 \u2013\u00a0\u00a0 01-800-472-78-35 <\/strong><\/em><\/span><br \/>\n<span style=\"color: #008000;\"> <em><strong>saptel@prodigy.net.mx<\/strong><\/em><\/span><br \/>\n<span style=\"color: #008000;\"> <em><strong>http:\/\/www.saptel.org.mx\/<\/strong><\/em><\/span><\/p>\n","protected":false},"excerpt":{"rendered":"<p>Tu caso se ha publicado satisfactoriamente. \u00a1 Gracias por compartir tu caso ! 6- CASO: (An\u00f3nimo) Hola: Hace a\u00f1os que sufro depresi\u00f3n. Mi depresi\u00f3n es ansiosa. A diferencia de la cl\u00e1sica, yo me arreglo, salgo a bailar y parece que nada me pasara hasta que me vuelvo a derrumbar y as\u00ed se forma el c\u00edrculo [&hellip;]<\/p>\n","protected":false},"author":2,"featured_media":0,"parent":0,"menu_order":0,"comment_status":"closed","ping_status":"closed","template":"","meta":[],"_links":{"self":[{"href":"https:\/\/www.ceadin.org\/b\/wp-json\/wp\/v2\/pages\/5412"}],"collection":[{"href":"https:\/\/www.ceadin.org\/b\/wp-json\/wp\/v2\/pages"}],"about":[{"href":"https:\/\/www.ceadin.org\/b\/wp-json\/wp\/v2\/types\/page"}],"author":[{"embeddable":true,"href":"https:\/\/www.ceadin.org\/b\/wp-json\/wp\/v2\/users\/2"}],"replies":[{"embeddable":true,"href":"https:\/\/www.ceadin.org\/b\/wp-json\/wp\/v2\/comments?post=5412"}],"version-history":[{"count":0,"href":"https:\/\/www.ceadin.org\/b\/wp-json\/wp\/v2\/pages\/5412\/revisions"}],"wp:attachment":[{"href":"https:\/\/www.ceadin.org\/b\/wp-json\/wp\/v2\/media?parent=5412"}],"curies":[{"name":"wp","href":"https:\/\/api.w.org\/{rel}","templated":true}]}}