{"id":5388,"date":"2019-03-20T03:02:40","date_gmt":"2019-03-20T03:02:40","guid":{"rendered":"http:\/\/www.ceadin.org\/b\/?page_id=5388"},"modified":"2019-10-05T19:07:59","modified_gmt":"2019-10-05T19:07:59","slug":"ayudeme-dr-me-autoengano","status":"publish","type":"page","link":"https:\/\/www.ceadin.org\/b\/ayudeme-dr-me-autoengano\/","title":{"rendered":"AY\u00daDEME Dr: -Me autoenga\u00f1o"},"content":{"rendered":"<blockquote>\n<h3 style=\"text-align: center;\"><span style=\"color: #008000;\"><em><strong><br \/>\n<span style=\"color: #0000ff;\">Ay\u00fademe doctor, m<\/span><\/strong><\/em><\/span><span style=\"color: #0000ff;\"><em><strong><span style=\"color: #0000ff;\">e<\/span> autoenga\u00f1o..!<\/strong><\/em><\/span><\/h3>\n<h3 style=\"text-align: center;\"><span style=\"color: #800080;\"><em><strong>YO SOY ASI..?<br \/>\n<\/strong><\/em><\/span><\/h3>\n<blockquote>\n<h3 style=\"text-align: center;\"><a href=\"http:\/\/www.ceadin.org\/b\/wp-content\/uploads\/2019\/03\/alejandro-decinti6-e1553050643223.jpg\"><img decoding=\"async\" loading=\"lazy\" class=\"aligncenter wp-image-5464\" src=\"http:\/\/www.ceadin.org\/b\/wp-content\/uploads\/2019\/03\/alejandro-decinti6-e1553050643223.jpg\" alt=\"\" width=\"600\" height=\"683\" srcset=\"https:\/\/www.ceadin.org\/b\/wp-content\/uploads\/2019\/03\/alejandro-decinti6-e1553050643223.jpg 796w, https:\/\/www.ceadin.org\/b\/wp-content\/uploads\/2019\/03\/alejandro-decinti6-e1553050643223-264x300.jpg 264w, https:\/\/www.ceadin.org\/b\/wp-content\/uploads\/2019\/03\/alejandro-decinti6-e1553050643223-768x874.jpg 768w, https:\/\/www.ceadin.org\/b\/wp-content\/uploads\/2019\/03\/alejandro-decinti6-e1553050643223-619x705.jpg 619w\" sizes=\"(max-width: 600px) 100vw, 600px\" \/><\/a><em><strong><span style=\"color: #008000;\">Cuantas veces habremos o\u00eddo en boca de amigos, familiares, parejas, compa\u00f1eros de trabajo o incluso por nosotros mismos:<br \/>\n<span style=\"color: #800080;\">-yo soy as\u00ed y ya no voy a cambiar-<\/span><\/span><\/strong> <\/em><\/h3>\n<h4><em><strong><span style=\"color: #008000;\">Una frase comod\u00edn, recurrente, utilizada intencionalmente por aquellas personas que normalmente suelen<\/span> <span style=\"color: #800080;\">-repetir los mismos malos h\u00e1bitos, las mismas malas costumbres o las mismas malas conductas-,<\/span> <span style=\"color: #008000;\">creyendo que por arte de magia, esgrimiendo dicha excusa, sus consecuencias naturales quedan subsanadas, obteniendo el perd\u00f3n del entorno y de sus m\u00e1s allegados.<\/span><\/strong><\/em><\/h4>\n<h3 style=\"text-align: center;\"><em><strong><span style=\"color: #008000;\">Para poder hacer frente a este dicho..<\/span><br \/>\n<span style=\"color: #008000;\"> lanzo la siguiente pregunta:<\/span><br \/>\n<span style=\"color: #800080;\">\u00bfSon ustedes los mismos que hace<br \/>\nuno, dos o tres a\u00f1os?, \u00bfsi.?, \u00bfno.?, \u00bfquiz\u00e1s.?<\/span><\/strong> <\/em><\/h3>\n<h4><em><strong><span style=\"color: #008000;\">Quisiera que en este breve lapso de tiempo, en el que nuestra mente activ\u00f3 infinidad de recuerdos, vislumbr\u00e1ramos c\u00f3mo nuestra personalidad ha estado sujeta a infinidad de cambios. Para bien o para mal, nuestra personalidad ha ido ajust\u00e1ndose, molde\u00e1ndose en base a nuestras experiencias vividas en cada una de nuestras diferentes etapas evolutivas;<\/span> <span style=\"color: #800080;\">-la juventud, la madurez y porque no, tambi\u00e9n nuestra vejez-.<\/span><\/strong> <\/em><\/h4>\n<h3 style=\"text-align: center;\"><em><strong><span style=\"color: #008000;\">Por lo tanto, la excusa de<\/span> <span style=\"color: #800080;\">-yo soy as\u00ed-<\/span><br \/>\n<span style=\"color: #008000;\">queda ahora m\u00e1s que nunca en entredicho.<\/span> <\/strong><\/em><\/h3>\n<h4><em><strong><span style=\"color: #008000;\">La personalidad toma el protagonismo de este texto, y es que para entenderlo debemos entender como la psicolog\u00eda estudia y percibe la personalidad. Desde la perspectiva terap\u00e9utica, la personalidad del ser humano es por decirlo de alg\u00fan modo un<\/span> <span style=\"color: #800080;\">-algo- intangible, que se traduce en algo palpable a trav\u00e9s de la forma de pensar, de sentir, de actuar y de interpretar la realidad en la cual vivimos e interactuamos los seres humanos-.<\/span> <span style=\"color: #008000;\">Por ello nos resulta imposible concebir el concepto de personalidad como algo fijo e inmutable, ya que la vida en si misma, es:<br \/>\n<span style=\"color: #800080;\">-un cambio abierto en constante evoluci\u00f3n-.<\/span><\/span><\/strong><\/em><\/h4>\n<h3 style=\"text-align: center;\"><em><strong><span style=\"color: #008000;\">Entonces,<\/span> <span style=\"color: #800080;\">\u00bfc\u00f3mo cambiamos esta rigidez mental.?<\/span><\/strong><\/em><\/h3>\n<h4><em><strong><span style=\"color: #800080;\">-B\u00e1sicamente es cuesti\u00f3n de actitud, de voluntad y de esfuerzo-.<br \/>\n<span style=\"color: #008000;\">Es imposible pretender cambiar clich\u00e9s tan arraigados sin tomar conciencia de c\u00f3mo somos, y muchos no tenemos ning\u00fan inter\u00e9s en saber por qu\u00e9 somos as\u00ed en realidad. El peso de conocernos, de trabajarnos, supone tal esfuerzo y carga psicol\u00f3gica que nos aferramos a respuestas f\u00e1ciles carentes de sentido como:<\/span><\/span> <span style=\"color: #800080;\">-yo soy as\u00ed y no voy a cambiar-.<\/span><\/strong><\/em><\/h4>\n<h4><em><strong><span style=\"color: #800080;\">-Al cambio siempre se le precede de un primer paso; cre\u00e9rselo-.<\/span><br \/>\n<span style=\"color: #008000;\">Lo curioso de nuestro cerebro, es que \u00e9ste es capaz de autoconvencerse a s\u00ed mismo a trav\u00e9s de determinadas autoafirmaciones, y llegar a modificar sutilmente nuestra identidad, nuestra personalidad, nuestra salud, nuestros h\u00e1bitos o incluso nuestras adicciones m\u00e1s instauradas por otras mucho m\u00e1s amables, sin embargo, con el pensamiento simplemente no basta,<\/span> <span style=\"color: #800080;\">-y es que todo cambio sin dedicaci\u00f3n y esfuerzo no es m\u00e1s que humo-.<\/span><\/strong><\/em><\/h4>\n<h3 style=\"text-align: center;\"><em><strong><span style=\"color: #800080;\">Por lo tanto, si nuestra voluntad es f\u00e9rrea,<\/span><br \/>\n<span style=\"color: #800080;\"> podremos predisponernos hacia determinados objetivos, y preparar <\/span><span style=\"color: #800080;\">un escenario propicio para alcanzarlos.<\/span> <\/strong><\/em><\/h3>\n<h4 style=\"text-align: center;\"><span style=\"color: #008000;\"><em><strong>Para ello deberemos atender con cuidado<br \/>\nnuestro lenguaje, cambiando sentencias que nos llevan al fracaso<br \/>\npor otras un tanto m\u00e1s bondadosas, como: <\/strong><\/em><\/span><\/h4>\n<h3 style=\"text-align: center;\"><em><strong><span style=\"color: #800080;\">Puedo hacerlo y voy a dejar<br \/>\nde dar tanta importancia al resultado, lo nuevo<br \/>\npuede ser fascinante etc, ya que no se<br \/>\ntrata de enga\u00f1arse a uno mismo con palabras bonitas,<br \/>\nm\u00e1s bien se trata de preparar nuestro cerebro<br \/>\npara enfocarlo hacia la v\u00eda adecuada para afrontar cualquier situaci\u00f3n, actividad o dificultad.<\/span><\/strong><\/em><\/h3>\n<h4><span style=\"color: #800080;\"><em><strong>Frase:<\/strong><\/em><\/span><br \/>\n<span style=\"color: #008000;\"><em><strong> -La personalidad del hombre, determina<\/strong><\/em><\/span><br \/>\n<span style=\"color: #008000;\"><em><strong> por anticipado la medida de su posible fortuna-<\/strong><\/em><\/span><br \/>\n<span style=\"color: #008000;\"><em><strong> Arthur Shopenhauer<\/strong><\/em><\/span><\/h4>\n<\/blockquote>\n<p><span style=\"color: #008000;\">Artista-Alejandro Decinti<\/span><\/p><\/blockquote>\n","protected":false},"excerpt":{"rendered":"<p>Ay\u00fademe doctor, me autoenga\u00f1o..! YO SOY ASI..? Cuantas veces habremos o\u00eddo en boca de amigos, familiares, parejas, compa\u00f1eros de trabajo o incluso por nosotros mismos: -yo soy as\u00ed y ya no voy a cambiar- Una frase comod\u00edn, recurrente, utilizada intencionalmente por aquellas personas que normalmente suelen -repetir los mismos malos h\u00e1bitos, las mismas malas costumbres [&hellip;]<\/p>\n","protected":false},"author":2,"featured_media":0,"parent":0,"menu_order":0,"comment_status":"closed","ping_status":"closed","template":"","meta":[],"_links":{"self":[{"href":"https:\/\/www.ceadin.org\/b\/wp-json\/wp\/v2\/pages\/5388"}],"collection":[{"href":"https:\/\/www.ceadin.org\/b\/wp-json\/wp\/v2\/pages"}],"about":[{"href":"https:\/\/www.ceadin.org\/b\/wp-json\/wp\/v2\/types\/page"}],"author":[{"embeddable":true,"href":"https:\/\/www.ceadin.org\/b\/wp-json\/wp\/v2\/users\/2"}],"replies":[{"embeddable":true,"href":"https:\/\/www.ceadin.org\/b\/wp-json\/wp\/v2\/comments?post=5388"}],"version-history":[{"count":0,"href":"https:\/\/www.ceadin.org\/b\/wp-json\/wp\/v2\/pages\/5388\/revisions"}],"wp:attachment":[{"href":"https:\/\/www.ceadin.org\/b\/wp-json\/wp\/v2\/media?parent=5388"}],"curies":[{"name":"wp","href":"https:\/\/api.w.org\/{rel}","templated":true}]}}