{"id":5302,"date":"2019-02-17T03:16:40","date_gmt":"2019-02-17T03:16:40","guid":{"rendered":"http:\/\/www.ceadin.org\/b\/?page_id=5302"},"modified":"2019-02-23T19:25:58","modified_gmt":"2019-02-23T19:25:58","slug":"ayudeme-dr-por-que-miento","status":"publish","type":"page","link":"https:\/\/www.ceadin.org\/b\/ayudeme-dr-por-que-miento\/","title":{"rendered":"AY\u00daDEME Dr: Por que miento..?"},"content":{"rendered":"<h3 style=\"text-align: center;\"><span style=\"color: #008000;\"><em><strong><br \/>\nAy\u00fademe doctor&#8230;<\/strong><\/em><\/span><\/h3>\n<h3 style=\"text-align: center;\"><span style=\"color: #800080;\"><em><strong>Por que miento..?<\/strong><\/em><\/span><\/h3>\n<blockquote>\n<h4><a href=\"http:\/\/www.ceadin.org\/b\/wp-content\/uploads\/2019\/02\/cassandra-barney-7.jpg\"><img decoding=\"async\" loading=\"lazy\" class=\"aligncenter size-full wp-image-5355\" src=\"http:\/\/www.ceadin.org\/b\/wp-content\/uploads\/2019\/02\/cassandra-barney-7.jpg\" alt=\"\" width=\"1468\" height=\"1461\" srcset=\"https:\/\/www.ceadin.org\/b\/wp-content\/uploads\/2019\/02\/cassandra-barney-7.jpg 1468w, https:\/\/www.ceadin.org\/b\/wp-content\/uploads\/2019\/02\/cassandra-barney-7-150x150.jpg 150w, https:\/\/www.ceadin.org\/b\/wp-content\/uploads\/2019\/02\/cassandra-barney-7-300x300.jpg 300w, https:\/\/www.ceadin.org\/b\/wp-content\/uploads\/2019\/02\/cassandra-barney-7-768x764.jpg 768w, https:\/\/www.ceadin.org\/b\/wp-content\/uploads\/2019\/02\/cassandra-barney-7-1024x1019.jpg 1024w, https:\/\/www.ceadin.org\/b\/wp-content\/uploads\/2019\/02\/cassandra-barney-7-619x616.jpg 619w\" sizes=\"(max-width: 1468px) 100vw, 1468px\" \/><\/a><span style=\"color: #800080;\"><em><strong>Llevados por la inseguridad y desconfianza en nuestra capacidad de ser aceptados tal como somos, podemos caer en la tentaci\u00f3n de adornar aqu\u00ed y all\u00e1 nuestra historia y nuestras habilidades de forma que causemos una impresi\u00f3n favorable en las dem\u00e1s personas.<\/strong> <\/em><\/span><\/h4>\n<h4><span style=\"color: #008000;\"><em><strong>Un ladr\u00f3n podr\u00e1 aseverar m\u00e1s robos de los que realmente ha hecho, si tiene que presumir delante de los compa\u00f1eros carcelarios, o se pueden haber realizado m\u00e1s proezas sexuales de las habidas entre un grupo de hombres que se retan en su capacidad viril, o una madre puede hacer que su hijo mejore las notas y apruebe cursos con el fin de que aparezca como una madre exitosa con un hijo bien educado.<\/strong><\/em><\/span><\/h4>\n<h4><span style=\"color: #008000;\"><em><strong><span style=\"color: #800080;\">-Mentir es un recurso f\u00e1cil de valer sin tener que pasar por esfuerzos ni penurias-,<\/span> <span style=\"color: #800080;\">aunque el precio que se corre es la posibilidad de ser descubierto-.<\/span> En esto sucede algo similar a la persona que lanza rumores falsos para disminuir a las personas que envidia: <span style=\"color: #800080;\">-puede ser descubierto y la conducta desvelada, ir en su contra desprestigi\u00e1ndolo ante a los que quer\u00eda influir-.<\/span><\/strong><\/em><\/span><\/h4>\n<h4><span style=\"color: #008000;\"><em><strong>Mientras que la persona sincera no tiene que vigilar la versi\u00f3n que da de sus an\u00e9cdotas y los episodios vividos, porque los transcribe al dictado de su memoria, en cambio el mentiroso debe controlar qu\u00e9 versi\u00f3n da de su historia, para que resulte coherente con la escuchada por cada persona ante la que ha presumido.<\/strong><\/em><\/span><\/h4>\n<h4><span style=\"color: #008000;\"><em><strong>Cuanto m\u00e1s se cae en la tentaci\u00f3n de mentir, m\u00e1s dif\u00edcil es controlar la abundante base de datos de las versiones dadas y <span style=\"color: #800080;\">-m\u00e1s imposible resulta comentar, repetir o seguir con coherencia lo novelado-,<\/span> de forma que los detalles chirr\u00edan y de pronto un personaje famoso es novio de una prima, mientras que antes lo era de una hermana, estuvimos dos a\u00f1os estudiando en el extranjero mientras que esos mismos a\u00f1os estudiamos un Master de prestigio en la localidad donde vivimos, conocemos a quien luego resulta que no nos conoce, etc. .<\/strong><\/em><\/span><\/h4>\n<h4><span style=\"color: #008000;\"><em><strong><span style=\"color: #800080;\">-El h\u00e1bito se mentir se puede transformar en un trastorno de la personalidad que podr\u00edamos llamar -seudologia fant\u00e1stica-,<\/span> que es una compulsi\u00f3n a imaginar una vida, unos acontecimientos y una historia en base a causar una impresi\u00f3n de admiraci\u00f3n en los espectadores.<\/strong><\/em><\/span><\/h4>\n<h4><span style=\"color: #008000;\"><em><strong>Este af\u00e1n por impresionar, esta basado en la imperiosa necesidad de resultar valiosos y geniales <span style=\"color: #800080;\">-por medios tramposos-,<\/span> ya que por los naturales de la simpat\u00eda y ser espont\u00e1neos, dudamos el poder conseguirlos.<\/strong><\/em><\/span><\/h4>\n<h4><span style=\"color: #008000;\"><em><strong>Refleja, por un lado, la ambici\u00f3n de ser <span style=\"color: #800080;\">-dignos de amor y -buenos candidatos-<\/span> para los dem\u00e1s, por otro lado, se pone de manifiesto nuestra profunda duda de no ser dignos en base a la distancia, la dureza, el aislamiento y la falta de adaptaci\u00f3n que sufrimos, que asemejan pruebas de alg\u00fan tipo de minusval\u00eda.<\/strong><\/em><\/span><\/h4>\n<h4><span style=\"color: #008000;\"><em><strong><span style=\"color: #800080;\">-El mentiroso fantasioso coge el atajo de robar atenci\u00f3n y aprecio por la v\u00eda del f\u00e1cil enga\u00f1o-<\/span> (las palabras son c\u00f3modos sustitutos de los hechos), en vez de por su &#8211;<span style=\"color: #800080;\">Ser-sincero-,<\/span> tal vez mucho mas modesto de lo que su ambici\u00f3n soporta.<\/strong><\/em><\/span><\/h4>\n<h4><span style=\"color: #008000;\"><em><strong>No se conforma con ser una persona cualquiera <span style=\"color: #800080;\">-tal vez se ver\u00eda a s\u00ed misma con excesivo desarraigo-,<\/span> sino que desea ser siempre una personalidad de primera magnitud, de esas que los dem\u00e1s admiramos embelesados y envidiosos.<\/strong><\/em><\/span><\/h4>\n<h4><span style=\"color: #008000;\"><em><strong>Tambi\u00e9n mintiendo sobre lo que hacemos llevamos a cabo algo que proporciona un peque\u00f1o resto de placer que nos da una migaja de lo que nos gustar\u00eda. <span style=\"color: #800080;\">-Imaginando que somos ricos, que seducimos a las personas m\u00e1s bellas-,<\/span> sentimos un gusto, que el disgusto de ser s\u00f3lo fantas\u00edas no acaba de eliminar y que puede convertirse en deleitoso manjar para satisfacer necesidades que esta forma enga\u00f1osa nunca realmente ser\u00e1 completa, pero que <span style=\"color: #800080;\">-a base de enga\u00f1o tras enga\u00f1o, fantas\u00eda tras fantas\u00eda nos hace sentir el sue\u00f1o tan real que casi lo podemos creer-.<\/span><\/strong><\/em><\/span><\/h4>\n<h4><span style=\"color: #008000;\"><em><strong>Lo que nos gustar\u00eda hacer, lo que en ensue\u00f1os nos prometemos, lo que seg\u00fan nuestros c\u00e1lculos inflados seguramente nos pasar\u00e1, puede hacernos correr tanto en el tiempo que disfrutemos precipitadamente de lo que todav\u00eda no somos, y ello nos prepara mal para el naufragio de nuestros ilusiones durante el transcurso despiadado de la vida. Este tropiezo no le sucede a quien su mirada alcanza al escal\u00f3n de arriba s\u00f3lo cuando ha mirado bien que ha subido el actual.<\/strong><\/em><\/span><\/h4>\n<h4><span style=\"color: #008000;\"><em><strong>El problema del <span style=\"color: #800080;\">-pseud\u00f3logo-,<\/span> es que para mentir tanto y que no se note, ha de hacer lo mismo que un actor que representa un personaje y quiere resultar cre\u00edble: esforzarse tanto, como si uno fuera esa persona inventada, que realmente uno se confunda y olvide de quien es realmente.<\/strong><\/em><\/span><\/h4>\n<h4><span style=\"color: #008000;\"><em><strong><span style=\"color: #800080;\">-El personaje suplanta al yo-,<\/span> con lo que su personalidad se instala en una base inaut\u00e9ntica muy peligrosa, porque los halagos, impresiones y valoraciones que arranque a los dem\u00e1s con sus tretas, en realidad nunca los podr\u00e1 saborear, porque sabe que <span style=\"color: #800080;\">-no est\u00e1n dirigidos al Yo autentico, sino al falso-,<\/span> con lo cual no logra sentir lo que le gustar\u00eda sentir: sus dobles v\u00ednculos impiden que los placeres le lleguen.<\/strong><\/em><\/span><\/h4>\n<h4><span style=\"color: #008000;\"><em><strong>Como la sed de m\u00e9rito nunca se sacia por este procedimiento, cada vez est\u00e1 la persona m\u00e1s descarriada e insatisfecha y m\u00e1s encuentra motivos para curarse con la medicina que le agrava.<\/strong><\/em><\/span><\/h4>\n<h4><span style=\"color: #008000;\"><em><strong>Lo que debe plantearse el mentiroso es su misterioso des\u00e1nimo, la progresiva languidez que simular produce en \u00e9l.<span style=\"color: #800080;\"> -Su af\u00e1n de caer bien produce el efecto contrario-,<\/span> de que los dem\u00e1s se decepcionen, se sientan despreciados y se disgusten, generando una profunda desconfianza muy dif\u00edcil de superar (pi\u00e9nsese por ejemplo lo dif\u00edcil que es olvidar que tu pareja te ha enga\u00f1ado, o te miente sistem\u00e1ticamente).<\/strong><\/em><\/span><\/h4>\n<h4><span style=\"color: #008000;\"><em><strong><span style=\"color: #800080;\">-La cura del mentiroso es sustituir la mentira por la b\u00fasqueda de la excelencia-.<\/span> Reconociendo su necesidad de brillo y atracci\u00f3n dedicarse con firmeza a mejorar sus m\u00e9ritos verdaderos (profesionales, de cultura, relaciones interesantes, etc.) con suficiente persistencia (porque si ha ca\u00eddo en la mentira es por impaciencia) y seguridad (garantizando con pruebas evidentes las suposiciones).<\/strong><\/em><\/span><\/h4>\n<h3 style=\"text-align: center;\"><span style=\"color: #008000;\"><em><strong><span style=\"color: #800080;\">Jugar limpio, ser naturales,<\/span><br \/>\n<span style=\"color: #800080;\"> es el mejor camino para ser aceptados por los dem\u00e1s.<\/span> <\/strong><\/em><\/span><\/h3>\n<h4><span style=\"color: #008000;\"><em><strong><span style=\"color: #800080;\">-Lo primero es que nos acepten aun siendo humildes-.<\/span> Una vez conseguida esta aceptaci\u00f3n b\u00e1sica entonces se pueden intentar el asalto al m\u00e9rito, que ya no ser\u00e1 un m\u00e9rito agresivo (de esos que aunque la persona valga mucho, nos da igual porque nos cae antip\u00e1tica), sino un af\u00e1n de darnos m\u00e1s, de buscar una mayor cualidad, de jugar m\u00e1s fuerte, una activa entrega para participar, colaborar, sugerir y animar la vida familiar, los equipos de trabajo, los grupos de amigos o la excelencia profesional.<\/strong><\/em><\/span><\/h4>\n<p>&nbsp;<\/p>\n<p>Asistencia Psicol\u00f3gica Ram\u00f3n Llull<br \/>\nJos\u00e9 Luis Catal\u00e1n Bitri\u00e1n<br \/>\nArtista-Cassandra Barney<\/p><\/blockquote>\n","protected":false},"excerpt":{"rendered":"<p>Ay\u00fademe doctor&#8230; Por que miento..? Llevados por la inseguridad y desconfianza en nuestra capacidad de ser aceptados tal como somos, podemos caer en la tentaci\u00f3n de adornar aqu\u00ed y all\u00e1 nuestra historia y nuestras habilidades de forma que causemos una impresi\u00f3n favorable en las dem\u00e1s personas. Un ladr\u00f3n podr\u00e1 aseverar m\u00e1s robos de los que [&hellip;]<\/p>\n","protected":false},"author":2,"featured_media":0,"parent":0,"menu_order":0,"comment_status":"closed","ping_status":"closed","template":"","meta":[],"_links":{"self":[{"href":"https:\/\/www.ceadin.org\/b\/wp-json\/wp\/v2\/pages\/5302"}],"collection":[{"href":"https:\/\/www.ceadin.org\/b\/wp-json\/wp\/v2\/pages"}],"about":[{"href":"https:\/\/www.ceadin.org\/b\/wp-json\/wp\/v2\/types\/page"}],"author":[{"embeddable":true,"href":"https:\/\/www.ceadin.org\/b\/wp-json\/wp\/v2\/users\/2"}],"replies":[{"embeddable":true,"href":"https:\/\/www.ceadin.org\/b\/wp-json\/wp\/v2\/comments?post=5302"}],"version-history":[{"count":0,"href":"https:\/\/www.ceadin.org\/b\/wp-json\/wp\/v2\/pages\/5302\/revisions"}],"wp:attachment":[{"href":"https:\/\/www.ceadin.org\/b\/wp-json\/wp\/v2\/media?parent=5302"}],"curies":[{"name":"wp","href":"https:\/\/api.w.org\/{rel}","templated":true}]}}