{"id":5298,"date":"2019-02-20T01:57:15","date_gmt":"2019-02-20T01:57:15","guid":{"rendered":"http:\/\/www.ceadin.org\/b\/?page_id=5298"},"modified":"2019-10-05T18:42:53","modified_gmt":"2019-10-05T18:42:53","slug":"ayudeme-dr-como-cambio-mi-manera-de-pensar","status":"publish","type":"page","link":"https:\/\/www.ceadin.org\/b\/ayudeme-dr-como-cambio-mi-manera-de-pensar\/","title":{"rendered":"AY\u00daDEME Dr: -Como cambio mi manera de pensar"},"content":{"rendered":"<blockquote>\n<blockquote>\n<h3 style=\"text-align: center;\"><span style=\"color: #008000;\"><em><strong><br \/>\n<span style=\"color: #0000ff;\">Ay\u00fademe doctor, <\/span><\/strong><\/em><\/span><span style=\"color: #0000ff;\"><em><strong>\u00bfComo cambio mi manera de pensar.?<\/strong><\/em><\/span><\/h3>\n<h3 style=\"text-align: center;\"><span style=\"color: #800080;\"><em><strong>\u2014 Los pensamientos que llenan nuestra mente y les creemos \u2014<\/strong><\/em><\/span><\/h3>\n<h4><a href=\"http:\/\/www.ceadin.org\/b\/wp-content\/uploads\/2019\/02\/acuarela-4-e1568334933131.jpg\"><img decoding=\"async\" loading=\"lazy\" class=\"aligncenter wp-image-5337\" src=\"http:\/\/www.ceadin.org\/b\/wp-content\/uploads\/2019\/02\/acuarela-4-e1568334933131.jpg\" alt=\"\" width=\"700\" height=\"810\" srcset=\"https:\/\/www.ceadin.org\/b\/wp-content\/uploads\/2019\/02\/acuarela-4-e1568334933131.jpg 509w, https:\/\/www.ceadin.org\/b\/wp-content\/uploads\/2019\/02\/acuarela-4-e1568334933131-259x300.jpg 259w\" sizes=\"(max-width: 700px) 100vw, 700px\" \/><\/a><span style=\"color: #008000;\"><em><strong>Hasta hace no mucho, desde el modelo m\u00e9dico se asum\u00eda que la depresi\u00f3n era causada por <span style=\"color: #800080;\">-desequilibrios bioqu\u00edmicos-<\/span> y lo cierto es que esta forma de pensar ten\u00eda su parte de raz\u00f3n.<\/strong><\/em><\/span><\/h4>\n<h4><em><strong><span style=\"color: #008000;\">De hecho, en las\u00a0denominadas<\/span> <span style=\"color: #800080;\">-depresiones end\u00f3genas-<\/span> <span style=\"color: #008000;\">se aprecian dichos desajustes en los niveles de neurotransmisores. Sin embargo, estas depresiones<\/span> <span style=\"color: #008000;\">son poco comunes y lo m\u00e1s normal es que sean reactivas a<\/span><span style=\"color: #800080;\"> -alguna p\u00e9rdida importante para la persona-.<\/span><\/strong><\/em><\/h4>\n<h4><em><strong><span style=\"color: #008000;\">En este sentido, la causa no es bioqu\u00edmica, pero tampoco es debida a la situaci\u00f3n que ha tenido lugar.<\/span> &#8211;<span style=\"color: #800080;\">Y te preguntar\u00e1s,<\/span> <span style=\"color: #800080;\">\u00bfEntonces cu\u00e1l es la causa del sentimiento tan profundo de tristeza que suele acompa\u00f1ar a la depresi\u00f3n?<\/span><\/strong><\/em><\/h4>\n<blockquote>\n<h3 style=\"text-align: left;\"><span style=\"color: #800080;\"><em><strong>-La causa real del estado emocional depresivo es:<br \/>\n<span style=\"color: #008000;\">-LA MANERA DE PENSAR-<\/span><a href=\"http:\/\/www.ceadin.org\/b\/wp-content\/uploads\/2019\/09\/Ayu\u0301deme-como-cambio-mi-manera-de-pensar-Florian-Nicolle1-e1568335324604.jpg\"><img decoding=\"async\" loading=\"lazy\" class=\"aligncenter wp-image-6050\" src=\"http:\/\/www.ceadin.org\/b\/wp-content\/uploads\/2019\/09\/Ayu\u0301deme-como-cambio-mi-manera-de-pensar-Florian-Nicolle1-e1568335324604.jpg\" alt=\"\" width=\"700\" height=\"831\" srcset=\"https:\/\/www.ceadin.org\/b\/wp-content\/uploads\/2019\/09\/Ayu\u0301deme-como-cambio-mi-manera-de-pensar-Florian-Nicolle1-e1568335324604.jpg 503w, https:\/\/www.ceadin.org\/b\/wp-content\/uploads\/2019\/09\/Ayu\u0301deme-como-cambio-mi-manera-de-pensar-Florian-Nicolle1-e1568335324604-253x300.jpg 253w\" sizes=\"(max-width: 700px) 100vw, 700px\" \/><\/a><\/strong><\/em><\/span><span style=\"color: #0000ff;\"><em><strong>-La forma en la que la persona, a trav\u00e9s del filtro de la depresi\u00f3n, interpreta lo que sucede- <\/strong><\/em><\/span><\/h3>\n<h4 style=\"text-align: left;\"><em><strong><span style=\"color: #008000;\">Son los pensamientos generados de manera adyacente al estado emocional, los que hacen que este precisamente perdure en el tiempo.<\/span><\/strong><\/em><\/h4>\n<h4><em><strong><span style=\"color: #008000;\">La buena noticia es que, a pesar de que no podemos elegir la situaci\u00f3n,<\/span> <span style=\"color: #800080;\">-s\u00ed podemos intervenir sobre la manera en la que la interpretamos y nos enfrentarnos a ella-.<\/span> <span style=\"color: #008000;\">En ese punto reside nuestra responsabilidad y en nuestra mano est\u00e1 modificar esa interpretaci\u00f3n de los hechos.<\/span><\/strong><\/em><\/h4>\n<h3 style=\"text-align: center;\"><span style=\"color: #008000;\"><em><strong>Cabe decir que hay que distinguir entre:<br \/>\n<span style=\"color: #800080;\">-EMOCIONES SANAS- Y<\/span><br \/>\n<span style=\"color: #800080;\"> -ESTADOS EMOCIONALES INSANOS-<\/span><\/strong><\/em><\/span><\/h3>\n<h4><span style=\"color: #008000;\"><em><strong>Las\u00a0emociones <span style=\"color: #800080;\">-negativas sanas como la tristeza, el miedo o la incomodidad-,<\/span> nos ayudan a afrontar de forma eficaz lo que ha ocurrido en nuestra vida. <\/strong><\/em><\/span><em><strong><span style=\"color: #008000;\">Nos mueven a la acci\u00f3n, con l\u00f3gica y de manera realista. <\/span><\/strong><\/em><\/h4>\n<h4><em><strong><span style=\"color: #008000;\">Sin embargo, <span style=\"color: #800080;\">-los estados<\/span><\/span><span style=\"color: #800080;\"> emocionales insanos, como la depresi\u00f3n, la ansiedad, la culpa o la rabia nos bloquean y nos paralizan-.<\/span> <span style=\"color: #008000;\">No nos permiten afrontar la situaci\u00f3n, m\u00e1s bien lo que hacen es empeorarla e introducirnos en un c\u00edrculo vicioso del que es dif\u00edcil escapar.<\/span><\/strong><\/em><\/h4>\n<h4><em><strong><span style=\"color: #008000;\">Es normal sentir una sana tristeza cuando hemos perdido un trabajo o a nuestra pareja, pero no es normal que esa tristeza sea demasiado intensa, frecuente y duradera y acabe convirti\u00e9ndose en depresi\u00f3n.<\/span> <\/strong><\/em><\/h4>\n<h4><em><strong><span style=\"color: #800080;\">-Aqu\u00ed lo que est\u00e1 fallando es -LO QUE TE DICES A TI MISMO- <span style=\"color: #008000;\">sobre esa p\u00e9rdida.<\/span><\/span><\/strong><\/em><\/h4>\n<h4><em><strong><span style=\"color: #800080;\">-El modelo ABC-<br \/>\n<span style=\"text-decoration: underline; color: #008000;\">Distingue:<br \/>\nEl A <span style=\"color: #800080; text-decoration: underline;\">(situaci\u00f3n activadora)<\/span><br \/>\nEl B <span style=\"color: #800080; text-decoration: underline;\">(mis pensamientos y creencias sobre la situaci\u00f3n)<\/span><br \/>\ny el C <span style=\"color: #800080; text-decoration: underline;\">(c\u00f3mo me siento y c\u00f3mo act\u00fao ante la situaci\u00f3n)<\/span><\/span>.<\/span><\/strong><\/em><\/h4>\n<h4><em><strong><span style=\"color: #008000;\">-El B-<\/span> <span style=\"color: #800080;\">ser\u00eda la verdadera causa de<\/span> <span style=\"color: #008000;\">-C- y no -A-<\/span> <\/strong><\/em><\/h4>\n<h4><em><strong><span style=\"color: #008000;\">Normalmente tendemos a pensar en que<\/span> <span style=\"text-decoration: underline; color: #800080;\">-la situaci\u00f3n siempre es la responsable de c\u00f3mo nos sentimos-, <\/span><span style=\"color: #008000;\">pero esto es falso y podemos comprobarlo f\u00e1cilmente al ver, <span style=\"color: #800080;\">-que diferentes personas en las mismas circunstancias tienen emociones dispares-.<\/span><\/span><\/strong><\/em><\/h4>\n<h4><span style=\"color: #800080;\"><em><strong><span style=\"color: #008000;\">Un -B-<\/span> Te\u00f1ido de negro, <\/strong><\/em><\/span><em><strong><span style=\"color: #800080;\"><span style=\"text-decoration: underline; color: #008000;\"><span style=\"color: #800080; text-decoration: underline;\">(mis pensamientos y creencias sobre la situaci\u00f3n)<\/span><\/span><\/span><\/strong><\/em><\/h4>\n<h4><span style=\"color: #800080;\"><em><strong>&#8211;<\/strong><\/em><\/span><em><strong><span style=\"color: #800080;\">El ABC de la depresi\u00f3n-<\/span> <span style=\"color: #008000;\">podr\u00eda esquematizarse de la siguiente manera:<br \/>\n<span style=\"color: #800080;\">Hay un activador o<\/span> -A- <span style=\"color: #800080;\">que responde a una p\u00e9rdida vital, algo muy reforzante para nosotros,<\/span> <span style=\"color: #800080;\">o a que\u00a0los pensamientos o<\/span> -B- <span style=\"color: #800080;\">se tornan\u00a0de color negro.<\/span> <\/span><\/strong><\/em><\/h4>\n<h4><em><strong><span style=\"color: #008000;\">Tendemos a vernos a nosotros mismos como <span style=\"color: #800080;\">-in\u00fatiles-,<\/span> al mundo como un lugar lleno de <span style=\"color: #800080;\">-espinas y de tinieblas-<\/span> y al futuro quiz\u00e1 preferimos <span style=\"color: #800080;\">-ni mirarlo porque albergamos una tremenda desesperanza-.<\/span><\/span><\/strong><\/em><\/h4>\n<h3 style=\"text-align: center;\"><span style=\"color: #008000;\"><em><strong>Estos pensamientos nos<br \/>\ninundan la mente y nos creemos que son verdaderos. <\/strong><\/em><\/span><\/h3>\n<h4><a href=\"http:\/\/www.ceadin.org\/b\/wp-content\/uploads\/2019\/02\/acuarela-6.jpg\"><img decoding=\"async\" loading=\"lazy\" class=\"aligncenter wp-image-5339\" src=\"http:\/\/www.ceadin.org\/b\/wp-content\/uploads\/2019\/02\/acuarela-6.jpg\" alt=\"\" width=\"700\" height=\"342\" srcset=\"https:\/\/www.ceadin.org\/b\/wp-content\/uploads\/2019\/02\/acuarela-6.jpg 595w, https:\/\/www.ceadin.org\/b\/wp-content\/uploads\/2019\/02\/acuarela-6-300x147.jpg 300w\" sizes=\"(max-width: 700px) 100vw, 700px\" \/><\/a><em><strong><span style=\"color: #800080;\">-Si lo pienso, es que es verdad, creemos-.<\/span> <span style=\"color: #008000;\">En realidad no es as\u00ed, pero nuestra cabeza tiende a<\/span> <span style=\"text-decoration: underline; color: #800080;\">-generalizar, a etiquetar globalmente, a dramatizar-,<\/span> <span style=\"color: #008000;\">etc, y es esto precisamente lo que crea nuestro sufrimiento tan intenso, nuestra -C- <span style=\"color: #800080;\">emocional, que llamamos depresi\u00f3n.<\/span><\/span><\/strong><\/em><\/h4>\n<h3 style=\"text-align: center;\"><span style=\"color: #008000;\"><em><strong>Las emociones que minan nuestros objetivos y prop\u00f3sitos principales en la vida, son <span style=\"color: #800080;\">-destructivas e irracionales-.<\/span> <\/strong><\/em><\/span><\/h3>\n<h3 style=\"text-align: center;\"><em><strong><span style=\"color: #008000;\">Son fundamentalmente:<\/span> <span style=\"color: #800080;\">-la depresi\u00f3n, la ansiedad excesiva, la ira excesiva y la culpa pronunciada-.<\/span><\/strong><\/em><\/h3>\n<\/blockquote>\n<p><span style=\"color: #800080;\"><em>Albert Ellis.<\/em><\/span><br \/>\n<span style=\"color: #800080;\"><em>Artista-Florian Nicolle<\/em><\/span><\/p><\/blockquote>\n<\/blockquote>\n","protected":false},"excerpt":{"rendered":"<p>Ay\u00fademe doctor, \u00bfComo cambio mi manera de pensar.? \u2014 Los pensamientos que llenan nuestra mente y les creemos \u2014 Hasta hace no mucho, desde el modelo m\u00e9dico se asum\u00eda que la depresi\u00f3n era causada por -desequilibrios bioqu\u00edmicos- y lo cierto es que esta forma de pensar ten\u00eda su parte de raz\u00f3n. De hecho, en las\u00a0denominadas [&hellip;]<\/p>\n","protected":false},"author":2,"featured_media":0,"parent":0,"menu_order":0,"comment_status":"closed","ping_status":"closed","template":"","meta":[],"_links":{"self":[{"href":"https:\/\/www.ceadin.org\/b\/wp-json\/wp\/v2\/pages\/5298"}],"collection":[{"href":"https:\/\/www.ceadin.org\/b\/wp-json\/wp\/v2\/pages"}],"about":[{"href":"https:\/\/www.ceadin.org\/b\/wp-json\/wp\/v2\/types\/page"}],"author":[{"embeddable":true,"href":"https:\/\/www.ceadin.org\/b\/wp-json\/wp\/v2\/users\/2"}],"replies":[{"embeddable":true,"href":"https:\/\/www.ceadin.org\/b\/wp-json\/wp\/v2\/comments?post=5298"}],"version-history":[{"count":0,"href":"https:\/\/www.ceadin.org\/b\/wp-json\/wp\/v2\/pages\/5298\/revisions"}],"wp:attachment":[{"href":"https:\/\/www.ceadin.org\/b\/wp-json\/wp\/v2\/media?parent=5298"}],"curies":[{"name":"wp","href":"https:\/\/api.w.org\/{rel}","templated":true}]}}