{"id":5247,"date":"2019-02-07T03:04:53","date_gmt":"2019-02-07T03:04:53","guid":{"rendered":"http:\/\/www.ceadin.org\/b\/?page_id=5247"},"modified":"2019-03-14T02:55:51","modified_gmt":"2019-03-14T02:55:51","slug":"digame-dr-que-son-las-emociones-atrapadas","status":"publish","type":"page","link":"https:\/\/www.ceadin.org\/b\/digame-dr-que-son-las-emociones-atrapadas\/","title":{"rendered":"D\u00cdGAME Dr: Que son las emociones atrapadas"},"content":{"rendered":"<blockquote>\n<h3 style=\"text-align: center;\"><em><strong><span style=\"color: #008000;\">D\u00edgame doctor..<\/span><\/strong><\/em><\/h3>\n<h3 style=\"text-align: center;\"><em><strong><span style=\"color: #808000;\">Que son las emociones atrapadas.?<\/span><br \/>\n<span style=\"color: #800080;\">\u2014 EL MUNDO SECRETO DE LAS EMOCIONES ATRAPADAS \u2014<\/span><br \/>\n<\/strong><\/em><\/h3>\n<h3 style=\"text-align: center;\"><span style=\"color: #008000;\"><em><strong>A esta altura, seguramente te estar\u00e1s preguntando si tu\u0301 mismo, tienes alguna <span style=\"color: #800080;\">-emoci\u00f3n atrapada-<\/span> y cu\u00e1l podr\u00eda ser.<\/strong> <\/em><\/span><\/h3>\n<h4><a href=\"http:\/\/www.ceadin.org\/b\/wp-content\/uploads\/2019\/02\/barbara-gulbinowicz-46.jpg\"><img decoding=\"async\" loading=\"lazy\" class=\"aligncenter size-full wp-image-5253\" src=\"http:\/\/www.ceadin.org\/b\/wp-content\/uploads\/2019\/02\/barbara-gulbinowicz-46.jpg\" alt=\"\" width=\"736\" height=\"839\" srcset=\"https:\/\/www.ceadin.org\/b\/wp-content\/uploads\/2019\/02\/barbara-gulbinowicz-46.jpg 736w, https:\/\/www.ceadin.org\/b\/wp-content\/uploads\/2019\/02\/barbara-gulbinowicz-46-263x300.jpg 263w, https:\/\/www.ceadin.org\/b\/wp-content\/uploads\/2019\/02\/barbara-gulbinowicz-46-619x706.jpg 619w\" sizes=\"(max-width: 736px) 100vw, 736px\" \/><\/a><span style=\"color: #800080;\"><em><strong>Habl\u00e1ndole al Cuerpo:<br \/>\n<span style=\"color: #008000;\">La habilidad de abrir una l\u00ednea de comunicaci\u00f3n con el subconsciente de un paciente a trav\u00e9s del examen muscular, se convirtio\u0301 para mi\u0301 en una poderosa herramienta. Me permitio\u0301 conocer que\u0301 necesitaba un paciente para ponerse bien, tan r\u00e1pido como fuera posible.<\/span><\/strong><\/em><\/span><\/h4>\n<h4><span style=\"color: #008000;\"><em><strong>Llegue\u0301 a confiar en la sabidur\u00eda del cuerpo, de manera impl\u00edcita y a tener mucha fe en la habilidad innata del cuerpo, de comunicarme esa sabidur\u00eda a trav\u00e9s del examen muscular. Muchos a\u00f1os de dar seminarios tanto a no profesionales como m\u00e9dicos, me ense\u00f1aron que cualquiera puede hacerlo. <\/strong><\/em><\/span><\/h4>\n<h3 style=\"text-align: center;\"><span style=\"color: #008000;\"><em><strong><span style=\"color: #800080;\">Cualquier persona puede aprender<\/span><br \/>\n<span style=\"color: #800080;\"> a obtener respuestas del cuerpo y cualquiera<\/span><br \/>\n<span style=\"color: #800080;\"> puede seguir los pasos necesarios para ayudar a curar el cuerpo.<\/span><br \/>\n<\/strong><\/em><\/span><\/h3>\n<h3 style=\"text-align: center;\"><span style=\"color: #800080;\"><em><strong>No es necesario que seas m\u00e9dico, s\u00f3lo tienes que querer aprender.<\/strong><\/em><\/span><\/h3>\n<h4><em><strong><span style=\"color: #008000;\">Por muchos a\u00f1os, he sido invitado a compartir este maravilloso conocimiento con el mundo. Refinar y simplificar el<\/span> <span style=\"color: #800080;\">-C\u00f3digo de la Emoci\u00f3n-<\/span><span style=\"color: #008000;\"> llevo\u0301 muchas plegarias y esfuerzo, pero ahora es lo suficientemente simple, para que cualquiera pueda aprenderlo. <\/span><\/strong><\/em><\/h4>\n<h3 style=\"text-align: center;\"><span style=\"color: #800080;\"><em><strong>Pronto tendr\u00e1s todo el conocimiento que necesitas, para empezar a utilizar este m\u00e9todo en ti mismo, para remover las energ\u00edas emocionales atrapadas en tu cuerpo..!<\/strong><\/em><\/span><\/h3>\n<h4><span style=\"color: #008000;\"><em><strong>Si energ\u00edas emocionales negativas quedan atrapadas en nosotros, pueden afectarnos de manera desfavorable. <span style=\"color: #800080;\">-Las emociones atrapadas-<\/span> est\u00e1n hechas de energ\u00eda, al igual que la energ\u00eda conforma nuestros cuerpos y todo lo dem\u00e1s en el universo.<\/strong><\/em><\/span><\/h4>\n<h4><span style=\"color: #800080;\"><em><strong>De D\u00f3nde Vienen Nuestras Emociones:<\/strong><\/em><\/span><br \/>\n<span style=\"color: #008000;\"><em><strong> Hace miles de a\u00f1os, los antiguos m\u00e9dicos eran astutos observadores del cuerpo humano. <span style=\"color: #800080;\">-Descubrieron que aquellas personas, cuyas vidas estaban dominadas por una emoci\u00f3n en particular, tendr\u00edan dolencias correspondientes-.<\/span><\/strong><\/em><\/span><\/h4>\n<h4><span style=\"color: #800080;\"><em><strong>Por ejemplo:<\/strong><\/em><\/span><br \/>\n<span style=\"color: #008000;\"><em><strong> Las personas cuyas vidas estaban regidas <span style=\"color: #800080;\">-por la ira-<\/span> parec\u00edan sufrir de problemas de <span style=\"color: #800080;\">-h\u00edgado y ves\u00edcula-.<\/span><\/strong><\/em><\/span><br \/>\n<span style=\"color: #008000;\"> <em><strong> Las personas que pasaban sus vidas sintiendo <span style=\"color: #800080;\">-angustia-<\/span> sufr\u00edan a menudo de problemas de <span style=\"color: #800080;\">-pulm\u00f3n y colon-.<\/span><\/strong><\/em><\/span><br \/>\n<span style=\"color: #008000;\"> <em><strong> Las personas <span style=\"color: #800080;\">-temerosas-<\/span> parec\u00edan tener problemas de <span style=\"color: #800080;\">-ri\u00f1\u00f3n y vejiga-.<\/span><\/strong><\/em><\/span><\/h4>\n<h4><span style=\"color: #008000;\"><em><strong>En otras palabras, si sientes la emoci\u00f3n de miedo, tus ri\u00f1ones o vejiga est\u00e1n creando esa energ\u00eda particular o vibraci\u00f3n. Si sientes angustia, ella es producida por tus pulmones o tu colon, y asi\u0301 sucesivamente.<\/strong><\/em><\/span><\/h4>\n<h4><em><strong><span style=\"color: #008000;\">Despu\u00e9s de mucha experiencia ganada de la pr\u00e1ctica cl\u00ednica, estoy convencido de que los \u00f3rganos del cuerpo realmente producen las emociones que experimentamos. Los antiguos m\u00e9dicos ten\u00edan raz\u00f3n.<\/span> <\/strong><\/em><\/h4>\n<h4><span style=\"color: #008000;\"><em><strong>Si est\u00e1s sintiendo una emoci\u00f3n de ira, no viene de forma entera de tu cerebro, sino que es en verdad emanada por tu h\u00edgado o ves\u00edcula. <\/strong><strong>Si est\u00e1s sintiendo la emoci\u00f3n de traici\u00f3n, la emoci\u00f3n es emanada de tu coraz\u00f3n o tu intestino delgado.<\/strong><\/em><\/span><\/h4>\n<h4><span style=\"color: #800080;\"><em><strong>Aqui\u0301 hay una lista de circunstancias que a menudo resultan en emociones atrapadas:<\/strong><\/em><\/span><\/h4>\n<h4><span style=\"color: #800080;\"><em><strong>\u2022 P\u00e9rdida de un ser querido.<\/strong><\/em><\/span><br \/>\n<span style=\"color: #800080;\"> <em><strong> \u2022 Divorcio o problemas de relaci\u00f3n.<\/strong><\/em><\/span><br \/>\n<span style=\"color: #800080;\"> <em><strong> \u2022 Dificultades econ\u00f3micas.<\/strong><\/em><\/span><br \/>\n<span style=\"color: #800080;\"> <em><strong> \u2022 Estr\u00e9s laboral o del hogar.<\/strong><\/em><\/span><br \/>\n<span style=\"color: #800080;\"> <em><strong> \u2022 Aborto espont\u00e1neo o aborto.<\/strong><\/em><\/span><br \/>\n<span style=\"color: #800080;\"> <em><strong> \u2022 Trauma f\u00edsico.<\/strong><\/em><\/span><br \/>\n<span style=\"color: #800080;\"> <em><strong> \u2022 Lucha f\u00edsica o emocional.<\/strong><\/em><\/span><br \/>\n<span style=\"color: #800080;\"> <em><strong> \u2022 Abuso f\u00edsico, mental, verbal o sexual.<\/strong><\/em><\/span><br \/>\n<span style=\"color: #800080;\"> <em><strong> \u2022 Pl\u00e1ticas negativas de uno mismo.<\/strong><\/em><\/span><br \/>\n<span style=\"color: #800080;\"> <em><strong> \u2022 Creencias negativas acerca de ti mismo u otros.<br \/>\n\u2022 Estr\u00e9s a largo plazo.<\/strong><\/em><br \/>\n<em><strong> \u2022 Rechazo.<\/strong><\/em><br \/>\n<em><strong> \u2022 Internalizaci\u00f3n de sentimientos.<\/strong><\/em><br \/>\n<em><strong> \u2022 Sentimientos de inferioridad.<\/strong><\/em><br \/>\n<em><strong> \u2022 Falta de atenci\u00f3n o abandono.<\/strong><\/em><\/span><\/h4>\n<h3 style=\"text-align: center;\"><em><strong><span style=\"color: #008000;\">Esta lista bajo ninguna circunstancia incluye todo.<\/span> <\/strong><\/em><\/h3>\n<h3 style=\"text-align: center;\"><span style=\"color: #800080;\"><em><strong><span style=\"color: #008000;\">La \u00fanica manera de saber si tienes<\/span> -emociones atrapadas- <span style=\"color: #008000;\">es preguntarle al subconsciente.<\/span> <\/strong><\/em><\/span><\/h3>\n<h3 style=\"text-align: center;\"><span style=\"color: #800080;\"><em><strong>Esto se puede hacer de una forma bastante f\u00e1cil pero primero se requiere una peque\u00f1a explicaci\u00f3n.<\/strong><\/em><\/span><\/h3>\n<h4 style=\"text-align: left;\"><span style=\"color: #008000;\"><em><strong>Creo que todo lo que has hecho en tu vida entera ha sido registrado en tu subconsciente.<\/strong><\/em><\/span><\/h4>\n<h4><span style=\"color: #008000;\"><em><strong><span style=\"color: #800080;\">1.-<\/span> Cada rostro que has visto en una multitud, cada aroma, cada voz, cada canci\u00f3n, cada sabor, cada toque y cada sensaci\u00f3n que alguna vez experimentaste ha sido registrado por tu subconsciente.<\/strong><\/em><\/span><\/h4>\n<h4><span style=\"color: #008000;\"><em><strong><span style=\"color: #800080;\">2.-<\/span> Cada virus, bacteria u hongo que alguna vez haya invadido tu cuerpo, todas tus heridas, todos tus pensamientos y sentimientos y la historia completa de cada c\u00e9lula de tu cuerpo, todo ha sido archivado.<\/strong><\/em><\/span><\/h4>\n<h4><span style=\"color: #008000;\"><em><strong><span style=\"color: #800080;\">3.- -Tu subconsciente esta\u0301 tambi\u00e9n al tanto de cualquiera de las emociones atrapadas- <\/span>que tu cuerpo pueda estar albergando; tambi\u00e9n sabe exactamente que\u0301 efecto tienen estas emociones atrapadas en tu bienestar f\u00edsico, emocional y mental. Todo esto y mucho m\u00e1s esta\u0301 guardado en tu subconsciente.<\/strong><\/em><\/span><\/h4>\n<h4><span style=\"color: #008000;\"><em><strong><span style=\"color: #800080;\">4.-<\/span> <span style=\"color: #800080;\">-Deshacerte de tus emociones atrapadas-,<\/span> puede ayudarte a vencer los obst\u00e1culos de tu pasado y puede brindarle una nueva vida a tu matrimonio, familia y otras relaciones personales.<\/strong><\/em><\/span><\/h4>\n<h4><span style=\"color: #008000;\"><em><strong><span style=\"color: #800080;\">5.- -Liberarte de tus emociones atrapadas-,<\/span> puede hacerte sentir m\u00e1s seguro y motivado y puede liberarte para crear las relaciones, la carrera y la vida que siempre has deseado.<\/strong><\/em><\/span><\/h4>\n<h4><span style=\"color: #008000;\"><em><strong>Es frecuente que las personas se sientan de alguna manera cargadas por sus emociones pasadas, pero no parecen saber c\u00f3mo recuperarse de ellas. Algunas buscan ayuda a trav\u00e9s de la psicoterapia tradicional, pero \u00e9sta no trata directamente las emociones atrapadas sino t\u00edpicamente sus s\u00edntomas.<\/strong><\/em><\/span><\/h4>\n<h4><span style=\"color: #008000;\"><em><strong>Muchas personas fracasan al desempe\u00f1arse conforme a su habilidad, y tienen dificultad para hacer que su vida funcione como deber\u00eda. A menudo, la causa subyacente de su frustraci\u00f3n, es una <span style=\"color: #800080;\">-emoci\u00f3n atrapada-<\/span> de un acontecimiento del pasado, que puede ser que no se den cuenta que esta\u0301 saboteando sus esfuerzos.<\/strong><\/em><\/span><\/h4>\n<h3 style=\"text-align: center;\"><em><strong><span style=\"color: #800080;\">-Las emociones atrapadas-,<\/span><span style=\"color: #008000;\"> son verdaderamente epid\u00e9micas y son la causa invisible e insidiosa de mucho sufrimiento y enfermedad, tanto de naturaleza f\u00edsica como emocional.<\/span><\/strong><\/em><\/h3>\n<h4><em><strong><span style=\"color: #800080;\">-Las emociones atrapadas-<\/span> <span style=\"color: #008000;\">debilitan el funcionamiento inmune y dejan al cuerpo m\u00e1s vulnerable a la enfermedad. Pueden deformar los tejidos del cuerpo, bloquear el flujo de energ\u00eda, e impedir el funcionamiento normal de los \u00f3rganos y las gl\u00e1ndulas.<\/span><\/strong><\/em><\/h4>\n<h4><span style=\"color: #800080;\"><em><strong>Hay una lista de condiciones y enfermedades, con las que mis pacientes vinieron a mi\u0301, en donde las emociones atrapadas aparecieron como un factor de contribuci\u00f3n y muchas veces como la \u00fanica causa de la condici\u00f3n:<\/strong><\/em><\/span><\/h4>\n<h3><span style=\"color: #800080;\"><em><strong>Alergias.<\/strong><\/em><\/span><br \/>\n<span style=\"color: #800080;\"> <em><strong> Dolor abdominal.<\/strong><\/em><\/span><br \/>\n<span style=\"color: #800080;\"> <em><strong> Hipotiroidismo.<\/strong><\/em><\/span><br \/>\n<span style=\"color: #800080;\"> <em><strong> Lupus.<\/strong><\/em><\/span><br \/>\n<span style=\"color: #800080;\"> <em><strong> Reflujo.<\/strong><\/em><\/span><br \/>\n<span style=\"color: #800080;\"> <em><strong> Diabetes.<\/strong><\/em><\/span><br \/>\n<span style=\"color: #800080;\"> <em><strong> Dolor de espalda.<\/strong><\/em><\/span><br \/>\n<span style=\"color: #800080;\"> <em><strong> Par\u00e1lisis de Bell C\u00e1ncer.<\/strong><\/em><\/span><br \/>\n<span style=\"color: #800080;\"> <em><strong> T\u00fanel Carpiano.<\/strong><\/em><\/span><br \/>\n<span style=\"color: #800080;\"> <em><strong> Dolor de pecho.<\/strong><\/em><\/span><br \/>\n<span style=\"color: #800080;\"> <em><strong> Fatiga cr\u00f3nica.<\/strong><\/em><\/span><br \/>\n<span style=\"color: #800080;\"> <em><strong> Enfermedad de Crohn.<\/strong><\/em><\/span><br \/>\n<span style=\"color: #800080;\"> <em><strong> Colitis.<\/strong><\/em><\/span><br \/>\n<span style=\"color: #800080;\"> <em><strong> Constipaci\u00f3n.<\/strong><\/em><\/span><br \/>\n<span style=\"color: #800080;\"> <em><strong> Depresi\u00f3n.<\/strong><\/em><\/span><br \/>\n<span style=\"color: #800080;\"> <em><strong> Dificultades de aprendizaje.<\/strong><\/em><\/span><br \/>\n<span style=\"color: #800080;\"> <em><strong> Dolor de cintura.<\/strong><\/em><\/span><br \/>\n<span style=\"color: #800080;\"> <em><strong> Dislexia.<\/strong><\/em><\/span><br \/>\n<span style=\"color: #800080;\"> <em><strong> Dolor<\/strong> <strong>de ojos.<\/strong><\/em><\/span><br \/>\n<span style=\"color: #800080;\"> <em><strong>Fibromialgia.<\/strong><\/em><\/span><br \/>\n<span style=\"color: #800080;\"> <em><strong> Asma.<\/strong><\/em><\/span><br \/>\n<span style=\"color: #800080;\"> <em><strong> Frigidez.<\/strong><\/em><\/span><br \/>\n<span style=\"color: #800080;\"> <em><strong> Migra\u00f1as.<\/strong><\/em><\/span><br \/>\n<span style=\"color: #800080;\"> <em><strong> Dolor de cabeza.<\/strong><\/em><\/span><br \/>\n<span style=\"color: #800080;\"> <em><strong> Acidez (GERB).<\/strong><\/em><\/span><br \/>\n<span style=\"color: #800080;\"> <em><strong> Dolor de cadera.<\/strong><\/em><\/span><br \/>\n<span style=\"color: #800080;\"> <em><strong> Hypoglucemia.<\/strong><\/em><\/span><br \/>\n<span style=\"color: #800080;\"> <em><strong> Impotencia.<\/strong><\/em><\/span><br \/>\n<span style=\"color: #800080;\"> <em><strong> Infertilidad.<\/strong><\/em><\/span><br \/>\n<span style=\"color: #800080;\"> <em><strong> Insomnio.<\/strong><\/em><\/span><br \/>\n<span style=\"color: #800080;\"> <em><strong> Colon irritable.<\/strong><\/em><\/span><br \/>\n<span style=\"color: #800080;\"> <em><strong> Dolor articular.<\/strong><\/em><\/span><br \/>\n<span style=\"color: #800080;\"> <em><strong> Dolor de rodilla.<\/strong><\/em><\/span><br \/>\n<span style=\"color: #800080;\"> <em><strong> Esclerosis m\u00faltiple.<\/strong><\/em><\/span><br \/>\n<span style=\"color: #800080;\"> <em><strong> Dolor de cuello.<\/strong><\/em><\/span><br \/>\n<span style=\"color: #800080;\"> <em><strong> Miedos nocturnos.<\/strong><\/em><\/span><br \/>\n<span style=\"color: #800080;\"> <em><strong> Ataques de p\u00e1nico.<\/strong><\/em><\/span><br \/>\n<span style=\"color: #800080;\"> <em><strong> Mal de Parkinson.<\/strong><\/em><\/span><br \/>\n<span style=\"color: #800080;\"> <em><strong> Fobias.<\/strong><\/em><\/span><br \/>\n<span style=\"color: #800080;\"> <em><strong> Dolor de hombro.<\/strong><\/em><\/span><br \/>\n<span style=\"color: #800080;\"> <em><strong> Problemas en los senos nasales.<\/strong><\/em><\/span><br \/>\n<span style=\"color: #800080;\"> <em><strong> Codo de tenista.<\/strong><\/em><\/span><br \/>\n<span style=\"color: #800080;\"><em><strong> V\u00e9rtigo.<\/strong><\/em><\/span><\/h3>\n<\/blockquote>\n<div class=\"page\" title=\"Page 4\">\n<div class=\"layoutArea\">\n<div class=\"column\">\n<blockquote><p>Dr. Bradley Nelson<\/p>\n<p>Artista-barbara gulbinowicz<\/p><\/blockquote>\n<\/div>\n<\/div>\n<\/div>\n","protected":false},"excerpt":{"rendered":"<p>D\u00edgame doctor.. Que son las emociones atrapadas.? \u2014 EL MUNDO SECRETO DE LAS EMOCIONES ATRAPADAS \u2014 A esta altura, seguramente te estar\u00e1s preguntando si tu\u0301 mismo, tienes alguna -emoci\u00f3n atrapada- y cu\u00e1l podr\u00eda ser. Habl\u00e1ndole al Cuerpo: La habilidad de abrir una l\u00ednea de comunicaci\u00f3n con el subconsciente de un paciente a trav\u00e9s del examen [&hellip;]<\/p>\n","protected":false},"author":2,"featured_media":0,"parent":0,"menu_order":0,"comment_status":"closed","ping_status":"closed","template":"","meta":[],"_links":{"self":[{"href":"https:\/\/www.ceadin.org\/b\/wp-json\/wp\/v2\/pages\/5247"}],"collection":[{"href":"https:\/\/www.ceadin.org\/b\/wp-json\/wp\/v2\/pages"}],"about":[{"href":"https:\/\/www.ceadin.org\/b\/wp-json\/wp\/v2\/types\/page"}],"author":[{"embeddable":true,"href":"https:\/\/www.ceadin.org\/b\/wp-json\/wp\/v2\/users\/2"}],"replies":[{"embeddable":true,"href":"https:\/\/www.ceadin.org\/b\/wp-json\/wp\/v2\/comments?post=5247"}],"version-history":[{"count":0,"href":"https:\/\/www.ceadin.org\/b\/wp-json\/wp\/v2\/pages\/5247\/revisions"}],"wp:attachment":[{"href":"https:\/\/www.ceadin.org\/b\/wp-json\/wp\/v2\/media?parent=5247"}],"curies":[{"name":"wp","href":"https:\/\/api.w.org\/{rel}","templated":true}]}}