{"id":5162,"date":"2019-01-25T02:27:19","date_gmt":"2019-01-25T02:27:19","guid":{"rendered":"http:\/\/www.ceadin.org\/b\/?page_id=5162"},"modified":"2019-10-05T18:14:28","modified_gmt":"2019-10-05T18:14:28","slug":"ayudeme-dr-soy-horrible","status":"publish","type":"page","link":"https:\/\/www.ceadin.org\/b\/ayudeme-dr-soy-horrible\/","title":{"rendered":"AY\u00daDEME Dr: -Soy horrible"},"content":{"rendered":"<blockquote>\n<h3 style=\"text-align: center;\"><em><strong><br \/>\n<span style=\"color: #0000ff;\">Ay\u00fademe doctor, s<\/span><\/strong><\/em><span style=\"color: #0000ff;\"><em><strong><span style=\"color: #0000ff;\">o<\/span>y horrible..!<\/strong><\/em><\/span><\/h3>\n<blockquote>\n<h3 style=\"text-align: center;\"><em><strong><span style=\"color: #006600;\"><span style=\"color: #800080;\">\u2014 Deformaciones del pensamiento en la depresi\u00f3n \u2014<\/span><br \/>\n<\/span><\/strong><\/em><\/h3>\n<h4><a href=\"http:\/\/www.ceadin.org\/b\/wp-content\/uploads\/2019\/01\/CASANDRA22-copia-2.jpeg\"><img decoding=\"async\" loading=\"lazy\" class=\"aligncenter wp-image-5166\" src=\"http:\/\/www.ceadin.org\/b\/wp-content\/uploads\/2019\/01\/CASANDRA22-copia-2.jpeg\" alt=\"\" width=\"700\" height=\"1411\" srcset=\"https:\/\/www.ceadin.org\/b\/wp-content\/uploads\/2019\/01\/CASANDRA22-copia-2.jpeg 1488w, https:\/\/www.ceadin.org\/b\/wp-content\/uploads\/2019\/01\/CASANDRA22-copia-2-149x300.jpeg 149w, https:\/\/www.ceadin.org\/b\/wp-content\/uploads\/2019\/01\/CASANDRA22-copia-2-768x1548.jpeg 768w, https:\/\/www.ceadin.org\/b\/wp-content\/uploads\/2019\/01\/CASANDRA22-copia-2-508x1024.jpeg 508w, https:\/\/www.ceadin.org\/b\/wp-content\/uploads\/2019\/01\/CASANDRA22-copia-2-619x1248.jpeg 619w\" sizes=\"(max-width: 700px) 100vw, 700px\" \/><\/a><span style=\"color: #0000ff;\"><em><strong><span style=\"color: #008000;\">De los s\u00edntomas que presenta la depresi\u00f3n: tristeza, apat\u00eda, inhibici\u00f3n, frustraci\u00f3n-, los pensamientos negativos aparecen a primera vista, pero el papel de los<\/span><span style=\"text-decoration: underline;\"> -pensamientos deformados-<\/span> <span style=\"color: #008000;\">en la depresi\u00f3n resulta sumamente importante.<\/span><\/strong><\/em><\/span><\/h4>\n<h4><em><strong><span style=\"color: #0000ff;\">-Esta deformaci\u00f3n del pensamiento-,<\/span> <span style=\"color: #008000;\">alude a la facilidad con la que algunos deprimidos se sienten culpables de las desgracias que suceden a su alrededor.<\/span><\/strong><\/em><\/h4>\n<h4><span style=\"color: #008000;\"><em><strong>Acostumbrado a considerar las consecuencias negativas de todos sus actos, el af\u00e1n cr\u00edtico puede llegar tan lejos que encuentre responsabilidades culposas donde no las hay.<\/strong> <\/em><\/span><\/h4>\n<h4><span style=\"color: #008000;\"><em><strong>Por ejemplo:<\/strong><\/em><\/span><br \/>\n<span style=\"color: #0000ff;\"><em><strong> -Que los compa\u00f1eros de trabajo se peleen entre s\u00ed, debido a que \u00e9l est\u00e1 deprimido-.<\/strong><\/em><\/span><\/h4>\n<h4><em><strong><span style=\"color: #008000;\">La autorreferencia se puede manifestar tambi\u00e9n por<\/span> <span style=\"color: #0000ff;\">-la sensaci\u00f3n de ser el centro de atenci\u00f3n de todo el mundo-.<\/span> <span style=\"color: #008000;\">Cree que sus deficiencias y limitaciones llaman la atenci\u00f3n, y que todos fij\u00e1ndose en \u00e9l, <span style=\"color: #0000ff;\">-descubren lo horrible que es-.<\/span><\/span><\/strong><\/em><\/h4>\n<h4><span style=\"color: #008000;\"><em><strong>El deprimido se ve responsable de todas las cosas negativas, de los fracasos propios, y de los de las personas que se relacionan con \u00e9l. El mal concepto que tiene de s\u00ed mismo le lleva a pensar que si algo ha salido mal, es porque directa o indirectamente <span style=\"color: #0000ff;\">-\u00e9l tiene la culpa-.<\/span><\/strong><\/em><\/span><\/h4>\n<h4><em><strong><span style=\"color: #008000;\">1.-<\/span> <span style=\"color: #0000ff;\">Porque no ha actuado bien.<\/span><\/strong><\/em><br \/>\n<em><strong><span style=\"color: #008000;\"> 2.-<\/span> <span style=\"color: #0000ff;\">Porque deb\u00eda haber tenido en cuenta, cosas que en su aturdimiento no hab\u00eda reparado.<\/span><\/strong><\/em><br \/>\n<em><strong><span style=\"color: #008000;\"> 3.-<\/span> <span style=\"color: #0000ff;\">Por sus pensamientos hostiles e irritados.<\/span><\/strong><\/em><br \/>\n<em><strong><span style=\"color: #008000;\"> 4.-\u00a0<\/span> <span style=\"color: #0000ff;\">Por una raz\u00f3n desconocida, incluso, el caso es que se cree autor de todos los desastres.<\/span><\/strong><\/em><\/h4>\n<h4><span style=\"color: #0000ff;\"><em><strong>-Soy horrible..!<br \/>\n<span style=\"color: #008000;\">-\u00bfPorqu\u00e9 dices que eres horrible?<\/span><\/strong><\/em><\/span><br \/>\n<span style=\"color: #0000ff;\"><em><strong> -Por qu\u00e9 le hago la vida imposible a todo el mundo.<\/strong><\/em><\/span><\/h4>\n<h4><span style=\"color: #008000;\"><em><strong>-\u00bfPodr\u00edas explicarte m\u00e1s para que lo comprenda?<\/strong><\/em><\/span><br \/>\n<span style=\"color: #0000ff;\"><em><strong> -Mi marido no es feliz.<\/strong><\/em><\/span><\/h4>\n<h4><span style=\"color: #008000;\"><em><strong>-\u00bfY a quienes m\u00e1s te refer\u00edas con <span style=\"color: #0000ff;\">-todo el mundo-<\/span>?<\/strong><\/em><\/span><br \/>\n<em><strong><span style=\"color: #0000ff;\"> -Mi vecina se cay\u00f3 por la escalera. Si yo la hubiera acompa\u00f1ado como antes que \u00edbamos juntas a comprar, no habr\u00eda sucedido.<\/span><br \/>\n<span style=\"color: #0000ff;\">Y todo as\u00ed. Si yo contribuyera m\u00e1s en la sociedad tal vez habr\u00eda menos desgracias, y por mi culpa m\u00e1s de uno estar\u00e1 pasando hambre.<\/span><\/strong><\/em><\/h4>\n<h3 style=\"text-align: center;\"><span style=\"color: #800080;\"><em><strong>Significativamente, las cosas buenas<br \/>\nque le suceden a \u00e9l mismo, y a los dem\u00e1s, y aunque tenga<br \/>\nuna participaci\u00f3n directa, nunca le parecen dignas de merito.<\/strong><\/em><\/span><\/h3>\n<h4><span style=\"color: #008000;\"><em><strong>La persona del ejemplo, no s\u00f3lo se niega el derecho a estar enferma y ser cuidada por su marido, cosa que por cierto ella ha tenido ocasi\u00f3n de hacer por \u00e9l, sino que tambi\u00e9n siente mala conciencia por un accidente que ha tenido su vecina, lo cual ya es una responsabilidad excesiva, e irracional.<\/strong> <\/em><\/span><\/h4>\n<\/blockquote>\n<h3 style=\"text-align: center;\"><em><strong><span style=\"color: #800080;\">Tambi\u00e9n exagera<br \/>\nsu falta de contribuci\u00f3n hacia la humanidad:<br \/>\nNi aun encontr\u00e1ndose bien, le ser\u00eda<br \/>\nposible por s\u00ed sola, resolver los males del mundo.<\/span> <\/strong><\/em><\/h3>\n<blockquote>\n<h4><span style=\"color: #008000;\"><em><strong>El deprimido no acepta la idea de estar limitado por sus circunstancias actuales, ni espera poder reparar el tiempo perdido cuando haya mejorado. Le parece tan intolerable encontrarse postrado que se castiga por ello, por las cosas que podr\u00eda hacer, de encontrarse bien (en el ejemplo, hacer feliz al marido, acompa\u00f1ar a su vecina, ayudar a los dem\u00e1s).<\/strong> <\/em><\/span><\/h4>\n<h4><span style=\"color: #008000;\"><em><strong>Claro est\u00e1, estas ideas excesivas de cuales son sus responsabilidades tienen efectos <\/strong><\/em><em><strong>contraproducentes:<\/strong><\/em><\/span><br \/>\n<span style=\"color: #800080;\"> <em><strong> = Crean mayor malestar, cuando el deprimido cree portarse peor de lo que en realidad lo hace.<\/strong><\/em><\/span><br \/>\n<span style=\"color: #800080;\"> <em><strong> = Le roba la alegr\u00eda de hacer bien las cosas que hace, y que sin embargo cree que no son por m\u00e9rito propio.<\/strong><\/em><\/span><\/h4>\n<h3 style=\"text-align: center;\"><em><strong><span style=\"color: #800080;\">Es dif\u00edcil saber<\/span><br \/>\n<span style=\"color: #800080;\"> exactamente, qu\u00e9 se le puede exigir a la voluntad de un deprimido,<\/span><br \/>\n<span style=\"color: #800080;\"> porque hay que atenerse a la realidad de su estado.<\/span> <\/strong><\/em><\/h3>\n<h4 style=\"text-align: center;\"><span style=\"color: #008000;\"><em><strong>Ni estando deprimido puede hacer las mismas cosas que estando alegre, y por lo tanto tiene que rebajar sus exigencias temporalmente.<\/strong> <\/em><\/span><\/h4>\n<h4 style=\"text-align: center;\"><span style=\"color: #008000;\"><em><strong>Ni por otro lado deja de haber algo, por modesto que fuese, que dadas sus posibilidades reales est\u00e1 a su alcance realizar.<\/strong><\/em><\/span><\/h4>\n<h4><em><strong><span style=\"color: #008000;\">La soluci\u00f3n a este delicado problema de responsabilidades, consiste en una f\u00f3rmula prudente:<\/span><br \/>\n<span style=\"color: #008000;\">1.-<\/span> <span style=\"color: #800080;\">Comenzar por lo que se est\u00e1 seguro que el deprimido puede hacer dado su estado, y a partir de ah\u00ed aumentar gradualmente, lentamente, con la paciencia que fuera necesaria, los niveles de complicaci\u00f3n, hasta que se consiga una mejor\u00eda aceptable.<\/span><\/strong> <\/em><\/h4>\n<h4><em><strong><span style=\"color: #008000;\">2.-<\/span> <span style=\"color: #800080;\">Una meta modesta siempre es m\u00e1s f\u00e1cil de cumplir que una ambiciosa, y existe mayor seguridad que el deprimido pueda reconfortarse con \u00e9xitos que le ir\u00e1n animando.<\/span><\/strong><\/em><\/h4>\n<h4><em><strong><span style=\"color: #008000;\">3.-<\/span> <span style=\"color: #800080;\">Conforme m\u00e1s se anime, m\u00e1s puede seguir abarcando, siempre sin pretender dar saltos bruscos que le pudieran hacer fracasar. Y si fracasa en alg\u00fan momento, en lugar de castigarse por ello, es preferible m\u00e1s placentero y pr\u00e1ctico, volver a intentarlo con mayor ah\u00ednco.<\/span><\/strong><\/em><\/h4>\n<h4><em><strong><span style=\"color: #008000;\">4.-<\/span> <span style=\"color: #800080;\">Los acontecimientos que prefiere retener el deprimido, son los fracasos, las carencias, errores y debilidades. No todo va mal, ni mirando con relatividad se ver\u00edan las cosas tan graves como el deprimido las ve, pero hay como una cierta tendencia del deprimido a verlo todo negro.<\/span><\/strong><\/em><\/h4>\n<h4><em><strong><span style=\"color: #008000;\">5.-<\/span> <span style=\"color: #800080;\">El esquema de este mecanismo del pensamiento, es uno de los rasgos que delatan la presencia de tristeza a las personas que rodean al deprimido. Como s\u00f3lo muestra el lado negativo de las cosas, los dem\u00e1s acaban por darse cuenta de que no es que tenga peor suerte que los dem\u00e1s mortales, sino que se trata de que est\u00e1 deprimido.<\/span><\/strong><\/em><\/h4>\n<h4><span style=\"color: #008000;\"><em><strong>-\u00bfQu\u00e9 tal te ha ido en el trabajo?<\/strong><\/em><\/span><br \/>\n<span style=\"color: #0000ff;\"><em><strong> -Me ha salido horriblemente mal.<\/strong><\/em><\/span><br \/>\n<span style=\"color: #008000;\"><em><strong> -\u00bfQu\u00e9 ha pasado?<\/strong><\/em><\/span><br \/>\n<span style=\"color: #0000ff;\"><em><strong> -El jefe me ri\u00f1\u00f3, me equivoqu\u00e9 en un env\u00edo, y perd\u00ed una lista, en fin, espantoso.<\/strong><\/em><\/span><br \/>\n<span style=\"color: #008000;\"><em><strong> -\u00bfPero algo habr\u00e1s hecho bien durante las ocho horas de trabajo, aparte de lo<\/strong><\/em><\/span><br \/>\n<span style=\"color: #008000;\"> <em><strong> que dices?<\/strong><\/em><\/span><br \/>\n<span style=\"color: #0000ff;\"><em><strong> -Lo dem\u00e1s, normal.<\/strong><\/em><\/span><\/h4>\n<h4 style=\"text-align: center;\"><span style=\"color: #800080;\"><em><strong>Aqu\u00ed vemos un di\u00e1logo t\u00edpico con un depresivo. Nos cuenta exclusivamente lo que ha ido mal, dando la impresi\u00f3n de que lo sucedido ha sido catastr\u00f3fico.<\/strong> <\/em><\/span><\/h4>\n<h4><span style=\"color: #008000;\"><em><strong>En cambio, mirado racionalmente, la proporci\u00f3n de cosas que el deprimido hace bien es mayor que las que hace mal. La manera irracionalmente negativa de ver las cosas que tiene el juicio del deprimido, le sume en la sensaci\u00f3n de ruina y degradaci\u00f3n.<\/strong><\/em><\/span><\/h4>\n<h4><span style=\"color: #008000;\"><em><strong>-\u00bfC\u00f3mo te encuentras hoy?<\/strong><\/em><\/span><br \/>\n<span style=\"color: #0000ff;\"><em><strong> -Mal<\/strong><\/em><\/span><br \/>\n<span style=\"color: #008000;\"><em><strong> -\u00bfPero mejor o peor que ayer?<\/strong><\/em><\/span><br \/>\n<span style=\"color: #0000ff;\"><em><strong> -A medida que pasa el tiempo me encuentro peor, pensado que no mejoro.<\/strong><\/em><\/span><br \/>\n<span style=\"color: #008000;\"><em><strong> -Pero, \u00bfqu\u00e9 entender\u00edas t\u00fa por encontrarse mejor?<\/strong><\/em><\/span><br \/>\n<span style=\"color: #0000ff;\"><em><strong> -No sufrir, encontrarme alegre como antes.<\/strong><\/em><\/span><br \/>\n<span style=\"color: #008000;\"><em><strong> -Y si en el camino de estar bien, progresas, \u00bfno es eso una mejora?<\/strong><\/em><\/span><br \/>\n<span style=\"color: #0000ff;\"><em><strong> -Bueno, el que no se consuela&#8230;<\/strong><\/em><\/span><br \/>\n<span style=\"color: #008000;\"><em><strong> -Por lo menos admitir\u00e1s que hacer progresos, aunque no est\u00e9s del<\/strong><\/em><\/span><br \/>\n<span style=\"color: #008000;\"> <em><strong> todo bien, no es precisamente empeorar.<\/strong><\/em><\/span><br \/>\n<em><strong><span style=\"color: #0000ff;\"> -S\u00ed, eso es verdad.<\/span><br \/>\n<span style=\"color: #008000;\">-Entonces, que pienses que empeoras porque a\u00fan te <\/span><\/strong><\/em><span style=\"color: #008000;\"><em><strong>encuentras mal, \u00bfno es una idea negativa que contribuye a deprimirte <\/strong><\/em><em><strong>innecesariamente?<\/strong><\/em><\/span><br \/>\n<span style=\"color: #0000ff;\"><em><strong> -No puedo evitar tener esas ideas.<\/strong><\/em><\/span><br \/>\n<span style=\"color: #008000;\"><em><strong> -Pero al menos les puedes dar una r\u00e9plica, como ahora hacemos.<\/strong><\/em><\/span><\/h4>\n<h4><em><strong><span style=\"color: #008000;\">Como vemos en este ejemplo, el deprimido s\u00f3lo tiene ojos para su malestar. Si realiza peque\u00f1os progresos es como si no existiesen para \u00e9l, los desprecia porque s\u00f3lo observa lo malo y negativo, lo que le falta a\u00fan para sentirse completamente bien.<\/span> <\/strong><\/em><\/h4>\n<h4><em><strong><span style=\"color: #008000;\">Este mecanismo es peligroso porque borra en el deprimido la idea de un esfuerzo continuo, necesario para mejorar.<\/span> <\/strong><\/em><\/h4>\n<h3 style=\"text-align: center;\"><em><strong><span style=\"color: #008000;\">Le invita a abandonarse en el<\/span> <span style=\"color: #0000ff;\">-es in\u00fatil todo lo que haga-<\/span><\/strong> <\/em><\/h3>\n<h4><em><strong><span style=\"color: #008000;\">Los esfuerzos positivos siempre dan resultados, pero es imprescindible que, a pesar de que sean peque\u00f1os y graduales, el deprimido los detecte y aprecie.<\/span> <\/strong><\/em><\/h4>\n<h3 style=\"text-align: center;\"><span style=\"color: #800080;\"><em><strong>Por el contrario, la selecci\u00f3n tendenciosa de lo malo, amenaza con eliminar todo <\/strong><\/em><em><strong>intento de salir poco a poco de la depresi\u00f3n.<\/strong><\/em><\/span><\/h3>\n<p>&nbsp;<\/p>\n<p>Deformaciones del pensamiento en la depresi\u00f3n.<br \/>\nPor: Jos\u00e9 Luis Catal\u00e1n Bitri\u00e1n<\/p>\n<p>Artista-Cassandra Barney<\/p><\/blockquote>\n<\/blockquote>\n","protected":false},"excerpt":{"rendered":"<p>Ay\u00fademe doctor, soy horrible..! \u2014 Deformaciones del pensamiento en la depresi\u00f3n \u2014 De los s\u00edntomas que presenta la depresi\u00f3n: tristeza, apat\u00eda, inhibici\u00f3n, frustraci\u00f3n-, los pensamientos negativos aparecen a primera vista, pero el papel de los -pensamientos deformados- en la depresi\u00f3n resulta sumamente importante. -Esta deformaci\u00f3n del pensamiento-, alude a la facilidad con la que algunos [&hellip;]<\/p>\n","protected":false},"author":2,"featured_media":0,"parent":0,"menu_order":0,"comment_status":"closed","ping_status":"closed","template":"","meta":[],"_links":{"self":[{"href":"https:\/\/www.ceadin.org\/b\/wp-json\/wp\/v2\/pages\/5162"}],"collection":[{"href":"https:\/\/www.ceadin.org\/b\/wp-json\/wp\/v2\/pages"}],"about":[{"href":"https:\/\/www.ceadin.org\/b\/wp-json\/wp\/v2\/types\/page"}],"author":[{"embeddable":true,"href":"https:\/\/www.ceadin.org\/b\/wp-json\/wp\/v2\/users\/2"}],"replies":[{"embeddable":true,"href":"https:\/\/www.ceadin.org\/b\/wp-json\/wp\/v2\/comments?post=5162"}],"version-history":[{"count":0,"href":"https:\/\/www.ceadin.org\/b\/wp-json\/wp\/v2\/pages\/5162\/revisions"}],"wp:attachment":[{"href":"https:\/\/www.ceadin.org\/b\/wp-json\/wp\/v2\/media?parent=5162"}],"curies":[{"name":"wp","href":"https:\/\/api.w.org\/{rel}","templated":true}]}}