{"id":5149,"date":"2019-01-24T20:14:08","date_gmt":"2019-01-24T20:14:08","guid":{"rendered":"http:\/\/www.ceadin.org\/b\/?page_id=5149"},"modified":"2019-02-20T02:09:17","modified_gmt":"2019-02-20T02:09:17","slug":"ayudeme-dr-neurosis-y-trastornos-del-caracter-sargento-y-mujer","status":"publish","type":"page","link":"https:\/\/www.ceadin.org\/b\/ayudeme-dr-neurosis-y-trastornos-del-caracter-sargento-y-mujer\/","title":{"rendered":"AY\u00daDEME Dr: -Neurosis y trastornos del car\u00e1cter: Sargento y Mujer"},"content":{"rendered":"<blockquote>\n<h3 style=\"text-align: center;\"><em><strong><br \/>\n<span style=\"color: #008000;\">Ay\u00fademe doctor\u2026<\/span><\/strong><\/em><\/h3>\n<h3 style=\"text-align: center;\"><em><strong><span style=\"color: #0000ff;\">\u2014 Neurosis y trastornos del car\u00e1cter \u2014<\/span><br \/>\n<\/strong><\/em><\/h3>\n<h4 style=\"text-align: left;\"><span style=\"color: #800080;\"><em><strong>El punto a que pueden llegar psicol\u00f3gicamente algunas personas,<\/strong><\/em><\/span><br \/>\n<span style=\"color: #800080;\"><em><strong>para no asumir la responsabilidad de problemas personales resulta, adem\u00e1s de triste, a veces incluso rid\u00edculo.<\/strong><\/em><\/span><\/h4>\n<h4 style=\"text-align: left;\"><span style=\"color: #0000ff;\"><em><strong>CASO: Sargento<\/strong><\/em><\/span><\/h4>\n<h4><a href=\"http:\/\/www.ceadin.org\/b\/wp-content\/uploads\/2019\/01\/Zdzislaw-Beksinski34.jpg\"><img decoding=\"async\" loading=\"lazy\" class=\"aligncenter size-full wp-image-5156\" src=\"http:\/\/www.ceadin.org\/b\/wp-content\/uploads\/2019\/01\/Zdzislaw-Beksinski34.jpg\" alt=\"\" width=\"1327\" height=\"1333\" srcset=\"https:\/\/www.ceadin.org\/b\/wp-content\/uploads\/2019\/01\/Zdzislaw-Beksinski34.jpg 1327w, https:\/\/www.ceadin.org\/b\/wp-content\/uploads\/2019\/01\/Zdzislaw-Beksinski34-150x150.jpg 150w, https:\/\/www.ceadin.org\/b\/wp-content\/uploads\/2019\/01\/Zdzislaw-Beksinski34-300x300.jpg 300w, https:\/\/www.ceadin.org\/b\/wp-content\/uploads\/2019\/01\/Zdzislaw-Beksinski34-768x771.jpg 768w, https:\/\/www.ceadin.org\/b\/wp-content\/uploads\/2019\/01\/Zdzislaw-Beksinski34-1019x1024.jpg 1019w, https:\/\/www.ceadin.org\/b\/wp-content\/uploads\/2019\/01\/Zdzislaw-Beksinski34-619x622.jpg 619w\" sizes=\"(max-width: 1327px) 100vw, 1327px\" \/><\/a><em><strong><span style=\"color: #008000;\">En una ocasi\u00f3n me enviaron a un sargento del ej\u00e9rcito destinado en Okinawa, que se hallaba en serias dificultades por entregarse excesivamente a la bebida, para que lo evaluase psiqui\u00e1tricamente y si era posible, para que lo ayudara.<\/span> <\/strong><\/em><\/h4>\n<h4><span style=\"color: #008000;\"><em><strong>El hombre neg\u00f3 que fuera alcoh\u00f3lico y que el alcohol fuese un problema personal.<\/strong><\/em><\/span><\/h4>\n<h4><em><strong><span style=\"color: #0000ff;\">\u2014En Okinawa, por las noches, no hay nada que hacer, salvo beber<\/span> <span style=\"color: #008000;\">\u2014me explic\u00f3.<\/span><\/strong><\/em><br \/>\n<em><strong><span style=\"color: #008000;\"> \u2014\u00bfNo le gusta leer? \u2014le pregunt\u00e9.<\/span><br \/>\n<span style=\"color: #0000ff;\">\u2014Oh, s\u00ed, claro, me gusta leer.<\/span><br \/>\n<span style=\"color: #008000;\">\u2014Entonces, \u00bfpor qu\u00e9 no lee por las noches en lugar de beber?<\/span><br \/>\n<span style=\"color: #0000ff;\">\u2014En los cuarteles hay demasiado ruido para leer.<\/span><\/strong><\/em><\/h4>\n<h4><span style=\"color: #008000;\"><em><strong>\u2028\u2014\u00bfPor qu\u00e9 no va a la biblioteca?<\/strong><\/em><\/span><br \/>\n<span style=\"color: #0000ff;\"><em><strong> \u2014Est\u00e1 muy lejos.<\/strong><\/em><\/span><br \/>\n<span style=\"color: #008000;\"><em><strong> \u2014\u00bfM\u00e1s lejos que el bar que usted frecuenta?<\/strong><\/em><\/span><br \/>\n<span style=\"color: #0000ff;\"><em><strong> \u2014Bueno, la verdad es que no soy buen lector. No me interesa mucho la lectura.\u2028<\/strong><\/em><\/span><\/h4>\n<h4><span style=\"color: #008000;\"><em><strong>\u2014\u00bfLe gusta la pesca? \u2014le pregunt\u00e9 entonces.<\/strong><\/em><\/span><br \/>\n<span style=\"color: #0000ff;\"><em><strong> \u2014S\u00ed, me encanta pescar.<\/strong><\/em><\/span><br \/>\n<span style=\"color: #008000;\"><em><strong> \u2028\u2014\u00bfPor qu\u00e9 no va a pescar en lugar de beber?<\/strong><\/em><\/span><br \/>\n<span style=\"color: #0000ff;\"><em><strong> \u2014Porque tengo trabajo durante todo el d\u00eda.<\/strong><\/em><\/span><br \/>\n<span style=\"color: #008000;\"><em><strong> \u2014\u00bfNo puede usted pescar por la noche?<\/strong><\/em><\/span><br \/>\n<span style=\"color: #0000ff;\"><em><strong> \u2014No, en Okinawa no se pesca de noche.<\/strong><\/em><\/span><\/h4>\n<h4><em><strong><span style=\"color: #008000;\">\u2014Pues conozco varias organizaciones \u2014le dije\u2014 que pescan aqu\u00ed por la noche.<\/span> <span style=\"color: #008000;\">\u00bfQuiere que lo ponga en contacto con ellas?<\/span><\/strong><\/em><br \/>\n<span style=\"color: #0000ff;\"><em><strong> \u2014La verdad es que no me gusta pescar.<\/strong><\/em><\/span><\/h4>\n<h4><span style=\"color: #008000;\"><em><strong>\u2014Por lo que usted dice \u2014aclar\u00e9\u2014, en Okinawa hay otras cosas para hacer, aparte de beber, <\/strong><\/em><em><strong>pero lo que m\u00e1s le gusta hacer a usted en Okinawa es beber.<\/strong><\/em><\/span><br \/>\n<span style=\"color: #0000ff;\"><em><strong> \u2014S\u00ed, supongo que es as\u00ed.<\/strong><\/em><\/span><\/h4>\n<h4><span style=\"color: #008000;\"><em><strong>\u2014A causa de la bebida est\u00e1 usted teniendo dificultades,<\/strong><\/em><\/span><br \/>\n<span style=\"color: #008000;\"> <em><strong> de modo que se encuentra ante un problema real, \u00bfno es as\u00ed?<\/strong><\/em><\/span><br \/>\n<span style=\"color: #0000ff;\"><em><strong> \u2014Esta maldita isla har\u00eda beber a cualquiera..!<\/strong><\/em><\/span><\/h4>\n<h4><span style=\"color: #008000;\"><em><strong>Durante un rato continu\u00e9 tratando de convencer al sargento, pero \u00e9ste no estaba<\/strong><\/em><\/span><br \/>\n<span style=\"color: #008000;\"> <em><strong> en modo alguno interesado por ver su inclinaci\u00f3n a beber como un problema personal, que <\/strong><\/em><em><strong>podr\u00eda resolver con ayuda o sin ella, de modo que lament\u00e1ndolo mucho, comuniqu\u00e9 a su superior <\/strong><\/em><em><strong>que no era posible prestar ayuda a aquel hombre, que continu\u00f3 bebiendo, y que termin\u00f3 <\/strong><\/em><em><strong>por ser apartado del servicio.<\/strong><\/em><\/span><\/h4>\n<h3 style=\"text-align: center;\"><span style=\"color: #008000;\">\u2014\/\u2014<\/span><\/h3>\n<p>&nbsp;<\/p>\n<h4><span style=\"color: #0000ff;\"><em><strong>CASO: Mujer sin auto<\/strong><\/em><\/span><\/h4>\n<h4><a href=\"http:\/\/www.ceadin.org\/b\/wp-content\/uploads\/2019\/01\/art.jpg\"><img decoding=\"async\" loading=\"lazy\" class=\"aligncenter size-full wp-image-5155\" src=\"http:\/\/www.ceadin.org\/b\/wp-content\/uploads\/2019\/01\/art.jpg\" alt=\"\" width=\"964\" height=\"1206\" srcset=\"https:\/\/www.ceadin.org\/b\/wp-content\/uploads\/2019\/01\/art.jpg 964w, https:\/\/www.ceadin.org\/b\/wp-content\/uploads\/2019\/01\/art-240x300.jpg 240w, https:\/\/www.ceadin.org\/b\/wp-content\/uploads\/2019\/01\/art-768x961.jpg 768w, https:\/\/www.ceadin.org\/b\/wp-content\/uploads\/2019\/01\/art-819x1024.jpg 819w, https:\/\/www.ceadin.org\/b\/wp-content\/uploads\/2019\/01\/art-619x774.jpg 619w\" sizes=\"(max-width: 964px) 100vw, 964px\" \/><\/a><span style=\"color: #008000;\"><em><strong>Una esposa joven, que resid\u00eda tambi\u00e9n en Okinawa, se cort\u00f3 la mu\u00f1eca con una hoja de afeitar, e inmediatamente fue conducida a la sala de urgencias, donde la vi.<\/strong><\/em><\/span><\/h4>\n<h4><span style=\"color: #008000;\"><em><strong>Le pregunt\u00e9 por qu\u00e9 lo hab\u00eda hecho.<\/strong><\/em><\/span><br \/>\n<span style=\"color: #0000ff;\"><em><strong> \u2014Para matarme.<\/strong><\/em><\/span><br \/>\n<span style=\"color: #008000;\"><em><strong> \u2028\u2014\u00bfPor qu\u00e9 quer\u00eda matarse?<\/strong><\/em><\/span><br \/>\n<span style=\"color: #0000ff;\"><em><strong> \u2014Porque no soporto vivir en esta maldita isla. <span style=\"color: #0000ff;\">\u2014<\/span><\/strong><\/em><em><strong>Tiene usted que hacerme volver a Estados Unidos. \u2014<\/strong><\/em><em><strong>Me matar\u00e9 si permanezco aqu\u00ed m\u00e1s tiempo.<\/strong><\/em><\/span><\/h4>\n<h4><span style=\"color: #008000;\"><em><strong>\u2014\u00bfPor qu\u00e9 es tan doloroso vivir en Okinawa? \u2014le pregunt\u00e9.<\/strong><\/em><\/span><br \/>\n<span style=\"color: #008000;\"><em><strong> La mujer rompi\u00f3 a llorar y en medio de los sollozos, dijo:<\/strong><\/em><\/span><br \/>\n<span style=\"color: #0000ff;\"><em><strong> \u2014Aqu\u00ed no tengo amigos, estoy siempre sola.<\/strong><\/em><\/span><br \/>\n<span style=\"color: #008000;\"><em><strong> \u2028\u2014Eso es malo. \u00bfPor qu\u00e9 no ha hecho amistades?<\/strong><\/em><\/span><br \/>\n<span style=\"color: #0000ff;\"><em><strong> \u2014Tengo que vivir en una urbanizaci\u00f3n de Okinawa donde ninguno de mis vecinos habla ingl\u00e9s.<\/strong><\/em><\/span><\/h4>\n<h4><em><strong><span style=\"color: #008000;\">\u2014\u00bfPor qu\u00e9 no va a la zona residencial norteamericana o al club de mujeres para entablar alguna relaci\u00f3n?<\/span><br \/>\n<span style=\"color: #0000ff;\">\u2014Porque mi marido se lleva el coche para ir al trabajo.<\/span><\/strong><\/em><br \/>\n<span style=\"color: #008000;\"><em><strong> \u2014\u00bfY no podr\u00eda llevarlo usted misma al trabajo, puesto que est\u00e1 sola durante todo el d\u00eda y se aburre? \u2014pregunt\u00e9.<\/strong><\/em><\/span><br \/>\n<span style=\"color: #0000ff;\"><em><strong> \u2014Es un coche con el cambio de marcha manual, y no s\u00e9 conducirlo; <\/strong><\/em><\/span><span style=\"color: #0000ff;\"><em><strong>s\u00f3lo s\u00e9 conducir los que tienen caja autom\u00e1tica.<\/strong><\/em><\/span><br \/>\n<em><strong><span style=\"color: #008000;\"> \u2014Podr\u00eda aprender a conducirlo.\u2028 \u2014le dije.<\/span><br \/>\n<\/strong><\/em><\/h4>\n<h4><span style=\"color: #008000;\"><em><strong>\u2014La mujer se me qued\u00f3 mirando.<\/strong><\/em><\/span><br \/>\n<span style=\"color: #0000ff;\"><em><strong> \u2014\u00bfEn estas carreteras..?\u00a0\u00a0 Usted debe de estar loco..!<\/strong><\/em><\/span><\/h4>\n<\/blockquote>\n<p>&nbsp;<\/p>\n<blockquote><p>Artista-Zdzislaw-Beksinski<br \/>\nArtista-sally_swatland<\/p><\/blockquote>\n","protected":false},"excerpt":{"rendered":"<p>Ay\u00fademe doctor\u2026 \u2014 Neurosis y trastornos del car\u00e1cter \u2014 El punto a que pueden llegar psicol\u00f3gicamente algunas personas, para no asumir la responsabilidad de problemas personales resulta, adem\u00e1s de triste, a veces incluso rid\u00edculo. CASO: Sargento En una ocasi\u00f3n me enviaron a un sargento del ej\u00e9rcito destinado en Okinawa, que se hallaba en serias dificultades [&hellip;]<\/p>\n","protected":false},"author":2,"featured_media":0,"parent":0,"menu_order":0,"comment_status":"closed","ping_status":"closed","template":"","meta":[],"_links":{"self":[{"href":"https:\/\/www.ceadin.org\/b\/wp-json\/wp\/v2\/pages\/5149"}],"collection":[{"href":"https:\/\/www.ceadin.org\/b\/wp-json\/wp\/v2\/pages"}],"about":[{"href":"https:\/\/www.ceadin.org\/b\/wp-json\/wp\/v2\/types\/page"}],"author":[{"embeddable":true,"href":"https:\/\/www.ceadin.org\/b\/wp-json\/wp\/v2\/users\/2"}],"replies":[{"embeddable":true,"href":"https:\/\/www.ceadin.org\/b\/wp-json\/wp\/v2\/comments?post=5149"}],"version-history":[{"count":0,"href":"https:\/\/www.ceadin.org\/b\/wp-json\/wp\/v2\/pages\/5149\/revisions"}],"wp:attachment":[{"href":"https:\/\/www.ceadin.org\/b\/wp-json\/wp\/v2\/media?parent=5149"}],"curies":[{"name":"wp","href":"https:\/\/api.w.org\/{rel}","templated":true}]}}