{"id":472,"date":"2011-02-13T21:08:49","date_gmt":"2011-02-13T21:08:49","guid":{"rendered":"http:\/\/www.ceadin.org\/b\/"},"modified":"2022-11-23T06:55:27","modified_gmt":"2022-11-23T06:55:27","slug":"normas-del-grupo","status":"publish","type":"page","link":"https:\/\/www.ceadin.org\/b\/normas-del-grupo\/","title":{"rendered":"Normas del grupo"},"content":{"rendered":"<h3 style=\"text-align: center;\"><em><strong><br \/>\n<span style=\"color: #a838cf;\">Para el Centro es muy importante cumplir estas normas:<\/span><\/strong><\/em><\/h3>\n<blockquote>\n<blockquote>\n<blockquote>\n<h3 style=\"text-align: left;\"><span style=\"color: #808000;\"><em><strong><span style=\"color: #a838cf;\">1.-<\/span> Estamos aqu\u00ed para trabajar en nuestra curaci\u00f3n de actitudes, cambiar nuestra percepci\u00f3n hacia la Paz y no al conflicto y hacia el Amor en lugar del temor.<\/strong><\/em><\/span><\/h3>\n<h3 style=\"text-align: left;\"><span style=\"color: #808000;\"><em><strong><br \/>\n<span style=\"color: #a838cf;\">2.-<\/span> Respetamos a cada persona como \u00fanica.<br \/>\nCada una se conoce a s\u00ed misma mejor que nadie y si cada quien logra escuchar su Voz Interior, encontrar\u00e1 las mejores respuestas.<\/strong><\/em><\/span><\/h3>\n<h3 style=\"text-align: left;\"><span style=\"color: #808000;\"><em><strong><br \/>\n<span style=\"color: #a838cf;\">3.-<\/span> Reconocemos que cada uno est\u00e1 aqu\u00ed por sus propias necesidades. Nuestra meta es nuestra curaci\u00f3n personal y la Paz Interior.<\/strong><\/em><\/span><\/h3>\n<h3 style=\"text-align: left;\"><span style=\"color: #808000;\"><em><strong><br \/>\n<span style=\"color: #a838cf;\">4.-<\/span> Est\u00e1 bien no tener la respuesta para otro.<br \/>\nBasta con escucharlo con amor.<\/strong><\/em><\/span><\/h3>\n<h3 style=\"text-align: left;\"><span style=\"color: #808000;\"><em><strong><br \/>\n<span style=\"color: #a838cf;\">5.-<\/span> Al arriesgarnos, exponiendo nuestros propios estados emocionales, encontramos experiencias comunes que facilitan que nos unamos.<\/strong><\/em><\/span><\/h3>\n<h3 style=\"text-align: left;\"><span style=\"color: #808000;\"><em><strong><br \/>\n<span style=\"color: #a838cf;\">6.-<\/span> Cada persona aprende a mirar a la otra, viendo en<br \/>\nella solamente la Luz y no la pantalla.<\/strong><\/em><\/span><\/h3>\n<h3 style=\"text-align: left;\"><span style=\"color: #808000;\"><em><strong><br \/>\n<span style=\"color: #a838cf;\">7.-<\/span> Estamos aqu\u00ed para trabajar en la Calidad de Vida y no para centrarnos en la enfermedad, cualquiera que sea.<\/strong><\/em><\/span><\/h3>\n<h3 style=\"text-align: left;\"><span style=\"color: #808000;\"><em><strong><br \/>\n<span style=\"color: #a838cf;\">8.-<\/span> Todos los comentarios y todas las relaciones son horizontales, entre iguales. Los papeles de estudiante y maestro son intercambiables:<br \/>\nFluct\u00faan del uno al otro.<\/strong><\/em><\/span><\/h3>\n<h3 style=\"text-align: left;\"><span style=\"color: #808000;\"><em><strong><br \/>\n<span style=\"color: #a838cf;\">9.-<\/span> Nuestro objetivo es Dar Apoyo mutuo. Escuchar sin hacer juicios. Compartimos nuestras experiencias, lo que funciona para nosotros. En vez de dar consejos, ayudamos a otros a encontrar sus propias respuestas.<\/strong><\/em><\/span><\/h3>\n<h3 style=\"text-align: left;\"><span style=\"color: #808000;\"><em><strong><br \/>\n<span style=\"color: #a838cf;\">10.-<\/span> Estamos aqu\u00ed para practicar, la \u00fanica meta de elegir Paz en lugar de conflicto, al practicar el Perd\u00f3n y al liberarnos del temor.<\/strong><\/em><\/span><\/h3>\n<\/blockquote>\n<p>&nbsp;<\/p>\n<h4><span style=\"color: #008080;\"><em><strong>Busque ayuda inmediatamente si:<\/strong><\/em><\/span><br \/>\n<span style=\"color: #008080;\"><em><strong>Se siente abrumado.<\/strong><\/em><\/span><br \/>\n<span style=\"color: #008080;\"><em><strong>\u2028Est\u00e1 pensando en hacerse da\u00f1o o en da\u00f1ar a otra persona.<\/strong><\/em><\/span><br \/>\n<span style=\"color: #008080;\"><em><strong>Es incapaz de controlar su comportamiento.<\/strong><\/em><\/span><br \/>\n<span style=\"color: #008080;\"><em><strong>Tiene otros s\u00edntomas muy angustiantes de trastorno<\/strong><\/em><\/span><br \/>\n<span style=\"color: #008080;\"><em><strong>de estr\u00e9s postraum\u00e1tico.<\/strong><\/em><\/span><\/h4>\n<h4><span style=\"color: #a838cf;\"><em><strong>EN CASO NECESARIO:<\/strong><\/em><\/span><br \/>\n<span style=\"color: #a838cf;\"><em><strong>Llame a su m\u00e9dico.<\/strong><\/em><\/span><br \/>\n<span style=\"color: #a838cf;\"><em><strong>Llame al 911 para servicios de emergencia\u2028 o vaya<\/strong><\/em><\/span><br \/>\n<span style=\"color: #a838cf;\"><em><strong>a la sala de emergencias m\u00e1s cercana.<\/strong><\/em><\/span><br \/>\n<span style=\"color: #a838cf;\"><em><strong>En un caso de emergencia, puede llamar a:<\/strong><\/em><\/span><br \/>\n<span style=\"color: #a838cf;\"><em><strong>SAPTEL \u201cSistema Nacional de Apoyo, Consejo \u2028Psicol\u00f3gico<\/strong><\/em><\/span><br \/>\n<span style=\"color: #a838cf;\"><em><strong>e Intervenci\u00f3n en Crisis por Tel\u00e9fono\u201d<\/strong><\/em><\/span><br \/>\n<span style=\"color: #a838cf;\"><em><strong>(Cruz Roja Mexicana\u2013 24 Hrs.) sin costo<\/strong><\/em><\/span><\/h4>\n<h4><span style=\"color: #a838cf;\"><em><strong>SAPTEL<\/strong><\/em><\/span><br \/>\n<span style=\"color: #a838cf;\"><em><strong>Av M\u00e9xico #37, Hip\u00f3dromo,<\/strong><\/em><\/span><br \/>\n<span style=\"color: #a838cf;\"><em><strong>Cuauht\u00e9moc, Ciudad de M\u00e9xico.<\/strong><\/em><\/span><br \/>\n<span style=\"color: #a838cf;\"><em><strong>Tel\u00e9fono:(55) 52598121<\/strong><\/em><\/span><br \/>\n<span style=\"color: #a838cf;\"><em><strong>E-mail: <a class=\"col1\" style=\"color: #a838cf;\" href=\"https:\/\/www.saptel.org.mx\/contacto.html#\">saptel.crlyc@gmail.com<\/a><\/strong><\/em><\/span><\/h4>\n<\/blockquote>\n<\/blockquote>\n","protected":false},"excerpt":{"rendered":"<p>Para el Centro es muy importante cumplir estas normas: 1.- Estamos aqu\u00ed para trabajar en nuestra curaci\u00f3n de actitudes, cambiar nuestra percepci\u00f3n hacia la Paz y no al conflicto y hacia el Amor en lugar del temor. 2.- Respetamos a cada persona como \u00fanica. Cada una se conoce a s\u00ed misma mejor que nadie y [&hellip;]<\/p>\n","protected":false},"author":2,"featured_media":0,"parent":0,"menu_order":3,"comment_status":"open","ping_status":"closed","template":"","meta":[],"_links":{"self":[{"href":"https:\/\/www.ceadin.org\/b\/wp-json\/wp\/v2\/pages\/472"}],"collection":[{"href":"https:\/\/www.ceadin.org\/b\/wp-json\/wp\/v2\/pages"}],"about":[{"href":"https:\/\/www.ceadin.org\/b\/wp-json\/wp\/v2\/types\/page"}],"author":[{"embeddable":true,"href":"https:\/\/www.ceadin.org\/b\/wp-json\/wp\/v2\/users\/2"}],"replies":[{"embeddable":true,"href":"https:\/\/www.ceadin.org\/b\/wp-json\/wp\/v2\/comments?post=472"}],"version-history":[{"count":0,"href":"https:\/\/www.ceadin.org\/b\/wp-json\/wp\/v2\/pages\/472\/revisions"}],"wp:attachment":[{"href":"https:\/\/www.ceadin.org\/b\/wp-json\/wp\/v2\/media?parent=472"}],"curies":[{"name":"wp","href":"https:\/\/api.w.org\/{rel}","templated":true}]}}