{"id":4583,"date":"2018-05-23T19:35:51","date_gmt":"2018-05-23T19:35:51","guid":{"rendered":"http:\/\/www.ceadin.org\/b\/?page_id=4583"},"modified":"2019-02-20T02:11:20","modified_gmt":"2019-02-20T02:11:20","slug":"7-expliqueme-dr-que-tipos-de-familias-favorecen-la-depresion","status":"publish","type":"page","link":"https:\/\/www.ceadin.org\/b\/7-expliqueme-dr-que-tipos-de-familias-favorecen-la-depresion\/","title":{"rendered":"EXPL\u00cdQUEME Dr: -Que tipos de familias favorecen la depresi\u00f3n"},"content":{"rendered":"<h3 style=\"text-align: center;\"><span style=\"color: #008000;\"><em><strong>Expl\u00edqueme doctor&#8230;<\/strong><\/em><\/span><\/h3>\n<h3 style=\"text-align: center;\"><span style=\"text-decoration: underline; color: #008000;\"><em><strong><span style=\"color: #0000ff; text-decoration: underline;\">-LA DEPRESI\u00d3N-<\/span> ES UN FEN\u00d3MENO<br \/>\nCOMPLEJO, QUE NO ES ATRIBUIBLE A UNA SOLA CAUSA<\/strong><\/em><\/span><span style=\"text-decoration: underline; color: #008000;\"><em><strong>. <\/strong><\/em><\/span><\/h3>\n<h3 style=\"text-align: center;\"><span style=\"color: #008000;\"><em><strong><a href=\"http:\/\/www.ceadin.org\/b\/wp-content\/uploads\/2018\/05\/fb-irena-Camila-do-Rosa\u0301rio-3.jpg\"><img decoding=\"async\" loading=\"lazy\" class=\"aligncenter size-full wp-image-4607\" src=\"http:\/\/www.ceadin.org\/b\/wp-content\/uploads\/2018\/05\/fb-irena-Camila-do-Rosa\u0301rio-3.jpg\" alt=\"\" width=\"800\" height=\"456\" \/><\/a><span style=\"text-decoration: underline; color: #0000ff;\">Su origen se encuentra en<br \/>\nuna serie de factores con m\u00e1s o menos causas.<\/span><\/strong><\/em><\/span><\/h3>\n<h3 style=\"text-align: center;\"><span style=\"text-decoration: underline; color: #0000ff;\"><em><strong>Este escrito se va a centrar en la estructura familiar como catalizadora, para bien o para mal, del desarrollo psicol\u00f3gico del sujeto.<br \/>\n<\/strong><\/em><\/span><\/h3>\n<blockquote>\n<h3 style=\"text-align: center;\"><span style=\"text-decoration: underline; color: #0000ff;\"><em><strong><span style=\"color: #ff0000; text-decoration: underline;\">Se puede decir que hay tres tipos de familias que pueden<\/span><br \/>\n<span style=\"color: #ff0000; text-decoration: underline;\"> favorecer la aparici\u00f3n de la depresi\u00f3n:<\/span><\/strong><\/em><\/span><\/h3>\n<\/blockquote>\n<h3 style=\"text-align: center;\"><span style=\"text-decoration: underline; color: #ff0000;\"><em><strong># 1.- La familia perfeccionista.<\/strong><\/em><\/span><\/h3>\n<h4 style=\"text-align: center;\"><span style=\"text-decoration: underline; color: #008000;\"><em><strong>Por desgracia, \u00e9ste es uno de los tipos de<br \/>\nfamilias que se da con m\u00e1s frecuencia\u00a0en la\u00a0cultura occidental.<\/strong><\/em><\/span><\/h4>\n<blockquote>\n<h4><span style=\"color: #993300;\">Narrativa:<\/span><\/h4>\n<h3><span style=\"color: #993300;\"><em><strong>&#8230; Antonio pertenece a una de estas familias perfeccionistas. Desde peque\u00f1o ha sido educado para ser el m\u00e1s estudioso, el m\u00e1s inteligente, el mejor deportista. <\/strong><\/em><\/span><\/h3>\n<h3 style=\"text-align: center;\"><span style=\"color: #993300;\"><em><strong>El mensaje que ha recibido con insistencia es \u00e9ste:<br \/>\n<span style=\"text-decoration: underline; color: #ff0000;\">-Debes ser perfecto para ser alguien en la vida-<\/span><\/strong><\/em><\/span><\/h3>\n<h3><em><span style=\"color: #993300;\"><strong>En este ambiente familiar, no importa el individuo ni los medios que haya que emplear si se consigue ser el primero.<\/strong><\/span><\/em><\/h3>\n<h3><span style=\"color: #993300;\"><em><strong>Antonio fue un ni\u00f1o modelo, un adolescente modelo y un adulto modelo. Parec\u00eda como -si nunca hubiera roto un plato-, dec\u00edan sus compa\u00f1eros.<\/strong><\/em><\/span><\/h3>\n<h3><span style=\"color: #993300;\"><em><strong>Ahora, con treinta a\u00f1os y tras el abandono de su mujer, que le ha dejado por otro hombre, y la p\u00e9rdida del trabajo, todo su andamiaje psicol\u00f3gico se ha venido abajo:<span style=\"text-decoration: underline; color: #993300;\"> -est\u00e1 sumido en una depresi\u00f3n-.<\/span><\/strong><\/em><\/span><\/h3>\n<h4><span style=\"color: #008000;\"><em><b>Estos tipos de estructuras familiares quieren modelar al -ni\u00f1o pluscuamperfecto-, en el que no tiene cabida ni el error, ni la deficiencia, ni las fallas.<\/b> <strong><span style=\"text-decoration: underline; color: #0000ff;\">-La meta est\u00e1 tan alto que precisa de un sobreesfuerzo continuo para superarla-.<\/span><\/strong><\/em><\/span><\/h4>\n<h3 style=\"text-align: center;\"><span style=\"text-decoration: underline; color: #0000ff;\"><em><b>-Al no alcanzar esas expectativas tan inalcanzables, se produce la depresi\u00f3n.<\/b> <strong>La falla, pues, no est\u00e1 en el individuo,<br \/>\nsino en las metas propuestas-<\/strong><\/em><\/span><\/h3>\n<\/blockquote>\n<h3 style=\"text-align: center;\"><span style=\"text-decoration: underline; color: #ff0000;\"><em><strong># 2.- La familia descalificadora.<\/strong><\/em><\/span><\/h3>\n<blockquote>\n<h4><span style=\"text-decoration: underline; color: #0000ff;\"><em><strong><span style=\"color: #ff0000; text-decoration: underline;\">-El -no sirves-, -no vales-, -tu primo saca mejores notas que t\u00fa-<\/span>, etc. es el modo de estos tipos de familias-.<\/strong><\/em><\/span><\/h4>\n<h4><span style=\"text-decoration: underline; color: #0000ff;\"><em><strong>-Es otro camino para que se vayan generando posibles estructuras depresivas. La desvalorizaci\u00f3n y la descalificaci\u00f3n forman como una segunda naturaleza en el ni\u00f1o-.<\/strong><\/em><\/span><\/h4>\n<h4><span style=\"color: #008000;\"><em><strong>En definitiva, el ni\u00f1o siente que no merece ser amado, porque <span style=\"text-decoration: underline; color: #0000ff;\">-no vale nada-,<\/span> y por consiguiente, tampoco se siente apto para amar. Nadie puede dar lo que no tiene: si alguien no siente amor por s\u00ed mismo, tampoco puede dar amor a otra persona.<\/strong><\/em><\/span><\/h4>\n<h4><span style=\"color: #008000;\"><em><strong><span style=\"text-decoration: underline; color: #0000ff;\">-Las heridas emocionales de la infancia acarrean sus secuelas-. <\/span>Todo esto conlleva una distorsi\u00f3n de la vivencia de s\u00ed mismo y del mundo: <span style=\"text-decoration: underline; color: #0000ff;\">-lo que le rodea no le calma su sed de felicidad y \u00e9l mismo se siente inutil para abastecerse-.<\/span>\u00a0El mensaje que ha interiorizado es el siguiente: <span style=\"text-decoration: underline; color: #0000ff;\">-Cuando mis padres me tratan as\u00ed, es que no valgo para nada-.<\/span><\/strong><\/em><\/span><\/h4>\n<h4><span style=\"color: #008000;\"><em><b>La consecuencia de este tipo de convivencia puede ser doble: <span style=\"text-decoration: underline; color: #0000ff;\">-Adultos inseguros y adultos con gran dificultad en sus relaciones interpersonales-<\/span><\/b><span style=\"text-decoration: underline; color: #0000ff;\">.<\/span><\/em><\/span><\/h4>\n<h4><span style=\"color: #008000;\"><em><strong>El ni\u00f1o que no se ha sentido querido, valorado, apreciado, llega a la conclusi\u00f3n de no sirve para nada. Se siente desvalorizado. <span style=\"text-decoration: underline; color: #0000ff;\">-Lo verbaliza en expresiones como-soy un in\u00fatil-, -todo lo hago mal-<\/span> u otras similares.<\/strong><\/em><\/span><\/h4>\n<h4><span style=\"color: #008000;\"><em><b>Y la vivencia de la desvalorizaci\u00f3n va de la mano de otro gran sentimiento:<span style=\"text-decoration: underline; color: #0000ff;\"> -la culpa-<\/span><\/b><span style=\"text-decoration: underline; color: #0000ff;\">. <strong>-Ambos sentimientos se autoalimentan en un c\u00edrculo vicioso que desemboca en la depresi\u00f3n-.<\/strong><\/span><\/em><\/span><\/h4>\n<\/blockquote>\n<h3 style=\"text-align: center;\"><span style=\"text-decoration: underline; color: #ff0000;\"><em><strong># 3.- La familia violenta.<\/strong><\/em><\/span><\/h3>\n<blockquote>\n<h4><span style=\"color: #008000;\"><em><strong>En los tipos de\u00a0familias violentas, de forma parad\u00f3jica, el v\u00ednculo se mantiene a trav\u00e9s de la violencia ps\u00edquica o f\u00edsica. <span style=\"text-decoration: underline; color: #0000ff;\">-Son familias que solamente saben discutir, insultarse, incluso llegar a las manos como forma de autoafirmaci\u00f3n y dominio-.<\/span><\/strong><\/em><\/span><\/h4>\n<h3 style=\"text-align: center;\"><span style=\"text-decoration: underline; color: #0000ff;\"><em><strong>Se instaura un clima de ataque y defensa, de manera que, cuando la agresividad no va hacia afuera, se dirige hacia dentro,<br \/>\ntransform\u00e1ndose en depresi\u00f3n.<\/strong><\/em><\/span><\/h3>\n<\/blockquote>\n<h3 style=\"text-align: center;\"><span style=\"text-decoration: underline; color: #0000ff;\"><em><strong>-En este sentido, la depresi\u00f3n es una autoagresi\u00f3n-<\/strong><\/em><\/span><\/h3>\n<blockquote><p>&nbsp;<\/p>\n<p>Artista-Camila do Rosa\u0301rio<\/p>\n<h4><span style=\"color: #993300;\"><em><strong>Busque ayuda inmediatamente si:<\/strong><\/em><\/span><br \/>\n<span style=\"color: #993300;\"> <em><strong> Se siente abrumado.<\/strong><\/em><\/span><br \/>\n<span style=\"color: #993300;\"> <em><strong> \u2028Est\u00e1 pensando en hacerse da\u00f1o o en da\u00f1ar a otra persona.<\/strong><\/em><\/span><br \/>\n<span style=\"color: #993300;\"> <em><strong> Es incapaz de controlar su comportamiento.<\/strong><\/em><\/span><br \/>\n<span style=\"color: #993300;\"> <em><strong> Tiene otros s\u00edntomas muy angustiantes de trastorno<br \/>\nde estr\u00e9s postraum\u00e1tico.<\/strong><\/em><\/span><\/h4>\n<h4><span style=\"color: #993300;\"><em><strong>EN CASO NECESARIO:<\/strong><\/em><\/span><br \/>\n<span style=\"color: #993300;\"> <em><strong> Llame a su m\u00e9dico.<\/strong><\/em><\/span><br \/>\n<span style=\"color: #993300;\"> <em><strong> Llame al 911 para servicios de emergencia\u2028 o vaya<\/strong><\/em><\/span><br \/>\n<span style=\"color: #993300;\"> <em><strong> a la sala de emergencias m\u00e1s cercana.<\/strong><\/em><\/span><\/h4>\n<h4><span style=\"color: #008000;\"><em><strong>SAPTEL \u201cSistema Nacional de Apoyo, Consejo \u2028Psicol\u00f3gico<br \/>\ne Intervenci\u00f3n en Crisis por Tel\u00e9fono\u201d<\/strong><\/em><\/span><br \/>\n<span style=\"color: #008000;\"> <em><strong> (Cruz Roja Mexicana\u2013 24 Hrs.) sin costo<\/strong><\/em><\/span><br \/>\n<span style=\"color: #008000;\"> <em><strong> Tel.- 52-59-81-21\u00a0\u00a0 \u2013<\/strong><\/em><\/span><br \/>\n<span style=\"color: #008000;\"> <em><strong> 01-800-472-78-35<\/strong><\/em><\/span><br \/>\n<span style=\"color: #008000;\"> <em><strong> saptel@prodigy.net.mx<\/strong><\/em><\/span><br \/>\n<span style=\"color: #008000;\"> <em><strong> \u2028http:\/\/www.saptel.org.mx\/<\/strong><\/em><\/span><\/h4>\n<\/blockquote>\n","protected":false},"excerpt":{"rendered":"<p>Expl\u00edqueme doctor&#8230; -LA DEPRESI\u00d3N- ES UN FEN\u00d3MENO COMPLEJO, QUE NO ES ATRIBUIBLE A UNA SOLA CAUSA. Su origen se encuentra en una serie de factores con m\u00e1s o menos causas. Este escrito se va a centrar en la estructura familiar como catalizadora, para bien o para mal, del desarrollo psicol\u00f3gico del sujeto. Se puede decir [&hellip;]<\/p>\n","protected":false},"author":2,"featured_media":0,"parent":0,"menu_order":0,"comment_status":"closed","ping_status":"closed","template":"","meta":[],"_links":{"self":[{"href":"https:\/\/www.ceadin.org\/b\/wp-json\/wp\/v2\/pages\/4583"}],"collection":[{"href":"https:\/\/www.ceadin.org\/b\/wp-json\/wp\/v2\/pages"}],"about":[{"href":"https:\/\/www.ceadin.org\/b\/wp-json\/wp\/v2\/types\/page"}],"author":[{"embeddable":true,"href":"https:\/\/www.ceadin.org\/b\/wp-json\/wp\/v2\/users\/2"}],"replies":[{"embeddable":true,"href":"https:\/\/www.ceadin.org\/b\/wp-json\/wp\/v2\/comments?post=4583"}],"version-history":[{"count":0,"href":"https:\/\/www.ceadin.org\/b\/wp-json\/wp\/v2\/pages\/4583\/revisions"}],"wp:attachment":[{"href":"https:\/\/www.ceadin.org\/b\/wp-json\/wp\/v2\/media?parent=4583"}],"curies":[{"name":"wp","href":"https:\/\/api.w.org\/{rel}","templated":true}]}}