{"id":4577,"date":"2018-05-23T19:09:25","date_gmt":"2018-05-23T19:09:25","guid":{"rendered":"http:\/\/www.ceadin.org\/b\/?page_id=4577"},"modified":"2019-02-20T02:12:34","modified_gmt":"2019-02-20T02:12:34","slug":"1-expliqueme-dr-no-se-que-decirle-a-alguien-con-depresion-severa","status":"publish","type":"page","link":"https:\/\/www.ceadin.org\/b\/1-expliqueme-dr-no-se-que-decirle-a-alguien-con-depresion-severa\/","title":{"rendered":"EXPL\u00cdQUEME Dr: -No s\u00e9 que decirle a alguien con Depresi\u00f3n severa"},"content":{"rendered":"<h3 style=\"text-align: center;\"><span style=\"color: #008000;\"><em><span class=\"field-content\"><strong>Expl\u00edqueme doctor&#8230;<\/strong><\/span><\/em><\/span><\/h3>\n<h3 style=\"text-align: center;\"><span style=\"color: #008000;\"><em><span class=\"field-content\"><strong><span style=\"text-decoration: underline;\">SI NO SABES QUE DECIR A PERSONAS CON <\/span><span style=\"text-decoration: underline; color: #0000ff;\"><span style=\"color: #008000; text-decoration: underline;\">:<\/span><br \/>\n&#8211; DEPRESI\u00d3N SEVERA &#8211;<\/span><\/strong><\/span><\/em><\/span><\/h3>\n<p><a href=\"http:\/\/www.ceadin.org\/b\/wp-content\/uploads\/2018\/05\/fb-irena-Camila-do-Rosa\u0301rio-3.jpg\"><img decoding=\"async\" loading=\"lazy\" class=\"aligncenter size-full wp-image-4607\" src=\"http:\/\/www.ceadin.org\/b\/wp-content\/uploads\/2018\/05\/fb-irena-Camila-do-Rosa\u0301rio-3.jpg\" alt=\"\" width=\"800\" height=\"456\" \/><\/a><\/p>\n<h3 style=\"text-align: center;\"><span style=\"text-decoration: underline; color: #0000ff;\"><em><span class=\"field-content\"><strong><span style=\"color: #ff0000; text-decoration: underline;\">EVITA LAS SIGUENTES FRASES QUE -NO- AYUDAN<\/span> <\/strong><\/span><\/em><\/span><\/h3>\n<h3 style=\"text-align: center;\"><span style=\"color: #008000;\"><em><span class=\"field-content\"><strong>PARA CADA UNA DE ELLAS,<br \/>\nTE PROPONGO UNA ALTERNATIVA,<br \/>\nSI QUIERES SER DE MAYOR APOYO. <\/strong><\/span><\/em><\/span><\/h3>\n<h3 style=\"text-align: center;\"><em><strong><span style=\"color: #800080;\"><span style=\"text-decoration: underline; color: #0000ff;\"><span style=\"color: #ff0000; text-decoration: underline;\">&#8211; \u00a1ANIMATE! &#8211;<\/span><br \/>\n<\/span><\/span><\/strong><\/em><\/h3>\n<blockquote>\n<h3 style=\"text-align: center;\"><span style=\"text-decoration: underline; color: #0000ff;\"><em><strong>-Decimos esto a la ligera,<br \/>\n\u00a1como si fuera tan sencillo ! o<br \/>\n\u00a1como si la persona hubiera elegido estar deprimida !- <\/strong><\/em><\/span><\/h3>\n<h4><em><strong><span style=\"color: #008000;\">Una de las caracter\u00edsticas de la depresi\u00f3n es la<\/span> <span style=\"text-decoration: underline; color: #0000ff;\">-falta de energ\u00eda-,<\/span> <span style=\"color: #008000;\">a veces hasta para levantarse por la ma\u00f1ana. La persona no puede motivarse a s\u00ed misma y no sirve que la -empujes- a sentirse mejor. Le es imposible.<\/span><br \/>\n<span style=\"text-decoration: underline; color: #0000ff;\">\u00bfQu\u00e9 hacer para ayudarla?<\/span><br \/>\n<span style=\"color: #008000;\">Ac\u00e9rcala a un m\u00e9dico.<\/span><br \/>\n<span style=\"color: #008000;\"> Hazle una cita y acomp\u00e1\u00f1ala.<\/span><\/strong><\/em><\/h4>\n<\/blockquote>\n<h3 style=\"text-align: center;\"><span style=\"color: #ff0000;\"><em><strong><span style=\"text-decoration: underline;\">-Hay gente que sufre mas que t\u00fa-<\/span><\/strong><\/em><\/span><\/h3>\n<blockquote>\n<h4><em><strong><span style=\"color: #008000;\">Esto podr\u00eda servir a quien est\u00e1 triste, pero no deprimido. La persona triste a\u00fan tiene la capacidad de ver lo positivo de las cosas. Pero quien est\u00e1 deprimido no le ayuda en nada. El mensaje simplemente no le llega debido a su tendencia al pesimismo.<\/span><br \/>\n<span style=\"text-decoration: underline; color: #0000ff;\">\u00bfQu\u00e9 s\u00ed le ayuda?<\/span><br \/>\n<span style=\"color: #008000;\">Decirle que con un tratamiento puede estar mejor y hacerle<\/span><br \/>\n<span style=\"color: #008000;\"> ver que est\u00e1s a su lado para apoyarla.<\/span><\/strong><\/em><\/h4>\n<\/blockquote>\n<h3 style=\"text-align: center;\"><em><strong><span style=\"text-decoration: underline; color: #ff0000;\">-La vida es dura y tienes que seguir adelante-<\/span><br \/>\n<\/strong><\/em><\/h3>\n<blockquote>\n<h4><span style=\"color: #008000;\"><em><strong>Lejos de ayudar, esta idea hace sentir a\u00fan peor a la persona deprimida. Tu intenci\u00f3n puede ser buena, pero el deprimido no necesita escuchar:<br \/>\n<span style=\"text-decoration: underline; color: #0000ff;\">-Lucha porque las cosas no son f\u00e1ciles-.<\/span><br \/>\nApoyado en su apat\u00eda y pesimismo, \u00e9l ya se repite constantemente:<br \/>\n<span style=\"text-decoration: underline; color: #0000ff;\">-El mundo es un lugar dif\u00edcil-.<\/span><br \/>\n<span style=\"text-decoration: underline; color: #0000ff;\">\u00bfC\u00f3mo ayudarlo?<\/span><br \/>\nMu\u00e9strale tu deseo de acompa\u00f1arlo en el proceso de curaci\u00f3n.<br \/>\nMantente en contacto con \u00e9l por tel\u00e9fono o mensajes para mostrarle<br \/>\nque te importa y est\u00e1s ah\u00ed para apoyarlo.<\/strong><\/em><\/span><\/h4>\n<\/blockquote>\n<h3 style=\"text-align: center;\"><em><strong><span style=\"text-decoration: underline; color: #ff0000;\">-Eres demasiado sensible-<\/span><br \/>\n<\/strong><\/em><\/h3>\n<blockquote>\n<h4><em><strong><span style=\"color: #008000;\">Escuchar esto seguramente har\u00e1 que la persona con depresi\u00f3n se sienta a\u00fan peor:<\/span> <span style=\"text-decoration: underline; color: #0000ff;\">-Yo tengo la culpa por tener esta personalidad. Deber\u00eda ser m\u00e1s fuerte-. <\/span><span style=\"color: #008000;\">Y no se trata de fortaleza, sino de una reacci\u00f3n emocional a un trauma, una p\u00e9rdida, o bien, un cambio en las sustancias bioqu\u00edmicas en el cerebro.<\/span><br \/>\n<span style=\"color: #0000ff;\">\u00bfCu\u00e1l es una mejor opci\u00f3n de ayuda?<\/span><br \/>\n<span style=\"color: #008000;\">Acomp\u00e1\u00f1ala a dar un paseo y piensa en otras actividades que podr\u00edan hacer juntos. Perm\u00edtele que llore y s\u00f3lo dile:<\/span> <span style=\"text-decoration: underline; color: #0000ff;\">-Aqu\u00ed estoy-.<\/span><\/strong><\/em><\/h4>\n<\/blockquote>\n<h3 style=\"text-align: center;\"><em><strong><span style=\"text-decoration: underline; color: #ff0000;\">-Tienes muchas cosas que agradecer-<\/span><br \/>\n<\/strong><\/em><\/h3>\n<blockquote>\n<h4><em><strong><span style=\"color: #008000;\">Lo que menos quiere la persona <\/span><span style=\"color: #008000;\">deprimida es escuchar acerca de la gratitud. Es m\u00e1s, la apat\u00eda y el pensamiento negativo le impiden siquiera considerar la posibilidad de agradecer lo que tiene. Su principal preocupaci\u00f3n es no poder salir de ese estado de \u00e1nimo pesado y oscuro.<\/span><br \/>\n<span style=\"text-decoration: underline; color: #0000ff;\">\u00bfC\u00f3mo ayudarla?<br \/>\n<\/span><span style=\"color: #008000;\">Hazle saber que los tratamientos, medicamentos y\/o terapia, son efectivos. Muchas personas le ganan la batalla a la depresi\u00f3n con un buen tratamiento. Transm\u00edtele tu convicci\u00f3n de que su estado depresivo es transitorio.<\/span><\/strong><\/em><\/h4>\n<\/blockquote>\n<h3 style=\"text-align: center;\"><span style=\"text-decoration: underline; color: #ff0000;\"><em><strong>-Ll\u00e1mame si te sientes mal-<\/strong><\/em><\/span><\/h3>\n<blockquote>\n<h4><span style=\"color: #008000;\"><em><strong>Dif\u00edcilmente recibir\u00e1s esa llamada.<\/strong><\/em><\/span><br \/>\n<span style=\"color: #008000;\"><em><strong> Una persona deprimida tienden a aislarse, no busca ayuda.<\/strong><\/em><\/span><br \/>\n<span style=\"text-decoration: underline; color: #0000ff;\"><em><strong>\u00bfQu\u00e9 es aconsejable?<\/strong><\/em><\/span><br \/>\n<span style=\"color: #008000;\"><em><strong> Llamarle t\u00fa mismo.<\/strong><\/em><\/span><br \/>\n<span style=\"color: #008000;\"><em><strong> Ac\u00e9rcate a tu amiga y mu\u00e9strale que te importa, que puede recargarse en ti.<\/strong><\/em><\/span><br \/>\n<span style=\"color: #008000;\"><em><strong> Habla con ella y esc\u00fachala. <\/strong><\/em><\/span><span style=\"color: #008000;\"><em><strong>Aseg\u00farate de integrar a la conversaci\u00f3n temas estimulantes para distraerla de su malestar y sus ideas pesimistas.<\/strong><\/em><\/span><\/h4>\n<h4><span style=\"color: #008000;\"><em><strong>Si tu intenci\u00f3n es ayudar a un amigo o familiar deprimido, lee y aprende acerca de la depresi\u00f3n, sus s\u00edntomas y causas. Tambi\u00e9n podr\u00edas ayudarle a encontrar un grupo de apoyo para personas deprimidas. Y, sobre todo, acomp\u00e1\u00f1alo, pasa tiempo con \u00e9l y ay\u00fadalo a hacer algunas actividades mientras se recupera y puede hacerlas de forma independiente.<\/strong><\/em><\/span><\/h4>\n<h4><span style=\"color: #008000;\"><em><strong>S\u00e9 que lo puedes hacer&#8230;<\/strong><\/em><\/span><\/h4>\n<p><em><strong>\u00a0<\/strong><\/em>Artista-Camila do Rosa\u0301rio<\/p>\n<h4><span style=\"color: #993300;\"><em><strong>Busque ayuda inmediatamente si:<\/strong><\/em><\/span><br \/>\n<span style=\"color: #993300;\"> <em><strong> Se siente abrumado.<\/strong><\/em><\/span><br \/>\n<span style=\"color: #993300;\"> <em><strong> \u2028Est\u00e1 pensando en hacerse da\u00f1o o en da\u00f1ar a otra persona.<\/strong><\/em><\/span><br \/>\n<span style=\"color: #993300;\"> <em><strong> Es incapaz de controlar su comportamiento.<\/strong><\/em><\/span><br \/>\n<span style=\"color: #993300;\"> <em><strong> Tiene otros s\u00edntomas muy angustiantes de trastorno<br \/>\nde estr\u00e9s postraum\u00e1tico.<\/strong><\/em><\/span><\/h4>\n<h4><span style=\"color: #993300;\"><em><strong>EN CASO NECESARIO:<\/strong><\/em><\/span><br \/>\n<span style=\"color: #993300;\"> <em><strong> Llame a su m\u00e9dico.<\/strong><\/em><\/span><br \/>\n<span style=\"color: #993300;\"> <em><strong> Llame al 911 para servicios de emergencia\u2028 o vaya<\/strong><\/em><\/span><br \/>\n<span style=\"color: #993300;\"> <em><strong> a la sala de emergencias m\u00e1s cercana.<\/strong><\/em><\/span><\/h4>\n<h4><span style=\"color: #008000;\"><em><strong>SAPTEL \u201cSistema Nacional de Apoyo, Consejo \u2028Psicol\u00f3gico<br \/>\ne Intervenci\u00f3n en Crisis por Tel\u00e9fono\u201d<\/strong><\/em><\/span><br \/>\n<span style=\"color: #008000;\"> <em><strong> (Cruz Roja Mexicana\u2013 24 Hrs.) sin costo<\/strong><\/em><\/span><br \/>\n<span style=\"color: #008000;\"> <em><strong> Tel.- 52-59-81-21\u00a0\u00a0 \u2013<\/strong><\/em><\/span><br \/>\n<span style=\"color: #008000;\"> <em><strong> 01-800-472-78-35<\/strong><\/em><\/span><br \/>\n<span style=\"color: #008000;\"> <em><strong> saptel@prodigy.net.mx<\/strong><\/em><\/span><br \/>\n<span style=\"color: #008000;\"> <em><strong> \u2028http:\/\/www.saptel.org.mx\/<\/strong><\/em><\/span><\/h4>\n<\/blockquote>\n","protected":false},"excerpt":{"rendered":"<p>Expl\u00edqueme doctor&#8230; SI NO SABES QUE DECIR A PERSONAS CON : &#8211; DEPRESI\u00d3N SEVERA &#8211; EVITA LAS SIGUENTES FRASES QUE -NO- AYUDAN PARA CADA UNA DE ELLAS, TE PROPONGO UNA ALTERNATIVA, SI QUIERES SER DE MAYOR APOYO. &#8211; \u00a1ANIMATE! &#8211; -Decimos esto a la ligera, \u00a1como si fuera tan sencillo ! o \u00a1como si la [&hellip;]<\/p>\n","protected":false},"author":2,"featured_media":0,"parent":0,"menu_order":0,"comment_status":"closed","ping_status":"closed","template":"","meta":[],"_links":{"self":[{"href":"https:\/\/www.ceadin.org\/b\/wp-json\/wp\/v2\/pages\/4577"}],"collection":[{"href":"https:\/\/www.ceadin.org\/b\/wp-json\/wp\/v2\/pages"}],"about":[{"href":"https:\/\/www.ceadin.org\/b\/wp-json\/wp\/v2\/types\/page"}],"author":[{"embeddable":true,"href":"https:\/\/www.ceadin.org\/b\/wp-json\/wp\/v2\/users\/2"}],"replies":[{"embeddable":true,"href":"https:\/\/www.ceadin.org\/b\/wp-json\/wp\/v2\/comments?post=4577"}],"version-history":[{"count":0,"href":"https:\/\/www.ceadin.org\/b\/wp-json\/wp\/v2\/pages\/4577\/revisions"}],"wp:attachment":[{"href":"https:\/\/www.ceadin.org\/b\/wp-json\/wp\/v2\/media?parent=4577"}],"curies":[{"name":"wp","href":"https:\/\/api.w.org\/{rel}","templated":true}]}}