{"id":4526,"date":"2018-05-09T20:00:09","date_gmt":"2018-05-09T20:00:09","guid":{"rendered":"http:\/\/www.ceadin.org\/b\/?page_id=4526"},"modified":"2022-11-28T16:30:51","modified_gmt":"2022-11-28T16:30:51","slug":"cuestionario-de-estado-de-animo","status":"publish","type":"page","link":"https:\/\/www.ceadin.org\/b\/cuestionario-de-estado-de-animo\/","title":{"rendered":"Cuestionario de estado de \u00e1nimo"},"content":{"rendered":"<blockquote>\n<blockquote>\n<h3 style=\"text-align: center;\"><span style=\"color: #008080;\"><em><strong><br \/>\nReconocer y diagnosticar<br \/>\nla depresi\u00f3n, no es una tarea sencilla.<a href=\"http:\/\/www.ceadin.org\/b\/wp-content\/uploads\/2022\/11\/Pier-Toffoletti-e1669473828842.jpg\"><img decoding=\"async\" loading=\"lazy\" class=\"alignright wp-image-6791 size-full\" src=\"http:\/\/www.ceadin.org\/b\/wp-content\/uploads\/2022\/11\/Pier-Toffoletti-e1669652953316.jpg\" alt=\"\" width=\"600\" height=\"677\" srcset=\"https:\/\/www.ceadin.org\/b\/wp-content\/uploads\/2022\/11\/Pier-Toffoletti-e1669652953316.jpg 600w, https:\/\/www.ceadin.org\/b\/wp-content\/uploads\/2022\/11\/Pier-Toffoletti-e1669652953316-266x300.jpg 266w\" sizes=\"(max-width: 600px) 100vw, 600px\" \/><\/a><\/strong><\/em><\/span><\/h3>\n<h4><span style=\"color: #008000;\"><em><strong><span style=\"color: #808000;\">A continuaci\u00f3n podr\u00e1s completar una escala que ha sido creada como una forma de evaluaci\u00f3n r\u00e1pida y sencilla del estado de \u00e1nimo, para poder comprobar si est\u00e1s experimentando alguno de los<\/span><span style=\"text-decoration: underline; color: #008080;\"> (ver\u00bb<a style=\"color: #008080; text-decoration: underline;\" href=\"http:\/\/www.ceadin.org\/b\/sintomas-senales-de-una-depresion\/\">-s\u00edntomas y se\u00f1ales-<\/a> <\/span><span style=\"color: #808000;\">m\u00e1s frecuentes en la depresi\u00f3n.<\/span><\/strong> <\/em><\/span><\/h4>\n<h4><span style=\"color: #008000;\"><em><strong><span style=\"color: #808000;\">Este cuestionario, llamado<\/span> <span style=\"color: #ba38cf;\">-Cuestionario de Salud del Paciente- o PHQ-9-,<\/span> <span style=\"color: #808000;\">es utilizado por muchos profesionales para detectar sintomatolog\u00eda depresiva.<\/span><br \/>\n<\/strong><\/em><\/span><\/h4>\n<h4><span style=\"color: #808000;\"><em><strong>Los resultados son orientativos y no sustituyen el diagn\u00f3stico cl\u00ednico. S\u00f3lo tu m\u00e9dico u otro profesional de la salud puede confirmar el diagn\u00f3stico. Si te sientes muy bajo de \u00e1nimo y piensas que podr\u00edas estar deprimido, consulta con tu m\u00e9dico. Los resultados de esta prueba pueden ser \u00fatiles para tu m\u00e9dico.<\/strong><\/em><\/span><\/h4>\n<h3><span style=\"color: #008080;\"><em><strong>CUESTIONARIO:<\/strong><\/em><\/span><\/h3>\n<h4><span style=\"color: #808000;\"><em><strong>Durante las \u00faltimas 2 semanas, \u00bfcon qu\u00e9 frecuencia le ha molestado alguno de los siguientes problemas?<\/strong><\/em><\/span><\/h4>\n<h4 class=\"selbsttest-head\"><span style=\"color: #ba38cf;\"><em><strong>-Nunca-\u00a0\u00a0\u00a0 -Varios d\u00edas-\u00a0\u00a0 -M\u00e1s de la mitad de los d\u00edas-\u00a0 -Casi cada d\u00eda-<\/strong><\/em><\/span><\/h4>\n<h3><span style=\"color: #008000;\"><em><strong><span style=\"color: #ba38cf;\">1.-<\/span> <span style=\"color: #808000;\">Poco inter\u00e9s o alegr\u00eda por hacer cosas.<\/span><\/strong><\/em><\/span><\/h3>\n<h3><span style=\"color: #008000;\"><em><strong><span style=\"color: #ba38cf;\">2.-<\/span> <span style=\"color: #808000;\">Sensaci\u00f3n de estar deca\u00eddo\/a, deprimido\/a o desesperanzado\/a.<\/span><\/strong><\/em><\/span><\/h3>\n<h3><span style=\"color: #008000;\"><em><strong><span style=\"color: #ba38cf;\">3.-<\/span> <span style=\"color: #808000;\">Problemas para quedarse dormido\/a, seguir durmiendo o dormir demasiado.<\/span><\/strong><\/em><\/span><\/h3>\n<h3><span style=\"color: #008000;\"><em><strong><span style=\"color: #ba38cf;\">4.-<\/span> <span style=\"color: #808000;\">Sensaci\u00f3n de cansancio o de tener poca energ\u00eda.<\/span><\/strong><\/em><\/span><\/h3>\n<h3><span style=\"color: #008000;\"><em><strong><span style=\"color: #ba38cf;\">5.-<\/span> <span style=\"color: #808000;\">Poco apetito o comer demasiado.<\/span><\/strong><\/em><\/span><\/h3>\n<h3><span style=\"color: #008000;\"><em><strong><span style=\"color: #ba38cf;\">6.-<\/span> <span style=\"color: #808000;\">Sentirse mal consigo mismo\/a; sentir que es un\/a fracasado\/a; o que ha decepcionado a su familia o a s\u00ed mismo\/a.<\/span><\/strong><\/em><\/span><\/h3>\n<h3><span style=\"color: #008000;\"><em><strong><span style=\"color: #ba38cf;\">7.-<\/span> <span style=\"color: #808000;\">Problemas para concentrarse en algo, como leer el peri\u00f3dico o ver televisi\u00f3n.<\/span><\/strong><\/em><\/span><\/h3>\n<h3><span style=\"color: #008000;\"><em><strong><span style=\"color: #ba38cf;\">8.-<\/span> <span style=\"color: #808000;\">Moverse o hablar tan despacio que los dem\u00e1s pueden haberlo notado.<\/span> <\/strong><\/em><\/span><\/h3>\n<h3><span style=\"color: #008000;\"><em><strong><span style=\"color: #ba38cf;\">9.-<\/span> <span style=\"color: #808000;\">O lo contrario, estar tan inquieto\/a o agitado\/a que se ha estado moviendo de un lado a otro m\u00e1s de lo habitual.<\/span><\/strong><\/em><\/span><\/h3>\n<h3><span style=\"color: #008000;\"><em><strong><span style=\"color: #ba38cf;\">10.-<\/span> <span style=\"color: #808000;\">Pensamientos de que estar\u00eda mejor muerto\/a o de querer hacerse da\u00f1o de alg\u00fan modo.<\/span><\/strong><\/em><\/span><\/h3>\n<p style=\"text-align: center;\"><span style=\"color: #808000;\">&#8211; &#8211; &#8211; &#8211;<\/span><\/p>\n<h3 style=\"text-align: center;\"><span style=\"text-decoration: underline; color: #ba38cf;\"><em><strong>Atento: alguien de tu familia (o tu mismo)<br \/>\npuede estar ocultando la depresi\u00f3n &#8211; o incluso no<br \/>\nsaber que la tiene.<\/strong><\/em><\/span><\/h3>\n<div class=\"mod_article last row block\">\n<h3 style=\"text-align: center;\"><span style=\"color: #008000;\"><em><strong><span style=\"color: #808000;\">Hay personas que viven\u00a0la vida con<\/span><span style=\"text-decoration: underline; color: #ba38cf;\"><span style=\"color: #7a0ecc; text-decoration: underline;\"> -depresi\u00f3n enmascarada- o escondida-.<\/span> Intentan ocultar su depresi\u00f3n ante los dem\u00e1s, o no quieren saber (o no quieren reconocer) que tienen depresi\u00f3n-.<\/span><\/strong><\/em><\/span><\/h3>\n<h4><span style=\"color: #008000;\"><em><strong><span style=\"color: #808000;\">Esto sucede y a\u00fan existen en muchas personas,\u00a0conceptos\u00a0vagos o equivocados sobre esta enfermedad de s\u00edntomas complejos, que var\u00edan de un individuo a otro. No siempre es\u00a0f\u00e1cil identificar la presencia de la depresi\u00f3n\u00a0en familiares, amigos, colegas o incluso en uno mismo.<\/span> <\/strong><\/em><\/span><\/h4>\n<h3 style=\"text-align: center;\"><span style=\"text-decoration: underline; color: #ba38cf;\"><em><strong>El desconocimiento y los prejuicios respecto de la depresi\u00f3n est\u00e1n disminuyendo, es verdad, pero a\u00fan siguen siendo bastante frecuentes.<\/strong><\/em><\/span><\/h3>\n<h3 style=\"text-align: center;\"><span style=\"color: #008000;\"><em><strong><span style=\"color: #808000;\">Sin embargo, incluso en los\u00a0casos\u00a0en los que el\u00a0sufrimiento parece<\/span> <span style=\"text-decoration: underline; color: #008080;\"><span style=\"color: #808000; text-decoration: underline;\">invisible, deja ver se\u00f1ales<\/span> <\/span><span style=\"color: #808000;\">que podemos captar si estamos\u00a0atentos.<\/span><\/strong><\/em><\/span><\/h3>\n<h3 style=\"text-align: center;\"><span style=\"color: #008000;\"><em><strong><span style=\"text-decoration: underline; color: #ba38cf;\">Y\u00a0estas son 7 se\u00f1ales de que una persona puede estar sufrendo de:<\/span> <a href=\"http:\/\/www.ceadin.org\/b\/depresion-enmascarada\/\"><span style=\"text-decoration: underline; color: #0000ff;\"><span style=\"color: #008080; text-decoration: underline;\"><span style=\"color: #7a0ecc; text-decoration: underline;\"><br \/>\n(ver\u00bb-Depresi\u00f3n Enmascarada-<\/span><\/span><\/span><\/a><br \/>\n<\/strong><\/em><\/span><\/h3>\n<h3><span style=\"color: #ba38cf;\"><em><strong>1. La\u00a0persona deprimida puede no parecer deprimida, pero\u00a0est\u00e1 constantemente cansada.<\/strong><\/em><\/span><\/h3>\n<h4><span style=\"color: #808000;\"><em><strong>Mucha gente piensa que las personas con depresi\u00f3n no quieren salir de su cuarto, descuidan su aspecto y\u00a0andan\u00a0siempre tristes. Pero\u00a0la depresi\u00f3n no tiene los mismos s\u00edntomas en todas las personas. Muchos enfermos\u00a0consiguen\u00a0mostrar una apariencia de buena salud mental, pero debajo de ese\u00a0barniz, est\u00e1n exhaustos. <\/strong><\/em><\/span><\/h4>\n<h4><span style=\"color: #808000;\"><em><strong>De hecho, un efecto bastante com\u00fan de la depresi\u00f3n es un\u00a0permanente cansancio \u2013 y, si\u00a0el\u00a0enfermo no fue diagnosticado adecuadamente, ni \u00e9l mismo\u00a0sabe que la causa de ese cansancio es la\u00a0depresi\u00f3n. Tal vez \u00e9l piense que est\u00e1 s\u00f3lo\u00a0con acumulaci\u00f3n\u00a0de trabajo, o se culpe por una supuesta pereza, o cree\u00a0que est\u00e1 con <span style=\"color: #008080;\">-debilidad-.<\/span> Un diagn\u00f3stico serio es\u00a0fundamental para empezar a curarse de ese cuadro depresivo.<\/strong><\/em><\/span><\/h4>\n<h3><span style=\"color: #ba38cf;\"><em><strong>2. La\u00a0persona deprimida puede irritarse con facilidad.<\/strong><\/em><\/span><\/h3>\n<h4><span style=\"color: #808000;\"><em><strong>Aunque\u00a0es\u00a0com\u00fan la idea de que una persona con depresi\u00f3n\u00a0est\u00e9\u00a0quieta, malhumorada, ap\u00e1tica, mucha gente no imagina que la persona deprimida puede estar\u00a0bastante irritable. Eso ocurre con frecuencia, ya\u00a0que ella necesita\u00a0continuar lidiando con\u00a0las responsabilidades del d\u00eda a d\u00eda\u00a0a pesar de la falta de energ\u00eda, lo que es\u00a0bastante agotador. <\/strong><\/em><\/span><\/h4>\n<h4><span style=\"color: #808000;\"><em><strong>Como el\u00a0mundo entero\u00a0parece m\u00e1s acelerado e impaciente hoy en d\u00eda, es\u00a0com\u00fan que las personas no interpreten esa irritabilidad como s\u00edntoma de depresi\u00f3n. Por eso mismo es necesario estar\u00a0atento: <span style=\"color: #008080;\">la irritabilidad puede ser, en efecto, un s\u00edntoma de la enfermedad.<\/span><\/strong><\/em><\/span><\/h4>\n<h3><span style=\"color: #ba38cf;\"><em><strong>3. La\u00a0persona deprimida puede parecer indiferente al afecto de los\u00a0dem\u00e1s.<\/strong><\/em><\/span><\/h3>\n<h4><span style=\"color: #808000;\"><em><strong>El\u00a0individuo con depresi\u00f3n no siempre se siente triste: muchas veces, simplemente no siente nada. Son relativamente comunes los relatos de pacientes que se sienten fr\u00edos, indiferentes, <span style=\"color: #008080;\">-entorpecidos-<\/span>, y en ese cuadro, no reaccionan ante las palabras y gestos de cari\u00f1o. Esta\u00a0es otra se\u00f1al a la que hay que estar atentos.<\/strong><\/em><\/span><\/h4>\n<h3><span style=\"color: #ba38cf;\"><em><strong>4. La\u00a0persona deprimida puede abandonar\u00a0actividades que antes le gustaban.<\/strong><\/em><\/span><\/h3>\n<h4><span style=\"color: #808000;\"><em><strong>El\u00a0desinter\u00e9s por actividades antes placenteras\u00a0es un indicador frecuente de depresi\u00f3n, ya\u00a0que la enfermedad\u00a0agota las energ\u00edas f\u00edsicas y\u00a0mentales, reduciendo dr\u00e1sticamente la capacidad de sentir satisfacci\u00f3n. Si no hubiera otra explicaci\u00f3n\u00a0plausibles para el\u00a0desinter\u00e9s creciente de la persona por actividades de las\u00a0que le gustaban, este mismo hecho\u00a0puede ser un importante s\u00edntoma de depresi\u00f3n.<\/strong><\/em><\/span><\/h4>\n<h3><span style=\"color: #ba38cf;\"><em><strong>5. La\u00a0persona deprimida\u00a0puede asumir h\u00e1bitos alimenticios perjudiciales.<\/strong><\/em><\/span><\/h3>\n<h4><span style=\"color: #808000;\"><em><strong>La\u00a0alteraci\u00f3n\u00a0de los h\u00e1bitos alimenticios puede ser\u00a0un efecto colateral del descuido con\u00a0la propia vida\u00a0o incluso un intento de lidiar con la enfermedad: puede ser que el\u00a0exceso de comida sea una forma de intentar sentir alg\u00fan placer, por ejemplo, o que pierda\u00a0el apetito, sea un indicador de que incluso el hecho de comer se haya vuelto ins\u00edpido y\u00a0pesado. Es\u00a0frecuente\u00a0pensar\u00a0que los malos h\u00e1bitos alimenticios de alguien se deban a mera falta de disciplina, pero tambi\u00e9n pueden ser se\u00f1ales importantes de depresi\u00f3n\u00a0cl\u00ednica.<\/strong><\/em><\/span><\/h4>\n<h3><span style=\"color: #ba38cf;\"><em><strong>6. La\u00a0persona deprimida\u00a0puede sentirse presionada o exigida m\u00e1s all\u00e1 de sus fuerzas.<\/strong><\/em><\/span><\/h3>\n<h4><span style=\"color: #008000;\"><em><strong><span style=\"color: #008080;\">Una persona\u00a0con depresi\u00f3n no tiene las mismas fuerzas de una persona sana, ella est\u00e1 f\u00edsicamente agotado\/a.<\/span> <span style=\"color: #808000;\">Exigir lo que\u00a0ella no es\u00a0capaz de hacer s\u00f3lo sirve para empeorar su cuadro, porque incluso\u00a0puede perturbarla y\u00a0frustrarla o dejarla avergonzada y herida.<\/span> <\/strong><\/em><\/span><\/h4>\n<h4><span style=\"color: #008000;\"><em><strong><span style=\"color: #808000;\">Si es importante ser paciente y\u00a0comprensivo con todas las personas en el d\u00eda a d\u00eda, es\u00a0m\u00e1s importante a\u00fan\u00a0tener la sensibilidad de mantener la\u00a0paciencia y la comprensi\u00f3n que se enfrentan con el peso de la depresi\u00f3n, ellas realmente no consiguen\u00a0hacer\u00a0las cosas con\u00a0la\u00a0misma disposici\u00f3n\u00a0de quien no sufre la enfermedad.<\/span> <span style=\"color: #008080;\">-Es enfermedad y requiere tratamiento- y mucha paciencia.<\/span><\/strong><\/em><\/span><\/h4>\n<h3><span style=\"color: #ba38cf;\"><em><strong>7. La\u00a0persona deprimida\u00a0puede cambiar\u00a0de humor aleatoriamente.<\/strong><\/em><\/span><\/h3>\n<h4><span style=\"color: #808000;\"><em><strong>La\u00a0depresi\u00f3n puede llenarse de altibajos, alternando<span style=\"color: #008080;\"> -d\u00edas buenos- y -d\u00edas malos-<\/span> sin mucha l\u00f3gica aparente. Generalmente, no se percibe una motivaci\u00f3n\u00a0espec\u00edfica para las variaciones del humor, pueden ser s\u00f3lo\u00a0una forma de manifestaci\u00f3n\u00a0de la depresi\u00f3n. Es\u00a0importante prestar\u00a0especial\u00a0atenci\u00f3n a la\u00a0falsa impresi\u00f3n de que la persona est\u00e1 curada cuando pasa por una serie de <span style=\"color: #008080;\">-d\u00edas buenos-,<\/span> en\u00a0verdad, el\u00a0cuadro podr\u00e1 cambiar\u00a0de repente, reforzando la necesidad de ayuda especializada.<\/strong><\/em><\/span><\/h4>\n<h3 style=\"text-align: center;\"><span style=\"text-decoration: underline; color: #008080;\"><em><strong>\u00bfQu\u00e9 hacer si me identifico con estos s\u00edntomas?<\/strong><\/em><\/span><\/h3>\n<h4 style=\"text-align: left;\"><span style=\"color: #008000;\"><em><strong><span style=\"color: #808000;\">Si te identificas con estos s\u00edntomas en ti mismo o en alguien que conoces y concluyes que puede estar con depresi\u00f3n,<\/span> <span style=\"color: #ba38cf;\"><span style=\"color: #7a0ecc;\">-no te asustes: la depresi\u00f3n es bastante\u00a0com\u00fan en nuestra sociedad y es\u00a0perfectamente tratable-. -No te\u00a0automediques: es\u00a0fundamental procurar orientaci\u00f3n\u00a0m\u00e9dica especializada y\u00a0responsable para que el\u00a0tratamiento sea un\u00a0\u00e9xito-.<\/span> <\/span><\/strong><\/em><\/span><\/h4>\n<h4 style=\"text-align: left;\"><span style=\"color: #808000;\"><em><strong>Prueba a\u00a0consultar a un\u00a0psic\u00f3logo para comprender mejor lo que est\u00e1 sucediendo; si fuera necesario, te derivar\u00e1 a un psiquiatra, que es\u00a0el m\u00e9dico especializado en los\u00a0tratamientos con medicaci\u00f3n\u00a0apropiada para reequilibrar el\u00a0funcionamiento de tu sistema nervioso.\u00a0<\/strong><\/em><\/span><\/h4>\n<h4 style=\"text-align: left;\"><span style=\"color: #800080;\"><em><strong><span style=\"color: #808000;\">Junto con\u00a0el tratamiento,\u00a0alimenta\u00a0tu mente y tu\u00a0alma con motivaci\u00f3n\u00a0y fe, consciente\u00a0de que esa p\u00e9rdida de energ\u00edas puede ser superada.<\/span> <\/strong><\/em><\/span><\/h4>\n<h3 style=\"text-align: center;\"><span style=\"color: #008080;\"><em><strong>\u00a1Tu\u00a0determinaci\u00f3n\u00a0de vencer y\u00a0hacer\u00a0el tratamiento con\u00a0empe\u00f1o, aunque no tengas ganas de nada, es esencial para vencer la\u00a0depresi\u00f3n!<\/strong><\/em><\/span><\/h3>\n<h3 style=\"text-align: left;\"><span style=\"color: #008080;\"><em><strong>Es importante saber que:<\/strong><\/em><\/span><\/h3>\n<h3 style=\"text-align: left;\"><span style=\"color: #ba38cf;\"><em><strong>No eres -MALA\/o-<\/strong><\/em><\/span><\/h3>\n<h3 style=\"text-align: left;\"><span style=\"color: #ba38cf;\"><em><strong>No eres -TONTA\/o-<\/strong><\/em><\/span><\/h3>\n<h3 style=\"text-align: left;\"><span style=\"color: #ba38cf;\"><em><strong>No eres -CULPABLE\/o- y<\/strong><\/em><\/span><\/h3>\n<h3 style=\"text-align: left;\"><span style=\"color: #ba38cf;\"><em><strong>No te estas volviendo -LOCA\/o-<\/strong><\/em><\/span><\/h3>\n<div class=\"ce_hyperlink last block\">\n<h4><\/h4>\n<\/div>\n<\/div>\n<\/blockquote>\n<h4><span style=\"color: #008080;\"><em><strong><br \/>\nBusque ayuda inmediatamente si:<\/strong><\/em><\/span><br \/>\n<span style=\"color: #008080;\"><em><strong>Se siente abrumado.<\/strong><\/em><\/span><br \/>\n<span style=\"color: #008080;\"><em><strong>\u2028Est\u00e1 pensando en hacerse da\u00f1o o en da\u00f1ar a otra persona.<\/strong><\/em><\/span><br \/>\n<span style=\"color: #008080;\"><em><strong>Es incapaz de controlar su comportamiento.<\/strong><\/em><\/span><br \/>\n<span style=\"color: #008080;\"><em><strong>Tiene otros s\u00edntomas muy angustiantes de trastorno<\/strong><\/em><\/span><br \/>\n<span style=\"color: #008080;\"><em><strong>de estr\u00e9s postraum\u00e1tico.<\/strong><\/em><\/span><\/h4>\n<h4><span style=\"color: #ba38cf;\"><em><strong>EN CASO NECESARIO:<\/strong><\/em><\/span><br \/>\n<span style=\"color: #ba38cf;\"><em><strong>Llame a su m\u00e9dico.<\/strong><\/em><\/span><br \/>\n<span style=\"color: #ba38cf;\"><em><strong>Llame al 911 para servicios de emergencia\u2028 o vaya<\/strong><\/em><\/span><br \/>\n<span style=\"color: #ba38cf;\"><em><strong>a la sala de emergencias m\u00e1s cercana.<\/strong><\/em><\/span><br \/>\n<span style=\"color: #ba38cf;\"><em><strong>En un caso de emergencia, puede llamar a:<\/strong><\/em><\/span><br \/>\n<span style=\"color: #ba38cf;\"><em><strong>SAPTEL \u201cSistema Nacional de Apoyo, Consejo \u2028Psicol\u00f3gico<\/strong><\/em><\/span><br \/>\n<span style=\"color: #ba38cf;\"><em><strong>e Intervenci\u00f3n en Crisis por Tel\u00e9fono\u201d<\/strong><\/em><\/span><br \/>\n<span style=\"color: #ba38cf;\"><em><strong>(Cruz Roja Mexicana\u2013 24 Hrs.) sin costo<\/strong><\/em><\/span><\/h4>\n<h4><span style=\"color: #ba38cf;\"><em><strong>SAPTEL<\/strong><\/em><\/span><br \/>\n<span style=\"color: #ba38cf;\"><em><strong>Av M\u00e9xico #37, Hip\u00f3dromo,<\/strong><\/em><\/span><br \/>\n<span style=\"color: #ba38cf;\"><em><strong>Cuauht\u00e9moc, Ciudad de M\u00e9xico.<\/strong><\/em><\/span><br \/>\n<span style=\"color: #ba38cf;\"><em><strong>Tel\u00e9fono:(55) 52598121<br \/>\n<span style=\"color: #ba38cf;\">E-mail: <a class=\"col1\" style=\"color: #ba38cf;\" href=\"https:\/\/www.saptel.org.mx\/contacto.html#\">saptel.crlyc@gmail.com<\/a><\/span><\/strong><\/em><\/span><\/h4>\n<p><span style=\"color: #ba38cf;\"><em>Artista-Pier Toffoletti<\/em><\/span><\/p>\n<p>&nbsp;<\/p><\/blockquote>\n","protected":false},"excerpt":{"rendered":"<p>Reconocer y diagnosticar la depresi\u00f3n, no es una tarea sencilla. A continuaci\u00f3n podr\u00e1s completar una escala que ha sido creada como una forma de evaluaci\u00f3n r\u00e1pida y sencilla del estado de \u00e1nimo, para poder comprobar si est\u00e1s experimentando alguno de los (ver\u00bb-s\u00edntomas y se\u00f1ales- m\u00e1s frecuentes en la depresi\u00f3n. Este cuestionario, llamado -Cuestionario de Salud [&hellip;]<\/p>\n","protected":false},"author":2,"featured_media":0,"parent":0,"menu_order":4,"comment_status":"closed","ping_status":"closed","template":"","meta":[],"_links":{"self":[{"href":"https:\/\/www.ceadin.org\/b\/wp-json\/wp\/v2\/pages\/4526"}],"collection":[{"href":"https:\/\/www.ceadin.org\/b\/wp-json\/wp\/v2\/pages"}],"about":[{"href":"https:\/\/www.ceadin.org\/b\/wp-json\/wp\/v2\/types\/page"}],"author":[{"embeddable":true,"href":"https:\/\/www.ceadin.org\/b\/wp-json\/wp\/v2\/users\/2"}],"replies":[{"embeddable":true,"href":"https:\/\/www.ceadin.org\/b\/wp-json\/wp\/v2\/comments?post=4526"}],"version-history":[{"count":0,"href":"https:\/\/www.ceadin.org\/b\/wp-json\/wp\/v2\/pages\/4526\/revisions"}],"wp:attachment":[{"href":"https:\/\/www.ceadin.org\/b\/wp-json\/wp\/v2\/media?parent=4526"}],"curies":[{"name":"wp","href":"https:\/\/api.w.org\/{rel}","templated":true}]}}