{"id":4516,"date":"2018-05-09T17:43:53","date_gmt":"2018-05-09T17:43:53","guid":{"rendered":"http:\/\/www.ceadin.org\/b\/?page_id=4516"},"modified":"2022-11-28T16:28:12","modified_gmt":"2022-11-28T16:28:12","slug":"sintomas-senales-de-una-depresion","status":"publish","type":"page","link":"https:\/\/www.ceadin.org\/b\/sintomas-senales-de-una-depresion\/","title":{"rendered":"S\u00edntomas\/Se\u00f1ales de una depresi\u00f3n"},"content":{"rendered":"<blockquote>\n<blockquote>\n<h3 class=\"title\" style=\"text-align: center;\"><span style=\"color: #008080;\"><em><strong><br \/>\nTodos nos ponemos tristes por alg\u00fan tiempo,<\/strong><\/em><\/span><span style=\"color: #008080;\"><em><strong><br \/>\npero a veces es m\u00e1s que eso.<a href=\"http:\/\/www.ceadin.org\/b\/wp-content\/uploads\/2022\/11\/Pier-Toffoletti-1-e1669429185526.png\"><img decoding=\"async\" loading=\"lazy\" class=\"alignright wp-image-6789 size-full\" src=\"http:\/\/www.ceadin.org\/b\/wp-content\/uploads\/2022\/11\/Pier-Toffoletti-1-e1669652877351.png\" alt=\"\" width=\"600\" height=\"754\" srcset=\"https:\/\/www.ceadin.org\/b\/wp-content\/uploads\/2022\/11\/Pier-Toffoletti-1-e1669652877351.png 600w, https:\/\/www.ceadin.org\/b\/wp-content\/uploads\/2022\/11\/Pier-Toffoletti-1-e1669652877351-239x300.png 239w\" sizes=\"(max-width: 600px) 100vw, 600px\" \/><\/a><\/strong><\/em><\/span><\/h3>\n<h3 class=\"title\" style=\"text-align: center;\"><span style=\"text-decoration: underline; color: #ba38cf;\"><em><strong>&#8211; A veces puede ser una depresi\u00f3n cl\u00ednica &#8211;<\/strong><\/em><\/span><\/h3>\n<h4 style=\"text-align: center;\"><span style=\"text-decoration: underline; color: #ba38cf;\"><em><strong>-La depresi\u00f3n cl\u00ednica afecta a m\u00e1s de 19 millones de americanos cada a\u00f1o-.<br \/>\nEs una enfermedad real que puede tratarse eficazmente. Desgraciadamente, menos de la mitad de las personas con esta enfermedad buscan tratamiento.<\/strong> <\/em><\/span><\/h4>\n<h4><span style=\"color: #008000;\"><em><strong><span style=\"color: #808000;\">La depresi\u00f3n es una enfermedad que afecta a la mente y al cuerpo, produciendo cambios a nivel del sue\u00f1o, el apetito y la percepci\u00f3n que tenemos de nosotros mismos y el mundo en general.<\/span> <span style=\"text-decoration: underline; color: #ba38cf;\">-La depresi\u00f3n no es una se\u00f1al de debilidad ni tampoco es una elecci\u00f3n personal-. <\/span><span style=\"color: #808000;\">La depresi\u00f3n va m\u00e1s all\u00e1 del sufrimiento normal: si est\u00e1s deprimido tendr\u00e1s algunos signos y s\u00edntomas que pueden durar semanas o incluso meses y a\u00f1os si no se sigue el tratamiento adecuado.<\/span><\/strong><\/em><\/span><\/h4>\n<h3 style=\"text-align: center;\"><span style=\"text-decoration: underline; color: #008080;\"><em><strong>Demasiadas personas creen que es una parte <span style=\"color: #ba38cf; text-decoration: underline;\">-normal-<\/span><br \/>\nde la vida y que pueden tratarla por cuenta propia.<\/strong><\/em><\/span><\/h3>\n<blockquote>\n<h3 style=\"text-align: center;\"><span style=\"text-decoration: underline; color: #ba38cf;\"><em><strong>Conozca las se\u00f1ales<\/strong><\/em><\/span><\/h3>\n<h3><span style=\"text-decoration: underline; color: #800080;\"><em><strong><span style=\"color: #008080; text-decoration: underline;\">Las se\u00f1ales y s\u00edntomas de la depresi\u00f3n cl\u00ednica son:<\/span><br \/>\n<\/strong><\/em><\/span><\/h3>\n<h3><span style=\"color: #800080;\"><em><strong><span style=\"color: #0000ff;\"><span style=\"color: #ba38cf;\">1.- <\/span><span style=\"color: #808000;\">Persistente estado de \u00e1nimo triste, pleno de ansiedad o -sin sentido-.<\/span><\/span><\/strong><\/em><\/span><\/h3>\n<h3><span style=\"color: #0000ff;\"><em><strong><span style=\"color: #ba38cf;\">2.-<\/span> <span style=\"color: #808000;\">Cambios en los h\u00e1bitos de sue\u00f1o.<\/span><\/strong><\/em><\/span><\/h3>\n<h3><span style=\"color: #0000ff;\"><em><strong><span style=\"color: #ba38cf;\">3.-<\/span> <span style=\"color: #808000;\">Reducci\u00f3n del apetito, p\u00e9rdida de peso o aumento del apetito y de peso.<\/span><\/strong><\/em><\/span><\/h3>\n<h3><span style=\"color: #0000ff;\"><em><strong><span style=\"color: #ba38cf;\">4.-<\/span> <span style=\"color: #808000;\">Insatisfacci\u00f3n y desinter\u00e9s por actividades que antes disfrutaba.<\/span> <\/strong><\/em><\/span><\/h3>\n<h3><span style=\"color: #0000ff;\"><em><strong><span style=\"color: #ba38cf;\">5.-<\/span> <span style=\"color: #808000;\">Inquietud, irritabilidad.<\/span><\/strong><\/em><\/span><\/h3>\n<h3><span style=\"color: #0000ff;\"><em><strong><span style=\"color: #ba38cf;\">6.-<\/span> <span style=\"color: #808000;\">S\u00edntomas f\u00edsicos persistentes que no responden a\u00a0 tratamiento, tal como dolor cr\u00f3nico o trastornos digestivos.<\/span><\/strong><\/em><\/span><\/h3>\n<h3><span style=\"color: #0000ff;\"><em><strong><span style=\"color: #ba38cf;\">7.-<\/span> <span style=\"color: #808000;\">Dificultad para concentrarse en el trabajo o la escuela, o dificultad para recordar cosas o tomar decisiones.<\/span><\/strong><\/em><\/span><\/h3>\n<h3><span style=\"color: #0000ff;\"><em><strong><span style=\"color: #ba38cf;\">8.-<\/span> <span style=\"color: #808000;\">Fatiga o p\u00e9rdida de energ\u00eda.<\/span><\/strong><\/em><\/span><\/h3>\n<h3><span style=\"color: #0000ff;\"><em><strong><span style=\"color: #ba38cf;\">9.-<\/span> <span style=\"color: #808000;\">Sentimientos de culpa, desesperanza o inutilidad.<\/span><\/strong><\/em><\/span><\/h3>\n<h3><span style=\"color: #0000ff;\"><em><strong><span style=\"color: #ba38cf;\">10.-<\/span> <span style=\"color: #808000;\">Pensamientos de suicidio o muerte o <\/span><\/strong><\/em><span style=\"color: #808000;\"><em><strong>auto-lesiones.<\/strong><\/em><\/span><\/span><\/h3>\n<\/blockquote>\n<h4 style=\"text-align: center;\"><span style=\"text-decoration: underline; color: #ba38cf;\"><em><strong>Si usted padece de cinco o m\u00e1s de estos s\u00edntomas durante dos semanas o m\u00e1s, podr\u00eda tener depresi\u00f3n cl\u00ednica. Consulte a un m\u00e9dico o profesional de salud mental calificado inmediatamente.<\/strong><\/em><\/span><\/h4>\n<h4><span style=\"color: #808000;\"><em><strong>Si est\u00e1 supervisando a un empleado que presenta cualquiera de estos s\u00edntomas y tiene ausencias frecuentes no justificadas, converse el tema con la persona, pero no trate de diagnosticar el problema. Sugiera que el empleado consiga ayuda de su m\u00e9dico o, si lo hubiera, del Programa de Asistencia al Empleado (EAP). Aseg\u00farese de que el empleado sepa que buscar ayuda es lo m\u00e1s saludable que puede hacer.<\/strong><\/em><\/span><\/h4>\n<h3 style=\"text-align: center;\"><span style=\"text-decoration: underline; color: #ba38cf;\"><em><strong>La depresi\u00f3n suele acompa\u00f1arse de ansiedad<br \/>\ny de dificultades en las relaciones familiares, sexuales y amistades<br \/>\na nivel laboral.<\/strong><\/em><\/span><\/h3>\n<blockquote>\n<h3 style=\"text-align: center;\"><span style=\"color: #008000;\"><em><strong><span style=\"color: #808000;\">Algunos s\u00edntomas son m\u00e1s comunes<\/span><span style=\"text-decoration: underline; color: #ba38cf;\"> -en los ni\u00f1os (problemas de conducta), adolescentes (irritabilidad), o personas mayores (retraimiento, apat\u00eda o ideas delirantes)- <\/span><\/strong><\/em><\/span><\/h3>\n<\/blockquote>\n<h3 style=\"text-align: center;\"><span style=\"color: #008080;\"><em><strong>La depresi\u00f3n incluye tambi\u00e9n procesos biol\u00f3gicos<br \/>\ny los s\u00edntomas f\u00edsicos son frecuentes.<\/strong><\/em><\/span><em><strong><br \/>\n<\/strong><\/em><\/h3>\n<blockquote>\n<h3><span style=\"color: #0000ff;\"><em><strong><span style=\"color: #008080;\">S\u00edntomas f\u00edsicos asociados a la depresi\u00f3n:<\/span><br \/>\n<span style=\"color: #ba38cf;\">1.-<\/span> <span style=\"color: #808000;\">Sensaci\u00f3n de tensi\u00f3n interna.<\/span><\/strong><\/em><\/span><\/h3>\n<h3><span style=\"color: #0000ff;\"><span style=\"color: #ba38cf;\">2.-<\/span> <span style=\"color: #808000;\"><em><strong>Cefaleas\/Jaquecas.<\/strong><\/em><\/span><\/span><\/h3>\n<h3><span style=\"color: #0000ff;\"><em><strong><span style=\"color: #ba38cf;\">3.-<\/span> <span style=\"color: #808000;\">Mareos.<\/span><br \/>\n<\/strong><\/em><\/span><\/h3>\n<h3><span style=\"color: #0000ff;\"><em><strong><span style=\"color: #ba38cf;\">4.-<\/span> <span style=\"color: #808000;\">Nauseas.<\/span><br \/>\n<\/strong><\/em><\/span><\/h3>\n<h3><span style=\"color: #0000ff;\"><em><strong><span style=\"color: #0000ff;\"><em><strong><span style=\"color: #ba38cf;\">5.-<\/span> <span style=\"color: #808000;\">Dolor de espalda.<\/span><\/strong><\/em><\/span><br \/>\n<\/strong><\/em><\/span><\/h3>\n<h3><span style=\"color: #0000ff;\"><em><strong><span style=\"color: #0000ff;\"><em><strong><span style=\"color: #ba38cf;\">6.-<\/span> <span style=\"color: #808000;\">Problemas para respirar.<\/span><\/strong><\/em><\/span><br \/>\n<\/strong><\/em><\/span><\/h3>\n<h3><span style=\"color: #0000ff;\"><em><strong><span style=\"color: #ba38cf;\">7.-<\/span><span style=\"color: #808000;\"> Opresi\u00f3n en el pecho.<\/span><br \/>\n<\/strong><\/em><\/span><\/h3>\n<h3><span style=\"color: #0000ff;\"><em><strong><span style=\"color: #0000ff;\"><em><strong><span style=\"color: #ba38cf;\">8.-<\/span> <span style=\"color: #808000;\">Problemas de coraz\u00f3n.<\/span><\/strong><\/em><\/span><br \/>\n<\/strong><\/em><\/span><\/h3>\n<h3><span style=\"color: #0000ff;\"><em><strong><span style=\"color: #0000ff;\"><em><strong><span style=\"color: #ba38cf;\">9.-<\/span> <span style=\"color: #808000;\">Problemas gastrointestinales.<\/span><\/strong><\/em><\/span><br \/>\n<\/strong><\/em><\/span><\/h3>\n<h3><span style=\"color: #0000ff;\"><em><strong><span style=\"color: #0000ff;\"><em><strong><span style=\"color: #ba38cf;\">10.-<\/span> <span style=\"color: #808000;\">Dolor abdominal.<\/span><br \/>\n<\/strong><\/em><\/span><\/strong><\/em><\/span><\/h3>\n<h3><span style=\"color: #0000ff;\"><em><strong><span style=\"color: #0000ff;\"><em><strong><span style=\"color: #ba38cf;\">11.-<\/span> <span style=\"color: #808000;\">Adormecimiento en cara, manos, brazos o piernas.<\/span> <\/strong><\/em><\/span><\/strong><\/em><\/span><\/h3>\n<\/blockquote>\n<h4><span style=\"color: #008000;\"><em><strong><span style=\"color: #808000;\">En ocasiones, las personas que tienen depresi\u00f3n suelen<\/span> <span style=\"color: #ba38cf;\">-reconocer primero algunos de estos s\u00edntomas f\u00edsicos-.<\/span> <span style=\"color: #808000;\">Sin embargo, muchas veces estos s\u00edntomas no son reconocidos ni relacionados con la depresi\u00f3n.<\/span> <\/strong><\/em><\/span><\/h4>\n<h3 style=\"text-align: center;\"><span style=\"color: #ba38cf;\"><em><strong><span style=\"color: #008080;\">Adem\u00e1s, las molestias f\u00edsicas<\/span> (por ejemplo: dolores de espalda), <span style=\"color: #008080;\">previos a la depresi\u00f3n, es normal que se agudicen durante un episodio depresivo.<\/span><\/strong><\/em><\/span><\/h3>\n<h4 class=\"bodytext\"><em><strong><span style=\"color: #008000;\"><span style=\"color: #808000;\">A pesar de que los s\u00edntomas f\u00edsicos est\u00e1n presentes en, aproximadamente dos tercios de los casos de depresi\u00f3n, a veces puede ser dif\u00edcil para el m\u00e9dico de atenci\u00f3n primaria establecer esta relaci\u00f3n.<\/span> <\/span><\/strong><\/em><\/h4>\n<h3 class=\"bodytext\" style=\"text-align: center;\"><span style=\"color: #ba38cf;\"><em><strong>&#8211; Comenta esto con tu m\u00e9dico &#8211;<\/strong><\/em><\/span><\/h3>\n<div class=\"ce_image block\">\n<figure class=\"image_container\"><img decoding=\"async\" loading=\"lazy\" src=\"https:\/\/ifightdepression.com\/files\/cms\/images\/50505c2852.png\" alt=\"\" width=\"600\" height=\"371\" \/><\/figure>\n<\/div>\n<div class=\"ce_text block\">\n<h4 style=\"text-align: left;\"><span style=\"color: #008000;\"><em><strong>\u00a0<\/strong><\/em><\/span><\/h4>\n<\/div>\n<h4 class=\"ce_headline \"><span style=\"color: #800080;\"><em><strong><span style=\"text-decoration: underline; color: #0000ff;\"><a style=\"color: #0000ff; text-decoration: underline;\" href=\"http:\/\/www.ceadin.org\/b\/cuestionario-de-estado-de-animo\/\"><span style=\"color: #ba38cf; text-decoration: underline;\">(ver\u00bb Cuestionario:<\/span><\/a><\/span><br \/>\n<span style=\"text-decoration: underline; color: #ba38cf;\"> Completa el cuestionario de detecci\u00f3n de s\u00edntomas de depresi\u00f3n.<\/span><\/strong><\/em><\/span><\/h4>\n<div class=\"ce_hyperlink last block\">\n<h4><\/h4>\n<h4><span style=\"color: #008080;\"><em><strong>Busque ayuda inmediatamente si:<\/strong><\/em><\/span><br \/>\n<span style=\"color: #008080;\"><em><strong>Se siente abrumado.<\/strong><\/em><\/span><br \/>\n<span style=\"color: #008080;\"><em><strong>\u2028Est\u00e1 pensando en hacerse da\u00f1o o en da\u00f1ar a otra persona.<\/strong><\/em><\/span><br \/>\n<span style=\"color: #008080;\"><em><strong>Es incapaz de controlar su comportamiento.<\/strong><\/em><\/span><br \/>\n<span style=\"color: #008080;\"><em><strong>Tiene otros s\u00edntomas muy angustiantes de trastorno<\/strong><\/em><\/span><br \/>\n<span style=\"color: #008080;\"><em><strong>de estr\u00e9s postraum\u00e1tico.<\/strong><\/em><\/span><\/h4>\n<h4><span style=\"color: #ba38cf;\"><em><strong>EN CASO NECESARIO:<\/strong><\/em><\/span><br \/>\n<span style=\"color: #ba38cf;\"><em><strong>Llame a su m\u00e9dico.<\/strong><\/em><\/span><br \/>\n<span style=\"color: #ba38cf;\"><em><strong>Llame al 911 para servicios de emergencia\u2028 o vaya<\/strong><\/em><\/span><br \/>\n<span style=\"color: #ba38cf;\"><em><strong>a la sala de emergencias m\u00e1s cercana.<\/strong><\/em><\/span><br \/>\n<span style=\"color: #ba38cf;\"><em><strong>En un caso de emergencia, puede llamar a:<\/strong><\/em><\/span><br \/>\n<span style=\"color: #ba38cf;\"><em><strong>SAPTEL \u201cSistema Nacional de Apoyo, Consejo \u2028Psicol\u00f3gico<\/strong><\/em><\/span><br \/>\n<span style=\"color: #ba38cf;\"><em><strong>e Intervenci\u00f3n en Crisis por Tel\u00e9fono\u201d<\/strong><\/em><\/span><br \/>\n<span style=\"color: #ba38cf;\"><em><strong>(Cruz Roja Mexicana\u2013 24 Hrs.) sin costo<\/strong><\/em><\/span><\/h4>\n<h4><span style=\"color: #ba38cf;\"><em><strong>SAPTEL<\/strong><\/em><\/span><br \/>\n<span style=\"color: #ba38cf;\"><em><strong>Av M\u00e9xico #37, Hip\u00f3dromo,<\/strong><\/em><\/span><br \/>\n<span style=\"color: #ba38cf;\"><em><strong>Cuauht\u00e9moc, Ciudad de M\u00e9xico.<\/strong><\/em><\/span><br \/>\n<span style=\"color: #ba38cf;\"><em><strong><span style=\"color: #ba38cf;\">Tel\u00e9fono:(55) 52598121<\/span><br \/>\n<span style=\"color: #ba38cf;\">E-mail: <a class=\"col1\" style=\"color: #ba38cf;\" href=\"https:\/\/www.saptel.org.mx\/contacto.html#\">saptel.crlyc@gmail.com<\/a><\/span><\/strong><\/em><\/span><\/h4>\n<p><span style=\"color: #ba38cf;\"><em>Artista-Pier Toffoletti<\/em><\/span><\/p>\n<p>&nbsp;<\/p>\n<\/div>\n<\/blockquote>\n<\/blockquote>\n","protected":false},"excerpt":{"rendered":"<p>Todos nos ponemos tristes por alg\u00fan tiempo, pero a veces es m\u00e1s que eso. &#8211; A veces puede ser una depresi\u00f3n cl\u00ednica &#8211; -La depresi\u00f3n cl\u00ednica afecta a m\u00e1s de 19 millones de americanos cada a\u00f1o-. Es una enfermedad real que puede tratarse eficazmente. Desgraciadamente, menos de la mitad de las personas con esta enfermedad [&hellip;]<\/p>\n","protected":false},"author":2,"featured_media":0,"parent":0,"menu_order":3,"comment_status":"closed","ping_status":"closed","template":"","meta":[],"_links":{"self":[{"href":"https:\/\/www.ceadin.org\/b\/wp-json\/wp\/v2\/pages\/4516"}],"collection":[{"href":"https:\/\/www.ceadin.org\/b\/wp-json\/wp\/v2\/pages"}],"about":[{"href":"https:\/\/www.ceadin.org\/b\/wp-json\/wp\/v2\/types\/page"}],"author":[{"embeddable":true,"href":"https:\/\/www.ceadin.org\/b\/wp-json\/wp\/v2\/users\/2"}],"replies":[{"embeddable":true,"href":"https:\/\/www.ceadin.org\/b\/wp-json\/wp\/v2\/comments?post=4516"}],"version-history":[{"count":0,"href":"https:\/\/www.ceadin.org\/b\/wp-json\/wp\/v2\/pages\/4516\/revisions"}],"wp:attachment":[{"href":"https:\/\/www.ceadin.org\/b\/wp-json\/wp\/v2\/media?parent=4516"}],"curies":[{"name":"wp","href":"https:\/\/api.w.org\/{rel}","templated":true}]}}