{"id":4245,"date":"2018-02-11T04:02:55","date_gmt":"2018-02-11T04:02:55","guid":{"rendered":"http:\/\/www.ceadin.org\/b\/?page_id=4245"},"modified":"2023-06-05T17:28:59","modified_gmt":"2023-06-05T17:28:59","slug":"1-violencia-contra-si-mismo","status":"publish","type":"page","link":"https:\/\/www.ceadin.org\/b\/1-violencia-contra-si-mismo\/","title":{"rendered":"1.- Violencia contra s\u00ed mismo"},"content":{"rendered":"<blockquote>\n<blockquote>\n<blockquote>\n<h3 style=\"text-align: center;\"><em><strong><span style=\"color: #008000;\"><br \/>\n<span style=\"color: #d61e71;\">Le har\u00e9 directamente la pregunta:<\/span><br \/>\n<span style=\"color: #34a334;\">\u00bfEsta usted, de manera obvia<\/span><br \/>\n<span style=\"color: #34a334;\"> o en una serie de acciones sutiles y encubiertas,<\/span><br \/>\n<span style=\"color: #0000ff;\"><span style=\"color: #d61e71;\"> -SIENDO VIOLENTO CONSIGO MISMO-?<\/span><a href=\"http:\/\/www.ceadin.org\/b\/wp-content\/uploads\/2023\/01\/Megan-Buccere21.jpg\"><img decoding=\"async\" loading=\"lazy\" class=\"alignright size-full wp-image-7118\" src=\"http:\/\/www.ceadin.org\/b\/wp-content\/uploads\/2023\/01\/Megan-Buccere21.jpg\" alt=\"\" width=\"800\" height=\"622\" srcset=\"https:\/\/www.ceadin.org\/b\/wp-content\/uploads\/2023\/01\/Megan-Buccere21.jpg 800w, https:\/\/www.ceadin.org\/b\/wp-content\/uploads\/2023\/01\/Megan-Buccere21-300x233.jpg 300w, https:\/\/www.ceadin.org\/b\/wp-content\/uploads\/2023\/01\/Megan-Buccere21-768x597.jpg 768w, https:\/\/www.ceadin.org\/b\/wp-content\/uploads\/2023\/01\/Megan-Buccere21-619x481.jpg 619w\" sizes=\"(max-width: 800px) 100vw, 800px\" \/><\/a><\/span><\/span> <\/strong><\/em><\/h3>\n<h3 style=\"text-align: center;\"><span style=\"color: #008000;\"><span style=\"color: #34a334;\"><em><strong>Filosof\u00eda<\/strong><\/em><\/span><em><strong><br \/>\n<span style=\"color: #d61e71;\">\u2014 Violencia contra s\u00ed mismo \u2014<\/span><br \/>\n<\/strong><\/em><\/span><\/h3>\n<h3 style=\"text-align: center;\"><span style=\"color: #008000;\"><em><strong><span style=\"color: #34a334;\">La verdad es, que de hecho<\/span> <span style=\"color: #d61e71;\">-LA VIDA ES DIF\u00cdCIL-,<\/span><\/strong><\/em><\/span><br \/>\n<span style=\"color: #34a334;\"><em><strong>pero no es s\u00f3lo dif\u00edcil, tambi\u00e9n es incre\u00edblemente maravillosa,<\/strong><\/em> <em><strong>desconcertante y rutinaria, todo en un ciclo siempre cambiante.<\/strong><\/em><\/span><\/h3>\n<h3 style=\"text-align: center;\"><span style=\"color: #008000;\"><em><strong>Las pr\u00e1cticas espirituales<br \/>\nproporcionan un medio para relacionarse con esta<br \/>\nexperiencia en su misterio e inmensidad.<\/strong><\/em><\/span><\/h3>\n<h3 style=\"text-align: left;\"><span style=\"color: #d61e71;\"><em><strong>Si la vida es dif\u00edcil y breve,<\/strong><\/em><\/span><br \/>\n<span style=\"color: #d61e71;\"> <em><strong>\u00bfc\u00f3mo nos las arreglamos&#8230;.?<\/strong><\/em><\/span><br \/>\n<em><strong><span style=\"color: #d61e71;\">\u00bfC\u00f3mo encontramos el sentido o la felicidad?<\/span><br \/>\n<\/strong><\/em><\/h3>\n<h3><em><strong><span style=\"color: #008000;\"><span style=\"color: #34a334;\">Yo ya hab\u00eda explorado repetidamente estas preguntas usando diferentes tradiciones espirituales, y m\u00e1s tarde vine a dedicar mi vida de tiempo completo a esta investigaci\u00f3n.<\/span> <\/span><\/strong><\/em><\/h3>\n<h3><em><strong><span style=\"color: #008000;\"><span style=\"color: #34a334;\">Aunque no siempre encontr\u00e9 respuestas, mis exploraciones lentamente condujeron a ciertos descubrimientos sobre <\/span><span style=\"color: #0000ff;\"><br \/>\n<span style=\"color: #d61e71;\">-Lo que hace que la Vida sea una Lucha-.<\/span><\/span><\/span><\/strong><\/em><\/h3>\n<blockquote>\n<h3 style=\"text-align: left;\"><span style=\"color: #008000;\"><em><strong>\u00a1 Uno de estos descubrimientos es el grado en que hacemos la vida dif\u00edcil para nosotros mismos, por ser violentos o violar el cuerpo y la mente en la rutina de nuestra vida cotidiana. <\/strong><\/em><\/span><\/h3>\n<h3 style=\"text-align: left;\"><span style=\"color: #008000;\"><em><strong>A trav\u00e9s de la <\/strong><\/em><em><strong>forma en que programamos nuestro tiempo, empujamos nuestros cuerpos, comparamos y juzgamos a nosotros mismos contra los dem\u00e1s, y creamos repetidamente un ambiente interior lleno de violencia.! <\/strong><\/em><\/span><\/h3>\n<h3 style=\"text-align: center;\"><span style=\"color: #800080;\"><em><strong><span style=\"color: #34a334;\">Si usted puede entender que<\/span><br \/>\n<span style=\"color: #34a334;\"> esto es as\u00ed, puede tener un profundo impacto en su<\/span><br \/>\n<span style=\"color: #34a334;\"> experiencia de la vida,<\/span> <span style=\"color: #d61e71;\">que es dif\u00edcil.!<\/span><\/strong><\/em><\/span><\/h3>\n<\/blockquote>\n<h3><em><strong><span style=\"color: #008000;\"><span style=\"color: #34a334;\">Inicialmente, es posible que no identifiques algunos de tus pensamientos y decisiones cotidianas como momentos de<\/span> <span style=\"color: #d61e71;\">-VIOLENCIA CONTRA TI MISMIO-, <\/span><span style=\"color: #34a334;\">pero lo m\u00e1s probable es que lo sean. <\/span><\/span><\/strong><\/em><\/h3>\n<h3 style=\"text-align: center;\"><span style=\"color: #d1551f;\"><em><strong><span style=\"color: #008000;\">Si alguien te golpeara en el<\/span><br \/>\n<span style=\"color: #008000;\">est\u00f3mago, te apretara el cuello o no te dejara respirar,<\/span><br \/>\n<span style=\"color: #008000;\">lo llamar\u00edas r\u00e1pidamente violento..!<\/span> <\/strong><\/em><\/span><\/h3>\n<h3 style=\"text-align: center;\"><span style=\"color: #800080;\"><em><strong><span style=\"color: #008000;\"><span style=\"color: #34a334;\">Sin embargo, cuando \u00e9stas<\/span><br \/>\n<span style=\"color: #34a334;\">mismas<\/span> <span style=\"color: #d61e71;\">-Experiencias Sensoriales D<\/span><\/span><span style=\"color: #008000;\"><span style=\"color: #d61e71;\">olorosas-,<\/span> <span style=\"color: #34a334;\">surgen <\/span><\/span><br \/>\n<span style=\"color: #34a334;\">en reacci\u00f3n a<\/span><\/strong><\/em><\/span><span style=\"color: #34a334;\"> <em><strong>tus propios pensamientos,<br \/>\nno puedes reconocer tu,<\/strong><\/em><\/span><br \/>\n<span style=\"color: #d61e71;\"><em><strong>Comportamiento como violento..!<\/strong><\/em><\/span><\/h3>\n<h3 style=\"text-align: center;\"><span style=\"color: #d61e71;\">&#8211; &#8211; &#8211;<\/span><\/h3>\n<h3 style=\"text-align: center;\"><span style=\"color: #d61e71;\"><em><strong>\u2014 Entendiendo la violencia \u2014<\/strong><\/em><\/span><\/h3>\n<h3 style=\"text-align: center;\"><em><strong><span style=\"color: #008000;\"><span style=\"color: #34a334;\">Cada vez que introduzco el tema de la<\/span><br \/>\n<span style=\"color: #34a334;\">violencia contra uno mismo, en una charla, <\/span><span style=\"color: #0000ff;\"><br \/>\n<span style=\"color: #34a334;\">-Casi todo el Mundo se Retuerce-.<\/span><\/span><br \/>\n<span style=\"color: #d61e71;\"> -NADIE QUIERE O\u00cdRLO-<\/span><br \/>\n<\/span><\/strong><\/em><\/h3>\n<h3 style=\"text-align: center;\"><em><strong><span style=\"color: #008000;\">Otra vez le hago la pregunta..?<\/span><br \/>\n<\/strong><\/em><\/h3>\n<h3 style=\"text-align: center;\"><em><strong><span style=\"color: #008000;\"><span style=\"color: #34a334;\">\u00bfEsta usted, de manera obvia<\/span><br \/>\n<span style=\"color: #34a334;\"> o en una serie de acciones sutiles y encubiertas,<\/span><br \/>\n<span style=\"color: #d61e71;\"> -Siendo Violento Consigo Mismo-?<\/span><\/span><\/strong><\/em><\/h3>\n<h3><em><strong><span style=\"color: #008000;\"><span style=\"color: #34a334;\">Por lo general, la gente quiere asegurarme que si bien,<\/span><span style=\"color: #d61e71;\"> -pueden trabajar demasiado a veces, permanecer en una relaci\u00f3n poco saludable, comer demasiado o dormir demasiado poco-,<\/span> <span style=\"color: #34a334;\">no caracterizar\u00edan su comportamiento<\/span> <span style=\"color: #d61e71;\">-Como Violento hacia s\u00ed Mismos-. <\/span><\/span><\/strong><\/em><\/h3>\n<h4 style=\"text-align: center;\"><em><strong><span style=\"color: #008000;\"><span style=\"color: #34a334;\">Sin embargo, persona tras persona,<\/span><br \/>\n<span style=\"color: #34a334;\">una vez que han examinado de cerca sus vidas,<\/span><br \/>\n<span style=\"color: #34a334;\">experimentan un momento de<\/span><span style=\"color: #d61e71;\"> -Auto-Reconocimiento-<\/span> <span style=\"color: #34a334;\">que al<\/span><br \/>\n<span style=\"color: #34a334;\">principio puede ser doloroso y vergonzoso.<\/span><\/span> <\/strong><\/em><\/h4>\n<h4 style=\"text-align: left;\"><em><strong><span style=\"color: #008000;\"><span style=\"color: #34a334;\">Este malestar inicial, a menudo es seguido por una sensaci\u00f3n de liberaci\u00f3n a medida que surgen nuevas posibilidades en su imaginaci\u00f3n <\/span><span style=\"color: #d61e71;\">-para saber c\u00f3mo vivir m\u00e1s pac\u00edficamente-.<\/span> <\/span><\/strong><\/em><\/h4>\n<h4 style=\"text-align: left;\"><em><strong><span style=\"color: #008000;\"><span style=\"color: #34a334;\">La mayor\u00eda de las personas perpetran esta violencia contra s\u00ed mismos a trav\u00e9s de<\/span> <span style=\"color: #d61e71;\">-identificarse err\u00f3neamente con varios pensamientos-<\/span> <span style=\"color: #34a334;\">que surgen, debido a condiciones impersonales que se unen.<\/span><\/span> <\/strong><\/em><\/h4>\n<h3 style=\"text-align: center;\"><span style=\"color: #008000;\"><em><strong>El bienestar del cuerpo y la mente,<br \/>\nson las v\u00edctimas inocentes.! <\/strong><\/em><\/span><\/h3>\n<blockquote>\n<h3><span style=\"color: #d17819;\"><em><strong>Cada individuo tiene un patr\u00f3n \u00fanico, pero la base com\u00fan es, que usted se relaciona a s\u00ed mismo de una manera que da como resultado, que su vida sea m\u00e1s emocionalmente o f\u00edsicamente <\/strong><\/em><em><strong>violenta de lo que sea necesario.!<\/strong><\/em><\/span><\/h3>\n<h3><span style=\"color: #800080;\"><em><strong><span style=\"color: #d17819;\">Es posible que haya limitado su comprensi\u00f3n de la,<\/span> <span style=\"color: #d61e71;\">-Auto-Violencia, al Abuso F\u00edsico u otro Comportamiento Autodestructivo F<\/span><span style=\"color: #008000;\"><span style=\"color: #d61e71;\">lagrante-<\/span> <span style=\"color: #d17819;\">que requiere un programa de 12 pasos.<\/span><\/span> <\/strong><\/em><\/span><\/h3>\n<h3><span style=\"color: #800080;\"><em><strong><span style=\"color: #d17819;\">La palabra <\/span><span style=\"color: #d61e71;\">-VIOLENCIA-,<\/span> <span style=\"color: #d17819;\">puede sonar demasiado dura para usted, pero su significado del diccionario es: <\/span><\/strong><\/em><\/span><\/h3>\n<h3><span style=\"color: #800080;\"><em><strong><span style=\"color: #008000;\"><span style=\"color: #d61e71;\">Un esfuerzo de la fuerza extrema para causar da\u00f1o o abuso-<\/span> <span style=\"color: #d17819;\">en la forma de la distorsi\u00f3n o de la infracci\u00f3n. <\/span><\/span><\/strong><\/em><\/span><span style=\"color: #0000ff;\"><em><strong><span style=\"color: #d17819;\">&#8211;<\/span><span style=\"color: #d61e71;\">La fuerza extrema puede ser un acto mental, que luego aparece en el cuerpo, o un acto que se realiza repetidamente hasta el extremo-.<\/span><\/strong><\/em><\/span><\/h3>\n<h3><span style=\"color: #008000;\"><em><strong><span style=\"color: #d17819;\">Se puede pensar en<\/span> <span style=\"color: #d61e71;\">-la violencia, como cualquier forma altamente en\u00e9rgica de relacionarse con una persona, incluy\u00e9ndote a ti mismo-,<\/span> <span style=\"color: #34a334;\">que es agitada, turbulenta y distorsionadora.<\/span><\/strong> <\/em><\/span><\/h3>\n<\/blockquote>\n<h3 style=\"text-align: center;\"><span style=\"color: #800080;\"><em><strong><span style=\"color: #34a334;\">\u00bfPuedes identificar alguna vez<\/span><br \/>\n<span style=\"color: #34a334;\"> en los \u00faltimos d\u00edas, que te trataste de una manera: <\/span><span style=\"color: #0000ff;\"><br \/>\n<\/span><\/strong><\/em><\/span><\/h3>\n<h3 style=\"text-align: center;\"><span style=\"color: #d61e71;\"><em><strong>VIOLENTA, DISCORDANTE, ABRUPTA O<br \/>\nDISTORCIONADORA.?<\/strong><\/em><\/span><\/h3>\n<p style=\"text-align: left;\"><span style=\"color: #800080;\"><em><span style=\"color: #d61e71;\">Artista-Megan-Buccere<\/span><strong><br \/>\n<\/strong><\/em><\/span><\/p>\n<h4><em><strong><span style=\"color: #0000ff;\"><a style=\"color: #0000ff;\" href=\"http:\/\/www.ceadin.org\/b\/2-violencia-contra-si-mismo\/\"><span style=\"color: #d61e71;\">pasar a la 2a. parte, ver mas \u00bb<\/span><\/a><\/span><\/strong><\/em><\/h4>\n<h4><span style=\"color: #d61e71;\"><em><strong>ESPERAMOS ENCUENTRE \u00daTIL ESTA INFORMACI\u00d3N.<\/strong><\/em><\/span><\/h4>\n<h4><span style=\"color: #d61e71;\"><em><strong>SI USTED EST\u00c1 PENSANDO EN HACERSE DA\u00d1O,<br \/>\nO SI CONOCE A ALGUIEN QUE PODR\u00cdA HACERSE DA\u00d1O,<br \/>\nBUSQUE AYUDA R\u00c1PIDAMENTE\u00a0 Y LLAME A SU M\u00c9DICO.<\/strong><\/em><\/span><\/h4>\n<h4><span style=\"color: #008080;\"><em><strong>NOTA IMPORTANTE.<\/strong><\/em><em><strong><br \/>\nBusque ayuda inmediatamente si:<\/strong><\/em><\/span><br \/>\n<span style=\"color: #008080;\"><em><strong>Se siente abrumado.<\/strong><\/em><\/span><br \/>\n<span style=\"color: #008080;\"><em><strong>\u2028Est\u00e1 pensando en hacerse da\u00f1o o en da\u00f1ar a otra persona.<\/strong><\/em><\/span><br \/>\n<span style=\"color: #008080;\"><em><strong>Es incapaz de controlar su comportamiento.<\/strong><\/em><\/span><br \/>\n<span style=\"color: #008080;\"><em><strong>Tiene otros s\u00edntomas muy angustiantes de trastorno<\/strong><\/em><\/span><br \/>\n<span style=\"color: #008080;\"><em><strong>de estr\u00e9s postraum\u00e1tico.<\/strong><\/em><em><strong><br \/>\nLlame a un familiar, no se quede solo.<br \/>\nLlame a su m\u00e9dico.<\/strong><\/em><\/span><\/h4>\n<h4><span style=\"color: #ff00ff;\"><em><strong>EN CASO NECESARIO:<\/strong><\/em><\/span><br \/>\n<span style=\"color: #ff00ff;\"><em><strong>Llame a su m\u00e9dico.<\/strong><\/em><\/span><br \/>\n<span style=\"color: #ff00ff;\"><em><strong>Llame al 911 para servicios de emergencia\u2028 o vaya<\/strong><\/em><\/span><br \/>\n<span style=\"color: #ff00ff;\"><em><strong>a la sala de emergencias m\u00e1s cercana.<\/strong><\/em><\/span><br \/>\n<span style=\"color: #ff00ff;\"><em><strong>En un caso de emergencia, puede llamar a:<\/strong><\/em><\/span><br \/>\n<span style=\"color: #ff00ff;\"><em><strong>SAPTEL \u201cSistema Nacional de Apoyo, Consejo \u2028Psicol\u00f3gico<\/strong><\/em><\/span><br \/>\n<span style=\"color: #ff00ff;\"><em><strong>e Intervenci\u00f3n en Crisis por Tel\u00e9fono\u201d<\/strong><\/em><\/span><br \/>\n<span style=\"color: #ff00ff;\"><em><strong>(Cruz Roja Mexicana\u2013 24 Hrs.) sin costo<\/strong><\/em><\/span><\/h4>\n<h4><span style=\"color: #ff00ff;\"><em><strong>SAPTEL<\/strong><\/em><\/span><br \/>\n<span style=\"color: #ff00ff;\"><em><strong>Av M\u00e9xico #37, Hip\u00f3dromo,<\/strong><\/em><\/span><br \/>\n<span style=\"color: #ff00ff;\"><em><strong>Cuauht\u00e9moc, Ciudad de M\u00e9xico.<\/strong><\/em><\/span><br \/>\n<span style=\"color: #ff00ff;\"><em><strong>Tel\u00e9fono:(55) 52598121<br \/>\nE-mail: <a class=\"col1\" style=\"color: #ff00ff;\" href=\"https:\/\/www.saptel.org.mx\/contacto.html#\">saptel.crlyc@gmail.com<\/a><\/strong><\/em><\/span><\/h4>\n<p><em><span style=\"color: #008000;\">Referencias:<\/span><\/em><br \/>\n<em><span style=\"color: #008000;\"> Phillip Moffitt comenz\u00f3 a estudiar meditaci\u00f3n raja en 1972 y<\/span><\/em><br \/>\n<em><span style=\"color: #008000;\"> meditaci\u00f3n vipassana en 1983. Es miembro del Consejo de<\/span><\/em><br \/>\n<em><span style=\"color: #008000;\"> Profesores de Rock Spirit y ense\u00f1a retiros vipassana en todo el<\/span><\/em><br \/>\n<em><span style=\"color: #008000;\"> pa\u00eds, as\u00ed como una meditaci\u00f3n semanal en el Turtle Island Yoga<\/span><\/em><br \/>\n<em><span style=\"color: #008000;\"> Center en San Rafael, California.<\/span><\/em><br \/>\n<em><span style=\"color: #008000;\"> Phillip es coautor de:<\/span><\/em><br \/>\n<em><span style=\"color: #008000;\"> The Power to Heal y fundador del Life Balance Institute.<\/span><\/em><br \/>\n<em><span style=\"color: #008000;\"> Por<\/span><\/em><br \/>\n<em><span style=\"color: #008000;\"> Phillip Moffitt<\/span><\/em><\/p>\n<p><em><span style=\"color: #008000;\">DR. PUENTE<\/span><\/em><\/p>\n<p><em><span style=\"color: #008000;\">Https:\/\/www.yogajournal.com\/yoga-101\/violence-against-self<\/span><\/em><br \/>\n<em><span style=\"color: #008000;\"> Filosof\u00eda<\/span><\/em><br \/>\n<em><span style=\"color: #008000;\"> Violencia contra s\u00ed mismo<\/span><\/em><br \/>\n<em><span style=\"color: #008000;\"> Phillip Moffitt<\/span><\/em><br \/>\n<em><span style=\"color: #008000;\"> 28 de agosto de 2007<\/span><\/em><\/p><\/blockquote>\n<\/blockquote>\n<\/blockquote>\n","protected":false},"excerpt":{"rendered":"<p>Le har\u00e9 directamente la pregunta: \u00bfEsta usted, de manera obvia o en una serie de acciones sutiles y encubiertas, -SIENDO VIOLENTO CONSIGO MISMO-? Filosof\u00eda \u2014 Violencia contra s\u00ed mismo \u2014 La verdad es, que de hecho -LA VIDA ES DIF\u00cdCIL-, pero no es s\u00f3lo dif\u00edcil, tambi\u00e9n es incre\u00edblemente maravillosa, desconcertante y rutinaria, todo en un [&hellip;]<\/p>\n","protected":false},"author":2,"featured_media":0,"parent":0,"menu_order":0,"comment_status":"closed","ping_status":"closed","template":"","meta":[],"_links":{"self":[{"href":"https:\/\/www.ceadin.org\/b\/wp-json\/wp\/v2\/pages\/4245"}],"collection":[{"href":"https:\/\/www.ceadin.org\/b\/wp-json\/wp\/v2\/pages"}],"about":[{"href":"https:\/\/www.ceadin.org\/b\/wp-json\/wp\/v2\/types\/page"}],"author":[{"embeddable":true,"href":"https:\/\/www.ceadin.org\/b\/wp-json\/wp\/v2\/users\/2"}],"replies":[{"embeddable":true,"href":"https:\/\/www.ceadin.org\/b\/wp-json\/wp\/v2\/comments?post=4245"}],"version-history":[{"count":0,"href":"https:\/\/www.ceadin.org\/b\/wp-json\/wp\/v2\/pages\/4245\/revisions"}],"wp:attachment":[{"href":"https:\/\/www.ceadin.org\/b\/wp-json\/wp\/v2\/media?parent=4245"}],"curies":[{"name":"wp","href":"https:\/\/api.w.org\/{rel}","templated":true}]}}