{"id":4211,"date":"2017-12-13T17:49:14","date_gmt":"2017-12-13T17:49:14","guid":{"rendered":"http:\/\/www.ceadin.org\/b\/?page_id=4211"},"modified":"2019-07-14T00:41:25","modified_gmt":"2019-07-14T00:41:25","slug":"argumentos-para-todos","status":"publish","type":"page","link":"https:\/\/www.ceadin.org\/b\/argumentos-para-todos\/","title":{"rendered":"PARA SABER MAS: Todos tenemos un libreto en nuestra vida?"},"content":{"rendered":"<h3 style=\"text-align: center;\"><span style=\"color: #800000;\"><em><strong><br \/>\nT\u00fa, sin darte cuenta..!<br \/>\nQui\u00e9n ser\u00edas T\u00fa sin tu libreto..? \u00a0<\/strong><\/em><\/span><\/h3>\n<blockquote>\n<h3 style=\"text-align: center;\"><span style=\"color: #800080;\"><em><strong><span style=\"color: #333399;\">\u00bfTodos tenemos un libreto en nuestra Vida..?\u00a0\u00a0 <\/span><\/strong><\/em><\/span><span style=\"color: #333399;\"><em><strong><br \/>\n<\/strong><\/em><\/span><\/h3>\n<h3 style=\"text-align: center;\"><span style=\"color: #800000;\"><em><strong>Si..!<\/strong><\/em><\/span><\/h3>\n<blockquote>\n<h3 style=\"text-align: center;\"><a href=\"http:\/\/www.ceadin.org\/b\/wp-content\/uploads\/2019\/03\/Alberto-Pancorbo-5-e1552669475684.jpg\"><img decoding=\"async\" loading=\"lazy\" class=\"aligncenter wp-image-5435\" src=\"http:\/\/www.ceadin.org\/b\/wp-content\/uploads\/2019\/03\/Alberto-Pancorbo-5-e1552669475684.jpg\" alt=\"\" width=\"700\" height=\"735\" srcset=\"https:\/\/www.ceadin.org\/b\/wp-content\/uploads\/2019\/03\/Alberto-Pancorbo-5-e1552669475684.jpg 756w, https:\/\/www.ceadin.org\/b\/wp-content\/uploads\/2019\/03\/Alberto-Pancorbo-5-e1552669475684-286x300.jpg 286w, https:\/\/www.ceadin.org\/b\/wp-content\/uploads\/2019\/03\/Alberto-Pancorbo-5-e1552669475684-619x650.jpg 619w\" sizes=\"(max-width: 700px) 100vw, 700px\" \/><\/a><span style=\"color: #333399;\"><em><strong><span style=\"color: #800000;\">Hay Libretos tremendamente tr\u00e1gicos..!<\/span><br \/>\n<\/strong><\/em><\/span><\/h3>\n<h3 style=\"text-align: center;\"><span style=\"color: #000080;\"><em><strong><span style=\"color: #333399;\">Las personas que los poseen<br \/>\npueden terminar presos, o ser suicidas, homicidas,<br \/>\nfundirse, o morirse joven, etc..<\/span><\/strong><\/em><\/span><\/h3>\n<h3 style=\"text-align: center;\"><span style=\"color: #800080;\"><em><strong><span style=\"color: #0000ff;\"><span style=\"color: #800000;\">Cuando usted tenga noticias de que alguien murio\u0301<\/span><br \/>\n<span style=\"color: #800000;\"> muy joven, o quien ha sufrido de variados accidentes, o<\/span><br \/>\n<span style=\"color: #800000;\"> que siempre tiene problemas legales, piense en:<\/span><br \/>\n<span style=\"color: #333399;\">-Argumentos Tr\u00e1gicos-<\/span><\/span><\/strong><\/em><\/span><\/h3>\n<h4 style=\"text-align: left;\"><span style=\"color: #333399;\"><em><strong>Tambi\u00e9n est\u00e1n los libretos -Sin Pena ni Gloria-<\/strong><\/em><\/span><br \/>\n<span style=\"color: #800000;\"><em><strong>-Como el de Virginia, aquella hija que envejece junto a su madre-<\/strong><\/em><\/span><\/h4>\n<h4><span style=\"color: #008000;\"><em><strong><span style=\"color: #333399;\">-Para la Psicoterapia Integrativa, todo Argumento o Libreto de Vida es Tr\u00e1gico, cuando aparta a la persona de su propio y aut\u00e9ntico -Proyecto de Vida-. <\/span><span style=\"color: #800000;\">No importa que tengan apariencia benevolente o provida, como muchos proyectos que han dado a la humanidad grandes genios. <\/span><\/strong><\/em><\/span><\/h4>\n<h4 style=\"text-align: left;\"><span style=\"color: #008000;\"><em><strong><span style=\"color: #800000;\">Para la Psicoterapia Integrativa, se trata de un discurso ajeno, que determina la vida de una persona<\/span> <span style=\"color: #333399;\">-impidi\u00e9ndole decidir por ella misma, que\u0301 quiere hacer con su vida-.<\/span><\/strong><\/em><\/span><\/h4>\n<h3 style=\"text-align: center;\"><span style=\"color: #008000;\"><em><strong><span style=\"color: #800000;\">Pero&#8230;<\/span> <span style=\"color: #800080;\"><br \/>\n<span style=\"color: #800000;\">\u00bfPuede haber<\/span> <span style=\"color: #333399;\">-Proyectos de Vida-,<\/span><br \/>\n<span style=\"color: #333399;\">-Metas Trascendentes-<\/span><br \/>\n<span style=\"color: #800000;\">que coincidan con<\/span> <span style=\"color: #333399;\">-Mandatos Argumentales-?<\/span><\/span> <\/strong><\/em><\/span><\/h3>\n<h4 style=\"text-align: center;\"><span style=\"color: #008000;\"><em><strong><span style=\"color: #800000;\">Por ejemplo, aquel hijo de abogado, que hereda tanto el estudio como la clientela, que responde al mandato<\/span> <span style=\"color: #333399;\">-Se\u0301 abogado como tu padre-<\/span> <span style=\"color: #800000;\">y que a pesar de todo eso, disfruta de lo que hace y la considera su meta?<\/span> <\/strong><\/em><\/span><\/h4>\n<h4 style=\"text-align: center;\"><span style=\"color: #008000;\"><em><strong><span style=\"color: #800000;\">Si. Claro que si. Lo que ocurre es que, si ese hijo de abogado toma el mandato argumental, piensa sobre \u00e9l, se contacta con su verdadero deseo, reconoce que quiere ser abogado, ese mandato deja de serlo para transformarse en una decisi\u00f3n propia y por lo tanto, trascendental.<\/span> <\/strong><\/em><\/span><\/h4>\n<h3 style=\"text-align: center;\"><span style=\"color: #800080;\"><em><strong><span style=\"color: #800000;\">Es como si le dijera al padre:<\/span><br \/>\n<span style=\"color: #333399;\">-Papa\u0301, a pesar de que tu deseas que yo sea abogado,<\/span><br \/>\n<span style=\"color: #333399;\"> yo quiero serlo porque -ES MI- deseo-<\/span><\/strong><\/em><\/span><\/h3>\n<blockquote><p><a href=\"http:\/\/www.ceadin.org\/b\/wp-content\/uploads\/2019\/07\/Hombre-libro-y-viento-El-arte-de-Iman-Maleki-Trab-2-e1563047927882.jpg\"><img decoding=\"async\" loading=\"lazy\" class=\"wp-image-5934 size-full aligncenter\" src=\"http:\/\/www.ceadin.org\/b\/wp-content\/uploads\/2019\/07\/Hombre-libro-y-viento-El-arte-de-Iman-Maleki-Trab-2-e1563047927882.jpg\" alt=\"\" width=\"592\" height=\"709\" srcset=\"https:\/\/www.ceadin.org\/b\/wp-content\/uploads\/2019\/07\/Hombre-libro-y-viento-El-arte-de-Iman-Maleki-Trab-2-e1563047927882.jpg 592w, https:\/\/www.ceadin.org\/b\/wp-content\/uploads\/2019\/07\/Hombre-libro-y-viento-El-arte-de-Iman-Maleki-Trab-2-e1563047927882-250x300.jpg 250w\" sizes=\"(max-width: 592px) 100vw, 592px\" \/><\/a><\/p>\n<h4 style=\"text-align: left;\"><span style=\"color: #333399;\"><em><strong><span style=\"color: #800000;\">Como vimos, una de las<\/span> -caracter\u00edsticas del -Argumento de Vida- <span style=\"color: #800000;\"><br \/>\nes la tendencia de la persona para provocarse<\/span> -experiencias confirmatorias-, <span style=\"color: #800000;\">es decir, situaciones en donde termina corroborando que<\/span> -lo que dice su -Argumento- es una Verdad Absoluta-.<\/strong> <\/em><\/span><\/h4>\n<h4><span style=\"color: #333399;\"><em><strong>-Fantasma 1:<\/strong><\/em><\/span><br \/>\n<em><strong><span style=\"color: #333399;\"> -Este Argumento-, <\/span><span style=\"color: #008000;\"><span style=\"color: #800000;\">es una historia que nos hemos estado contando sobre lo que somos como personas, como es la vida, que\u0301 se espera de nosotros, y cu\u00e1les son las consecuencias que deberemos soportar si transgredimos esa<\/span> <span style=\"color: #333399;\">-Ley-.<\/span> <\/span><\/strong><\/em><\/h4>\n<h4><em><strong><span style=\"color: #008000;\"><span style=\"color: #800000;\">Toda esta historia, que se ubica dentro de un<\/span> <span style=\"color: #333399;\">-Registro Imaginario de la Vida-,<\/span> <span style=\"color: #800000;\">es como un<\/span><\/span> <span style=\"color: #333399;\">-fantasma-<\/span><span style=\"color: #800000;\"> que nos persigue adonde quiera que vayamos.<\/span><\/strong><\/em><\/h4>\n<h3 style=\"text-align: center;\"><span style=\"color: #800000;\"><em><strong>Por otro lado la persona tiene una tendencia natural, como todo ser vivo, de crecer hasta desarrollar sus potencialidades a pleno.<\/strong><\/em><\/span><br \/>\n<span style=\"color: #333399;\"><em><strong> Carl Rogers la llamo\u0301 -Tendencia Actualizante-<\/strong><\/em><\/span><\/h3>\n<h4><strong><em><span style=\"color: #008000;\"><span style=\"color: #800000;\">Y ya tenemos las dos fuerzas de choque:<\/span> <span style=\"color: #333399;\">-el<\/span><\/span><span style=\"color: #333399;\"> Fantasma-<\/span> <span style=\"color: #800000;\">que opera para resituar a la persona dentro del <\/span><span style=\"color: #333399;\">-Argumento- y la -Tendencia Actualizante- <\/span><span style=\"color: #800000;\">que lo impulsa hacia la trascendencia, hacia lo que realmente quiere hacer en su vida. <\/span><\/em><\/strong><\/h4>\n<h4><strong><span style=\"color: #800000;\"><em>En el peor de los casos, <\/em><\/span><span style=\"color: #333399;\"><em>-el Fantasma-,<\/em> <em>(-fantasma- esta\u0301 tomado aqui\u0301 como la corporizacio\u0301n de una fantasi\u0301a, producto de la imaginacio\u0301n. Le damos vida al -fantasma- cuando creemos, sin cuestionar, las supuestas verdades encapsuladas en el -Argumento de Vida-), <\/em><\/span><em><span style=\"color: #008000;\"><span style=\"color: #800000;\">por su antig\u00fcedad en nuestras vidas, termina imponiendo su<\/span> <span style=\"color: #333399;\">-falsa l\u00f3gica, sus presiones y amenazas, y triunfa-.<\/span><\/span><\/em><\/strong><\/h4>\n<h4><span style=\"color: #008000;\"><em><strong><span style=\"color: #800000;\">En el mejor de los casos, la<\/span> <span style=\"color: #333399;\">-Tendencia Actualizante-<\/span><span style=\"color: #800000;\"> hacia la vida se impone, cuestiona la falsa l\u00f3gica y le clava una estaca al<\/span> <span style=\"color: #333399;\">-Fantasma-. <\/span><\/strong><\/em><\/span><\/h4>\n<\/blockquote>\n<h3 style=\"text-align: center;\"><span style=\"color: #800080;\"><em><strong><span style=\"color: #800000;\">El resultado es<span style=\"color: #333399;\"> -la autonom\u00eda-<\/span> respecto de ese<br \/>\n<span style=\"color: #333399;\">-Argumento de vida-<\/span><br \/>\nsustento natural del<\/span> <span style=\"color: #333399;\">-fantasma-<\/span><\/strong><\/em><\/span><\/h3>\n<blockquote>\n<h4 style=\"text-align: left;\"><span style=\"color: #008000;\"><em><strong><span style=\"color: #800000;\">Pero, durante el camino del crecimiento, el<\/span> <span style=\"color: #333399;\">-fantasma-<\/span> <span style=\"color: #800000;\">hace<\/span><span style=\"color: #333399;\"> -zancadillas-<\/span> <span style=\"color: #800000;\">a la persona. Quiere imponerse a toda costa. <\/span><\/strong><\/em><\/span><span style=\"color: #800080;\"><em><strong><span style=\"color: #800000;\">Lamentablemente, hay personas que en la primera o segunda<\/span><span style=\"color: #333399;\"> -zancadilla- <\/span><\/strong><\/em><\/span><span style=\"color: #800080;\"><em><strong><span style=\"color: #800000;\">se desaniman y ceden su deseo a los requerimientos del <\/span><span style=\"color: #333399;\">-Fantasma-.<\/span><\/strong><\/em><\/span><\/h4>\n<h4><span style=\"color: #008000;\"><em><strong><span style=\"color: #333399;\">-Cada l\u00ednea argumental es un mandato- <\/span><span style=\"color: #800000;\">no importando que se trate de<\/span> <span style=\"color: #333399;\">-frenadores, permisores o cuasipermisores-,<\/span> <span style=\"color: #800000;\">todos ellos, a\u00fan cuando conforman el \u00e1rea fuerte, son<\/span> <span style=\"color: #333399;\">-directivas parentales-.<\/span> <\/strong><\/em><\/span><\/h4>\n<h4><span style=\"color: #008000;\"><em><strong><span style=\"color: #800000;\">Conoci\u00e9ndolos podemos deducir si son<\/span> <span style=\"color: #333399;\">-provida o antivida, si nos han impulsado a vivir bien, de acuerdo con nuestros deseos o, por el contrario, a vivir en funci\u00f3n del deseo de los otros-.<\/span><\/strong><\/em><\/span><\/h4>\n<h4><em><strong><span style=\"color: #800000;\">Seg\u00fan acabamos de ver, todas las personas tienen un argumento de vida, lo que las diferencia es que algunas poseen en su argumento, <\/span><span style=\"color: #0000ff;\"><span style=\"color: #333399;\">-Un Mandato para Cuestionar los Mandatos-.<\/span> <\/span><span style=\"color: #800000;\">Esto producir\u00eda, en alg\u00fan momento del desarrollo evolutivo, un efecto de liberaci\u00f3n de todo discurso ajeno. Seria algo asi\u0301 como:<\/span><\/strong><\/em><\/h4>\n<p><a href=\"http:\/\/www.ceadin.org\/b\/wp-content\/uploads\/2019\/07\/Christtoff-Debussche\u0300re19.jpg\"><img decoding=\"async\" loading=\"lazy\" class=\"alignright wp-image-5936\" src=\"http:\/\/www.ceadin.org\/b\/wp-content\/uploads\/2019\/07\/Christtoff-Debussche\u0300re19.jpg\" alt=\"\" width=\"700\" height=\"897\" srcset=\"https:\/\/www.ceadin.org\/b\/wp-content\/uploads\/2019\/07\/Christtoff-Debussche\u0300re19.jpg 564w, https:\/\/www.ceadin.org\/b\/wp-content\/uploads\/2019\/07\/Christtoff-Debussche\u0300re19-234x300.jpg 234w\" sizes=\"(max-width: 700px) 100vw, 700px\" \/><\/a><\/p>\n<h4><span style=\"color: #993300;\"><em><strong>\u00abHijo, por ahora tienes que cumplir con algunas normas familiares. Pero, cuando seas mayor de edad, puedes tomar tus propias decisiones, cuestionar el estilo de vida que te impusimos como los valores que te inculcamos, programar tu propio plan de vida en virtud de tus aut\u00e9nticos deseos, no ceder tu deseo en la medida en que lo sientas realmente tuyo. <\/strong><\/em><\/span><\/h4>\n<h4><span style=\"color: #993300;\"><em><strong>Hagas lo que hagas siempre te amare\u0301 y mi amor ira\u0301 contigo. Este es mi mandato final cuyo objetivo es liberarte de todos los mandatos restrictivos que pude haberte dado. Cuesti\u00f3nalos. Te amo.\u201d<\/strong><\/em><\/span><\/h4>\n<h3 style=\"text-align: center;\"><span style=\"color: #800000;\"><em><strong>-La gran decisi\u00f3n-<\/strong><\/em><\/span><br \/>\n<em><strong><span style=\"color: #800000;\"> \u00bfC\u00f3mo saber si vivimos de acuerdo con nuestro propio<\/span> <span style=\"color: #800080;\"><br \/>\n<\/span><span style=\"color: #333399;\">-Plan de Vida-<\/span><span style=\"color: #800000;\"> o seg\u00fan un<\/span> <span style=\"color: #333399;\">-Argumento de Vida-?<\/span><\/strong><\/em><\/h3>\n<h3 style=\"text-align: center;\"><em><strong><span style=\"color: #800000;\">\u00bfC\u00f3mo darnos cuenta si estamos <\/span><span style=\"color: #333399;\">-Honrando la Vida- (Personalidad Abierta)<\/span><span style=\"color: #800000;\"> o, simplemente <\/span><span style=\"color: #333399;\">-Permanecemos y\u00a0 Transcurrimos- (Personalidad Cerrada)?<\/span><\/strong><\/em><\/h3>\n<h4><em><strong><span style=\"color: #800000;\">Si vivimos de acuerdo con lo que se espera de nosotros, por mejor que nos vaya en la vida, vamos a tener una sensaci\u00f3n de futilidad;<\/span><span style=\"color: #333399;\"> -en cambio, si vivimos seg\u00fan nuestra meta, seg\u00fan nuestros puros y aut\u00e9nticos deseos, libres de argumentaci\u00f3n ajena, nuestra vida tiene sentido pleno-.<\/span> <span style=\"color: #0000ff;\"><span style=\"color: #800080;\"><span style=\"color: #800000;\">En este caso estaremos<\/span><span style=\"color: #333399;\"> -Honrando la Vida-,<\/span><\/span><span style=\"color: #800000;\"> de la otra manera<\/span> <span style=\"color: #333399;\">-Vivimos por Vivir-.<\/span><\/span><\/strong><\/em><\/h4>\n<h4><span style=\"color: #008000;\"><em><strong><span style=\"color: #333399;\">-El pasaje de una vida sin sentido a una plena de sentido no es f\u00e1cil-.<\/span> <span style=\"color: #800000;\">No es producto de la voluntad sino del conocimiento de uno mismo. En posesi\u00f3n de esos mandatos que impiden vivir plenamente surge una pregunta:<\/span> <span style=\"color: #333399;\">\u00bfY ahora que\u0301?<\/span><\/strong><\/em><\/span><\/h4>\n<h4><span style=\"color: #333399;\"><em><strong>\u00bfPor d\u00f3nde empezar?<\/strong><\/em><\/span><br \/>\n<em><strong><span style=\"color: #800000;\"> El conocimiento de uno mismo, se puede comenzar desde muchos lugares. Pero, se empiece por donde se empiece,<\/span> <span style=\"color: #333399;\">-el ingrediente que -NO DEBE- faltar es la buena fe, la honestidad para consigo mismo-. <span style=\"color: #800000;\">Esto quiere decir que de nada servira\u0301, ni la psicoterapia, ni los talleres vivenciales, ni las lecturas,<\/span> -si los conflictos no los refiere a usted-. -Si usted insiste en culpar a su esposa, a las circunstancias, al programa econ\u00f3mico vigente o a la conjunci\u00f3n astral por sus problemas, todo seguira\u0301 igual-. <\/span><\/strong><\/em><\/h4>\n<h3 style=\"text-align: center;\"><em><strong><span style=\"color: #800000;\">Entonces&#8230; \u00bfPor d\u00f3nde empezar?<\/span><br \/>\n<span style=\"color: #333399;\">Pues&#8230; por usted..!<\/span><\/strong><\/em><\/h3>\n<h4 style=\"text-align: left;\"><span style=\"color: #333399;\"><em><strong>-Influencia de los frenadores-<\/strong><\/em><\/span><br \/>\n<em><strong><span style=\"color: #333399;\"> -Cambiar significa pasar de -Un Estado NO deseado a Un Estado Deseado-.<\/span> <span style=\"color: #800000;\">Como vamos a ir viendo poco a poco, la gente considera como cambio<\/span> <span style=\"color: #333399;\">-El Obtener algo que NO se Posee-, o -Dejar de Tener algo que se Tiene-.<\/span><\/strong> <\/em><\/h4>\n<h3 style=\"text-align: center;\"><span style=\"color: #333399;\"><em><strong><span style=\"color: #800000;\">Un ejemplo del -1er Tipo<\/span><br \/>\n-Es Tener un Auto- <span style=\"color: #800000;\"><br \/>\ny<\/span><span style=\"color: #800000;\"> uno del 2\u00b0 Tipo<\/span> -Es Dejar de Fumar- <\/strong><\/em><\/span><\/h3>\n<h3 style=\"text-align: center;\"><span style=\"color: #008000;\"><em><strong><span style=\"color: #800000;\">Pero el cambio es mucho m\u00e1s que eso:<\/span><br \/>\n<span style=\"color: #333399;\">-Es Conocer, Cuestionar y Desarticular los Mandatos<\/span><br \/>\n<span style=\"color: #333399;\"> de ese Argumento de Vida-<\/span> <span style=\"color: #800000;\">para poder vivir en libertad, fuera de esos textos ajenos que nos habitan.<\/span><\/strong><\/em><\/span><\/h3>\n<h3 style=\"text-align: center;\"><span style=\"color: #800000;\"><em><strong>De cualquier forma, en esta primera<br \/>\netapa, las personas consideran que cambio es tener&#8230;<br \/>\no dejar de tener.!<\/strong><\/em><\/span><\/h3>\n<p><span style=\"color: #800000;\">Artista-Alberto Pancorbo<\/span><br \/>\n<span style=\"color: #800000;\"> Artista-El arte de Iman Maleki<\/span><br \/>\n<span style=\"color: #800000;\"> Artista-Christtoff Debussch\u00e8re<\/span><\/p><\/blockquote>\n<\/blockquote>\n<\/blockquote>\n","protected":false},"excerpt":{"rendered":"<p>T\u00fa, sin darte cuenta..! Qui\u00e9n ser\u00edas T\u00fa sin tu libreto..? \u00a0 \u00bfTodos tenemos un libreto en nuestra Vida..?\u00a0\u00a0 Si..! Hay Libretos tremendamente tr\u00e1gicos..! Las personas que los poseen pueden terminar presos, o ser suicidas, homicidas, fundirse, o morirse joven, etc.. Cuando usted tenga noticias de que alguien murio\u0301 muy joven, o quien ha sufrido de [&hellip;]<\/p>\n","protected":false},"author":2,"featured_media":0,"parent":0,"menu_order":0,"comment_status":"closed","ping_status":"closed","template":"","meta":[],"_links":{"self":[{"href":"https:\/\/www.ceadin.org\/b\/wp-json\/wp\/v2\/pages\/4211"}],"collection":[{"href":"https:\/\/www.ceadin.org\/b\/wp-json\/wp\/v2\/pages"}],"about":[{"href":"https:\/\/www.ceadin.org\/b\/wp-json\/wp\/v2\/types\/page"}],"author":[{"embeddable":true,"href":"https:\/\/www.ceadin.org\/b\/wp-json\/wp\/v2\/users\/2"}],"replies":[{"embeddable":true,"href":"https:\/\/www.ceadin.org\/b\/wp-json\/wp\/v2\/comments?post=4211"}],"version-history":[{"count":0,"href":"https:\/\/www.ceadin.org\/b\/wp-json\/wp\/v2\/pages\/4211\/revisions"}],"wp:attachment":[{"href":"https:\/\/www.ceadin.org\/b\/wp-json\/wp\/v2\/media?parent=4211"}],"curies":[{"name":"wp","href":"https:\/\/api.w.org\/{rel}","templated":true}]}}