{"id":3966,"date":"2017-11-05T17:59:52","date_gmt":"2017-11-05T17:59:52","guid":{"rendered":"http:\/\/www.ceadin.org\/b\/?page_id=3966"},"modified":"2019-01-15T16:05:18","modified_gmt":"2019-01-15T16:05:18","slug":"3-caso-anonimo","status":"publish","type":"page","link":"https:\/\/www.ceadin.org\/b\/3-caso-anonimo\/","title":{"rendered":"3- CASO: (An\u00f3nimo)"},"content":{"rendered":"<h3 class=\"entry-title\" style=\"text-align: center;\"><span style=\"color: #800080;\"><strong><i>Tu caso se ha publicado satisfactoriamente.<\/i><\/strong><\/span><\/h3>\n<h3 style=\"text-align: center;\"><span style=\"color: #800080;\"><strong><i>\u00a1 Gracias por compartir tu caso !<\/i><\/strong><\/span><\/h3>\n<h3><span style=\"color: #800080;\"><em><strong> 3- CASO: (An\u00f3nimo)<\/strong><\/em><\/span><\/h3>\n<h4><span style=\"color: #339966;\"><em><strong>Hace tiempo buscaba alg\u00fan grupo donde contar mi historia sin ser juzgada, solo quiero ayuda y esta es mi historia:<\/strong><\/em><\/span><\/h4>\n<h4><span style=\"color: #339966;\"><em><strong> Desde que ten\u00eda aproximadamente unos 6 a\u00f1os, mis pap\u00e1s se separaron pero solo con palabras, luego volv\u00edan, lo dejaban y lo volvieron a intentar nuevamente hasta que pareci\u00f3 que todo estaba bien. Cuando entr\u00e9 a primero medio (15 a\u00f1os) me comenc\u00e9 a notar extra\u00f1a, me sent\u00eda sin \u00e1nimos y yo solo pens\u00e9 que era un tipo de stress por el colegio y era tanto que hasta ganas de suicidarme me dieron, no le cont\u00e9 a nadie y as\u00ed estuve hasta segundo medio, ese a\u00f1o y a pocos d\u00edas de cumplir 16 falleci\u00f3 mi pap\u00e1. Le di\u00f3 un paro cardiaco sin previo aviso, me doli\u00f3 bastante, pero sin embargo los signos de \u00abluto y dolor\u00bb los comenc\u00e9 reci\u00e9n a tener al a\u00f1o siguiente con 17 a\u00f1os, me cuestionaba tantas cosas, me iba mas o menos en los estudios y en mi colegio nunca nadie me pregunt\u00f3 nada sobre lo que me hab\u00eda pasado el a\u00f1o anterior. Mi mam\u00e1 con su luto ya estaba aceptandolo, pero jam\u00e1s me pregunt\u00f3 como me sent\u00eda yo respecto a esto, viv\u00ed este luto practicamente sola y todo empeor\u00f3 en mi \u00faltimo a\u00f1o de ense\u00f1anza media. No ten\u00eda ganas de ir a clases o simplemente no iba y dec\u00eda que estaba enferma, para esto ya se hab\u00edan cumplido 2 a\u00f1os de lo de mi pap\u00e1. Y nadie me preguntaba como me encontraba yo, me hubiera gustado que alguien me escuchara. Hoy tengo 19 a\u00f1os, estoy en mi primer a\u00f1o de universidad y me estoy cuestionando mucho mas las cosas, desde peque\u00f1a me gusta lo que estoy estudiando pero este \u00faltimo tiempo ya ni eso me motiva, mi depresi\u00f3n ha crecido, s\u00ed, ya tengo diagn\u00f3stico. Busqu\u00e9 ayuda yo sola, sin que nadie se enterara, nadie de mi familia lo sabe. Estas \u00faltimas semanas solo he sentido ganas de suicidarme me siento realmente mal, me ha salido todo mal y es que me he esforzado de poder estar bien pero no me resulta. Mi mam\u00e1 ultimamente les cuenta a sus amigos y familiares lo duro que ha sido todo desde lo de mi pap\u00e1 pero que de a poco lo super\u00f3 y ahora ya hasta tiene pololo. Sin embargo siento que s\u00f3lo ella a podido superar eso, yo me siento estancada, ella busc\u00f3 solo ayuda para ella, nunca me llev\u00f3 al psicologo ni nada siendo que yo solo ten\u00eda 16&#8230; se mejor\u00f3 y yo aun sufro todo, solo quiero sentirme bien, siento tanta culpa, tanto odio, tantas ganas de morir porque las cosas no me salen nada bien.<\/strong><\/em><\/span><br \/>\n<span style=\"color: #339966;\"><em><strong> Espero puedan contestarme, muchas gracias.<\/strong> <\/em><\/span><\/h4>\n<hr \/>\n<h4><span style=\"color: #800080;\"><strong><em>Respuesta en atenci\u00f3n a:<\/em><\/strong> <em><strong>3- CASO (an\u00f3nimo)<\/strong><\/em><\/span><\/h4>\n<h4><span style=\"color: #800080;\"><em><strong>Con mucho gusto te respondo:<\/strong><\/em><\/span><\/h4>\n<h4><span style=\"color: #800080;\"><em><strong>Esto que viviste de ni\u00f1a marc\u00f3 tu vida,<br \/>\nhas vivido sin un apoyo moral que para una ni\u00f1a es vital.<\/strong><\/em><\/span><br \/>\n<span style=\"color: #800080;\"><em><strong> Pero buscar ayuda es el primer paso para una vida sana en el futuro y tu ya lo has dado.<\/strong><\/em><\/span><\/h4>\n<h4><span style=\"color: #800080;\"><em><strong>Un ni\u00f1o debe crecer con el amor de sus padres, nutri\u00e9ndose de amor, cuidado, compa\u00f1\u00eda y apoyo, y a veces eso no se da. Uno crece como minusv\u00e1lido ante cualquier reto que la vida nos pone, pero eso tiene remedio.<\/strong><\/em><\/span><\/h4>\n<h4><span style=\"color: #800080;\"><em><strong>Dentro de todos, ah\u00ed escondido existe un ni\u00f1o o ni\u00f1a que le falt\u00f3 amor, cuidado, seguridad, etc..<\/strong><\/em><\/span><\/h4>\n<h4><span style=\"color: #800080;\"><em><strong>Ahora tienes que ocuparte de ti misma, es decir vas a ser la mam\u00e1 de esa ni\u00f1a escondida que no tuvo apoyo, que tiene miedo, que es insegura, que tiene mucho dolor y sufre es lo que vas a trabajar desde ahora&#8230;<\/strong><\/em><\/span><\/h4>\n<h4><span style=\"color: #800080;\"><em><strong>Como&#8230;?<\/strong><\/em><\/span><\/h4>\n<h4><span style=\"color: #800080;\"><em><strong>Ahora vas a ser tu mam\u00e1, es decir vas a actuar como si fueras tu mam\u00e1, como te hubiera gustado que fuera tu mam\u00e1 y le vas a decir a esa ni\u00f1a chiquita que no tenga miedo, que tu la vas a proteger y cuidar, que no vas a permitir que le hagan da\u00f1o y que tu la quieres mucho, y esa ni\u00f1a se va a sentir protegida y cuidada, y as\u00ed dentro de poco, la ni\u00f1a se sentir\u00e1 mejor y va a sanar.<\/strong><\/em><\/span><\/h4>\n<h4><span style=\"color: #800080;\"><em><strong>Espero esto sea el inicio de una pronta recuperaci\u00f3n y te mando un saludo,<\/strong><\/em><\/span><\/h4>\n<h4><span style=\"color: #800080;\"><em><strong>Paty&#8230;<\/strong><\/em><\/span><\/h4>\n<h4><span style=\"color: #800080;\"><em><strong>Te mando liga: 38. Estuvimos muy contentas, llore y llore<\/strong><\/em><\/span><\/h4>\n<p><a href=\"http:\/\/www.ceadin.org\/b\/2011\/05\/20\/38-estuvimos-muy-contentas-llore-y-llore\/\">http:\/\/www.ceadin.org\/b\/2011\/05\/20\/38-estuvimos-muy-contentas-llore-y-llore\/<\/a><\/p>\n<p><span style=\"color: #008000;\"><strong><em>En caso necesario: <\/em><\/strong><em><strong>Llame a su m\u00e9dico.<br \/>\nLlame al 911 para servicios de emergencia o vaya a la sala de emergencias m\u00e1s cercana.<\/strong><\/em><\/span><\/p>\n<p><span style=\"color: #008000;\"><em><strong>Llame a la l\u00ednea directa gratuita de la Red Nacional de Prevenci\u00f3n del Suicidio,<br \/>\nlas 24 horas, al 1-888-628-9454; tel\u00e9fono para personas con problemas auditivos:<br \/>\n1-800-799-4889 (1-800-799-4TTY).<\/strong><\/em><\/span><\/p>\n<p><span style=\"color: #008000;\"><em><strong>SAPTEL \u201cSistema Nacional de Apoyo, Consejo <\/strong><\/em><\/span><br \/>\n<span style=\"color: #008000;\"> <em><strong>Psicol\u00f3gico e Intervenci\u00f3n en Crisis por Tel\u00e9fono\u201d \u00a0 <\/strong><\/em><\/span><br \/>\n<span style=\"color: #008000;\"> <em><strong>(Cruz Roja Mexicana\u2013 24 Hrs.) sin costo<\/strong><\/em><\/span><br \/>\n<span style=\"color: #008000;\"> <em><strong>Tel.- 52-59-81-21\u00a0\u00a0 \u2013\u00a0\u00a0 01-800-472-78-35 <\/strong><\/em><\/span><br \/>\n<span style=\"color: #008000;\"> <em><strong>saptel@prodigy.net.mx<\/strong><\/em><\/span><br \/>\n<span style=\"color: #008000;\"> <em><strong>http:\/\/www.saptel.org.mx\/<\/strong><\/em><\/span><\/p>\n","protected":false},"excerpt":{"rendered":"<p>Tu caso se ha publicado satisfactoriamente. \u00a1 Gracias por compartir tu caso ! 3- CASO: (An\u00f3nimo) Hace tiempo buscaba alg\u00fan grupo donde contar mi historia sin ser juzgada, solo quiero ayuda y esta es mi historia: Desde que ten\u00eda aproximadamente unos 6 a\u00f1os, mis pap\u00e1s se separaron pero solo con palabras, luego volv\u00edan, lo dejaban [&hellip;]<\/p>\n","protected":false},"author":2,"featured_media":0,"parent":0,"menu_order":0,"comment_status":"closed","ping_status":"closed","template":"","meta":[],"_links":{"self":[{"href":"https:\/\/www.ceadin.org\/b\/wp-json\/wp\/v2\/pages\/3966"}],"collection":[{"href":"https:\/\/www.ceadin.org\/b\/wp-json\/wp\/v2\/pages"}],"about":[{"href":"https:\/\/www.ceadin.org\/b\/wp-json\/wp\/v2\/types\/page"}],"author":[{"embeddable":true,"href":"https:\/\/www.ceadin.org\/b\/wp-json\/wp\/v2\/users\/2"}],"replies":[{"embeddable":true,"href":"https:\/\/www.ceadin.org\/b\/wp-json\/wp\/v2\/comments?post=3966"}],"version-history":[{"count":0,"href":"https:\/\/www.ceadin.org\/b\/wp-json\/wp\/v2\/pages\/3966\/revisions"}],"wp:attachment":[{"href":"https:\/\/www.ceadin.org\/b\/wp-json\/wp\/v2\/media?parent=3966"}],"curies":[{"name":"wp","href":"https:\/\/api.w.org\/{rel}","templated":true}]}}