{"id":3885,"date":"2017-10-08T01:40:53","date_gmt":"2017-10-08T01:40:53","guid":{"rendered":"http:\/\/www.ceadin.org\/b\/?page_id=3885"},"modified":"2019-01-15T16:09:16","modified_gmt":"2019-01-15T16:09:16","slug":"2-gracias-por-compartir-tu-caso-caso-anonimo-maav","status":"publish","type":"page","link":"https:\/\/www.ceadin.org\/b\/2-gracias-por-compartir-tu-caso-caso-anonimo-maav\/","title":{"rendered":"2- CASO: (An\u00f3nimo-MAAV-)"},"content":{"rendered":"<h3 class=\"entry-title\" style=\"text-align: center;\"><strong><span style=\"color: #800080;\"><i>Tu caso se ha publicado satisfactoriamente.<\/i><\/span><\/strong><\/h3>\n<h3 class=\"entry-title\" style=\"text-align: center;\"><strong><span style=\"color: #800080;\"><i>\u00a1 Gracias por compartir tu caso !<\/i><\/span><\/strong><\/h3>\n<h3><em><strong><span style=\"color: #800080;\">CASO: (An\u00f3nimo-MAAV-)<\/span><\/strong><\/em><\/h3>\n<h4><span style=\"color: #339966;\"><em><strong>Hola,<\/strong><\/em><\/span><br \/>\n<span style=\"color: #339966;\"> <em><strong> Tengo a mi suegra que vive con nosotros, pero desde que la conozco siempre ha tenido cambios de animo muy raros, cambios que afectan a mi esposa y tambi\u00e9n terminan afectando nuestra relaci\u00f3n, ella no tiene esposo ni otro hijo, mi esposa ya no soporta vivir con ella, ya que comienza a tener s\u00edntomas de depresi\u00f3n a causa de los problemas que genera el estado de mi suegra, hemos intentado ayudarla varias veces, la hemos llevado al psiquiatra, le han dado tratamientos pero al tiempo los corta y por ende no ha tenido mejora.<\/strong><\/em><\/span><br \/>\n<span style=\"color: #339966;\"> <em><strong> Nosotros por la salud mental de mi esposa e hija de 15 a\u00f1os que tengo, hemos decidido irnos y dejarla sola, ya que ella no nos deja que la ayudemos de ninguna forma, nos desprecia cuando la invitamos a comer o salir, se encierra en su dormitorio cuando estamos todos en casa, no comparte con nosotros, se queja que no tiene dinero. Hace un tiempo le consegu\u00ed un trabajo, duro tres meses y lo dejo botado, por que seg\u00fan ella le hac\u00edan la vida imposible, y nunca nos comunico nada de lo que le pasaba.<\/strong><\/em><\/span><br \/>\n<span style=\"color: #339966;\"> <em><strong> La relaci\u00f3n entre ella y mi esposa, nunca ha sido buena, siempre han tenido problemas, creo que es por lo mismo, y mi esposa siente que la culpa de su desgracia, siente que su mam\u00e1 la culpa por no haber tenido la vida que quer\u00eda por haberla parido y criado.<\/strong><\/em><\/span><br \/>\n<span style=\"color: #339966;\"> <em><strong> Mi esposa siempre le esta manifestando que la quiere y que le preocupa como esta a su mam\u00e1, <\/strong><\/em><em><strong>pero yo nunca he escuchado ni he visto que mi suegra le manifieste afecto a mi esposa, es m\u00e1s generalmente la ignora y cuando quiere hablar algo, le habla a mi hija o mi hijo de 7 a\u00f1os o la perra que tenemos, rara vez me habla a m\u00ed y menos a mi esposa.<\/strong><\/em><\/span><br \/>\n<span style=\"color: #339966;\"> <em><strong> Entonces ya no sabemos que hacer, por un lado queremos irnos y dejarla sola, pero por otra parte nos da pena dejarla sola y miedo de que haga algo en contra de si misma.<\/strong><\/em><\/span><\/h4>\n<h4><span style=\"color: #339966;\"><em><strong>Esperando sus sabios comentarios<\/strong><\/em><\/span><br \/>\n<span style=\"color: #339966;\"> <em><strong> Saludos y gracias.<\/strong><\/em><\/span><\/h4>\n<h3><em>&#8212;&#8212;&#8212;&#8212;&#8212;&#8212;&#8212;-<br \/>\n<\/em><\/h3>\n<h4><span style=\"color: #008000;\"><strong><em>Respuesta en atenci\u00f3n a: (An\u00f3nimo-MAAV-)<\/em><\/strong><\/span><\/h4>\n<h4><span style=\"color: #800080;\"><em><strong>Con mucho gusto te respondo: Ayudar a una persona como lo describes es muy desgastante, hay que tener mucha paciencia, no se puede ayudar a quien no quiere dejarse ayudar, sin embargo creo que si la se\u00f1ora no quiere aceptar sus invitaciones, ustedes deben aprovechar para salir y descansar de la rutina.<\/strong><\/em><\/span><\/h4>\n<h4><span style=\"color: #800080;\"><em><strong>A veces este tipo de personas que no quieren ayuda, pueden manipular las situaciones y es mas dif\u00edcil ayudarlas, hay que sacar las ideas falsas que puedan ustedes tener sobre si se hace algun da\u00f1o o no, pues esto parece mas bien chantaje.<\/strong><\/em><\/span><\/h4>\n<h4><span style=\"color: #800080;\"><em><strong>Quiz\u00e1s puedan insistir en llevarla a otro doctor para pedir otra opini\u00f3n, sin embargo creo que va a ser dif\u00edcil convercerla.<\/strong><\/em><\/span><\/h4>\n<h4><span style=\"color: #800080;\"><em><strong> Te mando una liga para que vean un poco lo que se puede hacer para ayudarla a ella y a ustedes, e<\/strong><\/em><em><strong>spero les d\u00e9 algo de luz para saber como manejar esta situaci\u00f3n,<\/strong><\/em><\/span><\/h4>\n<h4><span style=\"color: #800080;\"><em><strong>Un saludo deseando lo mejor,<br \/>\n<\/strong><\/em><\/span><\/h4>\n<h4><span style=\"color: #800080;\"><em><strong>Paty&#8230;<\/strong><\/em><\/span><\/h4>\n<h3><span style=\"color: #800080;\"><em><strong>-C\u00f3mo ayudar a una persona con Depresi\u00f3n-<\/strong><\/em><\/span><\/h3>\n<p><a href=\"http:\/\/www.ceadin.org\/b\/como-ayudar-a-una-persona-con-depresion\/\">http:\/\/www.ceadin.org\/b\/como-ayudar-a-una-persona-con-depresion\/<\/a><\/p>\n<p><span style=\"color: #008000;\"><strong><em>En caso necesario: <\/em><\/strong><em><strong>Llame a su m\u00e9dico.<br \/>\nLlame al 911 para servicios de emergencia o vaya a la sala de emergencias m\u00e1s cercana.<\/strong><\/em><\/span><\/p>\n<p><span style=\"color: #008000;\"><em><strong>Llame a la l\u00ednea directa gratuita de la Red Nacional de Prevenci\u00f3n del Suicidio,<br \/>\nlas 24 horas, al 1-888-628-9454; tel\u00e9fono para personas con problemas auditivos:<br \/>\n1-800-799-4889 (1-800-799-4TTY).<\/strong><\/em><\/span><\/p>\n<p><span style=\"color: #008000;\"><em><strong>SAPTEL \u201cSistema Nacional de Apoyo, Consejo <\/strong><\/em><\/span><br \/>\n<span style=\"color: #008000;\"> <em><strong>Psicol\u00f3gico e Intervenci\u00f3n en Crisis por Tel\u00e9fono\u201d \u00a0 <\/strong><\/em><\/span><br \/>\n<span style=\"color: #008000;\"> <em><strong>(Cruz Roja Mexicana\u2013 24 Hrs.) sin costo<\/strong><\/em><\/span><br \/>\n<span style=\"color: #008000;\"> <em><strong>Tel.- 52-59-81-21\u00a0\u00a0 \u2013\u00a0\u00a0 01-800-472-78-35 <\/strong><\/em><\/span><br \/>\n<span style=\"color: #008000;\"> <em><strong>saptel@prodigy.net.mx<\/strong><\/em><\/span><br \/>\n<span style=\"color: #008000;\"> <em><strong>http:\/\/www.saptel.org.mx\/<\/strong><\/em><\/span><\/p>\n","protected":false},"excerpt":{"rendered":"<p>Tu caso se ha publicado satisfactoriamente. \u00a1 Gracias por compartir tu caso ! CASO: (An\u00f3nimo-MAAV-) Hola, Tengo a mi suegra que vive con nosotros, pero desde que la conozco siempre ha tenido cambios de animo muy raros, cambios que afectan a mi esposa y tambi\u00e9n terminan afectando nuestra relaci\u00f3n, ella no tiene esposo ni otro [&hellip;]<\/p>\n","protected":false},"author":2,"featured_media":0,"parent":0,"menu_order":0,"comment_status":"closed","ping_status":"closed","template":"","meta":[],"_links":{"self":[{"href":"https:\/\/www.ceadin.org\/b\/wp-json\/wp\/v2\/pages\/3885"}],"collection":[{"href":"https:\/\/www.ceadin.org\/b\/wp-json\/wp\/v2\/pages"}],"about":[{"href":"https:\/\/www.ceadin.org\/b\/wp-json\/wp\/v2\/types\/page"}],"author":[{"embeddable":true,"href":"https:\/\/www.ceadin.org\/b\/wp-json\/wp\/v2\/users\/2"}],"replies":[{"embeddable":true,"href":"https:\/\/www.ceadin.org\/b\/wp-json\/wp\/v2\/comments?post=3885"}],"version-history":[{"count":0,"href":"https:\/\/www.ceadin.org\/b\/wp-json\/wp\/v2\/pages\/3885\/revisions"}],"wp:attachment":[{"href":"https:\/\/www.ceadin.org\/b\/wp-json\/wp\/v2\/media?parent=3885"}],"curies":[{"name":"wp","href":"https:\/\/api.w.org\/{rel}","templated":true}]}}