{"id":3834,"date":"2018-01-10T18:26:50","date_gmt":"2018-01-10T18:26:50","guid":{"rendered":"http:\/\/www.ceadin.org\/b\/?page_id=3834"},"modified":"2018-01-10T18:26:50","modified_gmt":"2018-01-10T18:26:50","slug":"4-etica-vision-e-intencion-correctas","status":"publish","type":"page","link":"https:\/\/www.ceadin.org\/b\/4-etica-vision-e-intencion-correctas\/","title":{"rendered":"4.-\u00c9TICA-  Visi\u00f3n e intenci\u00f3n correctas"},"content":{"rendered":"<h4 class=\"plain-header__title\" style=\"text-align: center;\"><em><strong><span style=\"color: #008000;\">El darse cuenta que discrimina,<\/span><br \/>\n<span style=\"color: #008000;\"> es discriminar entre <span style=\"text-decoration: underline;\"><span style=\"color: #800080; text-decoration: underline;\">-lo que es correcto y lo que es incorrecto,<\/span><\/span><\/span><br \/>\n<span style=\"text-decoration: underline;\"><span style=\"color: #800080; text-decoration: underline;\"> lo que es \u00fatil y lo que es da\u00f1ino-. <\/span><\/span><\/strong><\/em><\/h4>\n<h3 style=\"text-align: center;\"><a href=\"http:\/\/www.ceadin.org\/b\/wp-content\/uploads\/2018\/01\/Izabela-Krzyszkowska201.jpg\"><img decoding=\"async\" loading=\"lazy\" class=\"aligncenter size-full wp-image-4284\" src=\"http:\/\/www.ceadin.org\/b\/wp-content\/uploads\/2018\/01\/Izabela-Krzyszkowska201.jpg\" alt=\"\" width=\"900\" height=\"909\" srcset=\"https:\/\/www.ceadin.org\/b\/wp-content\/uploads\/2018\/01\/Izabela-Krzyszkowska201.jpg 900w, https:\/\/www.ceadin.org\/b\/wp-content\/uploads\/2018\/01\/Izabela-Krzyszkowska201-297x300.jpg 297w, https:\/\/www.ceadin.org\/b\/wp-content\/uploads\/2018\/01\/Izabela-Krzyszkowska201-768x776.jpg 768w, https:\/\/www.ceadin.org\/b\/wp-content\/uploads\/2018\/01\/Izabela-Krzyszkowska201-619x625.jpg 619w\" sizes=\"(max-width: 900px) 100vw, 900px\" \/><\/a><span style=\"text-decoration: underline;\"><span style=\"color: #800080; text-decoration: underline;\"><em><strong>-Visi\u00f3n correcta e intenci\u00f3n correcta-<\/strong><\/em><\/span><\/span><span style=\"color: #008000;\"><em><strong><br \/>\n(pensamiento motivador correcto)<\/strong><\/em><\/span><\/h3>\n<h4 style=\"text-align: left;\"><span style=\"color: #008000;\"><em><strong><span style=\"text-decoration: underline;\"><span style=\"color: #800080; text-decoration: underline;\">-La visi\u00f3n correcta-,<\/span><\/span> tiene que ver con lo que creemos que es verdad, basados en discriminar de forma correcta lo que es correcto e incorrecto, da\u00f1ino y \u00fatil.<\/strong><\/em><\/span><br \/>\n<em><strong><span style=\"text-decoration: underline;\"><span style=\"color: #800080; text-decoration: underline;\">-La motivaci\u00f3n correcta-,<\/span><\/span><span style=\"color: #008000;\"> es el estado mental constructivo que conduce a ello.<\/span><\/strong><\/em><\/h4>\n<h4><span style=\"text-decoration: underline;\"><span style=\"color: #800080; text-decoration: underline;\"><em><strong>-Visi\u00f3n-<\/strong><\/em><\/span><\/span><br \/>\n<span style=\"text-decoration: underline;\"><span style=\"color: #800080; text-decoration: underline;\"> <em><strong> Podemos tener darse cuenta que discrimina correcto o incorrecto:<\/strong><\/em><\/span><\/span><\/h4>\n<ul>\n<li>\n<h4><span style=\"color: #008000;\"><em><strong>Podr\u00edamos discriminar de forma correcta y creer que eso es verdad.<\/strong><\/em><\/span><\/h4>\n<\/li>\n<li>\n<h4><span style=\"color: #008000;\"><em><strong>Podr\u00edamos discriminar de forma incorrecta y creer que eso es verdad.<\/strong><\/em><\/span><\/h4>\n<\/li>\n<\/ul>\n<h4><span style=\"color: #008000;\"><em><strong><span style=\"text-decoration: underline;\"><span style=\"color: #800080; text-decoration: underline;\">-La visi\u00f3n incorrecta-<\/span><\/span> es cuando tenemos discriminaci\u00f3n incorrecta pero sostenemos que es verdad, y <span style=\"text-decoration: underline;\"><span style=\"color: #800080; text-decoration: underline;\">-la visi\u00f3n correcta-<\/span><\/span> es tener discriminaci\u00f3n correcta y sostener que es verdad.<\/strong><\/em><\/span><\/h4>\n<h4><span style=\"text-decoration: underline;\"><span style=\"color: #800080; text-decoration: underline;\"><em><strong>-Visi\u00f3n incorrecta-<\/strong><\/em><\/span><\/span><br \/>\n<span style=\"color: #008000;\"><em><strong> Las visiones incorrectas son, por ejemplo, afirmar y creer que nuestras acciones no tienen la dimensi\u00f3n \u00e9tica de que algunas sean destructivas y otras constructivas, y creer que no producen resultados en t\u00e9rminos de lo que experimentamos. Esto se caracteriza por la mentalidad de <span style=\"text-decoration: underline;\"><span style=\"color: #800080; text-decoration: underline;\">-da igual-,<\/span> <\/span>que muchas personas tienen hoy en d\u00eda. <span style=\"text-decoration: underline;\"><span style=\"color: #800080; text-decoration: underline;\">-No importa; nada importa. Lo que sea, si hago o no hago esto, da igual. Eso es incorrecto. S\u00ed importa si fumas o no. Si fumas, tendr\u00e1s consecuencias negativas en t\u00e9rminos de tu salud-.<\/span><\/span><\/strong><\/em><\/span><\/h4>\n<h4><em><strong><span style=\"text-decoration: underline;\"><span style=\"color: #800080; text-decoration: underline;\">-Otra visi\u00f3n incorrecta-,-<\/span> <span style=\"color: #800080; text-decoration: underline;\">es creer que no hay forma de mejorarnos a nosotros mismos o superar nuestros defectos, as\u00ed que no tiene caso ni siquiera molestarse en hacerlo-.<\/span><\/span> <span style=\"color: #008000;\">Esto es incorrecto porque las cosas no son est\u00e1ticas ni est\u00e1n grabadas en piedra. Algunos creen que no tiene sentido tratar de ser amables o ayudar a otros, y que deber\u00edamos de aprovecharnos de todos y obtener de ellos tanta ganancia como sea posible, porque eso producir\u00e1 felicidad. Eso es incorrecto porque no conduce a la felicidad. Produce conflicto, envidia y preocupaci\u00f3n acerca de que otros roben nuestras cosas.<\/span><\/strong><\/em><\/h4>\n<h4><em><strong><span style=\"text-decoration: underline;\"><span style=\"color: #800080; text-decoration: underline;\">-Existen muchos tipos diferentes de discriminaci\u00f3n incorrecta-.<\/span> <\/span>Puede tener que ver con el sufrimiento y sus causas, por ejemplo. <span style=\"text-decoration: underline;\"><span style=\"color: #800080; text-decoration: underline;\">-Consideren el caso de que a su hijo le vaya mal en la escuela. La discriminaci\u00f3n incorrecta ser\u00eda pensar: -Es mi culpa como padre-.<\/span> <\/span><span style=\"color: #008000;\">Esta es una discriminaci\u00f3n incorrecta acerca de la causalidad. Las cosas no surgen ni suceden debido a una sola causa. Las cosas suceden por una combinaci\u00f3n de muchas causas y condiciones, no s\u00f3lo por una. Es posible que hayamos contribuido, pero no somos la \u00fanica causa del problema. Y a veces ni siquiera somos la causa, pensarlo es totalmente equivocado. <span style=\"text-decoration: underline;\"><span style=\"color: #800080; text-decoration: underline;\">-Estoy pensando en el ejemplo de un individuo bastante perturbado: fue a un juego de futbol y su equipo perdi\u00f3. Cre\u00eda que la \u00fanica raz\u00f3n por la que su equipo hab\u00eda perdido era porque \u00e9l hab\u00eda asistido al juego, es decir, les hab\u00eda dado mala suerte: -es mi culpa que el equipo haya perdido-.<\/span><\/span> Eso es rid\u00edculo. Es una discriminaci\u00f3n incorrecta acerca de la causalidad.<\/span><\/strong><\/em><\/h4>\n<h4><em><strong><span style=\"text-decoration: underline;\"><span style=\"color: #800080; text-decoration: underline;\">-Visi\u00f3n correcta-<\/span><\/span><br \/>\n<span style=\"text-decoration: underline;\"><span style=\"color: #800080; text-decoration: underline;\">-El darse cuenta que discrimina correcto-<\/span><\/span> <span style=\"color: #008000;\">es crucial y para \u00e9sto necesitamos aprender acerca de la realidad, la realidad de la causalidad y dem\u00e1s. Al igual que en el caso del clima, el cual se ve afectado por tantas causas y condiciones, tampoco deber\u00edamos pensar que somos como un dios que puede arreglar el hecho de que a nuestro hijo le vaya mal en la escuela con s\u00f3lo hacer una cosa. As\u00ed no es como funcionan las cosas.<\/span><\/strong><\/em><\/h4>\n<h4><span style=\"color: #008000;\"><em><strong><span style=\"text-decoration: underline;\"><span style=\"color: #800080; text-decoration: underline;\">-El darse cuenta que discrimina requiere sentido com\u00fan e inteligencia, y concentraci\u00f3n para permanecer enfocados en la discriminaci\u00f3n correcta-.<\/span><\/span> Para ello, necesitamos disciplina. As\u00ed es como todo se relaciona.<\/strong><\/em><\/span><\/h4>\n<h4><span style=\"text-decoration: underline;\"><span style=\"color: #800080; text-decoration: underline;\"><em><strong>-Intenci\u00f3n (pensamiento motivador correcto)-<\/strong><\/em><\/span><\/span><br \/>\n<span style=\"color: #008000;\"><em><strong> Una vez que hemos discriminado entre lo que es \u00fatil y lo que es da\u00f1ino, lo que es realidad y lo que no, nuestra intenci\u00f3n o pensamiento motivador tiene que ver con c\u00f3mo nuestra discriminaci\u00f3n afecta o moldea la forma en que hablamos o actuamos, o nuestra actitud acerca de las cosas. Si discriminamos de forma incorrecta, devendr\u00e1 un pensamiento motivador incorrecto, y si discriminamos de forma correcta, surgir\u00e1 un pensamiento motivador correcto.<\/strong><\/em><\/span><\/h4>\n<h4><em><strong><span style=\"text-decoration: underline;\"><span style=\"color: #800080; text-decoration: underline;\">-Intenci\u00f3n incorrecta- <\/span><\/span><span style=\"text-decoration: underline;\"><span style=\"color: #800080; text-decoration: underline;\">Existen \u00e1reas principales que la intenci\u00f3n o el pensamiento motivador afectan:<\/span><\/span><br \/>\n<span style=\"text-decoration: underline;\"><span style=\"color: #800080; text-decoration: underline;\"> -Deseo sensual-<\/span><\/span><br \/>\n<span style=\"text-decoration: underline;\"><span style=\"color: #800080; text-decoration: underline;\">&#8211;<\/span><\/span><span style=\"color: #008000;\"><span style=\"text-decoration: underline;\"><span style=\"color: #800080; text-decoration: underline;\">Un pensamiento motivador incorrecto ser\u00eda uno basado en el deseo sensual: -deseo anhelante y apego por objetos sensoriales, sean cosas hermosas, m\u00fasica, buena comida, ropa linda, etc-.<\/span><\/span> Nuestro pensamiento motivador de intentar perseguir nuestros deseos estar\u00eda basado en discriminar de forma incorrecta que son lo m\u00e1s importante. Si tenemos discriminaci\u00f3n correcta, tendremos ecuanimidad, que es una mente equilibrada, libre de apego por los objetos sensoriales.<\/span><\/strong><\/em><\/h4>\n<h4><span style=\"color: #008000;\"><em><strong>Un ejemplo es cuando discriminamos incorrectamente que es sumamente importante en d\u00f3nde cenaremos y qu\u00e9 comeremos. Creemos que elegir el lugar y el platillo correctos realmente nos producir\u00e1 felicidad. Si discriminamos correctamente veremos que no es tan relevante, y que hay muchas otras cosas m\u00e1s importantes en la vida que pensar qu\u00e9 cenaremos o qu\u00e9 hay en la televisi\u00f3n. La mente se vuelve m\u00e1s relajada y equilibrada.<\/strong><\/em><\/span><\/h4>\n<h4><span style=\"color: #008000;\"><em><strong><span style=\"text-decoration: underline;\"><span style=\"color: #800080; text-decoration: underline;\">-Malicia-<\/span><\/span><br \/>\nLa segunda motivaci\u00f3n o intenci\u00f3n incorrecta es la malicia, el deseo de lastimar a alguien o causarle da\u00f1o. Como cuando alguien comete un error, te enojas por ello, piensas que es una persona realmente mala y que necesita ser castigada; eso es discriminaci\u00f3n incorrecta.<\/strong><\/em><\/span><\/h4>\n<h4><span style=\"color: #008000;\"><em><strong><span style=\"text-decoration: underline;\"><span style=\"color: #800080; text-decoration: underline;\">-Discriminamos de forma incorrecta-<\/span><\/span> que la gente jam\u00e1s comete errores, lo cual es absurdo. Tambi\u00e9n podemos enojarnos tanto que deseemos golpear a alguien, mientras que si tenemos <span style=\"text-decoration: underline;\"><span style=\"color: #800080; text-decoration: underline;\">-discriminaci\u00f3n correcta-,<\/span> <\/span>desarrollaremos benevolencia, que es el deseo de ayudar a otros y producirles felicidad, y ello incluye fortaleza y perd\u00f3n. Si alguien comete un error, nos damos cuenta de que eso es algo natural y no guardamos resentimientos.<\/strong><\/em><\/span><\/h4>\n<h4><span style=\"text-decoration: underline;\"><span style=\"color: #800080; text-decoration: underline;\"><em><strong>-Crueldad-<br \/>\nEl tercer tipo de intenci\u00f3n incorrecta es una mente que est\u00e1 llena de crueldad, lo cual tiene varios aspectos:-<\/strong><\/em><\/span><\/span><\/h4>\n<ul>\n<li>\n<h4><em><strong><span style=\"text-decoration: underline;\"><span style=\"color: #800080; text-decoration: underline;\">Hooliganismo, ser un hooligan-<\/span> <\/span><span style=\"color: #008000;\">\u2013 es una falta de compasi\u00f3n cruel con la que le deseamos a los dem\u00e1s que sufran y sean infelices. Por ejemplo, discriminamos que los seguidores del equipo de futbol contrario son personas horribles y que podemos involucrarnos en peleas con ellos simplemente porque apoyan a otro equipo.<\/span><\/strong><\/em><\/h4>\n<\/li>\n<li>\n<h4><em><strong><span style=\"text-decoration: underline;\"><span style=\"color: #800080; text-decoration: underline;\">-Autodesprecio-<\/span> <\/span>\u2013 <span style=\"color: #008000;\">es una cruel carencia de amor propio con la que saboteamos nuestra propia felicidad porque pensamos que somos malas personas y que no merecemos ser felices. Con frecuencia lo hacemos involucr\u00e1ndonos en relaciones no saludables, conservando malos h\u00e1bitos, comiendo en exceso, etc.<\/span><\/strong><\/em><\/h4>\n<\/li>\n<li>\n<h4><em><strong><span style=\"text-decoration: underline;\"><span style=\"color: #800080; text-decoration: underline;\">-Placer perverso-<\/span><\/span> <span style=\"color: #008000;\">\u2013 que es regocijarse cruelmente al ver o escuchar acerca del sufrimiento de otros. Pensamos que alguien es malo y que merece el sufrimiento que est\u00e1 experimentando, como cuando un pol\u00edtico que nos desagrada pierde las elecciones. Tenemos una discriminaci\u00f3n incorrecta de que algunas personas son malas y merecen ser castigadas y que les vaya mal, mientras que a otras, particularmente a nosotros mismos, todo nos deber\u00eda salir bien.<\/span><\/strong><\/em><\/h4>\n<\/li>\n<\/ul>\n<h4><strong><span style=\"text-decoration: underline;\"><span style=\"color: #800080; text-decoration: underline;\"><em>-Intenci\u00f3n correcta-<\/em><\/span><\/span><br \/>\n<span style=\"color: #008000;\"><em> La intenci\u00f3n correcta basada en la discriminaci\u00f3n correcta ser\u00eda una actitud no violenta y no cruel. Tenemos un estado mental con el que no deseamos causarles da\u00f1o a otros que sufren, ni molestarlos. No nos sentimos felices cuando les va mal. Tambi\u00e9n hay un sentido de compasi\u00f3n, con el que deseamos que los dem\u00e1s se liberen del sufrimiento y de sus causas, porque vemos que todos sufren, nadie quiere sufrir y nadie merece sufrir. Si la gente comete errores, vemos que es debido a su confusi\u00f3n, no a que sean intr\u00ednsecamente malos. Con discriminaci\u00f3n e intenci\u00f3n correctas, naturalmente somos dirigidos por el discurso y la acci\u00f3n correctos.<\/em><\/span><br \/>\n<\/strong><\/h4>\n<h4><span style=\"text-decoration: underline;\"><span style=\"color: #800080; text-decoration: underline;\"><em><strong>-Relacionar los ocho factores-<br \/>\nEstos ocho factores se relacionan entre s\u00ed:<\/strong><\/em><\/span><\/span><\/h4>\n<ul>\n<li>\n<h4><em><strong><span style=\"text-decoration: underline;\"><span style=\"color: #800080; text-decoration: underline;\">-La visi\u00f3n correcta y el pensamiento motivador-<\/span><\/span> <span style=\"color: #008000;\">proveen la base apropiada para la pr\u00e1ctica y nos conducen a involucrarnos naturalmente en el habla correcta, la acci\u00f3n correcta y la forma correcta de ganarse la vida. Discriminamos lo que es correcto en t\u00e9rminos del efecto de nuestro comportamiento en los dem\u00e1s y tenemos el deseo de ayudarlos, no de da\u00f1arlos.<\/span><\/strong><\/em><\/h4>\n<\/li>\n<li>\n<h4><span style=\"color: #008000;\"><em><strong>Sobre esta base, hacemos un esfuerzo por mejorarnos a nosotros mismos para desarrollar buenas cualidades y no distraernos por ideas bizarras acerca de nuestro cuerpo, nuestras sensaciones y dem\u00e1s. Utilizamos la concentraci\u00f3n para permanecer enfocados en lo que es ben\u00e9fico y entonces nuestra intenci\u00f3n se fortalece. De esta manera, todo est\u00e1 interconectado.<\/strong><\/em><\/span><\/h4>\n<\/li>\n<\/ul>\n<h4><span style=\"text-decoration: underline;\"><span style=\"color: #800080; text-decoration: underline;\"><em><strong>-Resumen-<\/strong><\/em><\/span><\/span><br \/>\n<em><strong><span style=\"text-decoration: underline;\"><span style=\"color: #800080; text-decoration: underline;\"> -Desde la ma\u00f1ana hasta la noche, nuestros sentidos est\u00e1n sedientos de entretenimiento. Nuestros ojos buscan formas hermosas, nuestros o\u00eddos quieren sonidos relajantes y nuestra boca ans\u00eda sabores deliciosos-.<\/span> <\/span><span style=\"color: #008000;\">Si bien no hay nada particularmente malo en desear experiencias placenteras, si ello constituye la mayor parte de nuestra vida, nunca estaremos satisfechos y nunca seremos capaces de desarrollar ni un \u00e1pice de concentraci\u00f3n.<\/span><\/strong><\/em><\/h4>\n<h4><em><strong><span style=\"text-decoration: underline;\"><span style=\"color: #800080; text-decoration: underline;\">-Los tres entrenamientos en \u00e9tica, concentraci\u00f3n y darse cuenta-,<\/span> <\/span><span style=\"color: #008000;\">nos permiten vivir cada momento de la mejor forma posible. En lugar de s\u00f3lo buscar placeres para nosotros mismos, este camino nos provee un esquema que nos permite beneficiarnos, no s\u00f3lo a nosotros mismos, sino tambi\u00e9n a los dem\u00e1s. Cuando examinamos y entendemos por qu\u00e9 las visiones correctas lo son y por qu\u00e9 las visiones incorrectas no lo son, y por qu\u00e9 las acciones correctas son \u00fatiles y las incorrectas son da\u00f1inas (y as\u00ed sucesivamente) y nos comportamos de acuerdo a ello, nuestra vida mejorar\u00e1 autom\u00e1ticamente.<\/span><br \/>\n<\/strong><\/em><\/h4>\n<p>&nbsp;<\/p>\n<p>Artista-Izabela Krzyszkowska<\/p>\n","protected":false},"excerpt":{"rendered":"<p>El darse cuenta que discrimina, es discriminar entre -lo que es correcto y lo que es incorrecto, lo que es \u00fatil y lo que es da\u00f1ino-. -Visi\u00f3n correcta e intenci\u00f3n correcta- (pensamiento motivador correcto) -La visi\u00f3n correcta-, tiene que ver con lo que creemos que es verdad, basados en discriminar de forma correcta lo que [&hellip;]<\/p>\n","protected":false},"author":2,"featured_media":0,"parent":0,"menu_order":0,"comment_status":"closed","ping_status":"closed","template":"","meta":[],"_links":{"self":[{"href":"https:\/\/www.ceadin.org\/b\/wp-json\/wp\/v2\/pages\/3834"}],"collection":[{"href":"https:\/\/www.ceadin.org\/b\/wp-json\/wp\/v2\/pages"}],"about":[{"href":"https:\/\/www.ceadin.org\/b\/wp-json\/wp\/v2\/types\/page"}],"author":[{"embeddable":true,"href":"https:\/\/www.ceadin.org\/b\/wp-json\/wp\/v2\/users\/2"}],"replies":[{"embeddable":true,"href":"https:\/\/www.ceadin.org\/b\/wp-json\/wp\/v2\/comments?post=3834"}],"version-history":[{"count":0,"href":"https:\/\/www.ceadin.org\/b\/wp-json\/wp\/v2\/pages\/3834\/revisions"}],"wp:attachment":[{"href":"https:\/\/www.ceadin.org\/b\/wp-json\/wp\/v2\/media?parent=3834"}],"curies":[{"name":"wp","href":"https:\/\/api.w.org\/{rel}","templated":true}]}}