{"id":3824,"date":"2018-01-09T01:16:34","date_gmt":"2018-01-09T01:16:34","guid":{"rendered":"http:\/\/www.ceadin.org\/b\/?page_id=3824"},"modified":"2023-02-24T04:48:10","modified_gmt":"2023-02-24T04:48:10","slug":"1-etica-la-causa-del-sufrimiento","status":"publish","type":"page","link":"https:\/\/www.ceadin.org\/b\/1-etica-la-causa-del-sufrimiento\/","title":{"rendered":"1.- \u00c9TICA- La causa del sufrimiento"},"content":{"rendered":"<blockquote>\n<blockquote>\n<h3 style=\"text-align: center;\"><strong><span style=\"color: #800080;\"><u><i><br \/>\n<\/i><\/u><span style=\"color: #e82ce8;\"><i>El <span style=\"color: #e82ce8;\">sufrimiento proviene del<br \/>\n<span style=\"color: #7838d1;\">\u2014 DESEO, el APEGO y la IGNORANCIA \u2014<\/span><br \/>\n<\/span><\/i><\/span><\/span><\/strong><\/h3>\n<h4 style=\"text-align: center;\"><span style=\"color: #7838d1;\"><em><strong>Desde la filosof\u00eda budista, tenemos<br \/>\nuna presentaci\u00f3n general de la forma en que opera el pensamiento<br \/>\nbudista, que com\u00fanmente se conoce como: <\/strong><\/em><\/span><\/h4>\n<h3 style=\"text-align: center;\"><span style=\"color: #800080;\"><em><strong><span style=\"color: #7838d1;\">\u2014 Las Cuatro Verdades Nobles \u2014<\/span><a href=\"http:\/\/www.ceadin.org\/b\/wp-content\/uploads\/2023\/02\/June-Valentine-Ruppe1.png\"><img decoding=\"async\" loading=\"lazy\" class=\"alignright size-full wp-image-7206\" src=\"http:\/\/www.ceadin.org\/b\/wp-content\/uploads\/2023\/02\/June-Valentine-Ruppe1.png\" alt=\"\" width=\"900\" height=\"1158\" srcset=\"https:\/\/www.ceadin.org\/b\/wp-content\/uploads\/2023\/02\/June-Valentine-Ruppe1.png 900w, https:\/\/www.ceadin.org\/b\/wp-content\/uploads\/2023\/02\/June-Valentine-Ruppe1-233x300.png 233w, https:\/\/www.ceadin.org\/b\/wp-content\/uploads\/2023\/02\/June-Valentine-Ruppe1-796x1024.png 796w, https:\/\/www.ceadin.org\/b\/wp-content\/uploads\/2023\/02\/June-Valentine-Ruppe1-768x988.png 768w, https:\/\/www.ceadin.org\/b\/wp-content\/uploads\/2023\/02\/June-Valentine-Ruppe1-619x796.png 619w\" sizes=\"(max-width: 900px) 100vw, 900px\" \/><\/a><\/strong><\/em><\/span><\/h3>\n<h3 style=\"text-align: center;\"><span style=\"color: #e82ce8;\"><em><strong>Tambi\u00e9n podemos pensar<br \/>\nen ellas como cuatro hechos de la vida:<\/strong><\/em><\/span><\/h3>\n<h4><span style=\"color: #008000;\"><em><strong><span style=\"color: #e82ce8;\"><span style=\"color: #7838d1;\">1.-<\/span> Al ver el sufrimiento y los problemas que<\/span><br \/>\n<span style=\"color: #e82ce8;\">todos enfrentamos, el primer hecho es:<\/span><br \/>\n<span style=\"color: #7838d1;\">QUE LA VIDA ES DIF\u00cdCIL.<\/span><\/strong><\/em><\/span><\/h4>\n<h4><span style=\"color: #008000;\"><em><strong><span style=\"color: #e82ce8;\"><span style=\"color: #7838d1;\">2.-<\/span> El segundo hecho es:<\/span><br \/>\n<span style=\"color: #7838d1;\">QUE LOS PROBLEMAS DE NUESTRA<br \/>\nVIDA PROVIENEN DE CAUSAS.<\/span><\/strong><\/em><\/span><\/h4>\n<h4><span style=\"color: #008000;\"><em><strong><span style=\"color: #e82ce8;\"><span style=\"color: #7838d1;\">3.-<\/span> El tercer hecho es:<\/span><br \/>\n<span style=\"color: #7838d1;\">QUE PODEMOS DETENER ESOS PROBLEMAS;<br \/>\nNO TENEMOS QUE CALLARNOS Y ACEPTARLOS,<br \/>\nPODEMOS SOLUCIONARLOS.<\/span><\/strong><\/em><\/span><\/h4>\n<h4><span style=\"color: #008000;\"><em><strong><span style=\"color: #e82ce8;\"><span style=\"color: #7838d1;\">4.-<\/span> El cuarto hecho es:<\/span><br \/>\n<span style=\"color: #7838d1;\">QUE NOS LIBERAMOS DE NUESTROS<br \/>\nPROBLEMAS ELIMINANDO LA CAUSA.<\/span><br \/>\n<\/strong><\/em><\/span><\/h4>\n<h3 style=\"text-align: center;\"><span style=\"color: #e82ce8;\"><em><strong>Lo hacemos siguiendo un camino de<br \/>\nentendimiento que nos provee consejo en torno a c\u00f3mo<br \/>\nactuar, hablar y dem\u00e1s.<\/strong><\/em><\/span><\/h3>\n<h3 style=\"text-align: center;\"><span style=\"color: #7838d1;\"><em><strong>De tal manera que, si la<br \/>\nforma en que actuamos o hablamos nos causa<br \/>\nproblemas, necesitamos cambiarla.<\/strong> <\/em><\/span><\/h3>\n<h4><span style=\"color: #008000;\"><em><strong><span style=\"color: #e82ce8;\">Los tres entrenamientos-,<\/span> <span style=\"color: #7838d1;\">son parte de lo que necesitamos para liberarnos de las causas de nuestros problemas. \u00c9sta es una forma muy \u00fatil de entender los tres entrenamientos porque indica porqu\u00e9 habr\u00edamos de entrenarnos en ellos. As\u00ed que, si tenemos problemas en la vida, observemos:<\/span><\/strong><\/em><\/span><\/h4>\n<blockquote>\n<h3><span style=\"color: #e82ce8;\"><em><strong><span style=\"color: #7838d1;\">1.-<\/span> \u00bfHay alg\u00fan problema con mi disciplina \u00e9tica,<br \/>\ncon la forma en la que act\u00fao y hablo?<\/strong><\/em><\/span><\/h3>\n<h3><span style=\"color: #e82ce8;\"><em><strong><span style=\"color: #7838d1;\">2.-<\/span> \u00bfHay alg\u00fan problema con mi concentraci\u00f3n:<br \/>\nEstoy totalmente disperso, soy un desastre emocional?<\/strong><\/em><\/span><\/h3>\n<h3><span style=\"color: #e82ce8;\"><em><strong><span style=\"color: #7838d1;\">3.-<\/span> Especialmente, \u00bfhay alg\u00fan problema con mi forma de diferenciar entre la realidad y mis proyecciones absurdas?<\/strong><\/em><\/span><\/h3>\n<\/blockquote>\n<h4><span style=\"color: #7838d1;\"><em><strong>Podemos aplicarlo s\u00f3lo a nuestra vida ordinaria actual, o podemos ampliarlo a los problemas que encontremos en el futuro. Como principiantes, deber\u00edamos de considerar estos entrenamientos s\u00f3lo en t\u00e9rminos de nuestra vida cotidiana:<\/strong> <\/em><\/span><\/h4>\n<h3 style=\"text-align: center;\"><span style=\"color: #e82ce8;\"><em><strong>\u00bfC\u00f3mo pueden ayudarnos..<\/strong><\/em><\/span><br \/>\n<span style=\"color: #e82ce8;\"><em><strong> Qu\u00e9 estamos haciendo que nos causa problemas..<\/strong><\/em><\/span><br \/>\n<span style=\"color: #e82ce8;\"><em><strong> Qu\u00e9 podemos hacer para aliviarlos..?<\/strong><\/em><\/span><\/h3>\n<h3 style=\"text-align: center;\"><span style=\"color: #7838d1;\"><em><strong>\u2014 LA CAUSA DEL SUFRIMIENTO \u2014<br \/>\n<\/strong><\/em><\/span><\/h3>\n<h4 style=\"text-align: center;\"><span style=\"color: #008000;\"><em><strong><span style=\"color: #e82ce8;\">Desde el punto de vista de la filosof\u00eda<\/span><br \/>\n<span style=\"color: #e82ce8;\">budista, la causa de nuestro sufrimiento es el: <\/span><span style=\"text-decoration: underline;\"><span style=\"color: #800080; text-decoration: underline;\"><br \/>\n<\/span><\/span><span style=\"color: #7838d1;\">-NO DARSE CUENTA-<\/span><br \/>\n<span style=\"color: #e82ce8;\">No nos damos cuenta o estamos<\/span><br \/>\n<span style=\"color: #e82ce8;\">confundidos acerca de dos cosas en particular.<\/span><\/strong><\/em><\/span><\/h4>\n<h3><span style=\"color: #008000;\"><em><strong><span style=\"color: #800080;\"><span style=\"color: #e82ce8;\"><span style=\"color: #7838d1;\">1.-<\/span> Lo primero de lo que no nos damos cuenta es de la <span style=\"color: #7838d1;\">-CAUSA Y EFECTO-,<\/span><\/span> <\/span><span style=\"color: #e82ce8;\">en especial en t\u00e9rminos de <span style=\"color: #7838d1;\">-NUESTRA CONDUCTA-.<\/span><\/span> <\/strong><\/em><\/span><\/h3>\n<h3><span style=\"color: #008000;\"><em><strong><span style=\"color: #008000;\"><span style=\"color: #7838d1;\">Si tenemos emociones perturbadoras, tales como enojo, codicia, apego, orgullo, celos y dem\u00e1s, actuamos de forma destructiva.<\/span> <span style=\"color: #7838d1;\">Nos enojamos y le gritamos a las personas, nos encelamos y tratamos de lastimar a otros, nos apegamos y nos aferramos a la gente; todo \u00e9sto nos causa problemas. <\/span><\/span><\/strong><\/em><\/span><\/h3>\n<h3><span style=\"color: #008000;\"><em><strong><span style=\"color: #008000;\"><span style=\"color: #7838d1;\"><span style=\"color: #e82ce8;\">Debido a que estas emociones causan que actuemos de forma destructiva, o m\u00e1s bien, autodestructiva, el resultado final es <span style=\"color: #7838d1;\">-LA INFELICIDAD-.<\/span><\/span><\/span><\/span><\/strong><\/em><\/span><\/h3>\n<h3><span style=\"color: #e82ce8;\"><em><strong>Es \u00fatil revisar la definici\u00f3n de emoci\u00f3n perturbadora:<\/strong><\/em><\/span><br \/>\n<span style=\"color: #008000;\"><em><strong><span style=\"color: #e82ce8;\"> Es un estado mental que, cuando surge, causa que perdamos nuestra paz mental y nuestro autocontrol.<\/span> <\/strong><\/em><\/span><\/h3>\n<h3><span style=\"color: #008000;\"><em><strong><span style=\"color: #7838d1;\">Si nos enojamos y le gritamos a alguien, es posible que esa persona se moleste, pero tambi\u00e9n es posible que no. Quiz\u00e1s ni siquiera escuche lo que decimos o s\u00f3lo se r\u00eda y piense que somos tontos.<\/span> <\/strong><\/em><\/span><\/h3>\n<h3><span style=\"color: #008000;\"><em><strong><span style=\"color: #7838d1;\">Pero nosotros s\u00ed perdemos nuestra paz mental y nos alteramos emocionalmente, lo que con frecuencia dura aun despu\u00e9s de que dejamos de gritar.<\/span> <\/strong><\/em><\/span><\/h3>\n<h3><span style=\"color: #7838d1;\"><em><strong>Es una experiencia desagradable. Y debido a que perdemos el autocontrol decimos cosas de las que despu\u00e9s podemos arrepentirnos.<\/strong><\/em><\/span><\/h3>\n<h3><span style=\"color: #e82ce8;\"><em><strong>Actuamos de esa forma porque:<\/strong><\/em><\/span><span style=\"color: #008000;\"><em><strong><span style=\"color: #e82ce8;\"><br \/>\nRealmente no entendemos la <span style=\"color: #7838d1;\">-CAUSA Y EL EFECTO-.<\/span><\/span><br \/>\n<span style=\"color: #7838d1;\">Con frecuencia no entendemos que si actuamos de ciertas maneras, bajo la influencia de ciertas emociones perturbadoras, eso nos producir\u00e1 infelicidad.<\/span><\/strong><\/em><\/span><\/h3>\n<h3><span style=\"color: #e82ce8;\"><em><strong>O estamos confundidos acerca de la causa<br \/>\ny el efecto y lo entendemos de forma opuesta. <\/strong><\/em><\/span><span style=\"color: #008000;\"><em><strong><br \/>\n<span style=\"color: #7838d1;\">Con frecuencia pensamos: -gritarle a esta persona me har\u00e1 sentir mejor-, lo cual, por supuesto, realmente nunca sucede.<\/span> <\/strong><\/em><\/span><\/h3>\n<h3><span style=\"color: #008000;\"><em><strong><span style=\"color: #e82ce8;\">O cuando estamos muy apegados a alguien le decimos: <\/span><span style=\"color: #800080;\"><br \/>\n<span style=\"color: #7838d1;\">-\u00bfPor qu\u00e9 no me llamas o visitas m\u00e1s seguido?-,<\/span><\/span><span style=\"color: #7838d1;\"> lo que, por lo general, ahuyenta a las personas. No logramos lo que deseamos porque estamos confundidos acerca de la operaci\u00f3n de la causa y el efecto.<\/span><\/strong><\/em><\/span><\/h3>\n<h3><span style=\"color: #008000;\"><em><strong><span style=\"color: #800080;\"><span style=\"color: #e82ce8;\"><span style=\"color: #7838d1;\">2.-<\/span> El segundo tipo de no darse cuenta, que tenemos, es con respecto a la<\/span> <span style=\"color: #7838d1;\">-REALIDAD-.<\/span><\/span> <\/strong><\/em><\/span><\/h3>\n<h3><span style=\"color: #e82ce8;\"><em><strong>Tenemos actitudes perturbadoras porque estamos confundidos acerca de la <span style=\"color: #7838d1;\">-REALIDAD-. <\/span><\/strong><\/em><\/span><span style=\"color: #008000;\"><em><strong><br \/>\n<span style=\"color: #7838d1;\">Un ejemplo ser\u00eda la preocupaci\u00f3n excesiva por uno mismo, con la que siempre estamos pensando en lo m\u00edo, m\u00ed mismo y yo.<\/span> <\/strong><\/em><\/span><span style=\"color: #008000;\"><em><strong><span style=\"color: #7838d1;\">Puede ser un aspecto muy juzgador y es posible que derive en un s\u00edndrome en el que sentimos que tenemos que ser perfectos.<\/span> <\/strong><\/em><\/span><\/h3>\n<h3><span style=\"color: #008000;\"><em><strong><span style=\"color: #e82ce8;\"><span style=\"color: #7838d1;\">Aun si actuamos de forma constructiva, tratando de ser perfectos y de tener todo en orden, se vuelve bastante compulsivo.<\/span> <\/span><\/strong><\/em><\/span><\/h3>\n<h3><span style=\"color: #008000;\"><em><strong><span style=\"color: #e82ce8;\">A pesar de que podemos tener cierta felicidad temporal, r\u00e1pidamente se transforma en insatisfacci\u00f3n porque a\u00fan pensamos <\/span><span style=\"color: #7838d1;\">-NO SOY LO SUFICIENTEMENTE BUENO-<\/span> <span style=\"color: #e82ce8;\">y nos presionamos constantemente para mejorarnos a nosotros mismos.<\/span><\/strong><\/em><\/span><\/h3>\n<h3><em><strong><span style=\"color: #e82ce8;\">Tomemos el ejemplo de alguien que es obsesivo con la limpieza, un perfeccionista en lo que se refiere a la limpieza de su hogar. <\/span><span style=\"color: #008000;\"><span style=\"color: #7838d1;\">Tienen la idea equivocada de que pueden controlarlo todo, mantenerlo limpio y en orden.<\/span> <\/span><\/strong><\/em><\/h3>\n<h3><em><strong><span style=\"color: #008000;\"><span style=\"color: #7838d1;\">\u00a1Es imposible! Limpias todo, lo dejas perfecto, te sientes bien; luego los ni\u00f1os llegan a casa y lo desordenan todo, te sientes insatisfecho y tienes que limpiar de nuevo-.<\/span> <\/span><\/strong><\/em><\/h3>\n<h3><em><strong><span style=\"color: #008000;\"><span style=\"color: #7838d1;\"><span style=\"color: #e82ce8;\">De esta forma se vuelve<\/span> -COMPULSIVO-.<\/span><br \/>\n<span style=\"color: #e82ce8;\">Y cada vez que sientes un poquito de felicidad:<\/span><span style=\"text-decoration: underline;\"><span style=\"color: #800080; text-decoration: underline;\"><br \/>\n<\/span><\/span><span style=\"color: #7838d1;\">-Ah, ahora todo est\u00e1 en orden-,<\/span> <span style=\"color: #e82ce8;\">esa sensaci\u00f3n desaparece con gran rapidez.<\/span> <span style=\"color: #7838d1;\">\u00a1Siempre falta algo.!<\/span><\/span><\/strong><\/em><\/h3>\n<h3><span style=\"color: #008000;\"><em><strong><span style=\"color: #e82ce8;\">Al repetir este tipo de conducta compulsiva, sea una emoci\u00f3n o una actitud perturbadora, obtenemos lo que se conoce como<\/span> <span style=\"color: #7838d1;\">-sufrimiento que todo lo impregna-.<\/span> <span style=\"color: #e82ce8;\">Se refiere a c\u00f3mo desarrollamos h\u00e1bitos de tal forma, que realmente perpet\u00faan nuestros problemas.<\/span><\/strong><\/em><\/span><\/h3>\n<h3><span style=\"color: #008000;\"><em><strong><span style=\"color: #7838d1;\">No s\u00f3lo nos afecta mentalmente, sino tambi\u00e9n f\u00edsicamente.<\/span> <span style=\"color: #e82ce8;\">Por ejemplo, si siempre estamos enojados tambi\u00e9n tenemos presi\u00f3n arterial alta y luego nos da una \u00falcera por preocuparnos y dem\u00e1s.<\/span> <\/strong><\/em><\/span><\/h3>\n<h3><span style=\"color: #7838d1;\"><em><strong>O si estamos obsesionados con la limpieza, no podemos relajarnos. Siempre estamos tensos porque todo tiene que ser perfecto pero nada lo es, nunca.<\/strong><\/em><\/span><\/h3>\n<h3 style=\"text-align: left;\"><span style=\"color: #800080;\"><em><strong><span style=\"color: #e82ce8;\">C\u00f3mo nos ayudan los tres entrenamientos<\/span><br \/>\n<span style=\"color: #e82ce8;\">a eliminar las causas de nuestros problemas:<\/span><br \/>\n<\/strong><\/em><\/span><\/h3>\n<blockquote>\n<h3><span style=\"color: #800080;\"><em><strong><span style=\"color: #008000;\"><span style=\"color: #e82ce8;\">Necesitamos darnos cuenta que hay que <span style=\"color: #7838d1;\">-DISCRIMINAR-:<\/span><\/span><span style=\"color: #800080;\"><br \/>\n<span style=\"color: #7838d1;\">1.- SEPARAR.<\/span><br \/>\n<span style=\"color: #7838d1;\">2.- DISTINGUIR.<\/span><br \/>\n<span style=\"color: #7838d1;\">3.- DIFERENCIAR<\/span><br \/>\n<span style=\"color: #e82ce8;\">para deshacernos de nuestra confusi\u00f3n.<\/span> <\/span><\/span><\/strong><\/em><\/span><\/h3>\n<\/blockquote>\n<h3><em><strong><span style=\"color: #008000;\"><span style=\"color: #e82ce8;\">Por ejemplo, en lo que respecta a ser un obseso de la limpieza, cuando tengamos la fantas\u00eda de <\/span><span style=\"color: #7838d1;\">-todo debe estar siempre perfecto, limpio y yo tengo que tener el control de todo-.<\/span><\/span><\/strong><\/em><\/h3>\n<h3><em><strong><span style=\"color: #008000;\"><span style=\"color: #e82ce8;\"> Podemos reemplazarlo por:<\/span> <span style=\"color: #7838d1;\">-Es obvio que mi casa se ensuciar\u00e1, nadie puede controlarlo-. <\/span><br \/>\n<span style=\"color: #e82ce8;\">Nos relajamos porque, si bien a\u00fan limpiamos nuestra casa, sabemos que<\/span> <span style=\"color: #7838d1;\">NO<\/span> <span style=\"color: #e82ce8;\">necesitamos obsesionarnos con ello.<\/span><\/span> <\/strong><\/em><\/h3>\n<blockquote>\n<h3><span style=\"color: #008000;\"><em><strong><span style=\"color: #e82ce8;\">Los textos tradicionales usan el ejemplo de:<\/span><span style=\"text-decoration: underline; color: #800080;\"><br \/>\n<\/span><span style=\"color: #7838d1;\">Cortar un \u00e1rbol con un hacha -AFILADA-.<\/span><br \/>\n<\/strong><\/em><\/span><\/h3>\n<h3><span style=\"color: #008000;\"><em><strong><span style=\"color: #e82ce8;\">Para poder cortar el \u00e1rbol con esta hacha, necesitamos golpear de forma consistente en el mismo lugar, lo cual es la concentraci\u00f3n.<\/span> <\/strong><\/em><\/span><\/h3>\n<h3><span style=\"color: #008000;\"><em><strong><span style=\"color: #800080;\"><span style=\"color: #e82ce8;\">Si nuestra mente est\u00e1<\/span><br \/>\n<span style=\"color: #e82ce8;\">siempre <span style=\"color: #7838d1;\">-DISTRAIDA-<\/span> entonces perdemos:<\/span> <\/span><\/strong><\/em><\/span><span style=\"color: #008000;\"><em><strong><span style=\"color: #800080;\"><span style=\"color: #e82ce8;\"><br \/>\nEl darse cuenta que hay que:<\/span> <span style=\"color: #7838d1;\">-DISCRIMINAR-.<\/span> <\/span><\/strong><\/em><\/span><\/h3>\n<h3><span style=\"color: #e82ce8;\"><em><strong>As\u00ed que tenemos que tener concentraci\u00f3n para golpear con el hacha <\/strong><\/em><em><strong>siempre en el mismo lugar. <\/strong><\/em><\/span><\/h3>\n<h3><span style=\"color: #e82ce8;\"><em><strong>Utilizar el hacha realmente requiere fuerza. Si no tenemos fuerza, ni siquiera podemos levantarla, y dicha fuerza proviene de la autodisciplina \u00e9tica.<\/strong><\/em><\/span><\/h3>\n<\/blockquote>\n<h3 style=\"text-align: center;\"><span style=\"color: #7838d1;\"><em><strong>De esta forma, llegamos a entender c\u00f3mo<br \/>\nes que los tres entrenamientos pueden ayudarnos a superar la fuente de nuestros problemas. <\/strong><\/em><\/span><\/h3>\n<h4><span style=\"color: #9c38e8;\"><em><strong>Podemos aplicar todo lo anterior sin ninguna referencia a la religi\u00f3n budista, por lo que es adecuado para cualquier persona. Antes de continuar, asimilemos r\u00e1pidamente lo que hemos aprendido:<\/strong><\/em><\/span><\/h4>\n<h4><em><strong><span style=\"color: #800080;\"><span style=\"color: #9c38e8;\">Utilizamos <\/span><span style=\"color: #7838d1;\">-El darse cuenta que discrimina-,<\/span> <span style=\"color: #9c38e8;\">para ver la diferencia entre: <\/span><span style=\"color: #7838d1;\">-fantas\u00eda y realidad-,<\/span><\/span><span style=\"color: #008000;\"><span style=\"color: #9c38e8;\"> de tal forma que podamos ver<\/span> <span style=\"color: #7838d1;\">-la causa y el efecto- <\/span><span style=\"color: #9c38e8;\">dentro de nuestro propio comportamiento.<\/span><\/span> <\/strong><\/em><\/h4>\n<h4><em><strong><span style=\"color: #800080;\"><span style=\"color: #9c38e8;\">Cuando no tenemos <\/span><span style=\"color: #7838d1;\">-Darse cuenta que discrimina-,<\/span> <span style=\"color: #9c38e8;\">nuestra conducta y nuestras actitudes crean infelicidad, o un tipo de felicidad que realmente nunca nos satisface.<\/span><\/span><\/strong><\/em><\/h4>\n<h4><span style=\"color: #008000;\"><em><strong><span style=\"color: #9c38e8;\">Con el fin de entender apropiadamente lo anterior, necesitamos tener una<\/span> <span style=\"color: #7838d1;\">-buena concentraci\u00f3n-,<\/span><span style=\"color: #9c38e8;\"> de tal forma que podamos permanecer enfocados.<\/span><\/strong><\/em><\/span><\/h4>\n<h4><span style=\"color: #008000;\"><em><strong><span style=\"color: #9c38e8;\">Para desarrollar una buena concentraci\u00f3n,<\/span> <span style=\"color: #7838d1;\">-necesitamos disciplina-<\/span> <span style=\"color: #9c38e8;\">para que, cuando nuestra mente vague, podamos traerla de regreso.<\/span><\/strong><\/em><\/span><\/h4>\n<h4><span style=\"color: #9c38e8;\"><em><strong>Queremos aplicar estos tres entrenamientos para ayudarnos a lidiar con nuestros problemas y mejorar la calidad de nuestra vida.<\/strong><\/em><\/span><\/h4>\n<h4 style=\"text-align: left;\"><em><strong><span style=\"color: #008000;\"><span style=\"color: #9c38e8;\">El entendimiento clave para desenga\u00f1arnos de todo \u00e9sto es que la felicidad y la insatisfacci\u00f3n que experimentamos en nuestra vida, provienen de nuestra propia confusi\u00f3n.<\/span> <\/span><\/strong><\/em><\/h4>\n<h4 style=\"text-align: left;\"><em><strong><span style=\"color: #008000;\"><span style=\"color: #7838d1;\">En lugar de culpar a otros de nuestros problemas, a la sociedad, a la econom\u00eda y dem\u00e1s, nos enfocamos en un nivel m\u00e1s profundo.<\/span> <\/span><\/strong><\/em><\/h4>\n<h4 style=\"text-align: left;\"><em><strong><span style=\"color: #008000;\"><span style=\"color: #7838d1;\">Observamos c\u00f3mo enfrenta nuestro estado mental estas situaciones.<\/span><br \/>\n<span style=\"color: #9c38e8;\">Es posible que lidiemos con muchas situaciones dif\u00edciles, pero aqu\u00ed estamos hablando de nuestra sensaci\u00f3n general de infelicidad y del tipo de felicidad fugaz.<\/span> <\/span><\/strong><\/em><\/h4>\n<h3 style=\"text-align: center;\"><span style=\"color: #e82ce8;\"><em><strong>Debi\u00e9semos aspirar a m\u00e1s, a un<br \/>\ntipo de felicidad que surge con la paz mental y que es<br \/>\nmucho m\u00e1s duradera y estable.<\/strong><\/em><\/span><\/h3>\n<h4 style=\"text-align: left;\"><span style=\"color: #9c38e8;\"><em><strong>Cuando nos topamos con dificultades, podemos deprimirnos y sentirnos absolutamente miserables, o podemos enfrentarlas con mayor paz mental porque vemos la situaci\u00f3n con m\u00e1s claridad, vemos lo que implica y las formas de abordarla, en lugar de s\u00f3lo sentir l\u00e1stima por nosotros mismos.<\/strong><\/em><\/span><\/h4>\n<h4 style=\"text-align: left;\"><span style=\"color: #008000;\"><em><strong><span style=\"color: #e82ce8;\">Consideren el caso en que su hijo sale de noche y se sienten realmente preocupados:<\/span><span style=\"color: #7838d1;\"> -\u00bfvolver\u00e1 a casa a salvo?-, <\/span><span style=\"color: #e82ce8;\">de nuevo la fuente de nuestra ansiedad y de nuestra infelicidad es la actitud<\/span> <span style=\"color: #7838d1;\">-de alguna manera quiero tener el control de la seguridad de mi hijo-, lo cual por supuesto, es una fantas\u00eda-. <\/span><\/strong><\/em><\/span><\/h4>\n<h4 style=\"text-align: left;\"><span style=\"color: #008000;\"><em><strong><span style=\"color: #9c38e8;\"><span style=\"color: #e82ce8;\">Cuando llega a casa a salvo, te sientes feliz y aliviado, pero la siguiente vez que sale te preocupas de nuevo. Esa sensaci\u00f3n de tranquilidad no dura, \u00bfcierto?<\/span> Y luego estamos siempre preocupados, as\u00ed que se perpet\u00faa <\/span><span style=\"color: #7838d1;\">(lo convertimos en un h\u00e1bito tal que nos preocupamos por todo) y eso afecta nuestra salud. Es un estado muy desagradable.<\/span><\/strong><\/em><\/span><\/h4>\n<h4 style=\"text-align: left;\"><em><strong><span style=\"color: #7838d1;\">La verdadera clave es entender que la causa de todo \u00e9sto es nuestra propia confusi\u00f3n-. <\/span><span style=\"color: #008000;\"><span style=\"color: #e82ce8;\">Pensamos que ciertas formas de actuar nos producir\u00e1n felicidad o que una actitud controladora es correcta, pero no es as\u00ed.<\/span> <\/span><\/strong><\/em><\/h4>\n<h3 style=\"text-align: center;\"><span style=\"color: #e82ce8;\"><em><strong>Detenemos \u00e9sto al pensar:<br \/>\n\u00a1es absurdo mantenernos enfocados en eso..!<\/strong><\/em><\/span><\/h3>\n<h4><span style=\"color: #008000;\"><em><strong><span style=\"color: #7838d1;\">Cuando reflexionamos en torno a los cuatro hechos de la vida, obtenemos el valor al ver que nuestros problemas y emociones negativas no son est\u00e1ticas sino que pueden mejorarse, y a\u00fan m\u00e1s, que pueden ser eliminados completamente.<\/span> <\/strong><\/em><\/span><\/h4>\n<h3 style=\"text-align: center;\"><span style=\"color: #e82ce8;\"><em><strong>Una vez que trabajamos con las causas<br \/>\ndel sufrimiento, el sufrimiento deja de existir pero sus causas<br \/>\nno desaparecen por s\u00ed solas.<\/strong><\/em><\/span><\/h3>\n<h3 style=\"text-align: center;\"><span style=\"color: #008000;\"><em><strong><span style=\"color: #e82ce8;\">Una forma incre\u00edble de vivir nuestra vida es<\/span><br \/>\n<span style=\"color: #e82ce8;\">dentro del contexto de los<\/span> <span style=\"color: #800080;\"><span style=\"color: #7838d1;\">-tres entrenamientos en la \u00e9tica,<\/span><br \/>\n<span style=\"color: #7838d1;\">(veremos mas tarde los otros dos), por lo pronto trabajemos con:<\/span> <\/span><\/strong><\/em><\/span><\/h3>\n<h3 style=\"text-align: center;\"><span style=\"color: #e82ce8;\"><em><strong>La concentraci\u00f3n y el darse cuenta que discrimina. <\/strong><\/em><\/span><\/h3>\n<h3 style=\"text-align: center;\"><span style=\"color: #008000;\"><em><strong><span style=\"color: #7838d1;\">Ellos trabajan juntos de forma simult\u00e1nea,<\/span><br \/>\n<span style=\"color: #7838d1;\">para acercarnos a eso que siempre estamos buscando:<\/span> <\/strong><\/em><\/span><\/h3>\n<h3 style=\"text-align: center;\"><span style=\"color: #008000;\"><em><strong><span style=\"color: #800080;\"><span style=\"color: #e82ce8;\">\u2014 LA FELICIDAD \u2014<\/span><br \/>\n<\/span><\/strong><\/em><\/span><\/h3>\n<\/blockquote>\n<p><em><span style=\"color: #e82ce8;\">Artista-June Valentine Ruppe<\/span><\/em><\/p><\/blockquote>\n","protected":false},"excerpt":{"rendered":"<p>El sufrimiento proviene del \u2014 DESEO, el APEGO y la IGNORANCIA \u2014 Desde la filosof\u00eda budista, tenemos una presentaci\u00f3n general de la forma en que opera el pensamiento budista, que com\u00fanmente se conoce como: \u2014 Las Cuatro Verdades Nobles \u2014 Tambi\u00e9n podemos pensar en ellas como cuatro hechos de la vida: 1.- Al ver el [&hellip;]<\/p>\n","protected":false},"author":2,"featured_media":0,"parent":0,"menu_order":0,"comment_status":"closed","ping_status":"closed","template":"","meta":[],"_links":{"self":[{"href":"https:\/\/www.ceadin.org\/b\/wp-json\/wp\/v2\/pages\/3824"}],"collection":[{"href":"https:\/\/www.ceadin.org\/b\/wp-json\/wp\/v2\/pages"}],"about":[{"href":"https:\/\/www.ceadin.org\/b\/wp-json\/wp\/v2\/types\/page"}],"author":[{"embeddable":true,"href":"https:\/\/www.ceadin.org\/b\/wp-json\/wp\/v2\/users\/2"}],"replies":[{"embeddable":true,"href":"https:\/\/www.ceadin.org\/b\/wp-json\/wp\/v2\/comments?post=3824"}],"version-history":[{"count":0,"href":"https:\/\/www.ceadin.org\/b\/wp-json\/wp\/v2\/pages\/3824\/revisions"}],"wp:attachment":[{"href":"https:\/\/www.ceadin.org\/b\/wp-json\/wp\/v2\/media?parent=3824"}],"curies":[{"name":"wp","href":"https:\/\/api.w.org\/{rel}","templated":true}]}}