{"id":3810,"date":"2017-11-24T16:50:34","date_gmt":"2017-11-24T16:50:34","guid":{"rendered":"http:\/\/www.ceadin.org\/b\/?page_id=3810"},"modified":"2017-11-24T17:10:23","modified_gmt":"2017-11-24T17:10:23","slug":"notas-postumas-desamor-violencia-soledad","status":"publish","type":"page","link":"https:\/\/www.ceadin.org\/b\/notas-postumas-desamor-violencia-soledad\/","title":{"rendered":"NOTAS POSTUMAS: Desamor-Violencia-Soledad"},"content":{"rendered":"<h3 class=\"entry-title\" style=\"text-align: center;\"><span style=\"color: #800080;\"><em><strong><br \/>\n\u2014 Notas p\u00f3stumas de los suicidas en M\u00e9xico \u2014<br \/>\n<\/strong><\/em><\/span><\/h3>\n<h3 style=\"text-align: center;\"><a href=\"http:\/\/www.ceadin.org\/b\/wp-content\/uploads\/2017\/05\/fb-art-vini-alice-welling-2.jpg\"><img decoding=\"async\" loading=\"lazy\" class=\"aligncenter size-full wp-image-3126\" src=\"http:\/\/www.ceadin.org\/b\/wp-content\/uploads\/2017\/05\/fb-art-vini-alice-welling-2.jpg\" alt=\"\" width=\"960\" height=\"958\" srcset=\"https:\/\/www.ceadin.org\/b\/wp-content\/uploads\/2017\/05\/fb-art-vini-alice-welling-2.jpg 960w, https:\/\/www.ceadin.org\/b\/wp-content\/uploads\/2017\/05\/fb-art-vini-alice-welling-2-150x150.jpg 150w, https:\/\/www.ceadin.org\/b\/wp-content\/uploads\/2017\/05\/fb-art-vini-alice-welling-2-300x300.jpg 300w, https:\/\/www.ceadin.org\/b\/wp-content\/uploads\/2017\/05\/fb-art-vini-alice-welling-2-768x766.jpg 768w, https:\/\/www.ceadin.org\/b\/wp-content\/uploads\/2017\/05\/fb-art-vini-alice-welling-2-619x618.jpg 619w\" sizes=\"(max-width: 960px) 100vw, 960px\" \/><\/a><span style=\"color: #008000;\"><em><strong>Las notas p\u00f3stumas dan pistas a los especialistas sobre el<\/strong><\/em><\/span><br \/>\n<span style=\"color: #008000;\"><em><strong>comportamiento y sentimientos de las personas para as\u00ed trabajar mejor en el combate al suicidio.<\/strong> <\/em><\/span><\/h3>\n<h3 style=\"text-align: center;\"><span style=\"color: #800080;\"><em><strong>El 10 de septiembre se conmemora el<\/strong><\/em><\/span><br \/>\n<span style=\"color: #800080;\"><em><strong> -D\u00eda Mundial para la Prevenci\u00f3n del Suicidio-<\/strong><\/em><\/span><\/h3>\n<h4 style=\"text-align: center;\"><span style=\"color: #008000;\"><em><strong>En sus \u00faltimos pensamientos, los suicidas revelan las causas que los llevaron a quitarse la vida. No encontrarle sentido a la vida, la violencia, la soledad y los problemas familiares o de pareja son las principales.<br \/>\n<\/strong><\/em><\/span><\/h4>\n<h3 style=\"text-align: center;\"><span style=\"color: #800080;\"><em><strong>&#8211; Seg\u00fan un an\u00e1lisis de notas p\u00f3stumas &#8211;<\/strong><\/em><\/span><\/h3>\n<blockquote>\n<h4><span style=\"color: #008000;\"><em><strong>Estas \u00faltimas l\u00edneas tambi\u00e9n ayudan a los especialistas a detectar y analizar sus caracter\u00edsticas afectivas, cognoscitivas y actitud para saber c\u00f3mo prevenir la muerte de otros, pues las\u00a0notas generalmente son escritas instantes antes de cometer el suicidio.<\/strong><\/em><\/span><\/h4>\n<h4><span style=\"color: #008000;\"><em><strong><span style=\"color: #800080;\">De acuerdo al INEGI:<\/span> en 2011 se registraron 5,718 suicidios, de los cuales 3,299 casos fueron de personas entre los 10 y los 34 a\u00f1os. Esto quiere decir que el 58% de los suicidios se dan entre personas menores de 35 a\u00f1os.<\/strong><\/em><\/span><\/h4>\n<h4><span style=\"color: #800080;\"><em><strong>PRIMERA CAUSA:<br \/>\n-Los familiares, pareja y amigos son los principales destinatarios de las notas p\u00f3stumas-;<\/strong><\/em><\/span> <span style=\"color: #008000;\"><em><strong>entre los adolescentes de 15 a 18 a\u00f1os que acaban con su vida, el destinatario m\u00e1s frecuente de su \u00faltima carta fue su pareja, seg\u00fan el estudio.<\/strong><\/em><\/span><\/h4>\n<h4 class=\"entry-content\"><span style=\"color: #008000;\"><em><strong>\u00c9ste tambi\u00e9n revela que el 45% de los suicidas dice en su nota que lo hizo por <span style=\"color: #800080;\">-problemas de relaciones interpersonales (problemas amorosos, desarmon\u00eda marital, problemas con la familia nuclear, problemas sexuales y soledad-.<\/span><\/strong><\/em><\/span><\/h4>\n<h4 class=\"entry-content\"><span style=\"color: #800080;\"><em><strong>SEGUNDA CAUSA:<br \/>\n<span style=\"color: #008000;\">-No encontrarle sentido a la vida-<\/span><\/strong><\/em><\/span><\/h4>\n<h4 class=\"entry-content\"><span style=\"color: #800080;\"><em><strong>TERCERA CAUSA:<br \/>\n<span style=\"color: #008000;\">El 31% no se\u00f1alan una raz\u00f3n espec\u00edfica para su muerte.<\/span><\/strong><\/em><\/span><\/h4>\n<\/blockquote>\n<section class=\"entry-content\"><\/section>\n<blockquote>\n<h4 class=\"entry-content\"><span style=\"color: #800080;\"><em><strong>CUARTA CAUSA:<\/strong><\/em><\/span><br \/>\n<span style=\"color: #008000;\"><em><strong> Se\u00f1alan que lo hacen -por beneficio de otros, expiaci\u00f3n, culpa-.<\/strong> <\/em><\/span><\/h4>\n<h4 class=\"entry-content\"><span style=\"color: #800080;\"><em><strong>LOS ULTIMOS LUGARES:<br \/>\n<span style=\"color: #008000;\">Por problemas econ\u00f3micos (4.2%).<br \/>\nPor venganza (3.5%).<\/span><\/strong><\/em><\/span><\/h4>\n<\/blockquote>\n<h4 class=\"entry-content\" style=\"text-align: center;\"><span style=\"color: #800080;\"><em><strong>Estas son las causas generales que llevan a alguien al suicidio,<br \/>\nexplica la investigadora del departamento de Psicolog\u00eda de la Universidad<\/strong>.<\/em><\/span><\/h4>\n<section class=\"entry-content\"><\/section>\n<blockquote>\n<h4 class=\"entry-content\"><em><strong><span style=\"color: #800080;\">En sus notas los sentimientos que prevalecen son:<br \/>\n<span style=\"color: #008000;\">-EL FATALISMO.<\/span><br \/>\n<span style=\"color: #008000;\"> -EL AMOR O LA IDEALIZACI\u00d3N.<\/span><br \/>\n<span style=\"color: #008000;\"> -EL BUSCAR O DAR PERD\u00d3N A OTROS.<br \/>\n-TAMBI\u00c9N LOS AFECTOS RELACIONADOS CON AUTO-DEVALUACI\u00d3N<br \/>\nCULPA Y AUTO-CASTIGO.<\/span><\/span><\/strong><\/em><\/h4>\n<h3 class=\"entry-content\"><span style=\"color: #800080;\"><em>En su carta, una joven de 14 a\u00f1os se reprocha por su actitud dentro de su familia.<\/em><\/span><\/h3>\n<h3><span style=\"color: #800080;\"><em>-Hola mam\u00e1 y familia, les escrivo este papel para decirles que me perdonen, pues todos los problemas q\u2019 hay entre familia son causados por mi, de berdad q\u2019 intente cambiar pero no lo logre, es por eso q\u2019 hoy estoy decidida y a alejarme para ber si asi logro balorarlos, no ballan a cometer locuras por mi causa pues siempre fui lo peor.<\/em><\/span><\/h3>\n<h3><span style=\"color: #800080;\"><em>espero q\u2019 mis palabras no la herir\u00e1n-<\/em><\/span><\/h3>\n<\/blockquote>\n<section class=\"entry-content\">\n<h4><span style=\"color: #008000;\"><em><strong>La investigadora se\u00f1ala que: <span style=\"text-decoration: underline;\"><span style=\"color: #800080; text-decoration: underline;\">-los v\u00ednculos afectivos distantes y\/o violentos, traducidos como una sensaci\u00f3n de soledad y falta de apoyo en la vida-,<\/span><span style=\"color: #800080; text-decoration: underline;\"> son en ocasiones un<\/span> <span style=\"color: #800080; text-decoration: underline;\">-elemento expl\u00edcito en la intenci\u00f3n de cometer suicidio como un acto desesperado de comunicaci\u00f3n-.<\/span><\/span><\/strong><\/em><\/span><\/h4>\n<h4 class=\"sidebar article-in-text\"><em><strong><span style=\"color: #008000;\">\u00a0<span style=\"text-decoration: underline;\"><span style=\"color: #800080; text-decoration: underline;\">-El desempleo y la pobreza- son razones muy poco mencionadas en el an\u00e1lisis de las notas, -lo cual indica, probablemente, que para el acto suicida resulten m\u00e1s determinantes aspectos de \u00edndole emocional e interpersonal-, se\u00f1ala la autora.<\/span><\/span><\/span><\/strong><\/em><\/h4>\n<h3 style=\"text-align: center;\"><em><strong><span style=\"color: #800080;\">&#8211; La violencia en casa lleva al suicidio a menores &#8211;<\/span><br \/>\n<\/strong><\/em><\/h3>\n<h4><span style=\"color: #008000;\"><em><strong><span style=\"color: #800080;\">-Los suicidas de 8 a 14 a\u00f1os-<\/span> se\u00f1al\u00f3 en sus cartas, a la violencia y abuso en sus casas como la raz\u00f3n para quitarse la vida. <span style=\"color: #800080;\">-No s\u00f3lo se refieren a recibir golpes-,<\/span> explica la doctora, sino a m\u00e1s de un tipo de violencia.<\/strong><\/em><\/span><\/h4>\n<h4><span style=\"color: #800080;\"><em><strong>De las 29 cartas analizadas escritas por menores de este rango de edad, el 41.1% de los menores dijo que recib\u00eda maltrato f\u00edsico; 31% de ellos sufri\u00f3 alg\u00fan tipo de maltrato psicol\u00f3gico; 3.4%, fue v\u00edctima de maltrato sexual y 10.34% de negligencia.<\/strong><\/em><\/span><\/h4>\n<blockquote>\n<h3><span style=\"color: #800080;\"><em>\u201cNo viv\u00ed tranquilo en esta vida que me daban\u201d, \u201c(ya) s\u00e9 que no me quieren, espero que me avienten pa\u00b4l arrollo\u201d, \u201csi me suicid\u00e9 fue porque nunca creen en m\u00ed\u201d y \u201cya me cans\u00e9 (\u2026) que t\u00fa me rega\u00f1es yo no tengo apoyo de ustedes\u201d, son pensamientos extra\u00eddos de cuatro diferentes notas que los menores suicidas dirigieron a sus padres.<\/em><\/span><\/h3>\n<\/blockquote>\n<h4><span style=\"color: #008000;\"><em><strong>Ch\u00e1vez Hern\u00e1ndez se\u00f1ala que las enfermedades f\u00edsicas ni las mentales (incluida la depresi\u00f3n) no son la principal causa de suicidio en menores de edad.<\/strong><\/em><\/span><\/h4>\n<blockquote>\n<h3><strong><span style=\"color: #800080;\"><em>\u201cSi se acepta que uno de los principales m\u00f3viles del suicidio es el dolor emocional, entonces el maltrato aparece como un importante factor de riesgo, ya que es susceptible de generar dolor f\u00edsico y emocional y adem\u00e1s, atrapa a la v\u00edctima en una din\u00e1mica en la que prevalece la desigualdad y de la que es pr\u00e1cticamente imposible escapar\u201d, se\u00f1ala en el estudio Maltrato y suicidio infantil en el estado de Guanajuato.<\/em><\/span><\/strong><\/h3>\n<\/blockquote>\n<h4 style=\"text-align: center;\"><span style=\"color: #008000;\"><em><strong>Por ello se\u00f1ala que la presencia de violencia en el hogar tendr\u00eda que ser considerada una de las principales causas en la prevenci\u00f3n del suicidio entre menores de edad.<\/strong><\/em><\/span><\/h4>\n<div class=\"ctx-subscribe-container ctx-personalization-container ctx_default_placement ctx-clearfix\"><\/div>\n<div class=\"ctx-social-container ctx_default_placement ctx-clearfix\">\u00a0Artista-Alice Welling<\/div>\n<p>&nbsp;<\/p>\n<div class=\"ctx-module-container ctx_default_placement ctx-clearfix\">\n<div class=\"ctx-module ctx-nodefs ctx-content-block2 ctx-module-default\">\n<div class=\"ctx-sections-container ctx-nomar\">\n<div class=\"ctx-section ctx-clearfix ctx-section-previous\">\n<div class=\"ctx-links-content ctx-nodefs ctx-clearfix\"><br class=\"ctx-nodefs\" \/><br class=\"ctx-nodefs\" \/><\/div>\n<\/div>\n<\/div>\n<div class=\"ctx-section ctx-clearfix ctx-section-interesting\"><\/div>\n<div class=\"ctx-branding ctx-clearfix\"><\/div>\n<\/div>\n<\/div>\n<\/section>\n","protected":false},"excerpt":{"rendered":"<p>\u2014 Notas p\u00f3stumas de los suicidas en M\u00e9xico \u2014 Las notas p\u00f3stumas dan pistas a los especialistas sobre el comportamiento y sentimientos de las personas para as\u00ed trabajar mejor en el combate al suicidio. El 10 de septiembre se conmemora el -D\u00eda Mundial para la Prevenci\u00f3n del Suicidio- En sus \u00faltimos pensamientos, los suicidas revelan [&hellip;]<\/p>\n","protected":false},"author":2,"featured_media":0,"parent":0,"menu_order":0,"comment_status":"closed","ping_status":"closed","template":"","meta":[],"_links":{"self":[{"href":"https:\/\/www.ceadin.org\/b\/wp-json\/wp\/v2\/pages\/3810"}],"collection":[{"href":"https:\/\/www.ceadin.org\/b\/wp-json\/wp\/v2\/pages"}],"about":[{"href":"https:\/\/www.ceadin.org\/b\/wp-json\/wp\/v2\/types\/page"}],"author":[{"embeddable":true,"href":"https:\/\/www.ceadin.org\/b\/wp-json\/wp\/v2\/users\/2"}],"replies":[{"embeddable":true,"href":"https:\/\/www.ceadin.org\/b\/wp-json\/wp\/v2\/comments?post=3810"}],"version-history":[{"count":0,"href":"https:\/\/www.ceadin.org\/b\/wp-json\/wp\/v2\/pages\/3810\/revisions"}],"wp:attachment":[{"href":"https:\/\/www.ceadin.org\/b\/wp-json\/wp\/v2\/media?parent=3810"}],"curies":[{"name":"wp","href":"https:\/\/api.w.org\/{rel}","templated":true}]}}