{"id":3704,"date":"2017-08-19T00:56:08","date_gmt":"2017-08-19T00:56:08","guid":{"rendered":"http:\/\/www.ceadin.org\/b\/?page_id=3704"},"modified":"2023-06-05T17:54:52","modified_gmt":"2023-06-05T17:54:52","slug":"aceptar-la-enfermedad","status":"publish","type":"page","link":"https:\/\/www.ceadin.org\/b\/aceptar-la-enfermedad\/","title":{"rendered":"Aceptar la enfermedad"},"content":{"rendered":"<blockquote>\n<blockquote>\n<blockquote>\n<h3 style=\"text-align: center;\"><span style=\"color: #800080;\"><em><strong><br \/>\n<span style=\"color: #ff0000;\">\u2014 Como afrontar una enfermedad mental en la familia \u2014<\/span><a href=\"http:\/\/www.ceadin.org\/b\/wp-content\/uploads\/2022\/12\/0f8b549d1ca15cd45bd1acecbbf433c6.jpg\"><img decoding=\"async\" loading=\"lazy\" class=\"alignright size-full wp-image-6996\" src=\"http:\/\/www.ceadin.org\/b\/wp-content\/uploads\/2022\/12\/0f8b549d1ca15cd45bd1acecbbf433c6.jpg\" alt=\"\" width=\"800\" height=\"1125\" srcset=\"https:\/\/www.ceadin.org\/b\/wp-content\/uploads\/2022\/12\/0f8b549d1ca15cd45bd1acecbbf433c6.jpg 800w, https:\/\/www.ceadin.org\/b\/wp-content\/uploads\/2022\/12\/0f8b549d1ca15cd45bd1acecbbf433c6-213x300.jpg 213w, https:\/\/www.ceadin.org\/b\/wp-content\/uploads\/2022\/12\/0f8b549d1ca15cd45bd1acecbbf433c6-728x1024.jpg 728w, https:\/\/www.ceadin.org\/b\/wp-content\/uploads\/2022\/12\/0f8b549d1ca15cd45bd1acecbbf433c6-768x1080.jpg 768w, https:\/\/www.ceadin.org\/b\/wp-content\/uploads\/2022\/12\/0f8b549d1ca15cd45bd1acecbbf433c6-619x870.jpg 619w\" sizes=\"(max-width: 800px) 100vw, 800px\" \/><\/a><br \/>\n<\/strong><\/em><\/span><\/h3>\n<h3><span style=\"color: #008000;\"><em><strong><span style=\"color: #008000;\">Puedes sentir que todo tu mundo se viene abajo y tu vida deja de tener sentido. Es posible que al principio, niegues el diagn\u00f3stico; quiz\u00e1 te llenes de ira e incluso pienses que se han confundido e intentes negociar para, al final, darte cuenta de que la \u00fanica salida para volver a retomar tu mundo, tu vida y tu felicidad es la:<\/span> <\/strong><\/em><\/span><\/h3>\n<h3 style=\"text-align: center;\"><span style=\"color: #008000;\"><em><strong><span style=\"color: #800080;\"><span style=\"color: #ff0000;\">\u2014 ACEPTACI\u00d3N TOTAL DE LA ENFERMEDAD \u2014<\/span><br \/>\n<\/span><\/strong><\/em><\/span><\/h3>\n<h3 style=\"text-align: center;\"><span style=\"color: #008000;\"><em><strong>-T\u00fa no eres accidental-<br \/>\nSin ti,\u00a0 faltar\u00e1 algo en la existencia que nadie puede reemplazar.<\/strong><\/em><\/span><\/h3>\n<h3 style=\"text-align: center;\"><span style=\"color: #ff0000;\"><em><strong>\u00a0El tener una enfermedad mental en la familia no es algo f\u00e1cil.<br \/>\nSin embargo, cuando tomamos la actitud adecuada,<br \/>\nnos educamos y si recibimos ayuda,<br \/>\npodemos crear una situaci\u00f3n positiva de algo que<br \/>\nregularmente se ve como algo negativo.<\/strong><\/em><\/span><\/h3>\n<h4><span style=\"color: #008000;\"><em><strong>Cualquiera que sea la circunstancia, una enfermedad en la familia es algo que se toma seriamente y siempre provoca varios ajustes. Sin embargo, as\u00ed como hay niveles entre una enfermedad y otra, tambi\u00e9n existe una gran diferencia:<\/strong><\/em><\/span><\/h4>\n<h3 style=\"text-align: center;\"><span style=\"color: #ff0000;\"><em><strong> \u2014 CUANDO SE TRATA DE UNA ENFERMEDAD<br \/>\nF\u00cdSICA, A CUANDO SE ENFRENTA A UNA DE TIPO MENTAL \u2014<\/strong><\/em><\/span><\/h3>\n<h3><span style=\"color: #008000;\"><em><strong>La actitud que toman los miembros de la familia var\u00eda. Las reacciones van desde una profunda negaci\u00f3n, hasta la completa aceptaci\u00f3n y apoyo. Como cultura <span style=\"color: #ff0000;\">-nos cuesta m\u00e1s trabajo aceptar -algo que no es tan visible-<\/span> como una enfermedad f\u00edsica, como la diabetes o c\u00e1ncer, pero es importante aceptar que es muy real y trae consecuencias al afectado, as\u00ed como tambi\u00e9n a los dem\u00e1s miembros de la familia.<\/strong><\/em><\/span><\/h3>\n<h4><span style=\"color: #008000;\"><em><strong>Independientemente de la reacci\u00f3n que tenga cada miembro familiar una cosa es cierta y universal: <span style=\"color: #ff0000;\">-Una enfermedad mental afecta a cada miembro, y puede traer muchas consecuencias negativas si no lo entendemos y buscamos evadirlo-.<\/span><\/strong><\/em><\/span><\/h4>\n<h3><span style=\"color: #008000;\"><em><strong>Antes de se\u00f1alar pautas m\u00e1s espec\u00edficas a seguir como familia, es importante entender que una enfermedad mental es muy real y no debe de ser causa de pena, o pensar en el <span style=\"color: #ff0000;\">-qu\u00e9 dir\u00e1n-<\/span> las dem\u00e1s personas. <\/strong><\/em><\/span><\/h3>\n<h3 style=\"text-align: center;\"><span style=\"color: #ff0000;\"><em><strong>As\u00ed como otra enfermedad f\u00edsica,<br \/>\nuna enfermedad mental tiene muchas causas,<br \/>\nunas gen\u00e9ticas, otras sociales, y tambi\u00e9n personales,<br \/>\ntodas las cuales interact\u00faan en conjunto,<br \/>\nusualmente en un momento de estr\u00e9s,<br \/>\nque es cuando la enfermedad se desarrolla<\/strong><\/em><\/span><\/h3>\n<h4><span style=\"color: #008000;\"><em><strong>Cada persona act\u00faa diferente en la forma en que afronta un diagn\u00f3stico, pero una cosa es segura, cuando se cuenta con el apoyo incondicional de la familia, el pron\u00f3stico es mucho m\u00e1s positivo y los resultados se pueden ver m\u00e1s r\u00e1pidamente.<\/strong><\/em><\/span><\/h4>\n<h3 style=\"text-align: center;\"><span style=\"color: #ff0000;\"><em><strong>-Inf\u00f3rmate lo m\u00e1s posible de la enfermedad de tu ser querido-<\/strong><\/em><\/span><\/h3>\n<ul>\n<li>\n<h4><span style=\"color: #ff0000;\"><em><strong>Uno no puede ayudar lo que no entiende.<\/strong><\/em><\/span><span style=\"color: #008000;\"><em><strong><br \/>\nEs importante leer e informarse de la naturaleza de la enfermedad. Esto se puede hacer comprando o alquilando libros, pidiendo informaci\u00f3n con el doctor y\/o terapeuta, encontrando informaci\u00f3n valida en p\u00e1ginas de internet, o atendiendo conferencias que hablen del tema. <\/strong><\/em><\/span><\/h4>\n<\/li>\n<li>\n<h4><span style=\"color: #008000;\"><em><strong>Cualquiera que sea el medio, es importante resolver nuestras dudas para que esta enfermedad no se vea como algo extra\u00f1o, o peor a\u00fan algo a que tenerle miedo.<\/strong><\/em><\/span><\/h4>\n<\/li>\n<\/ul>\n<h3 style=\"text-align: center;\"><span style=\"color: #ff0000;\"><em><strong>-Ve la Enfermedad Mental como cualquier otra de aspecto f\u00edsico-<\/strong><\/em><\/span><\/h3>\n<blockquote>\n<h4><span style=\"color: #008000;\"><em><strong><span style=\"color: #ff0000;\">Aunque es cierto que una enfermedad mental tiene varios aspectos diferentes a una enfermedad f\u00edsica, es importante hablar de ella como cualquier otra enfermedad com\u00fan.<\/span> No se trata de un estigma, ni es una actitud sana aquella de esconder o querer evadir el tema, o negar la existencia de esta. <\/strong><\/em><\/span><\/h4>\n<h4 style=\"text-align: center;\"><span style=\"color: #ff0000;\"><em><strong>La enfermedad es rea<span style=\"color: #ff0000;\">l y tambi\u00e9n sus consecuencias, por lo tanto tener una<\/span> actitud abierta y positiva hace toda la diferencia.<\/strong><\/em><\/span><\/h4>\n<h3 style=\"text-align: center;\"><em><strong><span style=\"color: #ff0000;\">Dependiendo de la enfermedad<\/span><br \/>\n<span style=\"color: #ff0000;\">se recomienda buscar grupos de apoyo.<\/span><br \/>\n<\/strong><\/em><\/h3>\n<\/blockquote>\n<h3><span style=\"color: #008000;\"><em><strong>Estos consisten en personas que tienen familiares con la misma enfermedad o parecida, y hablan de sus experiencias y brindan apoyo a los dem\u00e1s miembros del grupo. Esto es particularmente importante pues hay demasiados estereotipos e ideas falsas de lo que es una enfermedad mental.<\/strong><\/em><\/span><\/h3>\n<h3 style=\"text-align: center;\"><span style=\"color: #800080;\"><em><strong><span style=\"color: #ff0000;\"><span style=\"color: #ff00ff;\">\u2014 BUSCA UN GRUPO DE APOYO \u2014<\/span><a href=\"http:\/\/www.ceadin.org\/b\/wp-content\/uploads\/2022\/12\/1Tamano-chico-vanner-Fiusha-copia-2.jpeg\"><img decoding=\"async\" loading=\"lazy\" class=\"alignright size-full wp-image-6890\" src=\"http:\/\/www.ceadin.org\/b\/wp-content\/uploads\/2022\/12\/1Tamano-chico-vanner-Fiusha-copia-2.jpeg\" alt=\"\" width=\"800\" height=\"201\" srcset=\"https:\/\/www.ceadin.org\/b\/wp-content\/uploads\/2022\/12\/1Tamano-chico-vanner-Fiusha-copia-2.jpeg 800w, https:\/\/www.ceadin.org\/b\/wp-content\/uploads\/2022\/12\/1Tamano-chico-vanner-Fiusha-copia-2-300x75.jpeg 300w, https:\/\/www.ceadin.org\/b\/wp-content\/uploads\/2022\/12\/1Tamano-chico-vanner-Fiusha-copia-2-768x193.jpeg 768w, https:\/\/www.ceadin.org\/b\/wp-content\/uploads\/2022\/12\/1Tamano-chico-vanner-Fiusha-copia-2-619x156.jpeg 619w\" sizes=\"(max-width: 800px) 100vw, 800px\" \/><\/a><\/span><br \/>\n<\/strong><\/em><\/span><\/h3>\n<\/blockquote>\n<p>&nbsp;<\/p>\n<blockquote>\n<h4><em><strong><span style=\"color: #800080;\"><a href=\"http:\/\/www.ceadin.org\/b\/\"><span style=\"color: #ff00ff;\">Centro de Apoyo al Desarrollo Interno: CEADIN<\/span><\/a><br \/>\n<\/span><\/strong><\/em><\/h4>\n<h4><em><strong><span style=\"color: #800080;\"><span style=\"color: #ff00ff;\">Patricia Cuadra de Herrera.<\/span><br \/>\n<\/span><\/strong><\/em><\/h4>\n<h4><em><strong><span style=\"color: #800080;\"><span style=\"color: #ff00ff;\">Facebook- Patricia Cuadra de Herrera.<\/span><br \/>\n<\/span><\/strong><\/em><\/h4>\n<h4><em><strong><span style=\"color: #800080;\"><span style=\"color: #ff00ff;\">Facebook- Centro de Apoyo al Desarrollo Interno: CEADIN<\/span><br \/>\n<\/span><\/strong><\/em><\/h4>\n<h3><em><strong>\u00a0<\/strong><\/em><em><strong><span style=\"color: #008000;\"><span style=\"color: #ff0000;\">Por esto mismo a veces es dif\u00edcil hablar<\/span><br \/>\n<span style=\"color: #ff0000;\">con cualquier persona de lo que est\u00e1 ocurriendo en tu familia.<\/span><\/span><\/strong><\/em><\/h3>\n<h3><em><strong><span style=\"color: #008000;\">El poder contar con personas que entienden lo que est\u00e1s pasando, puede ayudarte a ti y a tu familia a lidiar con los cambios y los sentimientos de tristeza que inevitablemente se sienten cuando alguien que queremos est\u00e1 enfermo. Estos grupos se pueden encontrar en internet, o puedes preguntarle al terapeuta, de grupos que est\u00e9n cerca del \u00e1rea en donde vives.<\/span><\/strong><\/em><\/h3>\n<h4><span style=\"color: #ff0000;\"><em><strong>No existe una f\u00f3rmula m\u00e1gica para recibir las noticias y luego afrontar la realidad.<\/strong><\/em><\/span><span style=\"color: #008000;\"><em><strong> Sin embargo, el no hacer nada o negar tal situaci\u00f3n, s\u00f3lo empeora nuestra condici\u00f3n. Es por esto, que estas pautas nos ayudan a lidiar con lo que sentimos, al mismo tiempo que podemos recibir fuerza para ser un apoyo para los dem\u00e1s miembros de nuestra familia.<\/strong><\/em><\/span><\/h4>\n<h3 style=\"text-align: center;\"><span style=\"color: #008000;\"><em><strong>La aceptaci\u00f3n te ayuda<br \/>\na recibir de un modo positivo aquello que viene<br \/>\nlo quieras o no, a tu vida.<\/strong><\/em><\/span><\/h3>\n<p style=\"text-align: center;\"><span style=\"color: #008000;\">&#8211; &#8211; &#8211; &#8211;<\/span><\/p>\n<div class=\"post-thumbnail\">\n<h3 class=\"p4\" style=\"text-align: center;\"><span style=\"color: #e609e6;\"><em><strong>\u2014 Aceptar la locura \u2014<br \/>\n<\/strong><\/em><\/span><\/h3>\n<h3 class=\"p3\" style=\"text-align: center;\"><span style=\"color: #e609e6;\"><strong><em>En caso de lograr devolver el diagn\u00f3stico, renunciar a los medicamentos y finalizar el tratamiento, uno puede vivir una vida normal o&#8230;<br \/>\ndar el \u00faltimo paso:<br \/>\n<\/em><\/strong><\/span><\/h3>\n<h3 class=\"p3\" style=\"text-align: center;\"><span style=\"color: #e609e6;\"><strong><em>-Aceptar la propia locura, lo cual implica la responsabilidad de<br \/>\naprender a convivir con el delirio y la alucinaci\u00f3n..<\/em><\/strong><\/span><\/h3>\n<h3 class=\"p3\" style=\"text-align: center;\"><span style=\"color: #e609e6;\"><strong><em>El proceso de aceptar la locura es el m\u00e1s dif\u00edcil de todos,<br \/>\nporque cambiar el modo en que vivimos, pensamos, y sentimos la realidad, es muy dif\u00edcil. <\/em><\/strong><\/span><\/h3>\n<h3 class=\"p3\" style=\"text-align: center;\"><span style=\"color: #e609e6;\"><strong><em>Aqu\u00ed estamos bastante solos, aunque existe la posibilidad de realizar este proceso en grupo junto a otros locos y locas..<\/em><\/strong><\/span><\/h3>\n<h3 class=\"p3\" style=\"text-align: center;\"><span style=\"color: #e609e6;\"><strong><em>Existen los grupos de apoyo mutuo o los colectivos<br \/>\nsociales en defensa de la locura, pero sabemos que la experiencia del<\/em> <em>delirio<\/em><em> y la alucinaci\u00f3n es personal e intransferible.<br \/>\n<\/em><\/strong><\/span><\/h3>\n<h3 class=\"p3\" style=\"text-align: center;\"><span style=\"color: #e609e6;\"><strong><em>Sugiero participar de este tipo de grupos, siempre y cuando est\u00e9n<br \/>\ncoordinados por personas con experiencia en<br \/>\nel delirio y la alucinaci\u00f3n..<\/em><\/strong><\/span><\/h3>\n<h3 class=\"p3\" style=\"text-align: center;\"><span style=\"color: #e609e6;\"><strong><em>En mi caso personal, luego de aceptar mi propia locura,<br \/>\nla vida empez\u00f3 a cumplir todos mis sue\u00f1os.<br \/>\nPor todo esto estoy muy agradecida..<\/em><\/strong><\/span><\/h3>\n<h3 style=\"text-align: center;\"><span style=\"color: #e609e6;\"><strong><em>A estas alturas, volverme cuerda..ser\u00eda una -Locura-..!<\/em><\/strong><\/span><\/h3>\n<\/div>\n<h3 style=\"text-align: center;\"><span style=\"color: #e609e6;\">&#8211; &#8211; &#8211; &#8211;<\/span><\/h3>\n<h3 style=\"text-align: center;\"><span style=\"color: #800080;\"><em><strong><span style=\"color: #ff0000;\">\u2014 De la negaci\u00f3n a la aceptaci\u00f3n \u2014<\/span><br \/>\n<\/strong><\/em><\/span><\/h3>\n<h4><span style=\"color: #008000;\"><em><strong><span style=\"color: #ff0000;\">La doctora Elisabeth Kubler-Ross,<\/span> quien dedic\u00f3 su vida a cuidar a enfermos terminales y ayudar a los moribundos en el proceso de la muerte, identific\u00f3 cinco etapas del duelo, que tambi\u00e9n se pueden aplicar para la aceptaci\u00f3n de una enfermedad cr\u00f3nica.<\/strong><\/em><\/span><\/h4>\n<h4><span style=\"color: #008000;\"><em><strong><span style=\"color: #ff0000;\">1. Negaci\u00f3n: <\/span>Niegas la enfermedad y no tomas las medidas m\u00e9dicas necesarias para mejorar tu condici\u00f3n.<\/strong><\/em><\/span><\/h4>\n<h4><span style=\"color: #008000;\"><em><strong><span style=\"color: #ff0000;\">2. Ira:<\/span> Est\u00e1s enfadado con el mundo. Piensas, \u00bfpor qu\u00e9 me ha sucedido a m\u00ed?<\/strong><\/em><\/span><\/h4>\n<h4><span style=\"color: #008000;\"><em><strong><span style=\"color: #ff0000;\">3. Depresi\u00f3n: <\/span>Eres consciente de lo que sucede. Ya no sientes ilusi\u00f3n por nada y s\u00f3lo te apetece llorar. Puedes tener sentimientos autodestructivos.<\/strong><\/em><\/span><\/h4>\n<h4><span style=\"color: #008000;\"><em><strong><span style=\"color: #ff0000;\">4. Negociaci\u00f3n: <\/span>Intentas pactar con la enfermedad, pero te das cuenta de que no es posible, no est\u00e1s en condiciones de negociar.<\/strong><\/em><\/span><\/h4>\n<h4><span style=\"color: #008000;\"><em><strong><span style=\"color: #ff0000;\">5. Aceptaci\u00f3n:<\/span> Finalmente, aceptas la enfermedad como una realidad que hay que vivir. Comienzas a tomar una parte activa y comprometida con la nueva condici\u00f3n. La enfermedad se puede vivenciar como una oportunidad para la transformaci\u00f3n.<\/strong><\/em><\/span><\/h4>\n<\/blockquote>\n<p><em><span style=\"color: #008000;\">Artista-June Valentine Ruppe<\/span><\/em><\/p>\n<h4><span style=\"color: #008000;\"><em><strong>ESPERAMOS ENCUENTRE \u00daTIL ESTA INFORMACI\u00d3N.<\/strong><\/em><\/span><\/h4>\n<h4><span style=\"color: #008000;\"><em><strong>SI USTED EST\u00c1 PENSANDO EN HACERSE DA\u00d1O,<br \/>\nO SI CONOCE A ALGUIEN QUE PODR\u00cdA HACERSE DA\u00d1O,<br \/>\nBUSQUE AYUDA R\u00c1PIDAMENTE\u00a0 Y LLAME A SU M\u00c9DICO.<\/strong><\/em><\/span><\/h4>\n<h4><span style=\"color: #008080;\"><em><strong>NOTA IMPORTANTE.<\/strong><\/em><em><strong><br \/>\nBusque ayuda inmediatamente si:<\/strong><\/em><\/span><br \/>\n<span style=\"color: #008080;\"><em><strong>Se siente abrumado.<\/strong><\/em><\/span><br \/>\n<span style=\"color: #008080;\"><em><strong>\u2028Est\u00e1 pensando en hacerse da\u00f1o o en da\u00f1ar a otra persona.<\/strong><\/em><\/span><br \/>\n<span style=\"color: #008080;\"><em><strong>Es incapaz de controlar su comportamiento.<\/strong><\/em><\/span><br \/>\n<span style=\"color: #008080;\"><em><strong>Tiene otros s\u00edntomas muy angustiantes de trastorno<\/strong><\/em><\/span><br \/>\n<span style=\"color: #008080;\"><em><strong>de estr\u00e9s postraum\u00e1tico.<\/strong><\/em><em><strong><br \/>\nLlame a un familiar, no se quede solo.<br \/>\nLlame a su m\u00e9dico.<\/strong><\/em><\/span><\/h4>\n<h4><span style=\"color: #ff00ff;\"><em><strong>EN CASO NECESARIO:<\/strong><\/em><\/span><br \/>\n<span style=\"color: #ff00ff;\"><em><strong>Llame a su m\u00e9dico.<\/strong><\/em><\/span><br \/>\n<span style=\"color: #ff00ff;\"><em><strong>Llame al 911 para servicios de emergencia\u2028 o vaya<\/strong><\/em><\/span><br \/>\n<span style=\"color: #ff00ff;\"><em><strong>a la sala de emergencias m\u00e1s cercana.<\/strong><\/em><\/span><br \/>\n<span style=\"color: #ff00ff;\"><em><strong>En un caso de emergencia, puede llamar a:<\/strong><\/em><\/span><br \/>\n<span style=\"color: #ff00ff;\"><em><strong>SAPTEL \u201cSistema Nacional de Apoyo, Consejo \u2028Psicol\u00f3gico<\/strong><\/em><\/span><br \/>\n<span style=\"color: #ff00ff;\"><em><strong>e Intervenci\u00f3n en Crisis por Tel\u00e9fono\u201d<\/strong><\/em><\/span><br \/>\n<span style=\"color: #ff00ff;\"><em><strong>(Cruz Roja Mexicana\u2013 24 Hrs.) sin costo<\/strong><\/em><\/span><\/h4>\n<div class=\"post-thumbnail\">\n<h4><span style=\"color: #ff00ff;\"><em><strong>SAPTEL<\/strong><\/em><\/span><br \/>\n<span style=\"color: #ff00ff;\"><em><strong>Av M\u00e9xico #37, Hip\u00f3dromo,<\/strong><\/em><\/span><br \/>\n<span style=\"color: #ff00ff;\"><em><strong>Cuauht\u00e9moc, Ciudad de M\u00e9xico.<\/strong><\/em><\/span><br \/>\n<span style=\"color: #ff00ff;\"><em><strong>Tel\u00e9fono:(55) 52598121<br \/>\nE-mail: <a class=\"col1\" style=\"color: #ff00ff;\" href=\"https:\/\/www.saptel.org.mx\/contacto.html#\">saptel.crlyc@gmail.com<\/a><\/strong><\/em><\/span><\/h4>\n<\/div>\n<div class=\"post-thumbnail\">\n<h4><em><strong><span style=\"color: #ff00ff;\">Ayuda en los Estados Unidos:<\/span><br \/>\n<span style=\"color: #0000ff;\">Llame al 911 (servicio de emergencia de los Estados Unidos)<\/span><br \/>\n<span style=\"color: #0000ff;\">o acuda a una sala de emergencias.<\/span><br \/>\n<span style=\"color: #0000ff;\">Llame gratis a la l\u00ednea de emergencia del suicidio: 1\u2013888\u2013628\u20139454 para comunicarse con alguien de la Red Nacional de Prevenci\u00f3n del Suicidio. El n\u00famero para las personas con dificultades auditivas es 1\u2013800\u2013799\u20134TTY (4889)<\/span><\/strong><\/em><\/h4>\n<\/div>\n<blockquote>\n<blockquote>\n<blockquote>\n<div class=\"post-thumbnail\"><\/div>\n<p>&nbsp;<\/p><\/blockquote>\n<\/blockquote>\n<\/blockquote>\n<\/blockquote>\n<\/blockquote>\n","protected":false},"excerpt":{"rendered":"<p>\u2014 Como afrontar una enfermedad mental en la familia \u2014 Puedes sentir que todo tu mundo se viene abajo y tu vida deja de tener sentido. Es posible que al principio, niegues el diagn\u00f3stico; quiz\u00e1 te llenes de ira e incluso pienses que se han confundido e intentes negociar para, al final, darte cuenta de [&hellip;]<\/p>\n","protected":false},"author":2,"featured_media":0,"parent":0,"menu_order":0,"comment_status":"closed","ping_status":"closed","template":"","meta":[],"_links":{"self":[{"href":"https:\/\/www.ceadin.org\/b\/wp-json\/wp\/v2\/pages\/3704"}],"collection":[{"href":"https:\/\/www.ceadin.org\/b\/wp-json\/wp\/v2\/pages"}],"about":[{"href":"https:\/\/www.ceadin.org\/b\/wp-json\/wp\/v2\/types\/page"}],"author":[{"embeddable":true,"href":"https:\/\/www.ceadin.org\/b\/wp-json\/wp\/v2\/users\/2"}],"replies":[{"embeddable":true,"href":"https:\/\/www.ceadin.org\/b\/wp-json\/wp\/v2\/comments?post=3704"}],"version-history":[{"count":0,"href":"https:\/\/www.ceadin.org\/b\/wp-json\/wp\/v2\/pages\/3704\/revisions"}],"wp:attachment":[{"href":"https:\/\/www.ceadin.org\/b\/wp-json\/wp\/v2\/media?parent=3704"}],"curies":[{"name":"wp","href":"https:\/\/api.w.org\/{rel}","templated":true}]}}