{"id":3655,"date":"2017-08-12T18:36:32","date_gmt":"2017-08-12T18:36:32","guid":{"rendered":"http:\/\/www.ceadin.org\/b\/?page_id=3655"},"modified":"2023-06-03T20:36:43","modified_gmt":"2023-06-03T20:36:43","slug":"como-funciona-el-maltrato-o-abuso-psicologico","status":"publish","type":"page","link":"https:\/\/www.ceadin.org\/b\/como-funciona-el-maltrato-o-abuso-psicologico\/","title":{"rendered":"C\u00f3mo funciona el maltrato o abuso psicol\u00f3gico.?"},"content":{"rendered":"<blockquote>\n<blockquote>\n<h3 style=\"text-align: center;\"><span style=\"color: #800080;\"><em><strong><br \/>\n<span style=\"color: #666699;\">El <\/span><span style=\"color: #933fd4;\">-maltrato o abuso psicol\u00f3gico-<\/span><br \/>\n<span style=\"color: #666699;\">es un serio problema <\/span><\/strong><\/em><\/span><span style=\"color: #666699;\"><em><strong>que cualquiera de nosotros<br \/>\npuede vivir en alg\u00fan momento.<\/strong><\/em><\/span><\/h3>\n<h3 style=\"text-align: center;\"><span style=\"color: #008000;\"><em><strong><span style=\"color: #666699;\">Por ello, es vital entenderlo<\/span><br \/>\n<span style=\"color: #666699;\">para poder identificarlo y superarlo.<\/span><a href=\"http:\/\/www.ceadin.org\/b\/wp-content\/uploads\/2023\/06\/23916761_10212910655395453_7367144943819679279_o.jpg\"><img decoding=\"async\" loading=\"lazy\" class=\"alignright wp-image-7332 size-full\" src=\"http:\/\/www.ceadin.org\/b\/wp-content\/uploads\/2023\/06\/23916761_10212910655395453_7367144943819679279_o-e1685743819744.jpg\" alt=\"\" width=\"891\" height=\"1107\" srcset=\"https:\/\/www.ceadin.org\/b\/wp-content\/uploads\/2023\/06\/23916761_10212910655395453_7367144943819679279_o-e1685743819744.jpg 891w, https:\/\/www.ceadin.org\/b\/wp-content\/uploads\/2023\/06\/23916761_10212910655395453_7367144943819679279_o-e1685743819744-241x300.jpg 241w, https:\/\/www.ceadin.org\/b\/wp-content\/uploads\/2023\/06\/23916761_10212910655395453_7367144943819679279_o-e1685743819744-824x1024.jpg 824w, https:\/\/www.ceadin.org\/b\/wp-content\/uploads\/2023\/06\/23916761_10212910655395453_7367144943819679279_o-e1685743819744-768x954.jpg 768w, https:\/\/www.ceadin.org\/b\/wp-content\/uploads\/2023\/06\/23916761_10212910655395453_7367144943819679279_o-e1685743819744-619x769.jpg 619w\" sizes=\"(max-width: 891px) 100vw, 891px\" \/><\/a><\/strong><\/em><\/span><\/h3>\n<h3 style=\"text-align: center;\"><span style=\"color: #933fd4;\"><em><strong>\u00bfQUE ES EL MALTRATO O ABUSO PSICOL\u00d3GICO.?<br \/>\nY COMO FUNCIONA.?<\/strong><\/em><\/span><\/h3>\n<blockquote>\n<h3><span style=\"color: #933fd4;\"><em><strong>1. Las palabras tienen un gran poder:<\/strong><\/em><\/span><\/h3>\n<h3 style=\"text-align: center;\"><span style=\"color: #933fd4;\"><em><strong> Aunque los golpes pueden romperte<br \/>\nlos huesos, las palabras pueden causar un da\u00f1o<br \/>\nprogresivo y permanente. <\/strong><\/em><\/span><\/h3>\n<h4><span style=\"color: #666699;\"><em><strong>Las primeras veces que alguien te dice que eres est\u00fapido, in\u00fatil o cualquier otro insulto te doler\u00e1, pero si permites que esta conducta persista, terminar\u00e1s aceptando que es algo natural.\u00a0<\/strong><\/em><em><strong>En este momento comenzar\u00e1s a interiorizarlo y cre\u00e9rtelo, afectando tu autoestima.<\/strong><\/em><\/span><\/h4>\n<h3><span style=\"color: #933fd4;\"><em><strong>2. La culpa siempre recaer\u00e1 sobre ti:<\/strong><\/em><\/span><\/h3>\n<h3 style=\"text-align: center;\"><span style=\"color: #933fd4;\"><strong><em>El agresor te har\u00e1 sentir que la situaci\u00f3n es-culpa tuya-.<br \/>\nNo importa lo que pase o los motivos,<br \/>\nser\u00e1s el m\u00e1ximo responsable. <\/em><\/strong><\/span><\/h3>\n<h4><span style=\"color: #666699;\"><strong><em>Tratar\u00e1 de convencerte de que su conducta es causada por algo que dijiste, hiciste o dejaste de hacer o decir. <\/em><\/strong><strong><em>Sus argumentos ser\u00e1n tan cre\u00edbles que quiz\u00e1 no encuentres c\u00f3mo debatirlos o no creerlos. <\/em><\/strong><strong><em>Con el tiempo empezar\u00e1s a tener miedo de que cada acci\u00f3n o decisi\u00f3n que tomes, desate el enojo de tu agresor.<\/em><\/strong><\/span><\/h4>\n<h3><span style=\"color: #933fd4;\"><em><strong>3. Dejar\u00e1s de creer en ti:<\/strong><\/em><\/span><\/h3>\n<h3 style=\"text-align: center;\"><span style=\"color: #933fd4;\"><strong><em>Como resultado de la culpa<br \/>\ncomenzar\u00e1s a creer m\u00e1s en tu agresor<br \/>\nque en ti mismo.<\/em><\/strong><\/span><\/h3>\n<h4><span style=\"color: #666699;\"><strong><em>Experimentar\u00e1s sensaciones de dolor e injusticia y te enojar\u00e1s por la forma en que eres tratado. <\/em><\/strong><strong><em>Te har\u00e1s preguntas como:<\/em><\/strong><\/span><br \/>\n<span style=\"color: #933fd4;\"><strong><em>\u00bfEs razonable sentirse as\u00ed?<\/em><\/strong><\/span><br \/>\n<span style=\"color: #933fd4;\"><strong><em>\u00bfEstoy malinterpretando o exagerando la situaci\u00f3n?<\/em><\/strong><\/span><br \/>\n<span style=\"color: #933fd4;\"><strong><em><span style=\"color: #933fd4;\">\u00bfEstoy equivocada?<\/span><\/em><\/strong><\/span><\/h4>\n<h3 style=\"text-align: center;\"><span style=\"color: #933fd4;\"><strong><em>Esto se debe a que el -abuso psicol\u00f3gico-<br \/>\nha hecho que dejes de confiar en tu propio juicio.<\/em><\/strong><\/span><\/h3>\n<h3><span style=\"color: #933fd4;\"><em><strong>4. Necesidad de reconocimiento:<\/strong><\/em><\/span><\/h3>\n<h3 style=\"text-align: center;\"><span style=\"color: #008000;\"><em><strong><span style=\"color: #933fd4;\">Debido a que tu autoestima y<\/span><br \/>\n<span style=\"color: #933fd4;\">seguridad han ca\u00eddo a niveles muy bajos,<\/span><br \/>\n<span style=\"color: #933fd4;\">necesitar\u00e1s que alguien valore y reconozca tus<\/span><br \/>\n<span style=\"color: #933fd4;\">sentimientos y acciones.<\/span><\/strong><\/em><\/span><\/h3>\n<h4><span style=\"color: #666699;\"><em><strong>Estar\u00e1s desesperado por lograr que tu pareja escuche lo que dices y pida disculpas por las palabras y actitudes hirientes que tiene contigo.<\/strong><\/em><em><strong>Creer\u00e1s que solo \u00e9l puede curar el dolor que ha causado y dejar\u00e1s de creer o escuchar lo que el resto dice. <\/strong><\/em><em><strong>Por desgracia, quien comete abuso psicol\u00f3gico se negar\u00e1 a escuchar o validar tus sentimientos.<\/strong><\/em><\/span><\/h4>\n<h3><span style=\"color: #933fd4;\"><em><strong>5. El abusador psicol\u00f3gico cambia<br \/>\nconstantemente de humor:<\/strong><\/em><\/span><\/h3>\n<h3 style=\"text-align: center;\"><span style=\"color: #933fd4;\"><em><strong>El abusador pasar\u00e1 de ser<br \/>\ndemasiado cari\u00f1oso, a la cr\u00edtica excesiva y cruel.<\/strong><\/em><\/span><\/h3>\n<h4><span style=\"color: #666699;\"><em><strong>La mayor\u00eda del tiempo sentir\u00e1s que tu compa\u00f1\u00eda y t\u00fa son desagradables para \u00e9l.<\/strong><\/em><em><strong>Aunque en unas cuantas ocasiones se muestra encantado de estar contigo, casi siempre ser\u00e1 despectivo y nada de lo que hagas ser\u00e1 suficiente para hacerle feliz.<\/strong><\/em><em><strong>Esto pasa porque las relaciones con abuso psicol\u00f3gico est\u00e1n basadas en el control.<\/strong><\/em><em><strong>El abusador psicol\u00f3gico lucha con sus propios sentimiento de inutilidad y trata de usar la relaci\u00f3n para crear una sensaci\u00f3n de poder personal.<\/strong><\/em><\/span><\/h4>\n<h3><span style=\"color: #933fd4;\"><em><strong>6. Debes salir adelante:<\/strong><\/em><\/span><\/h3>\n<h3 style=\"text-align: center;\"><span style=\"color: #008000;\"><em><strong><span style=\"color: #933fd4;\">Aunque las relaciones con abuso psicol\u00f3gico<\/span><br \/>\n<span style=\"color: #933fd4;\">suelen causar un gran -da\u00f1o emocional-, la v\u00edctima procurar\u00e1<\/span><br \/>\n<span style=\"color: #933fd4;\">hacer que la relaci\u00f3n funcione.<\/span><\/strong><\/em><\/span><\/h3>\n<h4><span style=\"color: #008000;\"><em><strong><span style=\"color: #666699;\">Sin embargo, en alg\u00fan momento ya no se podr\u00e1 seguir adelante y la v\u00edctima podr\u00e1 vivir a\u00f1os con<\/span> <span style=\"color: #933fd4;\">-ansiedad, baja autoestima-<\/span><span style=\"color: #666699;\">y falta de confianza.<\/span> <span style=\"color: #933fd4;\">&#8211;<\/span><\/strong><\/em><\/span><span style=\"color: #933fd4;\"><em><strong>La v\u00edctima debe buscar asesor\u00eda, de lo contrario podr\u00eda entrar en otra relaci\u00f3n de abuso-.<\/strong><\/em><\/span><\/h4>\n<p style=\"text-align: left;\"><span style=\"color: #933fd4;\">Artista-June Valentine Ruppe<\/span><\/p>\n<h4><a href=\"http:\/\/www.ceadin.org\/b\/wp-content\/uploads\/2023\/06\/VIOLENTOMETRO-614x1024-1.jpg\"><img decoding=\"async\" loading=\"lazy\" class=\"alignleft wp-image-7330\" src=\"http:\/\/www.ceadin.org\/b\/wp-content\/uploads\/2023\/06\/VIOLENTOMETRO-614x1024-1.jpg\" alt=\"\" width=\"200\" height=\"334\" srcset=\"https:\/\/www.ceadin.org\/b\/wp-content\/uploads\/2023\/06\/VIOLENTOMETRO-614x1024-1.jpg 614w, https:\/\/www.ceadin.org\/b\/wp-content\/uploads\/2023\/06\/VIOLENTOMETRO-614x1024-1-180x300.jpg 180w\" sizes=\"(max-width: 200px) 100vw, 200px\" \/><\/a><\/h4>\n<p>&nbsp;<\/p>\n<p>&nbsp;<\/p>\n<p>&nbsp;<\/p>\n<p>&nbsp;<\/p>\n<p>&nbsp;<\/p>\n<p>&nbsp;<\/p>\n<p>&nbsp;<\/p>\n<h4><\/h4>\n<p><a href=\"http:\/\/www.ceadin.org\/b\/wp-content\/uploads\/2023\/06\/COMO-FUNCIONA-EL-MALTRATO-O-ABUSO-PSICOLOGICO-2.png\"><img decoding=\"async\" loading=\"lazy\" class=\"alignright size-full wp-image-7351\" src=\"http:\/\/www.ceadin.org\/b\/wp-content\/uploads\/2023\/06\/COMO-FUNCIONA-EL-MALTRATO-O-ABUSO-PSICOLOGICO-2.png\" alt=\"\" width=\"1203\" height=\"1177\" srcset=\"https:\/\/www.ceadin.org\/b\/wp-content\/uploads\/2023\/06\/COMO-FUNCIONA-EL-MALTRATO-O-ABUSO-PSICOLOGICO-2.png 1203w, https:\/\/www.ceadin.org\/b\/wp-content\/uploads\/2023\/06\/COMO-FUNCIONA-EL-MALTRATO-O-ABUSO-PSICOLOGICO-2-300x294.png 300w, https:\/\/www.ceadin.org\/b\/wp-content\/uploads\/2023\/06\/COMO-FUNCIONA-EL-MALTRATO-O-ABUSO-PSICOLOGICO-2-1024x1002.png 1024w, https:\/\/www.ceadin.org\/b\/wp-content\/uploads\/2023\/06\/COMO-FUNCIONA-EL-MALTRATO-O-ABUSO-PSICOLOGICO-2-768x751.png 768w, https:\/\/www.ceadin.org\/b\/wp-content\/uploads\/2023\/06\/COMO-FUNCIONA-EL-MALTRATO-O-ABUSO-PSICOLOGICO-2-619x606.png 619w\" sizes=\"(max-width: 1203px) 100vw, 1203px\" \/><\/a><\/p>\n<p><span style=\"color: #0000ff;\"><strong><em><br \/>\nREFUGIOS PARA MUJERES MALTRATADAS:<\/em><\/strong><\/span><\/p>\n<p><span style=\"color: #0000ff;\"><a style=\"color: #0000ff;\" href=\"https:\/\/www.google.com\/search?q=refugio+para+mujeres+maltratadas+cdmx&amp;tbm=isch&amp;ved=2ahUKEwim2emEocX8AhWeNN4AHVKMATYQ2-cCegQIABAA&amp;oq=refugio+para+mujeres+maltratadas&amp;gs_lcp=CgNpbWcQARgBMgQIIxAnMgQIIxAnMgUIABCABDIGCAAQBRAeMgcIABCABBAYMgcIABCABBAYMgcIABCABBAYMgcIABCABBAYMgcIABCABBAYMgcIABCABBAYUM07WM07YJtbaABwAHgAgAFsiAGvAZIBAzEuMZgBAKABAaoBC2d3cy13aXotaW1nwAEB&amp;sclient=img&amp;ei=9K3BY6aPKJ7p-LYP0piGsAM&amp;bih=900&amp;biw=1358&amp;client=firefox-b-d#imgrc=RHqOeZOnDbhVHM\"><strong><em>refugio para mujeres maltratadas cdmx<\/em><\/strong><\/a><\/span><\/p>\n<p><span style=\"color: #0000ff;\"><em><strong><a style=\"color: #0000ff;\" href=\"https:\/\/www.google.com\/search?q=refugio+para+mujeres+maltratadas+en+queretaro&amp;tbm=isch&amp;ved=2ahUKEwixuPCzosX8AhUf6MkDHd3iC7IQ2-cCegQIABAA&amp;oq=refugio+para+mujeres+maltratadas+&amp;gs_lcp=CgNpbWcQARgEMgQIIxAnMgQIIxAnMgQIABAeMgYIABAFEB4yBwgAEIAEEBgyBwgAEIAEEBgyBwgAEIAEEBgyBwgAEIAEEBgyBwgAEIAEEBgyBwgAEIAEEBhQ8MIDWPDCA2DQ2wNoAHAAeACAAWyIAfgBkgEDMi4xmAEAoAEBqgELZ3dzLXdpei1pbWfAAQE&amp;sclient=img&amp;ei=Y6_BY_H6Lp_Qp84P3cWvkAs&amp;bih=900&amp;biw=1358&amp;client=firefox-b-d\">refugio para mujeres maltratadas en queretaro<\/a><\/strong><\/em><\/span><\/p>\n<p><span style=\"color: #0000ff;\"><em><strong><a style=\"color: #0000ff;\" href=\"https:\/\/www.google.com\/search?q=refugio+para+mujeres+maltratadas+en+morelia&amp;tbm=isch&amp;ved=2ahUKEwiKkrWTosX8AhUY58kDHdgRClcQ2-cCegQIABAA&amp;oq=refugio+para+mujeres+maltratadas+en+morelia&amp;gs_lcp=CgNpbWcQARgAMgQIIxAnUABYAGCYEmgAcAB4AIABRogBRpIBATGYAQCqAQtnd3Mtd2l6LWltZ8ABAQ&amp;sclient=img&amp;ei=H6_BY8qGKpjOp84P2KOouAU&amp;bih=900&amp;biw=1358&amp;client=firefox-b-d\">refugio para mujeres maltratadas en morelia<\/a><\/strong><\/em><\/span><\/p>\n<p><span style=\"color: #0000ff;\"><em><strong><a style=\"color: #0000ff;\" href=\"https:\/\/www.google.com\/search?q=refugio+para+mujeres+maltratadas+en+tijuana&amp;tbm=isch&amp;ved=2ahUKEwi0rsXzosX8AhWX8ckDHZmDAqAQ2-cCegQIABAA&amp;oq=refugio+para+mujeres+maltratadas+&amp;gs_lcp=CgNpbWcQARgFMgQIIxAnMgQIIxAnMgQIABAeMgYIABAFEB4yBwgAEIAEEBgyBwgAEIAEEBgyBwgAEIAEEBgyBwgAEIAEEBgyBwgAEIAEEBgyBwgAEIAEEBhQl6sGWJerBmCfyQZoAnAAeACAAU6IAdYBkgEBM5gBAKABAaoBC2d3cy13aXotaW1nwAEB&amp;sclient=img&amp;ei=6a_BY_SVEZfjp84PmYeKgAo&amp;bih=900&amp;biw=1358&amp;client=firefox-b-d\">refugio para mujeres maltratadas en tijuana<\/a><\/strong><\/em><\/span><\/p>\n<p><span style=\"color: #0000ff;\"><em><strong><a style=\"color: #0000ff;\" href=\"https:\/\/www.google.com\/search?q=refugio+para+mujeres+maltratadas+monterrey&amp;tbm=isch&amp;ved=2ahUKEwiBmJqoo8X8AhWz0MkDHXcaAocQ2-cCegQIABAA&amp;oq=refugio+para+mujeres+maltratadas+&amp;gs_lcp=CgNpbWcQARgGMgQIIxAnMgQIIxAnMgQIABAeMgYIABAFEB4yBwgAEIAEEBgyBwgAEIAEEBgyBwgAEIAEEBgyBwgAEIAEEBgyBwgAEIAEEBgyBwgAEIAEEBhQrrwCWK68AmD61QJoAXAAeACAAU6IAeABkgEBM5gBAKABAaoBC2d3cy13aXotaW1nwAEB&amp;sclient=img&amp;ei=V7DBY8GQLLOhp84P97SIuAg&amp;bih=900&amp;biw=1358&amp;client=firefox-b-d\">refugio para mujeres maltratadas monterrey<\/a><\/strong><\/em><\/span><\/p>\n<p><span style=\"color: #0000ff;\"><em><strong><a style=\"color: #0000ff;\" href=\"https:\/\/www.google.com\/search?q=refugio+para+mujeres+maltratadas+en+chihuahua&amp;tbm=isch&amp;ved=2ahUKEwiMuJa_o8X8AhV05skDHcgNDM4Q2-cCegQIABAA&amp;oq=refugio+para+mujeres+maltratadas+&amp;gs_lcp=CgNpbWcQARgHMgQIIxAnMgQIIxAnMgQIABAeMgYIABAFEB4yBwgAEIAEEBgyBwgAEIAEEBgyBwgAEIAEEBgyBwgAEIAEEBgyBwgAEIAEEBgyBwgAEIAEEBhQ7rwCWO68AmCW2gJoAnAAeACAAVyIAZ4BkgEBMpgBAKABAaoBC2d3cy13aXotaW1nwAEB&amp;sclient=img&amp;ei=h7DBY8zYNvTMp84PyJuw8Aw&amp;bih=900&amp;biw=1358&amp;client=firefox-b-d\">refugio para mujeres maltratadas en chihuahua<\/a><\/strong><\/em><\/span><\/p>\n<p><span style=\"color: #0000ff;\"><em><strong><a style=\"color: #0000ff;\" href=\"https:\/\/www.google.com\/search?q=refugio+para+mujeres+maltratadas+en+merida+yucatan&amp;tbm=isch&amp;ved=2ahUKEwj56v_Vo8X8AhXb8ckDHTztAkQQ2-cCegQIABAA&amp;oq=refugio+para+mujeres+maltratadas&amp;gs_lcp=CgNpbWcQARgIMgQIIxAnMgQIIxAnMgUIABCABDIGCAAQBRAeMgcIABCABBAYMgcIABCABBAYMgcIABCABBAYMgcIABCABBAYMgcIABCABBAYMgcIABCABBAYUP7YAlj-2AJgr_wCaAFwAHgAgAFYiAHwAZIBATOYAQCgAQGqAQtnd3Mtd2l6LWltZ8ABAQ&amp;sclient=img&amp;ei=t7DBY7mzLtvjp84PvNqLoAQ&amp;bih=900&amp;biw=1358&amp;client=firefox-b-d\">refugio para mujeres maltratadas en merida yucatan<\/a><\/strong><\/em><\/span><\/p>\n<p><span style=\"color: #0000ff;\"><em><strong><a style=\"color: #0000ff;\" href=\"https:\/\/www.google.com\/search?q=refugio+para+mujeres+maltratadas+en+aguascalientes&amp;tbm=isch&amp;ved=2ahUKEwj8ocTvo8X8AhV05skDHZbxDXsQ2-cCegQIABAA&amp;oq=refugio+para+mujeres+maltratadas&amp;gs_lcp=CgNpbWcQARgJMgQIIxAnMgQIIxAnMgUIABCABDIGCAAQBRAeMgcIABCABBAYMgcIABCABBAYMgcIABCABBAYMgcIABCABBAYMgcIABCABBAYMgcIABCABBAYUMLDAljCwwJgl_ICaAFwAHgAgAFaiAHvAZIBATOYAQCgAQGqAQtnd3Mtd2l6LWltZ8ABAQ&amp;sclient=img&amp;ei=7bDBY7z3EvTMp84PluO32Ac&amp;bih=900&amp;biw=1358&amp;client=firefox-b-d\">refugio para mujeres maltratadas en aguascalientes<\/a><\/strong><\/em><\/span><\/p>\n<h4><span style=\"color: #933fd4;\"><em><strong>ESPERAMOS ENCUENTRE \u00daTIL ESTA INFORMACI\u00d3N<br \/>\nSI USTED EST\u00c1 PENSANDO EN HACERSE DA\u00d1O,<br \/>\nO SI CONOCE A ALGUIEN QUE PODR\u00cdA HACERSE DA\u00d1O,<br \/>\nBUSQUE AYUDA R\u00c1PIDAMENTE\u00a0 Y LLAME A SU M\u00c9DICO.<\/strong><\/em><\/span><\/h4>\n<h4><span style=\"color: #008080;\"><em><strong>NOTA IMPORTANTE.<\/strong><\/em><em><strong><br \/>\nBusque ayuda inmediatamente si:<\/strong><\/em><\/span><br \/>\n<span style=\"color: #008080;\"><em><strong>Se siente abrumado.<\/strong><\/em><\/span><br \/>\n<span style=\"color: #008080;\"><em><strong>\u2028Est\u00e1 pensando en hacerse da\u00f1o o en da\u00f1ar a otra persona.<\/strong><\/em><\/span><br \/>\n<span style=\"color: #008080;\"><em><strong>Es incapaz de controlar su comportamiento.<\/strong><\/em><\/span><br \/>\n<span style=\"color: #008080;\"><em><strong>Tiene otros s\u00edntomas muy angustiantes de trastorno<\/strong><\/em><\/span><br \/>\n<span style=\"color: #008080;\"><em><strong>de estr\u00e9s postraum\u00e1tico.<\/strong><\/em><em><strong><br \/>\nLlame a un familiar, no se quede solo.<br \/>\nLlame a su m\u00e9dico.<\/strong><\/em><\/span><\/h4>\n<h4><span style=\"color: #ff00ff;\"><em><strong>EN CASO NECESARIO:<\/strong><\/em><\/span><br \/>\n<span style=\"color: #ff00ff;\"><em><strong>Llame a su m\u00e9dico.<\/strong><\/em><\/span><br \/>\n<span style=\"color: #ff00ff;\"><em><strong>Llame al 911 para servicios de emergencia\u2028 o vaya<\/strong><\/em><\/span><br \/>\n<span style=\"color: #ff00ff;\"><em><strong>a la sala de emergencias m\u00e1s cercana.<\/strong><\/em><\/span><br \/>\n<span style=\"color: #ff00ff;\"><em><strong>En un caso de emergencia, puede llamar a:<\/strong><\/em><\/span><br \/>\n<span style=\"color: #ff00ff;\"><em><strong>SAPTEL \u201cSistema Nacional de Apoyo, Consejo \u2028Psicol\u00f3gico<\/strong><\/em><\/span><br \/>\n<span style=\"color: #ff00ff;\"><em><strong>e Intervenci\u00f3n en Crisis por Tel\u00e9fono\u201d<\/strong><\/em><\/span><br \/>\n<span style=\"color: #ff00ff;\"><em><strong>(Cruz Roja Mexicana\u2013 24 Hrs.) sin costo<\/strong><\/em><\/span><\/h4>\n<h4><span style=\"color: #ff00ff;\"><em><strong>SAPTEL<\/strong><\/em><\/span><br \/>\n<span style=\"color: #ff00ff;\"><em><strong>Av M\u00e9xico #37, Hip\u00f3dromo,<\/strong><\/em><\/span><br \/>\n<span style=\"color: #ff00ff;\"><em><strong>Cuauht\u00e9moc, Ciudad de M\u00e9xico.<\/strong><\/em><\/span><br \/>\n<span style=\"color: #ff00ff;\"><em><strong>Tel\u00e9fono:(55) 52598121<br \/>\nE-mail: <a class=\"col1\" style=\"color: #ff00ff;\" href=\"https:\/\/www.saptel.org.mx\/contacto.html#\">saptel.crlyc@gmail.com<\/a><\/strong><\/em><\/span><\/h4>\n<\/blockquote>\n<\/blockquote>\n<\/blockquote>\n","protected":false},"excerpt":{"rendered":"<p>El -maltrato o abuso psicol\u00f3gico- es un serio problema que cualquiera de nosotros puede vivir en alg\u00fan momento. Por ello, es vital entenderlo para poder identificarlo y superarlo. \u00bfQUE ES EL MALTRATO O ABUSO PSICOL\u00d3GICO.? Y COMO FUNCIONA.? 1. Las palabras tienen un gran poder: Aunque los golpes pueden romperte los huesos, las palabras pueden [&hellip;]<\/p>\n","protected":false},"author":2,"featured_media":0,"parent":0,"menu_order":0,"comment_status":"closed","ping_status":"closed","template":"","meta":[],"_links":{"self":[{"href":"https:\/\/www.ceadin.org\/b\/wp-json\/wp\/v2\/pages\/3655"}],"collection":[{"href":"https:\/\/www.ceadin.org\/b\/wp-json\/wp\/v2\/pages"}],"about":[{"href":"https:\/\/www.ceadin.org\/b\/wp-json\/wp\/v2\/types\/page"}],"author":[{"embeddable":true,"href":"https:\/\/www.ceadin.org\/b\/wp-json\/wp\/v2\/users\/2"}],"replies":[{"embeddable":true,"href":"https:\/\/www.ceadin.org\/b\/wp-json\/wp\/v2\/comments?post=3655"}],"version-history":[{"count":0,"href":"https:\/\/www.ceadin.org\/b\/wp-json\/wp\/v2\/pages\/3655\/revisions"}],"wp:attachment":[{"href":"https:\/\/www.ceadin.org\/b\/wp-json\/wp\/v2\/media?parent=3655"}],"curies":[{"name":"wp","href":"https:\/\/api.w.org\/{rel}","templated":true}]}}