{"id":3627,"date":"2017-08-12T14:24:00","date_gmt":"2017-08-12T14:24:00","guid":{"rendered":"http:\/\/www.ceadin.org\/b\/?page_id=3627"},"modified":"2023-06-05T22:09:23","modified_gmt":"2023-06-05T22:09:23","slug":"estres-agitacion-y-tension","status":"publish","type":"page","link":"https:\/\/www.ceadin.org\/b\/estres-agitacion-y-tension\/","title":{"rendered":"Estr\u00e9s, agitaci\u00f3n y tensi\u00f3n"},"content":{"rendered":"<blockquote>\n<blockquote>\n<h3 style=\"text-align: center;\"><span style=\"color: #800080;\"><em><strong><br \/>\n<span style=\"color: #808000;\">Todo el mundo se siente <\/span><span style=\"color: #7a0ecc;\"><br \/>\n-ESTRESADO-<span style=\"color: #808000;\"> de vez en cuando.<\/span><\/span><\/strong><\/em><\/span><\/h3>\n<h3 style=\"text-align: center;\"><span style=\"color: #800080;\"><em><strong><span style=\"color: #808000;\">Sin embargo, <span style=\"color: #7a0ecc;\">NO todo el <\/span><\/span><span style=\"color: #7a0ecc;\">-ESTR\u00c9S- <\/span><span style=\"color: #008080;\"><span style=\"color: #7a0ecc;\">es malo.!<\/span><a href=\"http:\/\/www.ceadin.org\/b\/wp-content\/uploads\/2022\/12\/izabela-krzyszkowska63.jpeg\"><img decoding=\"async\" loading=\"lazy\" class=\"alignright size-full wp-image-6865\" src=\"http:\/\/www.ceadin.org\/b\/wp-content\/uploads\/2022\/12\/izabela-krzyszkowska63.jpeg\" alt=\"\" width=\"1586\" height=\"1626\" srcset=\"https:\/\/www.ceadin.org\/b\/wp-content\/uploads\/2022\/12\/izabela-krzyszkowska63.jpeg 1586w, https:\/\/www.ceadin.org\/b\/wp-content\/uploads\/2022\/12\/izabela-krzyszkowska63-293x300.jpeg 293w, https:\/\/www.ceadin.org\/b\/wp-content\/uploads\/2022\/12\/izabela-krzyszkowska63-999x1024.jpeg 999w, https:\/\/www.ceadin.org\/b\/wp-content\/uploads\/2022\/12\/izabela-krzyszkowska63-768x787.jpeg 768w, https:\/\/www.ceadin.org\/b\/wp-content\/uploads\/2022\/12\/izabela-krzyszkowska63-1498x1536.jpeg 1498w, https:\/\/www.ceadin.org\/b\/wp-content\/uploads\/2022\/12\/izabela-krzyszkowska63-619x635.jpeg 619w\" sizes=\"(max-width: 1586px) 100vw, 1586px\" \/><\/a><\/span><\/strong><\/em><\/span><\/h3>\n<\/blockquote>\n<h3 style=\"text-align: center;\"><span style=\"color: #bf0bbf;\"><em><strong><span style=\"color: #808000;\">Tambi\u00e9n los animales tienen una<\/span><br \/>\n<span style=\"color: #808000;\">respuesta de estr\u00e9s, que puede salvarles la vida.<\/span><br \/>\n<\/strong><\/em><\/span><\/h3>\n<h3 style=\"text-align: center;\"><span style=\"color: #7a0ecc;\"><em><strong>Pero el estr\u00e9s cr\u00f3nico puede causar<br \/>\nda\u00f1o tanto f\u00edsico como mental.!<\/strong><\/em><\/span><\/h3>\n<h3 style=\"text-align: center;\"><span style=\"color: #808000;\"><em><strong>Hay por lo menos tres diferentes tipos de estr\u00e9s:<\/strong><\/em><\/span><\/h3>\n<blockquote>\n<h3><em><strong><span style=\"color: #7a0ecc;\">1.- Estr\u00e9s rutinario:<\/span><span style=\"color: #808000;\"> relacionado a la presi\u00f3n del trabajo, la familia y otras responsabilidades diarias.<\/span><\/strong><\/em><\/h3>\n<h3><span style=\"color: #7a0ecc;\"><em><strong>2.- <\/strong><\/em><\/span><em><strong><span style=\"color: #7a0ecc;\">Estr\u00e9s provocado:<\/span><span style=\"color: #808000;\"> por un cambio negativo repentino, como la p\u00e9rdida de un trabajo, divorcio o enfermedad.<\/span><\/strong><\/em><\/h3>\n<h3><em><strong><span style=\"color: #7a0ecc;\">3.- Estr\u00e9s traum\u00e1tico: <\/span><span style=\"color: #bf0bbf;\"><span style=\"color: #808000;\">que ocurre cuando se encuentra en peligro de ser gravemente herido o muerto.<\/span><\/span><\/strong><\/em><\/h3>\n<h3 style=\"text-align: center;\"><em><strong><span style=\"color: #808000;\">Los ejemplos incluyen un accidente grave, guerra, asalto o un desastre natural. <\/span><span style=\"color: #800080;\"><span style=\"color: #bf0bbf;\"><span style=\"color: #808000;\">Este tipo de estr\u00e9s puede causar:<\/span><br \/>\n<\/span><\/span><\/strong><\/em><\/h3>\n<h3 style=\"text-align: center;\"><span style=\"color: #7a0ecc;\"><em><strong><span style=\"text-decoration: underline;\"><a style=\"color: #7a0ecc; text-decoration: underline;\" href=\"http:\/\/www.ceadin.org\/b\/tep-trastorno-de-estres-postraumatico\/\"><span style=\"color: #7a0ecc; text-decoration: underline;\"><span style=\"color: #008000; text-decoration: underline;\">TEP-Trastorno de estr\u00e9s postraum\u00e1tico- \u2217 ver mas \u00bb<\/span><\/span><\/a><\/span><\/strong><\/em><\/span><\/h3>\n<h3 style=\"text-align: center;\"><span style=\"text-decoration: underline; color: #7a0ecc;\"><em><strong>LAS PERSONAS PUEDEN<br \/>\nSENTIR ESTR\u00c9S, DE DIFERENTES MANERAS:<\/strong><\/em><\/span><\/h3>\n<blockquote>\n<h3 style=\"text-align: left;\"><span style=\"color: #7a0ecc;\"><em><strong>\u2014 Algunos experimentan s\u00edntomas digestivos.<\/strong><\/em><\/span><\/h3>\n<h3 style=\"text-align: left;\"><span style=\"color: #7a0ecc;\"><em><strong>\u2014 Otros pueden tener dolores de cabeza.<\/strong><\/em><\/span><\/h3>\n<h3 style=\"text-align: left;\"><span style=\"color: #7a0ecc;\"><em><strong>\u2014 Insomnio.<\/strong><\/em><\/span><\/h3>\n<h3 style=\"text-align: left;\"><span style=\"color: #7a0ecc;\"><em><strong>\u2014 Depresi\u00f3n.<\/strong><\/em><\/span><\/h3>\n<h3 style=\"text-align: left;\"><span style=\"color: #7a0ecc;\"><em><strong>\u2014Ira e,<\/strong><\/em><\/span><\/h3>\n<h3 style=\"text-align: left;\"><span style=\"color: #7a0ecc;\"><em><strong>\u2014 Irritabilidad.<\/strong><\/em><\/span><\/h3>\n<\/blockquote>\n<h3><span style=\"color: #800080;\"><em><strong><span style=\"color: #333399;\"><span style=\"color: #7a0ecc;\">Las personas bajo estr\u00e9s cr\u00f3nico<\/span>,<\/span><span style=\"color: #808000;\"> sufren infecciones virales m\u00e1s frecuentes y graves, como la gripe o el resfriado com\u00fan. Las vacunas, como la antigripal, son menos eficaces para ellos.<\/span><\/strong><\/em><\/span><\/h3>\n<h3><span style=\"color: #800080;\"><em><strong><span style=\"color: #333399;\"><span style=\"color: #7a0ecc;\">Algunas personas lidian con el estr\u00e9s de manera m\u00e1s eficaz que otras<\/span>.<\/span> <span style=\"color: #808000;\">Es importante que conozca sus l\u00edmites cuando se trata de estr\u00e9s, con el fin de evitar los efectos m\u00e1s graves de salud.<\/span><\/strong><\/em><\/span><\/h3>\n<h3 style=\"text-align: center;\"><span style=\"color: #800080;\"><em><strong><span style=\"color: #7a0ecc;\">\u2014 Agitaci\u00f3n y\/o Tensi\u00f3n\u2014<\/span><br \/>\n<\/strong><\/em><\/span><\/h3>\n<h3 style=\"text-align: center;\"><span style=\"color: #008080;\"><em><strong><span style=\"color: #808000;\">La agitaci\u00f3n es un estado <span style=\"color: #7a0ecc;\">-DESAGRADABLE-<\/span><\/span><br \/>\n<span style=\"color: #808000;\">de\u00a0emoci\u00f3n o excitaci\u00f3n extrema.!<\/span><\/strong><\/em><\/span><\/h3>\n<h3 style=\"text-align: center;\"><span style=\"color: #7a0ecc;\"><em><strong>Una persona agitada se puede sentir:<\/strong><\/em><\/span><\/h3>\n<h3 style=\"text-align: center;\"><span style=\"text-decoration: underline; color: #7a0ecc;\"><em><strong>EMOCIONADA, EXITADA,<br \/>\nTENSA, CONFUNDIDA O IRRITABLE.<\/strong><\/em><\/span><\/h3>\n<h3 style=\"text-align: left;\"><span style=\"color: #808000;\"><em><strong>Consideraciones:<\/strong><\/em><\/span><\/h3>\n<h3><span style=\"color: #008000;\"><em><strong><span style=\"color: #7a0ecc;\">LA AGITACI\u00d3N,<\/span> <span style=\"color: #808000;\">puede aparecer repentinamente o con el paso del tiempo, y puede durar s\u00f3lo unos cuantos minutos, o semanas e incluso meses. <\/span><\/strong><\/em><\/span><\/h3>\n<h3 style=\"text-align: center;\"><span style=\"text-decoration: underline; color: #7a0ecc;\"><em><strong>EL DOLOR, EL ESTR\u00c9S<br \/>\nY LA FIEBRE, LA PUEDEN INCREMENTAR.<\/strong><\/em><\/span><\/h3>\n<h4><span style=\"color: #808000;\"><em><strong>Es posible que la agitaci\u00f3n por s\u00ed sola, <span style=\"color: #7a0ecc;\">-NO SEA UN SIGNO DE UN PROBLEMA DE SALUD-;<\/span> pero si se presentan\u00a0otros s\u00edntomas, puede ser un signo de una enfermedad.<\/strong><\/em><\/span><\/h4>\n<h4><span style=\"color: #800080;\"><em><strong><span style=\"color: #7a0ecc;\">-LA AGITACI\u00d3N CON UN CAMBIO DE LUCID\u00c9Z MENTAL (alteraci\u00f3n de la conciencia), PUEDE SER UN SIGNO DE DELIRIO-,<\/span><span style=\"color: #808000;\"> que\u00a0tiene una causa m\u00e9dica y<\/span> <span style=\"color: #7a0ecc;\">-DEBE SER ANALIZADO DE INMEDIATO POR UN M\u00c9DICO-.<\/span><\/strong><\/em><\/span><\/h4>\n<h3 id=\"section-1\" class=\"section-body\" style=\"text-align: center;\"><span style=\"color: #808000;\">\u00a0\u2014 <em><strong>CAUSAS \u2014<\/strong><\/em><\/span><\/h3>\n<\/blockquote>\n<h3 style=\"text-align: center;\"><span style=\"color: #bf0bbf;\"><em><strong><span style=\"color: #7a0ecc;\"> Hay muchas causas que provocan agitaci\u00f3n y\/o Tensi\u00f3n.<\/span><br \/>\n<\/strong><\/em><\/span><\/h3>\n<h3 style=\"text-align: center;\"><span style=\"color: #bf0bbf;\"><em><strong><span style=\"color: #808000;\">Algunas de las cuales son:<\/span><br \/>\n<span style=\"color: #7a0ecc;\">Abstinencia\u00a0alcoh\u00f3lica, o intoxicaci\u00f3n con alcohol.<\/span><\/strong><\/em><\/span><\/h3>\n<blockquote>\n<blockquote>\n<h3><span style=\"color: #333399;\"><em><strong><span style=\"color: #808000;\">1.- <\/span><span style=\"color: #7a0ecc;\">Reacci\u00f3n al\u00e9rgica.<\/span><\/strong><\/em><\/span><\/h3>\n<h3><span style=\"color: #333399;\"><em><strong><span style=\"color: #808000;\">2.-<\/span> <span style=\"color: #7a0ecc;\">Intoxicaci\u00f3n con cafe\u00edna.<\/span><\/strong><\/em><\/span><\/h3>\n<h3><span style=\"color: #333399;\"><em><strong><span style=\"color: #808000;\">3.-<\/span> <span style=\"color: #7a0ecc;\">Ciertas formas de cardiopat\u00eda, neumopat\u00eda, hepatopat\u00eda o nefropat\u00eda.<\/span><\/strong><\/em><\/span><\/h3>\n<h3><span style=\"color: #333399;\"><em><strong><span style=\"color: #808000;\">4.- <\/span><span style=\"color: #7a0ecc;\">Intoxicaci\u00f3n o abstinencia del abuso de drogas (como coca\u00edna, marihuana, alucin\u00f3genos, PCP u opi\u00e1ceos).<\/span><\/strong><\/em><\/span><\/h3>\n<h3><span style=\"color: #333399;\"><em><strong><span style=\"color: #808000;\">5.- <\/span><span style=\"color: #7a0ecc;\">Hospitalizaci\u00f3n (los adultos mayores a menudo tienen delirio mientras est\u00e1n en el hospital).<\/span><\/strong><\/em><\/span><\/h3>\n<h3><span style=\"color: #333399;\"><em><strong><span style=\"color: #808000;\">6.- <\/span><span style=\"color: #7a0ecc;\">Gl\u00e1ndula tiroides hiperactiva (hipertiroidismo).<\/span><\/strong><\/em><\/span><\/h3>\n<h3><span style=\"color: #333399;\"><em><strong><span style=\"color: #808000;\">7.-<\/span> <span style=\"color: #7a0ecc;\">Infecci\u00f3n (especialmente en personas de edad avanzada).<\/span><\/strong><\/em><\/span><\/h3>\n<h3><span style=\"color: #333399;\"><em><strong><span style=\"color: #808000;\">8.-<\/span> <span style=\"color: #7a0ecc;\">Abstinencia de nicotina.<\/span><\/strong><\/em><\/span><\/h3>\n<h3><span style=\"color: #333399;\"><em><strong><span style=\"color: #bf0bbf;\"><span style=\"color: #808000;\">9.<\/span>&#8211;<\/span> <span style=\"color: #7a0ecc;\">Intoxicaci\u00f3n (por ejemplo, con mon\u00f3xido de carbono).<\/span><\/strong><\/em><\/span><\/h3>\n<h3><span style=\"color: #333399;\"><em><strong><span style=\"color: #808000;\">10.-<\/span> <span style=\"color: #7a0ecc;\">Algunos medicamentos, incluyendo teofilina, anfetaminas y esteroides.<\/span><\/strong><\/em><\/span><\/h3>\n<h3><span style=\"color: #333399;\"><em><strong><span style=\"color: #808000;\">11.- <\/span><span style=\"color: #7a0ecc;\">Traumatismo.<\/span><\/strong><\/em><\/span><\/h3>\n<h3><span style=\"color: #333399;\"><em><strong><span style=\"color: #808000;\">12.-<\/span> <span style=\"color: #7a0ecc;\">Deficiencia de vitamina B6.<\/span><\/strong><\/em><\/span><\/h3>\n<h3 style=\"text-align: center;\"><span style=\"color: #800080;\"><em><strong><span style=\"text-decoration: underline; color: #7a0ecc;\"><br \/>\nLA AGITACI\u00d3N O TENSI\u00d3N, TAMBI\u00c9N PUEDE OCURRIR CON:<br \/>\n-TRASTORNOS CEREBRALES O DE SALUD MENTAL-,<\/span> <span style=\"color: #7a0ecc;\"><span style=\"color: #808000;\">como<\/span><\/span><span style=\"color: #808000;\">:<\/span><br \/>\n<\/strong><\/em><\/span><\/h3>\n<h3><span style=\"color: #800080;\"><em><strong><span style=\"color: #008000;\"><span style=\"color: #808000;\">1.-<\/span><span style=\"color: #7a0ecc;\"> ANSIEDAD.<\/span><\/span><br \/>\n<\/strong><\/em><\/span><\/h3>\n<h3><span style=\"color: #800080;\"><em><strong><span style=\"color: #008000;\"><span style=\"color: #808000;\">2.-<\/span> <span style=\"color: #7a0ecc;\">DEMENCIA (como la enfermedad de Alzheimer).<\/span><\/span><br \/>\n<\/strong><\/em><\/span><\/h3>\n<h3><span style=\"color: #800080;\"><em><strong><span style=\"color: #008000;\"><span style=\"color: #808000;\">3.-<\/span> <span style=\"color: #7a0ecc;\">DEPRESI\u00d3N.<\/span><\/span><br \/>\n<\/strong><\/em><\/span><\/h3>\n<h3><span style=\"color: #800080;\"><em><strong><span style=\"color: #008000;\"><span style=\"color: #808000;\">4.-<\/span> <span style=\"color: #7a0ecc;\">MAN\u00cdA.<\/span><\/span><br \/>\n<\/strong><\/em><\/span><\/h3>\n<h3><span style=\"color: #800080;\"><em><strong><span style=\"color: #008000;\"><span style=\"color: #808000;\">5.-<\/span> <span style=\"color: #7a0ecc;\">ESQUIZOFRENIA.<\/span><\/span><\/strong><\/em><\/span><\/h3>\n<\/blockquote>\n<h3 style=\"text-align: center;\"><span style=\"color: #7a0ecc;\"><em><strong>\u2014 Cuidados en el hogar \u2014<br \/>\n<span style=\"color: #808000;\">La forma m\u00e1s importante de manejar la agitaci\u00f3n<\/span><br \/>\n<span style=\"color: #808000;\">es encontrar y tratar la causa.<\/span> <\/strong><\/em><\/span><\/h3>\n<\/blockquote>\n<h3 style=\"text-align: center;\"><span style=\"color: #7a0ecc;\"><em><strong><span style=\"text-decoration: underline;\"><span style=\"color: #7a0ecc; text-decoration: underline;\">LA AGITACI\u00d3N PUEDE LLEVAR<\/span><br \/>\n<span style=\"color: #7a0ecc; text-decoration: underline;\">A UN AUMENTO DEL RIESGO DE SUICIDIO Y<\/span><br \/>\n<span style=\"color: #7a0ecc; text-decoration: underline;\">OTRAS FORMAS DE VIOLENCIA.!<\/span><\/span><\/strong><\/em><\/span><\/h3>\n<blockquote>\n<blockquote>\n<h4><span style=\"color: #800080;\"><em><strong><span style=\"color: #808000;\">Despu\u00e9s de tratar la causa, las siguientes medidas<br \/>\npueden reducir la agitaci\u00f3n:<\/span><br \/>\n<\/strong><\/em><\/span><\/h4>\n<h3><span style=\"color: #800080;\"><em><strong><span style=\"color: #bf0bbf;\"><span style=\"color: #7a0ecc;\">1.- <\/span><span style=\"color: #808000;\">Un ambiente de calma.<\/span><\/span><br \/>\n<\/strong><\/em><\/span><\/h3>\n<h3><span style=\"color: #bf0bbf;\"><em><strong><span style=\"color: #7a0ecc;\">2.-<\/span> <span style=\"color: #808000;\">Suficiente iluminaci\u00f3n durante el d\u00eda<\/span><br \/>\n<span style=\"color: #808000;\">y oscuridad en la noche.<\/span><br \/>\n<\/strong><\/em><\/span><\/h3>\n<h3><span style=\"color: #bf0bbf;\"><em><strong><span style=\"color: #7a0ecc;\">3.-<\/span> <span style=\"color: #808000;\">Medicamentos como benzodiazepinas y,<\/span><br \/>\n<span style=\"color: #808000;\">en algunos casos, antipsic\u00f3ticos.<\/span><br \/>\n<\/strong><\/em><\/span><\/h3>\n<h3><span style=\"color: #bf0bbf;\"><em><strong><span style=\"color: #7a0ecc;\">4.-<\/span> <span style=\"color: #808000;\">Dormir bien.<\/span><\/strong><\/em><\/span><\/h3>\n<\/blockquote>\n<h3 style=\"text-align: center;\"><span style=\"text-decoration: underline; color: #333399;\"><em><strong><span style=\"color: #808000; text-decoration: underline;\">EN LA MEDIDA DE LO POSIBLE, <\/span><span style=\"color: #7a0ecc; text-decoration: underline;\"><br \/>\n-NO REFRENE F\u00cdSICAMENTE A UNA PERSONA AGITADA-,<\/span> <span style=\"color: #bf0bbf; text-decoration: underline;\"><br \/>\n<span style=\"color: #7a0ecc; text-decoration: underline;\">YA QUE \u00c9STO POR LO<\/span><br \/>\n<span style=\"color: #7a0ecc; text-decoration: underline;\">REGULAR EMPEORA EL PROBLEMA.!\u00a0<\/span><\/span><\/strong><\/em><\/span><\/h3>\n<h3 style=\"text-align: center;\"><span style=\"text-decoration: underline; color: #333399;\"><em><strong><span style=\"color: #808000; text-decoration: underline;\"><br \/>\n-INMOVILICE-<\/span><span style=\"color: #bf0bbf; text-decoration: underline;\"><br \/>\n<span style=\"color: #7a0ecc; text-decoration: underline;\">SOLO SI LA PERSONA EST\u00c1 EN<\/span><br \/>\n<span style=\"color: #7a0ecc; text-decoration: underline;\">RIESGO DE HACERSE DA\u00d1O O DA\u00d1AR A LOS DEM\u00c1S<\/span><br \/>\n<span style=\"color: #7a0ecc; text-decoration: underline;\">Y NO HAY OTRA MANERA DE CONTROLAR EL COMPORTAMIENTO.!<\/span><\/span><\/strong><\/em><\/span><\/h3>\n<blockquote>\n<h3 style=\"text-align: left;\"><span style=\"color: #808000;\"><em><strong>Cu\u00e1ndo contactar a un profesional m\u00e9dico:<\/strong><\/em><\/span><\/h3>\n<h3 style=\"text-align: center;\"><span style=\"color: #800080;\"><em><strong><span style=\"color: #7a0ecc;\">CONSULTE CON SU M\u00c9DICO EN CASO DE AGITACI\u00d3N:<\/span><br \/>\n<\/strong><\/em><\/span><\/h3>\n<h3><span style=\"color: #800080;\"><em><strong><span style=\"color: #008000;\"><span style=\"color: #808000;\">A) <\/span><span style=\"color: #7a0ecc;\">Que dure por un per\u00edodo de tiempo prolongado.<\/span><\/span><br \/>\n<\/strong><\/em><\/span><\/h3>\n<h3><span style=\"color: #800080;\"><em><strong><span style=\"color: #008000;\"><span style=\"color: #ba38cf;\"><span style=\"color: #808000;\">B)<\/span> <\/span><span style=\"color: #7a0ecc;\">Que sea muy intensa.<\/span><\/span><br \/>\n<\/strong><\/em><\/span><\/h3>\n<h3><span style=\"color: #800080;\"><em><strong><span style=\"color: #008000;\"><span style=\"color: #808000;\">C)<\/span> <span style=\"color: #7a0ecc;\">Que ocurra con pensamientos o acciones para<br \/>\nhacer da\u00f1o a s\u00ed mismo o a los dem\u00e1s.<\/span><\/span><\/strong><\/em><\/span><\/h3>\n<h3><span style=\"color: #800080;\"><em><strong><span style=\"color: #808000;\">D) <\/span><span style=\"color: #7a0ecc;\">Que se\u00a0presente con\u00a0otros s\u00edntomas inexplicables.<\/span><\/strong><\/em><\/span><\/h3>\n<h3 style=\"text-align: left;\"><span style=\"color: #808000;\"><em><strong>Lo que se puede esperar en el consultorio m\u00e9dico.<br \/>\nSu m\u00e9dico tomar\u00e1 su historia cl\u00ednica y le realizar\u00e1 un examen f\u00edsico. <\/strong><\/em><\/span><\/h3>\n<h3 style=\"text-align: center;\"><span style=\"color: #7a0ecc;\"><em><strong>Para entender mejor la agitaci\u00f3n,<br \/>\n<span style=\"color: #7a0ecc;\">el m\u00e9dico puede hacerle preguntas respecto a factores<\/span><br \/>\nrelacionados con este problema.!<\/strong><\/em><\/span><\/h3>\n<\/blockquote>\n<p><em><span style=\"color: #7a0ecc;\">Artista-Izabela Krzyszkowska<\/span><\/em><\/p>\n<p><span style=\"color: #7a0ecc;\"><em><strong>ESPERAMOS ENCUENTRE \u00daTIL ESTA INFORMACI\u00d3N.<\/strong><\/em><\/span><\/p>\n<div id=\"browse-ency\">\n<h4><span style=\"color: #7a0ecc;\"><em><strong>SI USTED EST\u00c1 PENSANDO EN HACERSE DA\u00d1O,<br \/>\nO SI CONOCE A ALGUIEN QUE PODR\u00cdA HACERSE DA\u00d1O,<br \/>\nBUSQUE AYUDA R\u00c1PIDAMENTE\u00a0 Y LLAME A SU M\u00c9DICO.<\/strong><\/em><\/span><\/h4>\n<h4><span style=\"color: #008080;\"><em><strong>NOTA IMPORTANTE.<\/strong><\/em><em><strong><br \/>\nBusque ayuda inmediatamente si:<\/strong><\/em><\/span><br \/>\n<span style=\"color: #008080;\"><em><strong>Se siente abrumado.<\/strong><\/em><\/span><br \/>\n<span style=\"color: #008080;\"><em><strong>\u2028Est\u00e1 pensando en hacerse da\u00f1o o en da\u00f1ar a otra persona.<\/strong><\/em><\/span><br \/>\n<span style=\"color: #008080;\"><em><strong>Es incapaz de controlar su comportamiento.<\/strong><\/em><\/span><br \/>\n<span style=\"color: #008080;\"><em><strong>Tiene otros s\u00edntomas muy angustiantes de trastorno<\/strong><\/em><\/span><br \/>\n<span style=\"color: #008080;\"><em><strong>de estr\u00e9s postraum\u00e1tico.<\/strong><\/em><em><strong><br \/>\nLlame a un familiar, no se quede solo.<br \/>\nLlame a su m\u00e9dico.<\/strong><\/em><\/span><\/h4>\n<h4><span style=\"color: #ff00ff;\"><em><strong>EN CASO NECESARIO:<\/strong><\/em><\/span><br \/>\n<span style=\"color: #ff00ff;\"><em><strong>Llame a su m\u00e9dico.<\/strong><\/em><\/span><br \/>\n<span style=\"color: #ff00ff;\"><em><strong>Llame al 911 para servicios de emergencia\u2028 o vaya<\/strong><\/em><\/span><br \/>\n<span style=\"color: #ff00ff;\"><em><strong>a la sala de emergencias m\u00e1s cercana.<\/strong><\/em><\/span><br \/>\n<span style=\"color: #ff00ff;\"><em><strong>En un caso de emergencia, puede llamar a:<\/strong><\/em><\/span><br \/>\n<span style=\"color: #ff00ff;\"><em><strong>SAPTEL \u201cSistema Nacional de Apoyo, Consejo \u2028Psicol\u00f3gico<\/strong><\/em><\/span><br \/>\n<span style=\"color: #ff00ff;\"><em><strong>e Intervenci\u00f3n en Crisis por Tel\u00e9fono\u201d<\/strong><\/em><\/span><br \/>\n<span style=\"color: #ff00ff;\"><em><strong>(Cruz Roja Mexicana\u2013 24 Hrs.) sin costo<\/strong><\/em><\/span><\/h4>\n<\/div>\n<h4><span style=\"color: #ff00ff;\"><em><strong>SAPTEL<\/strong><\/em><\/span><br \/>\n<span style=\"color: #ff00ff;\"><em><strong>Av<span style=\"color: #ff00ff;\"> M\u00e9xico #37, Hip\u00f3dromo,<\/span><\/strong><\/em><\/span><br \/>\n<span style=\"color: #ff00ff;\"><em><strong>Cuauht\u00e9moc, Ciudad de M\u00e9xico.<\/strong><\/em><\/span><br \/>\n<span style=\"color: #ff00ff;\"><em><strong>Tel\u00e9fono:(55) 52598121<br \/>\nE-mail: <a class=\"col1\" style=\"color: #ff00ff;\" href=\"https:\/\/www.saptel.org.mx\/contacto.html#\">saptel.crlyc@gmail.com<\/a><\/strong><\/em><\/span><\/h4>\n<p><span style=\"color: #808000;\"><em>Referencias:<\/em><\/span><br \/>\n<span style=\"color: #808000;\"><em> American Psychiatric Association. Diagnostic and statistical manual of mental disorders. 5th ed. Arlington, VA: American Psychiatric Publishing; 2013.<\/em><\/span><\/p><\/blockquote>\n<\/blockquote>\n","protected":false},"excerpt":{"rendered":"<p>Todo el mundo se siente -ESTRESADO- de vez en cuando. Sin embargo, NO todo el -ESTR\u00c9S- es malo.! Tambi\u00e9n los animales tienen una respuesta de estr\u00e9s, que puede salvarles la vida. Pero el estr\u00e9s cr\u00f3nico puede causar da\u00f1o tanto f\u00edsico como mental.! Hay por lo menos tres diferentes tipos de estr\u00e9s: 1.- Estr\u00e9s rutinario: relacionado [&hellip;]<\/p>\n","protected":false},"author":2,"featured_media":0,"parent":0,"menu_order":0,"comment_status":"closed","ping_status":"closed","template":"","meta":[],"_links":{"self":[{"href":"https:\/\/www.ceadin.org\/b\/wp-json\/wp\/v2\/pages\/3627"}],"collection":[{"href":"https:\/\/www.ceadin.org\/b\/wp-json\/wp\/v2\/pages"}],"about":[{"href":"https:\/\/www.ceadin.org\/b\/wp-json\/wp\/v2\/types\/page"}],"author":[{"embeddable":true,"href":"https:\/\/www.ceadin.org\/b\/wp-json\/wp\/v2\/users\/2"}],"replies":[{"embeddable":true,"href":"https:\/\/www.ceadin.org\/b\/wp-json\/wp\/v2\/comments?post=3627"}],"version-history":[{"count":0,"href":"https:\/\/www.ceadin.org\/b\/wp-json\/wp\/v2\/pages\/3627\/revisions"}],"wp:attachment":[{"href":"https:\/\/www.ceadin.org\/b\/wp-json\/wp\/v2\/media?parent=3627"}],"curies":[{"name":"wp","href":"https:\/\/api.w.org\/{rel}","templated":true}]}}