{"id":3599,"date":"2017-08-11T23:49:54","date_gmt":"2017-08-11T23:49:54","guid":{"rendered":"http:\/\/www.ceadin.org\/b\/?page_id=3599"},"modified":"2023-06-05T17:12:34","modified_gmt":"2023-06-05T17:12:34","slug":"depredador-emocional","status":"publish","type":"page","link":"https:\/\/www.ceadin.org\/b\/depredador-emocional\/","title":{"rendered":"Depredador emocional"},"content":{"rendered":"<blockquote>\n<h3 style=\"text-align: center;\"><span style=\"color: #0000ff;\"><em><strong><br \/>\n<span style=\"color: #e03f09;\"><span style=\"color: #808000;\">C\u00f3mo identificar a un:<\/span><br \/>\n\u2014 DEPREDADOR EMOCIONAL \u2014<a href=\"http:\/\/www.ceadin.org\/b\/wp-content\/uploads\/2023\/01\/COLLAGE-7fc948fef6437f43af5851fcf2e3ad67.jpg\"><img decoding=\"async\" loading=\"lazy\" class=\"size-full wp-image-7127 aligncenter\" src=\"http:\/\/www.ceadin.org\/b\/wp-content\/uploads\/2023\/01\/COLLAGE-7fc948fef6437f43af5851fcf2e3ad67.jpg\" alt=\"\" width=\"800\" height=\"1422\" srcset=\"https:\/\/www.ceadin.org\/b\/wp-content\/uploads\/2023\/01\/COLLAGE-7fc948fef6437f43af5851fcf2e3ad67.jpg 800w, https:\/\/www.ceadin.org\/b\/wp-content\/uploads\/2023\/01\/COLLAGE-7fc948fef6437f43af5851fcf2e3ad67-169x300.jpg 169w, https:\/\/www.ceadin.org\/b\/wp-content\/uploads\/2023\/01\/COLLAGE-7fc948fef6437f43af5851fcf2e3ad67-576x1024.jpg 576w, https:\/\/www.ceadin.org\/b\/wp-content\/uploads\/2023\/01\/COLLAGE-7fc948fef6437f43af5851fcf2e3ad67-768x1365.jpg 768w, https:\/\/www.ceadin.org\/b\/wp-content\/uploads\/2023\/01\/COLLAGE-7fc948fef6437f43af5851fcf2e3ad67-619x1100.jpg 619w\" sizes=\"(max-width: 800px) 100vw, 800px\" \/><\/a><\/span><\/strong><\/em><\/span><span style=\"color: #808000;\"><em><strong>El depredador emocional no es<br \/>\ntan invisible como parece, tambi\u00e9n comete errores que se<br \/>\npueden percibir si abrimos los ojos.!<\/strong><\/em><\/span><\/h3>\n<h3 class=\"author-info\" style=\"text-align: center;\"><span style=\"color: #e03f09;\"><em><strong>Los depredadores humanos<br \/>\nvan por las personas m\u00e1s apetitosas<\/strong>.!<\/em><\/span><\/h3>\n<blockquote>\n<blockquote>\n<h3><span style=\"color: #808000;\"><em><strong>Sus objetivos son aquellas<br \/>\n<\/strong><\/em><em><strong> personas que tienen las caracter\u00edsticas que envidian:<\/strong><\/em><\/span><span style=\"color: #800080;\"><em><strong><br \/>\n<\/strong><\/em><\/span><\/h3>\n<blockquote>\n<h3><span style=\"color: #e03f09;\"><em><strong>1.<\/strong><\/em><em><strong><em>&#8211;<\/em> La amabilidad<br \/>\n<\/strong><\/em><\/span><\/h3>\n<h3><span style=\"color: #e03f09;\"><em><strong>2.- El carisma<br \/>\n<\/strong><\/em><\/span><\/h3>\n<h3><span style=\"color: #e03f09;\"><em><strong>3.- La fuerza de voluntad.<br \/>\n<\/strong><\/em><\/span><\/h3>\n<h3><span style=\"color: #e03f09;\"><em><strong>4.- Personas felices que han tenido la<br \/>\ndesgracia de cruzarse en su camino.<\/strong><\/em><\/span><\/h3>\n<\/blockquote>\n<h3><span style=\"color: #808000;\"><em><strong>Habitualmente consiguen cobijo en este tipo de personas, se arriman a un buen \u00e1rbol no para resguardarse, sino para alimentarse de \u00e9l hasta que muere y pierde su esencia. <\/strong><\/em><\/span><\/h3>\n<h3 style=\"text-align: center;\"><span style=\"color: #808000;\"><em><strong>Cuando deja de parecer hermoso,<br \/>\nbuscan otro, sin pena ni dolor por la belleza que han estropeado.<\/strong><\/em><\/span><\/h3>\n<h3 style=\"text-align: center;\"><span style=\"color: #e03f09;\"><em><strong>El depredador emocional consume la<\/strong><\/em><\/span><br \/>\n<span style=\"color: #e03f09;\"><em><strong> energ\u00eda de aquellas personas de las que buscan alimentarse.<\/strong><\/em><\/span><\/h3>\n<h3><span style=\"color: #808000;\"><em><strong>Sin embargo, el sentimiento de culpa puede no ser del todo ajeno a ellos y esto es, quiz\u00e1s, lo m\u00e1s peligroso ya que de vez en cuando tienen alg\u00fan gesto sincero de bondad intentando reparar la infelicidad que siembran. Sin embargo, esto no hace m\u00e1s que hacer dificultosa su identificaci\u00f3n.<\/strong><\/em><\/span><\/h3>\n<\/blockquote>\n<h3 style=\"text-align: center;\"><span style=\"color: #e03f09;\"><em><strong>El depredador emocional<br \/>\nse encuentra cerca de nosotros.!<\/strong><\/em><\/span><\/h3>\n<blockquote>\n<h4><span style=\"color: #008000;\"><em><span style=\"color: #0000ff;\"><strong><span style=\"color: #808000;\">Este <\/span><span style=\"color: #e03f09;\">-ABUSO EMOCIONAL-<\/span> <span style=\"color: #808000;\">se da especialmente en entornos cercanos:<\/span><span style=\"color: #e03f09;\"> -PAREJA, FAMILIARES, AMIGOS, etc-<\/span><\/strong><\/span><span style=\"color: #e03f09;\">.<\/span><strong><span style=\"color: #808000;\">Son las personas que el depredador conoce mejor y que por lo tanto, puede manipular m\u00e1s f\u00e1cilmente: <\/span><span style=\"color: #e03f09;\">-Se aprovecha de la confianza inherente a los lazos que le unen a estas personas, para dejarlas sin aliento emocional..<\/span><\/strong><\/em><\/span><\/h4>\n<h4><span style=\"color: #008000;\"><em><strong><span style=\"text-decoration: underline; color: #0000ff;\"><a style=\"color: #0000ff; text-decoration: underline;\" href=\"http:\/\/www.ceadin.org\/b\/ante-las-criticas\/\"><span style=\"color: #e03f09; text-decoration: underline;\">LA CRIT\u00cdCA FEROZMENTE ver\u00bb<\/span><\/a><\/span><span style=\"color: #808000;\">, y en los lugares en los que m\u00e1s da\u00f1o hace, intenta que se conviertan en personas dependientes, para luego retirarles su apoyo, no valorar lo positivo que realizan, y<\/span> <span style=\"color: #e03f09;\">-recordarles constantemente los errores que han cometido en el pasado y utilizar el chantaje emocional, son algunas de las herramientas que saben manejar a la perfecci\u00f3n y que no les causan ning\u00fan remordimiento de conciencia-.<\/span><\/strong><\/em><\/span><\/h4>\n<h3 id=\"div-gpt-ad-1459524187344-0\" style=\"text-align: center;\" data-google-query-id=\"CIfPv-fZytUCFQ6uAQodon0MVA\"><span style=\"color: #008000;\"><em><strong><span style=\"color: #808000;\">Para conseguir su prop\u00f3sito necesitan dos condiciones: <\/span><span style=\"color: #0000ff;\"><br \/>\n<span style=\"color: #e03f09;\">-CERCAN\u00cdA Y TIEMPO-<\/span><\/span><\/strong><\/em><\/span><\/h3>\n<blockquote>\n<h3><span style=\"color: #e03f09;\"><em><strong>CERCAN\u00cdA:<\/strong><\/em><\/span><span style=\"color: #008000;\"><em><strong><span style=\"color: #087f96;\"><br \/>\n<span style=\"color: #808000;\">Para establecer lazos que tengan la consistencia suficiente como para poder hacer fuerza sobre ellos, y guiar al otro en la direcci\u00f3n que les interesa.<\/span><\/span><\/strong><\/em><\/span><\/h3>\n<h3 data-google-query-id=\"CIfPv-fZytUCFQ6uAQodon0MVA\"><span style=\"color: #008000;\"><em><strong><span style=\"color: #0000ff;\"><span style=\"color: #e03f09;\">TIEMPO:<\/span><\/span><br \/>\n<span style=\"color: #808000;\">Para que la empat\u00eda de la otra persona act\u00fae a su favor.<\/span><\/strong><\/em><\/span><\/h3>\n<h3 class=\"quote-text\" style=\"text-align: center;\"><span style=\"color: #e03f09;\"><em><strong>El depredador emocional<br \/>\nes un manipulador en potencia.!<\/strong><\/em><\/span><\/h3>\n<\/blockquote>\n<h4 class=\"post-to-twitter\"><span style=\"color: #008000;\"><em><strong><span style=\"color: #e03f09;\">HAY DE TODAS LAS EDADES Y DE TODOS LOS SEXOS. <\/span><span style=\"color: #087f96;\"><br \/>\n<span style=\"color: #808000;\">Los depredadores son personas normales, nunca son l\u00edderes y evitan llamar la atenci\u00f3n en entornos sociales que no controlan.<\/span><\/span> <span style=\"color: #e03f09;\">Por el contrario, en entornos que s\u00ed controlan utilizan todo su poder y astucia para satisfacer su necesidad de acci\u00f3n manipuladora.<\/span><\/strong><\/em><\/span><\/h4>\n<h4 class=\"post-to-twitter\"><span style=\"color: #008000;\"><em><strong><span style=\"color: #0000ff;\"><span style=\"color: #e03f09;\">LOS HAY PELIGROSOS, Y MUY PELIGROSOS.<\/span><\/span><br \/>\n<span style=\"color: #808000;\">Cuanto m\u00e1s cercanos y m\u00e1s enmascarados o encubiertos, m\u00e1s aumenta su da\u00f1o potencial. Se sienten profundamente inferiores, utilizan un mecanismo compensatorio que habitualmente<\/span> <span style=\"color: #e03f09;\">-se basa en la grandilocuencia, la soberbia y arrogancia-.<\/span><\/strong><\/em><\/span><\/h4>\n<h3 style=\"text-align: center;\"><span style=\"color: #e03f09;\"><em><strong>A la v\u00edctima la manejan, y la humillan de<br \/>\nmanera sutil y sin que el entorno com\u00fan lo entienda como tal.! <\/strong><\/em><\/span><\/h3>\n<h3 style=\"text-align: center;\"><span style=\"color: #008000;\"><em><strong><span style=\"color: #808000;\">Siempre son capaces de crear<br \/>\nuna versi\u00f3n de los acontecimientos en la que <\/span><span style=\"color: #e03f09;\"><br \/>\n-Aparecen como buenos o v\u00edctimas y nunca como causantes de mal-<\/span><\/strong><\/em><\/span><\/h3>\n<h4><span style=\"color: #008000;\"><em><strong><span style=\"color: #808000;\">Son los que sufren las consecuencias de que la otra persona sea una in\u00fatil, de que se equivoque constantemente<\/span> <span style=\"color: #e03f09;\">-y son los m\u00e1rtires que est\u00e1n siempre ah\u00ed para corregir los errores de los dem\u00e1s-.<\/span><span style=\"color: #808000;\"> Se encargan de argumentar s\u00f3lidamente esta versi\u00f3n y de gritarla a los cuatro vientos, de manera que los dem\u00e1s se conviertan en propagadores de sus virtudes.<\/span><\/strong><\/em><\/span><\/h4>\n<h4><span style=\"color: #008000;\"><em><strong><span style=\"color: #808000;\">En una disputa solamente ceden cuando entienden que de esa concesi\u00f3n van a poder sacar un beneficio mayor. Se lo guardan para decir en un futuro<\/span><span style=\"color: #e03f09;\"> -Te acuerdas cuando\u2026.ahora te toca a ti-<\/span> <span style=\"color: #808000;\">y lo que te toca a ti, suele ser una concesi\u00f3n mucho m\u00e1s grande que la anterior.<\/span><\/strong><\/em><\/span><\/h4>\n<h4><span style=\"color: #008000;\"><em><strong><span style=\"color: #808000;\">Adem\u00e1s, nunca provocan una confrontaci\u00f3n directa, y cuando hay algo que les molesta,<\/span><span style=\"color: #e03f09;\"> -lo guardan para echarlo en cara y utilizarlo en la ocasi\u00f3n apropiada-, <\/span><span style=\"color: #808000;\">normalmente para conseguir algo, o para que la otra persona le perdone un error a\u00fan mayor.<\/span><\/strong><\/em><\/span><\/h4>\n<h3 style=\"text-align: center;\"><span style=\"color: #e03f09;\"><em><strong><span style=\"color: #e03f09;\">El depredador emocional<\/span><br \/>\n<span style=\"color: #e03f09;\">a veces no se da cuenta de c\u00f3mo est\u00e1 actuando.<\/span>!<\/strong><\/em><\/span><\/h3>\n<h4 class=\"post-to-twitter\"><span style=\"color: #808000;\"><em><strong>Este tipo de personas muchas veces tienen tan integrado su comportamiento que no se dan cuenta de que lo llevan a cabo, y han puesto en pr\u00e1ctica sus estrategias tantas veces que las tienen pr\u00e1cticamente automatizadas. <\/strong><\/em><\/span><\/h4>\n<h4 class=\"post-to-twitter\"><span style=\"color: #0000ff;\"><em><strong><span style=\"color: #808000;\">Adem\u00e1s, este tipo de personas <\/span><span style=\"color: #e03f09;\">-nunca son felices y arrastran su propio sufrimiento-,<\/span> <span style=\"color: #808000;\">son muy racionales y muy pocas veces sienten de verdad.<\/span><\/strong><\/em><\/span><\/h4>\n<h3 style=\"text-align: center;\"><span style=\"color: #008000;\"><em><strong><span style=\"color: #e03f09;\">Cuidado con estos grandes actores<\/span><br \/>\n<span style=\"color: #e03f09;\">porque a diferencia de los del teatro o las pel\u00edculas,<\/span><br \/>\n<span style=\"color: #e03f09;\">son capaces de causar heridas muy profundas.<\/span><\/strong><\/em><\/span><\/h3>\n<h3 style=\"text-align: center;\"><span style=\"color: #808000;\"><em><strong>De tu habilidad para<br \/>\nidentificarlos, va a depender el que no te atrapen, ni atrapen<br \/>\na ninguna de las personas a las que quieres.!<\/strong><\/em><\/span><\/h3>\n<p><span style=\"color: #808000;\"><em>Artista-Collage<\/em><\/span><\/p>\n<p><span style=\"color: #808000;\"><em><a href=\"http:\/\/www.ceadin.org\/b\/wp-content\/uploads\/2023\/06\/VIOLENTOMETRO-614x1024-1.jpg\"><img decoding=\"async\" loading=\"lazy\" class=\"alignleft wp-image-7330\" src=\"http:\/\/www.ceadin.org\/b\/wp-content\/uploads\/2023\/06\/VIOLENTOMETRO-614x1024-1.jpg\" alt=\"\" width=\"200\" height=\"334\" srcset=\"https:\/\/www.ceadin.org\/b\/wp-content\/uploads\/2023\/06\/VIOLENTOMETRO-614x1024-1.jpg 614w, https:\/\/www.ceadin.org\/b\/wp-content\/uploads\/2023\/06\/VIOLENTOMETRO-614x1024-1-180x300.jpg 180w\" sizes=\"(max-width: 200px) 100vw, 200px\" \/><\/a><\/em><\/span><\/p><\/blockquote>\n<p>&nbsp;<\/p>\n<p>&nbsp;<\/p>\n<p>&nbsp;<\/p>\n<p><a href=\"http:\/\/www.ceadin.org\/b\/wp-content\/uploads\/2023\/06\/Depredador-emocional-.png\"><img decoding=\"async\" loading=\"lazy\" class=\"alignright size-full wp-image-7357\" src=\"http:\/\/www.ceadin.org\/b\/wp-content\/uploads\/2023\/06\/Depredador-emocional-.png\" alt=\"\" width=\"1199\" height=\"1165\" srcset=\"https:\/\/www.ceadin.org\/b\/wp-content\/uploads\/2023\/06\/Depredador-emocional-.png 1199w, https:\/\/www.ceadin.org\/b\/wp-content\/uploads\/2023\/06\/Depredador-emocional--300x291.png 300w, https:\/\/www.ceadin.org\/b\/wp-content\/uploads\/2023\/06\/Depredador-emocional--1024x995.png 1024w, https:\/\/www.ceadin.org\/b\/wp-content\/uploads\/2023\/06\/Depredador-emocional--768x746.png 768w, https:\/\/www.ceadin.org\/b\/wp-content\/uploads\/2023\/06\/Depredador-emocional--619x601.png 619w\" sizes=\"(max-width: 1199px) 100vw, 1199px\" \/><\/a><\/p><\/blockquote>\n<\/blockquote>\n<p>&nbsp;<\/p>\n<p>&nbsp;<\/p>\n<p>&nbsp;<\/p>\n<p>&nbsp;<\/p>\n<blockquote>\n<blockquote>\n<h4><\/h4>\n<h4><\/h4>\n<h4><\/h4>\n<h4><\/h4>\n<h4><\/h4>\n<h4><\/h4>\n<h4><\/h4>\n<h4><\/h4>\n<h4><\/h4>\n<h4><\/h4>\n<h4><\/h4>\n<h4><\/h4>\n<h4><\/h4>\n<h4><\/h4>\n<h4><\/h4>\n<h4><span style=\"color: #0000ff;\"><strong><em>REFUGIOS PARA MUJERES MALTRATADAS:<\/em><\/strong><\/span><\/h4>\n<p><span style=\"color: #0000ff;\"><a style=\"color: #0000ff;\" href=\"https:\/\/www.google.com\/search?q=refugio+para+mujeres+maltratadas+cdmx&amp;tbm=isch&amp;ved=2ahUKEwim2emEocX8AhWeNN4AHVKMATYQ2-cCegQIABAA&amp;oq=refugio+para+mujeres+maltratadas&amp;gs_lcp=CgNpbWcQARgBMgQIIxAnMgQIIxAnMgUIABCABDIGCAAQBRAeMgcIABCABBAYMgcIABCABBAYMgcIABCABBAYMgcIABCABBAYMgcIABCABBAYMgcIABCABBAYUM07WM07YJtbaABwAHgAgAFsiAGvAZIBAzEuMZgBAKABAaoBC2d3cy13aXotaW1nwAEB&amp;sclient=img&amp;ei=9K3BY6aPKJ7p-LYP0piGsAM&amp;bih=900&amp;biw=1358&amp;client=firefox-b-d#imgrc=RHqOeZOnDbhVHM\"><strong><em>refugio para mujeres maltratadas cdmx<\/em><\/strong><\/a><\/span><\/p>\n<p><span style=\"color: #0000ff;\"><em><strong><a style=\"color: #0000ff;\" href=\"https:\/\/www.google.com\/search?q=refugio+para+mujeres+maltratadas+en+queretaro&amp;tbm=isch&amp;ved=2ahUKEwixuPCzosX8AhUf6MkDHd3iC7IQ2-cCegQIABAA&amp;oq=refugio+para+mujeres+maltratadas+&amp;gs_lcp=CgNpbWcQARgEMgQIIxAnMgQIIxAnMgQIABAeMgYIABAFEB4yBwgAEIAEEBgyBwgAEIAEEBgyBwgAEIAEEBgyBwgAEIAEEBgyBwgAEIAEEBgyBwgAEIAEEBhQ8MIDWPDCA2DQ2wNoAHAAeACAAWyIAfgBkgEDMi4xmAEAoAEBqgELZ3dzLXdpei1pbWfAAQE&amp;sclient=img&amp;ei=Y6_BY_H6Lp_Qp84P3cWvkAs&amp;bih=900&amp;biw=1358&amp;client=firefox-b-d\">refugio para mujeres maltratadas en queretaro<\/a><\/strong><\/em><\/span><\/p>\n<p><span style=\"color: #0000ff;\"><em><strong><a style=\"color: #0000ff;\" href=\"https:\/\/www.google.com\/search?q=refugio+para+mujeres+maltratadas+en+morelia&amp;tbm=isch&amp;ved=2ahUKEwiKkrWTosX8AhUY58kDHdgRClcQ2-cCegQIABAA&amp;oq=refugio+para+mujeres+maltratadas+en+morelia&amp;gs_lcp=CgNpbWcQARgAMgQIIxAnUABYAGCYEmgAcAB4AIABRogBRpIBATGYAQCqAQtnd3Mtd2l6LWltZ8ABAQ&amp;sclient=img&amp;ei=H6_BY8qGKpjOp84P2KOouAU&amp;bih=900&amp;biw=1358&amp;client=firefox-b-d\">refugio para mujeres maltratadas en morelia<\/a><\/strong><\/em><\/span><\/p>\n<p><span style=\"color: #0000ff;\"><em><strong><a style=\"color: #0000ff;\" href=\"https:\/\/www.google.com\/search?q=refugio+para+mujeres+maltratadas+en+tijuana&amp;tbm=isch&amp;ved=2ahUKEwi0rsXzosX8AhWX8ckDHZmDAqAQ2-cCegQIABAA&amp;oq=refugio+para+mujeres+maltratadas+&amp;gs_lcp=CgNpbWcQARgFMgQIIxAnMgQIIxAnMgQIABAeMgYIABAFEB4yBwgAEIAEEBgyBwgAEIAEEBgyBwgAEIAEEBgyBwgAEIAEEBgyBwgAEIAEEBgyBwgAEIAEEBhQl6sGWJerBmCfyQZoAnAAeACAAU6IAdYBkgEBM5gBAKABAaoBC2d3cy13aXotaW1nwAEB&amp;sclient=img&amp;ei=6a_BY_SVEZfjp84PmYeKgAo&amp;bih=900&amp;biw=1358&amp;client=firefox-b-d\">refugio para mujeres maltratadas en tijuana<\/a><\/strong><\/em><\/span><\/p>\n<p><span style=\"color: #0000ff;\"><em><strong><a style=\"color: #0000ff;\" href=\"https:\/\/www.google.com\/search?q=refugio+para+mujeres+maltratadas+monterrey&amp;tbm=isch&amp;ved=2ahUKEwiBmJqoo8X8AhWz0MkDHXcaAocQ2-cCegQIABAA&amp;oq=refugio+para+mujeres+maltratadas+&amp;gs_lcp=CgNpbWcQARgGMgQIIxAnMgQIIxAnMgQIABAeMgYIABAFEB4yBwgAEIAEEBgyBwgAEIAEEBgyBwgAEIAEEBgyBwgAEIAEEBgyBwgAEIAEEBgyBwgAEIAEEBhQrrwCWK68AmD61QJoAXAAeACAAU6IAeABkgEBM5gBAKABAaoBC2d3cy13aXotaW1nwAEB&amp;sclient=img&amp;ei=V7DBY8GQLLOhp84P97SIuAg&amp;bih=900&amp;biw=1358&amp;client=firefox-b-d\">refugio para mujeres maltratadas monterrey<\/a><\/strong><\/em><\/span><\/p>\n<p><span style=\"color: #0000ff;\"><em><strong><a style=\"color: #0000ff;\" href=\"https:\/\/www.google.com\/search?q=refugio+para+mujeres+maltratadas+en+chihuahua&amp;tbm=isch&amp;ved=2ahUKEwiMuJa_o8X8AhV05skDHcgNDM4Q2-cCegQIABAA&amp;oq=refugio+para+mujeres+maltratadas+&amp;gs_lcp=CgNpbWcQARgHMgQIIxAnMgQIIxAnMgQIABAeMgYIABAFEB4yBwgAEIAEEBgyBwgAEIAEEBgyBwgAEIAEEBgyBwgAEIAEEBgyBwgAEIAEEBgyBwgAEIAEEBhQ7rwCWO68AmCW2gJoAnAAeACAAVyIAZ4BkgEBMpgBAKABAaoBC2d3cy13aXotaW1nwAEB&amp;sclient=img&amp;ei=h7DBY8zYNvTMp84PyJuw8Aw&amp;bih=900&amp;biw=1358&amp;client=firefox-b-d\">refugio para mujeres maltratadas en chihuahua<\/a><\/strong><\/em><\/span><\/p>\n<p><span style=\"color: #0000ff;\"><em><strong><a style=\"color: #0000ff;\" href=\"https:\/\/www.google.com\/search?q=refugio+para+mujeres+maltratadas+en+merida+yucatan&amp;tbm=isch&amp;ved=2ahUKEwj56v_Vo8X8AhXb8ckDHTztAkQQ2-cCegQIABAA&amp;oq=refugio+para+mujeres+maltratadas&amp;gs_lcp=CgNpbWcQARgIMgQIIxAnMgQIIxAnMgUIABCABDIGCAAQBRAeMgcIABCABBAYMgcIABCABBAYMgcIABCABBAYMgcIABCABBAYMgcIABCABBAYMgcIABCABBAYUP7YAlj-2AJgr_wCaAFwAHgAgAFYiAHwAZIBATOYAQCgAQGqAQtnd3Mtd2l6LWltZ8ABAQ&amp;sclient=img&amp;ei=t7DBY7mzLtvjp84PvNqLoAQ&amp;bih=900&amp;biw=1358&amp;client=firefox-b-d\">refugio para mujeres maltratadas en merida yucatan<\/a><\/strong><\/em><\/span><\/p>\n<p><span style=\"color: #0000ff;\"><em><strong><a style=\"color: #0000ff;\" href=\"https:\/\/www.google.com\/search?q=refugio+para+mujeres+maltratadas+en+aguascalientes&amp;tbm=isch&amp;ved=2ahUKEwj8ocTvo8X8AhV05skDHZbxDXsQ2-cCegQIABAA&amp;oq=refugio+para+mujeres+maltratadas&amp;gs_lcp=CgNpbWcQARgJMgQIIxAnMgQIIxAnMgUIABCABDIGCAAQBRAeMgcIABCABBAYMgcIABCABBAYMgcIABCABBAYMgcIABCABBAYMgcIABCABBAYMgcIABCABBAYUMLDAljCwwJgl_ICaAFwAHgAgAFaiAHvAZIBATOYAQCgAQGqAQtnd3Mtd2l6LWltZ8ABAQ&amp;sclient=img&amp;ei=7bDBY7z3EvTMp84PluO32Ac&amp;bih=900&amp;biw=1358&amp;client=firefox-b-d\">refugio para mujeres maltratadas en aguascalientes<\/a><\/strong><\/em><\/span><\/p>\n<h4><span style=\"color: #008080;\"><em><strong>NOTA IMPORTANTE.<\/strong><\/em><em><strong><br \/>\nBusque ayuda inmediatamente si:<\/strong><\/em><\/span><br \/>\n<span style=\"color: #008080;\"><em><strong>Se siente abrumado.<\/strong><\/em><\/span><br \/>\n<span style=\"color: #008080;\"><em><strong>\u2028Est\u00e1 pensando en hacerse da\u00f1o o en da\u00f1ar a otra persona.<\/strong><\/em><\/span><br \/>\n<span style=\"color: #008080;\"><em><strong>Es incapaz de controlar su comportamiento.<\/strong><\/em><\/span><br \/>\n<span style=\"color: #008080;\"><em><strong>Tiene otros s\u00edntomas muy angustiantes de trastorno<\/strong><\/em><\/span><br \/>\n<span style=\"color: #008080;\"><em><strong>de estr\u00e9s postraum\u00e1tico.<\/strong><\/em><em><strong><br \/>\nLlame a un familiar, no se quede solo.<br \/>\nLlame a su m\u00e9dico.<\/strong><\/em><\/span><\/h4>\n<h4><span style=\"color: #ff00ff;\"><em><strong>EN CASO NECESARIO:<\/strong><\/em><\/span><br \/>\n<span style=\"color: #ff00ff;\"><em><strong>Llame a su m\u00e9dico.<\/strong><\/em><\/span><br \/>\n<span style=\"color: #ff00ff;\"><em><strong>Llame al 911 para servicios de emergencia\u2028 o vaya<\/strong><\/em><\/span><br \/>\n<span style=\"color: #ff00ff;\"><em><strong>a la sala de emergencias m\u00e1s cercana.<\/strong><\/em><\/span><br \/>\n<span style=\"color: #ff00ff;\"><em><strong>En un caso de emergencia, puede llamar a:<\/strong><\/em><\/span><br \/>\n<span style=\"color: #ff00ff;\"><em><strong>SAPTEL \u201cSistema Nacional de Apoyo, Consejo \u2028Psicol\u00f3gico<\/strong><\/em><\/span><br \/>\n<span style=\"color: #ff00ff;\"><em><strong>e Intervenci\u00f3n en Crisis por Tel\u00e9fono\u201d<\/strong><\/em><\/span><br \/>\n<span style=\"color: #ff00ff;\"><em><strong>(Cruz Roja Mexicana\u2013 24 Hrs.) sin costo<\/strong><\/em><\/span><\/h4>\n<h4><span style=\"color: #ff00ff;\"><em><strong>SAPTEL<\/strong><\/em><\/span><br \/>\n<span style=\"color: #ff00ff;\"><em><strong>Av M\u00e9xico #37, Hip\u00f3dromo,<\/strong><\/em><\/span><br \/>\n<span style=\"color: #ff00ff;\"><em><strong>Cuauht\u00e9moc, Ciudad de M\u00e9xico.<\/strong><\/em><\/span><br \/>\n<span style=\"color: #ff00ff;\"><em><strong>Tel\u00e9fono:(55) 52598121<br \/>\nE-mail: <a class=\"col1\" style=\"color: #ff00ff;\" href=\"https:\/\/www.saptel.org.mx\/contacto.html#\">saptel.crlyc@gmail.com<\/a><\/strong><\/em><\/span><\/h4>\n<\/blockquote>\n<\/blockquote>\n","protected":false},"excerpt":{"rendered":"<p>C\u00f3mo identificar a un: \u2014 DEPREDADOR EMOCIONAL \u2014El depredador emocional no es tan invisible como parece, tambi\u00e9n comete errores que se pueden percibir si abrimos los ojos.! Los depredadores humanos van por las personas m\u00e1s apetitosas.! Sus objetivos son aquellas personas que tienen las caracter\u00edsticas que envidian: 1.&#8211; La amabilidad 2.- El carisma 3.- La [&hellip;]<\/p>\n","protected":false},"author":2,"featured_media":0,"parent":0,"menu_order":0,"comment_status":"closed","ping_status":"closed","template":"","meta":[],"_links":{"self":[{"href":"https:\/\/www.ceadin.org\/b\/wp-json\/wp\/v2\/pages\/3599"}],"collection":[{"href":"https:\/\/www.ceadin.org\/b\/wp-json\/wp\/v2\/pages"}],"about":[{"href":"https:\/\/www.ceadin.org\/b\/wp-json\/wp\/v2\/types\/page"}],"author":[{"embeddable":true,"href":"https:\/\/www.ceadin.org\/b\/wp-json\/wp\/v2\/users\/2"}],"replies":[{"embeddable":true,"href":"https:\/\/www.ceadin.org\/b\/wp-json\/wp\/v2\/comments?post=3599"}],"version-history":[{"count":0,"href":"https:\/\/www.ceadin.org\/b\/wp-json\/wp\/v2\/pages\/3599\/revisions"}],"wp:attachment":[{"href":"https:\/\/www.ceadin.org\/b\/wp-json\/wp\/v2\/media?parent=3599"}],"curies":[{"name":"wp","href":"https:\/\/api.w.org\/{rel}","templated":true}]}}