{"id":3598,"date":"2017-08-10T01:28:09","date_gmt":"2017-08-10T01:28:09","guid":{"rendered":"http:\/\/www.ceadin.org\/b\/?page_id=3598"},"modified":"2023-06-03T20:21:31","modified_gmt":"2023-06-03T20:21:31","slug":"hay-maltratos","status":"publish","type":"page","link":"https:\/\/www.ceadin.org\/b\/hay-maltratos\/","title":{"rendered":"Hay maltratos"},"content":{"rendered":"<blockquote>\n<blockquote>\n<h3 class=\"meta\" style=\"text-align: center;\"><span style=\"color: #0000ff;\"><em><strong><br \/>\n<span style=\"color: #c96716;\">Hay maltratos que no dejan<\/span><br \/>\n<span style=\"color: #c96716;\">heridas en la piel, sino en el alma.!<\/span><a href=\"http:\/\/www.ceadin.org\/b\/wp-content\/uploads\/2023\/01\/June-Valentine-Ruppe5.png\"><img decoding=\"async\" loading=\"lazy\" class=\"alignright size-full wp-image-7157\" src=\"http:\/\/www.ceadin.org\/b\/wp-content\/uploads\/2023\/01\/June-Valentine-Ruppe5.png\" alt=\"\" width=\"800\" height=\"986\" srcset=\"https:\/\/www.ceadin.org\/b\/wp-content\/uploads\/2023\/01\/June-Valentine-Ruppe5.png 800w, https:\/\/www.ceadin.org\/b\/wp-content\/uploads\/2023\/01\/June-Valentine-Ruppe5-243x300.png 243w, https:\/\/www.ceadin.org\/b\/wp-content\/uploads\/2023\/01\/June-Valentine-Ruppe5-768x947.png 768w, https:\/\/www.ceadin.org\/b\/wp-content\/uploads\/2023\/01\/June-Valentine-Ruppe5-619x763.png 619w\" sizes=\"(max-width: 800px) 100vw, 800px\" \/><\/a><\/strong><\/em><\/span><\/h3>\n<h3 class=\"meta\" style=\"text-align: center;\"><span style=\"color: #0000ff;\"><em><strong><span style=\"color: #808000;\">Y maltratos que no dejan<br \/>\nhuellas f\u00edsicas <\/span><span style=\"color: #c96716;\">-pero s\u00ed emocionales, <\/span><\/strong><\/em><\/span><span style=\"color: #c96716;\"><em><strong>heridas<br \/>\n<span style=\"color: #c96716;\">dif\u00edciles de cicatrizar y curar-<\/span><\/strong><\/em><\/span><\/h3>\n<h3><span style=\"color: #808000;\"><em><strong>Situaciones protagonizadas por el dominio de una persona sobre<\/strong><\/em><\/span><br \/>\n<span style=\"color: #800080;\"><em><strong><span style=\"color: #808000;\"> otra, donde el desprecio, la ignorancia, o la<\/span><span style=\"text-decoration: underline; color: #d63211;\"> \u2217 <a style=\"color: #d63211; text-decoration: underline;\" href=\"http:\/\/www.ceadin.org\/b\/ante-las-criticas\/\">-cr\u00edtica- ver mas\u00a0\u00bb<\/a> <\/span><span style=\"color: #0000ff;\"><br \/>\n<span style=\"color: #808000;\">son los principales elementos de una relaci\u00f3n.<\/span><\/span><\/strong><\/em><\/span><\/h3>\n<h3 style=\"text-align: center;\"><span style=\"color: #d63211;\"><em><strong>Una palabra, un gesto o simplemente<br \/>\nun silencio pueden ser suficientes para lanzar una daga<br \/>\ndirecta a nuestro coraz\u00f3n.\u00a0<\/strong><\/em><\/span><\/h3>\n<h3 style=\"text-align: center;\"><span style=\"color: #d63211;\"><em><strong>Un coraz\u00f3n que va debilit\u00e1ndose poco a poco,<br \/>\nquedando anestesiado ante cualquier posibilidad de sublevaci\u00f3n, porque el miedo y la culpa han sido instaurados.<\/strong><\/em><\/span><\/h3>\n<h3 class=\"quote-text\" style=\"text-align: center;\"><span style=\"color: #808000;\"><em><strong>\u00a0El maltrato emocional,<\/strong><\/em><\/span><br \/>\n<span style=\"color: #0000ff;\"> <em><strong><span style=\"color: #808000;\"> es un proceso de<\/span> <span style=\"color: #d63211;\">-destrucci\u00f3n psicol\u00f3gico-<\/span> <span style=\"color: #808000;\">en el que la<\/span><\/strong><\/em><\/span><br \/>\n<span style=\"color: #808000;\"> <em><strong> fortaleza emocional de una persona queda completamente vulnerada.<\/strong><\/em><\/span><\/h3>\n<h4><span style=\"color: #d63211;\"><em><strong>Seducir para atrapar:<\/strong><\/em><\/span><br \/>\n<span style=\"color: #008000;\"><em><strong><span style=\"color: #0000ff;\"><span style=\"color: #c96716;\"> El maltrato emocional,<\/span> <\/span><span style=\"color: #808000;\">es una realidad muy presente en nuestros d\u00edas que no entiende de edad, sexo o estatus social. Ya sea en la pareja como en la familia o incluso a nivel laboral, todos podemos ser v\u00edctimas de esta situaci\u00f3n en cualquier momento de nuestras vidas.<\/span><\/strong><\/em><\/span><\/h4>\n<h4><span style=\"color: #008000;\"><em><strong><span style=\"color: #d63211;\">Lo peligroso de los maltratos de este tipo son sus consecuencias- y -su habilidad para pasar desapercibido-. <\/span><span style=\"color: #808000;\"><span style=\"color: #c96716;\">El maltrato emocional es un proceso silencioso que, cuando da la cara, -ya ha pasado mucho tiempo desde que se origin\u00f3-,<\/span> <span style=\"color: #c96716;\">teniendo consecuencias devastadoras para la persona que ha sido v\u00edctima.<\/span><\/span><\/strong><\/em><\/span><\/h4>\n<h4><span style=\"color: #008000;\"><em><strong><span style=\"color: #d63211;\">Su inicio es lento y silencioso, ejercido por una persona disfrazada de encanto con el objetivo de seducir a sus v\u00edctimas para atraparlas-, sobre todo en las relaciones de pareja.<\/span><span style=\"color: #808000;\"> De esta manera, la realidad que el maltratador muestra es una realidad falseada, llena de promesas y deseos que nunca se har\u00e1n realidad.<\/span><\/strong><\/em><\/span><\/h4>\n<h3 style=\"text-align: center;\"><span style=\"color: #d63211;\"><em><strong>El maltratador va preparando el terreno<br \/>\npara que la otra <\/strong><\/em><em><strong>persona caiga en sus redes poco a poco,<br \/>\ny lograr finalmente <\/strong><\/em><em><strong>influenciarla, para dominarla y privarla de cualquier libertad posible.<\/strong><\/em><\/span><\/h3>\n<h4 style=\"text-align: left;\"><span style=\"color: #800080;\"><em><strong><span style=\"color: #d63211;\">El poder de la c\u00e1rcel mental.<\/span><br \/>\n<\/strong><span style=\"color: #c96716;\"><strong>El abuso emocional es un potente veneno que destruye la identidad de la persona, arrebat\u00e1ndole su fortaleza emocional. Se da de manera indirecta, a trav\u00e9s de las rejas agujereadas, que dejan pasar las insinuaciones, que buscan culpar e instalar la duda en las v\u00edctimas.<\/strong><\/span><\/em><\/span><\/h4>\n<h3 style=\"text-align: center;\"><span style=\"color: #d63211;\"><em><strong>La persona v\u00edctima de maltrato emocional se<\/strong><\/em><\/span><br \/>\n<span style=\"color: #d63211;\"> <em><strong> encuentra atrapada en una c\u00e1rcel mental de invalidez<\/strong><\/em><\/span><br \/>\n<span style=\"color: #d63211;\"> <em><strong> e inseguridad en la que su autoestima se va debilitando poco a poco.<\/strong><\/em><\/span><\/h3>\n<h3><span style=\"color: #008000;\"><em><strong><span style=\"color: #c96716;\">As\u00ed, cuando la v\u00edctima ya ha sido atrapada, el maltratador comienza a destaparse ante ella a trav\u00e9s de los<\/span><span style=\"color: #d63211;\"> -desprecios, las cr\u00edticas, los insultos o incluso los silencios-. <\/span><span style=\"color: #808000;\">Por eso, las huellas de estos maltratos no son f\u00edsicas y no hay heridas visibles en la piel de la v\u00edctima, porque el<\/span> <span style=\"color: #d63211;\">-maltrato emocional- <\/span><span style=\"color: #808000;\">se ejerce a trav\u00e9s de las palabras, de los silencios o los gestos.<\/span><\/strong><\/em><\/span><\/h3>\n<h3><span style=\"color: #008000;\"><em><strong><span style=\"color: #808000;\">Tanto es el da\u00f1o que se ejerce en estas situaciones, que el miedo a actuar para liberarse se ve en muchos casos como un imposible.<\/span><span style=\"color: #c96716;\"> La c\u00e1rcel mental es tan s\u00f3lida, que la v\u00edctima entra en una profunda situaci\u00f3n de<\/span> <span style=\"text-decoration: underline; color: #d63211;\">&#8211;<a style=\"color: #d63211; text-decoration: underline;\" href=\"http:\/\/www.ceadin.org\/b\/la-indefension-aprendida\/\">indefensi\u00f3n- ver mas \u00bb,<\/a><\/span>\u00a0<span style=\"color: #808000;\">a la que no imagina salida.<\/span><\/strong><\/em><\/span><\/h3>\n<h3 style=\"text-align: center;\"><span style=\"color: #008000;\"><em><strong><span style=\"color: #d63211;\">\u2014 Las heridas invisibles en el alma \u2014<\/span><br \/>\n<\/strong><\/em><\/span><\/h3>\n<h4><span style=\"color: #008000;\"><em><strong><span style=\"color: #d63211;\">Las heridas del maltrato emocional son llagas profundas, <\/span><span style=\"color: #808000;\">que llegan hasta lo m\u00e1s rec\u00f3ndito del interior de la v\u00edctima. No se ven ni se oyen, pero son terriblemente sentidas por la persona que las sufre. Heridas ocultas para los dem\u00e1s, pero profundamente dolorosas para la persona que lo sufre.<\/span><\/strong><\/em><\/span><\/h4>\n<h3 class=\"quote-text\" style=\"text-align: center;\"><span style=\"color: #d63211;\"><em><strong>Las heridas del maltrato emocional, crean un profundo<br \/>\nagujero en la autoestima de la persona,<br \/>\nrompiendo toda valoraci\u00f3n positiva de s\u00ed misma.<\/strong><\/em><\/span><\/h3>\n<h4 class=\"post-to-twitter\" style=\"text-align: left;\"><span style=\"color: #008000;\"><em><strong><span style=\"color: #c96716;\">Son heridas originadas a trav\u00e9s de los <\/span><span style=\"color: #d63211;\">-desprecios, descalificaciones y ninguneos- <\/span><span style=\"color: #c96716;\">que el maltratador ha dirigido a la v\u00edctima. Heridas invisibles y enraizadas en el <\/span><span style=\"color: #d63211;\">-miedo, la culpabilidad y la duda-,<\/span> <span style=\"color: #c96716;\">que arrebatan la creencia de cualquier posibilidad de actuar para liberarse de la situaci\u00f3n en la que la v\u00edctima se encuentra.<\/span><\/strong><\/em><\/span><\/h4>\n<h4><span style=\"color: #008000;\"><em><strong><span style=\"color: #c96716;\">Estas heridas sangran no solo en cada encuentro, sino tambi\u00e9n ante la expectativa de que<\/span> <span style=\"color: #d63211;\">-puedan ocurrir-.<\/span> <span style=\"color: #c96716;\">Lo importante es que la persona no d\u00e9 por perdida la posibilidad de salir de la situaci\u00f3n en la que se encuentra, y que tenga en cuenta que estas heridas pueden repararse con ayuda.\u00a0<\/span><\/strong><\/em><\/span><\/h4>\n<h4><span style=\"color: #d63211;\"><em><strong>\u00bfC\u00f3mo reparar las marcas del maltrato emocional en el alma?<\/strong><\/em><\/span><br \/>\n<span style=\"color: #008000;\"><em><strong><span style=\"color: #c96716;\"> En estos casos, el factor m\u00e1s importante es que la persona v\u00edctima pueda identificar la situaci\u00f3n en la que se encuentra atrapada, donde carga con toda la responsabilidad y culpabilidad que el maltratador le ha inducido.<\/span> <span style=\"color: #d63211;\">-Por lo tanto, tomar conciencia de que nos encontramos en un proceso de maltrato emocional, es el primer paso para poder liberarnos-.<\/span><\/strong><\/em><\/span><\/h4>\n<h4><span style=\"color: #008000;\"><em><strong><span style=\"color: #808000;\">Una vez que sepamos donde nos encontramos inmersos, recuperar a nuestros seres queridos y apoyarnos en ellos, para que puedan facilitarnos la salida de esta situaci\u00f3n, eso contribuir\u00e1 a que sigamos adelante.<\/span> <span style=\"color: #c96716;\">Poco a poco, con sus gestos de amor y cari\u00f1o, pueden ir llenando algunos de los vac\u00edos que en nuestro interior se han originado.<\/span><\/strong><\/em><\/span><\/h4>\n<h4><span style=\"color: #008000;\"><em><strong><span style=\"color: #808000;\">Adem\u00e1s,<\/span> <span style=\"color: #d63211;\">-buscar ayuda de un profesional especializado-,<\/span><span style=\"color: #c96716;\"> nos facilitar\u00e1 comenzar a reconstruir nuestra identidad y autoestima,\u00a0para reparar todas esas heridas emocionales invisibles que habitan en nuestro interior. As\u00ed podremos volver a reencontrarnos con nosotros mismos.<\/span><\/strong><\/em><\/span><\/h4>\n<h4 class=\"quote-text\"><span style=\"color: #c96716;\"><em><strong>Reparar las marcas del maltrato emocional en nuestra alma no ser\u00e1 un proceso sencillo y r\u00e1pido, sino m\u00e1s bien complejo y lento. Sin embargo, la satisfacci\u00f3n de volver a encontrarnos siempre merecer\u00e1 la pena.<\/strong><\/em><\/span><\/h4>\n<h4><span style=\"color: #008000;\"><em><strong><span style=\"color: #808000;\">Por \u00faltimo, no olvidemos que cada uno de nosotros, tambi\u00e9n podemos llegar a originar heridas en el alma de los dem\u00e1s cuando<\/span> <span style=\"color: #d63211;\">-despreciamos, ignoramos o criticamos- <\/span><span style=\"color: #c96716;\">sin tener que llegar a situaciones de maltrato emocional.<\/span><\/strong> <\/em><\/span><\/h4>\n<h3 class=\"post-to-twitter\" style=\"text-align: center;\"><span style=\"color: #d63211;\"><em><strong>Las palabras y nuestros gestos,<br \/>\n<span style=\"color: #d63211;\">son un arma de doble filo que hay que cuidar.!<\/span><\/strong><\/em><\/span><\/h3>\n<p><span style=\"color: #d63211;\"><em>Artista-June Valentine Ruppe<\/em><\/span><\/p>\n<h3 class=\"post-to-twitter\" style=\"text-align: center;\"><span style=\"color: #d63211;\"><em><strong><a href=\"http:\/\/www.ceadin.org\/b\/wp-content\/uploads\/2023\/01\/VIOLENTOMETRO.jpg\"><img decoding=\"async\" loading=\"lazy\" class=\"alignleft wp-image-7103\" src=\"http:\/\/www.ceadin.org\/b\/wp-content\/uploads\/2023\/01\/VIOLENTOMETRO.jpg\" alt=\"\" width=\"200\" height=\"333\" srcset=\"https:\/\/www.ceadin.org\/b\/wp-content\/uploads\/2023\/01\/VIOLENTOMETRO.jpg 768w, https:\/\/www.ceadin.org\/b\/wp-content\/uploads\/2023\/01\/VIOLENTOMETRO-180x300.jpg 180w, https:\/\/www.ceadin.org\/b\/wp-content\/uploads\/2023\/01\/VIOLENTOMETRO-614x1024.jpg 614w, https:\/\/www.ceadin.org\/b\/wp-content\/uploads\/2023\/01\/VIOLENTOMETRO-619x1032.jpg 619w\" sizes=\"(max-width: 200px) 100vw, 200px\" \/><\/a><\/strong><\/em><\/span><\/h3>\n<\/blockquote>\n<blockquote><p>&nbsp;<\/p>\n<p>&nbsp;<\/p>\n<p>&nbsp;<\/p>\n<p>&nbsp;<\/p>\n<p>&nbsp;<\/p>\n<p>&nbsp;<\/p>\n<p>&nbsp;<\/p>\n<p>&nbsp;<\/p>\n<p><a href=\"http:\/\/www.ceadin.org\/b\/wp-content\/uploads\/2023\/06\/HAY-MALTRATOS-1.png\"><img decoding=\"async\" loading=\"lazy\" class=\"alignright size-full wp-image-7347\" src=\"http:\/\/www.ceadin.org\/b\/wp-content\/uploads\/2023\/06\/HAY-MALTRATOS-1.png\" alt=\"\" width=\"1199\" height=\"1165\" srcset=\"https:\/\/www.ceadin.org\/b\/wp-content\/uploads\/2023\/06\/HAY-MALTRATOS-1.png 1199w, https:\/\/www.ceadin.org\/b\/wp-content\/uploads\/2023\/06\/HAY-MALTRATOS-1-300x291.png 300w, https:\/\/www.ceadin.org\/b\/wp-content\/uploads\/2023\/06\/HAY-MALTRATOS-1-1024x995.png 1024w, https:\/\/www.ceadin.org\/b\/wp-content\/uploads\/2023\/06\/HAY-MALTRATOS-1-768x746.png 768w, https:\/\/www.ceadin.org\/b\/wp-content\/uploads\/2023\/06\/HAY-MALTRATOS-1-619x601.png 619w\" sizes=\"(max-width: 1199px) 100vw, 1199px\" \/><\/a><\/p>\n<p><strong><em><br \/>\n<span style=\"color: #0000ff;\">REFUGIOS PARA MUJERES MALTRATADAS:<\/span><\/em><\/strong><\/p>\n<p><span style=\"color: #0000ff;\"><a style=\"color: #0000ff;\" href=\"https:\/\/www.google.com\/search?q=refugio+para+mujeres+maltratadas+cdmx&amp;tbm=isch&amp;ved=2ahUKEwim2emEocX8AhWeNN4AHVKMATYQ2-cCegQIABAA&amp;oq=refugio+para+mujeres+maltratadas&amp;gs_lcp=CgNpbWcQARgBMgQIIxAnMgQIIxAnMgUIABCABDIGCAAQBRAeMgcIABCABBAYMgcIABCABBAYMgcIABCABBAYMgcIABCABBAYMgcIABCABBAYMgcIABCABBAYUM07WM07YJtbaABwAHgAgAFsiAGvAZIBAzEuMZgBAKABAaoBC2d3cy13aXotaW1nwAEB&amp;sclient=img&amp;ei=9K3BY6aPKJ7p-LYP0piGsAM&amp;bih=900&amp;biw=1358&amp;client=firefox-b-d#imgrc=RHqOeZOnDbhVHM\"><strong><em>refugio para mujeres maltratadas cdmx<\/em><\/strong><\/a><\/span><\/p>\n<p><span style=\"color: #0000ff;\"><em><strong><a style=\"color: #0000ff;\" href=\"https:\/\/www.google.com\/search?q=refugio+para+mujeres+maltratadas+en+queretaro&amp;tbm=isch&amp;ved=2ahUKEwixuPCzosX8AhUf6MkDHd3iC7IQ2-cCegQIABAA&amp;oq=refugio+para+mujeres+maltratadas+&amp;gs_lcp=CgNpbWcQARgEMgQIIxAnMgQIIxAnMgQIABAeMgYIABAFEB4yBwgAEIAEEBgyBwgAEIAEEBgyBwgAEIAEEBgyBwgAEIAEEBgyBwgAEIAEEBgyBwgAEIAEEBhQ8MIDWPDCA2DQ2wNoAHAAeACAAWyIAfgBkgEDMi4xmAEAoAEBqgELZ3dzLXdpei1pbWfAAQE&amp;sclient=img&amp;ei=Y6_BY_H6Lp_Qp84P3cWvkAs&amp;bih=900&amp;biw=1358&amp;client=firefox-b-d\">refugio para mujeres maltratadas en queretaro<\/a><\/strong><\/em><\/span><\/p>\n<p><span style=\"color: #0000ff;\"><em><strong><a style=\"color: #0000ff;\" href=\"https:\/\/www.google.com\/search?q=refugio+para+mujeres+maltratadas+en+morelia&amp;tbm=isch&amp;ved=2ahUKEwiKkrWTosX8AhUY58kDHdgRClcQ2-cCegQIABAA&amp;oq=refugio+para+mujeres+maltratadas+en+morelia&amp;gs_lcp=CgNpbWcQARgAMgQIIxAnUABYAGCYEmgAcAB4AIABRogBRpIBATGYAQCqAQtnd3Mtd2l6LWltZ8ABAQ&amp;sclient=img&amp;ei=H6_BY8qGKpjOp84P2KOouAU&amp;bih=900&amp;biw=1358&amp;client=firefox-b-d\">refugio para mujeres maltratadas en morelia<\/a><\/strong><\/em><\/span><\/p>\n<p><span style=\"color: #0000ff;\"><em><strong><a style=\"color: #0000ff;\" href=\"https:\/\/www.google.com\/search?q=refugio+para+mujeres+maltratadas+en+tijuana&amp;tbm=isch&amp;ved=2ahUKEwi0rsXzosX8AhWX8ckDHZmDAqAQ2-cCegQIABAA&amp;oq=refugio+para+mujeres+maltratadas+&amp;gs_lcp=CgNpbWcQARgFMgQIIxAnMgQIIxAnMgQIABAeMgYIABAFEB4yBwgAEIAEEBgyBwgAEIAEEBgyBwgAEIAEEBgyBwgAEIAEEBgyBwgAEIAEEBgyBwgAEIAEEBhQl6sGWJerBmCfyQZoAnAAeACAAU6IAdYBkgEBM5gBAKABAaoBC2d3cy13aXotaW1nwAEB&amp;sclient=img&amp;ei=6a_BY_SVEZfjp84PmYeKgAo&amp;bih=900&amp;biw=1358&amp;client=firefox-b-d\">refugio para mujeres maltratadas en tijuana<\/a><\/strong><\/em><\/span><\/p>\n<p><span style=\"color: #0000ff;\"><em><strong><a style=\"color: #0000ff;\" href=\"https:\/\/www.google.com\/search?q=refugio+para+mujeres+maltratadas+monterrey&amp;tbm=isch&amp;ved=2ahUKEwiBmJqoo8X8AhWz0MkDHXcaAocQ2-cCegQIABAA&amp;oq=refugio+para+mujeres+maltratadas+&amp;gs_lcp=CgNpbWcQARgGMgQIIxAnMgQIIxAnMgQIABAeMgYIABAFEB4yBwgAEIAEEBgyBwgAEIAEEBgyBwgAEIAEEBgyBwgAEIAEEBgyBwgAEIAEEBgyBwgAEIAEEBhQrrwCWK68AmD61QJoAXAAeACAAU6IAeABkgEBM5gBAKABAaoBC2d3cy13aXotaW1nwAEB&amp;sclient=img&amp;ei=V7DBY8GQLLOhp84P97SIuAg&amp;bih=900&amp;biw=1358&amp;client=firefox-b-d\">refugio para mujeres maltratadas monterrey<\/a><\/strong><\/em><\/span><\/p>\n<p><span style=\"color: #0000ff;\"><em><strong><a style=\"color: #0000ff;\" href=\"https:\/\/www.google.com\/search?q=refugio+para+mujeres+maltratadas+en+chihuahua&amp;tbm=isch&amp;ved=2ahUKEwiMuJa_o8X8AhV05skDHcgNDM4Q2-cCegQIABAA&amp;oq=refugio+para+mujeres+maltratadas+&amp;gs_lcp=CgNpbWcQARgHMgQIIxAnMgQIIxAnMgQIABAeMgYIABAFEB4yBwgAEIAEEBgyBwgAEIAEEBgyBwgAEIAEEBgyBwgAEIAEEBgyBwgAEIAEEBgyBwgAEIAEEBhQ7rwCWO68AmCW2gJoAnAAeACAAVyIAZ4BkgEBMpgBAKABAaoBC2d3cy13aXotaW1nwAEB&amp;sclient=img&amp;ei=h7DBY8zYNvTMp84PyJuw8Aw&amp;bih=900&amp;biw=1358&amp;client=firefox-b-d\">refugio para mujeres maltratadas en chihuahua<\/a><\/strong><\/em><\/span><\/p>\n<p><span style=\"color: #0000ff;\"><em><strong><a style=\"color: #0000ff;\" href=\"https:\/\/www.google.com\/search?q=refugio+para+mujeres+maltratadas+en+merida+yucatan&amp;tbm=isch&amp;ved=2ahUKEwj56v_Vo8X8AhXb8ckDHTztAkQQ2-cCegQIABAA&amp;oq=refugio+para+mujeres+maltratadas&amp;gs_lcp=CgNpbWcQARgIMgQIIxAnMgQIIxAnMgUIABCABDIGCAAQBRAeMgcIABCABBAYMgcIABCABBAYMgcIABCABBAYMgcIABCABBAYMgcIABCABBAYMgcIABCABBAYUP7YAlj-2AJgr_wCaAFwAHgAgAFYiAHwAZIBATOYAQCgAQGqAQtnd3Mtd2l6LWltZ8ABAQ&amp;sclient=img&amp;ei=t7DBY7mzLtvjp84PvNqLoAQ&amp;bih=900&amp;biw=1358&amp;client=firefox-b-d\">refugio para mujeres maltratadas en merida yucatan<\/a><\/strong><\/em><\/span><\/p>\n<p><span style=\"color: #0000ff;\"><em><strong><a style=\"color: #0000ff;\" href=\"https:\/\/www.google.com\/search?q=refugio+para+mujeres+maltratadas+en+aguascalientes&amp;tbm=isch&amp;ved=2ahUKEwj8ocTvo8X8AhV05skDHZbxDXsQ2-cCegQIABAA&amp;oq=refugio+para+mujeres+maltratadas&amp;gs_lcp=CgNpbWcQARgJMgQIIxAnMgQIIxAnMgUIABCABDIGCAAQBRAeMgcIABCABBAYMgcIABCABBAYMgcIABCABBAYMgcIABCABBAYMgcIABCABBAYMgcIABCABBAYUMLDAljCwwJgl_ICaAFwAHgAgAFaiAHvAZIBATOYAQCgAQGqAQtnd3Mtd2l6LWltZ8ABAQ&amp;sclient=img&amp;ei=7bDBY7z3EvTMp84PluO32Ac&amp;bih=900&amp;biw=1358&amp;client=firefox-b-d\">refugio para mujeres maltratadas en aguascalientes<\/a><\/strong><\/em><\/span><\/p>\n<p><span style=\"color: #d63211;\"><em><strong>ESPERAMOS ENCUENTRE \u00daTIL ESTA INFORMACI\u00d3N.<br \/>\nSI USTED EST\u00c1 PENSANDO EN HACERSE DA\u00d1O,<br \/>\nO SI CONOCE A ALGUIEN QUE PODR\u00cdA HACERSE DA\u00d1O,<br \/>\nBUSQUE AYUDA R\u00c1PIDAMENTE\u00a0 Y LLAME A SU M\u00c9DICO.<\/strong><\/em><\/span><\/p>\n<h4><span style=\"color: #008080;\"><em><strong>NOTA IMPORTANTE.<\/strong><\/em><em><strong><br \/>\nBusque ayuda inmediatamente si:<\/strong><\/em><\/span><br \/>\n<span style=\"color: #008080;\"><em><strong>Se siente abrumado.<\/strong><\/em><\/span><br \/>\n<span style=\"color: #008080;\"><em><strong>\u2028Est\u00e1 pensando en hacerse da\u00f1o o en da\u00f1ar a otra persona.<\/strong><\/em><\/span><br \/>\n<span style=\"color: #008080;\"><em><strong>Es incapaz de controlar su comportamiento.<\/strong><\/em><\/span><br \/>\n<span style=\"color: #008080;\"><em><strong>Tiene otros s\u00edntomas muy angustiantes de trastorno<\/strong><\/em><\/span><br \/>\n<span style=\"color: #008080;\"><em><strong>de estr\u00e9s postraum\u00e1tico.<\/strong><\/em><em><strong><br \/>\nLlame a un familiar, no se quede solo.<br \/>\nLlame a su m\u00e9dico.<\/strong><\/em><\/span><\/h4>\n<h4><span style=\"color: #ff00ff;\"><em><strong>EN CASO NECESARIO:<\/strong><\/em><\/span><br \/>\n<span style=\"color: #ff00ff;\"><em><strong>Llame a su m\u00e9dico.<\/strong><\/em><\/span><br \/>\n<span style=\"color: #ff00ff;\"><em><strong>Llame al 911 para servicios de emergencia\u2028 o vaya<\/strong><\/em><\/span><br \/>\n<span style=\"color: #ff00ff;\"><em><strong>a la sala de emergencias m\u00e1s cercana.<\/strong><\/em><\/span><br \/>\n<span style=\"color: #ff00ff;\"><em><strong>En un caso de emergencia, puede llamar a:<\/strong><\/em><\/span><br \/>\n<span style=\"color: #ff00ff;\"><em><strong>SAPTEL \u201cSistema Nacional de Apoyo, Consejo \u2028Psicol\u00f3gico<\/strong><\/em><\/span><br \/>\n<span style=\"color: #ff00ff;\"><em><strong>e Intervenci\u00f3n en Crisis por Tel\u00e9fono\u201d<\/strong><\/em><\/span><br \/>\n<span style=\"color: #ff00ff;\"><em><strong>(Cruz Roja Mexicana\u2013 24 Hrs.) sin costo<\/strong><\/em><\/span><\/h4>\n<h4><span style=\"color: #ff00ff;\"><em><strong>SAPTEL<\/strong><\/em><\/span><br \/>\n<span style=\"color: #ff00ff;\"><em><strong>Av M\u00e9xico #37, Hip\u00f3dromo,<\/strong><\/em><\/span><br \/>\n<span style=\"color: #ff00ff;\"><em><strong>Cuauht\u00e9moc, Ciudad de M\u00e9xico.<\/strong><\/em><\/span><br \/>\n<span style=\"color: #ff00ff;\"><em><strong>Tel\u00e9fono:(55) 52598121<br \/>\nE-mail: <a class=\"col1\" style=\"color: #ff00ff;\" href=\"https:\/\/www.saptel.org.mx\/contacto.html#\">saptel.crlyc@gmail.com<\/a><\/strong><\/em><\/span><\/h4>\n<\/blockquote>\n<\/blockquote>\n","protected":false},"excerpt":{"rendered":"<p>Hay maltratos que no dejan heridas en la piel, sino en el alma.! Y maltratos que no dejan huellas f\u00edsicas -pero s\u00ed emocionales, heridas dif\u00edciles de cicatrizar y curar- Situaciones protagonizadas por el dominio de una persona sobre otra, donde el desprecio, la ignorancia, o la \u2217 -cr\u00edtica- ver mas\u00a0\u00bb son los principales elementos de [&hellip;]<\/p>\n","protected":false},"author":2,"featured_media":0,"parent":0,"menu_order":0,"comment_status":"closed","ping_status":"closed","template":"","meta":[],"_links":{"self":[{"href":"https:\/\/www.ceadin.org\/b\/wp-json\/wp\/v2\/pages\/3598"}],"collection":[{"href":"https:\/\/www.ceadin.org\/b\/wp-json\/wp\/v2\/pages"}],"about":[{"href":"https:\/\/www.ceadin.org\/b\/wp-json\/wp\/v2\/types\/page"}],"author":[{"embeddable":true,"href":"https:\/\/www.ceadin.org\/b\/wp-json\/wp\/v2\/users\/2"}],"replies":[{"embeddable":true,"href":"https:\/\/www.ceadin.org\/b\/wp-json\/wp\/v2\/comments?post=3598"}],"version-history":[{"count":0,"href":"https:\/\/www.ceadin.org\/b\/wp-json\/wp\/v2\/pages\/3598\/revisions"}],"wp:attachment":[{"href":"https:\/\/www.ceadin.org\/b\/wp-json\/wp\/v2\/media?parent=3598"}],"curies":[{"name":"wp","href":"https:\/\/api.w.org\/{rel}","templated":true}]}}