{"id":3562,"date":"2017-08-09T00:22:32","date_gmt":"2017-08-09T00:22:32","guid":{"rendered":"http:\/\/www.ceadin.org\/b\/?page_id=3562"},"modified":"2023-06-04T16:51:28","modified_gmt":"2023-06-04T16:51:28","slug":"la-indefension-aprendida","status":"publish","type":"page","link":"https:\/\/www.ceadin.org\/b\/la-indefension-aprendida\/","title":{"rendered":"La indefensi\u00f3n aprendida"},"content":{"rendered":"<blockquote>\n<blockquote>\n<h3 style=\"text-align: center;\"><span style=\"text-decoration: underline; color: #0000ff;\"><em><strong><br \/>\n<\/strong><\/em><\/span><span style=\"color: #b40fbf;\"><em><strong>\u2014 La indefensi\u00f3n aprendida \u2014<\/strong><\/em><\/span><br \/>\n<span style=\"color: #008000;\"><em><strong> Cuando el maltrato se convierte en costumbre.!<\/strong><\/em><\/span><\/h3>\n<h3 style=\"text-align: center;\"><span style=\"color: #0c889c;\"><em><strong><span style=\"color: #b40fbf;\">La Indefensi\u00f3n Aprendida,<\/span> es un fen\u00f3meno que explica<\/strong><\/em><\/span><br \/>\n<span style=\"color: #0c889c;\"><em><strong> la ausencia de conductas de defensa, en las<\/strong><\/em><\/span><br \/>\n<span style=\"color: #008000;\"><em><strong><span style=\"color: #0c889c;\"> personas que est\u00e1n sometidas a situaciones de maltrato&#8230;<\/span><a href=\"http:\/\/www.ceadin.org\/b\/wp-content\/uploads\/2023\/01\/133dc6b9d4978c40c136f20fd2a1f34a.jpg\"><img decoding=\"async\" loading=\"lazy\" class=\"aligncenter wp-image-7107 size-full\" src=\"http:\/\/www.ceadin.org\/b\/wp-content\/uploads\/2023\/01\/133dc6b9d4978c40c136f20fd2a1f34a.jpg\" alt=\"\" width=\"800\" height=\"1001\" srcset=\"https:\/\/www.ceadin.org\/b\/wp-content\/uploads\/2023\/01\/133dc6b9d4978c40c136f20fd2a1f34a.jpg 800w, https:\/\/www.ceadin.org\/b\/wp-content\/uploads\/2023\/01\/133dc6b9d4978c40c136f20fd2a1f34a-240x300.jpg 240w, https:\/\/www.ceadin.org\/b\/wp-content\/uploads\/2023\/01\/133dc6b9d4978c40c136f20fd2a1f34a-768x961.jpg 768w, https:\/\/www.ceadin.org\/b\/wp-content\/uploads\/2023\/01\/133dc6b9d4978c40c136f20fd2a1f34a-619x775.jpg 619w\" sizes=\"(max-width: 800px) 100vw, 800px\" \/><\/a><\/strong><\/em><\/span><span style=\"color: #34a334;\"><em><strong><span style=\"color: #34a334;\">Cuando se habla de maltrato a la mujer,<\/span><br \/>\n<span style=\"color: #34a334;\">en muchas ocasiones, la pregunta que nos surge a todos es:<\/span><br \/>\n<span style=\"color: #b40fbf;\">\u00bfPor qu\u00e9 no escap\u00f3..?<\/span><\/strong><\/em><\/span><\/h3>\n<h3><span style=\"color: #800080;\"><em><strong><span style=\"text-decoration: underline; color: #b40fbf;\">Nos parece que la hu\u00edda es f\u00e1cil y fantaseamos con una escapada.!<\/span><br \/>\n<span style=\"color: #008000;\"><span style=\"color: #0c889c;\">Sin embargo, para una persona que est\u00e1 sometida a continuo castigo mental y\/o f\u00edsico, esta respuesta de huida no es tan f\u00e1cil. <span style=\"color: #34a334;\">Una de las razones es el fen\u00f3meno que el <a style=\"color: #34a334;\" href=\"http:\/\/es.wikipedia.org\/wiki\/Martin_Seligman\">psic\u00f3logo Seligman<\/a> propuso, all\u00e1 por los a\u00f1os 60 del pasado siglo, conocido como<\/span><\/span><span style=\"text-decoration: underline; color: #b40fbf;\"><strong> -Indefensi\u00f3n Aprendida-<\/strong>.<\/span><\/span><\/strong><\/em><\/span><\/h3>\n<h3 style=\"text-align: center;\"><span style=\"color: #0000ff;\"><strong><em><span style=\"color: #008000;\">\u00bfQUE ES LA<\/span><br \/>\n<span style=\"color: #b40fbf;\">INDEFENSI\u00d3N APRENDIDA..?<\/span><\/em><\/strong><\/span><\/h3>\n<h3 id=\"div-gpt-ad-1459524187344-0\" data-google-query-id=\"CLGBrN2YyNUCFYwEaQodgYgIpA\"><span style=\"color: #008000;\"><em><strong><span style=\"text-decoration: underline; color: #b40fbf;\">La Indefensi\u00f3n Aprendida: <\/span><br \/>\n<span style=\"color: #0c889c;\">Es la conclusi\u00f3n de una serie de estudios realizados en laboratorio con animales bajo la corriente psicol\u00f3gica del conductismo.<\/span><span style=\"color: #34a334;\"> Seligman, mantuvo a diversos animales sometidos a descargas el\u00e9ctricas de las que no pod\u00edan escapar.<\/span><\/strong><\/em><\/span><\/h3>\n<h3><em><strong><span style=\"color: #34a334;\">Al poco,<\/span><span style=\"text-decoration: underline;\"><span style=\"color: #0000ff; text-decoration: underline;\"><span style=\"color: #b40fbf; text-decoration: underline;\"> -los animales hab\u00edan aprendido que ninguna de sus respuestas lograban evitar el castigo, por lo que dejaban de actuar-.<\/span> <\/span><\/span><span style=\"color: #008000;\"><span style=\"color: #34a334;\">Pasado un tiempo, aunque fuera evidente c\u00f3mo escapar de las descargas, los animales no hac\u00edan nada, puesto que hab\u00edan aprendido que no era posible huir.<\/span> <span style=\"color: #b40fbf;\">-Esa pasividad en la conducta, condicionada por el hecho de no haber podido huir en una \u00e9poca, se manten\u00eda en el tiempo con bastante constancia-.<\/span><\/span><\/strong><\/em><\/h3>\n<h3><span style=\"color: #008000;\"><em><strong><span style=\"text-decoration: underline; color: #b40fbf;\">Esa misma Indefensi\u00f3n Aprendida, es la que ata a las v\u00edctimas a sus verdugos. <\/span><span style=\"color: #34a334;\">Y no s\u00f3lo en lo referido a una relaci\u00f3n de pareja, puede ser algo que se de en muchas circunstancias:<\/span><span style=\"color: #b40fbf;\"> -relaciones paterno-filiales, relaciones de trabajo\u2026-<\/span><\/strong> <\/em><\/span><span style=\"color: #800080;\"><em><strong><span style=\"color: #0c889c;\">Como bien defin\u00eda Juan Jos\u00e9 Mill\u00e1s en su fant\u00e1stico libro<\/span><span style=\"color: #b40fbf;\"> \u201cHay algo que no es como me dicen\u201d,<\/span><span style=\"color: #34a334;\"> los humanos somos como los peces de colores, a pesar de la belleza hay algunos cuya conducta se podr\u00eda calificar de can\u00edbal:<\/span><\/strong><\/em><\/span><\/h3>\n<blockquote>\n<h3><span style=\"color: #d61e71;\"><em>\u201c\u00bfPor qu\u00e9 cuando dices que Ismael te pegaba no te defend\u00edas?- le preguntaban a Nevenka. [\u2026]. El proceso existencial que atraves\u00f3 Nevenka no debi\u00f3 ser muy distinto al del pez de colores [\u2026]. <\/em><\/span><\/h3>\n<h3><span style=\"color: #d61e71;\"><em><span style=\"color: #d61e71;\">Un d\u00eda, al poco de empezar la relaci\u00f3n, el pez se le acerc\u00f3 y le mordi\u00f3 una aleta. Fue un mordisco en fr\u00edo, por in<\/span>esperado [\u2026]. <\/em><\/span><\/h3>\n<h3><span style=\"color: #d61e71;\"><em>El acoso no se produce de un d\u00eda para otro, es un proceso lento. Cuando te pegan, ya no eres nadie. No es que hayas perdido las aletas, es que has perdido la voluntad\u201d.<\/em><\/span><\/h3>\n<\/blockquote>\n<h3 style=\"text-align: center;\"><span style=\"color: #b40fbf;\"><em><strong>\u00a0\u00bfQu\u00e9 podemos hacer ante la Indefensi\u00f3n Aprendida..?<\/strong><\/em><\/span><\/h3>\n<h3><em><strong><span style=\"color: #b40fbf;\"><span style=\"text-decoration: underline;\"><span style=\"color: #b40fbf; text-decoration: underline;\">\u00bfY qu\u00e9 hacer cu\u00e1ndo el proceso de la Indefensi\u00f3n Aprendida se te ha llevado el alma, y\u00a0 piensas que<\/span> hagas lo que hagas ya nada tiene remedio?<\/span>&#8211; <\/span><span style=\"color: #0c889c;\"><span style=\"color: #34a334;\">No es tarea f\u00e1cil salir de ese c\u00edrculo, la Indefensi\u00f3n Aprendida si por algo se caracteriza, es por llevar la confianza en uno mismo desmoron\u00e1ndose.<\/span> <\/span><\/strong><\/em><\/h3>\n<h3><em><strong><span style=\"color: #0c889c;\">Volviendo al principio, las continuas preguntas de <\/span><span style=\"text-decoration: underline;\"><span style=\"color: #0000ff; text-decoration: underline;\"><span style=\"color: #b40fbf; text-decoration: underline;\">-\u00bfpor qu\u00e9 no escapar?-<\/span> <\/span><\/span><span style=\"color: #008000;\"><span style=\"color: #34a334;\">no hacen sino hundir m\u00e1s a la v\u00edctima, que<\/span> <span style=\"text-decoration: underline; color: #b40fbf;\">-est\u00e1 convencida de que no vale nada y de que nada puede hacer-.<\/span><\/span><\/strong><\/em><\/h3>\n<h3><span style=\"color: #008000;\"><em><strong><span style=\"color: #0c889c;\">Lo primero por tanto es<\/span> <span style=\"text-decoration: underline;\"><span style=\"color: #0000ff; text-decoration: underline;\"><span style=\"color: #b40fbf; text-decoration: underline;\">-saber reconocer esa Indefensi\u00f3n Aprendida-<\/span> <\/span><\/span><span style=\"color: #34a334;\">y pedir ayuda, ya que este fen\u00f3meno se asienta tanto en nuestra psique, que es muy dif\u00edcil<\/span><span style=\"text-decoration: underline; color: #b40fbf;\"> -escapar de \u00e9l uno mismo-.<\/span><\/strong><\/em><\/span><\/h3>\n<h3><span style=\"color: #008000;\"><em><strong><span style=\"color: #0c889c;\">As\u00ed\u00a0 que, con la ayuda, ir\u00edamos borrando la<\/span> <span style=\"color: #b40fbf;\">-Indefensi\u00f3n Aprendida-<\/span><span style=\"color: #0c889c;\"> a base de t\u00e9cnicas como la desensibilizaci\u00f3n sist\u00e9matica, o lo que es lo mismo, a base de ir cubriendo peque\u00f1os pasitos que nos acercar\u00e1n a la meta final: <\/span><span style=\"color: #b40fbf;\"><span style=\"text-decoration: underline;\">-La Independencia-.<\/span> <\/span><\/strong><\/em><\/span><\/h3>\n<h3 style=\"text-align: center;\"><span style=\"color: #008000;\"><em><strong><span style=\"color: #b40fbf;\">\u2014 ESTE APRENDIZAJE O DESAPRENDIZAJE \u2014<\/span><br \/>\n<span style=\"color: #0c889c;\">como se quiera llamar, deber\u00eda ir acompa\u00f1ado<\/span><br \/>\n<span style=\"color: #0c889c;\">necesariamente de un fuerte trabajo de autoestima, volver a creerse que uno es capaz.<\/span><\/strong><\/em><\/span><\/h3>\n<h3><span style=\"color: #b40fbf;\"><em><strong>C\u00d3MO DEFENDERTE:<\/strong><\/em><\/span><span style=\"color: #008000;\"><em><strong><span style=\"color: #0c889c;\"><br \/>\n<span style=\"color: #34a334;\">Defenderte puede ser muy dificultoso si est\u00e1s acostumbrado a dejar que otras personas se salgan con la suya o si eres una persona que complace a las dem\u00e1s personas.<\/span><\/span> <span style=\"color: #b40fbf;\">Es muy f\u00e1cil que te cercenes cuando te limitas para acoplarte con todas las personas. <\/span><\/strong><\/em><\/span><\/h3>\n<h3 style=\"text-align: center;\"><span style=\"color: #008000;\"><em><strong>Sin embargo, aprender a defenderte<br \/>\nes una manera de asegurarte que las personas te respeten<br \/>\ny que no traten de manipularte. <\/strong><\/em><\/span><\/h3>\n<h3><span style=\"color: #34a334;\"><em><strong><span style=\"color: #b40fbf;\">DESAPRENDER:<\/span><br \/>\nLos h\u00e1bitos antiguos de humildad y ganar una confianza para defenderte no suceder\u00e1 de la noche a la ma\u00f1ana, pero la traves\u00eda de mejor\u00eda comenzar\u00e1 con el primer paso.<\/strong><\/em><\/span><\/h3>\n<h3><span style=\"color: #b40fbf;\"><em><strong>TEN CONFIANZA:<\/strong><\/em><\/span><span style=\"color: #008000;\"><em><strong><br \/>\n<span style=\"color: #34a334;\">Desarrollar un gran sentido de confianza en ti mismo es el primer paso para defenderte. Si no conf\u00edas ni crees en ti mismo,<span style=\"color: #b40fbf;\"> \u00bfc\u00f3mo puedes esperar que otras personas las tengan?<\/span><\/span><\/strong><\/em><\/span><\/h3>\n<h3><span style=\"color: #008000;\"><em><strong><span style=\"color: #34a334;\">Es f\u00e1cil para las personas identificar cuando alguien tiene poca suerte y le falta confianza en s\u00ed mismo, lo que lo convierte en un blanco f\u00e1cil.<\/span> <span style=\"color: #b40fbf;\">Si tienes confianza, las personas estar\u00e1n menos propensas a molestarte o a identificarte como d\u00e9bil.<\/span><\/strong><\/em><\/span><\/h3>\n<h3><span style=\"color: #b40fbf;\"><em><strong>ESTABLECE OBJETIVOS:<\/strong><\/em><\/span><span style=\"color: #008000;\"><em><strong><br \/>\n<span style=\"color: #34a334;\">Los objetivos te dan un sentido de prop\u00f3sito y de control sobre tu propio destino y te ayudan a comprender lo que realmente quieres.<\/span> <span style=\"color: #b40fbf;\">Esto es una parte esencial de defenderte y evitar que otras personas caminen encima de ti.<\/span><\/strong><\/em><\/span><\/h3>\n<h3><span style=\"color: #008000;\"><em><strong><span style=\"color: #b40fbf;\">MOTIVATE:<\/span><br \/>\n<span style=\"color: #34a334;\">Al establecer un objetivo ambicioso, pero realizable, para las pr\u00f3ximas semanas o para los pr\u00f3ximos meses o a\u00f1os de tu vida.<\/span> <span style=\"color: #b40fbf;\">Puede ser cualquier objetivo, un ascenso laboral en el trabajo, una calificaci\u00f3n alta en tu pr\u00f3ximo trabajo de universidad o correr la mitad de una marat\u00f3n, con tal de que te d\u00e9 un sentido de valor propio.<\/span><\/strong><\/em><\/span><\/h3>\n<h3><span style=\"color: #b40fbf;\"><em><strong>DESARROLLA UNA BUENA ACTITUD:<\/strong><\/em><\/span><span style=\"color: #008000;\"><em><strong><br \/>\n<span style=\"color: #34a334;\">Tu actitud lo es todo, ya que impacta la forma en que las personas te perciben e incluso la forma en que te ves a ti mismo.<\/span> <span style=\"color: #b40fbf;\">Tu actitud establece el tono de tu voz, la calidad de tus pensamientos y se refleja en tus expresiones faciales y tu lenguaje corporal.<\/span><\/strong><\/em><\/span><\/h3>\n<h3><span style=\"color: #b40fbf;\"><em><strong>DEJA DE VERTE COMO UNA VICTIMA:<\/strong><\/em><\/span><span style=\"color: #008000;\"><em><strong><br \/>\n<span style=\"color: #b40fbf;\">Cuando te comportas como una v\u00edctima, haces lo opuesto a defenderte.<\/span> <span style=\"color: #34a334;\">En lugar de ello, tiendes a alejarte de la responsabilidad de una situaci\u00f3n y culpas a alguien por tus problemas.<\/span><\/strong><\/em><\/span><\/h3>\n<h3><span style=\"color: #34a334;\"><em><strong>Para muchas personas,<span style=\"color: #b40fbf;\"> -LA INCAPACIDAD DE DEFENDERSE-<\/span> a s\u00ed mismas se arraiga en el miedo de ser rechazadas o de ser el blanco de burlas, debido a similares experiencias negativas que tuvieron en el pasado.<\/strong><\/em><\/span><\/h3>\n<h3><span style=\"color: #008000;\"><em><strong><span style=\"color: #b40fbf;\">Al escoger tomar personalmente estas experiencias negativas y meterse en un caparaz\u00f3n, dejas de defenderte y comienzas a interpretar el papel de v\u00edctima.<\/span> <span style=\"color: #34a334;\">Si has tenido experiencias negativas en el pasado, lo mejor que puedes hacer es tratar de hablar al respecto con alguien en quien conf\u00edes. Esto te ayudar\u00e1 a averiguar la causa detr\u00e1s de tu mentalidad de v\u00edctima y te permitir\u00e1 dejarlo en el pasado, en vez que ocultarte detr\u00e1s de este.<\/span><\/strong><\/em><\/span><\/h3>\n<h3><span style=\"color: #b40fbf;\"><em><strong>SI\u00c9NTETE BIEN POR TI F\u00cdSICAMENTE:<\/strong><\/em><\/span><span style=\"color: #008000;\"><em><strong><br \/>\n<span style=\"color: #34a334;\">Si bien es cierto que no tienes que verte como un hombre de hierro o una mujer de hierro, tu apariencia importa,<\/span> <span style=\"color: #b40fbf;\">as\u00ed que verte en forma, fuerte y saludable te dar\u00e1 una mayor confianza y te ayudar\u00e1 a defenderte.<\/span><\/strong> <\/em><\/span><\/h3>\n<h4><span style=\"text-decoration: underline; color: #b40fbf;\"><em><strong><a style=\"color: #b40fbf; text-decoration: underline;\" href=\"http:\/\/www.ceadin.org\/b\/la-violencia-perversa\/\"><span style=\"color: #b40fbf; text-decoration: underline;\">\u2217 -La Violencia perversa- ver mas \u00bb<\/span><\/a><\/strong><\/em><\/span><\/h4>\n<p><span style=\"color: #008000;\"><em>Artista-Ananya Thakur<\/em><\/span><\/p>\n<p><a href=\"http:\/\/www.ceadin.org\/b\/wp-content\/uploads\/2023\/01\/VIOLENTOMETRO.jpg\"><img decoding=\"async\" loading=\"lazy\" class=\"wp-image-7103 size-medium alignnone\" src=\"http:\/\/www.ceadin.org\/b\/wp-content\/uploads\/2023\/01\/VIOLENTOMETRO-180x300.jpg\" alt=\"\" width=\"180\" height=\"300\" srcset=\"https:\/\/www.ceadin.org\/b\/wp-content\/uploads\/2023\/01\/VIOLENTOMETRO-180x300.jpg 180w, https:\/\/www.ceadin.org\/b\/wp-content\/uploads\/2023\/01\/VIOLENTOMETRO-614x1024.jpg 614w, https:\/\/www.ceadin.org\/b\/wp-content\/uploads\/2023\/01\/VIOLENTOMETRO-619x1032.jpg 619w, https:\/\/www.ceadin.org\/b\/wp-content\/uploads\/2023\/01\/VIOLENTOMETRO.jpg 768w\" sizes=\"(max-width: 180px) 100vw, 180px\" \/><\/a><br \/>\n<a href=\"http:\/\/www.ceadin.org\/b\/wp-content\/uploads\/2023\/01\/Captura-de-Pantalla-2023-01-21-a-las-12.11.37-p.m..png\"><img decoding=\"async\" loading=\"lazy\" class=\"alignright size-full wp-image-7152\" src=\"http:\/\/www.ceadin.org\/b\/wp-content\/uploads\/2023\/01\/Captura-de-Pantalla-2023-01-21-a-las-12.11.37-p.m..png\" alt=\"\" width=\"1177\" height=\"1143\" srcset=\"https:\/\/www.ceadin.org\/b\/wp-content\/uploads\/2023\/01\/Captura-de-Pantalla-2023-01-21-a-las-12.11.37-p.m..png 1177w, https:\/\/www.ceadin.org\/b\/wp-content\/uploads\/2023\/01\/Captura-de-Pantalla-2023-01-21-a-las-12.11.37-p.m.-300x291.png 300w, https:\/\/www.ceadin.org\/b\/wp-content\/uploads\/2023\/01\/Captura-de-Pantalla-2023-01-21-a-las-12.11.37-p.m.-1024x994.png 1024w, https:\/\/www.ceadin.org\/b\/wp-content\/uploads\/2023\/01\/Captura-de-Pantalla-2023-01-21-a-las-12.11.37-p.m.-768x746.png 768w, https:\/\/www.ceadin.org\/b\/wp-content\/uploads\/2023\/01\/Captura-de-Pantalla-2023-01-21-a-las-12.11.37-p.m.-619x601.png 619w\" sizes=\"(max-width: 1177px) 100vw, 1177px\" \/><\/a><\/p>\n<p><em><span style=\"color: #008000;\">Artista-Ananya Thakur<\/span><\/em><\/p>\n<p><span style=\"color: #0000ff;\"><strong><em>REFUGIOS PARA MUJERES MALTRATADAS:<\/em><\/strong><\/span><\/p>\n<p><span style=\"color: #0000ff;\"><a style=\"color: #0000ff;\" href=\"https:\/\/www.google.com\/search?q=refugio+para+mujeres+maltratadas+cdmx&amp;tbm=isch&amp;ved=2ahUKEwim2emEocX8AhWeNN4AHVKMATYQ2-cCegQIABAA&amp;oq=refugio+para+mujeres+maltratadas&amp;gs_lcp=CgNpbWcQARgBMgQIIxAnMgQIIxAnMgUIABCABDIGCAAQBRAeMgcIABCABBAYMgcIABCABBAYMgcIABCABBAYMgcIABCABBAYMgcIABCABBAYMgcIABCABBAYUM07WM07YJtbaABwAHgAgAFsiAGvAZIBAzEuMZgBAKABAaoBC2d3cy13aXotaW1nwAEB&amp;sclient=img&amp;ei=9K3BY6aPKJ7p-LYP0piGsAM&amp;bih=900&amp;biw=1358&amp;client=firefox-b-d#imgrc=RHqOeZOnDbhVHM\"><strong><em>refugio para mujeres maltratadas cdmx<\/em><\/strong><\/a><\/span><\/p>\n<p><span style=\"color: #0000ff;\"><em><strong><a style=\"color: #0000ff;\" href=\"https:\/\/www.google.com\/search?q=refugio+para+mujeres+maltratadas+en+queretaro&amp;tbm=isch&amp;ved=2ahUKEwixuPCzosX8AhUf6MkDHd3iC7IQ2-cCegQIABAA&amp;oq=refugio+para+mujeres+maltratadas+&amp;gs_lcp=CgNpbWcQARgEMgQIIxAnMgQIIxAnMgQIABAeMgYIABAFEB4yBwgAEIAEEBgyBwgAEIAEEBgyBwgAEIAEEBgyBwgAEIAEEBgyBwgAEIAEEBgyBwgAEIAEEBhQ8MIDWPDCA2DQ2wNoAHAAeACAAWyIAfgBkgEDMi4xmAEAoAEBqgELZ3dzLXdpei1pbWfAAQE&amp;sclient=img&amp;ei=Y6_BY_H6Lp_Qp84P3cWvkAs&amp;bih=900&amp;biw=1358&amp;client=firefox-b-d\">refugio para mujeres maltratadas en queretaro<\/a><\/strong><\/em><\/span><\/p>\n<p><span style=\"color: #0000ff;\"><em><strong><a style=\"color: #0000ff;\" href=\"https:\/\/www.google.com\/search?q=refugio+para+mujeres+maltratadas+en+morelia&amp;tbm=isch&amp;ved=2ahUKEwiKkrWTosX8AhUY58kDHdgRClcQ2-cCegQIABAA&amp;oq=refugio+para+mujeres+maltratadas+en+morelia&amp;gs_lcp=CgNpbWcQARgAMgQIIxAnUABYAGCYEmgAcAB4AIABRogBRpIBATGYAQCqAQtnd3Mtd2l6LWltZ8ABAQ&amp;sclient=img&amp;ei=H6_BY8qGKpjOp84P2KOouAU&amp;bih=900&amp;biw=1358&amp;client=firefox-b-d\">refugio para mujeres maltratadas en morelia<\/a><\/strong><\/em><\/span><\/p>\n<p><span style=\"color: #0000ff;\"><em><strong><a style=\"color: #0000ff;\" href=\"https:\/\/www.google.com\/search?q=refugio+para+mujeres+maltratadas+en+tijuana&amp;tbm=isch&amp;ved=2ahUKEwi0rsXzosX8AhWX8ckDHZmDAqAQ2-cCegQIABAA&amp;oq=refugio+para+mujeres+maltratadas+&amp;gs_lcp=CgNpbWcQARgFMgQIIxAnMgQIIxAnMgQIABAeMgYIABAFEB4yBwgAEIAEEBgyBwgAEIAEEBgyBwgAEIAEEBgyBwgAEIAEEBgyBwgAEIAEEBgyBwgAEIAEEBhQl6sGWJerBmCfyQZoAnAAeACAAU6IAdYBkgEBM5gBAKABAaoBC2d3cy13aXotaW1nwAEB&amp;sclient=img&amp;ei=6a_BY_SVEZfjp84PmYeKgAo&amp;bih=900&amp;biw=1358&amp;client=firefox-b-d\">refugio para mujeres maltratadas en tijuana<\/a><\/strong><\/em><\/span><\/p>\n<p><span style=\"color: #0000ff;\"><em><strong><a style=\"color: #0000ff;\" href=\"https:\/\/www.google.com\/search?q=refugio+para+mujeres+maltratadas+monterrey&amp;tbm=isch&amp;ved=2ahUKEwiBmJqoo8X8AhWz0MkDHXcaAocQ2-cCegQIABAA&amp;oq=refugio+para+mujeres+maltratadas+&amp;gs_lcp=CgNpbWcQARgGMgQIIxAnMgQIIxAnMgQIABAeMgYIABAFEB4yBwgAEIAEEBgyBwgAEIAEEBgyBwgAEIAEEBgyBwgAEIAEEBgyBwgAEIAEEBgyBwgAEIAEEBhQrrwCWK68AmD61QJoAXAAeACAAU6IAeABkgEBM5gBAKABAaoBC2d3cy13aXotaW1nwAEB&amp;sclient=img&amp;ei=V7DBY8GQLLOhp84P97SIuAg&amp;bih=900&amp;biw=1358&amp;client=firefox-b-d\">refugio para mujeres maltratadas monterrey<\/a><\/strong><\/em><\/span><\/p>\n<p><span style=\"color: #0000ff;\"><em><strong><a style=\"color: #0000ff;\" href=\"https:\/\/www.google.com\/search?q=refugio+para+mujeres+maltratadas+en+chihuahua&amp;tbm=isch&amp;ved=2ahUKEwiMuJa_o8X8AhV05skDHcgNDM4Q2-cCegQIABAA&amp;oq=refugio+para+mujeres+maltratadas+&amp;gs_lcp=CgNpbWcQARgHMgQIIxAnMgQIIxAnMgQIABAeMgYIABAFEB4yBwgAEIAEEBgyBwgAEIAEEBgyBwgAEIAEEBgyBwgAEIAEEBgyBwgAEIAEEBgyBwgAEIAEEBhQ7rwCWO68AmCW2gJoAnAAeACAAVyIAZ4BkgEBMpgBAKABAaoBC2d3cy13aXotaW1nwAEB&amp;sclient=img&amp;ei=h7DBY8zYNvTMp84PyJuw8Aw&amp;bih=900&amp;biw=1358&amp;client=firefox-b-d\">refugio para mujeres maltratadas en chihuahua<\/a><\/strong><\/em><\/span><\/p>\n<p><span style=\"color: #0000ff;\"><em><strong><a style=\"color: #0000ff;\" href=\"https:\/\/www.google.com\/search?q=refugio+para+mujeres+maltratadas+en+merida+yucatan&amp;tbm=isch&amp;ved=2ahUKEwj56v_Vo8X8AhXb8ckDHTztAkQQ2-cCegQIABAA&amp;oq=refugio+para+mujeres+maltratadas&amp;gs_lcp=CgNpbWcQARgIMgQIIxAnMgQIIxAnMgUIABCABDIGCAAQBRAeMgcIABCABBAYMgcIABCABBAYMgcIABCABBAYMgcIABCABBAYMgcIABCABBAYMgcIABCABBAYUP7YAlj-2AJgr_wCaAFwAHgAgAFYiAHwAZIBATOYAQCgAQGqAQtnd3Mtd2l6LWltZ8ABAQ&amp;sclient=img&amp;ei=t7DBY7mzLtvjp84PvNqLoAQ&amp;bih=900&amp;biw=1358&amp;client=firefox-b-d\">refugio para mujeres maltratadas en merida yucatan<\/a><\/strong><\/em><\/span><\/p>\n<p><span style=\"color: #0000ff;\"><em><strong><a style=\"color: #0000ff;\" href=\"https:\/\/www.google.com\/search?q=refugio+para+mujeres+maltratadas+en+aguascalientes&amp;tbm=isch&amp;ved=2ahUKEwj8ocTvo8X8AhV05skDHZbxDXsQ2-cCegQIABAA&amp;oq=refugio+para+mujeres+maltratadas&amp;gs_lcp=CgNpbWcQARgJMgQIIxAnMgQIIxAnMgUIABCABDIGCAAQBRAeMgcIABCABBAYMgcIABCABBAYMgcIABCABBAYMgcIABCABBAYMgcIABCABBAYMgcIABCABBAYUMLDAljCwwJgl_ICaAFwAHgAgAFaiAHvAZIBATOYAQCgAQGqAQtnd3Mtd2l6LWltZ8ABAQ&amp;sclient=img&amp;ei=7bDBY7z3EvTMp84PluO32Ac&amp;bih=900&amp;biw=1358&amp;client=firefox-b-d\">refugio para mujeres maltratadas en aguascalientes<\/a><\/strong><\/em><\/span><\/p>\n<h4><span style=\"color: #b40fbf;\"><em><strong>ESPERAMOS ENCUENTRE \u00daTIL ESTA INFORMACI\u00d3N.<br \/>\nSI USTED EST\u00c1 PENSANDO EN HACERSE DA\u00d1O,<br \/>\nO SI CONOCE A ALGUIEN QUE PODR\u00cdA HACERSE DA\u00d1O,<br \/>\nBUSQUE AYUDA R\u00c1PIDAMENTE\u00a0 Y LLAME A SU M\u00c9DICO.<\/strong><\/em><\/span><\/h4>\n<h4><span style=\"color: #008080;\"><em><strong>NOTA IMPORTANTE.<\/strong><\/em><em><strong><br \/>\nBusque ayuda inmediatamente si:<\/strong><\/em><\/span><br \/>\n<span style=\"color: #008080;\"><em><strong>Se siente abrumado.<\/strong><\/em><\/span><br \/>\n<span style=\"color: #008080;\"><em><strong>\u2028Est\u00e1 pensando en hacerse da\u00f1o o en da\u00f1ar a otra persona.<\/strong><\/em><\/span><br \/>\n<span style=\"color: #008080;\"><em><strong>Es incapaz de controlar su comportamiento.<\/strong><\/em><\/span><br \/>\n<span style=\"color: #008080;\"><em><strong>Tiene otros s\u00edntomas muy angustiantes de trastorno<\/strong><\/em><\/span><br \/>\n<span style=\"color: #008080;\"><em><strong>de estr\u00e9s postraum\u00e1tico.<\/strong><\/em><em><strong><br \/>\nLlame a un familiar, no se quede solo.<br \/>\nLlame a su m\u00e9dico.<\/strong><\/em><\/span><\/h4>\n<h4><span style=\"color: #ff00ff;\"><em><strong>EN CASO NECESARIO:<\/strong><\/em><\/span><br \/>\n<span style=\"color: #ff00ff;\"><em><strong>Llame a su m\u00e9dico.<\/strong><\/em><\/span><br \/>\n<span style=\"color: #ff00ff;\"><em><strong>Llame al 911 para servicios de emergencia\u2028 o vaya<\/strong><\/em><\/span><br \/>\n<span style=\"color: #ff00ff;\"><em><strong>a la sala de emergencias m\u00e1s cercana.<\/strong><\/em><\/span><br \/>\n<span style=\"color: #ff00ff;\"><em><strong>En un caso de emergencia, puede llamar a:<\/strong><\/em><\/span><br \/>\n<span style=\"color: #ff00ff;\"><em><strong>SAPTEL \u201cSistema Nacional de Apoyo, Consejo \u2028Psicol\u00f3gico<\/strong><\/em><\/span><br \/>\n<span style=\"color: #ff00ff;\"><em><strong>e Intervenci\u00f3n en Crisis por Tel\u00e9fono\u201d<\/strong><\/em><\/span><br \/>\n<span style=\"color: #ff00ff;\"><em><strong>(Cruz Roja Mexicana\u2013 24 Hrs.) sin costo<\/strong><\/em><\/span><\/h4>\n<h4><span style=\"color: #ff00ff;\"><em><strong>SAPTEL<\/strong><\/em><\/span><br \/>\n<span style=\"color: #ff00ff;\"><em><strong>Av M\u00e9xico #37, Hip\u00f3dromo,<\/strong><\/em><\/span><br \/>\n<span style=\"color: #ff00ff;\"><em><strong>Cuauht\u00e9moc, Ciudad de M\u00e9xico.<\/strong><\/em><\/span><br \/>\n<span style=\"color: #ff00ff;\"><em><strong>Tel\u00e9fono:(55) 52598121<br \/>\nE-mail: <a class=\"col1\" style=\"color: #ff00ff;\" href=\"https:\/\/www.saptel.org.mx\/contacto.html#\">saptel.crlyc@gmail.com<\/a><\/strong><\/em><\/span><\/h4>\n<div id=\"related-courses\"><\/div>\n<\/blockquote>\n<\/blockquote>\n","protected":false},"excerpt":{"rendered":"<p>\u2014 La indefensi\u00f3n aprendida \u2014 Cuando el maltrato se convierte en costumbre.! La Indefensi\u00f3n Aprendida, es un fen\u00f3meno que explica la ausencia de conductas de defensa, en las personas que est\u00e1n sometidas a situaciones de maltrato&#8230;Cuando se habla de maltrato a la mujer, en muchas ocasiones, la pregunta que nos surge a todos es: \u00bfPor [&hellip;]<\/p>\n","protected":false},"author":2,"featured_media":0,"parent":0,"menu_order":0,"comment_status":"closed","ping_status":"closed","template":"","meta":[],"_links":{"self":[{"href":"https:\/\/www.ceadin.org\/b\/wp-json\/wp\/v2\/pages\/3562"}],"collection":[{"href":"https:\/\/www.ceadin.org\/b\/wp-json\/wp\/v2\/pages"}],"about":[{"href":"https:\/\/www.ceadin.org\/b\/wp-json\/wp\/v2\/types\/page"}],"author":[{"embeddable":true,"href":"https:\/\/www.ceadin.org\/b\/wp-json\/wp\/v2\/users\/2"}],"replies":[{"embeddable":true,"href":"https:\/\/www.ceadin.org\/b\/wp-json\/wp\/v2\/comments?post=3562"}],"version-history":[{"count":0,"href":"https:\/\/www.ceadin.org\/b\/wp-json\/wp\/v2\/pages\/3562\/revisions"}],"wp:attachment":[{"href":"https:\/\/www.ceadin.org\/b\/wp-json\/wp\/v2\/media?parent=3562"}],"curies":[{"name":"wp","href":"https:\/\/api.w.org\/{rel}","templated":true}]}}