{"id":3474,"date":"2017-07-28T20:33:42","date_gmt":"2017-07-28T20:33:42","guid":{"rendered":"http:\/\/www.ceadin.org\/b\/?page_id=3474"},"modified":"2023-06-05T17:27:01","modified_gmt":"2023-06-05T17:27:01","slug":"que-es-lo-que-siente-y-piensa-una-persona-con-depresion","status":"publish","type":"page","link":"https:\/\/www.ceadin.org\/b\/que-es-lo-que-siente-y-piensa-una-persona-con-depresion\/","title":{"rendered":"\u00bfQu\u00e9 es lo que siente y piensa una persona con depresi\u00f3n?"},"content":{"rendered":"<blockquote>\n<h3 style=\"text-align: left;\"><\/h3>\n<blockquote>\n<h3 style=\"text-align: left;\"><span style=\"color: #008000;\"><em><strong><br \/>\n<span style=\"color: #008000;\">\u00bfCu\u00e1l es el retrato psicol\u00f3gico<\/span><br \/>\n<span style=\"color: #008000;\">de una persona con depresi\u00f3n.?<\/span><\/strong><\/em><\/span><\/h3>\n<h3 style=\"text-align: left;\"><span style=\"color: #d94b1c;\"><em><strong><span style=\"color: #d94b1c;\">\u00bfCu\u00e1l es su mundo.?<\/span><a href=\"http:\/\/www.ceadin.org\/b\/wp-content\/uploads\/2022\/11\/Captura-de-Pantalla-2022-11-26-a-las-4.06.19-p.m.-1.png\"><img decoding=\"async\" loading=\"lazy\" class=\"alignright size-full wp-image-6837\" src=\"http:\/\/www.ceadin.org\/b\/wp-content\/uploads\/2022\/11\/Captura-de-Pantalla-2022-11-26-a-las-4.06.19-p.m.-1.png\" alt=\"\" width=\"900\" height=\"672\" srcset=\"https:\/\/www.ceadin.org\/b\/wp-content\/uploads\/2022\/11\/Captura-de-Pantalla-2022-11-26-a-las-4.06.19-p.m.-1.png 900w, https:\/\/www.ceadin.org\/b\/wp-content\/uploads\/2022\/11\/Captura-de-Pantalla-2022-11-26-a-las-4.06.19-p.m.-1-300x224.png 300w, https:\/\/www.ceadin.org\/b\/wp-content\/uploads\/2022\/11\/Captura-de-Pantalla-2022-11-26-a-las-4.06.19-p.m.-1-768x573.png 768w, https:\/\/www.ceadin.org\/b\/wp-content\/uploads\/2022\/11\/Captura-de-Pantalla-2022-11-26-a-las-4.06.19-p.m.-1-619x462.png 619w\" sizes=\"(max-width: 900px) 100vw, 900px\" \/><\/a><\/strong><\/em><\/span><\/h3>\n<h3 style=\"text-align: center;\"><span style=\"color: #008000;\"><em><strong>\u00bfCu\u00e1l es nuestra actitud hacia un<\/strong><\/em><\/span><br \/>\n<span style=\"color: #008000;\"><em><strong>familiar o <\/strong><\/em><\/span><span style=\"color: #008000;\"><em><strong>amigo cuando le es diagnosticado<\/strong><\/em><\/span><br \/>\n<span style=\"color: #008000;\"><em><strong>un trastorno depresivo..?<\/strong><\/em><\/span><\/h3>\n<h3 style=\"text-align: left;\"><span style=\"color: #d94b1c;\"><em><strong>\u00bfQue siente.. que piensa..?<\/strong><\/em><\/span><\/h3>\n<h4><span style=\"color: #800080;\"><em><strong><span style=\"color: #008000;\">A lo largo de las siguientes l\u00edneas voy a recoger algunos de los comentarios que algunas personas han compartido conmigo en diferentes sesiones de trabajo individual. <\/span><\/strong><\/em><\/span><\/h4>\n<h4><span style=\"color: #800080;\"><em><strong><span style=\"color: #008000;\">Esto al menos nos ayudar\u00e1 a entender, a comprender y tal vez a <span style=\"color: #d94b1c;\">-acompa\u00f1ar desde otra visi\u00f3n a estas personas en esta etapa complicada de su vida a salir de la depresi\u00f3n-.\u00a0<\/span><\/span> <\/strong><\/em><\/span><\/h4>\n<h4><span style=\"color: #800080;\"><em><strong><span style=\"color: #008000;\">Es preciso aclarar que aunque aqu\u00ed hablemos gen\u00e9ricamente de<\/span><span style=\"color: #d94b1c;\"> -depresi\u00f3n-,<\/span> <span style=\"color: #008000;\">existen diferentes tipos y grados y con notables diferencias entre s\u00ed, tanto en sintomatolog\u00eda como en abordaje terap\u00e9utico y comprensi\u00f3n. Pero siempre y en todos los casos, es la persona la que permanece.<\/span><\/strong><\/em><\/span><\/h4>\n<div class=\"entry-content\">\n<h3 style=\"text-align: center;\"><span style=\"color: #d94b1c;\"><em><strong>\u2014 Debilitaci\u00f3n de las energ\u00edas en la persona depresiva \u2014<\/strong><\/em><\/span><\/h3>\n<blockquote>\n<h3><span style=\"color: #800080;\"><span style=\"color: #008000;\"><em><strong>\u2014 No tengo ganas de nada.<br \/>\n<\/strong><\/em><\/span><\/span><\/h3>\n<h3><span style=\"color: #008000;\"><em><strong>\u2014 Me aburre todo.<br \/>\n<\/strong><\/em><\/span><\/h3>\n<h3><span style=\"color: #008000;\"><em><strong>\u2014 Soy incapaz de concentrarme, de leer un libro y me aburre la televisi\u00f3n.<br \/>\n<\/strong><\/em><\/span><\/h3>\n<h3><span style=\"color: #008000;\"><em><strong>\u2014 Solo tengo ganas de estar tumbado.<br \/>\n<\/strong><\/em><\/span><\/h3>\n<h3><span style=\"color: #008000;\"><em><strong>\u2014 Es como si no tuviese fuerzas para hacer cualquier cosa, por peque\u00f1a que sea.<br \/>\n<\/strong><\/em><\/span><\/h3>\n<h3><span style=\"color: #008000;\"><em><strong>\u2014 Estoy como anestesiado.<br \/>\n<\/strong><\/em><\/span><\/h3>\n<h3><span style=\"color: #008000;\"><em><strong>\u2014 Mi familia y mi entorno dicen que es cuesti\u00f3n de fuerza de voluntad.<br \/>\n<\/strong><\/em><\/span><\/h3>\n<h3><span style=\"color: #008000;\"><em><strong>\u2014 Que ponga de mi parte.<br \/>\n<\/strong><\/em><\/span><\/h3>\n<h3><span style=\"color: #008000;\"><em><strong>\u2014 Que si realmente quisiera podr\u00eda salir de esto.<br \/>\n<\/strong><\/em><\/span><\/h3>\n<h3><span style=\"color: #008000;\"><em><strong>\u2014 Pero no puedo, de verdad que no puedo.<br \/>\n<\/strong><\/em><\/span><\/h3>\n<h3><span style=\"color: #008000;\"><em><strong>\u2014 No entienden que no puedo.<\/strong><\/em><\/span><\/h3>\n<\/blockquote>\n<h4><em><strong><span style=\"color: #008000;\">Esta es una de las<\/span> <span style=\"color: #d94b1c;\">-quejas-<\/span> <span style=\"color: #800080;\"><span style=\"color: #008000;\">m\u00e1s comunes entre las personas que<\/span> <span style=\"color: #008000;\">presentan un cuadro depresivo.<\/span><\/span><span style=\"color: #d94b1c;\"> -Que sus familiares m\u00e1s cercanos y sus amistades piensen que la depresi\u00f3n es en su mayor parte un asunto de lo que se entiende por fuerza de voluntad-. <\/span><span style=\"color: #008000;\">Y aunque hace falta voluntad para abordar cualquier enfermedad, el curso de un trastorno depresivo en ning\u00fan caso es atribuible a una presunta debilidad o falta de coraje de la persona. <\/span><\/strong><\/em><\/h4>\n<h4><span style=\"color: #008000;\"><em><strong>A veces cuando hablamos de depresi\u00f3n lo hacemos como si fuera un trastorno provocado por una causa \u00fanica, generalmente de origen externo y localizado. Pero esto no suele ser as\u00ed en todos los casos. <\/strong><\/em><\/span><\/h4>\n<h4><em><strong><span style=\"color: #800080;\"><span style=\"color: #008000;\">Recordemos que la depresi\u00f3n puede desarrollarse bien por eventos desencadenantes externos<\/span> <span style=\"color: #d94b1c;\">\u2013depresi\u00f3n reactiva- <\/span><span style=\"color: #008000;\">pero tambi\u00e9n por <span style=\"color: #7a0ecc;\">-desequilibrios neuroqu\u00edmicos a nivel cerebral-.<\/span><\/span><\/span> <\/strong><\/em><\/h4>\n<h3 style=\"text-align: center;\"><span style=\"color: #7a0ecc;\"><em><strong>\u00a1 No creo que nadie pensar\u00eda que una leucemia<br \/>\nse cura solo con fuerza de voluntad, y menos a\u00fan que ning\u00fan<br \/>\nfamiliar le dijese al enfermo que si quisiera podr\u00eda curarse..!<\/strong><\/em><\/span><\/h3>\n<h3 style=\"text-align: center;\"><span style=\"color: #d94b1c;\"><em><strong> El trastorno depresivo es un fen\u00f3meno<br \/>\nmuy complejo, que depende de muchos factores y<br \/>\nque puede traer asociado muchos<br \/>\notros desequilibrios.<\/strong><\/em><\/span><\/h3>\n<h4><em><strong><span style=\"color: #800080;\"><span style=\"text-decoration: underline; color: #7a0ecc;\">-Y cuando esta persona dice -no puedo- es que realmente no puede-.<\/span> <span style=\"color: #008000;\">Es importante diferenciar entre la realidad y la visi\u00f3n de su realidad. Buena parte del trabajo terap\u00e9utico consistir\u00e1 precisamente en que la persona cambie la manera de ver su realidad.<\/span><\/span> <\/strong><\/em><\/h4>\n<h4><em><strong><span style=\"color: #008000;\">Del no puedo y soy incapaz, al me cuesta. Del me aburre todo, al, la mayor\u00eda de las cosas me aburren. Porque la mayor\u00eda ya no son todas. Y esto es un comienzo.<\/span><\/strong><\/em><\/h4>\n<h3 style=\"text-align: center;\"><em><strong><span style=\"color: #d94b1c;\">\u2014 Desvalorizaci\u00f3n, desesperanza y sufrimiento \u2014<\/span><br \/>\n<\/strong><\/em><\/h3>\n<blockquote>\n<h3><span style=\"color: #7a0ecc;\"><em><strong>\u201cSiento que no valgo nada, que soy inferior a todos. Ya ni me comparo con los otros porque s\u00e9 que los dem\u00e1s son mucho mejores que yo. <\/strong><\/em><\/span><\/h3>\n<h3><span style=\"color: #7a0ecc;\"><em><strong>No estoy a la altura ni merezco la pareja que tengo. Solo le hago sufrir. Conmigo a su lado no es feliz. <\/strong><\/em><\/span><\/h3>\n<h3><span style=\"color: #7a0ecc;\"><em><strong>Es imposible ser feliz con personas como yo, no soy digno de ella. Soy el culpable de su infelicidad y en ocasiones deseo morirme. Total, para vivir as\u00ed es mejor morirse. <\/strong><\/em><\/span><\/h3>\n<h3><span style=\"color: #7a0ecc;\"><em><strong>Ni recuerdo cuando fue la \u00faltima vez que experiment\u00e9 alegr\u00eda por algo. Tengo unas enormes ganas de llorar, pero ni me salen las l\u00e1grimas \u00bfQu\u00e9 va a ser de m\u00ed?\u201d.<\/strong><\/em><\/span><\/h3>\n<h3 style=\"text-align: center;\"><span style=\"color: #7a0ecc;\"><em><strong>\u00a1 OJO..!!<\/strong><\/em><\/span><\/h3>\n<h3 style=\"text-align: center;\"><span style=\"color: #7a0ecc;\"><em><strong><span style=\"text-decoration: underline;\">-ESTOS PENSAMIENTOS<br \/>\nSON INDUCIDOS POR LA ENFERMEDAD-<\/span><\/strong><\/em><\/span><\/h3>\n<h4 style=\"text-align: left;\"><em><strong><span style=\"color: #008000;\"><span style=\"text-decoration: underline; color: #d94b1c;\">-El \u00e1nimo depresivo causa mucho dolor a quien lo experimenta, porque en su base habita la desesperanza y la culpa-. <\/span>La desesperanza porque la persona tiene el convencimiento de que ya no hay nada que hacer, que ya es imposible darle la vuelta a esta situaci\u00f3n, que esto es as\u00ed y tambi\u00e9n lo ser\u00e1 ma\u00f1ana y al otro\u2026y al otro.<\/span> <\/strong><\/em><\/h4>\n<h3><span style=\"color: #0000ff;\"><em><strong><span style=\"color: #7a0ecc;\">SUICIDIO..\u00a0 -Por eso y ante esta desesperanza mantenida, no son infrecuentes las ideas de desaparici\u00f3n permanente, de suicidio, como un medio de aliviar el sufrimiento, tanto propio como el de sus seres queridos-.<\/span> <\/strong><\/em><\/span><\/h3>\n<h4><em><strong><span style=\"color: #008000;\">Con frecuencia anidan en su mente ideas de menosprecio hacia s\u00ed mismo y son precisamente estas ideas las que favorecen que,<span style=\"color: #d94b1c;\"> -no solo se contemple un conjunto de problemas de dif\u00edcil soluci\u00f3n, sino a s\u00ed mismo como incapaz de darle una salida adecuada-. <\/span><\/span><\/strong><\/em><\/h4>\n<h4><em><strong><span style=\"color: #008000;\">Y la persona se siente tan culpable de provocar tanto sufrimiento y sin los recursos suficientes para acabar con esta situaci\u00f3n que generalmente desarrolla una sintomatolog\u00eda ansiosa,<\/span> <span style=\"color: #d94b1c;\">con manifestaciones som\u00e1ticas concretas como: <\/span><\/strong><\/em><\/h4>\n<h4><span style=\"color: #008000;\"><em><strong>1.- LA OPRESI\u00d3N EN EL PECHO.\u00a0<\/strong><\/em><\/span><\/h4>\n<h4><span style=\"color: #008000;\"><em><strong>2.- SENSACI\u00d3N DE AHOGO.<\/strong><\/em><\/span><\/h4>\n<h4><span style=\"color: #008000;\"><em><strong>3.- PALPITACIONES.<\/strong><\/em><\/span><\/h4>\n<h4><span style=\"color: #008000;\"><em><strong>4.- TEMBLORES.<\/strong><\/em><\/span><\/h4>\n<h4><span style=\"color: #008000;\"><em><strong>5.- VISTA BORROSA.<\/strong><\/em><\/span><\/h4>\n<h4><span style=\"color: #008000;\"><em><strong>6.- BOCA SECA.<\/strong><\/em><\/span><\/h4>\n<h4><span style=\"color: #008000;\"><em><strong>7.- SENSACI\u00d3N DE MAREO.<\/strong><\/em><\/span><\/h4>\n<h4><span style=\"color: #008000;\"><em><strong>8.- ZUMBIDO DE O\u00cdDOS.<\/strong><\/em><\/span><\/h4>\n<h4><span style=\"color: #008000;\"><em><strong>9.- N\u00c1USEAS.<\/strong><\/em><\/span><\/h4>\n<h4><span style=\"color: #008000;\"><em><strong>10.- DOLOR DE ESPALDA.<\/strong><\/em><\/span><\/h4>\n<h4><span style=\"color: #008000;\"><em><strong>11.- MAND\u00cdBULA TENSA, ETC.<\/strong><\/em><\/span><\/h4>\n<h4><span style=\"color: #008000;\"><em><strong>Que provoca un gran malestar general y que de forma autom\u00e1tica retroalimenta su sensaci\u00f3n de descontrol y de miedo.<\/strong><\/em><\/span><\/h4>\n<h4><em><strong><span style=\"color: #008000;\"><span style=\"color: #d94b1c;\">-\u00bfQu\u00e9 suele ocurrir cuando alguien se encuentra frente a un familiar o amigo con este problema?- <\/span>En demasiadas ocasiones intenta hacer ver a la persona lo maravillosa que puede ser su vida, y la familia tan estupenda que tiene o la falta de problemas econ\u00f3micos, si es su caso.<\/span><\/strong><\/em><\/h4>\n<h3><span style=\"color: #7a0ecc;\"><em><strong>Pero esto que a nosotros nos puede parecer algo que seguro ayudar\u00e1 a esta persona, generalmente alimentar\u00e1 su sensaci\u00f3n de culpa, y que pudiendo tener una existencia maravillosa sin embargo lo que produce es la amargura y el mal vivir de su familia.<\/strong><\/em><\/span><\/h3>\n<\/blockquote>\n<h3 style=\"text-align: center;\"><em><strong><span style=\"color: #800080;\"><br \/>\n<\/span><\/strong><\/em><span style=\"color: #800080;\"><em><strong><span style=\"color: #008000;\">\u2014 Narrativa del pensamiento de una persona con,<\/span> <\/strong><\/em><\/span><\/h3>\n<h4 style=\"text-align: center;\"><span style=\"color: #c45821;\"><em><strong><span style=\"color: #d94b1c;\">\u2014 DEPRESI\u00d3N \u2014<\/span><br \/>\n<\/strong><\/em><\/span><\/h4>\n<blockquote>\n<h3><span style=\"color: #7a0ecc;\"><em><strong>Ritmo alterado a causa de la depresi\u00f3n:<br \/>\n<span style=\"text-decoration: underline;\">\u201cPor las ma\u00f1anas tengo un miedo atroz a levantarme de la cama porque se apodera de m\u00ed un malestar terrible, con una tristeza que me acompa\u00f1a constantemente y mi cabeza que no deja de pensar una y otra vez en este asunto que me atormenta. <\/span><\/strong><\/em><\/span><\/h3>\n<h3><span style=\"color: #7a0ecc;\"><em><strong><span style=\"text-decoration: underline;\">S\u00e9 que hemos hablado sobre esto y entiendo que son cosas del pasado y que no debieran afectarme tanto. Pero no puedo evitarlo. <\/span><\/strong><\/em><\/span><\/h3>\n<h3><span style=\"color: #7a0ecc;\"><em><strong><span style=\"text-decoration: underline;\">Es curioso, pero por las tardes me encuentro mejor, es como si viese las cosas con mayor claridad y tomase cierta distancia con todo esto que me permite respirar. <\/span><\/strong><\/em><\/span><\/h3>\n<h3><span style=\"color: #7a0ecc;\"><em><strong><span style=\"text-decoration: underline;\">Sin embargo, pensar que ma\u00f1ana volver\u00e1 a ser lo mismo me inquieta tanto que me impide quedarme dormido por las noches. Es algo que temo, no dormir otra vez me angustia\u201d.<\/span><\/strong><\/em><\/span><\/h3>\n<h3 style=\"text-align: center;\"><span style=\"color: #7a0ecc;\"><em><strong>\u00a1OJO..!!<\/strong><\/em><\/span><\/h3>\n<h3 style=\"text-align: center;\"><span style=\"color: #7a0ecc;\"><em><strong><span style=\"text-decoration: underline;\">-ESTOS PENSAMIENTOS<br \/>\nSON INDUCIDOS POR LA ENFERMEDAD-<\/span><\/strong><\/em><\/span><\/h3>\n<\/blockquote>\n<\/div>\n<h4><span style=\"color: #008000;\"><em><strong>Las personas que presentan un trastorno depresivo suelen fluctuar mucho en sus s\u00edntomas a lo largo del d\u00eda, con marcadas diferencias seg\u00fan sea la ma\u00f1ana o la tarde. Generalmente presentan una mejor\u00eda de sus s\u00edntomas por la tarde en comparaci\u00f3n con sus ma\u00f1anas, aunque hay personas que no refieren esta mejor\u00eda de forma tan marcada. <\/strong><\/em><\/span><\/h4>\n<h4><span style=\"color: #7a0ecc;\"><em><strong><span style=\"text-decoration: underline;\">-Parad\u00f3jicamente esto les crea ansiedad, ya que suelen anticipar el malestar que -seguro- experimentar\u00e1n a la ma\u00f1ana del d\u00eda siguiente. Y es precisamente esta acci\u00f3n anticipatoria lo que colabora activamente a que el ciclo vuelva a comenzar-.<\/span><\/strong><\/em><\/span><\/h4>\n<h4><span style=\"color: #008000;\"><em><strong>Lo mismo ocurre con la dificultad para conciliar el sue\u00f1o o con los despertares frecuentes durante la noche. <\/strong><\/em><\/span><\/h4>\n<h3 style=\"text-align: center;\"><span style=\"color: #7a0ecc;\"><em><strong>\u00a1OJO..!! <\/strong><\/em><\/span><\/h3>\n<h3 style=\"text-align: center;\"><span style=\"color: #7a0ecc;\"><em><strong>Cuando la persona -sabe-<br \/>\nque no va a dormir, no va a dormir.<\/strong><\/em><\/span><\/h3>\n<h3 style=\"text-align: center;\"><span style=\"color: #c45821;\"><em><strong><span style=\"color: #d94b1c;\">Curiosa es nuestra mente\u00a0 \u00bfverdad.?<\/span> <\/strong><\/em><\/span><\/h3>\n<h4><span style=\"color: #008000;\"><em><strong>Sin embargo, es posible romper este <span class=\"_Tgc _s8w\"><b>c\u00edrculo vicioso<\/b><\/span>. Muchas personas lo han hecho y lo hacen, pero una vez m\u00e1s, no es cuesti\u00f3n exclusivamente de fuerza de voluntad sino de compromiso con un trabajo personal estructurado.<\/strong><\/em><\/span><\/h4>\n<blockquote>\n<h3><em><strong><span style=\"color: #d94b1c;\">Desconexi\u00f3n comunicativa de la persona deprimida:<\/span><br \/>\n<\/strong><span style=\"text-decoration: underline; color: #7a0ecc;\"><strong>\u201cHace ya tiempo que no quedo de verme con nadie. El caso es que no tengo ganas de salir y sobre todo no deseo encontrarme con conocidos. <\/strong><\/span><\/em><\/h3>\n<h3><em><span style=\"text-decoration: underline; color: #7a0ecc;\"><strong>No soporto que me pregunten c\u00f3mo estoy y que si deber\u00eda hacer esto o aquello. <\/strong><\/span><\/em><\/h3>\n<h3><span style=\"color: #7a0ecc;\"><em><span style=\"text-decoration: underline;\"><strong>Tengo la sensaci\u00f3n que estoy en boca de todos. Es algo que me enfada tremendamente. Adem\u00e1s mira que aspecto tengo. <\/strong><\/span><\/em><\/span><\/h3>\n<h3><span style=\"color: #7a0ecc;\"><em><span style=\"text-decoration: underline;\"><strong>Me miro al espejo y veo una mujer\/hombre envejecida (o) y sin ganas de arreglarse ni tan siquiera de cambiarse de ropa. <\/strong><\/span><\/em><\/span><\/h3>\n<h3><span style=\"color: #7a0ecc;\"><em><span style=\"text-decoration: underline;\"><strong>No tengo ning\u00fan inter\u00e9s por nada y hasta me da igual lo que pase por el mundo, bueno, esto no es del todo as\u00ed, porque no puedo ver a toda esta gente que se queda sin trabajo y sufro mucho por ellos\u201d.<\/strong> <\/span><\/em><\/span><\/h3>\n<h3 style=\"text-align: center;\"><span style=\"color: #7a0ecc;\"><em><strong>\u00a1OJO..!!<\/strong><\/em><\/span><\/h3>\n<h3 style=\"text-align: center;\"><span style=\"color: #7a0ecc;\"><em><strong><span style=\"text-decoration: underline;\">-ESTOS PENSAMIENTOS<br \/>\nSON INDUCIDOS POR LA ENFERMEDAD-<\/span><\/strong><\/em><\/span><\/h3>\n<\/blockquote>\n<h4 class=\"widget-wrap\" style=\"text-align: center;\"><span style=\"text-decoration: underline; color: #c45821;\"><em><strong><span style=\"color: #008000; text-decoration: underline;\">La autoimagen que tiene una persona, condiciona en buena parte su vida y sus relaciones interpersonales. Esto sucede en las personas que presentan un <span style=\"color: #c45821; text-decoration: underline;\">&#8211;<span style=\"color: #d94b1c; text-decoration: underline;\">trastorno depresivo-,<\/span><\/span> o cualquiera de sus variantes de forma muy severa.<\/span> <\/strong><\/em><\/span><\/h4>\n<h4 class=\"widget-wrap\"><span style=\"color: #c45821;\"><em><strong><span style=\"color: #008000;\">Generalmente las personas etiquetadas como depresivas, suelen acceder a abundante informaci\u00f3n sobre el trastorno, informaci\u00f3n que en muchas ocasiones tiene que ver m\u00e1s con opiniones que con rigor cient\u00edfico-.<\/span> <\/strong><\/em><\/span><\/h4>\n<h4 class=\"widget-wrap\"><span style=\"color: #c45821;\"><em><strong><span style=\"color: #008000;\">El riesgo radica en que la persona admita que, dado su diagn\u00f3stico de depresi\u00f3n, lo <span style=\"color: #d94b1c;\">-normal- <\/span>es comportarse como se espera que lo haga: -aislamiento social, abandono personal e incomunicaci\u00f3n-. Y as\u00ed se mezclan en un solo recipiente tanto el s\u00edntoma real del trastorno como la conducta esperada asociada al mismo s\u00edntoma.<\/span><br \/>\n<\/strong><\/em><\/span><\/h4>\n<h3 style=\"text-align: center;\"><span style=\"text-decoration: underline; color: #7a0ecc;\"><em><strong>-LA DEPRESI\u00d3N ES UNA ENFERMEDAD CL\u00cdNICA-<\/strong><\/em><\/span><\/h3>\n<h4 style=\"text-align: center;\"><span style=\"color: #800080;\"><em><strong><span style=\"color: #008000;\">Es necesario atenderla y abordarla<\/span><br \/>\n<span style=\"color: #008000;\"> con las herramientas que la ciencia nos facilita.<\/span><br \/>\n<\/strong><\/em><\/span><\/h4>\n<h3 style=\"text-align: center;\"><span style=\"color: #7a0ecc;\"><em><strong>Ser atendida por un -M\u00e9dico Psiquiatra-<br \/>\nEl ser humano es m\u00e1s que su propio trastorno<br \/>\ny requiere y reclama una atenci\u00f3n que le contemple<br \/>\nno solo como un organismo que arreglar, sino como un todo con<br \/>\nvocaci\u00f3n de sentido y posibilidades de realizaci\u00f3n<br \/>\na\u00fan en la adversidad.<\/strong><\/em><\/span><\/h3>\n<\/blockquote>\n<p><em><span style=\"color: #7a0ecc;\">Artista-Cassandra Barney<\/span><\/em><\/p>\n<h4><span style=\"color: #008080;\"><em><strong>NOTA IMPORTANTE.<\/strong><\/em><em><strong><br \/>\nBusque ayuda inmediatamente si:<\/strong><\/em><\/span><br \/>\n<span style=\"color: #008080;\"><em><strong>Se siente abrumado.<\/strong><\/em><\/span><br \/>\n<span style=\"color: #008080;\"><em><strong>\u2028Est\u00e1 pensando en hacerse da\u00f1o o en da\u00f1ar a otra persona.<\/strong><\/em><\/span><br \/>\n<span style=\"color: #008080;\"><em><strong>Es incapaz de controlar su comportamiento.<\/strong><\/em><\/span><br \/>\n<span style=\"color: #008080;\"><em><strong>Tiene otros s\u00edntomas muy angustiantes de trastorno<\/strong><\/em><\/span><br \/>\n<span style=\"color: #008080;\"><em><strong>de estr\u00e9s postraum\u00e1tico.<\/strong><\/em><em><strong><br \/>\nLlame a un familiar, no se quede solo.<br \/>\nLlame a su m\u00e9dico.<\/strong><\/em><\/span><\/h4>\n<h4><span style=\"color: #ff00ff;\"><em><strong>EN CASO NECESARIO:<\/strong><\/em><\/span><br \/>\n<span style=\"color: #ff00ff;\"><em><strong>Llame a su m\u00e9dico.<\/strong><\/em><\/span><br \/>\n<span style=\"color: #ff00ff;\"><em><strong>Llame al 911 para servicios de emergencia\u2028 o vaya<\/strong><\/em><\/span><br \/>\n<span style=\"color: #ff00ff;\"><em><strong>a la sala de emergencias m\u00e1s cercana.<\/strong><\/em><\/span><br \/>\n<span style=\"color: #ff00ff;\"><em><strong>En un caso de emergencia, puede llamar a:<\/strong><\/em><\/span><br \/>\n<span style=\"color: #ff00ff;\"><em><strong>SAPTEL \u201cSistema Nacional de Apoyo, Consejo \u2028Psicol\u00f3gico<\/strong><\/em><\/span><br \/>\n<span style=\"color: #ff00ff;\"><em><strong>e Intervenci\u00f3n en Crisis por Tel\u00e9fono\u201d<\/strong><\/em><\/span><br \/>\n<span style=\"color: #ff00ff;\"><em><strong>(Cruz Roja Mexicana\u2013 24 Hrs.) sin costo<\/strong><\/em><\/span><\/h4>\n<h4><span style=\"color: #ff00ff;\"><em><strong>SAPTEL<\/strong><\/em><\/span><br \/>\n<span style=\"color: #ff00ff;\"><em><strong>Av M\u00e9xico #37, Hip\u00f3dromo,<\/strong><\/em><\/span><br \/>\n<span style=\"color: #ff00ff;\"><em><strong>Cuauht\u00e9moc, Ciudad de M\u00e9xico.<\/strong><\/em><\/span><br \/>\n<span style=\"color: #ff00ff;\"><em><strong>Tel\u00e9fono:(55) 52598121<br \/>\nE-mail: <a class=\"col1\" style=\"color: #ff00ff;\" href=\"https:\/\/www.saptel.org.mx\/contacto.html#\">saptel.crlyc@gmail.com<\/a><\/strong><\/em><\/span><\/h4>\n<\/blockquote>\n","protected":false},"excerpt":{"rendered":"<p>\u00bfCu\u00e1l es el retrato psicol\u00f3gico de una persona con depresi\u00f3n.? \u00bfCu\u00e1l es su mundo.? \u00bfCu\u00e1l es nuestra actitud hacia un familiar o amigo cuando le es diagnosticado un trastorno depresivo..? \u00bfQue siente.. que piensa..? A lo largo de las siguientes l\u00edneas voy a recoger algunos de los comentarios que algunas personas han compartido conmigo en [&hellip;]<\/p>\n","protected":false},"author":2,"featured_media":0,"parent":0,"menu_order":0,"comment_status":"closed","ping_status":"closed","template":"","meta":[],"_links":{"self":[{"href":"https:\/\/www.ceadin.org\/b\/wp-json\/wp\/v2\/pages\/3474"}],"collection":[{"href":"https:\/\/www.ceadin.org\/b\/wp-json\/wp\/v2\/pages"}],"about":[{"href":"https:\/\/www.ceadin.org\/b\/wp-json\/wp\/v2\/types\/page"}],"author":[{"embeddable":true,"href":"https:\/\/www.ceadin.org\/b\/wp-json\/wp\/v2\/users\/2"}],"replies":[{"embeddable":true,"href":"https:\/\/www.ceadin.org\/b\/wp-json\/wp\/v2\/comments?post=3474"}],"version-history":[{"count":0,"href":"https:\/\/www.ceadin.org\/b\/wp-json\/wp\/v2\/pages\/3474\/revisions"}],"wp:attachment":[{"href":"https:\/\/www.ceadin.org\/b\/wp-json\/wp\/v2\/media?parent=3474"}],"curies":[{"name":"wp","href":"https:\/\/api.w.org\/{rel}","templated":true}]}}