{"id":3410,"date":"2017-07-29T00:27:45","date_gmt":"2017-07-29T00:27:45","guid":{"rendered":"http:\/\/www.ceadin.org\/b\/?page_id=3410"},"modified":"2023-06-05T21:51:36","modified_gmt":"2023-06-05T21:51:36","slug":"definicion-de-depresion","status":"publish","type":"page","link":"https:\/\/www.ceadin.org\/b\/definicion-de-depresion\/","title":{"rendered":"Definici\u00f3n de Depresi\u00f3n"},"content":{"rendered":"<blockquote>\n<h3 style=\"text-align: center;\"><span style=\"color: #008080;\"><em><strong>\u2014 De<\/strong><strong>presi\u00f3n \u2014\u00a0<\/strong><\/em><\/span><\/h3>\n<blockquote>\n<blockquote>\n<h3 style=\"text-align: left;\"><span style=\"color: #808000;\"><em><strong><span style=\"color: #808000;\">La Depresi\u00f3n, es una de las enfermedades que entrelazan:<\/span><br \/>\n<span style=\"color: #008000;\">-Cuerpo, Cerebro, Mente y Alma-<\/span><br \/>\ny que afecta a muchos pacientes<br \/>\ncl\u00ednicos y a lo que sufren, lo llamamos:<\/strong><\/em><\/span><\/h3>\n<h3 style=\"text-align: center;\"><span style=\"color: #d94b1c;\"><em><strong><span style=\"color: #7a0ecc;\">\u2014 CUERPO-DOLOR \u2014<\/span><br \/>\n<\/strong><\/em><\/span><\/h3>\n<h3 style=\"text-align: center;\"><span style=\"color: #008080;\"><em><strong>Enfermos deprimidos en contra de su voluntad..!<br \/>\n<\/strong><\/em><\/span><\/h3>\n<h3 style=\"text-align: center;\"><a href=\"http:\/\/www.ceadin.org\/b\/wp-content\/uploads\/2020\/11\/casandra12-copia-2.jpeg\"><img decoding=\"async\" loading=\"lazy\" class=\"aligncenter wp-image-6429\" src=\"http:\/\/www.ceadin.org\/b\/wp-content\/uploads\/2020\/11\/casandra12-copia-2.jpeg\" alt=\"\" width=\"700\" height=\"523\" srcset=\"https:\/\/www.ceadin.org\/b\/wp-content\/uploads\/2020\/11\/casandra12-copia-2.jpeg 1552w, https:\/\/www.ceadin.org\/b\/wp-content\/uploads\/2020\/11\/casandra12-copia-2-300x224.jpeg 300w, https:\/\/www.ceadin.org\/b\/wp-content\/uploads\/2020\/11\/casandra12-copia-2-768x574.jpeg 768w, https:\/\/www.ceadin.org\/b\/wp-content\/uploads\/2020\/11\/casandra12-copia-2-1024x765.jpeg 1024w, https:\/\/www.ceadin.org\/b\/wp-content\/uploads\/2020\/11\/casandra12-copia-2-619x462.jpeg 619w\" sizes=\"(max-width: 700px) 100vw, 700px\" \/><\/a><span style=\"color: #800080;\"><em><strong><span style=\"color: #008080;\">-La depresi\u00f3n es un trastorno emocional-<\/span><br \/>\n<span style=\"color: #808000;\">que se caracteriza por la p\u00e9rdida de la felicidad<br \/>\nque<\/span><span style=\"color: #808000;\"> se ven\u00eda experimentando y la inmersi\u00f3n en un estado de<br \/>\nabatimiento<\/span><span style=\"color: #808000;\"> que, y dependiendo de sus causas, en algunos casos puede<\/span><span style=\"color: #808000;\"> ser cr\u00f3nica y en otros moment\u00e1nea.<\/span><\/strong><\/em><\/span><\/h3>\n<h4 style=\"text-align: center;\"><span style=\"color: #808000;\"><em><strong>Seg\u00fan la definici\u00f3n cl\u00ednica de esta patolog\u00eda:<br \/>\n<span style=\"color: #008080;\">-LA DEPRESI\u00d3N ES UN TRASTORNO EN EL ESTADO DE \u00c1NIMO<br \/>\nDONDE APARECEN SENTIMIENTOS DE<\/span><span style=\"color: #008080;\">:<\/span><\/strong><\/em><\/span><\/h4>\n<h4 style=\"text-align: center;\"><span style=\"color: #b61cd9;\"><em><strong><span style=\"text-decoration: underline;\">DOLOR PROFUNDO, IRA, FRUSTRACI\u00d3N, SOLEDAD,<br \/>\nDESENCANTO DE LA VIDA, SOLEDAD, TRISTEZA, CULPA, MIEDO, ETC.-,<\/span><\/strong><\/em><\/span><\/h4>\n<h4 style=\"text-align: left;\"><span style=\"color: #808000;\"><em><strong>E impiden que la persona contin\u00fae con su<br \/>\nvida ordinaria de forma normal, durante un tiempo prolongado.!<\/strong><\/em><\/span><\/h4>\n<h3 style=\"text-align: center;\"><span style=\"color: #808000;\"><em><strong>Algunos de los s\u00edntomas que<br \/>\nmuestran una posible depresi\u00f3n son: <\/strong><\/em><\/span><\/h3>\n<blockquote>\n<h4 style=\"text-align: left;\"><span style=\"color: #b61cd9;\"><em><strong><span style=\"text-decoration: underline;\">1.- EL CANSANCIO PSICOL\u00d3GICO Y MENTAL.<br \/>\n<\/span><\/strong><\/em><\/span><\/h4>\n<h4 style=\"text-align: left;\"><span style=\"color: #b61cd9;\"><em><strong><span style=\"text-decoration: underline;\">2.- ADEM\u00c1S DEL AGOTAMIENTO F\u00cdSICO VIVIDO INCLUSO A PRIMERA HORA DE LA MA\u00d1ANA, DESPU\u00c9S DE HABER<br \/>\nDORMIDO POR LA NOCHE.<\/span><\/strong><\/em><\/span><\/h4>\n<h4 style=\"text-align: left;\"><span style=\"color: #b61cd9;\"><em><strong><span style=\"text-decoration: underline;\">3.- LAS DIFICULTADES PARA MANTENER LA CONCENTRACI\u00d3N EN EL TRABAJO,<br \/>\n<\/span><\/strong><\/em><\/span><\/h4>\n<h4 style=\"text-align: left;\"><span style=\"color: #b61cd9;\"><em><strong><span style=\"text-decoration: underline;\">4.- LA INCAPACIDAD PARA DISFRUTAR DE ACTIVIDADES QUE ANTERIORMENTE S\u00cd ERAN CAUSA DE DISFRUTE.<\/span><\/strong><\/em><\/span><\/h4>\n<h4 style=\"text-align: left;\"><span style=\"color: #b61cd9;\"><em><strong><span style=\"text-decoration: underline;\">5.- EL PENSAMIENTO NEGATIVO RECURRENTE<br \/>\nE INCLUSO LA ANSIEDAD.<\/span><\/strong><\/em><\/span><\/h4>\n<\/blockquote>\n<h4 style=\"text-align: center;\"><span style=\"color: #008080;\"><em><strong>POR DESGRACIA CADA VEZ LO<br \/>\nPADECEN PERSONAS A MAS CORTA EDAD.<\/strong><\/em><\/span><\/h4>\n<h4 style=\"text-align: left;\"><span style=\"color: #008000;\"><em><strong><span style=\"color: #d94b1c;\"><span style=\"color: #808000;\"><span style=\"color: #008080;\">Cuando un enfermo est\u00e1 deprimido debe acudir al m\u00e9dico <\/span>para que sea \u00e9l quien le oriente en la b\u00fasqueda de un buen psic\u00f3logo o psiquiatra, que ofrece apoyo emocional en este tipo de situaciones.<\/span><\/span><\/strong><\/em><\/span><\/h4>\n<h4 style=\"text-align: left;\"><span style=\"color: #008000;\"><em><strong><span style=\"color: #808000;\">No siempre es necesario tomar medicaci\u00f3n cuando se sufre una depresi\u00f3n, en ocasiones, la terapia del di\u00e1logo puede ser suficiente para ir sanando los s\u00edntomas del malestar <span style=\"color: #d94b1c;\">(el paciente habla de s\u00ed mismo en la terapia, se deshoga, comparte sus miedos, sus dudas e inseguridades).<\/span><\/span><\/strong><\/em><\/span><\/h4>\n<h3 style=\"text-align: center;\"><span style=\"color: #808000;\"><em><strong>En ocasiones, el entorno m\u00e1s cercano no<\/strong><\/em><\/span><br \/>\n<span style=\"color: #808000;\"><em><strong> sabe muy bien c\u00f3mo ayudar a un paciente que est\u00e1 deprimido.<\/strong><\/em><\/span><\/h3>\n<h3 style=\"text-align: center;\"><span style=\"color: #b61cd9;\"><em><strong>\u00a1OJO&#8230;.! \u00a0 EXISTEN ALGUNOS CONSEJOS DE AYUDA QUE:<\/strong><\/em><\/span><\/h3>\n<h3 style=\"text-align: center;\"><span style=\"color: #b61cd9;\"><em><strong><span style=\"color: #b61cd9;\">NUNCA&#8230;NUNCA..! <\/span><\/strong><\/em><\/span><\/h3>\n<h3 style=\"text-align: center;\"><span style=\"color: #b61cd9;\"><em><strong><span style=\"text-decoration: underline;\"><span style=\"color: #b61cd9; text-decoration: underline;\">SIRVEN DE APOYO EN ESTE<\/span><br \/>\n<span style=\"color: #b61cd9; text-decoration: underline;\">TIPO DE CIRCUNSTANCIA Y QUE NO DEBEN DARSE..!<\/span><br \/>\n!(aunque cuando se den, o se<br \/>\nofrezcan sean con buena intenci\u00f3n):<\/span><\/strong><\/em><\/span><\/h3>\n<blockquote>\n<h4><span style=\"color: #b61cd9;\"><em><strong>1.- TIENES QUE ANIMARTE.<\/strong><\/em><\/span><\/h4>\n<h4><span style=\"color: #b61cd9;\"><em><strong>2.- DEBES PONER DE TU PARTE.<\/strong><\/em><\/span><\/h4>\n<h4><span style=\"color: #b61cd9;\"><em><strong>3.- ESTO NO ES PARA TANTO.<\/strong><\/em><\/span><\/h4>\n<h4><span style=\"color: #b61cd9;\"><em><strong>4.- SAL PARA DISTRAERTE.<\/strong><\/em><\/span><\/h4>\n<h4><span style=\"color: #b61cd9;\"><em><strong>5.- ECHALE GANAS.<\/strong><\/em><\/span><\/h4>\n<h4><span style=\"color: #b61cd9;\"><em><strong>6.- UN VIAJE TE AYUDARIA.<\/strong><\/em><\/span><\/h4>\n<h4><span style=\"color: #b61cd9;\"><em><strong>7.- CONSIGUE UN TRABAJO.<\/strong><\/em><\/span><\/h4>\n<h4><span style=\"color: #b61cd9;\"><em><strong>8.- VETE DE COMPRAS.<\/strong><\/em><\/span><\/h4>\n<h4><span style=\"color: #b61cd9;\"><em><strong>9.- NO TE ENTIENDO, TIENES TODO.<\/strong><\/em><\/span><\/h4>\n<h4><span style=\"color: #b61cd9;\"><em><strong>10.- YA NO PIENSES EN ESO.<\/strong><\/em><\/span><\/h4>\n<h4><span style=\"color: #b61cd9;\"><em><strong>11.- DIOS TE PUEDE CASTIGAR.<\/strong><\/em><\/span><\/h4>\n<\/blockquote>\n<\/blockquote>\n<h4><em><strong><span style=\"color: #008000;\"><span style=\"color: #808000;\">ESTE TIPO DE CONSEJOS QUE TIENEN COMO OBJETIVO INTENTAR<\/span><span style=\"color: #008080;\"> &#8211;<span style=\"text-decoration: underline;\">MINIMIZAR-<\/span><\/span> <span style=\"color: #808000;\">EL MALESTAR DE AQUEL QUE SE SIENTE DEPRIMIDO<\/span><\/span><span style=\"color: #008000;\"><span style=\"color: #808000;\">, SOLO LOGRAN QUE EL ENFERMO SE SIENTA <\/span><span style=\"color: #008080;\">&#8211;<span style=\"text-decoration: underline;\">INCOMPRENDIDO-<\/span> <\/span><span style=\"color: #808000;\">EN SU DOLOR.<\/span> <\/span><\/strong><\/em><\/h4>\n<h4><span style=\"color: #b61cd9;\"><em><strong><span style=\"text-decoration: underline;\">-EL ENFERMO SUFRE MUCHO EN SU INTERIOR Y NECESITA AYUDA PROFESIONAL. EL PACIENTE NECESITA COMPA\u00d1\u00cdA Y MUCHA COMPRENSI\u00d3N. A VECES, EL SILENCIO Y EL CARI\u00d1O DE UN AMIGO PUEDE SER UNA BUENA TERAPIA DE CONSUELO-.<\/span><\/strong><\/em><\/span><\/h4>\n<h4><span style=\"text-decoration: underline; color: #008080;\"><em><strong>LA DEPRESI\u00d3N ES M\u00c1S QUE TRISTEZA:<\/strong><\/em><\/span><br \/>\n<em><strong><span style=\"text-decoration: underline; color: #800080;\"><span style=\"color: #008000; text-decoration: underline;\"> -LA TRISTEZA-<\/span> <span style=\"color: #d94b1c; text-decoration: underline;\"><span style=\"color: #808000; text-decoration: underline;\">es un sentimiento natural y es muy importante no confundirla con la <\/span>-DEPRESI\u00d3N-. -ES DECIR, ESTAR TRISTE NO SIGNIFICA ESTAR DEPRIMDO-.<\/span><\/span><\/strong><\/em><\/h4>\n<\/blockquote>\n<h3 style=\"text-align: center;\"><span style=\"color: #d94b1c;\"><em><strong><span style=\"color: #808000;\">NO ES LO MISMO<\/span> <\/strong><\/em><span style=\"text-decoration: underline; color: #008080;\"><em><strong>-ESTAR DEPRIMIDO-<\/strong><\/em><\/span><\/span><br \/>\n<span style=\"color: #d94b1c;\"><span style=\"color: #808000;\"><em><strong> QUE <\/strong><\/em><\/span><span style=\"text-decoration: underline; color: #b61cd9;\"><em><strong>-TENER DEPRESI\u00d3N-<\/strong><\/em><\/span><\/span><\/h3>\n<blockquote>\n<h3><em><strong><span style=\"color: #008000;\"><span style=\"text-decoration: underline; color: #b61cd9;\">Evidentemente, La tristeza -S\u00cd- es uno de los s\u00edntomas de depresi\u00f3n-,<\/span> <span style=\"color: #808000;\"><br \/>\nsin embargo, <\/span><span style=\"text-decoration: underline; color: #008080;\"><span style=\"color: #b61cd9; text-decoration: underline;\">-LA DEPRESION-<\/span> <\/span><span style=\"color: #808000;\">se trata de un tipo de malestar que permanece en el tiempo interfiriendo en la capacidad que tiene el sujeto de continuar con su vida cotidiana.<\/span><\/span><\/strong><\/em><\/h3>\n<h3><span style=\"color: #008000;\"><em><strong><span style=\"color: #808000;\">Aunque y por eso merece un p\u00e1rrafo aparte,<\/span><span style=\"text-decoration: underline; color: #b61cd9;\"> la tristeza no es -EL SINTOMA-<\/span><span style=\"color: #808000;\"> por excelencia como siempre y muy err\u00f3neamente se crey\u00f3, ya que a veces puede haber depresi\u00f3n aunque no se manifiesten signos de tristeza,<\/span><span style=\"color: #800080;\"><span style=\"color: #808000;\"> como: <\/span><span style=\"color: #b61cd9;\">la falta de inter\u00e9s hacia las actividades que regularmente se vienen haciendo, <\/span><\/span><\/strong><\/em><\/span><\/h3>\n<h3 style=\"text-align: center;\"><span style=\"color: #b61cd9;\"><em><strong>ESE&#8230;.! \u00a0\u00a0 ES EL INDICADOR M\u00c1S<br \/>\nCIERTO PARA DIAGNOSTICAR LA AFECCI\u00d3N.<\/strong><\/em><\/span><\/h3>\n<h4><span style=\"color: #808000;\"><em><strong>Entre las causales de este trastorno tan com\u00fan durante<br \/>\nlas \u00faltimas d\u00e9cadas del siglo pasado y los a\u00f1os que van de este, se cuentan por supuesto:<\/strong><\/em><\/span><\/h4>\n<h3><span style=\"color: #d94b1c;\"><em><strong><span style=\"text-decoration: underline; color: #7a0ecc;\"> EL ESTR\u00c9S,<br \/>\nLA GRAN ACELERACI\u00d3N DE LA MODERNIDAD Y<br \/>\nLA GEN\u00c9TICA..! <\/span><\/strong><\/em><\/span><\/h3>\n<h4><span style=\"color: #d94b1c;\"><em><strong><span style=\"color: #808000;\">Sin embargo, situaciones puntuales como: <span style=\"color: #7a0ecc;\">la perdida de alg\u00fan ser querido, la vivencia de un accidente o asesinato y el consumo de drogas altamente adictivas como el alcohol, la marihuana, la coca\u00edna, la hero\u00edna entre otras, <\/span>sobretodo en momentos en los que sus efectos empiezan a mermar <span style=\"color: #7a0ecc;\">(Sindrome de Abstinencia),<\/span> tambi\u00e9n suelen ser factores determinantes y desencadenantes de la depresi\u00f3n.<\/span><\/strong><\/em><\/span><\/h4>\n<h3><span style=\"color: #7a0ecc;\"><em><strong>Este tipo de afecciones que afectan la mente de los seres humanos suelen ser las m\u00e1s dif\u00edciles de abordar para combatirlas, por el hecho que se desarrollan precisamente en la mente humana en la cual el profesional m\u00e9dico no puede ingresar con una inyecci\u00f3n y listo, para curarlas.<\/strong><\/em><\/span><\/h3>\n<h4><span style=\"color: #008000;\"><em><strong><span style=\"color: #008080;\">-La depresi\u00f3n-,<\/span> <span style=\"color: #d94b1c;\"><span style=\"color: #808000;\">adem\u00e1s, es un trastorno que como bien coment\u00e1bamos m\u00e1s arriba suele impactar muy desfavorablemente en el plano -profesional y personal-,<\/span><span style=\"text-decoration: underline; color: #7a0ecc;\"> en -el primero-, <\/span><span style=\"color: #808000;\">porque puede llevar a la p\u00e9rdida del empleo y en<\/span><\/span> <span style=\"text-decoration: underline; color: #7a0ecc;\">-el segundo- porque en casos extremos la depresi\u00f3n, puede echar mano del suicidio como la soluci\u00f3n m\u00e1s a la mano-. <\/span><\/strong><\/em><\/span><\/h4>\n<h4><span style=\"color: #808000;\"><em><strong>La administraci\u00f3n de antidepresivos y el seguimiento del caso en una terapia, son los dos mejores tratamientos para superarla.<\/strong><\/em><\/span><\/h4>\n<blockquote>\n<h3><strong><span style=\"color: #808000;\"><em>TESTIMONIOS:<\/em><\/span><\/strong><br \/>\n<span style=\"color: #b61cd9;\"><strong><em> Hola. Tengo 24 a\u00f1os. Despu\u00e9s de leer el art\u00edculo y los comentarios, me da angustia, porque me siento identificada con cada una de sus palabras. Y realmente la depresi\u00f3n es terrible. <\/em><\/strong><\/span><\/h3>\n<h3><span style=\"color: #b61cd9;\"><strong><em>Hace varios meses que me siento -rara-. Creo que es desde hace a\u00f1os, pero no me hab\u00eda dado cuenta. La cuesti\u00f3n es que me siento -vac\u00eda-, y todo me da miedo, no puedo emprender nada. <\/em><\/strong><\/span><\/h3>\n<h3><span style=\"color: #b61cd9;\"><strong><em>Antes hac\u00eda gimnasia y yoga, dibujaba, escrib\u00eda y aprend\u00eda guitarra. Dej\u00e9 todo y no s\u00e9 por qu\u00e9. Decisiones erradas de los seres humanos. Hoy no me siento con ganas de hacer nada. Hay d\u00edas en que me despierto y solo tengo ganas de llorar o siento un nudo en la garganta. <\/em><\/strong><\/span><\/h3>\n<h3><span style=\"color: #b61cd9;\"><strong><em>Me duele verme as\u00ed, porque me doy cuenta que la vida pasa y yo ac\u00e1 paralizada. Tengo metas que cumplir y sue\u00f1os por alcanzar, pero no puedo concentrarme en los estudios. Me hice un chequeo completo y todo sali\u00f3 bien. <\/em><\/strong><\/span><\/h3>\n<h3><span style=\"color: #b61cd9;\"><strong><em>Sin embargo, me siento mal, tengo palpitaciones y siempre algo me duele. Como dijo una vez una profesora, -el cuerpo pasa factura-, y eso es cierto. Todo lo que no se supera el cuerpo lo da a conocer. S\u00e9 que hay cosas que no he superado y tengo la convicci\u00f3n de que un profesional me ayudar\u00e1. <\/em><\/strong><\/span><\/h3>\n<h3><span style=\"color: #b61cd9;\"><strong><em>A veces no puedo m\u00e1s y estar en este pozo oscuro quita las ganas de vivir. Me siento culpable por cosas que no tienen sentido\u2026 en fin, como lo describe el art\u00edculo. <\/em><\/strong><\/span><\/h3>\n<h3><span style=\"color: #b61cd9;\"><strong><em>Es una mezcla de miedo, desesperanza, dolor, angustia, estr\u00e9s y tristeza. Espero que podamos salir de esto: el alma se cura, la mente tambi\u00e9n. Saludos para todos.<\/em><\/strong><\/span><\/h3>\n<h3><strong><span style=\"color: #808000;\"><em>TESTIMONIOS:<\/em><\/span><\/strong><br \/>\n<span style=\"color: #b61cd9;\"><strong><em> Yo no se que tengo, miren siempre tengo una flojera extrema en todas las cosas que hago, no tengo ninguna pasi\u00f3n por nada ni por nadie y mucho menos motivaci\u00f3n para hacer cualquier cosa, cuando en ocasiones quiero hacer o emprender algo, en muy poco tiempo se me van las ganas de querer hacerlo y regreso a los mismo. <\/em><\/strong><\/span><\/h3>\n<h3><span style=\"color: #b61cd9;\"><strong><em>No soporto los trabajos y los pierdo constantemente por falta de ganas, hago todo sin ganas y sin energ\u00eda, pero a pesar de eso no me siento ni inferior ni triste, me siento mas bien inerte, ni feliz ni miserable, tampoco me enojo nunca, y siempre me alejo de cosas que no representen una satisfacci\u00f3n o una ganancia para mi, empleo el autosabotage constantemente, no me gusta salir nunca y cuando hay actividades que involucren amigos o familiares prefiero siempre no ir. <\/em><\/strong><\/span><\/h3>\n<h3><span style=\"color: #b61cd9;\"><strong><em>No porque este triste o me de miedo convivir si no por que simple y llanamente no me interesa, nada me interesa realmente, lo mismo pasa con mis hobbies y pasatiempos, me aburre y me da flojera, incluso las cosas que un tiempo me divert\u00edan, tiendo a obsesionarme con un tema o una actividad y en unos d\u00edas me da una flojera extrema seguir, no me siento ni triste ni miserable, simplemente todo me da flojera y nada me importa, es depresi\u00f3n esto que tengo..?<\/em><\/strong><\/span><\/h3>\n<h3><strong><span style=\"color: #808000;\"><em>TESTIMONIOS:<\/em><\/span><\/strong><br \/>\n<span style=\"color: #b61cd9;\"><strong><em> Hola a todos, necesito ayuda no logro levantarme, cada segundo pierdo fuerzas y ganas de hacer algo sea lo que sea, desde caminar a trabajar cada d\u00eda me cuesta mucho todo, estoy cansado muy cansado la familia no me ayuda estoy tocando fondo mucho no me queda.!<\/em><\/strong><\/span><\/h3>\n<h3 style=\"text-align: center;\"><span style=\"color: #ff00ff;\"><em><strong>\u2014 BUSCA UN GRUPO DE APOYO \u2014<a href=\"http:\/\/www.ceadin.org\/b\/wp-content\/uploads\/2023\/01\/1Tamano-chico-vanner-Fiusha-2.jpeg\"><img decoding=\"async\" loading=\"lazy\" class=\"alignright size-full wp-image-7071\" src=\"http:\/\/www.ceadin.org\/b\/wp-content\/uploads\/2023\/01\/1Tamano-chico-vanner-Fiusha-2.jpeg\" alt=\"\" width=\"800\" height=\"201\" srcset=\"https:\/\/www.ceadin.org\/b\/wp-content\/uploads\/2023\/01\/1Tamano-chico-vanner-Fiusha-2.jpeg 800w, https:\/\/www.ceadin.org\/b\/wp-content\/uploads\/2023\/01\/1Tamano-chico-vanner-Fiusha-2-300x75.jpeg 300w, https:\/\/www.ceadin.org\/b\/wp-content\/uploads\/2023\/01\/1Tamano-chico-vanner-Fiusha-2-768x193.jpeg 768w, https:\/\/www.ceadin.org\/b\/wp-content\/uploads\/2023\/01\/1Tamano-chico-vanner-Fiusha-2-619x156.jpeg 619w\" sizes=\"(max-width: 800px) 100vw, 800px\" \/><\/a><\/strong><\/em><\/span><\/h3>\n<h4><a href=\"http:\/\/www.ceadin.org\/b\/\"><span style=\"color: #ff00ff;\"><em><strong>Centro de Apoyo al Desarrollo Interno: CEADIN<\/strong><\/em><\/span><\/a><\/h4>\n<h4><span style=\"color: #ff00ff;\"><em><strong>Patricia Cuadra de Herrera.<\/strong><\/em><\/span><\/h4>\n<h4><span style=\"color: #ff00ff;\"><em><strong>Facebook- Patricia Cuadra de Herrera.<\/strong><\/em><\/span><\/h4>\n<h4><span style=\"color: #ff00ff;\"><em><strong>Facebook- Centro de Apoyo al Desarrollo Interno: CEADIN<\/strong><\/em><\/span><\/h4>\n<\/blockquote>\n<p><em><span style=\"color: #008080;\">Artista-Cassandra Barney<\/span><\/em><\/p>\n<h4><span style=\"color: #008080;\"><em><strong>NOTA IMPORTANTE.<\/strong><\/em><em><strong><br \/>\nBusque ayuda inmediatamente si:<\/strong><\/em><\/span><br \/>\n<span style=\"color: #008080;\"><em><strong>Se siente abrumado.<\/strong><\/em><\/span><br \/>\n<span style=\"color: #008080;\"><em><strong>\u2028Est\u00e1 pensando en hacerse da\u00f1o o en da\u00f1ar a otra persona.<\/strong><\/em><\/span><br \/>\n<span style=\"color: #008080;\"><em><strong>Es incapaz de controlar su comportamiento.<\/strong><\/em><\/span><br \/>\n<span style=\"color: #008080;\"><em><strong>Tiene otros s\u00edntomas muy angustiantes de trastorno<\/strong><\/em><\/span><br \/>\n<span style=\"color: #008080;\"><em><strong>de estr\u00e9s postraum\u00e1tico.<\/strong><\/em><em><strong><br \/>\nLlame a un familiar, no se quede solo.<br \/>\nLlame a su m\u00e9dico.<\/strong><\/em><\/span><\/h4>\n<h4>\u00a0<span style=\"color: #ff00ff;\"><em><strong>EN CASO NECESARIO:<\/strong><\/em><\/span><br \/>\n<span style=\"color: #ff00ff;\"><em><strong>Llame a su m\u00e9dico.<\/strong><\/em><\/span><br \/>\n<span style=\"color: #ff00ff;\"><em><strong>Llame al 911 para servicios de emergencia\u2028 o vaya<\/strong><\/em><\/span><br \/>\n<span style=\"color: #ff00ff;\"><em><strong>a la sala de emergencias m\u00e1s cercana.<\/strong><\/em><\/span><br \/>\n<span style=\"color: #ff00ff;\"><em><strong>En un caso de emergencia, puede llamar a:<\/strong><\/em><\/span><br \/>\n<span style=\"color: #ff00ff;\"><em><strong>SAPTEL \u201cSistema Nacional de Apoyo, Consejo \u2028Psicol\u00f3gico<\/strong><\/em><\/span><br \/>\n<span style=\"color: #ff00ff;\"><em><strong>e Intervenci\u00f3n en Crisis por Tel\u00e9fono\u201d<\/strong><\/em><\/span><br \/>\n<span style=\"color: #ff00ff;\"><em><strong>(Cruz Roja Mexicana\u2013 24 Hrs.) sin costo<\/strong><\/em><\/span><\/h4>\n<h4><span style=\"color: #ff00ff;\"><em><strong>SAPTEL<\/strong><\/em><\/span><br \/>\n<span style=\"color: #ff00ff;\"><em><strong>Av M\u00e9xico #37, Hip\u00f3dromo,<\/strong><\/em><\/span><br \/>\n<span style=\"color: #ff00ff;\"><em><strong>Cuauht\u00e9moc, Ciudad de M\u00e9xico.<\/strong><\/em><\/span><br \/>\n<span style=\"color: #ff00ff;\"><em><strong>Tel\u00e9fono:(55) 52598121<br \/>\nE-mail: <a class=\"col1\" style=\"color: #ff00ff;\" href=\"https:\/\/www.saptel.org.mx\/contacto.html#\">saptel.crlyc@gmail.com<\/a><\/strong><\/em><\/span><\/h4>\n<\/blockquote>\n<\/blockquote>\n","protected":false},"excerpt":{"rendered":"<p>\u2014 Depresi\u00f3n \u2014\u00a0 La Depresi\u00f3n, es una de las enfermedades que entrelazan: -Cuerpo, Cerebro, Mente y Alma- y que afecta a muchos pacientes cl\u00ednicos y a lo que sufren, lo llamamos: \u2014 CUERPO-DOLOR \u2014 Enfermos deprimidos en contra de su voluntad..! -La depresi\u00f3n es un trastorno emocional- que se caracteriza por la p\u00e9rdida de la [&hellip;]<\/p>\n","protected":false},"author":2,"featured_media":0,"parent":0,"menu_order":0,"comment_status":"closed","ping_status":"closed","template":"","meta":[],"_links":{"self":[{"href":"https:\/\/www.ceadin.org\/b\/wp-json\/wp\/v2\/pages\/3410"}],"collection":[{"href":"https:\/\/www.ceadin.org\/b\/wp-json\/wp\/v2\/pages"}],"about":[{"href":"https:\/\/www.ceadin.org\/b\/wp-json\/wp\/v2\/types\/page"}],"author":[{"embeddable":true,"href":"https:\/\/www.ceadin.org\/b\/wp-json\/wp\/v2\/users\/2"}],"replies":[{"embeddable":true,"href":"https:\/\/www.ceadin.org\/b\/wp-json\/wp\/v2\/comments?post=3410"}],"version-history":[{"count":0,"href":"https:\/\/www.ceadin.org\/b\/wp-json\/wp\/v2\/pages\/3410\/revisions"}],"wp:attachment":[{"href":"https:\/\/www.ceadin.org\/b\/wp-json\/wp\/v2\/media?parent=3410"}],"curies":[{"name":"wp","href":"https:\/\/api.w.org\/{rel}","templated":true}]}}