{"id":3295,"date":"2017-08-03T04:36:37","date_gmt":"2017-08-03T04:36:37","guid":{"rendered":"http:\/\/www.ceadin.org\/b\/?page_id=3295"},"modified":"2023-01-12T18:02:06","modified_gmt":"2023-01-12T18:02:06","slug":"que-es-el-dialogo-interno-negativo-y-que-consecuencias-tiene","status":"publish","type":"page","link":"https:\/\/www.ceadin.org\/b\/que-es-el-dialogo-interno-negativo-y-que-consecuencias-tiene\/","title":{"rendered":"Qu\u00e9 es el di\u00e1logo interno negativo y qu\u00e9 consecuencias tiene"},"content":{"rendered":"<blockquote>\n<blockquote>\n<h3 style=\"text-align: center;\"><span style=\"color: #800080;\"><em><strong><br \/>\n<span style=\"color: #d32ef0;\">\u2014 \u00bfPor qu\u00e9 nos hablamos tan mal..? \u2014<\/span><\/strong><\/em><\/span><\/h3>\n<blockquote>\n<h4 style=\"text-align: center;\"><span style=\"color: #6231d4;\"><em><strong>El di\u00e1logo interno negativo distorsiona la<\/strong><\/em><\/span><br \/>\n<span style=\"color: #6231d4;\"><em><strong> interpretaci\u00f3n de la realidad, y genera emociones y<br \/>\nconductas inadecuadas.<\/strong><\/em><\/span><\/h4>\n<h3 style=\"text-align: center;\"><span style=\"color: #d32ef0;\"><em><strong>Aprende c\u00f3mo sustituir estos pensamientos<\/strong><\/em><\/span><br \/>\n<span style=\"color: #20abab;\"><em><strong><span style=\"color: #d32ef0;\"> err\u00f3neos, por una charla interior positiva y constructiva.<\/span><a href=\"http:\/\/www.ceadin.org\/b\/wp-content\/uploads\/2023\/01\/June-Valentine-Ruppe-273883856_10224961973630877_5007679888834082252_n.jpg\"><img decoding=\"async\" loading=\"lazy\" class=\"aligncenter wp-image-7095 size-full\" src=\"http:\/\/www.ceadin.org\/b\/wp-content\/uploads\/2023\/01\/June-Valentine-Ruppe-273883856_10224961973630877_5007679888834082252_n-e1673464956643.jpg\" alt=\"\" width=\"689\" height=\"797\" srcset=\"https:\/\/www.ceadin.org\/b\/wp-content\/uploads\/2023\/01\/June-Valentine-Ruppe-273883856_10224961973630877_5007679888834082252_n-e1673464956643.jpg 689w, https:\/\/www.ceadin.org\/b\/wp-content\/uploads\/2023\/01\/June-Valentine-Ruppe-273883856_10224961973630877_5007679888834082252_n-e1673464956643-259x300.jpg 259w, https:\/\/www.ceadin.org\/b\/wp-content\/uploads\/2023\/01\/June-Valentine-Ruppe-273883856_10224961973630877_5007679888834082252_n-e1673464956643-619x716.jpg 619w\" sizes=\"(max-width: 689px) 100vw, 689px\" \/><\/a><\/strong><\/em><\/span><span style=\"color: #d32ef0;\"><em><strong>\u2014 Causas del Di\u00e1logo Interno Negativo \u2014<\/strong><\/em><\/span><\/h3>\n<h4 style=\"text-align: center;\"><span style=\"color: #6231d4;\"><em><strong>Una de las causas del di\u00e1logo<br \/>\ninterno negativo, puede ser una familia exigente.<\/strong><\/em><\/span><\/h4>\n<h4><span style=\"color: #20abab;\"><em><strong><span style=\"color: #d32ef0;\">-El di\u00e1logo interno negativo- <\/span><span style=\"color: #6231d4;\">distorsiona la interpretaci\u00f3n de la realidad, y genera emociones y conductas inadecuadas. Aprende c\u00f3mo sustituir estos pensamientos err\u00f3neos por una charla interior positiva y constructiva.<\/span><\/strong><\/em><\/span><\/h4>\n<h3 style=\"text-align: center;\"><span style=\"color: #6231d4;\"><em><strong>Qu\u00e9 es el <span style=\"color: #d32ef0;\">-DI\u00c1LOGO INTERNO NEGATIVO-<\/span><br \/>\ny qu\u00e9 consecuencias tiene.?<\/strong><\/em><\/span><br \/>\n<span style=\"color: #800080;\"><em><strong><span style=\"color: #6231d4;\">Dice un proverbio:<\/span><br \/>\n<\/strong><\/em><\/span><\/h3>\n<blockquote>\n<h3><em><strong><span style=\"color: #800080;\"><span style=\"color: #d32ef0;\"><span style=\"color: #6231d4;\">1.- <span style=\"color: #d32ef0;\">Cuida tus pensamientos, porque se convertir\u00e1n en tus palabras. <\/span><\/span><\/span><span style=\"color: #d32ef0;\"><br \/>\n<\/span><\/span><\/strong><\/em><\/h3>\n<h3><em><strong><span style=\"color: #d32ef0;\"><span style=\"color: #6231d4;\">2.- <span style=\"color: #d32ef0;\">Cuida tus palabras, porque se convertir\u00e1n en tus actos. <\/span><\/span><span style=\"color: #d32ef0;\"><br \/>\n<\/span><\/span><\/strong><\/em><\/h3>\n<h3><em><strong><span style=\"color: #d32ef0;\"><span style=\"color: #6231d4;\">3.- <span style=\"color: #d32ef0;\">Cuida tus actos, porque se convertir\u00e1n en tus h\u00e1bitos. <\/span><\/span><span style=\"color: #d32ef0;\"><br \/>\n<\/span><\/span><\/strong><\/em><\/h3>\n<h3><span style=\"color: #d32ef0;\"><strong><em><span style=\"color: #6231d4;\">4.-<\/span> Cuida tus h\u00e1bitos, porque se convertir\u00e1n en tu destino<\/em>.<\/strong><\/span><\/h3>\n<\/blockquote>\n<h4><span style=\"color: #20abab;\"><em><strong><span style=\"color: #d32ef0;\">-La autocharla o autodi\u00e1logo interno negativo-<\/span> <span style=\"color: #6231d4;\"><span style=\"color: #d32ef0;\">hace que nos ahoguemos en nuestros problemas, haci\u00e9ndolos m\u00e1s grandes de lo que son. &#8211;<\/span>Es por ello que debemos aprender a gestionar esta conversaci\u00f3n interior-, dirigiendo de manera constructiva nuestras emociones y acciones hacia la consecuci\u00f3n de nuestras metas.<\/span><\/strong><\/em><\/span><\/h4>\n<h3><span style=\"color: #800080;\"><em><strong><span style=\"color: #6231d4;\">Te voy a pedir que reflexiones:<br \/>\n<span style=\"color: #08a883;\"><span style=\"color: #6231d4;\">1.-<\/span> \u00bfCu\u00e1ntas veces has actuado de acuerdo a lo que tem\u00edas que ocurriese?<\/span><\/span><\/strong><\/em><\/span><\/h3>\n<h3><span style=\"color: #d32ef0;\"><span style=\"color: #08a883;\"><span style=\"color: #6231d4;\">2.-<\/span><em><strong> \u00bfSer\u00edas capaz de<span style=\"color: #08a883;\"> traer a tu mente algunas de esas situaciones donde ya estabas triste, antes de haber perdido algo que esperabas perder?<\/span> <\/strong><\/em><\/span><\/span><\/h3>\n<h3><span style=\"color: #6231d4;\">3.- <em><strong>Y m\u00e1s com\u00fan a\u00fan.. <\/strong><\/em><\/span><span style=\"color: #08a883;\">&#8211;<em><strong>\u00bfCu\u00e1ntas veces te has enfadado t\u00fa solo, atribuyendo el comportamiento del otro, a sus malas intenciones?<\/strong><\/em><\/span><\/h3>\n<h4><span style=\"color: #20abab;\"><span style=\"color: #6231d4;\"><em><strong>Seguro que a tu mente no viene solo una, sino varias respuestas a cada una de estas preguntas. Esto es debido a que nuestra mente posee un elevado poder sobre nuestro comportamiento y emociones.<\/strong><\/em><\/span><\/span><\/h4>\n<h4><span style=\"color: #20abab;\"><em><strong><span style=\"color: #6c43cc;\"><span style=\"color: #6231d4;\">Con el t\u00e9rmino<\/span> <span style=\"color: #d32ef0;\">-contenido cognitivo-<\/span> <span style=\"color: #6231d4;\">hacemos referencia a nuestros pensamientos, interpretaciones, expectativas y autodi\u00e1logo interno. Todo ello puede aparecer en formato de verbalizaciones o frases, as\u00ed como en im\u00e1genes.<\/span><\/span><\/strong><\/em><\/span><\/h4>\n<h3 style=\"text-align: center;\"><span style=\"color: #d32ef0;\"><em><strong><span style=\"color: #d32ef0;\">Cuando estos pen<\/span>samientos o di\u00e1logo interno<br \/>\nson negativos, dram\u00e1ticos e irrefutables, la interpretaci\u00f3n<br \/>\nque hacemos de la realidad puede encontrarse <span style=\"color: #08a883;\">-DISTORSIONADA-,<\/span> dando l<span style=\"color: #d32ef0;\">ugar a emociones y modos de afrontamiento desajustados a la<\/span><br \/>\n<span style=\"color: #d32ef0;\">situaci\u00f3n r<\/span>eal que los desencadena.<\/strong><\/em><\/span><\/h3>\n<\/blockquote>\n<h3 style=\"text-align: center;\"><span style=\"color: #d32ef0;\"><em><strong>\u2014 Consecuencias del di\u00e1logo interno negativo \u2014<br \/>\n<\/strong><\/em><\/span><\/h3>\n<blockquote>\n<h3><span style=\"color: #20abab;\"><em><strong><span style=\"color: #d32ef0;\"><span style=\"color: #6231d4;\">Tener un<\/span> -AUTODI\u00c1LOGO INTERNO NEGATIVO-<\/span><br \/>\n<span style=\"color: #d32ef0;\">Ser\u00eda solo cuesti\u00f3n de opini\u00f3n, si no fuera porque este:<\/span><br \/>\n<span style=\"color: #666699;\"><span style=\"color: #6231d4;\">Puede tener un importante impacto <span style=\"color: #08a883;\">-NEGATIVO-<\/span> en nuestra vida, especialmente en las emociones experimentadas y los comportamientos que ponemos en marcha.<\/span><br \/>\n<\/span><\/strong><\/em><\/span><\/h3>\n<h3><span style=\"color: #20abab;\"><em><strong><span style=\"color: #d32ef0;\">Existe una estrecha relaci\u00f3n entre nuestros pensamientos y emociones. Tanto es as\u00ed, que la psicolog\u00eda cognitiva considera que nuestros <span style=\"color: #08a883;\">-pensamientos, autodi\u00e1logo y expectativas-<\/span> determinan nuestros estados emocionales. A su vez, las emociones son las que impulsan nuestra conducta.<\/span><\/strong><\/em><\/span><\/h3>\n<h3><span style=\"color: #6231d4;\"><em><strong>Por lo tanto, un pensamiento <span style=\"color: #08a883;\">-INADECUADO-<\/span> acerca de la situaci\u00f3n que hemos vivido puede suscitar <span style=\"color: #08a883;\">-reacciones emocionales intensas que dar\u00e1n lugar a comportamientos inadecuados-<\/span> para la situaci\u00f3n que se debe enfrentar.<\/strong><\/em><\/span><\/h3>\n<h3 align=\"justify\"><span style=\"color: #6231d4;\"><em><strong>A su vez, un comportamiento ineficaz hace que nuestros pensamientos negativos se acent\u00faen, dando lugar a emociones negativas diversas derivadas de un autodi\u00e1logo negativo.<\/strong><\/em><\/span><\/h3>\n<h3 style=\"text-align: center;\"><em><strong><span style=\"color: #6231d4;\">Apareciendo el..<\/span><br \/>\n<\/strong><\/em><\/h3>\n<h3 style=\"text-align: center;\"><em><strong><span style=\"color: #d32ef0;\">\u2014 CUERPO-DOLOR \u2014<\/span><br \/>\n<\/strong><\/em><\/h3>\n<blockquote>\n<h3 align=\"justify\"><span style=\"color: #800080;\"><em><strong><span style=\"color: #6231d4;\">Ejemplo de ello son:<\/span><br \/>\n<span style=\"color: #6231d4;\">1.- <\/span><\/strong><span style=\"color: #d32ef0;\"><strong>La <\/strong><\/span><\/em><\/span><em><span style=\"color: #d32ef0;\"><strong>ansiedad:<\/strong> <\/span><span style=\"color: #08a883;\"><strong>Asociada con un autodi\u00e1logo amenazante o centrado en los peligros.<\/strong><\/span><\/em><\/h3>\n<h3><em><span style=\"color: #008080;\"><strong><span style=\"color: #666699;\"><span style=\"color: #6231d4;\">2.-<\/span> <span style=\"color: #d32ef0;\">La tristeza:<\/span><\/span> <span style=\"color: #08a883;\">Asociada con un autodi\u00e1logo centrado en la p\u00e9rdida o lo que pude tener. <\/span><\/strong><\/span><\/em><\/h3>\n<h3><span style=\"color: #008080;\"><em><strong><span style=\"color: #666699;\"><span style=\"color: #6231d4;\">3.-<\/span> <span style=\"color: #d32ef0;\">La culpa:<\/span><\/span> <span style=\"color: #08a883;\">Asociada con un autodi\u00e1logo relacionado con todo aquello que sali\u00f3 mal debido a una mala intervenci\u00f3n por mi parte, o a la ausencia de la misma. <\/span><\/strong><\/em><\/span><\/h3>\n<h3><span style=\"color: #008080;\"><em><strong><span style=\"color: #666699;\"><span style=\"color: #6231d4;\">4.-<\/span><span style=\"color: #d32ef0;\"> La ira: <\/span><\/span><span style=\"color: #08a883;\">Asociada con un autodi\u00e1logo centrado en todo aquello que bloquea mis objetivos o que viola mis derechos personales.<\/span><\/strong><\/em><\/span><\/h3>\n<h3><span style=\"color: #008080;\"><em><strong><span style=\"color: #666699;\"><span style=\"color: #6231d4;\">5.-<\/span> <span style=\"color: #d32ef0;\">La verg\u00fcenza:<\/span><\/span><span style=\"color: #08a883;\"> Asociada con un autodi\u00e1logo focalizado en mi falta de habilidad para hacer algo que deber\u00eda saber hacer.<\/span><\/strong><\/em><\/span><\/h3>\n<\/blockquote>\n<h4 align=\"justify\"><span style=\"color: #993366;\"><em><strong><span style=\"color: #d32ef0;\">-No es de extra\u00f1ar, por lo tanto, que la asociaci\u00f3n entre una autocharla interna negativa y alteraciones emocionales como los <span style=\"color: #08a883;\">&#8211;<span style=\"text-decoration: underline;\">trastornos de ansiedad, o la depresi\u00f3n-<\/span><\/span><\/span><span style=\"color: #20abab;\"><span style=\"color: #d32ef0;\"> y los problemas en las relaciones sociales, tengan un impacto significativo en la vida cotidiana del individuo-,<\/span> <span style=\"color: #08a883;\">y por ello la consecuci\u00f3n del autodi\u00e1logo interno positivo o constructivo es fundamental para ser capaz de enfrentar el mundo de una manera eficaz.<\/span><\/span><\/strong><\/em><\/span><\/h4>\n<h4><span style=\"color: #008080;\"><em><strong><span style=\"color: #6231d4;\">Al igual que la mayor parte de nuestras conductas, nuestros pensamientos y<\/span> <span style=\"color: #666699;\"><span style=\"text-decoration: underline; color: #d32ef0;\">di\u00e1logo interno negativo (y tambi\u00e9n el positivo) son aprendidos; <\/span><span style=\"color: #08a883;\">algo que nos diferencia de otras especies, que se basan m\u00e1s en los instintos. Sin dejar de lado las predisposiciones gen\u00e9ticas con las que nacemos,<\/span><span style=\"text-decoration: underline; color: #6231d4;\"> lo cierto es que lo que determina nuestra forma de pensar, sentir y comportarnos son las experiencias vividas, nuestros aprendizajes. <\/span><\/span><\/strong><\/em><\/span><\/h4>\n<h3><span style=\"color: #008080;\"><em><strong><span style=\"color: #666699;\"><span style=\"color: #20abab;\"><span style=\"color: #08a883;\">Por ello, si hemos aprendido a hablarnos de un determinado modo, como veremos m\u00e1s adelante, tambi\u00e9n podemos<\/span> <span style=\"color: #666699;\"><span style=\"color: #6231d4;\">-desaprender a hacerlo, aprendiendo en su lugar otras formas de:<\/span> <\/span><\/span><\/span><\/strong><\/em><\/span><\/h3>\n<h3 style=\"text-align: center;\"><span style=\"color: #08a883;\"><em><strong>DI\u00c1LOGO INTERNO MAS POSITIVO Y CONSTRUCTIVO..!<\/strong><\/em><\/span><\/h3>\n<h3 style=\"text-align: center;\" align=\"justify\"><span style=\"color: #6231d4;\"><em><strong>Estas formas de aprendizaje se ven<br \/>\na su vez influenciadas por diversos factores, que<br \/>\ncondicionan el hecho de que: <\/strong><\/em><\/span><\/h3>\n<h3 style=\"text-align: center;\" align=\"justify\"><span style=\"color: #d32ef0;\"><em><strong>NOS HABLEMOS MAL A NOSOTROS M\u00cdSMOS..!<\/strong><\/em><\/span><\/h3>\n<blockquote>\n<h4><span style=\"color: #008080;\"><em><strong><span style=\"color: #6231d4;\">Factores motivacionales:<\/span><span style=\"color: #d32ef0;\"> (por ejemplo, las<span style=\"color: #08a883;\"><a style=\"color: #08a883; text-decoration: underline;\" href=\"http:\/\/www.ceadin.org\/b\/el-manejo-de-las-emociones\/\"> -\u2217 personas ansiosas-(ver)<\/a>\u00bb<\/span> tienden a interpretar m\u00e1s situaciones como amenazantes).<\/span><\/strong><\/em><\/span><\/h4>\n<h4><span style=\"color: #008080;\"><em><strong><span style=\"color: #6231d4;\">1.- Familiares y educativos: <\/span><span style=\"color: #20abab;\"><span style=\"color: #08a883;\">(por ejemplo, en muchas ocasiones, en nuestro di\u00e1logo autocr\u00edtico habla m\u00e1s un<\/span> <span style=\"text-decoration: underline; color: #d32ef0;\">padre autoritario, o un maestro poco reforzador).<\/span><\/span><\/strong><\/em><\/span><\/h4>\n<h4><span style=\"color: #008080;\"><em><strong><span style=\"color: #6231d4;\">2.- Culturales:<\/span><span style=\"color: #20abab;\"><span style=\"color: #08a883;\"> (por ejemplo, nuestros pensamientos asociados con los juicios de la realidad son contextuales, es decir,<\/span><span style=\"text-decoration: underline; color: #d32ef0;\"> la realidad es buena o mala en funci\u00f3n de la cultura de la que provenga).<\/span><\/span><\/strong><\/em><\/span><\/h4>\n<h4><span style=\"color: #008080;\"><em><strong><span style=\"color: #6231d4;\">3.- Los amigos y compa\u00f1eros:<\/span><span style=\"color: #08a883;\"> (por ejemplo, <span style=\"text-decoration: underline;\">existen personas que piensan y hacen autodi\u00e1logos similares a los que hacen su grupo de pares).<\/span><\/span><\/strong><\/em><\/span><\/h4>\n<h4><span style=\"color: #008080;\"><em><strong><span style=\"color: #6231d4;\">4.- Las experiencias vividas: <\/span><span style=\"color: #08a883;\">(por ejemplo, <span style=\"text-decoration: underline;\">la forma en la que juzgamos un resultado de nuestra actuaci\u00f3n, <span style=\"color: #d32ef0; text-decoration: underline;\">puede estar influenciado por lo que ya nos ocurri\u00f3, u observamos que le ocurri\u00f3 a otro en el pasado).<\/span><\/span><\/span><\/strong><\/em><\/span><\/h4>\n<h4><span style=\"color: #008080;\"><em><strong><span style=\"color: #6231d4;\">5.- Las expectativas: <\/span><span style=\"color: #08a883;\">(por ejemplo, en funci\u00f3n de lo que esper\u00e1bamos conseguir podemos tener un <span style=\"text-decoration: underline; color: #6231d4;\">-autodi\u00e1logo m\u00e1s o menos motivador-,<\/span> que sin duda influir\u00e1 en nuestro comportamiento).<\/span><\/strong><\/em><\/span><\/h4>\n<\/blockquote>\n<h3 style=\"text-align: center;\"><span style=\"color: #6231d4;\"><em><strong>&#8211; Sesgos cognitivos que<br \/>\n<span style=\"color: #d32ef0;\">-Alimentan el Di\u00e1logo Interno Negativo &#8211;<\/span><\/strong><\/em><\/span><\/h3>\n<blockquote>\n<h4 align=\"justify\"><span style=\"color: #666699;\"><em><strong><span style=\"color: #d32ef0;\">-La mayor\u00eda de nuestro di\u00e1logo interno negativo- <\/span><span style=\"color: #20abab;\"><br \/>\n<span style=\"color: #d32ef0;\"><span style=\"color: #6231d4;\">Es resultado de una<\/span> -MALA INTERPRETACI\u00d3N <span style=\"color: #6231d4;\">de la realidad que, a su vez, puede ser consecuencia de sesgos o distorsiones cognitivas.<\/span><\/span><\/span><\/strong><\/em><\/span><\/h4>\n<h4 align=\"justify\"><span style=\"color: #333399;\"><em><strong><span style=\"color: #6231d4;\">&#8211;<\/span><span style=\"color: #20abab;\"><span style=\"color: #6231d4;\">LOS SESGOS COGNITIVOS-<\/span><br \/>\n<span style=\"color: #08a883;\"><span style=\"color: #d32ef0;\"><span style=\"color: #6231d4;\">Hacen que<\/span> -INTERPRETEMOS- <span style=\"color: #6231d4;\">la realidad <span style=\"color: #d32ef0;\">-PARCIALMENTE-,<\/span> ignorando elementos importantes de la misma, y alterando funciones cognitivas b\u00e1sicas como la atenci\u00f3n:<\/span><\/span><br \/>\nPor ejemplo:<\/span><\/span><span style=\"text-decoration: underline; color: #666699;\"><span style=\"color: #6231d4; text-decoration: underline;\"><br \/>\n<\/span><\/span><span style=\"color: #666699;\"><span style=\"color: #6231d4;\">Hacemos visi\u00f3n t\u00fanel de lo que nos interesa.<\/span><\/span><\/strong><\/em><\/span><\/h4>\n<h4 align=\"justify\"><span style=\"color: #333399;\"><em><strong><span style=\"color: #6231d4;\">-LA INTERPRETACI\u00d3N- <\/span><span style=\"text-decoration: underline;\"><span style=\"color: #666699; text-decoration: underline;\"><span style=\"color: #20abab; text-decoration: underline;\"><br \/>\n<\/span><\/span><\/span><span style=\"color: #666699;\"><span style=\"color: #20abab;\"><span style=\"color: #08a883;\">Por ejemplo:<\/span><\/span><\/span><span style=\"text-decoration: underline;\"><span style=\"color: #666699; text-decoration: underline;\"><span style=\"color: #6231d4; text-decoration: underline;\"><br \/>\n<\/span><\/span><\/span><span style=\"color: #666699;\"><span style=\"color: #6231d4;\">Cogemos solo una parte de la realidad, <\/span><\/span><span style=\"color: #666699;\"><span style=\"color: #6231d4;\">dejando de lado otros datos importantes y llegando a conclusiones err\u00f3neas.<\/span><\/span><\/strong><\/em><\/span><\/h4>\n<h4 align=\"justify\"><span style=\"color: #333399;\"><em><strong><span style=\"color: #6231d4;\">-LA MEMORIA-<\/span><span style=\"color: #666699;\"><span style=\"color: #20abab;\"><br \/>\n<span style=\"color: #08a883;\">Por ejemplo:<\/span><\/span><\/span><br \/>\n<span style=\"color: #6231d4;\">Almacenamos err\u00f3neamente nuestras experiencias vividas, como resultado de una mala interpretaci\u00f3n de las mismas.<\/span><\/strong><\/em><\/span><\/h4>\n<h3 style=\"text-align: center;\" align=\"justify\"><span style=\"color: #d32ef0;\"><em><strong>Entre los sesgos cognitivos m\u00e1s comunes encontramos:<\/strong><\/em><\/span><\/h3>\n<h4 align=\"justify\"><span style=\"color: #6231d4;\"><em><strong>1.- LA MAGNIFICACI\u00d3N-<\/strong><\/em><\/span><span style=\"color: #20abab;\"><em><strong><span style=\"color: #08a883;\"><br \/>\nPor ejemplo:<\/span> <span style=\"text-decoration: underline; color: #6231d4;\"><br \/>\nDar demasiada importancia a un hecho negativo o a un error.<\/span><\/strong><\/em><\/span><\/h4>\n<h4 align=\"justify\"><span style=\"color: #008080;\"><em><strong><span style=\"color: #666699;\"><br \/>\n<span style=\"color: #6231d4;\">2.- LA MINIMIZACI\u00d3N- <\/span><\/span><span style=\"color: #20abab;\"><span style=\"color: #08a883;\"><br \/>\nPor ejemplo:<\/span> <span style=\"text-decoration: underline; color: #6231d4;\"><br \/>\nRestar importancia a un hecho positivo o capacidad personal, pensando que las cosas buenas no cuentan.<\/span><\/span><\/strong><\/em><\/span><\/h4>\n<h4 align=\"justify\"><span style=\"color: #008080;\"><em><strong><span style=\"color: #666699;\"><br \/>\n<span style=\"color: #6231d4;\">3.- EL CATASTROFISMO-<\/span><\/span> <span style=\"color: #20abab;\"><span style=\"color: #08a883;\"><br \/>\nPor ejemplo:<\/span> <span style=\"text-decoration: underline; color: #6231d4;\"><br \/>\nAnticiparse a todo aquello que puede salir mal.<\/span><\/span><\/strong><\/em><\/span><\/h4>\n<h4 align=\"justify\"><span style=\"color: #008080;\"><em><strong><span style=\"color: #666699;\"><br \/>\n<span style=\"color: #6231d4;\">4.- LA SOBREGENERALIZACI\u00d3N-<\/span><\/span><span style=\"color: #20abab;\"><br \/>\n<span style=\"color: #08a883;\">Por ejemplo:<\/span> <span style=\"text-decoration: underline; color: #6231d4;\"><br \/>\nPensar en t\u00e9rminos generales como siempre, todo, nadie, etc\u00e9tera, sacando conclusiones universales.<\/span><\/span><\/strong><\/em><\/span><\/h4>\n<h4 align=\"justify\"><span style=\"color: #008080;\"><em><strong><span style=\"color: #666699;\"><br \/>\n<span style=\"color: #6231d4;\">5.- LA ADIVINACI\u00d3N DEL PENSAMIENTO-<\/span><\/span> <span style=\"color: #20abab;\"><br \/>\n<span style=\"color: #08a883;\">Por ejemplo:<\/span> <span style=\"text-decoration: underline; color: #666699;\"><br \/>\n<span style=\"color: #6231d4; text-decoration: underline;\">Creer que conoces el porqu\u00e9 de la conducta del otro, comport\u00e1ndote hacia \u00e9l de acuerdo a tu autodi\u00e1logo, m\u00e1s que a los verdaderos motivos del mismo.<\/span> <\/span><\/span><\/strong><\/em><\/span><\/h4>\n<h3 style=\"text-align: center;\"><span style=\"color: #d32ef0;\"><em><strong>Todos ellos se asocian con emociones<br \/>\nmuy intensas, que dan lugar a un comportamiento poco<br \/>\najustado a la situaci\u00f3n que los desencaden.<\/strong><\/em><\/span><\/h3>\n<\/blockquote>\n<p><span style=\"color: #d32ef0;\"><em>Artista-June Valentine Ruppe<\/em><\/span><\/p>\n<h4><span style=\"color: #008080;\"><em><strong>NOTA IMPORTANTE.<\/strong><\/em><em><strong><br \/>\nBusque ayuda inmediatamente si:<\/strong><\/em><\/span><br \/>\n<span style=\"color: #008080;\"><em><strong>Se siente abrumado.<\/strong><\/em><\/span><br \/>\n<span style=\"color: #008080;\"><em><strong>\u2028Est\u00e1 pensando en hacerse da\u00f1o o en da\u00f1ar a otra persona.<\/strong><\/em><\/span><br \/>\n<span style=\"color: #008080;\"><em><strong>Es incapaz de controlar su comportamiento.<\/strong><\/em><\/span><br \/>\n<span style=\"color: #008080;\"><em><strong>Tiene otros s\u00edntomas muy angustiantes de trastorno<\/strong><\/em><\/span><br \/>\n<span style=\"color: #008080;\"><em><strong>de estr\u00e9s postraum\u00e1tico.<\/strong><\/em><em><strong><br \/>\nLlame a un familiar, no se quede solo.<br \/>\nLlame a su m\u00e9dico.<\/strong><\/em><\/span><\/h4>\n<h4><span style=\"color: #ff00ff;\"><em><strong>EN CASO NECESARIO:<\/strong><\/em><\/span><br \/>\n<span style=\"color: #ff00ff;\"><em><strong>Llame a su m\u00e9dico.<\/strong><\/em><\/span><br \/>\n<span style=\"color: #ff00ff;\"><em><strong>Llame al 911 para servicios de emergencia\u2028 o vaya<\/strong><\/em><\/span><br \/>\n<span style=\"color: #ff00ff;\"><em><strong>a la sala de emergencias m\u00e1s cercana.<\/strong><\/em><\/span><br \/>\n<span style=\"color: #ff00ff;\"><em><strong>En un caso de emergencia, puede llamar a:<\/strong><\/em><\/span><br \/>\n<span style=\"color: #ff00ff;\"><em><strong>SAPTEL \u201cSistema Nacional de Apoyo, Consejo \u2028Psicol\u00f3gico<\/strong><\/em><\/span><br \/>\n<span style=\"color: #ff00ff;\"><em><strong>e Intervenci\u00f3n en Crisis por Tel\u00e9fono\u201d<\/strong><\/em><\/span><br \/>\n<span style=\"color: #ff00ff;\"><em><strong>(Cruz Roja Mexicana\u2013 24 Hrs.) sin costo<\/strong><\/em><\/span><\/h4>\n<h4><span style=\"color: #ff00ff;\"><em><strong>SAPTEL<\/strong><\/em><\/span><br \/>\n<span style=\"color: #ff00ff;\"><em><strong>Av M\u00e9xico #37, Hip\u00f3dromo,<\/strong><\/em><\/span><br \/>\n<span style=\"color: #ff00ff;\"><em><strong>Cuauht\u00e9moc, Ciudad de M\u00e9xico.<\/strong><\/em><\/span><br \/>\n<span style=\"color: #ff00ff;\"><em><strong>Tel\u00e9fono:(55) 52598121<br \/>\nE-mail: <a class=\"col1\" style=\"color: #ff00ff;\" href=\"https:\/\/www.saptel.org.mx\/contacto.html#\">saptel.crlyc@gmail.com<\/a><\/strong><\/em><\/span><\/h4>\n<\/blockquote>\n<\/blockquote>\n<\/blockquote>\n","protected":false},"excerpt":{"rendered":"<p>\u2014 \u00bfPor qu\u00e9 nos hablamos tan mal..? \u2014 El di\u00e1logo interno negativo distorsiona la interpretaci\u00f3n de la realidad, y genera emociones y conductas inadecuadas. Aprende c\u00f3mo sustituir estos pensamientos err\u00f3neos, por una charla interior positiva y constructiva.\u2014 Causas del Di\u00e1logo Interno Negativo \u2014 Una de las causas del di\u00e1logo interno negativo, puede ser una familia [&hellip;]<\/p>\n","protected":false},"author":2,"featured_media":0,"parent":0,"menu_order":0,"comment_status":"closed","ping_status":"closed","template":"","meta":[],"_links":{"self":[{"href":"https:\/\/www.ceadin.org\/b\/wp-json\/wp\/v2\/pages\/3295"}],"collection":[{"href":"https:\/\/www.ceadin.org\/b\/wp-json\/wp\/v2\/pages"}],"about":[{"href":"https:\/\/www.ceadin.org\/b\/wp-json\/wp\/v2\/types\/page"}],"author":[{"embeddable":true,"href":"https:\/\/www.ceadin.org\/b\/wp-json\/wp\/v2\/users\/2"}],"replies":[{"embeddable":true,"href":"https:\/\/www.ceadin.org\/b\/wp-json\/wp\/v2\/comments?post=3295"}],"version-history":[{"count":0,"href":"https:\/\/www.ceadin.org\/b\/wp-json\/wp\/v2\/pages\/3295\/revisions"}],"wp:attachment":[{"href":"https:\/\/www.ceadin.org\/b\/wp-json\/wp\/v2\/media?parent=3295"}],"curies":[{"name":"wp","href":"https:\/\/api.w.org\/{rel}","templated":true}]}}