{"id":3293,"date":"2017-07-19T20:16:26","date_gmt":"2017-07-19T20:16:26","guid":{"rendered":"http:\/\/www.ceadin.org\/b\/?page_id=3293"},"modified":"2023-01-22T21:28:03","modified_gmt":"2023-01-22T21:28:03","slug":"el-manejo-de-las-emociones","status":"publish","type":"page","link":"https:\/\/www.ceadin.org\/b\/el-manejo-de-las-emociones\/","title":{"rendered":"El manejo de las emociones"},"content":{"rendered":"<blockquote>\n<blockquote>\n<h3 style=\"text-align: center;\"><span style=\"color: #008000;\"><em><strong><br \/>\n<span style=\"color: #333399;\"><span style=\"color: #933dd9;\"><span style=\"color: #2d6bbd;\">\u2014 EL MANEJO DE LAS EMOCIONES \u2014<\/span><br \/>\n<span style=\"color: #2d6bbd;\">Y<\/span><br \/>\n\u2014 EL CUERPO-DOLOR \u2014<br \/>\n<\/span><\/span><\/strong><\/em><\/span><\/h3>\n<h3 style=\"text-align: center;\"><span style=\"color: #008000;\"><em><strong><span style=\"color: #333399;\"><span style=\"color: #2d6bbd;\">Las emociones son reacciones que todos experimentamos<\/span><br \/>\n<span style=\"color: #bf43a0;\"><span style=\"color: #2d6bbd;\"> y son conocidas por todos nosotros, pero no por<\/span><br \/>\n<span style=\"color: #f05c0c;\"><span style=\"color: #2d6bbd;\">ello dejan de tener complejidad.<\/span><a href=\"http:\/\/www.ceadin.org\/b\/wp-content\/uploads\/2023\/01\/izabela-krzyszkowska61.jpeg\"><img decoding=\"async\" loading=\"lazy\" class=\"wp-image-7092 size-large aligncenter\" src=\"http:\/\/www.ceadin.org\/b\/wp-content\/uploads\/2023\/01\/izabela-krzyszkowska61-e1673463095722-871x1024.jpeg\" alt=\"\" width=\"660\" height=\"776\" srcset=\"https:\/\/www.ceadin.org\/b\/wp-content\/uploads\/2023\/01\/izabela-krzyszkowska61-e1673463095722-871x1024.jpeg 871w, https:\/\/www.ceadin.org\/b\/wp-content\/uploads\/2023\/01\/izabela-krzyszkowska61-e1673463095722-255x300.jpeg 255w, https:\/\/www.ceadin.org\/b\/wp-content\/uploads\/2023\/01\/izabela-krzyszkowska61-e1673463095722-768x903.jpeg 768w, https:\/\/www.ceadin.org\/b\/wp-content\/uploads\/2023\/01\/izabela-krzyszkowska61-e1673463095722-1307x1536.jpeg 1307w, https:\/\/www.ceadin.org\/b\/wp-content\/uploads\/2023\/01\/izabela-krzyszkowska61-e1673463095722-619x728.jpeg 619w, https:\/\/www.ceadin.org\/b\/wp-content\/uploads\/2023\/01\/izabela-krzyszkowska61-e1673463095722.jpeg 1568w\" sizes=\"(max-width: 660px) 100vw, 660px\" \/><\/a><\/span> <\/span><\/span><\/strong><\/em><\/span><\/h3>\n<h3 style=\"text-align: center;\"><span style=\"color: #bf43a0;\"><span style=\"color: #2d6bbd;\"><em><strong><span style=\"color: #933dd9;\">\u2014 UNA EMOCI\u00d3N \u2014<\/span> es un estado afectivo<br \/>\nque experimentamos, una reacci\u00f3n subjetiva<br \/>\nal ambiente, que viene acompa\u00f1ada de cambios org\u00e1nicos <\/strong><\/em><\/span><em><strong><br \/>\n<span style=\"color: #268abf;\"><span style=\"color: #933dd9;\">(fisiol\u00f3gicos y endocrinos)<\/span> <\/span><span style=\"color: #2d6bbd;\">de origen innato,<\/span><br \/>\n<span style=\"color: #2d6bbd;\">influidos por la experiencia.<\/span><\/strong><\/em><\/span><\/h3>\n<h3 style=\"text-align: center;\"><span style=\"color: #800080;\"><em><strong><span style=\"color: #2d6bbd;\">Aunque todos hemos sentido<\/span><span style=\"color: #933dd9;\"> -la ansiedad o el nerviosismo-,<\/span><br \/>\n<span style=\"color: #2d6bbd;\">no todos somos conscientes de que un mal manejo<\/span><br \/>\n<span style=\"color: #2d6bbd;\"> de estas emociones, puede acarrear un bloqueo<\/span><br \/>\n<span style=\"color: #bf43a0;\"><span style=\"color: #2d6bbd;\"> o incluso <\/span><span style=\"color: #933dd9;\">-LA ENFERMEDAD-<\/span><\/span><\/strong><\/em><\/span><\/h3>\n<blockquote>\n<h4 style=\"text-align: left;\"><span style=\"color: #2d6bbd;\"><em><strong>Estas son algunas de las situaciones<br \/>\ny reacciones f\u00e1cilmente identificables que<br \/>\nse producen habitualmente en los seres humanos:<\/strong><\/em><\/span><\/h4>\n<blockquote>\n<h3><span style=\"color: #008000;\"><em><strong><span style=\"text-decoration: underline; color: #2d6bbd;\">1.- Temor a perder la vida o amenaza de un resultado negativo.<\/span><br \/>\n<span style=\"color: #933dd9;\">Reaccionamos luchando, huyendo, manteniendo la situaci\u00f3n de alerta o paraliz\u00e1ndonos.<\/span><br \/>\n<\/strong><\/em><\/span><\/h3>\n<h3><span style=\"color: #008000;\"><em><strong><span style=\"text-decoration: underline; color: #2d6bbd;\">2.- Confrontaci\u00f3n de intereses con nuestros semejantes.<\/span><br \/>\n<span style=\"color: #933dd9;\">Reaccionamos con ira o enojo.<\/span><br \/>\n<\/strong><\/em><\/span><\/h3>\n<h3><span style=\"color: #008000;\"><em><strong><span style=\"text-decoration: underline; color: #2d6bbd;\">3.- P\u00e9rdida de un ser querido.<\/span><br \/>\n<span style=\"color: #933dd9;\">Reaccionamos con tristeza y empatizamos con las personas que nos apoyan.<\/span><br \/>\n<\/strong><\/em><\/span><\/h3>\n<h3><span style=\"color: #008000;\"><em><strong><span style=\"text-decoration: underline; color: #2d6bbd;\">4.- Celebraci\u00f3n de un \u00e9xito o enamoramiento.<\/span><br \/>\n<span style=\"color: #933dd9;\">Reaccionamos con exaltaci\u00f3n.<\/span><br \/>\n<\/strong><\/em><\/span><\/h3>\n<h3><span style=\"color: #008000;\"><em><strong><span style=\"text-decoration: underline; color: #2d6bbd;\">5.- Esfuerzo ante un desaf\u00edo.<\/span><br \/>\n<span style=\"color: #933dd9;\">Reaccionamos con satisfacci\u00f3n y alegr\u00eda.<\/span><br \/>\n<\/strong><\/em><\/span><\/h3>\n<h3><span style=\"color: #bf43a0;\"><em><strong><span style=\"text-decoration: underline; color: #2d6bbd;\">6.- Ante personas que necesitan nuestra ayuda.<\/span><br \/>\n<span style=\"color: #933dd9;\">Reaccionamos de manera r\u00e1pida y altruista a\u00fan a riesgo de nuestra seguridad.<\/span><\/strong><\/em><\/span><\/h3>\n<\/blockquote>\n<h3 style=\"text-align: center;\"><span style=\"color: #2d6bbd;\"><em><strong>En todos los casos estas reacciones<\/strong><\/em><\/span><br \/>\n<span style=\"color: #bf43a0;\"> <em><strong><span style=\"color: #2d6bbd;\">nos ayudan a <\/span><span style=\"color: #933dd9;\">-afrontar mejor esas situaciones-,<\/span><\/strong><\/em><\/span><br \/>\n<span style=\"color: #2d6bbd;\"> <em><strong>adem\u00e1s las emociones tienen una funci\u00f3n adaptativa de<\/strong><\/em><\/span><br \/>\n<span style=\"color: #2d6bbd;\"> <em><strong>nuestro organismo a lo que nos rodea.<\/strong><\/em><\/span><\/h3>\n<blockquote>\n<h3 style=\"text-align: center;\"><span style=\"text-decoration: underline; color: #933dd9;\"><em><strong>ES UN ESTADO QUE SOBREVIENE S\u00daBITA Y <\/strong><\/em><\/span><\/h3>\n<h3 style=\"text-align: center;\"><span style=\"text-decoration: underline; color: #933dd9;\"><em><strong><span style=\"color: #933dd9; text-decoration: underline;\">BRUSCAMENTE, EN FORMA DE CRISIS M\u00c1S O MENOS<\/span> <\/strong><\/em><\/span><\/h3>\n<h3 style=\"text-align: center;\"><span style=\"text-decoration: underline; color: #933dd9;\"><em><strong>VIOLENTAS Y M\u00c1S O MENOS PASAJERAS.<\/strong><\/em><\/span><\/h3>\n<\/blockquote>\n<\/blockquote>\n<h4><span style=\"color: #008000;\"><em><strong><span style=\"color: #2d6bbd;\">En el ser humano la experiencia de una emoci\u00f3n generalmente involucra un conjunto de conocimientos, actitudes y creencias sobre el mundo,<\/span> <span style=\"color: #933dd9;\">que utilizamos para valorar una situaci\u00f3n concreta y, por tanto, influyen en el modo en el que se percibe dicha situaci\u00f3n.<\/span><\/strong><\/em><\/span><\/h4>\n<h4><span style=\"color: #008000;\"><em><strong><span style=\"color: #2d6bbd;\">Durante mucho tiempo las emociones han estado consideradas poco importantes y siempre se le ha dado m\u00e1s relevancia a la parte m\u00e1s racional del ser humano. <\/span><span style=\"color: #933dd9;\">-Pero las emociones, al ser estados afectivos, indican estados internos personales, motivaciones, deseos, necesidades e incluso objetivos-. <\/span><span style=\"color: #2d6bbd;\">De todas formas, es dif\u00edcil saber a partir de la emoci\u00f3n cual ser\u00e1 la conducta futura del individuo, aunque nos puede ayudar a intuirla.<\/span><\/strong><\/em><\/span><\/h4>\n<h4><span style=\"color: #933dd9;\"><em><strong>Apenas tenemos unos meses de vida, adquirimos emociones b\u00e1sicas como el miedo, el enfado o la alegr\u00eda. Algunos animales comparten con nosotros esas emociones tan b\u00e1sicas, que en los humanos se van haciendo m\u00e1s complejas gracias al lenguaje, porque usamos s\u00edmbolos, signos y significados.<\/strong><\/em><\/span><\/h4>\n<h4><span style=\"color: #800080;\"><em><strong><span style=\"color: #933dd9;\">Cada individuo experimenta una emoci\u00f3n de forma particular, dependiendo de sus experiencias anteriores, aprendizaje, car\u00e1cter y de la situaci\u00f3n concreta. <\/span><span style=\"color: #2d6bbd;\">Algunas de las reacciones fisiol\u00f3gicas y comportamentales que desencadenan las emociones son innatas, mientras que otras pueden adquirirse.<\/span><\/strong><\/em><\/span><\/h4>\n<h3 style=\"text-align: center;\"><span style=\"color: #333399;\"><span id=\"Los6_tipos_de_emociones\"><\/span><span style=\"color: #933dd9;\"><em><strong>Existen 6 categor\u00edas b\u00e1sicas de<br \/>\nemociones, si tenemos en cuenta la finalidad<br \/>\nadaptativa de las emociones, podr\u00edamos decir que<br \/>\ntienen diferentes funciones:<\/strong><\/em><\/span><\/span><\/h3>\n<blockquote>\n<h4><span style=\"color: #008000;\"><em><strong><span style=\"color: #933dd9;\">1. MIEDO: <\/span><span style=\"color: #800080;\"><span style=\"color: #219c93;\">Anticipaci\u00f3n de una amenaza o peligro que produce ansiedad, incertidumbre, inseguridad.<\/span><br \/>\n<span style=\"color: #933dd9;\">REACCI\u00d3N: <span style=\"color: #e744f2;\">Tendemos hacia la protecci\u00f3n.<\/span><\/span><\/span><\/strong><\/em><\/span><\/h4>\n<h4><span style=\"color: #008000;\"><em><strong><span style=\"color: #933dd9;\">2.- SORPRESA:<\/span> <span style=\"color: #800080;\"><span style=\"color: #219c93;\">Sobresalto, asombro, desconcierto. Es muy transitoria. Puede dar una aproximaci\u00f3n cognitiva para saber qu\u00e9 pasa.<\/span><br \/>\n<span style=\"color: #933dd9;\">REACCI\u00d3N<\/span><\/span><\/strong><span style=\"color: #933dd9;\">:<\/span><\/em><\/span><span style=\"color: #e744f2;\"> <em><strong>Ayuda a orientarnos frente a la nueva situaci\u00f3n.<\/strong><\/em><\/span><\/h4>\n<h4><span style=\"color: #008000;\"><em><strong><span style=\"color: #933dd9;\">3.- AVERSI\u00d3N:<\/span> <span style=\"color: #219c93;\">Disgusto, asco, solemos alejarnos del objeto que nos produce aversi\u00f3n.<\/span><br \/>\n<span style=\"color: #933dd9;\">REACCI\u00d3N<\/span><\/strong><span style=\"color: #666699;\"><span style=\"color: #933dd9;\">:<\/span> <span style=\"color: #e744f2;\"><strong>Nos produce rechazo hacia aquello que tenemos delante.<\/strong><\/span><\/span><\/em><\/span><\/h4>\n<h4><span style=\"color: #008000;\"><em><strong><span style=\"color: #933dd9;\">4.- IRA:<\/span> <span style=\"color: #219c93;\">Rabia, enojo, resentimiento, furia, irritabilidad.<\/span><br \/>\n<span style=\"color: #666699;\">REACCI\u00d3N<\/span><\/strong><span style=\"color: #666699;\">: <span style=\"color: #e744f2;\"><em><strong>Nos induce hacia la destrucci\u00f3n.<\/strong><\/em><\/span><\/span><\/em><\/span><\/h4>\n<h4><span style=\"color: #008000;\"><em><strong><span style=\"color: #933dd9;\">5.- ALEGR\u00cdA:<\/span> <span style=\"color: #219c93;\">Diversi\u00f3n, euforia, gratificaci\u00f3n, contentos, da una sensaci\u00f3n de bienestar, de seguridad.<\/span><br \/>\n<span style=\"color: #933dd9;\">REACCI\u00d3N<\/span><\/strong><span style=\"color: #666699;\"><span style=\"color: #933dd9;\">: <\/span><span style=\"color: #e744f2;\"><strong>Nos induce hacia la reproducci\u00f3n (deseamos reproducir aquel suceso que nos hace sentir bien).<\/strong><\/span><\/span><\/em><\/span><\/h4>\n<h4><span style=\"color: #008000;\"><em><strong><span style=\"color: #933dd9;\">6.- TRISTEZA: <\/span><span style=\"color: #219c93;\">Pena, soledad, pesimismo.<\/span><br \/>\n<span style=\"color: #933dd9;\">REACCI\u00d3N<\/span><\/strong><span style=\"color: #666699;\"><span style=\"color: #933dd9;\">:<\/span> <span style=\"color: #e744f2;\"><strong>Nos motiva hacia una nueva reintegraci\u00f3n personal.<\/strong><\/span><\/span><\/em><\/span><\/h4>\n<\/blockquote>\n<h4><span style=\"color: #933dd9;\"><em><strong>Las emociones poseen unos componentes conductuales particulares, que son la manera en que \u00e9stas se muestran. Componentes no ling\u00fc\u00edsticos de la expresi\u00f3n verbal (comunicaci\u00f3n no verbal).<\/strong><\/em><\/span><\/h4>\n<h3 style=\"text-align: center;\"><span style=\"color: #bf43a0;\"><em><strong><span style=\"color: #2d6bbd;\">-EXTERNAMENTE- <\/span><span style=\"color: #e744f2;\"><br \/>\nSon en cierta medida controlables,<br \/>\nbasados en el aprendizaje familiar y cultural de cada grupo:<\/span><\/strong><\/em><\/span><\/h3>\n<blockquote>\n<h3><span style=\"color: #2d6bbd;\"><em><strong><span style=\"color: #e744f2;\">1.-<\/span> <span style=\"color: #2d6bbd;\">EXPRESIONES FACIALES.<\/span><br \/>\n<\/strong><\/em><\/span><\/h3>\n<h3><span style=\"color: #2d6bbd;\"><em><strong><span style=\"color: #e744f2;\">2.-<\/span> <span style=\"color: #2d6bbd;\">ACCIONES Y GESTOS.<\/span><br \/>\n<\/strong><\/em><\/span><\/h3>\n<h3><span style=\"color: #2d6bbd;\"><em><strong><span style=\"color: #e744f2;\">3.-<\/span> <span style=\"color: #2d6bbd;\">DISTANCIA ENTRE PERSONAS.<\/span><\/strong><\/em><\/span><\/h3>\n<h3 style=\"text-align: center;\"><span style=\"color: #933dd9;\"><em><strong>\u2014 EL CUERPO-DOLOR \u2014<\/strong><\/em><\/span><\/h3>\n<h4><span style=\"color: #008000;\"><em><strong><span style=\"color: #2d6bbd;\">Los otros componentes de las emociones son <\/span><span style=\"color: #333399;\"><br \/>\n<span style=\"color: #933dd9;\">-FISIOL\u00d3GICOS E INVOLUNTARIOS-,<\/span><\/span><span style=\"color: #933dd9;\"> iguales para todos:<\/span><\/strong><\/em><\/span><\/h4>\n<h3><span style=\"color: #933dd9;\"><em><strong>1.- <\/strong><\/em><em><strong><span style=\"color: #933dd9;\">TEMBLOR.<\/span><br \/>\n<\/strong><\/em><\/span><\/h3>\n<h3><span style=\"color: #933dd9;\"><em><strong><span style=\"color: #933dd9;\">2.- SONROJARSE.<\/span><br \/>\n<\/strong><\/em><\/span><\/h3>\n<h3><span style=\"color: #933dd9;\"><em><strong>3.- SUDORACI\u00d3N.<br \/>\n<\/strong><\/em><\/span><\/h3>\n<h3><span style=\"color: #933dd9;\"><em><strong>4.- RESPIRACI\u00d3N AGITADA.<br \/>\n<\/strong><\/em><\/span><\/h3>\n<h3><span style=\"color: #933dd9;\"><em><strong>5.- DILATACI\u00d3N PUPILAR.<br \/>\n<\/strong><\/em><\/span><\/h3>\n<h3><span style=\"color: #933dd9;\"><em><strong>6.- AUMENTO DEL RITMO CARD\u00cdACO.<\/strong><\/em><\/span><\/h3>\n<\/blockquote>\n<h3 style=\"text-align: left;\"><span style=\"color: #800080;\"><em><strong><span style=\"color: #933dd9;\">\u00bfQu\u00e9 es lo que nos produce el miedo a nivel fisiol\u00f3gico?<\/span><br \/>\n<span style=\"color: #2d6bbd;\">Cuando nos encontramos ante un est\u00edmulo que nos provoca miedo o temor, nuestro cuerpo reacciona activ\u00e1ndose,<span style=\"color: #933dd9;\"> -de manera que estemos a punto para cualquier reacci\u00f3n de lucha o huida que sea preciso a fin de protegernos-,<\/span> ya que nuestro impulso m\u00e1s b\u00e1sico es el de la supervivencia.<\/span><\/strong><\/em><\/span><\/h3>\n<h3 style=\"text-align: center;\"><span style=\"color: #2d6bbd;\"><em><strong>La activaci\u00f3n se produce de la siguiente manera:<\/strong><\/em><\/span><\/h3>\n<h3 style=\"text-align: center;\"><span style=\"color: #e744f2;\"><em><strong>El l\u00f3bulo frontal de la corteza cerebral<br \/>\npor la acci\u00f3n del hipot\u00e1lamo activa la gl\u00e1ndula suprarrenal.<\/strong><\/em><\/span><\/h3>\n<blockquote>\n<h3><span style=\"color: #666699;\"><em><strong><span style=\"color: #e744f2;\">1.-<\/span> <span style=\"color: #933dd9;\">La gl\u00e1ndula suprarrenal descarga adrenalina.<\/span><\/strong><\/em><\/span><\/h3>\n<h3><span style=\"color: #666699;\"><em><strong><span style=\"color: #e744f2;\">2.-<\/span> <span style=\"color: #933dd9;\">Las pupilas se dilatan.<\/span><\/strong><\/em><\/span><\/h3>\n<h3><span style=\"color: #666699;\"><em><strong><span style=\"color: #e744f2;\">3.-<\/span> <span style=\"color: #933dd9;\">El t\u00f3rax se ensancha.<\/span><\/strong><\/em><\/span><\/h3>\n<h3><span style=\"color: #666699;\"><em><strong><span style=\"color: #e744f2;\">4.-<\/span> <span style=\"color: #933dd9;\">El coraz\u00f3n se dilata, aumenta la provisi\u00f3n de sangre.<\/span><\/strong><\/em><\/span><\/h3>\n<h3><span style=\"color: #666699;\"><em><strong><span style=\"color: #e744f2;\">5.-<\/span> <span style=\"color: #933dd9;\">Se produce un aumento de la tensi\u00f3n arterial.<\/span><\/strong><\/em><\/span><\/h3>\n<h3><span style=\"color: #666699;\"><em><strong><span style=\"color: #e744f2;\">6.-<\/span> <span style=\"color: #933dd9;\">Los m\u00fasculos se contraen.<\/span><\/strong><\/em><\/span><\/h3>\n<h3><span style=\"color: #666699;\"><em><strong><span style=\"color: #e744f2;\">7.-<\/span> <span style=\"color: #933dd9;\">El h\u00edgado libera glucosa, el combustible de los m\u00fasculos.<\/span><\/strong><\/em><\/span><\/h3>\n<h3><span style=\"color: #666699;\"><em><strong><span style=\"color: #e744f2;\">8.-<\/span> <span style=\"color: #933dd9;\">La piel palidece.<\/span><\/strong><\/em><\/span><\/h3>\n<h3><span style=\"color: #666699;\"><em><strong><span style=\"color: #e744f2;\">9.-<\/span> <span style=\"color: #933dd9;\">Los bronquios se dilatan para aumentar el volumen de ox\u00edgeno.<\/span><\/strong><\/em><\/span><\/h3>\n<h3><span style=\"color: #666699;\"><em><strong><span style=\"color: #e744f2;\">10.-<\/span> <span style=\"color: #933dd9;\">En casos extremos la vejiga urinaria se vaciar\u00e1.<\/span><\/strong><\/em><\/span><\/h3>\n<h3 style=\"text-align: center;\"><\/h3>\n<\/blockquote>\n<h3><span style=\"color: #2d6bbd;\"><em><strong>PERO&#8230; ENTERATE QUE PASA REALMENTE DENTRO DE TI, <\/strong><\/em><\/span><span style=\"color: #800080;\"><em><strong><span style=\"color: #2d6bbd;\"><em>Y <\/em><\/span><span style=\"color: #268abf;\"><br \/>\n<span style=\"color: #933dd9;\">\u2014 APRENDE A MANEJAR TUS EMOCIONES \u2014<br \/>\n<\/span><\/span><\/strong><\/em><\/span><\/h3>\n<h3><a href=\"https:\/\/youtu.be\/2Y85inaQC6o\"><em><strong><span style=\"color: #933dd9;\">Longevus &#8211; calidad y extension de vida-ver\u00bb<\/span><\/strong><\/em><\/a><\/h3>\n<\/blockquote>\n<p><span style=\"color: #933dd9;\"><em>Artista-Izabela Krzyszkowska<\/em><\/span><\/p>\n<h4><span style=\"color: #008080;\"><em><strong>NOTA IMPORTANTE.<\/strong><\/em><em><strong><br \/>\nBusque ayuda inmediatamente si:<\/strong><\/em><\/span><br \/>\n<span style=\"color: #008080;\"><em><strong>Se siente abrumado.<\/strong><\/em><\/span><br \/>\n<span style=\"color: #008080;\"><em><strong>\u2028Est\u00e1 pensando en hacerse da\u00f1o o en da\u00f1ar a otra persona.<\/strong><\/em><\/span><br \/>\n<span style=\"color: #008080;\"><em><strong>Es incapaz de controlar su comportamiento.<\/strong><\/em><\/span><br \/>\n<span style=\"color: #008080;\"><em><strong>Tiene otros s\u00edntomas muy angustiantes de trastorno<\/strong><\/em><\/span><br \/>\n<span style=\"color: #008080;\"><em><strong>de estr\u00e9s postraum\u00e1tico.<\/strong><\/em><em><strong><br \/>\nLlame a un familiar, no se quede solo.<br \/>\nLlame a su m\u00e9dico.<\/strong><\/em><\/span><\/h4>\n<h4><span style=\"color: #ff00ff;\"><em><strong>EN CASO NECESARIO:<\/strong><\/em><\/span><br \/>\n<span style=\"color: #ff00ff;\"><em><strong>Llame a su m\u00e9dico.<\/strong><\/em><\/span><br \/>\n<span style=\"color: #ff00ff;\"><em><strong>Llame al 911 para servicios de emergencia\u2028 o vaya<\/strong><\/em><\/span><br \/>\n<span style=\"color: #ff00ff;\"><em><strong>a la sala de emergencias m\u00e1s cercana.<\/strong><\/em><\/span><br \/>\n<span style=\"color: #ff00ff;\"><em><strong>En un caso de emergencia, puede llamar a:<\/strong><\/em><\/span><br \/>\n<span style=\"color: #ff00ff;\"><em><strong>SAPTEL \u201cSistema Nacional de Apoyo, Consejo \u2028Psicol\u00f3gico<\/strong><\/em><\/span><br \/>\n<span style=\"color: #ff00ff;\"><em><strong>e Intervenci\u00f3n en Crisis por Tel\u00e9fono\u201d<\/strong><\/em><\/span><br \/>\n<span style=\"color: #ff00ff;\"><em><strong>(Cruz Roja Mexicana\u2013 24 Hrs.) sin costo<\/strong><\/em><\/span><\/h4>\n<h4><span style=\"color: #ff00ff;\"><em><strong>SAPTEL<\/strong><\/em><\/span><br \/>\n<span style=\"color: #ff00ff;\"><em><strong>Av M\u00e9xico #37, Hip\u00f3dromo,<\/strong><\/em><\/span><br \/>\n<span style=\"color: #ff00ff;\"><em><strong>Cuauht\u00e9moc, Ciudad de M\u00e9xico.<\/strong><\/em><\/span><br \/>\n<span style=\"color: #ff00ff;\"><em><strong>Tel\u00e9fono:(55) 52598121<br \/>\nE-mail: <a class=\"col1\" style=\"color: #ff00ff;\" href=\"https:\/\/www.saptel.org.mx\/contacto.html#\">saptel.crlyc@gmail.com<\/a><\/strong><\/em><\/span><\/h4>\n<\/blockquote>\n","protected":false},"excerpt":{"rendered":"<p>\u2014 EL MANEJO DE LAS EMOCIONES \u2014 Y \u2014 EL CUERPO-DOLOR \u2014 Las emociones son reacciones que todos experimentamos y son conocidas por todos nosotros, pero no por ello dejan de tener complejidad. \u2014 UNA EMOCI\u00d3N \u2014 es un estado afectivo que experimentamos, una reacci\u00f3n subjetiva al ambiente, que viene acompa\u00f1ada de cambios org\u00e1nicos (fisiol\u00f3gicos [&hellip;]<\/p>\n","protected":false},"author":2,"featured_media":0,"parent":0,"menu_order":0,"comment_status":"closed","ping_status":"closed","template":"","meta":[],"_links":{"self":[{"href":"https:\/\/www.ceadin.org\/b\/wp-json\/wp\/v2\/pages\/3293"}],"collection":[{"href":"https:\/\/www.ceadin.org\/b\/wp-json\/wp\/v2\/pages"}],"about":[{"href":"https:\/\/www.ceadin.org\/b\/wp-json\/wp\/v2\/types\/page"}],"author":[{"embeddable":true,"href":"https:\/\/www.ceadin.org\/b\/wp-json\/wp\/v2\/users\/2"}],"replies":[{"embeddable":true,"href":"https:\/\/www.ceadin.org\/b\/wp-json\/wp\/v2\/comments?post=3293"}],"version-history":[{"count":0,"href":"https:\/\/www.ceadin.org\/b\/wp-json\/wp\/v2\/pages\/3293\/revisions"}],"wp:attachment":[{"href":"https:\/\/www.ceadin.org\/b\/wp-json\/wp\/v2\/media?parent=3293"}],"curies":[{"name":"wp","href":"https:\/\/api.w.org\/{rel}","templated":true}]}}