{"id":3161,"date":"2017-07-16T00:56:50","date_gmt":"2017-07-16T00:56:50","guid":{"rendered":"http:\/\/www.ceadin.org\/b\/?page_id=3161"},"modified":"2023-01-22T21:44:02","modified_gmt":"2023-01-22T21:44:02","slug":"la-ira","status":"publish","type":"page","link":"https:\/\/www.ceadin.org\/b\/la-ira\/","title":{"rendered":"La Ira"},"content":{"rendered":"<blockquote>\n<blockquote>\n<h3 style=\"text-align: center;\"><span style=\"color: #008000;\"><em><strong><span style=\"text-decoration: underline; color: #800080;\"><br \/>\n<\/span><span style=\"color: #7b27db;\">-La Ira- <\/span><span style=\"color: #a17206;\">es una reacci\u00f3n de protecci\u00f3n de la<\/span><\/strong><\/em><\/span><br \/>\n<span style=\"color: #a17206;\"> <em><strong> integridad ante la invasi\u00f3n de nuestras fronteras personales.<\/strong><\/em><\/span><\/h3>\n<h3 style=\"text-align: center;\"><span style=\"color: #7b27db;\"><em><strong>Es un -NO- a un da\u00f1o, a una violaci\u00f3n.<\/strong><\/em><\/span><br \/>\n<span style=\"color: #7b27db;\"> <em><strong> Pone l\u00edmites y levanta barricadas.<\/strong><\/em><\/span><\/h3>\n<h3 style=\"text-align: center;\"><a href=\"http:\/\/www.ceadin.org\/b\/wp-content\/uploads\/2017\/11\/Izabela-Krzyszkowska80.jpeg\"><img decoding=\"async\" loading=\"lazy\" class=\"aligncenter size-full wp-image-3997\" src=\"http:\/\/www.ceadin.org\/b\/wp-content\/uploads\/2017\/11\/Izabela-Krzyszkowska80.jpeg\" alt=\"\" width=\"1618\" height=\"1642\" srcset=\"https:\/\/www.ceadin.org\/b\/wp-content\/uploads\/2017\/11\/Izabela-Krzyszkowska80.jpeg 1618w, https:\/\/www.ceadin.org\/b\/wp-content\/uploads\/2017\/11\/Izabela-Krzyszkowska80-296x300.jpeg 296w, https:\/\/www.ceadin.org\/b\/wp-content\/uploads\/2017\/11\/Izabela-Krzyszkowska80-768x779.jpeg 768w, https:\/\/www.ceadin.org\/b\/wp-content\/uploads\/2017\/11\/Izabela-Krzyszkowska80-1009x1024.jpeg 1009w, https:\/\/www.ceadin.org\/b\/wp-content\/uploads\/2017\/11\/Izabela-Krzyszkowska80-619x628.jpeg 619w\" sizes=\"(max-width: 1618px) 100vw, 1618px\" \/><\/a><span style=\"color: #008000;\"><em><strong><span style=\"color: #7b27db;\">-LA IRA- <\/span><span style=\"color: #a17206;\">es una emoci\u00f3n que nos acompa\u00f1a a lo largo de nuestra vida. No en vano, la ira siempre esta presente en situaciones de conflicto, ya sean con otros o con nosotros mismos y puede oscilar desde una leve irritaci\u00f3n hasta el m\u00e1s profundo de los odios.<\/span><\/strong><\/em><\/span><\/h3>\n<h4 style=\"text-align: left;\"><span style=\"color: #008000;\"><em><strong><span style=\"color: #7b27db;\">Cuando percibimos que somos tratados injustamente, cuando nos sentimos heridos o cuando vemos dificultada la consecuci\u00f3n de alguna meta importante, sentimos ira.<\/span> <span style=\"color: #a17206;\">Sentir esta emoci\u00f3n en estas circunstancias nos predispone a la acci\u00f3n en un intento de protegernos de aquello que nos hace da\u00f1o y que es el origen de esta emoci\u00f3n.<\/span><\/strong><\/em><\/span><\/h4>\n<h3 style=\"text-align: center;\"><span style=\"color: #7b27db;\"><em><strong>\u2014 La ira es un veneno que uno toma esperando que muera el otro \u2014<\/strong><\/em><\/span><\/h3>\n<h3 style=\"text-align: center;\"><span style=\"color: #7b27db;\"><em><strong>William Shakespeare<\/strong><\/em><\/span><\/h3>\n<blockquote>\n<h3><span style=\"color: #a17206;\"><em><strong>-Yo sol\u00eda guardar la ira bajo llave en mi interior.<\/strong><\/em><\/span><br \/>\n<span style=\"color: #a17206;\"><strong> <em> Un d\u00eda fui a ver a Kastafayet, una especie de gur\u00fa de las experiencias fuera del cuerpo.<br \/>\n<\/em><\/strong><\/span><\/h3>\n<h3><span style=\"color: #a17206;\"><strong><em>Correspond\u00eda dirigirse a \u00e9l dici\u00e9ndole:<\/em><\/strong><\/span><br \/>\n<span style=\"color: #a17206;\"><strong> <em> \u00bfEn qu\u00e9 puedo servirte?<\/em><\/strong><\/span><br \/>\n<span style=\"color: #a17206;\"><strong> <em> Lo hice, y me respondi\u00f3:<\/em><\/strong><\/span><br \/>\n<span style=\"color: #a17206;\"><strong> <em> Necesitas enojarte con todo el mundo.<\/em><\/strong><\/span><\/h3>\n<h3><span style=\"color: #a17206;\"><strong><em>Sent\u00ed un escalofr\u00edo en la espalda.<\/em><\/strong><\/span><br \/>\n<span style=\"color: #a17206;\"><strong> <em> Debe haber notado mi desorientaci\u00f3n, porque agreg\u00f3:<\/em><\/strong><\/span><\/h3>\n<h3><span style=\"color: #a17206;\"><strong><em>No te preocupes, mereces estar enojada con todo el mundo,<\/em><\/strong><\/span><br \/>\n<span style=\"color: #a17206;\"><strong> <em> tras lo cual cerr\u00f3 los ojos y me despidi\u00f3.<\/em><\/strong><\/span><\/h3>\n<h3><span style=\"color: #a17206;\"><strong><em>Me enfurec\u00ed. \u00bfC\u00f3mo se atrev\u00eda a decir que deber\u00eda estar enojada<br \/>\n\u00bfQu\u00e9 quer\u00eda decir con eso?<br \/>\n<\/em><\/strong><\/span><\/h3>\n<h3><span style=\"color: #a17206;\"><strong><em>Cuando llegu\u00e9 a casa estaba tan furiosa que no pod\u00eda mover el cuello..<\/em><\/strong><\/span><\/h3>\n<h3><span style=\"color: #a17206;\"><strong><em>Me sent\u00eda un le\u00f1o ardiente.<\/em><\/strong><\/span><\/h3>\n<h3><span style=\"color: #a17206;\"><strong><em>Camin\u00e9 por toda la casa golpeando los pies, hasta que constru\u00ed una torre de almohadones y comenc\u00e9 a golpearlos con todas mis fuerzas. <\/em><\/strong><\/span><\/h3>\n<h3><span style=\"color: #a17206;\"><strong><em>Arrodillada, levantando los brazos por encima de mi cabeza, aspirando grandes bocanadas de aire y solt\u00e1ndolo al estrellar mis manos contra los almohadones, desahogu\u00e9 mi furia una y otra vez hasta que ca\u00ed al suelo agotada.<\/em><\/strong><\/span><\/h3>\n<h3><span style=\"color: #ba860b;\"><strong><em><span style=\"color: #a17206;\">Continu\u00e9 as\u00ed durante d\u00edas. Parec\u00eda como si la ira me estuviese consumiendo, toda una vida de bronca acumulada derram\u00e1ndose. La ira se colaba en mi voz, incluso cuando trataba de mostrarme tierna y afectuosa.<\/span> <\/em><\/strong><\/span><\/h3>\n<h3><span style=\"color: #a17206;\"><strong><em>Empec\u00e9 a practicar el enojo, diciendo y haciendo cosas que siempre hab\u00eda reprimido.<\/em><\/strong><\/span><\/h3>\n<h3><span style=\"color: #a17206;\"><strong><em>Dej\u00e9 de preocuparme acerca de si, lo que dec\u00eda era apropiado o no. <\/em><\/strong><strong><em>Me sent\u00eda totalmente desequilibrada, pose\u00edda.<\/em><\/strong><\/span><br \/>\n<span style=\"color: #a17206;\"><strong> <em> Escrib\u00ed cartas furiosas que nunca envi\u00e9.<\/em><\/strong><\/span><\/h3>\n<h3><span style=\"color: #a17206;\"><strong><em>Danc\u00e9 y danc\u00e9, hasta que finalmente agradec\u00ed a este personaje misterioso <\/em><em>por instigarme a desahogar mi ira acumulada.<\/em><\/strong><\/span><br \/>\n<span style=\"color: #a17206;\"><strong> <em> Fue un punto de inflexi\u00f3n en mi vida.<\/em><\/strong><\/span><\/h3>\n<h3><span style=\"color: #a17206;\"><strong><em>Y comprend\u00ed que lo que me quer\u00eda decir no era que todo el mundo merec\u00eda mi enojo, <\/em><em>sino que necesitaba expresar la ira que hab\u00eda almacenado en mi interior.<\/em><\/strong><\/span><\/h3>\n<\/blockquote>\n<h3 style=\"text-align: center;\"><span style=\"text-decoration: underline; color: #7b27db;\"><em><strong>LA IRA INTERNALIZADA Y CONTENIDA ES<br \/>\n<\/strong><\/em><\/span><\/h3>\n<h3 style=\"text-align: center;\"><span style=\"text-decoration: underline; color: #7b27db;\"><em><strong>PANDEMICA EN NUESTRA SOCIEDAD Y SUS CONSECUENCIAS<br \/>\n<\/strong><\/em><\/span><\/h3>\n<h3 style=\"text-align: center;\"><span style=\"text-decoration: underline; color: #7b27db;\"><em><strong>SON LA CATASTROFICA VIOLENCIA DOM\u00c9STICA,<br \/>\n<\/strong><\/em><\/span><\/h3>\n<h3 style=\"text-align: center;\"><span style=\"text-decoration: underline; color: #7b27db;\"><em><strong>LOS CR\u00cdMENES, TODA <\/strong><\/em><\/span><span style=\"text-decoration: underline; color: #7b27db;\"><em><strong>CLASE DE AGRESI\u00d3N GRATUITA, LA GUERRA<br \/>\n<\/strong><\/em><\/span><\/h3>\n<h3 style=\"text-align: center;\"><span style=\"text-decoration: underline; color: #7b27db;\"><em><strong>A TODO NIVEL Y LA <\/strong><\/em><\/span><span style=\"text-decoration: underline; color: #7b27db;\"><em><strong>DESTRUCTIVIDAD DESESPERADA..!<\/strong><\/em><\/span><\/h3>\n<h3 style=\"text-align: center;\"><span style=\"color: #800080;\"><em><strong><span style=\"color: #0000ff;\"><br \/>\n<span style=\"color: #7b27db;\">-La ira-\u00a0<\/span><\/span> <span style=\"color: #a17206;\">es la emoci\u00f3n menos permitida.<\/span><\/strong><\/em><\/span><br \/>\n<span style=\"color: #a17206;\"> <em><strong> La m\u00e1s desaprobada en nuestra sociedad, y por lo<br \/>\ntanto la m\u00e1s reprimida.<\/strong><\/em><\/span><\/h3>\n<h4 style=\"text-align: left;\"><span style=\"color: #008000;\"><em><strong><span style=\"color: #7b27db;\">Los signos corporales que reflejan ira reprimida son visibles en todas partes:<\/span><br \/>\n<span style=\"color: #a17206;\">-Mand\u00edbulas apretadas, pu\u00f1os cerrados, espaldas r\u00edgidas, barbillas prominentes, voces elevadas, ojos desafiantes.<\/span><\/strong><\/em><\/span><\/h4>\n<h4 style=\"text-align: left;\"><span style=\"color: #7b27db;\"><em><strong>Las malas semillas de la ira contenida, eclosionan todos los d\u00edas de mil maneras destructivas para uno mismo y para los dem\u00e1s.<\/strong><\/em><\/span><\/h4>\n<h4><span style=\"color: #008000;\"><em><strong><span style=\"color: #0000ff;\"><span style=\"color: #a17206;\">-Si tan s\u00f3lo aprendi\u00e9ramos a enojarnos correctamente en el momento oportuno-, protegiendo nuestro territorio personal de las verdaderas invasiones, <\/span><span style=\"color: #7b27db;\">-la ira se convertir\u00eda en una reacci\u00f3n adecuada-,<\/span> <\/span><span style=\"color: #a17206;\">una resoluci\u00f3n justa de los desaf\u00edos, un tratamiento sin efectos colaterales negativos, en vez de una enfermedad cr\u00f3nica cuya impotencia acaba en destrucci\u00f3n.<\/span><\/strong><\/em><\/span><\/h4>\n<h4><span style=\"color: #a17206;\"><em><strong>La aut\u00e9ntica liberaci\u00f3n de la ira suele conducir a un sentimiento de compasi\u00f3n, porque pasamos del enojo ante la violaci\u00f3n, a una valoraci\u00f3n comprensiva de las causas que llevaron a la otra persona a invadir fronteras.<\/strong><\/em><\/span><\/h4>\n<h4><span style=\"color: #7b27db;\"><em><strong>Recomendaciones:<\/strong><\/em><em><strong><br \/>\nBuscar la causa de nuestro enfado y expresarlo de manera adecuada.<\/strong><\/em><\/span><span style=\"color: #ff5e00;\"><em><strong><br \/>\n<span style=\"color: #a17206;\">Aprender a identificar que nos molesta, es la primera acci\u00f3n a tener en cuenta cuando estamos enfadados. Una vez reconocida la causa es positivo expresarla de manera eficaz utilizando argumentos honestos y sinceros, en vez de amenazas o insultos.<\/span><\/strong><\/em><\/span><\/h4>\n<h4 class=\"roboto\"><span style=\"color: #800080;\"><em><strong><span style=\"color: #7b27db;\">No ceder al resentimiento.<\/span><br \/>\n<span style=\"color: #a17206;\">Si tenemos ira sin resolver, cualquier peque\u00f1o inconveniente, puede hacer que estallemos en ira. Por lo que es fundamental resolver problemas del pasado para que no est\u00e9n presentes en nuestro d\u00eda a d\u00eda.<\/span><\/strong><\/em><\/span><\/h4>\n<h4 class=\"roboto\"><em><span style=\"color: #800080;\"><strong><span style=\"color: #7b27db;\">Poner distancia.<\/span><br \/>\n<span style=\"color: #a17206;\">Si notamos que nuestra ira va en aumento, es positivo poner distancia con la situaci\u00f3n, ya sea abandonando el lugar donde estemos, o tomarnos un momento para<\/span><span style=\"color: #7b27db;\"> -contar hasta 10- y relajarnos. <\/span><span style=\"color: #a17206;\">Esto nos ayudar\u00e1 a calmarnos, a ver las cosas desde otra perspectiva m\u00e1s realista y por tanto a buscar soluciones positivas a la situaci\u00f3n.<\/span><\/strong><\/span><\/em><\/h4>\n<h4 class=\"blog-tit-separador\" style=\"text-align: center;\"><span style=\"color: #7b27db;\"><em><strong>TEST DE IRA: \u00bfERES COL\u00c9RICO.?<\/strong><\/em><\/span><\/h4>\n<h4 class=\"blog-tit-separador\" style=\"text-align: center;\"><span style=\"color: #7b27db;\"><em><strong>\u00bfTe enfureces r\u00e1pidamente?<\/strong><\/em><\/span><br \/>\n<span style=\"color: #a17206;\"><em><strong> \u00bfHay situaciones en las que te frustras, te enfadas y parece que vas a explotar?<\/strong><\/em><\/span><br \/>\n<span style=\"color: #a17206;\"><em><strong> Con este\u00a0cuestionario podr\u00e1s ver hasta que punto la ira te domina.<\/strong><\/em><\/span><\/h4>\n<h3><span style=\"color: #7b27db;\"><em><strong>INSTRUCCIONES:<\/strong><\/em><\/span><br \/>\n<em><strong><span style=\"color: #008000;\"><span style=\"color: #a17206;\">Por cada respuesta<\/span> <span style=\"color: #7b27db;\">-SI-<\/span> <span style=\"color: #a17206;\">ap\u00fantate un punto,<\/span><br \/>\n<span style=\"color: #a17206;\">y si adem\u00e1s es con mucha intensidad s\u00famale otro punto.<\/span><\/span><\/strong><\/em><\/h3>\n<h3><span style=\"color: #0000ff;\"><em><strong><span style=\"color: #7b27db;\">\u00a01.-<\/span> <span style=\"color: #a17206;\">Est\u00e1s conduciendo, tienes prisa y hay un atasco.<\/span><\/strong><\/em><\/span><\/h3>\n<h3><span style=\"color: #0000ff;\"><em><strong><span style=\"color: #7b27db;\">2.-<\/span> <span style=\"color: #a17206;\">Est\u00e1s en el trabajo y en el \u00faltimo momento te encargan una tarea.<\/span><\/strong><\/em><\/span><\/h3>\n<h3><span style=\"color: #0000ff;\"><em><strong><span style=\"color: #7b27db;\">3.-<\/span> <span style=\"color: #a17206;\">Tienes hambre y la comida no est\u00e1 lista.<\/span><\/strong><\/em><\/span><\/h3>\n<h3><span style=\"color: #0000ff;\"><em><strong><span style=\"color: #7b27db;\">4.- <\/span><span style=\"color: #a17206;\">Cometes un error y tu PC elimina el trabajo realizado.<\/span><\/strong><\/em><\/span><\/h3>\n<h3><span style=\"color: #0000ff;\"><em><strong><span style=\"color: #7b27db;\">5.-<\/span> <span style=\"color: #a17206;\">El mec\u00e1nico a\u00fan no ha concluido la reparaci\u00f3n de tu coche y no te ha avisado a tiempo.<\/span><\/strong><\/em><\/span><\/h3>\n<h3><span style=\"color: #0000ff;\"><em><strong><span style=\"color: #7b27db;\">6.-<\/span> <span style=\"color: #a17206;\">Participas en una conversaci\u00f3n y nadie tiene en cuenta tus argumentos.<\/span><\/strong><\/em><\/span><\/h3>\n<h3><span style=\"color: #0000ff;\"><em><strong><span style=\"color: #7b27db;\">7.-<\/span> <span style=\"color: #a17206;\">Limpias los cristales de las ventanas de casa y diez minutos m\u00e1s tarde empieza a llover.<\/span><\/strong><\/em><\/span><\/h3>\n<h3><span style=\"color: #0000ff;\"><em><strong><span style=\"color: #7b27db;\">8.-<\/span> <span style=\"color: #a17206;\">Tienes una cita y la persona llega tarde.<\/span><\/strong><\/em><\/span><\/h3>\n<h3><span style=\"color: #0000ff;\"><em><strong><span style=\"color: #7b27db;\">9.-<\/span> <span style=\"color: #a17206;\">La persona con la que conversas tiene mala fe.<\/span><\/strong><\/em><\/span><\/h3>\n<h3><span style=\"color: #0000ff;\"><em><strong><span style=\"color: #7b27db;\">10.-<\/span><span style=\"color: #a17206;\"> Acudes a una tienda y esta cerrada.<\/span><\/strong><\/em><\/span><\/h3>\n<h3><span style=\"color: #0000ff;\"><em><strong><span style=\"color: #7b27db;\">11.-<\/span> <span style=\"color: #a17206;\">La fotocopiadora no funciona y la necesitas con urgencia.<\/span><\/strong><\/em><\/span><\/h3>\n<h3><span style=\"color: #0000ff;\"><em><strong><span style=\"color: #7b27db;\">12.-<\/span> <span style=\"color: #a17206;\">El tel\u00e9fono suena mientras estas ocupad@.<\/span><\/strong><\/em><\/span><\/h3>\n<h3><span style=\"color: #0000ff;\"><em><strong><span style=\"color: #7b27db;\">13.-<\/span> <span style=\"color: #a17206;\">Est\u00e1s mirando un programa en la televisi\u00f3n y de repente, \u00e9ste se interrumpe.<\/span><\/strong><\/em><\/span><\/h3>\n<h3><span style=\"color: #0000ff;\"><em><strong><span style=\"color: #7b27db;\">14.-<\/span> <span style=\"color: #a17206;\">Un amigo qued\u00f3 en llamarte y no lo hace.<\/span><\/strong><\/em><\/span><\/h3>\n<h3><span style=\"color: #0000ff;\"><em><strong><span style=\"color: #7b27db;\">15.-<\/span> <span style=\"color: #a17206;\">Has olvidado enviar un documento en la fecha prevista.<\/span><\/strong><\/em><\/span><\/h3>\n<h3><span style=\"color: #0000ff;\"><em><strong><span style=\"color: #7b27db;\">16.-<\/span> <span style=\"color: #a17206;\">El m\u00e9dico te hace esperar mucho m\u00e1s de lo previsto.<\/span><\/strong><\/em><\/span><\/h3>\n<h3><span style=\"color: #0000ff;\"><em><strong><span style=\"color: #7b27db;\">17.-<\/span> <span style=\"color: #a17206;\">Durante una cena o una comida tu interlocutor deja de escucharte.<\/span><\/strong><\/em><\/span><\/h3>\n<h3><span style=\"color: #0000ff;\"><em><strong><span style=\"color: #7b27db;\">18.-<\/span> <span style=\"color: #a17206;\">Un conductor te niega la prioridad en el cruce.<\/span><\/strong><\/em><\/span><\/h3>\n<h3><span style=\"color: #0000ff;\"><em><strong><span style=\"color: #7b27db;\">19.-<\/span> <span style=\"color: #a17206;\">Alguien abre el grifo mientras te duchas y el agua empieza a salir demasiado fr\u00eda o caliente.<\/span><\/strong><\/em><\/span><\/h3>\n<h3><span style=\"color: #0000ff;\"><em><strong><span style=\"color: #7b27db;\">20.-<\/span> <span style=\"color: #a17206;\">No has logrado llevar a cabo todo cuanto hab\u00edas previsto durante el fin de semana.<\/span><\/strong><\/em><\/span><\/h3>\n<h3><span style=\"color: #0000ff;\"><em><strong><span style=\"color: #7b27db;\">21.-<\/span> <span style=\"color: #a17206;\">El producto que deseabas comprar no est\u00e1 disponible.<\/span><\/strong><\/em><\/span><\/h3>\n<h3><span style=\"color: #0000ff;\"><em><strong><span style=\"color: #7b27db;\">22.-<\/span> <span style=\"color: #a17206;\">Durante el desayuno tu tostada con mantequilla cae boca abajo.<\/span><\/strong><\/em><\/span><\/h3>\n<h3><span style=\"color: #0000ff;\"><em><strong><span style=\"color: #7b27db;\">23.-<\/span> <span style=\"color: #a17206;\">Te manchas la camisa en un restaurante.<\/span><\/strong><\/em><\/span><\/h3>\n<h3><span style=\"color: #0000ff;\"><em><strong><span style=\"color: #7b27db;\">24.-<\/span> <span style=\"color: #a17206;\">Alguien se cuela en la cola en la que est\u00e1s esperando desde hace un rato.<\/span><br \/>\n<\/strong><\/em><\/span><\/h3>\n<h3><span style=\"color: #7b27db;\"><em><strong>25.- <\/strong><\/em><\/span><span style=\"color: #a17206;\"><em><strong>Alguien te critica en presencia de otras personas.<\/strong><\/em><\/span><\/h3>\n<h3><span style=\"color: #800080;\"><em><strong><span style=\"color: #7b27db;\">RESULTADOS:<\/span><br \/>\n<span style=\"text-decoration: underline; color: #0000ff;\"><span style=\"color: #7b27db; text-decoration: underline;\">Menos de 25 puntos:<\/span> <\/span><span style=\"color: #a17206;\">Cuando la realidad te exaspera y te genera sentimientos de ira, sabes ver las cosas con perspectiva enfocando tu atenci\u00f3n sobre las cosas realmente importantes.<\/span><br \/>\n<\/strong><\/em><\/span><\/h3>\n<h3><span style=\"color: #800080;\"><em><strong><span style=\"text-decoration: underline; color: #7b27db;\">Mas de 25 puntos: <\/span><span style=\"color: #a17206;\">La realidad te golpea con frecuencia: te cuesta controlar tus emociones, ciertas emociones o conductas te resultan insoportables.<\/span><br \/>\n<\/strong><\/em><\/span><\/h3>\n<h3><span style=\"color: #800080;\"><em><strong><span style=\"text-decoration: underline; color: #7b27db;\">Mas de 37 puntos: <\/span><span style=\"color: #a17206;\">Se puede adelantar la hip\u00f3tesis de que posees un temperamento col\u00e9rico, en muchas ocasiones la vida y los dem\u00e1s te fastidia.<\/span><\/strong><\/em><\/span><\/h3>\n<h3 style=\"text-align: center;\"><span style=\"color: #7b27db;\"><strong><span style=\"color: #7b27db;\"><em>OJO&#8230;.!<\/em> <\/span><br \/>\n<\/strong><\/span><\/h3>\n<h3 style=\"text-align: center;\"><span style=\"color: #993366;\"><em><strong><span style=\"color: #7b27db;\">LA PROPIA IRA PUEDE SER UNA FORMA OPORTUNA DE COMPASI\u00d3N..!<\/span><br \/>\n<\/strong><\/em><\/span><\/h3>\n<\/blockquote>\n<p><span style=\"color: #a17206;\"><em>Artista-Izabela Krzyszkowska<\/em><\/span><\/p>\n<h4><span style=\"color: #008080;\"><em><strong>NOTA IMPORTANTE.<\/strong><\/em><em><strong><br \/>\nBusque ayuda inmediatamente si:<\/strong><\/em><\/span><br \/>\n<span style=\"color: #008080;\"><em><strong>Se siente abrumado.<\/strong><\/em><\/span><br \/>\n<span style=\"color: #008080;\"><em><strong>\u2028Est\u00e1 pensando en hacerse da\u00f1o o en da\u00f1ar a otra persona.<\/strong><\/em><\/span><br \/>\n<span style=\"color: #008080;\"><em><strong>Es incapaz de controlar su comportamiento.<\/strong><\/em><\/span><br \/>\n<span style=\"color: #008080;\"><em><strong>Tiene otros s\u00edntomas muy angustiantes de trastorno<\/strong><\/em><\/span><br \/>\n<span style=\"color: #008080;\"><em><strong>de estr\u00e9s postraum\u00e1tico.<\/strong><\/em><em><strong><br \/>\nLlame a un familiar, no se quede solo.<br \/>\nLlame a su m\u00e9dico.<\/strong><\/em><\/span><\/h4>\n<h4><span style=\"color: #ff00ff;\"><em><strong>EN CASO NECESARIO:<\/strong><\/em><\/span><br \/>\n<span style=\"color: #ff00ff;\"><em><strong>Llame a su m\u00e9dico.<\/strong><\/em><\/span><br \/>\n<span style=\"color: #ff00ff;\"><em><strong>Llame al 911 para servicios de emergencia\u2028 o vaya<\/strong><\/em><\/span><br \/>\n<span style=\"color: #ff00ff;\"><em><strong>a la sala de emergencias m\u00e1s cercana.<\/strong><\/em><\/span><br \/>\n<span style=\"color: #ff00ff;\"><em><strong>En un caso de emergencia, puede llamar a:<\/strong><\/em><\/span><br \/>\n<span style=\"color: #ff00ff;\"><em><strong>SAPTEL \u201cSistema Nacional de Apoyo, Consejo \u2028Psicol\u00f3gico<\/strong><\/em><\/span><br \/>\n<span style=\"color: #ff00ff;\"><em><strong>e Intervenci\u00f3n en Crisis por Tel\u00e9fono\u201d<\/strong><\/em><\/span><br \/>\n<span style=\"color: #ff00ff;\"><em><strong>(Cruz Roja Mexicana\u2013 24 Hrs.) sin costo<\/strong><\/em><\/span><\/h4>\n<h4><span style=\"color: #ff00ff;\"><em><strong>SAPTEL<\/strong><\/em><\/span><br \/>\n<span style=\"color: #ff00ff;\"><em><strong>Av M\u00e9xico #37, Hip\u00f3dromo,<\/strong><\/em><\/span><br \/>\n<span style=\"color: #ff00ff;\"><em><strong>Cuauht\u00e9moc, Ciudad de M\u00e9xico.<\/strong><\/em><\/span><br \/>\n<span style=\"color: #ff00ff;\"><em><strong>Tel\u00e9fono:(55) 52598121<br \/>\nE-mail: <a class=\"col1\" style=\"color: #ff00ff;\" href=\"https:\/\/www.saptel.org.mx\/contacto.html#\">saptel.crlyc@gmail.com<\/a><\/strong><\/em><\/span><\/h4>\n<\/blockquote>\n","protected":false},"excerpt":{"rendered":"<p>-La Ira- es una reacci\u00f3n de protecci\u00f3n de la integridad ante la invasi\u00f3n de nuestras fronteras personales. Es un -NO- a un da\u00f1o, a una violaci\u00f3n. Pone l\u00edmites y levanta barricadas. -LA IRA- es una emoci\u00f3n que nos acompa\u00f1a a lo largo de nuestra vida. No en vano, la ira siempre esta presente en situaciones [&hellip;]<\/p>\n","protected":false},"author":2,"featured_media":0,"parent":0,"menu_order":0,"comment_status":"closed","ping_status":"closed","template":"","meta":[],"_links":{"self":[{"href":"https:\/\/www.ceadin.org\/b\/wp-json\/wp\/v2\/pages\/3161"}],"collection":[{"href":"https:\/\/www.ceadin.org\/b\/wp-json\/wp\/v2\/pages"}],"about":[{"href":"https:\/\/www.ceadin.org\/b\/wp-json\/wp\/v2\/types\/page"}],"author":[{"embeddable":true,"href":"https:\/\/www.ceadin.org\/b\/wp-json\/wp\/v2\/users\/2"}],"replies":[{"embeddable":true,"href":"https:\/\/www.ceadin.org\/b\/wp-json\/wp\/v2\/comments?post=3161"}],"version-history":[{"count":0,"href":"https:\/\/www.ceadin.org\/b\/wp-json\/wp\/v2\/pages\/3161\/revisions"}],"wp:attachment":[{"href":"https:\/\/www.ceadin.org\/b\/wp-json\/wp\/v2\/media?parent=3161"}],"curies":[{"name":"wp","href":"https:\/\/api.w.org\/{rel}","templated":true}]}}