{"id":3159,"date":"2017-07-16T00:28:54","date_gmt":"2017-07-16T00:28:54","guid":{"rendered":"http:\/\/www.ceadin.org\/b\/?page_id=3159"},"modified":"2023-01-22T21:32:04","modified_gmt":"2023-01-22T21:32:04","slug":"el-miedo","status":"publish","type":"page","link":"https:\/\/www.ceadin.org\/b\/el-miedo\/","title":{"rendered":"El Miedo"},"content":{"rendered":"<blockquote>\n<blockquote>\n<h3 style=\"text-align: center;\"><span style=\"color: #800080;\"><em><strong><span style=\"color: #008000;\"><br \/>\n<span style=\"color: #097a94;\">-EL MIEDO-<\/span><\/span> <span style=\"color: #c9680c;\">es una emoci\u00f3n vital y \u00fatil,<\/span><\/strong><\/em><\/span><br \/>\n<span style=\"color: #c9680c;\"> <em><strong> nos pone en estado de al<span style=\"color: #c9680c;\">erta, cataliza nuestras sensaciones y<\/span><\/strong><\/em><\/span><br \/>\n<span style=\"color: #800080;\"> <em><strong><span style=\"color: #c9680c;\"> aumenta nuestra conciencia ante el peligro.<\/span><a href=\"http:\/\/www.ceadin.org\/b\/wp-content\/uploads\/2022\/12\/izabela-krzyszkowska-33973.jpg\"><img decoding=\"async\" loading=\"lazy\" class=\"alignright size-full wp-image-7015\" src=\"http:\/\/www.ceadin.org\/b\/wp-content\/uploads\/2022\/12\/izabela-krzyszkowska-33973.jpg\" alt=\"\" width=\"800\" height=\"1200\" srcset=\"https:\/\/www.ceadin.org\/b\/wp-content\/uploads\/2022\/12\/izabela-krzyszkowska-33973.jpg 800w, https:\/\/www.ceadin.org\/b\/wp-content\/uploads\/2022\/12\/izabela-krzyszkowska-33973-200x300.jpg 200w, https:\/\/www.ceadin.org\/b\/wp-content\/uploads\/2022\/12\/izabela-krzyszkowska-33973-683x1024.jpg 683w, https:\/\/www.ceadin.org\/b\/wp-content\/uploads\/2022\/12\/izabela-krzyszkowska-33973-768x1152.jpg 768w, https:\/\/www.ceadin.org\/b\/wp-content\/uploads\/2022\/12\/izabela-krzyszkowska-33973-619x929.jpg 619w\" sizes=\"(max-width: 800px) 100vw, 800px\" \/><\/a><\/strong><\/em><\/span><\/h3>\n<h3 style=\"text-align: center;\"><span style=\"color: #097a94;\"><em><strong>El miedo es un amigo, el radar de nuestro viaje por la vida,<br \/>\nun instinto b\u00e1sico de la supervivencia humana f\u00edsica,<br \/>\npsicol\u00f3gica y espiritual.<\/strong><\/em><\/span><\/h3>\n<h4><span style=\"color: #666699;\"><em><strong><span style=\"color: #c9680c;\">Necesitamos un agudo sentido de lo que amenaza nuestro bienestar. Antenas sensibles y bien sintonizadas a las se\u00f1ales de peligro nos permiten ubicar y enfrentar las amenazas en el momento en que \u00e9stas ocurren.<\/span> <\/strong><\/em><\/span><\/h4>\n<h4><span style=\"color: #c9680c;\"><em><strong>El miedo nos ense\u00f1a a prestar atenci\u00f3n a lo que sucede, y un sentido del temor bien calibrado nos mantiene en equilibrio din\u00e1mico en un mundo inevitablemente inseguro e imprevisible.<\/strong><\/em><\/span><\/h4>\n<h4><span style=\"color: #008000;\"><em><strong><span style=\"color: #c9680c;\">Las se\u00f1ales de peligro se amortiguan cuando generamos pautas de supresi\u00f3n y negaci\u00f3n de nuestros miedos. Al no prestar atenci\u00f3n a los signos espec\u00edficos del miedo, esa energ\u00eda se difumina en una paranoia generalizada, una leve fiebre de alarma perpetua que impregna nuestra vida.<\/span><\/strong> <\/em><\/span><\/h4>\n<h4><span style=\"color: #c9680c;\"><em><strong>En mi trabajo, he descubierto que pr\u00e1cticamente todo el mundo est\u00e1 atrapado por el miedo: a perder su empleo, su amante, su vida; miedo al \u00e9xito, a ser demasiado feliz, a la verdad, a sentir, a moverse o a cambiar.<\/strong> <\/em><\/span><\/h4>\n<h4><span style=\"color: #666699;\"><em><strong><span style=\"color: #c9680c;\">A medida que nos sensibilizamos al juego de las energ\u00edas emocionales, podemos ver (y sentir) de qu\u00e9 manera<\/span> <span style=\"color: #097a94;\">-el miedo no liberado nos aprieta la garganta, el cuello y la zona inferior de la espalda, nos levanta los hombros, nos tensa la mand\u00edbula y contrae el ce\u00f1o, inmoviliza la pelvis y traba las rodillas-.<\/span><\/strong> <\/em><\/span><\/h4>\n<h4><span style=\"color: #666699;\"><em><strong><span style=\"color: #097a94;\">-El miedo estampa su firma por todo el cuerpo-,<\/span> <span style=\"color: #c9680c;\">pero nos hemos acostumbrado tanto a \u00e9l que nos hemos insensibilizado al mensaje claro y fuerte de nuestro lenguaje corporal. <\/span><span style=\"color: #097a94;\">Este miedo generalizado se agrava solo, paraliza nuestra energ\u00eda vital y agarrota nuestros sentimientos.<\/span><\/strong> <\/em><\/span><\/h4>\n<h3 style=\"text-align: center;\"><span style=\"color: #097a94;\"><em><strong>Nos asusta tanto lo que podemos perder,<\/strong><\/em><\/span><br \/>\n<span style=\"color: #097a94;\"> <em><strong> estamos tan dolorosamente apegados a lo que tenemos,<\/strong><\/em><\/span><br \/>\n<span style=\"color: #097a94;\"> <em><strong> que nos congelamos en una muerte en vida para protegemos<br \/>\ndel dolor de la vida real.<\/strong><\/em><\/span><\/h3>\n<h3 style=\"text-align: center;\"><span style=\"color: #c9680c;\"><em><strong>Por aferramos a la vida tal cual la<br \/>\ntenemos, <\/strong><\/em><em><strong>nos negamos un presente y un futuro vibrantes.<\/strong><\/em><\/span><\/h3>\n<h4><span style=\"color: #c9680c;\"><em><strong>Lo que necesitamos es liberamos de nuestras antiguas y difusas ansiedades bloqueadas para ser capaces de temer a lo que realmente amenace nuestro bienestar.<\/strong> <\/em><\/span><\/h4>\n<blockquote>\n<h3><strong><em><span style=\"color: #008000;\"><span style=\"color: #097a94;\">\u2014<\/span><span style=\"color: #800080;\"><span style=\"color: #097a94;\">Recuerdo un ejemplo muy elocuente de miedo que aprisiona la vida y finalmente es liberado:<\/span><br \/>\n<span style=\"color: #c9680c;\">A uno de mis talleres en Esalen asisti\u00f3 un hombre que pod\u00eda hablar pero era incapaz de emitir sonido natural alguno. Se bloqueaba y permanec\u00eda en silencio cuando el resto del grupo gem\u00eda, gru\u00f1\u00eda, gritaba y zumbaba.<\/span><br \/>\n<\/span><\/span><\/em><\/strong><\/h3>\n<h3><span style=\"color: #c9680c;\"><strong><em>Un d\u00eda, mientras le daba un masaje, al trabajar para aliviar la tensi\u00f3n de su cuerpo, not\u00e9 una enorme cicatriz cerca de su ingle, que lat\u00eda con fuerza. <\/em><em>Apoy\u00e9 mi mano sobre la cicatriz y le ped\u00ed que dirigiera su respiraci\u00f3n hacia mi palma. <\/em><\/strong><\/span><\/h3>\n<h3><strong><span style=\"color: #008000;\"><em><span style=\"color: #097a94;\">Lo hizo. De pronto ech\u00f3 la cabeza hacia atr\u00e1s y solt\u00f3 un alarido que nos hel\u00f3 la sangre.<\/span> <span style=\"color: #c9680c;\">Otras personas acudieron corriendo de todas partes y se quedaron at\u00f3nitas. <\/span><\/em><\/span><span style=\"color: #c9680c;\"><em>Tras ese grito espeluznante, perdi\u00f3 el conocimiento.<\/em><\/span><\/strong><\/h3>\n<h3><span style=\"color: #c9680c;\"><strong><em>Los presentes debieron pensar que hab\u00eda muerto, pero yo lo sent\u00eda respirar. <\/em><em>Lo cubr\u00ed para mantenerlo abrigado y me qued\u00e9 a su lado vigilante.<\/em><\/strong><\/span><\/h3>\n<h3><span style=\"color: #c9680c;\"><strong><em>Cuando volvi\u00f3 en s\u00ed, la sensaci\u00f3n pulsante hab\u00eda desaparecido.<\/em><\/strong><\/span><br \/>\n<strong><span style=\"color: #008000;\"><em><span style=\"color: #c9680c;\"> Me cont\u00f3 que ese latido no hab\u00eda cesado en los \u00faltimos cinco a\u00f1os, desde que estuvo en Vietnam:<\/span><br \/>\n<span style=\"color: #097a94;\">&#8230; Le hab\u00edan clavado una bayoneta en la ingle, hab\u00eda visto venir el golpe, qued\u00f3 paralizado de terror y no pudo gritar.<\/span><\/em><\/span><\/strong><br \/>\n<span style=\"color: #097a94;\"><strong> <em> Los buenos soldados no chillan..!<\/em><\/strong><\/span><\/h3>\n<h3><span style=\"color: #097a94;\"><strong><em>Acab\u00f3 llevando consigo ese grito ahogado por a\u00f1os, <\/em><em>un aullido de terror latente por dentro que hab\u00eda congelado <\/em><em>no s\u00f3lo su voz sino todas sus emociones.<\/em><\/strong><\/span><\/h3>\n<\/blockquote>\n<h3 style=\"text-align: center;\"><span style=\"color: #097a94;\"><strong><em>No debemos tenerle miedo al miedo.!<\/em><\/strong><\/span><\/h3>\n<h3 style=\"text-align: center;\"><span style=\"color: #c9680c;\"><strong><em>No debemos avergonzarnos de<br \/>\nnuestros miedos ni paralizarnos por su causa. <\/em><\/strong><\/span><\/h3>\n<h3 style=\"text-align: center;\"><span style=\"color: #097a94;\"><strong><em>Necesitamos brindarles atenci\u00f3n y<br \/>\nexpresi\u00f3n adecuadas a medida que surgen, pues entonces<br \/>\nliberaremos esa energ\u00eda en forma correcta.<\/em><\/strong><\/span><\/h3>\n<h3><span style=\"color: #c9680c;\"><em><strong>Trabajo mucho con actores, en quienes, naturalmente,<br \/>\nel miedo es un factor constante:<\/strong><\/em><\/span><br \/>\n<span style=\"color: #097a94;\"> <em><strong> -El susto previo a salir a escena y la Ansiedad por actuar bien y recordar el guion son perfectamente razonables-.<\/strong><\/em><\/span><\/h3>\n<h3><span style=\"color: #097a94;\"><em><strong>Pero lo que hace un buen actor es transformar ese miedo en un compa\u00f1ero din\u00e1mico y natural; la excitaci\u00f3n y la energ\u00eda resultantes infunden a la actuaci\u00f3n un halo de riesgo, de aventura, de danza en los l\u00edmites. <\/strong><\/em><\/span><\/h3>\n<h3 style=\"text-align: center;\"><span style=\"color: #c9680c;\"><em><strong>El miedo correctamente canalizado<br \/>\nproduce una entrega y compromiso bien despiertos.<\/strong><\/em><\/span><\/h3>\n<\/blockquote>\n<p><span style=\"color: #c9680c;\"><em>Artista-Izabela Krzyszkowska<\/em><\/span><\/p>\n<h4><span style=\"color: #008080;\"><em><strong>NOTA IMPORTANTE.<\/strong><\/em><em><strong><br \/>\nBusque ayuda inmediatamente si:<\/strong><\/em><\/span><br \/>\n<span style=\"color: #008080;\"><em><strong>Se siente abrumado.<\/strong><\/em><\/span><br \/>\n<span style=\"color: #008080;\"><em><strong>\u2028Est\u00e1 pensando en hacerse da\u00f1o o en da\u00f1ar a otra persona.<\/strong><\/em><\/span><br \/>\n<span style=\"color: #008080;\"><em><strong>Es incapaz de controlar su comportamiento.<\/strong><\/em><\/span><br \/>\n<span style=\"color: #008080;\"><em><strong>Tiene otros s\u00edntomas muy angustiantes de trastorno<\/strong><\/em><\/span><br \/>\n<span style=\"color: #008080;\"><em><strong>de estr\u00e9s postraum\u00e1tico.<\/strong><\/em><em><strong><br \/>\nLlame a un familiar, no se quede solo.<br \/>\nLlame a su m\u00e9dico.<\/strong><\/em><\/span><\/h4>\n<h4><span style=\"color: #ff00ff;\"><em><strong>EN CASO NECESARIO:<\/strong><\/em><\/span><br \/>\n<span style=\"color: #ff00ff;\"><em><strong>Llame a su m\u00e9dico.<\/strong><\/em><\/span><br \/>\n<span style=\"color: #ff00ff;\"><em><strong>Llame al 911 para servicios de emergencia\u2028 o vaya<\/strong><\/em><\/span><br \/>\n<span style=\"color: #ff00ff;\"><em><strong>a la sala de emergencias m\u00e1s cercana.<\/strong><\/em><\/span><br \/>\n<span style=\"color: #ff00ff;\"><em><strong>En un caso de emergencia, puede llamar a:<\/strong><\/em><\/span><br \/>\n<span style=\"color: #ff00ff;\"><em><strong>SAPTEL \u201cSistema Nacional de Apoyo, Consejo \u2028Psicol\u00f3gico<\/strong><\/em><\/span><br \/>\n<span style=\"color: #ff00ff;\"><em><strong>e Intervenci\u00f3n en Crisis por Tel\u00e9fono\u201d<\/strong><\/em><\/span><br \/>\n<span style=\"color: #ff00ff;\"><em><strong>(Cruz Roja Mexicana\u2013 24 Hrs.) sin costo<\/strong><\/em><\/span><\/h4>\n<h4><span style=\"color: #ff00ff;\"><em><strong>SAPTEL<\/strong><\/em><\/span><br \/>\n<span style=\"color: #ff00ff;\"><em><strong>Av M\u00e9xico #37, Hip\u00f3dromo,<\/strong><\/em><\/span><br \/>\n<span style=\"color: #ff00ff;\"><em><strong>Cuauht\u00e9moc, Ciudad de M\u00e9xico.<\/strong><\/em><\/span><br \/>\n<span style=\"color: #ff00ff;\"><em><strong>Tel\u00e9fono:(55) 52598121<br \/>\nE-mail: <a class=\"col1\" style=\"color: #ff00ff;\" href=\"https:\/\/www.saptel.org.mx\/contacto.html#\">saptel.crlyc@gmail.com<\/a><\/strong><\/em><\/span><\/h4>\n<p><strong>\u00a0<\/strong><\/p><\/blockquote>\n","protected":false},"excerpt":{"rendered":"<p>-EL MIEDO- es una emoci\u00f3n vital y \u00fatil, nos pone en estado de alerta, cataliza nuestras sensaciones y aumenta nuestra conciencia ante el peligro. El miedo es un amigo, el radar de nuestro viaje por la vida, un instinto b\u00e1sico de la supervivencia humana f\u00edsica, psicol\u00f3gica y espiritual. Necesitamos un agudo sentido de lo que [&hellip;]<\/p>\n","protected":false},"author":2,"featured_media":0,"parent":0,"menu_order":0,"comment_status":"closed","ping_status":"closed","template":"","meta":[],"_links":{"self":[{"href":"https:\/\/www.ceadin.org\/b\/wp-json\/wp\/v2\/pages\/3159"}],"collection":[{"href":"https:\/\/www.ceadin.org\/b\/wp-json\/wp\/v2\/pages"}],"about":[{"href":"https:\/\/www.ceadin.org\/b\/wp-json\/wp\/v2\/types\/page"}],"author":[{"embeddable":true,"href":"https:\/\/www.ceadin.org\/b\/wp-json\/wp\/v2\/users\/2"}],"replies":[{"embeddable":true,"href":"https:\/\/www.ceadin.org\/b\/wp-json\/wp\/v2\/comments?post=3159"}],"version-history":[{"count":0,"href":"https:\/\/www.ceadin.org\/b\/wp-json\/wp\/v2\/pages\/3159\/revisions"}],"wp:attachment":[{"href":"https:\/\/www.ceadin.org\/b\/wp-json\/wp\/v2\/media?parent=3159"}],"curies":[{"name":"wp","href":"https:\/\/api.w.org\/{rel}","templated":true}]}}