{"id":3052,"date":"2017-05-01T19:36:24","date_gmt":"2017-05-01T19:36:24","guid":{"rendered":"http:\/\/www.ceadin.org\/b\/?page_id=3052"},"modified":"2023-06-05T21:11:47","modified_gmt":"2023-06-05T21:11:47","slug":"duelo-perdida-y-depresion","status":"publish","type":"page","link":"https:\/\/www.ceadin.org\/b\/duelo-perdida-y-depresion\/","title":{"rendered":"Duelo, p\u00e9rdida y depresi\u00f3n"},"content":{"rendered":"<blockquote>\n<blockquote>\n<blockquote>\n<h3 style=\"text-align: center;\"><span style=\"color: #008000;\"><em><strong><br \/>\n<span style=\"color: #7a0ecc;\">Que es el duelo&#8230;?<\/span><a href=\"http:\/\/www.ceadin.org\/b\/wp-content\/uploads\/2022\/12\/CASANDRA15-copia-2-e1493666864521.jpeg\"><img decoding=\"async\" loading=\"lazy\" class=\"alignright wp-image-7009 size-full\" src=\"http:\/\/www.ceadin.org\/b\/wp-content\/uploads\/2022\/12\/CASANDRA15-copia-2-e1671820253140.jpeg\" alt=\"\" width=\"773\" height=\"1072\" srcset=\"https:\/\/www.ceadin.org\/b\/wp-content\/uploads\/2022\/12\/CASANDRA15-copia-2-e1671820253140.jpeg 773w, https:\/\/www.ceadin.org\/b\/wp-content\/uploads\/2022\/12\/CASANDRA15-copia-2-e1671820253140-216x300.jpeg 216w, https:\/\/www.ceadin.org\/b\/wp-content\/uploads\/2022\/12\/CASANDRA15-copia-2-e1671820253140-738x1024.jpeg 738w, https:\/\/www.ceadin.org\/b\/wp-content\/uploads\/2022\/12\/CASANDRA15-copia-2-e1671820253140-768x1065.jpeg 768w, https:\/\/www.ceadin.org\/b\/wp-content\/uploads\/2022\/12\/CASANDRA15-copia-2-e1671820253140-619x858.jpeg 619w\" sizes=\"(max-width: 773px) 100vw, 773px\" \/><\/a><br \/>\n<\/strong><\/em><\/span><\/h3>\n<h3 style=\"text-align: center;\"><span style=\"color: #7a0ecc;\"><em><strong>El duelo es un t\u00e9rmino que describe todos<br \/>\nlos sentimientos, pensamientos y conducta por los que pasa<br \/>\ncualquier persona tras una grave p\u00e9rdida.<\/strong><\/em><\/span><\/h3>\n<h4 style=\"text-align: center;\"><span style=\"color: #e64997;\"><em><strong>\u00bf Qu\u00e9 entendemos por p\u00e9rdida ?<\/strong><\/em><\/span><br \/>\n<span style=\"color: #e64997;\"><em><strong> Este es un t\u00e9rmino que puede ser utilizado para describir cualquier acontecimiento grave que suponga privaci\u00f3n o cese de algo que era importante para nuestras vidas. As\u00ed pues, puede traducirse en una p\u00e9rdida del trabajo o la muerte de un ser querido.<\/strong><\/em><\/span><\/h4>\n<h3 style=\"text-align: center;\"><span style=\"color: #008000;\"><em><strong><span style=\"color: #7a0ecc;\">En esta ocasi\u00f3n nos<\/span><br \/>\n<span style=\"color: #7a0ecc;\">referiremos a la muerte de una persona querida.<\/span><br \/>\n<\/strong><\/em><\/span><\/h3>\n<h4><span style=\"color: #993366;\"><em><strong><span style=\"color: #7a0ecc;\">Es bastante com\u00fan, en personas que han sufrido una p\u00e9rdida, tener s\u00edntomas que son los comunes con el diagn\u00f3stico de la depresi\u00f3n.<\/span><span style=\"color: #e64997;\"> Sin embargo la realidad demuestra que no es frecuente en la reacci\u00f3n de duelo el establecimiento de un trastorno depresivo que pueda incluso requerir tratamiento.<\/span><\/strong><\/em><\/span><\/h4>\n<h4><span style=\"color: #993366;\"><em><strong><span style=\"color: #7a0ecc;\">La muerte de un ser querido deja un vac\u00edo inmenso, a veces sientes un dolor profundo y lacerante que te quita el aliento y las ganas de vivir.<\/span> <span style=\"color: #e64997;\">Y es que enfrentar el hecho de que una persona a la que amabas no est\u00e1 m\u00e1s a tu lado es uno de los retos m\u00e1s dif\u00edciles ante los cuales nos pone la vida.<\/span><\/strong><\/em><\/span><\/h4>\n<h3 style=\"text-align: center;\"><em><strong><span style=\"color: #7a0ecc;\">\u00bfQu\u00e9 es un duelo normal?<\/span><br \/>\n<span style=\"color: #e64997;\">El duelo, pues, es un t\u00e9rmino utilizado para describir los s\u00edntomas t\u00edpicos que la persona experimenta tras una perdida.<\/span><br \/>\n<\/strong><\/em><\/h3>\n<h3><span style=\"color: #e64997;\"><em><strong>Esto puede incluir:<\/strong><\/em><\/span><\/h3>\n<div class=\"indent-1\">\n<ul>\n<li>\n<h3><span style=\"color: #7a0ecc;\"><em><strong>Incredulidad. <\/strong><\/em><\/span><\/h3>\n<\/li>\n<li>\n<h3><span style=\"color: #7a0ecc;\"><em><strong>Shock. <\/strong><\/em><\/span><\/h3>\n<\/li>\n<li>\n<h3><span style=\"color: #7a0ecc;\"><em><strong>Aplanamiento afectivo y <\/strong><\/em><\/span><\/h3>\n<\/li>\n<li>\n<h3><span style=\"color: #7a0ecc;\"><em><strong>Sentimientos de irrealidad.<\/strong><\/em><\/span><\/h3>\n<\/li>\n<li>\n<h3><span style=\"color: #7a0ecc;\"><em><strong>Rabia.<\/strong><\/em><\/span><\/h3>\n<\/li>\n<li>\n<h3><span style=\"color: #7a0ecc;\"><em><strong>Sentimiento de culpa.<\/strong><\/em><\/span><\/h3>\n<\/li>\n<li>\n<h3><span style=\"color: #7a0ecc;\"><em><strong>Tristeza y ganas de llorar.<\/strong><\/em><\/span><\/h3>\n<\/li>\n<li>\n<h3><span style=\"color: #7a0ecc;\"><em><strong>Preocupaci\u00f3n acerca de referencias o circunstancias sobre el difunto.<\/strong><\/em><\/span><\/h3>\n<\/li>\n<li>\n<h3><span style=\"color: #7a0ecc;\"><em><strong>Sue\u00f1o y apetito alterados y ocasionalmente p\u00e9rdida de peso.<\/strong><\/em><\/span><\/h3>\n<\/li>\n<li>\n<h3><span style=\"color: #7a0ecc;\"><em><strong>Ver o escuchar la voz del fallecido.<\/strong><\/em><\/span><\/h3>\n<\/li>\n<li>\n<h3><span style=\"color: #7a0ecc;\"><em><strong>La alteraci\u00f3n inicial por la causa de los s\u00edntomas descritos anteriormente se reduce gradualmente y las personas empiezan a aceptar la p\u00e9rdida comenzando as\u00ed a dar paso a un reajuste psicol\u00f3gico.<\/strong><\/em><\/span><\/h3>\n<\/li>\n<\/ul>\n<h3 style=\"text-align: center;\"><span style=\"color: #7a0ecc;\"><em><strong>Cuando ocurre la muerte de un ser querido,<br \/>\ntodos pasamos por una etapa de duelo psicol\u00f3gico<br \/>\npero cada cual la elabora a su manera.<\/strong><\/em><\/span><\/h3>\n<div>\n<h4><em><strong><span style=\"color: #7a0ecc;\">La primera etapa del duelo se le denomina de -EVITACI\u00d3N-<\/span> <span style=\"color: #e64997;\">porque la persona, asumiendo un mecanismo de defensa, niega la p\u00e9rdida. En esta fase nos sentimos en estado de shock y se manifiestan los sentimientos de incredulidad hacia lo acontecido. <\/span><\/strong><\/em><\/h4>\n<h4><em><strong><span style=\"color: #993366;\"><span style=\"color: #7a0ecc;\">En otras palabras, nos sentimos profundamente tristes, lloramos con frecuencia pero a\u00fan no hemos concientizado la p\u00e9rdida de la persona.<\/span><span style=\"color: #e64997;\"> Esta fase le permite a nuestro Yo asimilar gradualmente el golpe y puede durar lo mismo algunas horas, semanas o incluso meses.<\/span><\/span><\/strong><\/em><\/h4>\n<h4><em><strong><span style=\"color: #7a0ecc;\">La segunda etapa es la -FASE AGUDA DEL DUELO-<\/span><span style=\"color: #e64997;\"> donde ya hemos comprendido que la persona amada no estar\u00e1 m\u00e1s y comenzamos a experimentar el dolor por la separaci\u00f3n. Entonces emerge el desinter\u00e9s por las cosas que nos rodean y por el mundo en sentido general y surgen los sentimientos de <\/span><span style=\"text-decoration: underline; color: #7a0ecc;\">-ANGUSTIA Y RABIA-.<\/span><\/strong><\/em><\/h4>\n<h4><span style=\"color: #e64997;\"><em><strong>Esta fase es particularmente dif\u00edcil porque estamos deshaciendo los lazos con la persona que perdimos pero a la misma vez no deseamos hacerlo por lo que experimentamos continuamente sentimientos ambivalentes. A veces nos sentimos alegres por alguna situaci\u00f3n e inmediatamente nos recriminamos por ello.<\/strong><\/em><\/span><\/h4>\n<h4><span style=\"color: #993366;\"><em><strong><span style=\"color: #db65a0;\"><span style=\"color: #e64997;\">En esta fase solemos reflexionar mucho sobre las caracter\u00edsticas de nuestra relaci\u00f3n<\/span> <span style=\"color: #e64997;\">con la persona que hemos perdido y usualmente<\/span><\/span> <span style=\"color: #7a0ecc;\">-aparecen los sentimientos recriminatorios y de culpabilidad pues pensamos que de alguna forma pudimos evitar su muerte o pod\u00edamos haber actuado de otra manera en algunos momentos de la relaci\u00f3n-.<\/span><\/strong><\/em><\/span><\/h4>\n<h4><span style=\"color: #e64997;\"><em><strong>Obviamente, tener estos pensamientos no sirven de nada pero en muchas ocasiones los mismos acuden una y otra vez a la mente, siendo particularmente dif\u00edcil eliminarlos.<\/strong><\/em><\/span><\/h4>\n<h4><em><strong><span style=\"color: #7a0ecc;\">En la \u00faltima fase, -LA RESOLUCI\u00d3N DEL DUELO-<\/span><span style=\"color: #993366;\"><span style=\"color: #7a0ecc;\">,<\/span> <span style=\"color: #e64997;\">finalmente nos reconectamos con nuestra vida cotidiana en el sentido de que volvemos a encontrarle un sentido a las actividades que realizamos. Entonces cuando recordamos a la persona que hemos perdido no aparecen sentimientos de profunda tristeza sino de cari\u00f1o y nostalgia.<\/span><\/span><\/strong><\/em><\/h4>\n<h3 style=\"text-align: center;\"><span style=\"color: #7a0ecc;\"><em><strong>Una reacci\u00f3n de duelo puede durar hasta incluso 12 meses,<\/strong><\/em><\/span><br \/>\n<span style=\"color: #7a0ecc;\"><em><strong> pero puede variar en diferentes culturas.<\/strong><\/em><\/span><br \/>\n<span style=\"color: #7a0ecc;\"><em><strong> El promedio es, probablemente, alrededor de 6 meses.<\/strong><\/em><\/span><\/h3>\n<h4><span style=\"color: #008000;\"><em><strong><span style=\"color: #7a0ecc;\">\u00bfQU\u00c9 ES UN DUELO ANORMAL.?<\/span><br \/>\n<span style=\"color: #993366;\"><span style=\"color: #e64997;\">Este t\u00e9rmino se emplea para describir una reacci\u00f3n de duelo que es de alguna forma diferente.<\/span> <span style=\"color: #7a0ecc;\">-Se utiliza normalmente cuando el duelo es muy intenso, prolongado o la reacci\u00f3n se ha retrasado-.<\/span> <span style=\"color: #db65a0;\">Este t\u00e9rmino se utiliza tambi\u00e9n para describir los s\u00edntomas experimentados fuera de un rango normal, que seg\u00fan los expertos ser\u00edan:<\/span><\/span><\/strong><\/em><\/span><\/h4>\n<ul>\n<li>\n<h3><span style=\"color: #7a0ecc;\"><em><strong>Preocupaci\u00f3n con sentimiento de desvalorizaci\u00f3n personal<\/strong><\/em><\/span><\/h3>\n<\/li>\n<li>\n<h3><span style=\"color: #7a0ecc;\"><em><strong>Sentimientos de culpa excesivos<\/strong><\/em><\/span><\/h3>\n<\/li>\n<li>\n<h3><span style=\"color: #7a0ecc;\"><em><strong>Lentitud acusada de pensamientos y movimientos<\/strong><\/em><\/span><\/h3>\n<\/li>\n<li>\n<h3><span style=\"color: #7a0ecc;\"><em><strong>Un periodo prolongado de no ser capaz de realizar una actividad normal.<\/strong><\/em><\/span><\/h3>\n<\/li>\n<\/ul>\n<h4><span style=\"color: #7a0ecc;\"><em><strong>\u00bfCon qu\u00e9 frecuencia ocurre la depresi\u00f3n tras una p\u00e9rdida?<\/strong><\/em><\/span><br \/>\n<span style=\"color: #e64997;\"><em><strong>No hay una respuesta directa a esto.<br \/>\nLos resultados de los estudios son variables.<\/strong><\/em><\/span><\/h4>\n<h4><span style=\"color: #7a0ecc;\"><em><strong>Un estudio de Zisook en 1993 estudiaba la tasa de depresi\u00f3n en viudos ancianos. Los resultados mostraban que un 16% de ellos presentaban depresi\u00f3n 13 meses despu\u00e9s de la p\u00e9rdida.<\/strong><\/em><\/span><\/h4>\n<h4><span style=\"color: #7a0ecc;\"><em><strong>Los s\u00edntomas de depresi\u00f3n asociados con el duelo son los mismos que los de la depresi\u00f3n que ocurre sin el desencadenante de la p\u00e9rdida en otros momentos de la vida.<\/strong><\/em><\/span><\/h4>\n<h4><span style=\"color: #7a0ecc;\"><em><strong>\u00bfQui\u00e9n es probable que sufra una depresi\u00f3n?<\/strong><\/em><\/span><br \/>\n<span style=\"color: #993366;\"><em><strong><span style=\"color: #e64997;\">Es dif\u00edcil predecir quien s\u00ed y quien no sufrir\u00e1 de depresi\u00f3n despu\u00e9s de una p\u00e9rdida.<\/span> <span style=\"color: #7a0ecc;\">Sin embargo, los factores de riesgo que se cree que aumentan la posibilidad de sufrir depresi\u00f3n en este caso son los siguientes:<\/span><\/strong><\/em><\/span><\/h4>\n<ul>\n<li>\n<h3><span style=\"color: #7a0ecc;\"><em><strong>Historia previa de depresi\u00f3n.<\/strong><\/em><\/span><\/h3>\n<\/li>\n<li>\n<h3><span style=\"color: #7a0ecc;\"><em><strong>Duelo intenso o s\u00edntomas depresivos tempranos en una reacci\u00f3n de duelo.<\/strong><\/em><\/span><\/h3>\n<\/li>\n<li>\n<h3><span style=\"color: #7a0ecc;\"><em><strong>Escaso soporte social.<\/strong><\/em><\/span><\/h3>\n<\/li>\n<li>\n<h3><span style=\"color: #7a0ecc;\"><em><strong>Experiencia escasa con la muerte.<\/strong><\/em><\/span><\/h3>\n<\/li>\n<\/ul>\n<h4><span style=\"color: #7a0ecc;\"><em><strong>\u00bfHay tratamiento para el duelo cuando es anormal?<\/strong><\/em><\/span><br \/>\n<span style=\"color: #e64997;\"><em><strong>S\u00ed. Como se ha descrito anteriormente, el duelo normal se deber\u00eda resolver en los primeros 6 meses; sin embargo el duelo anormal necesita tratamiento, que puede ser de los siguientes tipos:<\/strong><\/em><\/span><\/h4>\n<h4><span style=\"color: #7a0ecc;\"><em><strong>Psicoterapia del duelo:<\/strong><\/em><\/span><br \/>\n<span style=\"color: #e64997;\"><em><strong>Esto facilita el luto permitiendo que se pueda trabajar a trav\u00e9s de los estadios del duelo con una relaci\u00f3n de soporte psicoterap\u00e9utico, de la mano de un psic\u00f3logo.<\/strong><\/em><\/span><\/h4>\n<h4><span style=\"color: #7a0ecc;\"><em><strong>Tratamiento farmacol\u00f3gico:<\/strong><\/em><\/span><br \/>\n<span style=\"color: #e64997;\"><em><strong> Si por fin se establece claramente el diagn\u00f3stico de depresi\u00f3n ser\u00e1 entonces preciso el uso de f\u00e1rmacos antidepresivos.<\/strong><\/em><\/span><\/h4>\n<\/div>\n<\/div>\n<\/blockquote>\n<p><span style=\"color: #e64997;\"><em>Artista-Cassandra Barney<\/em><\/span><\/p>\n<h4><span style=\"color: #008080;\"><em><strong>NOTA IMPORTANTE.<\/strong><\/em><em><strong><br \/>\nBusque ayuda inmediatamente si:<\/strong><\/em><\/span><br \/>\n<span style=\"color: #008080;\"><em><strong>Se siente abrumado.<\/strong><\/em><\/span><br \/>\n<span style=\"color: #008080;\"><em><strong>\u2028Est\u00e1 pensando en hacerse da\u00f1o o en da\u00f1ar a otra persona.<\/strong><\/em><\/span><br \/>\n<span style=\"color: #008080;\"><em><strong>Es incapaz de controlar su comportamiento.<\/strong><\/em><\/span><br \/>\n<span style=\"color: #008080;\"><em><strong>Tiene otros s\u00edntomas muy angustiantes de trastorno<\/strong><\/em><\/span><br \/>\n<span style=\"color: #008080;\"><em><strong>de estr\u00e9s postraum\u00e1tico.<\/strong><\/em><em><strong><br \/>\nLlame a un familiar, no se quede solo.<br \/>\nLlame a su m\u00e9dico.<\/strong><\/em><\/span><\/h4>\n<h4><span style=\"color: #ff00ff;\"><em><strong>EN CASO NECESARIO:<\/strong><\/em><\/span><br \/>\n<span style=\"color: #ff00ff;\"><em><strong>Llame a su m\u00e9dico.<\/strong><\/em><\/span><br \/>\n<span style=\"color: #ff00ff;\"><em><strong>Llame al 911 para servicios de emergencia\u2028 o vaya<\/strong><\/em><\/span><br \/>\n<span style=\"color: #ff00ff;\"><em><strong>a la sala de emergencias m\u00e1s cercana.<\/strong><\/em><\/span><br \/>\n<span style=\"color: #ff00ff;\"><em><strong>En un caso de emergencia, puede llamar a:<\/strong><\/em><\/span><br \/>\n<span style=\"color: #ff00ff;\"><em><strong>SAPTEL \u201cSistema Nacional de Apoyo, Consejo \u2028Psicol\u00f3gico<\/strong><\/em><\/span><br \/>\n<span style=\"color: #ff00ff;\"><em><strong>e Intervenci\u00f3n en Crisis por Tel\u00e9fono\u201d<\/strong><\/em><\/span><br \/>\n<span style=\"color: #ff00ff;\"><em><strong>(Cruz Roja Mexicana\u2013 24 Hrs.) sin costo<\/strong><\/em><\/span><\/h4>\n<div class=\"post-thumbnail\">\n<h4><span style=\"color: #ff00ff;\"><em><strong>SAPTEL<\/strong><\/em><\/span><br \/>\n<span style=\"color: #ff00ff;\"><em><strong>Av M\u00e9xico #37, Hip\u00f3dromo,<\/strong><\/em><\/span><br \/>\n<span style=\"color: #ff00ff;\"><em><strong>Cuauht\u00e9moc, Ciudad de M\u00e9xico.<\/strong><\/em><\/span><br \/>\n<span style=\"color: #ff00ff;\"><em><strong>Tel\u00e9fono:(55) 52598121<br \/>\nE-mail: <a class=\"col1\" style=\"color: #ff00ff;\" href=\"https:\/\/www.saptel.org.mx\/contacto.html#\">saptel.crlyc@gmail.com<\/a><\/strong><\/em><\/span><\/h4>\n<p><span style=\"color: #e64997;\"><em>Dr. P. J. Marshall, especialista en Psiquiatr\u00eda<br \/>\nActualizado: 28-02-2017<br \/>\nRevisado por: Dr. Vicente Tort Herrando, especialista en Psiquiatr\u00eda<\/em><\/span><\/p>\n<\/div>\n<\/blockquote>\n<\/blockquote>\n","protected":false},"excerpt":{"rendered":"<p>Que es el duelo&#8230;? El duelo es un t\u00e9rmino que describe todos los sentimientos, pensamientos y conducta por los que pasa cualquier persona tras una grave p\u00e9rdida. \u00bf Qu\u00e9 entendemos por p\u00e9rdida ? Este es un t\u00e9rmino que puede ser utilizado para describir cualquier acontecimiento grave que suponga privaci\u00f3n o cese de algo que era [&hellip;]<\/p>\n","protected":false},"author":2,"featured_media":0,"parent":0,"menu_order":0,"comment_status":"closed","ping_status":"closed","template":"","meta":[],"_links":{"self":[{"href":"https:\/\/www.ceadin.org\/b\/wp-json\/wp\/v2\/pages\/3052"}],"collection":[{"href":"https:\/\/www.ceadin.org\/b\/wp-json\/wp\/v2\/pages"}],"about":[{"href":"https:\/\/www.ceadin.org\/b\/wp-json\/wp\/v2\/types\/page"}],"author":[{"embeddable":true,"href":"https:\/\/www.ceadin.org\/b\/wp-json\/wp\/v2\/users\/2"}],"replies":[{"embeddable":true,"href":"https:\/\/www.ceadin.org\/b\/wp-json\/wp\/v2\/comments?post=3052"}],"version-history":[{"count":0,"href":"https:\/\/www.ceadin.org\/b\/wp-json\/wp\/v2\/pages\/3052\/revisions"}],"wp:attachment":[{"href":"https:\/\/www.ceadin.org\/b\/wp-json\/wp\/v2\/media?parent=3052"}],"curies":[{"name":"wp","href":"https:\/\/api.w.org\/{rel}","templated":true}]}}