{"id":3015,"date":"2017-04-25T00:44:13","date_gmt":"2017-04-25T00:44:13","guid":{"rendered":"http:\/\/www.ceadin.org\/b\/?page_id=3015"},"modified":"2020-11-24T02:29:14","modified_gmt":"2020-11-24T02:29:14","slug":"dibujos-de-enfermedades-mentales","status":"publish","type":"page","link":"https:\/\/www.ceadin.org\/b\/dibujos-de-enfermedades-mentales\/","title":{"rendered":"Dibujos de enfermedades mentales"},"content":{"rendered":"<blockquote>\n<h3 style=\"text-align: center;\"><span style=\"color: #008000;\"><em><strong><br \/>\n<span style=\"color: #993300;\">16 ilustraciones que muestran c\u00f3mo se ver\u00edan<\/span><\/strong><\/em><\/span><br \/>\n<span style=\"color: #993300;\"> <em><strong> las enfermedades mentales<\/strong><\/em><\/span><br \/>\n<span style=\"color: #993300;\"> <em><strong> si fueran una casa.<\/strong><\/em><\/span><\/h3>\n<blockquote>\n<h3 style=\"text-align: center;\"><a href=\"http:\/\/www.ceadin.org\/b\/wp-content\/uploads\/2017\/04\/marti-9.jpg\"><img decoding=\"async\" loading=\"lazy\" class=\"aligncenter wp-image-3032\" src=\"http:\/\/www.ceadin.org\/b\/wp-content\/uploads\/2017\/04\/marti-9.jpg\" alt=\"marti 9\" width=\"700\" height=\"525\" srcset=\"https:\/\/www.ceadin.org\/b\/wp-content\/uploads\/2017\/04\/marti-9.jpg 800w, https:\/\/www.ceadin.org\/b\/wp-content\/uploads\/2017\/04\/marti-9-300x225.jpg 300w, https:\/\/www.ceadin.org\/b\/wp-content\/uploads\/2017\/04\/marti-9-768x576.jpg 768w, https:\/\/www.ceadin.org\/b\/wp-content\/uploads\/2017\/04\/marti-9-619x464.jpg 619w\" sizes=\"(max-width: 700px) 100vw, 700px\" \/><\/a><span style=\"color: #993300;\"><em><strong>Si tuvieras que imaginar una enfermedad mental<br \/>\no un trastorno como si fuera una casa,<br \/>\n\u00bfc\u00f3mo lucir\u00eda.?<\/strong><\/em><\/span><\/h3>\n<h4><span style=\"color: #008000;\"><em><strong>El Ilustrador Federico Bambina acaba de lanzar un proyecto llamado Archiatric, en donde representa 16 condiciones mentales diferentes, como obras de arquitectura en estado de reparaci\u00f3n.<\/strong><\/em><\/span><\/h4>\n<h4><span style=\"color: #008000;\"><em><strong>Los dise\u00f1os son abstractos y un poco escalofriantes, pero para una persona que vive en la agon\u00eda de tener un padecimiento de este tipo, pueden resultar una fuente de informaci\u00f3n para explicar lo que viven en su mente.<\/strong><\/em><\/span><\/h4>\n<h4><span style=\"color: #008000;\"><em><strong>Bambina es conocido por su obra de arquitectura, usando un estilo geom\u00e9trico \u00fanico que toma sus ra\u00edces en el cubismo. Sus dise\u00f1os suelen ser a menudo surrealistas, sin embargo tienen un tanto de humor.<\/strong><\/em><\/span><\/h4>\n<blockquote><p><img decoding=\"async\" loading=\"lazy\" class=\"aligncenter size-full wp-image-3031\" src=\"http:\/\/www.ceadin.org\/b\/wp-content\/uploads\/2017\/04\/16.-Ilustraciones-para-explicar-enfermedades-mentales-12.jpg\" alt=\"16.- Ilustraciones-para-explicar-enfermedades-mentales-12\" width=\"700\" height=\"700\" srcset=\"https:\/\/www.ceadin.org\/b\/wp-content\/uploads\/2017\/04\/16.-Ilustraciones-para-explicar-enfermedades-mentales-12.jpg 700w, https:\/\/www.ceadin.org\/b\/wp-content\/uploads\/2017\/04\/16.-Ilustraciones-para-explicar-enfermedades-mentales-12-150x150.jpg 150w, https:\/\/www.ceadin.org\/b\/wp-content\/uploads\/2017\/04\/16.-Ilustraciones-para-explicar-enfermedades-mentales-12-300x300.jpg 300w, https:\/\/www.ceadin.org\/b\/wp-content\/uploads\/2017\/04\/16.-Ilustraciones-para-explicar-enfermedades-mentales-12-619x619.jpg 619w\" sizes=\"(max-width: 700px) 100vw, 700px\" \/><\/p>\n<h3 style=\"text-align: center;\"><span style=\"color: #993300;\"><em><strong>\u2014 Depresi\u00f3n \u2014<\/strong><\/em><\/span><\/h3>\n<p style=\"text-align: center;\"><span style=\"color: #993300;\">&#8211; &#8211; &#8211;<\/span><\/p>\n<p><img decoding=\"async\" loading=\"lazy\" class=\"aligncenter size-full wp-image-3016\" src=\"http:\/\/www.ceadin.org\/b\/wp-content\/uploads\/2017\/04\/1.-Ilustraciones-para-explicar-enfermedades-mentales-11.jpg\" alt=\"1.-Ilustraciones-para-explicar-enfermedades-mentales-11\" width=\"700\" height=\"700\" srcset=\"https:\/\/www.ceadin.org\/b\/wp-content\/uploads\/2017\/04\/1.-Ilustraciones-para-explicar-enfermedades-mentales-11.jpg 700w, https:\/\/www.ceadin.org\/b\/wp-content\/uploads\/2017\/04\/1.-Ilustraciones-para-explicar-enfermedades-mentales-11-150x150.jpg 150w, https:\/\/www.ceadin.org\/b\/wp-content\/uploads\/2017\/04\/1.-Ilustraciones-para-explicar-enfermedades-mentales-11-300x300.jpg 300w, https:\/\/www.ceadin.org\/b\/wp-content\/uploads\/2017\/04\/1.-Ilustraciones-para-explicar-enfermedades-mentales-11-619x619.jpg 619w\" sizes=\"(max-width: 700px) 100vw, 700px\" \/><\/p>\n<h3 style=\"text-align: center;\"><span style=\"color: #993300;\"><em><strong>\u2014 Bimpolar \u2014<\/strong><\/em><\/span><\/h3>\n<p style=\"text-align: center;\"><span style=\"color: #993300;\">&#8211; &#8211; &#8211;<\/span><\/p>\n<p><img decoding=\"async\" loading=\"lazy\" class=\"aligncenter size-full wp-image-3017\" src=\"http:\/\/www.ceadin.org\/b\/wp-content\/uploads\/2017\/04\/2.-Ilustraciones-para-explicar-enfermedades-mentales-10.jpg\" alt=\"2.- Ilustraciones-para-explicar-enfermedades-mentales-10\" width=\"700\" height=\"700\" srcset=\"https:\/\/www.ceadin.org\/b\/wp-content\/uploads\/2017\/04\/2.-Ilustraciones-para-explicar-enfermedades-mentales-10.jpg 700w, https:\/\/www.ceadin.org\/b\/wp-content\/uploads\/2017\/04\/2.-Ilustraciones-para-explicar-enfermedades-mentales-10-150x150.jpg 150w, https:\/\/www.ceadin.org\/b\/wp-content\/uploads\/2017\/04\/2.-Ilustraciones-para-explicar-enfermedades-mentales-10-300x300.jpg 300w, https:\/\/www.ceadin.org\/b\/wp-content\/uploads\/2017\/04\/2.-Ilustraciones-para-explicar-enfermedades-mentales-10-619x619.jpg 619w\" sizes=\"(max-width: 700px) 100vw, 700px\" \/><\/p>\n<h3 style=\"text-align: center;\"><span style=\"color: #993300;\"><em><strong>\u2014 Autismo \u2014<\/strong><\/em><\/span><\/h3>\n<p style=\"text-align: center;\"><span style=\"color: #993300;\">&#8211; &#8211; &#8211;<\/span><\/p>\n<p><img decoding=\"async\" loading=\"lazy\" class=\"aligncenter size-full wp-image-3018\" src=\"http:\/\/www.ceadin.org\/b\/wp-content\/uploads\/2017\/04\/3.-Ilustraciones-para-explicar-enfermedades-mentales-9.jpg\" alt=\"3.- Ilustraciones-para-explicar-enfermedades-mentales-9\" width=\"700\" height=\"700\" srcset=\"https:\/\/www.ceadin.org\/b\/wp-content\/uploads\/2017\/04\/3.-Ilustraciones-para-explicar-enfermedades-mentales-9.jpg 700w, https:\/\/www.ceadin.org\/b\/wp-content\/uploads\/2017\/04\/3.-Ilustraciones-para-explicar-enfermedades-mentales-9-150x150.jpg 150w, https:\/\/www.ceadin.org\/b\/wp-content\/uploads\/2017\/04\/3.-Ilustraciones-para-explicar-enfermedades-mentales-9-300x300.jpg 300w, https:\/\/www.ceadin.org\/b\/wp-content\/uploads\/2017\/04\/3.-Ilustraciones-para-explicar-enfermedades-mentales-9-619x619.jpg 619w\" sizes=\"(max-width: 700px) 100vw, 700px\" \/><\/p>\n<h3 style=\"text-align: center;\"><span style=\"color: #993300;\"><em><strong>\u2014 Demencia \u2014<\/strong><\/em><\/span><\/h3>\n<p style=\"text-align: center;\"><span style=\"color: #993300;\">&#8211; &#8211; &#8211;<\/span><\/p>\n<p><img decoding=\"async\" loading=\"lazy\" class=\"aligncenter size-full wp-image-3019\" src=\"http:\/\/www.ceadin.org\/b\/wp-content\/uploads\/2017\/04\/4.-Ilustraciones-para-explicar-enfermedades-mentales-8.jpg\" alt=\"4.- Ilustraciones-para-explicar-enfermedades-mentales-8\" width=\"700\" height=\"700\" srcset=\"https:\/\/www.ceadin.org\/b\/wp-content\/uploads\/2017\/04\/4.-Ilustraciones-para-explicar-enfermedades-mentales-8.jpg 700w, https:\/\/www.ceadin.org\/b\/wp-content\/uploads\/2017\/04\/4.-Ilustraciones-para-explicar-enfermedades-mentales-8-150x150.jpg 150w, https:\/\/www.ceadin.org\/b\/wp-content\/uploads\/2017\/04\/4.-Ilustraciones-para-explicar-enfermedades-mentales-8-300x300.jpg 300w, https:\/\/www.ceadin.org\/b\/wp-content\/uploads\/2017\/04\/4.-Ilustraciones-para-explicar-enfermedades-mentales-8-619x619.jpg 619w\" sizes=\"(max-width: 700px) 100vw, 700px\" \/><\/p>\n<h3 style=\"text-align: center;\"><span style=\"color: #993300;\"><em><strong>\u2014 Trastorno Obsesivo Compulsivo \u2014<\/strong><\/em><\/span><\/h3>\n<p style=\"text-align: center;\"><span style=\"color: #993300;\">&#8211; &#8211; &#8211;<\/span><\/p>\n<p><img decoding=\"async\" loading=\"lazy\" class=\"aligncenter size-full wp-image-3020\" src=\"http:\/\/www.ceadin.org\/b\/wp-content\/uploads\/2017\/04\/5.-Ilustraciones-para-explicar-enfermedades-mentales-7.jpg\" alt=\"5.- Ilustraciones-para-explicar-enfermedades-mentales-7\" width=\"700\" height=\"700\" srcset=\"https:\/\/www.ceadin.org\/b\/wp-content\/uploads\/2017\/04\/5.-Ilustraciones-para-explicar-enfermedades-mentales-7.jpg 700w, https:\/\/www.ceadin.org\/b\/wp-content\/uploads\/2017\/04\/5.-Ilustraciones-para-explicar-enfermedades-mentales-7-150x150.jpg 150w, https:\/\/www.ceadin.org\/b\/wp-content\/uploads\/2017\/04\/5.-Ilustraciones-para-explicar-enfermedades-mentales-7-300x300.jpg 300w, https:\/\/www.ceadin.org\/b\/wp-content\/uploads\/2017\/04\/5.-Ilustraciones-para-explicar-enfermedades-mentales-7-619x619.jpg 619w\" sizes=\"(max-width: 700px) 100vw, 700px\" \/><\/p>\n<h3 style=\"text-align: center;\"><span style=\"color: #993300;\"><em><strong>\u2014 Paranoia \u2014<\/strong><\/em><\/span><\/h3>\n<p style=\"text-align: center;\"><span style=\"color: #993300;\">&#8211; &#8211; &#8211;<\/span><\/p>\n<p><img decoding=\"async\" loading=\"lazy\" class=\"aligncenter size-full wp-image-3021\" src=\"http:\/\/www.ceadin.org\/b\/wp-content\/uploads\/2017\/04\/6.-Ilustraciones-para-explicar-enfermedades-mentales-6.jpg\" alt=\"6.- Ilustraciones-para-explicar-enfermedades-mentales-6\" width=\"700\" height=\"700\" srcset=\"https:\/\/www.ceadin.org\/b\/wp-content\/uploads\/2017\/04\/6.-Ilustraciones-para-explicar-enfermedades-mentales-6.jpg 700w, https:\/\/www.ceadin.org\/b\/wp-content\/uploads\/2017\/04\/6.-Ilustraciones-para-explicar-enfermedades-mentales-6-150x150.jpg 150w, https:\/\/www.ceadin.org\/b\/wp-content\/uploads\/2017\/04\/6.-Ilustraciones-para-explicar-enfermedades-mentales-6-300x300.jpg 300w, https:\/\/www.ceadin.org\/b\/wp-content\/uploads\/2017\/04\/6.-Ilustraciones-para-explicar-enfermedades-mentales-6-619x619.jpg 619w\" sizes=\"(max-width: 700px) 100vw, 700px\" \/><\/p>\n<h3 style=\"text-align: center;\"><span style=\"color: #993300;\"><em><strong>\u2014 Trastorno de G\u00e9nero \u2014<\/strong><\/em><\/span><\/h3>\n<p style=\"text-align: center;\"><span style=\"color: #993300;\">&#8211; &#8211; &#8211;<\/span><\/p>\n<p><img decoding=\"async\" loading=\"lazy\" class=\"aligncenter size-full wp-image-3022\" src=\"http:\/\/www.ceadin.org\/b\/wp-content\/uploads\/2017\/04\/7.-Ilustraciones-para-explicar-enfermedades-mentales-5.jpg\" alt=\"7.- Ilustraciones-para-explicar-enfermedades-mentales-5\" width=\"700\" height=\"700\" srcset=\"https:\/\/www.ceadin.org\/b\/wp-content\/uploads\/2017\/04\/7.-Ilustraciones-para-explicar-enfermedades-mentales-5.jpg 700w, https:\/\/www.ceadin.org\/b\/wp-content\/uploads\/2017\/04\/7.-Ilustraciones-para-explicar-enfermedades-mentales-5-150x150.jpg 150w, https:\/\/www.ceadin.org\/b\/wp-content\/uploads\/2017\/04\/7.-Ilustraciones-para-explicar-enfermedades-mentales-5-300x300.jpg 300w, https:\/\/www.ceadin.org\/b\/wp-content\/uploads\/2017\/04\/7.-Ilustraciones-para-explicar-enfermedades-mentales-5-619x619.jpg 619w\" sizes=\"(max-width: 700px) 100vw, 700px\" \/><\/p>\n<h3 style=\"text-align: center;\"><span style=\"color: #993300;\"><em><strong>\u2014 Narcolepsia \u2014<\/strong><\/em><\/span><\/h3>\n<p style=\"text-align: center;\"><span style=\"color: #993300;\">&#8211; &#8211; &#8211;<\/span><\/p>\n<p><img decoding=\"async\" loading=\"lazy\" class=\"aligncenter size-full wp-image-3023\" src=\"http:\/\/www.ceadin.org\/b\/wp-content\/uploads\/2017\/04\/8.-Ilustraciones-para-explicar-enfermedades-mentales-4.jpg\" alt=\"8.- Ilustraciones-para-explicar-enfermedades-mentales-4\" width=\"700\" height=\"700\" srcset=\"https:\/\/www.ceadin.org\/b\/wp-content\/uploads\/2017\/04\/8.-Ilustraciones-para-explicar-enfermedades-mentales-4.jpg 700w, https:\/\/www.ceadin.org\/b\/wp-content\/uploads\/2017\/04\/8.-Ilustraciones-para-explicar-enfermedades-mentales-4-150x150.jpg 150w, https:\/\/www.ceadin.org\/b\/wp-content\/uploads\/2017\/04\/8.-Ilustraciones-para-explicar-enfermedades-mentales-4-300x300.jpg 300w, https:\/\/www.ceadin.org\/b\/wp-content\/uploads\/2017\/04\/8.-Ilustraciones-para-explicar-enfermedades-mentales-4-619x619.jpg 619w\" sizes=\"(max-width: 700px) 100vw, 700px\" \/><\/p>\n<h3 style=\"text-align: center;\"><span style=\"color: #993300;\"><em><strong>\u2014 Des\u00f3rdenes Alimenticios \u2014<\/strong><\/em><\/span><\/h3>\n<p style=\"text-align: center;\"><span style=\"color: #993300;\">&#8211; &#8211; &#8211;<\/span><\/p>\n<p><img decoding=\"async\" loading=\"lazy\" class=\"aligncenter size-full wp-image-3024\" src=\"http:\/\/www.ceadin.org\/b\/wp-content\/uploads\/2017\/04\/9.-Ilustraciones-para-explicar-enfermedades-mentales-3.jpg\" alt=\"9.- Ilustraciones-para-explicar-enfermedades-mentales-3\" width=\"700\" height=\"700\" srcset=\"https:\/\/www.ceadin.org\/b\/wp-content\/uploads\/2017\/04\/9.-Ilustraciones-para-explicar-enfermedades-mentales-3.jpg 700w, https:\/\/www.ceadin.org\/b\/wp-content\/uploads\/2017\/04\/9.-Ilustraciones-para-explicar-enfermedades-mentales-3-150x150.jpg 150w, https:\/\/www.ceadin.org\/b\/wp-content\/uploads\/2017\/04\/9.-Ilustraciones-para-explicar-enfermedades-mentales-3-300x300.jpg 300w, https:\/\/www.ceadin.org\/b\/wp-content\/uploads\/2017\/04\/9.-Ilustraciones-para-explicar-enfermedades-mentales-3-619x619.jpg 619w\" sizes=\"(max-width: 700px) 100vw, 700px\" \/><\/p>\n<h3 style=\"text-align: center;\"><span style=\"color: #993300;\"><em><strong>\u2014 Fobias \u2014<\/strong><\/em><\/span><\/h3>\n<p style=\"text-align: center;\"><span style=\"color: #993300;\">&#8211; &#8211; &#8211;<\/span><\/p>\n<\/blockquote>\n<blockquote><p><img decoding=\"async\" loading=\"lazy\" class=\"aligncenter size-full wp-image-3025\" src=\"http:\/\/www.ceadin.org\/b\/wp-content\/uploads\/2017\/04\/10.-Ilustraciones-para-explicar-enfermedades-mentales-2.jpg\" alt=\"10.- Ilustraciones-para-explicar-enfermedades-mentales-2\" width=\"700\" height=\"700\" srcset=\"https:\/\/www.ceadin.org\/b\/wp-content\/uploads\/2017\/04\/10.-Ilustraciones-para-explicar-enfermedades-mentales-2.jpg 700w, https:\/\/www.ceadin.org\/b\/wp-content\/uploads\/2017\/04\/10.-Ilustraciones-para-explicar-enfermedades-mentales-2-150x150.jpg 150w, https:\/\/www.ceadin.org\/b\/wp-content\/uploads\/2017\/04\/10.-Ilustraciones-para-explicar-enfermedades-mentales-2-300x300.jpg 300w, https:\/\/www.ceadin.org\/b\/wp-content\/uploads\/2017\/04\/10.-Ilustraciones-para-explicar-enfermedades-mentales-2-619x619.jpg 619w\" sizes=\"(max-width: 700px) 100vw, 700px\" \/><\/p>\n<h3 style=\"text-align: center;\"><span style=\"color: #993300;\"><em><strong>\u2014 Insomnio \u2014<\/strong><\/em><\/span><\/h3>\n<p style=\"text-align: center;\"><span style=\"color: #993300;\">&#8211; &#8211; &#8211;<\/span><\/p>\n<p><img decoding=\"async\" loading=\"lazy\" class=\"aligncenter size-full wp-image-3026\" src=\"http:\/\/www.ceadin.org\/b\/wp-content\/uploads\/2017\/04\/11.-Ilustraciones-para-explicar-enfermedades-mentales-1.jpg\" alt=\"11.- Ilustraciones-para-explicar-enfermedades-mentales-1\" width=\"700\" height=\"700\" srcset=\"https:\/\/www.ceadin.org\/b\/wp-content\/uploads\/2017\/04\/11.-Ilustraciones-para-explicar-enfermedades-mentales-1.jpg 700w, https:\/\/www.ceadin.org\/b\/wp-content\/uploads\/2017\/04\/11.-Ilustraciones-para-explicar-enfermedades-mentales-1-150x150.jpg 150w, https:\/\/www.ceadin.org\/b\/wp-content\/uploads\/2017\/04\/11.-Ilustraciones-para-explicar-enfermedades-mentales-1-300x300.jpg 300w, https:\/\/www.ceadin.org\/b\/wp-content\/uploads\/2017\/04\/11.-Ilustraciones-para-explicar-enfermedades-mentales-1-619x619.jpg 619w\" sizes=\"(max-width: 700px) 100vw, 700px\" \/><\/p>\n<h3 style=\"text-align: center;\"><span style=\"color: #993300;\"><em><strong>\u2014 Alzheimer \u2014<\/strong><\/em><\/span><\/h3>\n<p style=\"text-align: center;\"><span style=\"color: #993300;\">&#8211; &#8211; &#8211;<\/span><\/p>\n<p><img decoding=\"async\" loading=\"lazy\" class=\"aligncenter size-full wp-image-3027\" src=\"http:\/\/www.ceadin.org\/b\/wp-content\/uploads\/2017\/04\/12.-Ilustraciones-para-explicar-enfermedades-mentales-16.jpg\" alt=\"12.- Ilustraciones-para-explicar-enfermedades-mentales-16\" width=\"700\" height=\"700\" srcset=\"https:\/\/www.ceadin.org\/b\/wp-content\/uploads\/2017\/04\/12.-Ilustraciones-para-explicar-enfermedades-mentales-16.jpg 700w, https:\/\/www.ceadin.org\/b\/wp-content\/uploads\/2017\/04\/12.-Ilustraciones-para-explicar-enfermedades-mentales-16-150x150.jpg 150w, https:\/\/www.ceadin.org\/b\/wp-content\/uploads\/2017\/04\/12.-Ilustraciones-para-explicar-enfermedades-mentales-16-300x300.jpg 300w, https:\/\/www.ceadin.org\/b\/wp-content\/uploads\/2017\/04\/12.-Ilustraciones-para-explicar-enfermedades-mentales-16-619x619.jpg 619w\" sizes=\"(max-width: 700px) 100vw, 700px\" \/><\/p>\n<h3 style=\"text-align: center;\"><span style=\"color: #993300;\"><em><strong>\u2014 Trastornos Disociativos \u2014<\/strong><\/em><\/span><\/h3>\n<p style=\"text-align: center;\"><span style=\"color: #993300;\">&#8211; &#8211; &#8211;<\/span><\/p>\n<p><img decoding=\"async\" loading=\"lazy\" class=\"aligncenter size-full wp-image-3028\" src=\"http:\/\/www.ceadin.org\/b\/wp-content\/uploads\/2017\/04\/13.-Ilustraciones-para-explicar-enfermedades-mentales-15.jpg\" alt=\"13.- Ilustraciones-para-explicar-enfermedades-mentales-15\" width=\"700\" height=\"700\" srcset=\"https:\/\/www.ceadin.org\/b\/wp-content\/uploads\/2017\/04\/13.-Ilustraciones-para-explicar-enfermedades-mentales-15.jpg 700w, https:\/\/www.ceadin.org\/b\/wp-content\/uploads\/2017\/04\/13.-Ilustraciones-para-explicar-enfermedades-mentales-15-150x150.jpg 150w, https:\/\/www.ceadin.org\/b\/wp-content\/uploads\/2017\/04\/13.-Ilustraciones-para-explicar-enfermedades-mentales-15-300x300.jpg 300w, https:\/\/www.ceadin.org\/b\/wp-content\/uploads\/2017\/04\/13.-Ilustraciones-para-explicar-enfermedades-mentales-15-619x619.jpg 619w\" sizes=\"(max-width: 700px) 100vw, 700px\" \/><\/p>\n<h3 style=\"text-align: center;\"><span style=\"color: #993300;\"><em><strong>\u2014 Ansiedad \u2014<\/strong><\/em><\/span><\/h3>\n<p style=\"text-align: center;\"><span style=\"color: #993300;\">&#8211; &#8211; &#8211;<\/span><\/p>\n<p><img decoding=\"async\" loading=\"lazy\" class=\"aligncenter size-full wp-image-3029\" src=\"http:\/\/www.ceadin.org\/b\/wp-content\/uploads\/2017\/04\/14.-Ilustraciones-para-explicar-enfermedades-mentales-14.jpg\" alt=\"14.- Ilustraciones-para-explicar-enfermedades-mentales-14\" width=\"700\" height=\"700\" srcset=\"https:\/\/www.ceadin.org\/b\/wp-content\/uploads\/2017\/04\/14.-Ilustraciones-para-explicar-enfermedades-mentales-14.jpg 700w, https:\/\/www.ceadin.org\/b\/wp-content\/uploads\/2017\/04\/14.-Ilustraciones-para-explicar-enfermedades-mentales-14-150x150.jpg 150w, https:\/\/www.ceadin.org\/b\/wp-content\/uploads\/2017\/04\/14.-Ilustraciones-para-explicar-enfermedades-mentales-14-300x300.jpg 300w, https:\/\/www.ceadin.org\/b\/wp-content\/uploads\/2017\/04\/14.-Ilustraciones-para-explicar-enfermedades-mentales-14-619x619.jpg 619w\" sizes=\"(max-width: 700px) 100vw, 700px\" \/><\/p>\n<h3 style=\"text-align: center;\"><span style=\"color: #993300;\"><em><strong>\u2014 Dislexia \u2014<\/strong><\/em><\/span><\/h3>\n<p style=\"text-align: center;\"><span style=\"color: #993300;\">&#8211; &#8211; &#8211;<\/span><\/p>\n<p><img decoding=\"async\" loading=\"lazy\" class=\"aligncenter size-full wp-image-3030\" src=\"http:\/\/www.ceadin.org\/b\/wp-content\/uploads\/2017\/04\/15.-Ilustraciones-para-explicar-enfermedades-mentales-13.jpg\" alt=\"15.- Ilustraciones-para-explicar-enfermedades-mentales-13\" width=\"700\" height=\"700\" srcset=\"https:\/\/www.ceadin.org\/b\/wp-content\/uploads\/2017\/04\/15.-Ilustraciones-para-explicar-enfermedades-mentales-13.jpg 700w, https:\/\/www.ceadin.org\/b\/wp-content\/uploads\/2017\/04\/15.-Ilustraciones-para-explicar-enfermedades-mentales-13-150x150.jpg 150w, https:\/\/www.ceadin.org\/b\/wp-content\/uploads\/2017\/04\/15.-Ilustraciones-para-explicar-enfermedades-mentales-13-300x300.jpg 300w, https:\/\/www.ceadin.org\/b\/wp-content\/uploads\/2017\/04\/15.-Ilustraciones-para-explicar-enfermedades-mentales-13-619x619.jpg 619w\" sizes=\"(max-width: 700px) 100vw, 700px\" \/><\/p>\n<h3 style=\"text-align: center;\"><span style=\"color: #993300;\"><em><strong>\u2014 Esquizofrenia \u2014<\/strong><\/em><\/span><\/h3>\n<p style=\"text-align: center;\"><span style=\"color: #993300;\">&#8211; &#8211; &#8211;<\/span><\/p>\n<p style=\"text-align: left;\"><span style=\"color: #993300;\">Ilustrador-Federico Bambina<\/span><\/p>\n<\/blockquote>\n<p><span style=\"color: #993300;\">Artista-Marty Bell<\/span><\/p><\/blockquote>\n<\/blockquote>\n","protected":false},"excerpt":{"rendered":"<p>16 ilustraciones que muestran c\u00f3mo se ver\u00edan las enfermedades mentales si fueran una casa. Si tuvieras que imaginar una enfermedad mental o un trastorno como si fuera una casa, \u00bfc\u00f3mo lucir\u00eda.? El Ilustrador Federico Bambina acaba de lanzar un proyecto llamado Archiatric, en donde representa 16 condiciones mentales diferentes, como obras de arquitectura en estado [&hellip;]<\/p>\n","protected":false},"author":2,"featured_media":0,"parent":0,"menu_order":0,"comment_status":"closed","ping_status":"closed","template":"","meta":[],"_links":{"self":[{"href":"https:\/\/www.ceadin.org\/b\/wp-json\/wp\/v2\/pages\/3015"}],"collection":[{"href":"https:\/\/www.ceadin.org\/b\/wp-json\/wp\/v2\/pages"}],"about":[{"href":"https:\/\/www.ceadin.org\/b\/wp-json\/wp\/v2\/types\/page"}],"author":[{"embeddable":true,"href":"https:\/\/www.ceadin.org\/b\/wp-json\/wp\/v2\/users\/2"}],"replies":[{"embeddable":true,"href":"https:\/\/www.ceadin.org\/b\/wp-json\/wp\/v2\/comments?post=3015"}],"version-history":[{"count":0,"href":"https:\/\/www.ceadin.org\/b\/wp-json\/wp\/v2\/pages\/3015\/revisions"}],"wp:attachment":[{"href":"https:\/\/www.ceadin.org\/b\/wp-json\/wp\/v2\/media?parent=3015"}],"curies":[{"name":"wp","href":"https:\/\/api.w.org\/{rel}","templated":true}]}}