{"id":3,"date":"2010-05-10T06:19:57","date_gmt":"2010-05-10T06:19:57","guid":{"rendered":"http:\/\/www.ceadin.org\/wordpress\/?page_id=3"},"modified":"2023-09-09T21:07:41","modified_gmt":"2023-09-09T21:07:41","slug":"bienvenida","status":"publish","type":"page","link":"https:\/\/www.ceadin.org\/b\/","title":{"rendered":"Bienvenida"},"content":{"rendered":"<p>&nbsp;<\/p>\n<blockquote>\n<h3 style=\"text-align: center;\"><span style=\"color: #ff00ff;\"><em><strong> &#8211; GRUPO DE APOYO- PARA PERSONAS CON -DEPRESI\u00d3N-<\/strong><\/em><\/span><\/h3>\n<h3 style=\"text-align: center;\"><span style=\"color: #ff00ff;\"><em><strong>Crisis de Ansiedad-Estr\u00e9s y<br \/>\nTrastornos del Estado de \u00c1nimo<\/strong><\/em><\/span><\/h3>\n<blockquote>\n<h3 style=\"text-align: center;\"><span style=\"color: #008080;\"><em><strong>Me es muy grato darles la bienvenida a este espacio para, <\/strong><\/em><em><strong>juntos aprender cu\u00e1les son los s\u00edntomas de una<\/strong><\/em><\/span><em><strong><span style=\"color: #d900d1;\"><span style=\"color: #ff00ff;\"> -Depresi\u00f3n-,<\/span> <\/span><span style=\"color: #008080;\">si los tienes, y qu\u00e9 hacer para resolverlos. <\/span><span style=\"color: #008080;\">As\u00ed como modificar patrones aprendidos que <\/span><\/strong><\/em><em><strong><span style=\"color: #008080;\">causan mucho sufrimiento y dolor.<\/span><\/strong><\/em><\/h3>\n<h4><em><strong><span style=\"color: #008080;\">Este Centro fue creado como un<\/span> <span style=\"color: #d900d1;\"><span style=\"color: #ff00ff;\">-GRUPO DE APOYO-<\/span> <\/span><span style=\"color: #008080;\">para ayudar <\/span><span style=\"color: #008080;\">a personas que cursan una<\/span> <span style=\"color: #ff00ff;\">-Depresi\u00f3n Cl\u00ednica-<\/span> <span style=\"color: #008080;\">y <\/span><span style=\"color: #008080;\">necesitan encontrar las respuestas a todas sus dudas. <\/span><\/strong><\/em><\/h4>\n<h4><em><strong><span style=\"color: #008080;\">Esta es mi aportaci\u00f3n; la situaci\u00f3n<\/span><br \/>\n<span style=\"color: #008080;\">por la que pas\u00e9 y mi experiencia al formar este<\/span><br \/>\n<span style=\"color: #ff00ff;\">-Grupo de Apoyo-<\/span><br \/>\n<\/strong><\/em><\/h4>\n<h4><span style=\"color: #008080;\"><em><strong>A todas las personas que han pasado por mi vida,<\/strong><\/em><\/span><br \/>\n<span style=\"color: #008080;\"><em><strong>y me han ense\u00f1ado algo, mi agradecimiento.<\/strong><\/em><\/span><\/h4>\n<h3 style=\"text-align: center;\"><em><strong><br \/>\n<span style=\"color: #eb09eb;\">\u2014 LA DEPRESI\u00d3N ES UNA ENFERMEDAD\u00a0\u2014<\/span><br \/>\n<\/strong><\/em><\/h3>\n<h3><span style=\"color: #008080;\"><em><strong>Testimonio con el que cualquier persona que est\u00e9\u00a0 padeciendo <\/strong><\/em><\/span><em><strong><br \/>\n<span style=\"color: #008080;\">o haya padecido<\/span><span style=\"color: #eb09eb;\"> -Depresi\u00f3n-<\/span> <span style=\"color: #008080;\">seguramente se puede sentir identificada:<\/span><\/strong><\/em><\/h3>\n<h3><span style=\"color: #eb09eb;\"><em><strong>\u2013 Apenas como, y a veces duermo en exceso,<br \/>\no me paso noches enteras sin dormir..<br \/>\n<\/strong><\/em><\/span><\/h3>\n<h3><span style=\"color: #eb09eb;\"><em><strong>No quiero ver a nadie, no quiero hablar con nadie, porque no puedo explicar que es lo que me pasa.. no puedo pensar con claridad y cada d\u00eda que pasa es mas dif\u00edcil..<\/strong><\/em><\/span><\/h3>\n<h3><span style=\"color: #eb09eb;\"><em><strong>\u00a0\u2013 Muchas veces siento como si la pena me ahogara y lloro sin cesar pensando que mi vida se desmorona, sufro por no saber cuando fu\u00e9 que perd\u00ed el rumbo, tengo todo y siento que no tengo nada.<br \/>\n<\/strong><\/em><\/span><\/h3>\n<h3><span style=\"color: #eb09eb;\"><em><strong>Me siento extra\u00f1a y veo con tristeza que nadie me entiende, y que aunque me quieran mucho, no me pueden ayudar..<br \/>\n<\/strong><\/em><\/span><\/h3>\n<h3><span style=\"color: #eb09eb;\"><em><strong>Pienso que -as\u00ed- esta vida no merece la pena..! \u2013<\/strong><\/em><\/span><\/h3>\n<h3><span style=\"color: #eb09eb;\"><em><strong>Si..<br \/>\nLa vida diaria se vuelve complicada,<br \/>\nla integraci\u00f3n social se vuelve dif\u00edcil, el simple hecho de descifrar lo que se siente se vuelve a\u00fan m\u00e1s complicado, e incluso se llega a perder la noci\u00f3n de la realidad.<\/strong><\/em><\/span><\/h3>\n<h3><span style=\"color: #eb09eb;\"><em><strong>Se gasta demasiada energ\u00eda intentando fingir que se est\u00e1 bien, se pierde el gusto por las cosas que antes provocaban placer, o desaparece el deseo de hablar con los seres queridos, y te das cuenta que todo ha dejado de tener sentido en la vida.<\/strong><\/em><\/span><\/h3>\n<h3><span style=\"color: #eb09eb;\"><em><strong>Nada te interesa y nada te sorprende, te sientes vac\u00edo.. la soledad recorre el cuerpo y la mente, y has perdido la ilusi\u00f3n por todo,<br \/>\npor todo lo que te gustaba y te hac\u00eda feliz: leer, escuchar m\u00fasica, amar, viajar o luchar cada d\u00eda en el trabajo..!<\/strong><\/em><\/span><\/h3>\n<h3><span style=\"color: #808000;\"><em><strong>\u00bfCu\u00e1ntas personas crees que conoces <\/strong><\/em><\/span><span style=\"color: #808000;\"><em><strong>que parecen felices, pero luchan con pensamientos <\/strong><\/em><\/span><span style=\"color: #808000;\"><em><strong>depresivos d\u00eda a d\u00eda.?<\/strong><\/em><\/span><\/h3>\n<h4><em><strong><span style=\"color: #ff00ff;\">-El Grupo de Apoyo- <\/span><span style=\"color: #808000;\">ofrece un espacio confidencial, para expresarse libremente respecto a situaciones que causan dolor y miedo, y as\u00ed obtener ayuda y confianza.<\/span><br \/>\n<\/strong><\/em><\/h4>\n<h4><span style=\"color: #808000;\"><em><strong>Descubrir directamente que otras personas pueden estar viviendo el mismo problema o muy similar, puede ser muy reconfortante.<br \/>\n<\/strong><\/em><\/span><\/h4>\n<h4><em><strong><span style=\"color: #808000;\">Los grupos de apoyo pueden ofrecer <\/span><span style=\"color: #ff00ff;\">-Acompa\u00f1amiento-,<\/span><span style=\"color: #808000;\"> as\u00ed como ideas nuevas y puntos de vista para enfrentar una situaci\u00f3n particular.<\/span><\/strong><\/em><\/h4>\n<h4><em><strong><span style=\"color: #808000;\">Uno de los beneficios principales de los<\/span> <span style=\"color: #ff00ff;\">-Grupos de Apoyo-,<\/span><span style=\"color: #808000;\"> es la oportunidad de aprender uno mismo a trav\u00e9s de escuchar a otros, as\u00ed como considerar que, lo que dicen puede aplicarse a uno mismo. <\/span><\/strong><\/em><\/h4>\n<h4><span style=\"color: #808000;\"><em><strong>Puede ser el caso, que alguien m\u00e1s hace surgir un tema que se parece a lo que te ocurre a t\u00ed, pero que no hab\u00edas estado consciente hasta ese momento.<\/strong><\/em><\/span><\/h4>\n<h4><span style=\"color: #808000;\"><em><strong>Cuando las personas se unen a un grupo, usualmente comienzan a recrear las dificultades que le trajeron al grupo, y ver que son casi las m\u00edsmas de cada uno de ellos, as\u00ed tienen la posibilidad de intentar nuevas formas de relacionarse que pueden ser puestas en pr\u00e1ctica en otras relaciones, afuera del grupo de apoyo.<\/strong><\/em><\/span><\/h4>\n<h4><em><strong><span style=\"color: #808000;\">La persona encuentra aqu\u00ed, lo que no ha recibido en ning\u00fan otro lugar:<\/span><br \/>\n<\/strong><\/em><\/h4>\n<h3><span style=\"color: #ff00ff;\"><em><strong>Nadie me hab\u00eda escuchado de esta manera..!<\/strong><\/em><\/span><\/h3>\n<p><span style=\"color: #ff00ff;\">\u2013 \u2013 \u2013<\/span><\/p>\n<h3 style=\"text-align: center;\"><span style=\"color: #008080;\"><em><strong>Despu\u00e9s de 6 a\u00f1os de haber formado el <\/strong><\/em><\/span><span style=\"color: #008080;\"><em><strong>Grupo de apoyo- (1994),<br \/>\nen el a\u00f1o 2000 nace el:<br \/>\n\u2014 <em><strong>Centro de Apoyo para el Desarrollo Interno: CEADIN \u2014<a href=\"http:\/\/www.ceadin.org\/b\/wp-content\/uploads\/2022\/12\/1Tamano-chico-vanner-Fiusha-copia-2.jpeg\"><img decoding=\"async\" loading=\"lazy\" class=\"alignright size-full wp-image-6890\" src=\"http:\/\/www.ceadin.org\/b\/wp-content\/uploads\/2022\/12\/1Tamano-chico-vanner-Fiusha-copia-2.jpeg\" alt=\"\" width=\"800\" height=\"201\" srcset=\"https:\/\/www.ceadin.org\/b\/wp-content\/uploads\/2022\/12\/1Tamano-chico-vanner-Fiusha-copia-2.jpeg 800w, https:\/\/www.ceadin.org\/b\/wp-content\/uploads\/2022\/12\/1Tamano-chico-vanner-Fiusha-copia-2-300x75.jpeg 300w, https:\/\/www.ceadin.org\/b\/wp-content\/uploads\/2022\/12\/1Tamano-chico-vanner-Fiusha-copia-2-768x193.jpeg 768w, https:\/\/www.ceadin.org\/b\/wp-content\/uploads\/2022\/12\/1Tamano-chico-vanner-Fiusha-copia-2-619x156.jpeg 619w\" sizes=\"(max-width: 800px) 100vw, 800px\" \/><\/a><\/strong><\/em><\/strong><\/em><\/span><\/h3>\n<h4><span style=\"color: #ff00ff;\"><em><strong>Centro de Apoyo al Desarrollo Interno: CEADIN<\/strong><\/em><\/span><\/h4>\n<h4><span style=\"color: #ff00ff;\"><strong><em><span style=\"color: #ff00ff;\">Patricia Cuadra de Herrera:\u00a0 55 55 72 06 02<\/span><br \/>\n<\/em><\/strong><\/span><\/h4>\n<h4><span style=\"color: #ff00ff;\"><em><strong>Facebook- Patricia Cuadra de Herrera <\/strong><\/em><\/span><\/h4>\n<h4><span style=\"color: #ff00ff;\"><em><strong>Facebook- Centro de Apoyo al Desarrollo Interno: CEADIN<\/strong><\/em><\/span><\/h4>\n<h4><em><strong><span style=\"color: #008080;\">Esto es lo que pretendo desde mi perspectiva dedicada a escuchar y comprender, ofrecer una ayuda en el dif\u00edcil tr\u00e1nsito de una enfermedad llamada<\/span><span style=\"color: #ff00ff;\"> -Depresi\u00f3n-.<\/span><\/strong><\/em><\/h4>\n<h4><span style=\"color: #008080;\"><em><strong>Los escritos resumen las ideas y pensamientos<br \/>\nque constituyen mi vida en la actualidad,<br \/>\nhan sido para m\u00ed y para muchos el apoyo interior,<br \/>\npara vivir con m\u00e1s congruencia a lo largo de mi toma de conciencia. <\/strong><\/em><\/span><\/h4>\n<h4><span style=\"color: #008080;\"><em><strong>Porque cada uno vive, no desde lo que acontece,<br \/>\nsino desde la forma con que sabe recibir lo que acontece.<\/strong><\/em><\/span><\/h4>\n<h4><span style=\"color: #008080;\"><em><strong>Esta toma de consciencia me ayudar\u00e1 a abandonar<br \/>\ntodo sufrimiento, toda sensaci\u00f3n de p\u00e9rdida y de tristeza,<br \/>\ntoda ansiedad y toda duda, y libremente\u00a0sanar\u00e1 en mi, todo dolor.<\/strong><\/em><\/span><\/h4>\n<p>&nbsp;<\/p>\n<p><span style=\"color: #008080;\"><em><strong>Escritos v\u00eda Internet: <\/strong><\/em><\/span><br \/>\n<span style=\"color: #008080;\"><em><strong>a partir de Octubre de 2009<\/strong><\/em><\/span><\/p>\n<p><strong><span style=\"color: #ff00ff;\"><em>\u00bfQue creo que soy,<\/em><\/span><br \/>\n<span style=\"color: #ff00ff;\"><em>y me hace sufrir..?<\/em><\/span><br \/>\n<\/strong><\/p>\n<h4><span style=\"color: #008080;\"><em><strong>Busque ayuda inmediatamente si:<\/strong><\/em><\/span><br \/>\n<span style=\"color: #008080;\"><em><strong> Se siente abrumado.<\/strong><\/em><\/span><br \/>\n<span style=\"color: #008080;\"><em><strong> \u2028Est\u00e1 pensando en hacerse da\u00f1o o en da\u00f1ar a otra persona.<\/strong><\/em><\/span><br \/>\n<span style=\"color: #008080;\"><em><strong> Es incapaz de controlar su comportamiento.<\/strong><\/em><\/span><br \/>\n<span style=\"color: #008080;\"><em><strong> Tiene otros s\u00edntomas muy angustiantes de trastorno<br \/>\nde estr\u00e9s postraum\u00e1tico.<\/strong><\/em><\/span><\/h4>\n<h4><span style=\"color: #ff00ff;\"><em><strong> EN CASO NECESARIO:<\/strong><\/em><\/span><br \/>\n<span style=\"color: #ff00ff;\"><em><strong> Llame a su m\u00e9dico.<\/strong><\/em><\/span><br \/>\n<span style=\"color: #ff00ff;\"><em><strong> Llame al 911 para servicios de emergencia\u2028 o vaya<\/strong><\/em><\/span><br \/>\n<span style=\"color: #ff00ff;\"><em><strong> a la sala de emergencias m\u00e1s cercana.<br \/>\nEn un caso de emergencia, puede llamar a:<br \/>\n<\/strong><\/em><\/span><\/h4>\n<h4><span style=\"color: #ff00ff;\"><em><strong>SAPTEL \u201cSistema Nacional de Apoyo, Consejo \u2028Psicol\u00f3gico<br \/>\ne Intervenci\u00f3n en Crisis por Tel\u00e9fono\u201d<\/strong><\/em><\/span><br \/>\n<span style=\"color: #ff00ff;\"><em><strong> (Cruz Roja Mexicana\u2013 24 Hrs.) sin costo<\/strong><\/em><\/span><\/h4>\n<h4 class=\"map\"><span style=\"color: #ff00ff;\"><em><strong>SAPTEL<\/strong><\/em><\/span><br \/>\n<span style=\"color: #ff00ff;\"><em><strong>Av M\u00e9xico #37, Hip\u00f3dromo,<\/strong><\/em><\/span><br \/>\n<span style=\"color: #ff00ff;\"><em><strong>Cuauht\u00e9moc, Ciudad de M\u00e9xico.<\/strong><\/em><\/span><br \/>\n<span style=\"color: #ff00ff;\"><em><strong>Tel\u00e9fono:(55) 52598121<br \/>\nE-mail: <a class=\"col1\" style=\"color: #ff00ff;\" href=\"https:\/\/www.saptel.org.mx\/contacto.html#\">saptel.crlyc@gmail.com<\/a><\/strong><\/em><\/span><\/h4>\n<h3 class=\"inner-address\"><\/h3>\n<p>&nbsp;<\/p><\/blockquote>\n<\/blockquote>\n","protected":false},"excerpt":{"rendered":"<p>&nbsp; &#8211; GRUPO DE APOYO- PARA PERSONAS CON -DEPRESI\u00d3N- Crisis de Ansiedad-Estr\u00e9s y Trastornos del Estado de \u00c1nimo Me es muy grato darles la bienvenida a este espacio para, juntos aprender cu\u00e1les son los s\u00edntomas de una -Depresi\u00f3n-, si los tienes, y qu\u00e9 hacer para resolverlos. As\u00ed como modificar patrones aprendidos que causan mucho sufrimiento [&hellip;]<\/p>\n","protected":false},"author":1,"featured_media":0,"parent":0,"menu_order":1,"comment_status":"closed","ping_status":"closed","template":"","meta":[],"_links":{"self":[{"href":"https:\/\/www.ceadin.org\/b\/wp-json\/wp\/v2\/pages\/3"}],"collection":[{"href":"https:\/\/www.ceadin.org\/b\/wp-json\/wp\/v2\/pages"}],"about":[{"href":"https:\/\/www.ceadin.org\/b\/wp-json\/wp\/v2\/types\/page"}],"author":[{"embeddable":true,"href":"https:\/\/www.ceadin.org\/b\/wp-json\/wp\/v2\/users\/1"}],"replies":[{"embeddable":true,"href":"https:\/\/www.ceadin.org\/b\/wp-json\/wp\/v2\/comments?post=3"}],"version-history":[{"count":0,"href":"https:\/\/www.ceadin.org\/b\/wp-json\/wp\/v2\/pages\/3\/revisions"}],"wp:attachment":[{"href":"https:\/\/www.ceadin.org\/b\/wp-json\/wp\/v2\/media?parent=3"}],"curies":[{"name":"wp","href":"https:\/\/api.w.org\/{rel}","templated":true}]}}