{"id":2976,"date":"2017-04-23T18:57:03","date_gmt":"2017-04-23T18:57:03","guid":{"rendered":"http:\/\/www.ceadin.org\/b\/?page_id=2976"},"modified":"2019-02-20T02:14:28","modified_gmt":"2019-02-20T02:14:28","slug":"ayudeme-dr-sufro-una-crisis-de-identidad","status":"publish","type":"page","link":"https:\/\/www.ceadin.org\/b\/ayudeme-dr-sufro-una-crisis-de-identidad\/","title":{"rendered":"AY\u00daDEME Dr: -Sufro una crisis de identidad"},"content":{"rendered":"<h3 style=\"text-align: center;\"><span style=\"color: #800080;\"><em><strong>\u00a0<\/strong><\/em><\/span><\/h3>\n<h3 style=\"text-align: center;\"><span style=\"color: #008000;\"><em><strong>Ay\u00fademe doctor\u2026<\/strong><\/em><\/span><\/h3>\n<h3 style=\"text-align: center;\"><span style=\"color: #008000;\"><em><strong><span style=\"color: #800080;\">Quiz\u00e1s hayas sufrido m\u00e1s de una<\/span><br \/>\n<span style=\"color: #0000ff;\">\u2014 Crisis de Identidad \u2014<\/span><br \/>\n<span style=\"color: #800080;\">pero nunca has sabido identificarlas.<\/span><\/strong><\/em><\/span><\/h3>\n<blockquote>\n<h3 style=\"text-align: center;\"><span style=\"color: #800080;\"><a style=\"color: #800080;\" href=\"http:\/\/www.ceadin.org\/b\/wp-content\/uploads\/2017\/11\/Izabela-Krzyszkowska95.jpeg\"><img decoding=\"async\" loading=\"lazy\" class=\"aligncenter size-full wp-image-4080\" src=\"http:\/\/www.ceadin.org\/b\/wp-content\/uploads\/2017\/11\/Izabela-Krzyszkowska95.jpeg\" alt=\"\" width=\"1656\" height=\"1656\" srcset=\"https:\/\/www.ceadin.org\/b\/wp-content\/uploads\/2017\/11\/Izabela-Krzyszkowska95.jpeg 1656w, https:\/\/www.ceadin.org\/b\/wp-content\/uploads\/2017\/11\/Izabela-Krzyszkowska95-150x150.jpeg 150w, https:\/\/www.ceadin.org\/b\/wp-content\/uploads\/2017\/11\/Izabela-Krzyszkowska95-300x300.jpeg 300w, https:\/\/www.ceadin.org\/b\/wp-content\/uploads\/2017\/11\/Izabela-Krzyszkowska95-768x768.jpeg 768w, https:\/\/www.ceadin.org\/b\/wp-content\/uploads\/2017\/11\/Izabela-Krzyszkowska95-1024x1024.jpeg 1024w, https:\/\/www.ceadin.org\/b\/wp-content\/uploads\/2017\/11\/Izabela-Krzyszkowska95-619x619.jpeg 619w\" sizes=\"(max-width: 1656px) 100vw, 1656px\" \/><\/a><em><strong>Las crisis de identidad en ocasiones se ven camufladas tras la angustia,<br \/>\nciertos temores, incapacidad para tomar decisiones,<br \/>\nrepeticiones inconscientes, ansiedad, entre otras muchas cosas.<\/strong><\/em><\/span><\/h3>\n<\/blockquote>\n<h4 style=\"text-align: center;\"><span style=\"color: #008000;\"><em><strong>Normalmente, las crisis de identidad surgen cuando nos<br \/>\nhacemos preguntas trascendentales.<\/strong><\/em><\/span><br \/>\n<span style=\"color: #008000;\"> <em><strong> Todos, en alg\u00fan momento de nuestra vida,<br \/>\nnos hemos sentido como sin saber realmente quienes somos.<\/strong><\/em><\/span><\/h4>\n<blockquote>\n<h4 style=\"text-align: center;\"><span style=\"color: #008000;\"><em><strong>Las crisis de identidad pueden surgir en las siguientes circunstancias,<\/strong><\/em><\/span><br \/>\n<span style=\"color: #008000;\"> <em><strong> aunque seguro que se podr\u00edan a\u00f1adir muchas m\u00e1s:<\/strong><\/em><\/span><\/h4>\n<h4 style=\"text-align: center;\"><span style=\"color: #800080;\"><em><strong>\u2022 A la edad de los 30 a\u00f1os o 40 te<br \/>\nplanteas qu\u00e9 has hecho con tu vida hasta este momento.<\/strong><\/em><\/span><\/h4>\n<h4 style=\"text-align: center;\"><span style=\"color: #800080;\"><em><strong>\u2022 Un cambio brusco en la vida, como puede ser un divorcio o la muerte de alguien.<\/strong><\/em><\/span><\/h4>\n<h4 style=\"text-align: center;\"><span style=\"color: #800080;\"><em><strong>\u2022 Situaciones en las que empiezas a dudar de ti mismo.<\/strong><\/em><\/span><\/h4>\n<h4 style=\"text-align: center;\"><span style=\"color: #800080;\"><em><strong>\u2022 Circunstancias que te generan sentimientos de vac\u00edo, de soledad, de extra\u00f1eza\u2026<\/strong><\/em><\/span><\/h4>\n<h4 style=\"text-align: center;\"><span style=\"color: #800080;\"><em><strong>\u2022 Crisis de identidad que castigan a los amigos y amigas con la indiferencia<\/strong><\/em><\/span><\/h4>\n<\/blockquote>\n<h3 style=\"text-align: center;\"><span style=\"color: #0000ff;\"><em><strong>\u2014 No s\u00e9 qui\u00e9n soy \u2014<\/strong><\/em><\/span><br \/>\n<span style=\"color: #008000;\"> <em><strong> Cuando sufres una crisis de identidad,<\/strong><\/em><\/span><br \/>\n<span style=\"color: #008000;\"> <em><strong> que puede originarse por diversas circunstancias,<\/strong><\/em><\/span><br \/>\n<span style=\"color: #008000;\"> <em><strong> empiezan a surgir dudas sobre tu persona y<br \/>\nte cuestionas qui\u00e9n verdaderamente eres.<\/strong><\/em><\/span><\/h3>\n<h4 style=\"text-align: center;\"><span style=\"color: #008000;\"><em><strong>Pero esto no lo es todo:<\/strong><\/em><\/span><br \/>\n<span style=\"text-decoration: underline; color: #800080;\"> <em><strong> Las personas que sufren de una crisis de identidad<\/strong><\/em><\/span><br \/>\n<span style=\"text-decoration: underline; color: #800080;\"> <em><strong> se sienten solas en muchas ocasiones. <\/strong><\/em><\/span><\/h4>\n<h4 style=\"text-align: center;\"><span style=\"text-decoration: underline; color: #800080;\"><em><strong>Sienten que no pertenecen<\/strong><\/em><\/span><br \/>\n<span style=\"text-decoration: underline; color: #800080;\"> <em><strong> a ning\u00fan sitio, sienten c\u00f3mo la soledad les abruma constantemente.<\/strong><\/em><\/span><\/h4>\n<h4 style=\"text-align: center;\"><span style=\"text-decoration: underline; color: #800080;\"><em><strong>En muchas ocasiones, suelen apartarse y alejarse de los dem\u00e1s,<\/strong><\/em><\/span><br \/>\n<span style=\"text-decoration: underline; color: #800080;\"> <em><strong> pues no encuentran su sitio. <\/strong><\/em><\/span><\/h4>\n<h4 style=\"text-align: center;\"><span style=\"text-decoration: underline; color: #800080;\"><em><strong>Se encuentran ellos mismos desconcertados<\/strong><\/em><\/span><br \/>\n<span style=\"text-decoration: underline; color: #800080;\"> <em><strong> ante esta situaci\u00f3n, sin poder hacer nada al respecto.<\/strong><\/em><\/span><\/h4>\n<blockquote>\n<h4 style=\"text-align: center;\"><span style=\"color: #008000;\"><em><strong>Es un momento de reflexi\u00f3n que debemos aprovechar para conocernos mejor.<\/strong><\/em><\/span><br \/>\n<span style=\"color: #008000;\"><em><strong> Bien es cierto que estar en esta condici\u00f3n no nos agrada,<\/strong><\/em><\/span><br \/>\n<span style=\"color: #008000;\"><em><strong> pero nos puede permitir ver, qu\u00e9 queremos lograr en nuestra vida.<\/strong><\/em><\/span><\/h4>\n<h4 style=\"text-align: center;\"><span style=\"color: #008000;\"><em><strong>S\u00ed es cierto que nos alejaremos, <\/strong><\/em><\/span><span style=\"color: #008000;\"><em><strong>que nos apartaremos de los dem\u00e1s y que no<\/strong><\/em><\/span><br \/>\n<span style=\"color: #008000;\"><em><strong> lograremos encontrar nuestro hueco en la sociedad.<\/strong><\/em><\/span><br \/>\n<span style=\"color: #008000;\"><em><strong> Pero, podemos aprovechar este alejamiento para conocernos<\/strong><\/em><\/span><br \/>\n<span style=\"color: #008000;\"><em><strong> mejor y labrar el camino que vamos a querer seguir a partir de ahora.<\/strong><\/em><\/span><\/h4>\n<\/blockquote>\n<h4 style=\"text-align: center;\"><span style=\"color: #008000;\"><em><strong>En muchas ocasiones, sentir\u00e1s que el tiempo pasa y que lo<\/strong><\/em><\/span><br \/>\n<span style=\"color: #008000;\"><em><strong> est\u00e1s perdiendo en estas dudas e inseguridades que ahora te cubren.<\/strong><\/em><\/span><br \/>\n<span style=\"color: #800080;\"><em><strong> -No te preocupes. <\/strong><\/em><\/span><span style=\"color: #800080;\"><em><strong>Esto es pasajero-<\/strong><\/em><\/span><br \/>\n<span style=\"color: #800080;\"><em><strong> Las crisis de identidad no duran toda la vida,<\/strong><\/em><\/span><br \/>\n<span style=\"color: #800080;\"> <em><strong> aunque s\u00ed se suceden varias veces a lo largo de nuestra vida.<\/strong><\/em><\/span><\/h4>\n<blockquote>\n<h4 style=\"text-align: center;\"><span style=\"color: #008000;\"><em><strong>Las crisis pueden significar un momento ideal para reflexionar<\/strong><\/em><\/span><br \/>\n<span style=\"color: #008000;\"><em><strong> sobre lo que has sido y sobre lo que ser\u00e1s, aceptando los cambios.<\/strong><\/em><\/span><br \/>\n<span style=\"color: #008000;\"><em><strong> Esto no es m\u00e1s que un cambio m\u00e1s, <\/strong><\/em><\/span><span style=\"color: #008000;\"><em><strong>en ocasiones todo ha cambiado tan deprisa<\/strong><\/em><\/span><br \/>\n<span style=\"color: #008000;\"><em><strong> que es normal que necesites un momento de inflexi\u00f3n,<\/strong><\/em><\/span><br \/>\n<span style=\"color: #008000;\"><em><strong> un momento en el que te veas obligado a parar.<\/strong><\/em><\/span><\/h4>\n<h4><span style=\"color: #800080;\"><a style=\"color: #800080;\" href=\"http:\/\/www.ceadin.org\/b\/2012\/02\/05\/47-cuando-la-vida-te-detiene\/\"><em><strong>47. Cuando la vida te detiene- ver mas\u00bb<\/strong><\/em><\/a><\/span><\/h4>\n<\/blockquote>\n<h4 style=\"text-align: center;\"><span style=\"color: #008000;\"><em><strong>No debemos volvernos locos, no debemos sentirnos mayores\u2026<\/strong><\/em><\/span><br \/>\n<span style=\"color: #008000;\"><em><strong> Es una crisis, una crisis de identidad para reflexionar y para<\/strong><\/em><\/span><br \/>\n<span style=\"color: #008000;\"><em><strong> pisar a\u00fan m\u00e1s seguros en la larga vida que a\u00fan nos queda por vivir.<\/strong><\/em><\/span><\/h4>\n<h4 style=\"text-align: center;\"><span style=\"color: #800080;\"><em><strong>Que es normal sentirse mayor,<\/strong><\/em><\/span><br \/>\n<span style=\"color: #800080;\"> <em><strong> que es normal sentir que la vida se te escapa de las manos..!<\/strong><\/em><\/span><br \/>\n<span style=\"color: #800080;\"> <em><strong> que es normal que no sepas ni quien eres..!<\/strong><\/em><\/span><\/h4>\n<blockquote>\n<h4 style=\"text-align: center;\"><span style=\"color: #008000;\"><em><strong>Es normal, y t\u00fa debes saber controlar esta situaci\u00f3n.<\/strong><\/em><\/span><br \/>\n<span style=\"color: #008000;\"><em><strong> Aprov\u00e9chala y util\u00edzala a tu favor.<\/strong><\/em><\/span><br \/>\n<span style=\"color: #008000;\"><em><strong> No te eches las manos a la cabeza ni te vuelvas loco.<\/strong><\/em><\/span><br \/>\n<span style=\"color: #008000;\"><em><strong> Las crisis de identidad pueden servir para conocernos y redirigir nuestra vida.<\/strong><\/em><\/span><\/h4>\n<\/blockquote>\n<h3 style=\"text-align: center;\"><span style=\"color: #008000;\"><em><strong><span style=\"color: #800080;\">S\u00e9 hacia donde voy, y conozco la verdad.<\/span><\/strong><\/em><\/span><br \/>\n<span style=\"color: #800080;\"> <em><strong> No necesito ser quien quieren que sea.<\/strong><\/em><\/span><br \/>\n<span style=\"color: #800080;\"> <em><strong> Soy libre para ser lo que quiera&#8230;!<\/strong><\/em><\/span><br \/>\n<span style=\"color: #800080;\"> <em><strong> \u2014 Muhammad Ali \u2014<\/strong><\/em><\/span><\/h3>\n<p>&nbsp;<\/p>\n<blockquote><p>Artista-Izabela Krzyszkowska<\/p><\/blockquote>\n","protected":false},"excerpt":{"rendered":"<p>\u00a0 Ay\u00fademe doctor\u2026 Quiz\u00e1s hayas sufrido m\u00e1s de una \u2014 Crisis de Identidad \u2014 pero nunca has sabido identificarlas. Las crisis de identidad en ocasiones se ven camufladas tras la angustia, ciertos temores, incapacidad para tomar decisiones, repeticiones inconscientes, ansiedad, entre otras muchas cosas. Normalmente, las crisis de identidad surgen cuando nos hacemos preguntas trascendentales. [&hellip;]<\/p>\n","protected":false},"author":2,"featured_media":0,"parent":0,"menu_order":0,"comment_status":"closed","ping_status":"closed","template":"","meta":[],"_links":{"self":[{"href":"https:\/\/www.ceadin.org\/b\/wp-json\/wp\/v2\/pages\/2976"}],"collection":[{"href":"https:\/\/www.ceadin.org\/b\/wp-json\/wp\/v2\/pages"}],"about":[{"href":"https:\/\/www.ceadin.org\/b\/wp-json\/wp\/v2\/types\/page"}],"author":[{"embeddable":true,"href":"https:\/\/www.ceadin.org\/b\/wp-json\/wp\/v2\/users\/2"}],"replies":[{"embeddable":true,"href":"https:\/\/www.ceadin.org\/b\/wp-json\/wp\/v2\/comments?post=2976"}],"version-history":[{"count":0,"href":"https:\/\/www.ceadin.org\/b\/wp-json\/wp\/v2\/pages\/2976\/revisions"}],"wp:attachment":[{"href":"https:\/\/www.ceadin.org\/b\/wp-json\/wp\/v2\/media?parent=2976"}],"curies":[{"name":"wp","href":"https:\/\/api.w.org\/{rel}","templated":true}]}}