{"id":2955,"date":"2017-04-23T00:33:28","date_gmt":"2017-04-23T00:33:28","guid":{"rendered":"http:\/\/www.ceadin.org\/b\/?page_id=2955"},"modified":"2023-01-08T18:22:29","modified_gmt":"2023-01-08T18:22:29","slug":"una-mente-maravillosa-historia-de-john-nash","status":"publish","type":"page","link":"https:\/\/www.ceadin.org\/b\/una-mente-maravillosa-historia-de-john-nash\/","title":{"rendered":"Una mente maravillosa -Historia de John Nash-"},"content":{"rendered":"<blockquote>\n<blockquote>\n<h3 style=\"text-align: center;\"><span style=\"color: #0000ff;\"><em><strong><br \/>\n<span style=\"color: #0000ff;\">\u2014 Esquizofrenia Paranoide \u2014<\/span><\/strong><\/em><\/span><\/h3>\n<h3 style=\"text-align: center;\"><span style=\"color: #008000;\"><em><strong><span style=\"color: #008000;\">Lo que aprendimos de la historia de:<\/span><br \/>\n<span style=\"color: #800080;\">\u2014 John Nash \u2014<\/span><\/strong><\/em><\/span><\/h3>\n<blockquote>\n<h3 style=\"text-align: center;\"><a href=\"http:\/\/www.ceadin.org\/b\/wp-content\/uploads\/2017\/04\/picture-1-e1606367161139.jpeg\"><img decoding=\"async\" loading=\"lazy\" class=\"aligncenter wp-image-2962\" src=\"http:\/\/www.ceadin.org\/b\/wp-content\/uploads\/2017\/04\/picture-1-e1606367161139.jpeg\" alt=\"\" width=\"600\" height=\"760\" srcset=\"https:\/\/www.ceadin.org\/b\/wp-content\/uploads\/2017\/04\/picture-1-e1606367161139.jpeg 762w, https:\/\/www.ceadin.org\/b\/wp-content\/uploads\/2017\/04\/picture-1-e1606367161139-237x300.jpeg 237w, https:\/\/www.ceadin.org\/b\/wp-content\/uploads\/2017\/04\/picture-1-e1606367161139-619x784.jpeg 619w\" sizes=\"(max-width: 600px) 100vw, 600px\" \/><\/a><span style=\"color: #008000;\"><em><strong>Ha muerto &#8211;<span style=\"color: #800080;\">John Nash-,<\/span> ese genio de la vida<br \/>\ny de las<\/strong><\/em><\/span> <span style=\"color: #008000;\"><em><strong>matem\u00e1ticas, que inspir\u00f3 la fant\u00e1stica pel\u00edcula: <span style=\"color: #0000ff;\"><br \/>\n-Una mente maravillosa-<\/span><\/strong><\/em><\/span><\/h3>\n<h4><span style=\"color: #008000;\"><em><strong>Basado en la novela hom\u00f3nima de Sylvia Nasar, el largometraje producido en 2001, fue un verdadero \u00e9xito que obtuvo 4 Oscar y un sinf\u00edn de seguidores. Protagonizada por <span style=\"color: #800080;\">-Russell Crowe-,<\/span> la pel\u00edcula nos ofrece de manera sencilla, un gran mensaje que nos invita a buscar la manera de superar nuestras limitaciones, sean cuales sean.<\/strong><\/em><\/span><\/h4>\n<h4 style=\"text-align: left;\"><span style=\"color: #008000;\"><em><strong>A quien no conozca la historia de John Nash:<\/strong><\/em><\/span><\/h4>\n<blockquote>\n<h3 style=\"text-align: left;\"><span style=\"color: #800080;\"><em><strong>\u2014 John Nash ten\u00eda 30 a\u00f1os cuando le diagnosticaron <span style=\"text-decoration: underline; color: #0000ff;\">-Esquizofrenia Paranoide-.<\/span><\/strong><\/em><\/span><\/h3>\n<h3 style=\"text-align: left;\"><span style=\"color: #800080;\"><em><strong>A la sana ambici\u00f3n de su mente privilegiada, se le impuso el lastre de una tremenda enfermedad que lo desolaba. Era una mente brillante, destacada y prometedora cuando todo ocurri\u00f3. Sin embargo, nada le detuvo a la hora de perseguir sus sue\u00f1os.<\/strong><\/em><\/span><\/h3>\n<h3 style=\"text-align: left;\"><span style=\"color: #800080;\"><em><strong>Tras a\u00f1os de cruentos tratamientos que intentaban ayudarle a superar su enfermedad mental, <\/strong><\/em><\/span><span style=\"color: #800080;\"><em><strong>John Nash consigui\u00f3 mantener sus s\u00edntomas a ralla.<\/strong><\/em><\/span><\/h3>\n<h3 style=\"text-align: left;\"><span style=\"color: #800080;\"><em><strong>Aprendi\u00f3 a convivir con voces, con sus alucinaciones. John o\u00eda voces, ve\u00eda cosas., pero pudo manejarlas. Su trabajo interno fue, como es obvio, descomunal hasta el fin de sus d\u00edas. L\u00f3gicamente vivir sin poder discernir qu\u00e9 es real y qu\u00e9 no lo es, resulta muy complicado; <\/strong><\/em><\/span><span style=\"color: #800080;\"><em><strong>sin embargo, la mente brillante de Nash lo consigui\u00f3.<\/strong><\/em><\/span><\/h3>\n<h3 style=\"text-align: left;\"><span style=\"color: #800080;\"><em><strong>Nash gan\u00f3 el Nobel de Econom\u00eda en 1994 por su teor\u00eda de juegos, a\u00fan hoy vigente y \u00fatil en el \u00e1mbito de la estrategia.<\/strong><\/em><\/span><\/h3>\n<h3 style=\"text-align: left;\"><span style=\"color: #008000;\"><em><strong><span style=\"color: #800080;\">John combati\u00f3 la<\/span> <span style=\"color: #0000ff;\">-esquizofrenia paranoide-<\/span><span style=\"color: #800080;\"> durante toda su vida. <\/span><\/strong><\/em><\/span><span style=\"color: #800080;\"><em><strong>Y s\u00ed lo consigui\u00f3. <\/strong><\/em><\/span><span style=\"color: #800080;\"><em><strong>Consigui\u00f3 llevar una vida completamente diferente a la que su enfermedad le destinaba.<\/strong><\/em><\/span><\/h3>\n<h3 style=\"text-align: left;\"><span style=\"color: #800080;\"><em><strong>Su muerte, como su vida, no ha sido la esperada. El 23 de Mayo de 2015, Nash falleci\u00f3 junto a su esposa, v\u00edctima de un accidente de tr\u00e1fico.<\/strong><\/em><\/span><\/h3>\n<h3><span style=\"color: #800080;\"><em><strong>Fu\u00e9 un ejemplo de superaci\u00f3n y de esperanza,<\/strong><\/em><\/span> <span style=\"color: #800080;\"><em><strong>a \u00e9l le debemos mucho, no solo por su contribuci\u00f3n a la ciencia <\/strong><\/em><\/span><span style=\"color: #008000;\"><em><strong><span style=\"color: #800080;\">sino por contarnos su historia y volver<\/span> <span style=\"color: #0000ff;\">-al mundo de los cuerdos- <\/span><\/strong><\/em><\/span><span style=\"color: #800080;\"><em><strong>para ense\u00f1arnos que, trabajando nuestro interior, todas las mentes son maravillosas.<\/strong><\/em><\/span><\/h3>\n<h3 style=\"text-align: left;\"><span style=\"color: #800080;\"><em><strong>John se aferr\u00f3 a su inteligencia y convivi\u00f3 con las voces de su cabeza, a pesar de que le ahogaban. <\/strong><\/em><\/span><span style=\"color: #800080;\"><em><strong>Su lucha no fue f\u00e1cil. Sin embargo, logr\u00f3 entender que el camino de su vida estaba en la aceptaci\u00f3n. Y nos lo mostr\u00f3, <\/strong><\/em><\/span><span style=\"color: #800080;\"><em><strong>entonces le lleg\u00f3 la inspiraci\u00f3n.<\/strong><\/em><\/span><\/h3>\n<h3 style=\"text-align: left;\"><span style=\"color: #800080;\"><em><strong>Logr\u00f3 crear un mundo estable en un lugar cambiante. <\/strong><\/em><\/span><span style=\"color: #800080;\"><em><strong>Y lo que en un principio era un combate, acab\u00f3 por ser un hogar en desarrollarse. A pesar de sus limitaciones, Nash logr\u00f3 una plaza como profesor del MIT mientras, <\/strong><\/em><\/span><span style=\"color: #800080;\"><em><strong>a su vez, recuperaba la brillantez que su problema mental hab\u00eda truncado.<\/strong><\/em><\/span><\/h3>\n<h3 style=\"text-align: left;\"><span style=\"color: #008000;\"><em><strong><span style=\"color: #800080;\">-John Forbes Nash-, aprendi\u00f3 a\u00a0vivir con la<\/span> <span style=\"color: #0000ff;\">-esquizofrenia paranoide-<\/span> <span style=\"color: #800080;\">durante toda<\/span><\/strong><\/em><\/span><br \/>\n<span style=\"color: #008000;\"> <em><strong><span style=\"color: #800080;\"> su vida, aplicando una regla seg\u00fan la cual,<\/span> <span style=\"color: #0000ff;\">-todo problema tiene una soluci\u00f3n-.<\/span><\/strong><\/em><\/span><\/h3>\n<h3 style=\"text-align: center;\"><span style=\"color: #0000ff;\">\u2014\/\u2014<\/span><\/h3>\n<\/blockquote>\n<h4 style=\"text-align: left;\"><span style=\"color: #008000;\"><em><strong>Algo que si bien no es v\u00e1lido para todos los <span style=\"color: #0000ff;\">-enfermos mentales-, <\/span>todos podemos adecuar a nuestra vida de alguna forma.<\/strong><\/em><\/span><\/h4>\n<h3 style=\"text-align: left;\"><em><strong><span style=\"color: #008000;\">Vivir sabiendo que gran parte de nuestro dolor es inevitable<\/span>, <span style=\"color: #008000;\">deber\u00eda de ser una premisa que todos sigui\u00e9semos..<\/span><\/strong><\/em><\/h3>\n<h3 style=\"text-align: left;\"><span style=\"color: #008000;\"><em><strong>Sin duda, John, nos ofreci\u00f3 la clave para disfrutar de la vida: aceptar, fluir y actuar.<\/strong><\/em><\/span><\/h3>\n<h4><span style=\"color: #0000ff;\"><em><strong>ESPERAMOS ENCUENTRE \u00daTIL ESTA INFORMACI\u00d3N.<\/strong><\/em><\/span><\/h4>\n<h4><span style=\"color: #0000ff;\"><em><strong>SI USTED EST\u00c1 PENSANDO EN HACERSE DA\u00d1O,<br \/>\nO SI CONOCE A ALGUIEN QUE PODR\u00cdA HACERSE DA\u00d1O,<br \/>\nBUSQUE AYUDA R\u00c1PIDAMENTE\u00a0 Y LLAME A SU M\u00c9DICO.<\/strong><\/em><\/span><\/h4>\n<\/blockquote>\n<h4><span style=\"color: #008080;\"><em><strong>NOTA IMPORTANTE.<\/strong><\/em><em><strong><br \/>\nBusque ayuda inmediatamente si:<\/strong><\/em><\/span><br \/>\n<span style=\"color: #008080;\"><em><strong>Se siente abrumado.<\/strong><\/em><\/span><br \/>\n<span style=\"color: #008080;\"><em><strong>\u2028Est\u00e1 pensando en hacerse da\u00f1o o en da\u00f1ar a otra persona.<\/strong><\/em><\/span><br \/>\n<span style=\"color: #008080;\"><em><strong>Es incapaz de controlar su comportamiento.<\/strong><\/em><\/span><br \/>\n<span style=\"color: #008080;\"><em><strong>Tiene otros s\u00edntomas muy angustiantes de trastorno<\/strong><\/em><\/span><br \/>\n<span style=\"color: #008080;\"><em><strong>de estr\u00e9s postraum\u00e1tico.<\/strong><\/em><em><strong><br \/>\nLlame a un familiar, no se quede solo.<br \/>\nLlame a su m\u00e9dico.<\/strong><\/em><\/span><\/h4>\n<h4><span style=\"color: #ff00ff;\"><em><strong>EN CASO NECESARIO:<\/strong><\/em><\/span><br \/>\n<span style=\"color: #ff00ff;\"><em><strong>Llame a su m\u00e9dico.<\/strong><\/em><\/span><br \/>\n<span style=\"color: #ff00ff;\"><em><strong>Llame al 911 para servicios de emergencia\u2028 o vaya<\/strong><\/em><\/span><br \/>\n<span style=\"color: #ff00ff;\"><em><strong>a la sala de emergencias m\u00e1s cercana.<\/strong><\/em><\/span><br \/>\n<span style=\"color: #ff00ff;\"><em><strong>En un caso de emergencia, puede llamar a:<\/strong><\/em><\/span><br \/>\n<span style=\"color: #ff00ff;\"><em><strong>SAPTEL \u201cSistema Nacional de Apoyo, Consejo \u2028Psicol\u00f3gico<\/strong><\/em><\/span><br \/>\n<span style=\"color: #ff00ff;\"><em><strong>e Intervenci\u00f3n en Crisis por Tel\u00e9fono\u201d<\/strong><\/em><\/span><br \/>\n<span style=\"color: #ff00ff;\"><em><strong>(Cruz Roja Mexicana\u2013 24 Hrs.) sin costo<\/strong><\/em><\/span><\/h4>\n<h4><span style=\"color: #ff00ff;\"><em><strong>SAPTEL<\/strong><\/em><\/span><br \/>\n<span style=\"color: #ff00ff;\"><em><strong>Av M\u00e9xico #37, Hip\u00f3dromo,<\/strong><\/em><\/span><br \/>\n<span style=\"color: #ff00ff;\"><em><strong>Cuauht\u00e9moc, Ciudad de M\u00e9xico.<\/strong><\/em><\/span><br \/>\n<span style=\"color: #ff00ff;\"><em><strong>Tel\u00e9fono:(55) 52598121<br \/>\nE-mail: <a class=\"col1\" style=\"color: #ff00ff;\" href=\"https:\/\/www.saptel.org.mx\/contacto.html#\">saptel.crlyc@gmail.com<\/a><\/strong><\/em><\/span><\/h4>\n<h4><span style=\"color: #ff00ff;\"><em><strong>\u00a0<\/strong><\/em><\/span><em><strong><span style=\"color: #ff00ff;\">Ayuda en los Estados Unidos:<\/span><br \/>\n<span style=\"color: #0000ff;\">Llame al 911 (servicio de emergencia de los Estados Unidos)<\/span><br \/>\n<span style=\"color: #0000ff;\">o acuda a una sala de emergencias.<\/span><br \/>\n<span style=\"color: #0000ff;\">Llame gratis a la l\u00ednea de emergencia del suicidio: 1\u2013888\u2013628\u20139454 para comunicarse con alguien de la Red Nacional de Prevenci\u00f3n del Suicidio. El n\u00famero para las personas con dificultades auditivas es 1\u2013800\u2013799\u20134TTY (4889)<\/span><\/strong><\/em><\/h4>\n<p><span style=\"color: #0000ff;\"><strong><em>Las investigaciones en curso, y una mejor comprensi\u00f3n de la gen\u00e9tica, la neurociencia y la ciencia del comportamiento, ayudar\u00e1n a los cient\u00edficos y a los profesionales de la salud, a comprender las causas de este trastorno y encontrar una manera de predecirlo y prevenirlo. <\/em><\/strong><\/span><\/p>\n<p><span style=\"color: #0000ff;\"><strong><em>Esta labor permitir\u00e1 a los expertos, a desarrollar mejores tratamientos para ayudar a las personas con esquizofrenia a alcanzar su potencial. <\/em><\/strong><\/span><\/p>\n<p><span style=\"color: #008000;\"><strong><em><span style=\"color: #0000ff;\">En el 2009, el NIMH puso en marcha el proyecto de investigaci\u00f3n para mejorar la recuperaci\u00f3n despu\u00e9s del primer episodio de esquizofrenia llamado Recovery After an Initial Schizophrenia Episode\u2013RAISE.<\/span> <\/em><\/strong><\/span><\/p>\n<p><strong><em><span style=\"color: #0000ff;\">Su sitio web en ingl\u00e9s es: <a style=\"color: #0000ff;\" href=\"https:\/\/www.nimh.nih.gov\/health\/topics\/schizophrenia\/raise\/index.shtml\">www.nimh.nih.gov\/raise<\/a>.<\/span> <\/em><\/strong><\/p>\n<p><span style=\"color: #0000ff;\"><strong><em>RAISE intenta cambiar de manera fundamental la trayectoria y el pron\u00f3stico de la esquizofrenia, a trav\u00e9s de un tratamiento coordinado en las primeras etapas de la enfermedad. El proyecto RAISE est\u00e1 dise\u00f1ado para reducir la probabilidad de discapacidad a largo plazo, que a menudo tienen las personas con esquizofrenia, as\u00ed como ayudarles a llevar vidas productivas e independientes.<\/em><\/strong><\/span><\/p>\n<p><span style=\"color: #0000ff;\"><strong><em>Animamos a las personas que viven con esquizofrenia, y a sus familias a participar<\/em> en la investigaci\u00f3n cl\u00ednica. <em>Para informaci\u00f3n actualizada sobre las \u00faltimas investigaciones financiadas por el NIMH sobre la esquizofrenia, consulte el sitio web del NIMH en: <\/em><\/strong><\/span><\/p>\n<p><span style=\"color: #0000ff;\"><strong><em><a style=\"color: #0000ff;\" href=\"https:\/\/www.nimh.nih.gov\/index.shtml\">www.nimh.nih.gov<\/a> (ingl\u00e9s) o<\/em><\/strong><\/span><\/p>\n<p><span style=\"color: #0000ff;\"><strong><em> <a style=\"color: #0000ff;\" href=\"https:\/\/www.nimh.nih.gov\/health\/publications\/espanol\/index.shtml\">www.nimh.nih.gov\/health\/publications\/espanol\/index.shtml<\/a> (espa\u00f1ol).<\/em><\/strong><\/span><\/p>\n<p><span style=\"color: #0000ff;\"><strong><em>Para obtener m\u00e1s informaci\u00f3n sobre la esquizofrenia, visite MedlinePlus<br \/>\n(Biblioteca Nacional de Medicina): <\/em><\/strong><\/span><\/p>\n<p><span style=\"color: #0000ff;\"><strong><em><a style=\"color: #0000ff;\" href=\"http:\/\/medlineplus.gov\" rel=\"external\">http:\/\/medlineplus.gov\u00a0<\/a> (ingl\u00e9s) o <\/em><\/strong><\/span><\/p>\n<p><span style=\"color: #0000ff;\"><strong><em><a style=\"color: #0000ff;\" href=\"http:\/\/medlineplus.gov\/spanish\" rel=\"external\">http:\/\/medlineplus.gov\/spanish\u00a0<\/a> (espa\u00f1ol).<\/em><\/strong><\/span><\/p>\n<p><span style=\"color: #0000ff;\"><strong><em>Informaci\u00f3n de contacto:<\/em><\/strong><\/span><br \/>\n<span style=\"color: #0000ff;\"> <strong> <em>Instituto Nacional de la Salud Mental<\/em><\/strong><\/span><br \/>\n<span style=\"color: #0000ff;\"> <strong> <em> Oficina de Pol\u00edtica Cient\u00edfica, Planificaci\u00f3n y Comunicaciones<\/em><\/strong><\/span><br \/>\n<span style=\"color: #0000ff;\"> <strong> <em> Divisi\u00f3n de Redacci\u00f3n Cient\u00edfica, Prensa y Difusi\u00f3n<\/em><\/strong><\/span><br \/>\n<span style=\"color: #0000ff;\"> <strong> <em> 6001 Executive Boulevard<\/em><\/strong><\/span><br \/>\n<span style=\"color: #0000ff;\"> <strong> <em> Room 6200, MSC 9663<\/em><\/strong><\/span><br \/>\n<span style=\"color: #0000ff;\"> <strong> <em> Bethesda, MD 20892-9663<\/em><\/strong><\/span><br \/>\n<span style=\"color: #0000ff;\"> <strong> <em> Tel\u00e9fono: 301-443-4513 o 1-866-615-6464 (1-866-615-NIMH)*<\/em><\/strong><\/span><br \/>\n<span style=\"color: #0000ff;\"> <strong> <em> Tel\u00e9fono para personas con problemas auditivos:<\/em><\/strong><\/span><br \/>\n<span style=\"color: #0000ff;\"> <strong> <em> 301-443-8431 o 1-866-415-8051*<\/em><\/strong><\/span><br \/>\n<span style=\"color: #0000ff;\"> <strong> <em> Fax: 301-443-4279<\/em><\/strong><\/span><br \/>\n<span style=\"color: #0000ff;\"><strong> <em> Correo electr\u00f3nico: <a style=\"color: #0000ff;\" href=\"mailto:nimhinfo@nih.gov\">nimhinfo@nih.gov<\/a><\/em><\/strong><\/span><br \/>\n<span style=\"color: #0000ff;\"> <strong> <em> Sitios web: <a style=\"color: #0000ff;\" href=\"https:\/\/www.nimh.nih.gov\/index.shtml\">http:\/\/www.nimh.nih.gov<\/a> (ingl\u00e9s)<\/em><\/strong><\/span><br \/>\n<span style=\"color: #0000ff;\"> <strong> <em> o <a style=\"color: #0000ff;\" href=\"https:\/\/www.nimh.nih.gov\/health\/publications\/espanol\/index.shtml\">http:\/\/www.nimh.nih.gov\/health\/publications\/espanol\/index.shtml<\/a> (espa\u00f1ol)<\/em><\/strong><\/span><br \/>\n<span style=\"color: #0000ff;\"> <strong> <em> *Las llamadas a los n\u00fameros telef\u00f3nicos que empiezan con 1-866 son gratuitas para quienes viven<\/em> en los <em>Estados Unidos.<\/em><\/strong><\/span><\/p>\n<p><span style=\"color: #0000ff;\"><strong><em>National Institute of Mental Health<\/em><\/strong><\/span><br \/>\n<span style=\"color: #0000ff;\"> <strong> <em> DEPARTAMENTO DE SALUD Y SERVICIOS HUMANOS DE LOS ESTADOS UNIDOS<\/em><\/strong><\/span><br \/>\n<span style=\"color: #0000ff;\"> <strong> <em> Institutos Nacionales de la Salud<\/em><\/strong><\/span><br \/>\n<span style=\"color: #0000ff;\"> <strong> <em> Publicaci\u00f3n de NIH N\u00fam. SP 15-3517<\/em><\/strong><\/span><br \/>\n<span style=\"color: #0000ff;\"> <strong> <em> Traducida en el 2011<\/em><\/strong><\/span><br \/>\n<span style=\"color: #0000ff;\"> <strong> <em> Modificada en octubre del 2015<br \/>\nNIH: Instituto Nacional de la Salud Mental<\/em><\/strong><\/span><\/p>\n<p><span style=\"color: #0000ff;\"><em><strong>American Psychiatric Association.<\/strong><br \/>\n<strong> Diagnostic and Statistical Manual of Mental Disorders.<\/strong><br \/>\n<strong> 5th ed. Arlington, VA: American Psychiatric Publishing. 2013.<\/strong><br \/>\n<strong> Freudenreich O, Brown HE, Holt DJ.<\/strong><br \/>\n<strong> Psychosis and schizophrenia.<\/strong><br \/>\n<strong> In: Stern TA, Fava M, Wilens TE, Rosenbaum JF, eds.<\/strong><br \/>\n<strong> Massachusetts General Hospital Comprehensive Clinical Psychiatry.<\/strong><br \/>\n<strong> 2nd ed. Philadelphia, PA: Elsevier; 2016:chap 28.<\/strong><br \/>\n<strong> Schulz SC, Goerke D, O\u2019Sullivan D, Jasberg SG.<\/strong><br \/>\n<strong> Early-stage schizophrenia.<\/strong><br \/>\n<strong> In: Gabbard GO, ed. Gabbard\u2019s Treatments of Psychiatric Disorders.<\/strong><br \/>\n<strong> 5th ed. Arlington, VA: American Psychiatric Publishing; 2014:chap 8.<\/strong><br \/>\n<strong> Ultima revisi\u00f3n 2\/2\/2016<\/strong><br \/>\n<strong> Versi\u00f3n en ingl\u00e9s revisada por: Fred K. Berger,<\/strong><br \/>\n<strong> MD, addiction and forensic psychiatrist,<\/strong><br \/>\n<strong> Scripps Memorial Hospital,<\/strong><br \/>\n<strong> La Jolla, CA.<\/strong><br \/>\n<strong> Also reviewed by David Zieve,<\/strong><br \/>\n<strong> MD, MHA, Isla Ogilvie, PhD, and the A.D.A.M.<\/strong><br \/>\n<strong> Editorial team.<\/strong><br \/>\n<strong>Traducci\u00f3n y localizaci\u00f3n realizada por:<\/strong><br \/>\n<strong> DrTango, Inc.<\/strong><\/em><\/span><\/p><\/blockquote>\n<\/blockquote>\n","protected":false},"excerpt":{"rendered":"<p>\u2014 Esquizofrenia Paranoide \u2014 Lo que aprendimos de la historia de: \u2014 John Nash \u2014 Ha muerto &#8211;John Nash-, ese genio de la vida y de las matem\u00e1ticas, que inspir\u00f3 la fant\u00e1stica pel\u00edcula: -Una mente maravillosa- Basado en la novela hom\u00f3nima de Sylvia Nasar, el largometraje producido en 2001, fue un verdadero \u00e9xito que obtuvo [&hellip;]<\/p>\n","protected":false},"author":2,"featured_media":0,"parent":0,"menu_order":0,"comment_status":"closed","ping_status":"closed","template":"","meta":[],"_links":{"self":[{"href":"https:\/\/www.ceadin.org\/b\/wp-json\/wp\/v2\/pages\/2955"}],"collection":[{"href":"https:\/\/www.ceadin.org\/b\/wp-json\/wp\/v2\/pages"}],"about":[{"href":"https:\/\/www.ceadin.org\/b\/wp-json\/wp\/v2\/types\/page"}],"author":[{"embeddable":true,"href":"https:\/\/www.ceadin.org\/b\/wp-json\/wp\/v2\/users\/2"}],"replies":[{"embeddable":true,"href":"https:\/\/www.ceadin.org\/b\/wp-json\/wp\/v2\/comments?post=2955"}],"version-history":[{"count":0,"href":"https:\/\/www.ceadin.org\/b\/wp-json\/wp\/v2\/pages\/2955\/revisions"}],"wp:attachment":[{"href":"https:\/\/www.ceadin.org\/b\/wp-json\/wp\/v2\/media?parent=2955"}],"curies":[{"name":"wp","href":"https:\/\/api.w.org\/{rel}","templated":true}]}}