{"id":2884,"date":"2017-04-16T19:45:42","date_gmt":"2017-04-16T19:45:42","guid":{"rendered":"http:\/\/www.ceadin.org\/b\/?page_id=2884"},"modified":"2023-06-05T20:35:08","modified_gmt":"2023-06-05T20:35:08","slug":"depresion-posparto","status":"publish","type":"page","link":"https:\/\/www.ceadin.org\/b\/depresion-posparto\/","title":{"rendered":"Depresi\u00f3n posparto"},"content":{"rendered":"<blockquote>\n<h3 style=\"text-align: center;\"><span style=\"text-decoration: underline; color: #800080;\"><em><strong><br \/>\n<\/strong><\/em><\/span><span style=\"color: #008000;\"><em><strong>\u00bfQu\u00e9 es la depresi\u00f3n posparto.?<\/strong><\/em><\/span><\/h3>\n<blockquote><p><a href=\"http:\/\/www.ceadin.org\/b\/wp-content\/uploads\/2017\/04\/CASANDRA-MAMA-e1576081359208.jpeg\"><img decoding=\"async\" loading=\"lazy\" class=\"wp-image-2885 aligncenter\" src=\"http:\/\/www.ceadin.org\/b\/wp-content\/uploads\/2017\/04\/CASANDRA-MAMA-e1669655290303.jpeg\" alt=\"\" width=\"700\" height=\"775\" \/><\/a><\/p>\n<h3 style=\"text-align: center;\"><span style=\"color: #008000;\"><em><strong><span style=\"color: #008000;\">-La depresi\u00f3n posparto-<\/span> <span style=\"color: #c74a28;\">es una enfermedad <span style=\"text-decoration: underline;\"><span style=\"color: #008000; text-decoration: underline;\">-GRAVE-<\/span><\/span><br \/>\nes un trastorno del estado <\/span><\/strong><\/em><\/span><span style=\"color: #c74a28;\"><em><strong>de \u00e1nimo, que puede afectar a las mujeres despu\u00e9s de dar a luz.<\/strong><\/em><\/span><\/h3>\n<h3 style=\"text-align: center;\"><span style=\"text-decoration: underline; color: #008000;\"><em><strong>Las madres que padecen depresi\u00f3n posparto, tienen sentimientos<\/strong><\/em><\/span><br \/>\n<span style=\"text-decoration: underline; color: #008000;\"> <em><strong> de extrema tristeza, ansiedad y cansancio, que les dificultan<\/strong><\/em><\/span><br \/>\n<span style=\"text-decoration: underline; color: #008000;\"> <em><strong> realizar las actividades diarias del cuidado de s\u00ed mismas,<br \/>\nde sus bebes y de otras personas.<\/strong><\/em><\/span><\/h3>\n<\/blockquote>\n<blockquote>\n<h4><span style=\"text-decoration: underline; color: #008000;\"><em><strong>\u00bfQu\u00e9 causa la depresi\u00f3n posparto?<\/strong><\/em><\/span><br \/>\n<span style=\"color: #c74a28;\"> <em><strong>La depresi\u00f3n posparto no tiene una sola causa, sino que es consecuencia de una combinaci\u00f3n de factores f\u00edsicos y emocionales. La depresi\u00f3n posparto no ocurre por algo que una madre hace o deja de hacer.<\/strong><\/em><\/span><\/h4>\n<h3 style=\"text-align: center;\"><em><strong><span style=\"text-decoration: underline; color: #800080;\"><span style=\"color: #008000; text-decoration: underline;\">Despu\u00e9s de dar a luz, los niveles de hormonas<br \/>\n(estr\u00f3geno y progesterona) en las mujeres bajan r\u00e1pidamente.<\/span> <\/span><\/strong><\/em><\/h3>\n<h4><span style=\"color: #c74a28;\"><em><strong>Esto genera alteraciones qu\u00edmicas en el cerebro que pueden provocar cambios en el estado de \u00e1nimo. Adem\u00e1s, muchas mujeres no pueden descansar tanto como deber\u00edan para poder recuperarse totalmente del parto. La falta constante de sue\u00f1o puede generar incomodidad f\u00edsica y agotamiento, factores que pueden contribuir a los s\u00edntomas de la depresi\u00f3n posparto.<\/strong><\/em><\/span><\/h4>\n<h3 id=\"pub3\" class=\"pubsection clearer\" style=\"text-align: center;\"><span style=\"color: #008000;\"><em><strong>\u00bfCu\u00e1les son los s\u00edntomas de la depresi\u00f3n posparto?<\/strong><\/em><\/span><\/h3>\n<blockquote>\n<h4><span style=\"color: #c74a28;\"><em><strong>Algunos de los s\u00edntomas m\u00e1s comunes que se puede experimentar incluyen los siguientes:<\/strong><\/em><\/span><\/h4>\n<h3 style=\"text-align: left;\"><span style=\"color: #008000;\"><em><strong>\u2014 Sentirse triste, desesperanzada, vac\u00eda o abrumada.<br \/>\n<\/strong><\/em><\/span><\/h3>\n<h3 style=\"text-align: left;\"><span style=\"color: #008000;\"><em><strong>\u2014 Llorar m\u00e1s frecuentemente de lo normal o sin motivo aparente.<\/strong><\/em><\/span><\/h3>\n<h3 style=\"text-align: left;\"><span style=\"color: #008000;\"><em><strong>\u2014 Preocuparse o sentirse excesivamente ansiosa.<br \/>\n<\/strong><\/em><\/span><\/h3>\n<h3 style=\"text-align: left;\"><span style=\"color: #008000;\"><em><strong>\u2014 Sentirse malhumorada, irritable o inquieta.<br \/>\n<\/strong><\/em><\/span><\/h3>\n<h3 style=\"text-align: left;\"><span style=\"color: #008000;\"><em><strong>\u2014 Dormir en exceso o no poder dormir, incluso cuando<br \/>\nel beb\u00e9 duerme.<\/strong><\/em><\/span><\/h3>\n<h3 style=\"text-align: left;\"><span style=\"color: #008000;\"><em><strong>\u2014 Tener problemas para concentrarse, recordar detalles<br \/>\ny tomar decisiones.<\/strong><\/em><\/span><\/h3>\n<h3 style=\"text-align: left;\"><span style=\"color: #008000;\"><em><strong>\u2014 Sentir enojo o furia.<\/strong><\/em><\/span><\/h3>\n<h3 style=\"text-align: left;\"><span style=\"color: #008000;\"><em><strong>\u2014 Perder el inter\u00e9s en las actividades que le resultaban agradables.<\/strong><\/em><\/span><\/h3>\n<h3 style=\"text-align: left;\"><span style=\"color: #008000;\"><em><strong>\u2014 Padecer dolores y molestias f\u00edsicas, como dolores de cabeza frecuentes, problemas estomacales y dolor muscular.<\/strong><\/em><\/span><\/h3>\n<h3 style=\"text-align: left;\"><span style=\"color: #008000;\"><em><strong>\u2014 Comer demasiado o muy poco.<\/strong><\/em><\/span><\/h3>\n<h3 style=\"text-align: left;\"><span style=\"color: #008000;\"><em><strong>\u2014 Aislarse de amigos y familiares.<br \/>\n<\/strong><\/em><\/span><\/h3>\n<h3 style=\"text-align: left;\"><span style=\"color: #008000;\"><em><strong>\u2014 Tener problemas para crear un v\u00ednculo emocional con su beb\u00e9.<\/strong><\/em><\/span><\/h3>\n<h3 style=\"text-align: left;\"><span style=\"color: #008000;\"><em><strong>\u2014 Dudar constantemente de su capacidad de cuidar al beb\u00e9.<br \/>\n<\/strong><\/em><\/span><\/h3>\n<h3 style=\"text-align: left;\"><span style=\"color: #c74a28;\"><em><strong>\u2014 PENSAR EN HACERSE DA\u00d1O A S\u00cd MISMA O A SU BEB\u00c9.<\/strong><\/em><\/span><\/h3>\n<\/blockquote>\n<h3 style=\"text-align: left;\"><span style=\"color: #008000;\"><em><strong>\u00bfC\u00f3mo puede una mujer darse<br \/>\ncuenta que padece de depresi\u00f3n posparto?<\/strong><\/em><\/span><\/h3>\n<h4 style=\"text-align: left;\"><em><strong><span style=\"color: #008000;\"><span style=\"text-decoration: underline;\">-Solo un proveedor de atenci\u00f3n m\u00e9dica o psiquiatra, puede diagnosticar la depresi\u00f3n posparto en una mujer-.<\/span><\/span> <span style=\"color: #c74a28;\">Dado que los s\u00edntomas son amplios y pueden variar de una mujer a otra, el proveedor de atenci\u00f3n m\u00e9dica puede ayudar a determinar si se deben a una depresi\u00f3n posparto o a alg\u00fan otro factor. <\/span><\/strong><\/em><\/h4>\n<h3 style=\"text-align: center;\"><span style=\"text-decoration: underline; color: #c74a28;\"><em><strong><span style=\"color: #008000; text-decoration: underline;\">Una mujer que padece de estos s\u00edntomas<br \/>\ndebe consultar <\/span><span style=\"color: #c74a28; text-decoration: underline;\">-INMEDIATAMENTE-<\/span> <span style=\"color: #008000; text-decoration: underline;\">a un m\u00e9dico Psiquiatra<br \/>\npara su atenci\u00f3n m\u00e9dica.<\/span><\/strong><\/em><\/span><\/h3>\n<blockquote>\n<h3><span style=\"color: #c74a28;\"><em><strong>\u00bfEn qu\u00e9 se diferencia la<\/strong><\/em><\/span><br \/>\n<em><strong><span style=\"color: #008000;\"> -depresi\u00f3n posparto-<\/span> <span style=\"color: #c74a28;\">de la<\/span> <span style=\"color: #3366ff;\">-tristeza posparto-<\/span><\/strong><\/em><br \/>\n<em><strong> <span style=\"color: #3366ff;\">( baby blues )..?<\/span><\/strong><\/em><\/h3>\n<h4><em><strong><span style=\"color: #3366ff;\">-La tristeza posparto (o -baby blues-)-<\/span> <span style=\"color: #3366ff;\">es un t\u00e9rmino que se utiliza para describir los sentimientos de preocupaci\u00f3n, tristeza y fatiga que muchas mujeres experimentan despu\u00e9s de tener un beb\u00e9. <\/span><\/strong><\/em><\/h4>\n<h4><em><strong><span style=\"color: #3366ff;\">Los beb\u00e9s requieren mucho cuidado, de modo que es normal que las madres se preocupen o se sientan cansadas de proporcionar ese cuidado.<\/span> <\/strong><\/em><\/h4>\n<h4><em><strong><span style=\"color: #008000;\"><span style=\"text-decoration: underline;\"><span style=\"color: #3366ff; text-decoration: underline;\">-La tristeza posparto-,<\/span> <span style=\"color: #c74a28; text-decoration: underline;\">que puede afectar hasta a un 80 por ciento de las madres, incluye sentimientos leves que duran una o dos semanas y<\/span> <span style=\"color: #3366ff; text-decoration: underline;\">-DESAPARECEN POR S\u00cd SOLOS-.<\/span><\/span><\/span><\/strong><\/em><\/h4>\n<\/blockquote>\n<h4><em><strong><span style=\"color: #c74a28;\">\u00a0<span style=\"text-decoration: underline;\"><br \/>\nEn el caso de la<\/span><\/span><span style=\"text-decoration: underline;\"> <span style=\"color: #008000; text-decoration: underline;\">-DEPRESI\u00d3N POSTPARTO-,<\/span><\/span><\/strong><span style=\"text-decoration: underline;\"><span style=\"color: #c74a28; text-decoration: underline;\"><strong> los sentimientos de tristeza y ansiedad pueden ser extremos e incluso pueden afectar la capacidad de una mujer de\u00a0<\/strong><span style=\"color: #008000; text-decoration: underline;\"><strong>-CUIDARSE A S\u00cd M\u00cdSMA O A SU BEBE Y FAMILIA.<\/strong> <\/span><\/span><\/span><\/em><\/h4>\n<h4 style=\"text-align: left;\"><span style=\"color: #008000;\"><em><strong><span style=\"text-decoration: underline; color: #800080;\"><span style=\"color: #008000; text-decoration: underline;\">-DEBIDO A LA GRAVEDAD DE LOS S\u00cdNTOMAS-,<\/span> <\/span><span style=\"color: #c74a28;\">por lo general, se requiere tratamiento. La depresi\u00f3n posparto, que ocurre en casi el 15 por ciento de los partos, puede comenzar <span style=\"color: #008000;\"><span style=\"text-decoration: underline;\">-un poco antes o en cualquier momento despu\u00e9s de que nazca el beb\u00e9, <\/span><span style=\"text-decoration: underline;\">pero generalmente comienza entre una semana y un mes despu\u00e9s del parto-.<\/span><\/span><\/span><\/strong><\/em><\/span><\/h4>\n<h3 class=\"pubsection clearer\" style=\"text-align: center;\"><span style=\"color: #008000;\"><em><strong>\u00bfSon algunas mujeres m\u00e1s<br \/>\npropensas a padecer de la depresi\u00f3n posparto?<\/strong><\/em><\/span><\/h3>\n<h4 style=\"text-align: left;\"><span style=\"color: #c74a28;\"><em><strong>Algunas mujeres est\u00e1n expuestas a un mayor riesgo de padecer de depresi\u00f3n posparto porque tienen uno o m\u00e1s de los siguientes factores de riesgo:<\/strong><\/em><\/span><\/h4>\n<blockquote>\n<h4><span style=\"color: #008000;\"><em><strong>-S\u00edntomas de depresi\u00f3n durante o despu\u00e9s de un<br \/>\nembarazo anterior.<\/strong><\/em><\/span><\/h4>\n<h4><span style=\"color: #008000;\"><em><strong>-Antecedentes de depresi\u00f3n o trastorno bipolar en otra<br \/>\netapa de su vida.<\/strong><\/em><\/span><\/h4>\n<h4><span style=\"color: #008000;\"><em><strong>-Un miembro de su familia que padeci\u00f3 depresi\u00f3n<br \/>\nu otras enfermedades mentales.<\/strong><\/em><\/span><\/h4>\n<h4><span style=\"color: #008000;\"><em><strong>-Una situaci\u00f3n estresante durante el embarazo o poco despu\u00e9s de dar a luz, como la p\u00e9rdida del empleo, la muerte de un ser querido, violencia dom\u00e9stica o enfermedad.<\/strong><\/em><\/span><\/h4>\n<h4><span style=\"color: #008000;\"><em><strong>-Complicaciones m\u00e9dicas durante el parto, como el parto prematuro o que el beb\u00e9 nazca con problemas m\u00e9dicos.<\/strong><\/em><\/span><\/h4>\n<h4><span style=\"color: #008000;\"><em><strong>-Sentimientos encontrados sobre el embarazo,<br \/>\nas\u00ed haya sido planificado o no.<\/strong><\/em><\/span><\/h4>\n<h4><span style=\"color: #008000;\"><em><strong>-Falta de apoyo emocional de su esposo, pareja, familia o amigos.<\/strong><\/em><\/span><\/h4>\n<h4><span style=\"color: #008000;\"><em><strong>-Problemas de abuso de alcohol o drogas.<\/strong><\/em><\/span><\/h4>\n<\/blockquote>\n<h4 style=\"text-align: left;\"><span style=\"color: #800080;\"><em><strong><span style=\"color: #c74a28;\">La<\/span> <span style=\"color: #008000;\">&#8211; depresi\u00f3n posparto &#8211;<\/span> <span style=\"color: #c74a28;\">puede afectar a cualquier mujer,<\/span><\/strong><\/em><\/span><br \/>\n<span style=\"color: #c74a28;\"> <em><strong> independientemente de su edad, raza, origen \u00e9tnico o situaci\u00f3n econ\u00f3mica.<\/strong><\/em><\/span><\/h4>\n<h4><span style=\"color: #008000;\"><em><strong>\u00bfC\u00f3mo se trata la depresi\u00f3n posparto?<\/strong><\/em><\/span><br \/>\n<span style=\"color: #c74a28;\"> <em><strong> Existen tratamientos eficaces para la depresi\u00f3n posparto. Un <span style=\"text-decoration: underline; color: #008000;\">-M\u00c9DICO PSIQUIATRA- <\/span>puede ayudar a elegir el mejor tratamiento, que puede incluir lo siguiente:<\/strong><\/em><\/span><\/h4>\n<h4><em><strong><span style=\"color: #008000;\">Consejer\u00eda\/terapia de di\u00e1logo: <span style=\"color: #c74a28;\">Este tratamiento consiste en hablar de manera individual con un profesional de la salud mental (un consejero, terapeuta, psic\u00f3logo, psiquiatra o trabajador social).<\/span><\/span> <\/strong><\/em><\/h4>\n<h4><span style=\"color: #c74a28;\"><em><strong>Los siguientes son dos tipos de consejer\u00eda que han demostrado ser particularmente eficaces en el tratamiento de la depresi\u00f3n posparto:<\/strong><\/em><\/span><\/h4>\n<h4><span style=\"color: #008000;\"><em><strong><span style=\"text-decoration: underline; color: #008000;\">La terapia cognitiva-conductual (TCC),<\/span> <span style=\"color: #c74a28;\">que ayuda a las personas a reconocer y cambiar sus pensamientos y conductas negativas.<\/span><br \/>\n<\/strong><\/em><\/span><\/h4>\n<h4><span style=\"color: #008000;\"><em><strong><span style=\"text-decoration: underline; color: #008000;\">La terapia interpersonal (TIP),<\/span> <span style=\"color: #c74a28;\">que ayuda a las personas a comprender y lidiar con relaciones personales problem\u00e1ticas.<\/span><\/strong><\/em><\/span><\/h4>\n<h4><em><strong><span style=\"text-decoration: underline; color: #008000;\">Medicamentos:<\/span><span style=\"color: #c74a28;\"> Los medicamentos antidepresivos act\u00faan sobre las sustancias qu\u00edmicas del cerebro que intervienen en la regulaci\u00f3n del estado de \u00e1nimo. <\/span><\/strong><\/em><\/h4>\n<h4><em><strong><span style=\"text-decoration: underline; color: #008000;\">Muchos antidepresivos demoran unas semanas en ser m\u00e1s eficaces.<\/span> <span style=\"color: #008000;\"><span style=\"color: #c74a28;\">Aunque estos medicamentos generalmente se consideran seguros para usar durante el amamantamiento, la mujer deber\u00eda consultar<\/span> <span style=\"color: #c74a28;\">con su<\/span> <span style=\"text-decoration: underline;\">M\u00c9DICO, <\/span><span style=\"color: #c74a28;\">acerca de los riesgos y los beneficios que estos medicamentos implican tanto para s\u00ed misma como para su beb\u00e9.<\/span><\/span><\/strong><\/em><\/h4>\n<h4><span style=\"color: #c74a28;\"><em><strong>Estos m\u00e9todos de tratamiento se pueden usar solos o en combinaci\u00f3n.<\/strong><\/em><\/span><\/h4>\n<h3 id=\"pub8\" class=\"pubsection clearer\" style=\"text-align: left;\"><span style=\"color: #008000;\"><em><strong>\u00bfQu\u00e9 puede suceder si no se trata la depresi\u00f3n posparto?<\/strong><\/em><\/span><\/h3>\n<h3 style=\"text-align: left;\"><span style=\"color: #008000;\"><em><strong><span style=\"color: #008000;\"><span style=\"text-decoration: underline;\">Sin tratamiento, la depresi\u00f3n posparto puede durar meses o a\u00f1os.<\/span> <span style=\"text-decoration: underline;\">Adem\u00e1s de afectar la salud de la madre, <\/span><span style=\"text-decoration: underline;\">puede interferir con su capacidad de relacionarse y cuidar a su beb\u00e9, <\/span><span style=\"text-decoration: underline;\">y puede hacer que \u00e9ste tenga problemas para dormir. <\/span><\/span><\/strong><\/em><\/span><\/h3>\n<h3 style=\"text-align: left;\"><span style=\"color: #008000;\"><em><strong><span style=\"color: #008000;\"><span style=\"text-decoration: underline;\">La mujer se encuentra en una dualidad, por un lado su instinto materno le dice que deber\u00eda querer y cuidar de su beb\u00e9, y por otro lado la enfermedad le dice que le haga da\u00f1o a su beb\u00e9, en esos casos es conveniente dejar que una persona de la familia se haga cargo del beb\u00e9 y que lo cuide.<\/span><\/span><br \/>\n<\/strong><\/em><\/span><\/h3>\n<h3 id=\"pub9\" class=\"pubsection clearer\" style=\"text-align: center;\"><span style=\"color: #c74a28;\"><em><strong>\u00bfC\u00f3mo pueden ayudar la familia y los amigos?<\/strong><\/em><\/span><\/h3>\n<blockquote>\n<h4><span style=\"color: #c74a28;\"><em><strong>Es probable que los familiares y los amigos sean los primeros en reconocer los s\u00edntomas de la depresi\u00f3n posparto en una mujer que acaba de dar a luz. Pueden alentarla a que hable con su m\u00e9dico especialista, ofrecerle apoyo emocional y ayudarla con las tareas diarias como cuidar del beb\u00e9 y del hogar.<\/strong><\/em><\/span><\/h4>\n<h3><span style=\"color: #c74a28;\"><em><strong>NOTA:<\/strong><\/em><\/span><br \/>\n<span style=\"text-decoration: underline; color: #008000;\"><em><strong> LA MADRE EST\u00c1 ENFERMA.<\/strong><\/em><\/span><\/h3>\n<h3><span style=\"color: #c74a28;\"><em><strong>NO ES:<\/strong><\/em><\/span><br \/>\n<span style=\"text-decoration: underline;\"><span style=\"color: #008000; text-decoration: underline;\"><em><strong> CULPABLE, MALA, TONTA o LOCA.<\/strong><\/em><\/span><\/span><\/h3>\n<\/blockquote>\n<h3 style=\"text-align: center;\"><span style=\"color: #008000;\"><em><strong><span style=\"text-decoration: underline; color: #c74a28;\">Si usted o alguien que conoce, est\u00e1n en crisis<\/span><br \/>\n<span style=\"text-decoration: underline; color: #c74a28;\"><span style=\"color: #008000; text-decoration: underline;\"> o piensa suicidarse&#8230;<\/span> obtenga ayuda r\u00e1pidamente.!<\/span><br \/>\n<\/strong><\/em><\/span><\/h3>\n<blockquote><p><span style=\"color: #008000;\"><br \/>\nArtista-Cassandra Barney<\/span><\/p><\/blockquote>\n<h4><span style=\"color: #008080;\"><em><strong>Busque ayuda inmediatamente si:<\/strong><\/em><\/span><br \/>\n<span style=\"color: #008080;\"><em><strong>Se siente abrumado.<\/strong><\/em><\/span><br \/>\n<span style=\"color: #008080;\"><em><strong>\u2028Est\u00e1 pensando en hacerse da\u00f1o o en da\u00f1ar a otra persona.<\/strong><\/em><\/span><br \/>\n<span style=\"color: #008080;\"><em><strong>Es incapaz de controlar su comportamiento.<\/strong><\/em><\/span><br \/>\n<span style=\"color: #008080;\"><em><strong>Tiene otros s\u00edntomas muy angustiantes de trastorno<\/strong><\/em><\/span><br \/>\n<span style=\"color: #008080;\"><em><strong>de estr\u00e9s postraum\u00e1tico.<\/strong><\/em><\/span><\/h4>\n<h4><span style=\"color: #ff00ff;\"><em><strong>EN CASO NECESARIO:<\/strong><\/em><\/span><br \/>\n<span style=\"color: #ff00ff;\"><em><strong>Llame a su m\u00e9dico.<\/strong><\/em><\/span><br \/>\n<span style=\"color: #ff00ff;\"><em><strong>Llame al 911 para servicios de emergencia\u2028 o vaya<\/strong><\/em><\/span><br \/>\n<span style=\"color: #ff00ff;\"><em><strong>a la sala de emergencias m\u00e1s cercana.<\/strong><\/em><\/span><br \/>\n<span style=\"color: #ff00ff;\"><em><strong>En un caso de emergencia, puede llamar a:<\/strong><\/em><\/span><br \/>\n<span style=\"color: #ff00ff;\"><em><strong>SAPTEL \u201cSistema Nacional de Apoyo, Consejo \u2028Psicol\u00f3gico<\/strong><\/em><\/span><br \/>\n<span style=\"color: #ff00ff;\"><em><strong>e Intervenci\u00f3n en Crisis por Tel\u00e9fono\u201d<\/strong><\/em><\/span><br \/>\n<span style=\"color: #ff00ff;\"><em><strong>(Cruz Roja Mexicana\u2013 24 Hrs.) sin costo<\/strong><\/em><\/span><\/h4>\n<h4><span style=\"color: #ff00ff;\"><em><strong>SAPTEL<\/strong><\/em><\/span><br \/>\n<span style=\"color: #ff00ff;\"><em><strong>Av M\u00e9xico #37, Hip\u00f3dromo,<\/strong><\/em><\/span><br \/>\n<span style=\"color: #ff00ff;\"><em><strong>Cuauht\u00e9moc, Ciudad de M\u00e9xico.<\/strong><\/em><\/span><br \/>\n<span style=\"color: #ff00ff;\"><em><strong>Tel\u00e9fono:(55) 52598121<\/strong><\/em><\/span><br \/>\n<span style=\"color: #ff00ff;\"><em><strong>E-mail: <a class=\"col1\" style=\"color: #ff00ff;\" href=\"https:\/\/www.saptel.org.mx\/contacto.html#\">saptel.crlyc@gmail.com<\/a><\/strong><\/em><\/span><\/h4>\n<\/blockquote>\n<h3 id=\"pub10\" class=\"pubsection clearer\" style=\"text-align: left;\"><span style=\"text-decoration: underline; color: #008000;\"><em><strong>\u00bf D\u00f3nde puedo encontrar m\u00e1s informaci\u00f3n ?<\/strong><\/em><\/span><\/h3>\n<p><span style=\"color: #008000;\"><strong><em>Para obtener m\u00e1s informaci\u00f3n sobre la depresi\u00f3n posparto, visite:<\/em><\/strong><\/span><br \/>\n<span style=\"color: #008000;\"><em><strong>MedlinePlus (Biblioteca Nacional de Medicina):<\/strong><\/em><\/span><br \/>\n<span style=\"color: #008000;\"><em> <a style=\"color: #008000;\" href=\"http:\/\/medlineplus.gov\" rel=\"external\">http:\/\/medlineplus.gov\u00a0<\/a> (ingl\u00e9s)<\/em><\/span><br \/>\n<span style=\"color: #008000;\"><em> <a style=\"color: #008000;\" href=\"http:\/\/medlineplus.gov\/spanish\" rel=\"external\">http:\/\/medlineplus.gov\/spanish\u00a0<\/a> (espa\u00f1ol)<\/em><\/span><\/p>\n<p><span style=\"color: #008000;\"><em><strong>Oficina para la Salud de la Mujer del Departamento de Salud y Servicios Humanos de los Estados Unidos:<\/strong><\/em><\/span><br \/>\n<span style=\"color: #008000;\"><em> <a style=\"color: #008000;\" href=\"http:\/\/www.womenshealth.gov\" rel=\"external\">http:\/\/www.womenshealth.gov\u00a0<\/a> (ingl\u00e9s)<\/em><\/span><br \/>\n<span style=\"color: #008000;\"><em> <a style=\"color: #008000;\" href=\"http:\/\/www.womenshealth.gov\/espanol\/\" rel=\"external\">http:\/\/www.womenshealth.gov\/espanol\/\u00a0<\/a> (espa\u00f1ol)<\/em><\/span><\/p>\n<p><span style=\"color: #008000;\"><em>Si desea obtener informaci\u00f3n en ingl\u00e9s sobre los ensayos cl\u00ednicos, visite <strong>ClinicalTrials.Gov:<\/strong> <a style=\"color: #008000;\" href=\"http:\/\/www.clinicaltrials.gov\" rel=\"external\">http:\/\/www.clinicaltrials.gov\u00a0<\/a><\/em><\/span><\/p>\n<p><span style=\"color: #008000;\"><em>Si desea m\u00e1s informaci\u00f3n sobre los factores que afectan la salud mental y recursos e investigaciones sobre el tema, visite MentalHealth.gov en <a style=\"color: #008000;\" href=\"http:\/\/espanol.mentalhealth.gov\" rel=\"external\">http:\/\/espanol.mentalhealth.gov\u00a0<\/a> o el sitio web del NIMH en <a class=\"unmanaged-absolute-internal\" style=\"color: #008000;\" href=\"http:\/\/www.nimh.nih.gov\">www.nimh.nih.gov<\/a> (ingl\u00e9s) o <a class=\"unmanaged-absolute-internal\" style=\"color: #008000;\" href=\"http:\/\/www.nimh.nih.gov\/health\/publications\/espanol\/index.shtml\">http:\/\/www.nimh.nih.gov\/health\/publications\/espanol\/index.shtml<\/a> (publicaciones en espa\u00f1ol) Adem\u00e1s, MedlinePlus, un servicio de la Biblioteca Nacional de Medicina de los Estados Unidos, tiene informaci\u00f3n sobre una gran variedad de temas de salud, incluyendo los problemas que afectan la salud mental: <a style=\"color: #008000;\" href=\"http:\/\/medlineplus.gov\/spanish\" rel=\"external\">http:\/\/medlineplus.gov\/spanish\u00a0<\/a> (espa\u00f1ol)<\/em><\/span><\/p>\n<p><span style=\"color: #008000;\"><em><strong>Instituto Nacional de la Salud Mental<\/strong><\/em><\/span><br \/>\n<span style=\"color: #008000;\"><em> Oficina de Pol\u00edtica Cient\u00edfica, Planificaci\u00f3n y Comunicaciones<\/em><\/span><br \/>\n<span style=\"color: #008000;\"><em> Divisi\u00f3n de Redacci\u00f3n Cient\u00edfica, Prensa y Difusi\u00f3n<\/em><\/span><br \/>\n<span style=\"color: #008000;\"><em> 6001 Executive Boulevard<\/em><\/span><br \/>\n<span style=\"color: #008000;\"><em> Room 6200, MSC 9663<\/em><\/span><br \/>\n<span style=\"color: #008000;\"><em> Bethesda, MD 20892-9663<\/em><\/span><br \/>\n<span style=\"color: #008000;\"><em> Tel\u00e9fono: 301-443-4513 o<\/em><\/span><br \/>\n<span style=\"color: #008000;\"><em> 1-866-615-6464 (1-866-615-NIMH)*<\/em><\/span><br \/>\n<span style=\"color: #008000;\"><em> Tel\u00e9fono para personas con problemas auditivos: 301-443-8431 o<\/em><\/span><br \/>\n<span style=\"color: #008000;\"><em> 1-866-415-8051*<\/em><\/span><br \/>\n<span style=\"color: #008000;\"><em> Fax: 301-443-4279<\/em><\/span><br \/>\n<span style=\"color: #008000;\"><em> Correo electr\u00f3nico: <a style=\"color: #008000;\" href=\"mailto:nimhinfo@nih.gov\">nimhinfo@nih.gov<\/a><\/em><\/span><br \/>\n<span style=\"color: #008000;\"><em> Sitios web: <a class=\"unmanaged-absolute-internal\" style=\"color: #008000;\" href=\"http:\/\/www.nimh.nih.gov\">http:\/\/www.nimh.nih.gov<\/a> (ingl\u00e9s) o<\/em><\/span><br \/>\n<span style=\"color: #008000;\"><em> <a class=\"unmanaged-absolute-internal\" style=\"color: #008000;\" href=\"http:\/\/www.nimh.nih.gov\/health\/publications\/espanol\/index.shtml\">http:\/\/www.nimh.nih.gov\/health\/publications\/espanol\/index.shtml<\/a> (espa\u00f1ol)<\/em><\/span><\/p>\n<p><span style=\"color: #008000;\"><em>*Las llamadas a los n\u00fameros telef\u00f3nicos que empiezan con 1\u2011866<br \/>\nson gratuitas para quienes viven en los Estados Unidos.<\/em><\/span><\/p>\n<p>&nbsp;<\/p><\/blockquote>\n","protected":false},"excerpt":{"rendered":"<p>\u00bfQu\u00e9 es la depresi\u00f3n posparto.? -La depresi\u00f3n posparto- es una enfermedad -GRAVE- es un trastorno del estado de \u00e1nimo, que puede afectar a las mujeres despu\u00e9s de dar a luz. Las madres que padecen depresi\u00f3n posparto, tienen sentimientos de extrema tristeza, ansiedad y cansancio, que les dificultan realizar las actividades diarias del cuidado de s\u00ed [&hellip;]<\/p>\n","protected":false},"author":2,"featured_media":0,"parent":0,"menu_order":0,"comment_status":"closed","ping_status":"closed","template":"","meta":[],"_links":{"self":[{"href":"https:\/\/www.ceadin.org\/b\/wp-json\/wp\/v2\/pages\/2884"}],"collection":[{"href":"https:\/\/www.ceadin.org\/b\/wp-json\/wp\/v2\/pages"}],"about":[{"href":"https:\/\/www.ceadin.org\/b\/wp-json\/wp\/v2\/types\/page"}],"author":[{"embeddable":true,"href":"https:\/\/www.ceadin.org\/b\/wp-json\/wp\/v2\/users\/2"}],"replies":[{"embeddable":true,"href":"https:\/\/www.ceadin.org\/b\/wp-json\/wp\/v2\/comments?post=2884"}],"version-history":[{"count":0,"href":"https:\/\/www.ceadin.org\/b\/wp-json\/wp\/v2\/pages\/2884\/revisions"}],"wp:attachment":[{"href":"https:\/\/www.ceadin.org\/b\/wp-json\/wp\/v2\/media?parent=2884"}],"curies":[{"name":"wp","href":"https:\/\/api.w.org\/{rel}","templated":true}]}}