{"id":2722,"date":"2017-04-05T21:10:02","date_gmt":"2017-04-05T21:10:02","guid":{"rendered":"http:\/\/www.ceadin.org\/b\/?page_id=2722"},"modified":"2023-06-05T22:14:41","modified_gmt":"2023-06-05T22:14:41","slug":"la-depresion-endogena-no-necesita-motivos-para-estar-triste","status":"publish","type":"page","link":"https:\/\/www.ceadin.org\/b\/la-depresion-endogena-no-necesita-motivos-para-estar-triste\/","title":{"rendered":"La Depresi\u00f3n End\u00f3gena, no necesita motivos para estar triste"},"content":{"rendered":"<blockquote>\n<h3 style=\"text-align: center;\"><em><strong><span style=\"color: #993366;\"><br \/>\n<\/span><span style=\"color: #83a321;\">\u2014 Depresi\u00f3n End\u00f3gena\u00a0\u2014 <\/span><\/strong><\/em><\/h3>\n<blockquote>\n<h3 style=\"text-align: center;\"><a href=\"http:\/\/www.ceadin.org\/b\/wp-content\/uploads\/2017\/04\/casandra14.jpeg\"><img decoding=\"async\" loading=\"lazy\" class=\"aligncenter wp-image-2819\" src=\"http:\/\/www.ceadin.org\/b\/wp-content\/uploads\/2017\/04\/casandra14.jpeg\" alt=\"casandra14\" width=\"700\" height=\"527\" srcset=\"https:\/\/www.ceadin.org\/b\/wp-content\/uploads\/2017\/04\/casandra14.jpeg 1918w, https:\/\/www.ceadin.org\/b\/wp-content\/uploads\/2017\/04\/casandra14-300x226.jpeg 300w, https:\/\/www.ceadin.org\/b\/wp-content\/uploads\/2017\/04\/casandra14-768x578.jpeg 768w, https:\/\/www.ceadin.org\/b\/wp-content\/uploads\/2017\/04\/casandra14-1024x770.jpeg 1024w, https:\/\/www.ceadin.org\/b\/wp-content\/uploads\/2017\/04\/casandra14-619x466.jpeg 619w\" sizes=\"(max-width: 700px) 100vw, 700px\" \/><\/a><em><strong><span style=\"color: #83a321;\">\u2014 La depresi\u00f3n end\u00f3gena \u2014<\/span><br \/>\n<span style=\"color: #d45b33;\">Es un trastorno del estado de \u00e1nimo que se<br \/>\ncaracteriza por una marcada tristeza,<br \/>\ndesesperanza y apat\u00eda..<\/span><\/strong><\/em><\/h3>\n<h3 style=\"text-align: center;\"><em><strong><span style=\"color: #d45b33;\"> Pero la causa de la<\/span> <span style=\"color: #83a321;\">-depresi\u00f3n end\u00f3gena-<\/span><span style=\"color: #993366;\"><span style=\"color: #83a321;\">,<\/span><br \/>\n<span style=\"color: #d45b33;\">no se encuentra en una situaci\u00f3n externa desencadenante,<\/span><br \/>\n<span style=\"color: #d45b33;\"> sino que se debe a factores internos o psicobiol\u00f3gicos.<\/span><\/span><\/strong><\/em><\/h3>\n<h3 style=\"text-align: center;\"><span style=\"color: #008000;\"><em><strong><span style=\"color: #d45b33;\">La <\/span><span style=\"color: #83a321;\">-Depresi\u00f3n End\u00f3gena-<\/span> <span style=\"color: #ab3e1a;\"><span style=\"color: #d45b33;\">es causada<\/span><br \/>\n<span style=\"color: #d45b33;\">por una alteraci\u00f3n o cambio estructural<\/span><br \/>\n<span style=\"color: #d45b33;\">en la bioqu\u00edmica cerebral.<\/span><\/span><\/strong><\/em><\/span><\/h3>\n<h4><span style=\"color: #d45b33;\"><em><strong>La falta de causas externas identificables, pueden dificultar la comprensi\u00f3n de la enfermedad por parte del entorno del que la sufre, y de la persona que la padece en s\u00ed. <\/strong><\/em><\/span><\/h4>\n<blockquote>\n<h3 style=\"text-align: center;\"><span style=\"color: #808000;\"><em><strong>Un desequilibro en la qu\u00edmica de<br \/>\nnuestro cerebro es suficiente para sumirnos<br \/>\nen una profunda tristeza, que ni nosotros<br \/>\nmismos entendemos, pero de la que no podemos<br \/>\nescapar sin ayuda.<\/strong><\/em><\/span><\/h3>\n<h3 style=\"text-align: center;\"><span style=\"color: #ab3e1a;\"><em><strong><span style=\"color: #d45b33;\">-La qu\u00edmica de la depresi\u00f3n-<\/span><br \/>\n<\/strong><span style=\"color: #d45b33;\"><strong>En la<\/strong><\/span><\/em><em><strong><span style=\"color: #83a321;\"> -depresi\u00f3n end\u00f3gena-<\/span><span style=\"color: #d45b33;\"> se da<\/span><br \/>\n<span style=\"color: #d45b33;\">una marcada disminuci\u00f3n de<\/span> <span style=\"color: #808000;\">\u2217 -serotonina-. <\/span><\/strong><\/em><\/span><\/h3>\n<\/blockquote>\n<h4><span style=\"color: #d45b33;\"><em><strong>Pero en este caso no es causada por factores externos. En este tipo de depresi\u00f3n hay un alto componente gen\u00e9tico, aunque esto -solo- aumentar\u00eda las probabilidades de padecer depresi\u00f3n pero no la determina.<\/strong><\/em><\/span><\/h4>\n<h3 style=\"text-align: center;\"><span style=\"color: #808000;\"><em><strong>Hay varias hip\u00f3tesis que relacionan<br \/>\na varios neurotransmisores, con la depresi\u00f3n.<\/strong><\/em><\/span><\/h3>\n<h4><em><strong><span style=\"color: #d45b33;\">El diagn\u00f3stico postula que la depresi\u00f3n se debe a una -deficiencia funcional de la noradrenalina en las sinapsis cerebrales, (deficiencia de un liquido cerebral)-. <\/span><\/strong><\/em><\/h4>\n<h4><span style=\"color: #d45b33;\"><em><strong>Uno de los hallazgos que refuerzan esta teor\u00eda es que la privaci\u00f3n del sue\u00f1o, concretamente de REM, (la fase del sue\u00f1o durante la que suceden los sue\u00f1os m\u00e1s intensos), tiene efectos antidepresivos y esto se debe a un cambio en los mensajes de los neurotransmisores del cerebro.<\/strong><\/em><\/span><\/h4>\n<h4><em><strong><span style=\"color: #993366;\"><span style=\"color: #808000;\">\u2217 -La serotonina- (liquido cerebral),<\/span> <span style=\"color: #d45b33;\">juega un papel muy importante de regulaci\u00f3n del equilibrio de nuestro cuerpo, modulando la activaci\u00f3n excesiva. El d\u00e9ficit de este neurotransmisor acompa\u00f1ado de d\u00e9ficit funcional de otro componente cerebral llamado<\/span><span style=\"color: #808000;\"> -catecolamina-<\/span> <span style=\"color: #d45b33;\">puede provocar un estado depresivo.<\/span><\/span><br \/>\n<\/strong><\/em><\/h4>\n<blockquote>\n<h3 style=\"text-align: center;\"><span style=\"color: #83a321;\"><em><strong>En la Depresi\u00f3n End\u00f3gena,<br \/>\nexisten diferentes s\u00edntomas y no todo el mundo padece los mismos, pero la sintomatolog\u00eda t\u00edpica es:<\/strong><\/em><\/span><\/h3>\n<h4><strong><span style=\"color: #83a321;\"><em>S\u00edntomas an\u00edmicos:<\/em><\/span> <span style=\"color: #d45b33;\"><em>la tristeza es el s\u00edntoma por excelencia de la depresi\u00f3n<\/em><\/span><\/strong><span style=\"color: #d45b33;\"><em>. <strong>Tambi\u00e9n puede cursar con irritabilidad, sensaci\u00f3n de vac\u00edo o nerviosismo. Existe una marcada reducci\u00f3n de emociones positivas.<\/strong><\/em><\/span><\/h4>\n<h4><em><strong><span style=\"color: #83a321;\">S\u00edntomas motivacionales y conductuales:<\/span> <span style=\"color: #d45b33;\">estado general de inhibici\u00f3n que se traduce en apat\u00eda, indiferencia.<\/span><\/strong><\/em><\/h4>\n<h4><em><strong><span style=\"color: #83a321;\">S\u00edntomas cognitivos: <\/span><span style=\"color: #d45b33;\">se ve alterada la memoria, la atenci\u00f3n y la capacidad de concentraci\u00f3n. Adem\u00e1s, el contenido de las cogniciones est\u00e1 alterado por<\/span><\/strong><\/em><span style=\"color: #d45b33;\"><strong><em> la autodepreciaci\u00f3n, autoinculpaci\u00f3n y p\u00e9rdida de autoestima que aparecen.<\/em><\/strong><\/span><\/h4>\n<h4><em><strong><span style=\"color: #83a321;\">S\u00edntomas f\u00edsicos: <\/span><span style=\"color: #d45b33;\">son habituales los problemas con el sue\u00f1o como el insomnio o la hipersomnia. Tambi\u00e9n pueden aparecer la fatiga, \u00a0la p\u00e9rdida de apetito, \u00a0una disminuci\u00f3n de actividades y del deseo sexual.<\/span><\/strong><\/em><\/h4>\n<h4><em><strong><span style=\"color: #83a321;\">S\u00edntomas interpersonales:<\/span> <span style=\"color: #d45b33;\">hay un grave deterioro en las relaciones interpersonales, llegando incluso al aislamiento. <\/span><\/strong><\/em><span style=\"color: #ab3e1a;\"><strong><em><span style=\"color: #d45b33;\">Aunque estos s\u00edntomas pueden presentarse en cualquiera de los tipos de depresi\u00f3n mayor, existen algunas diferencias en la forma de presentaci\u00f3n de los s\u00edntomas y sobre todo en la intensidad.<\/span><\/em><\/strong><\/span><\/h4>\n<\/blockquote>\n<h4><strong><em><span style=\"color: #0000ff;\"><span style=\"color: #83a321;\">La depresi\u00f3n mayor ya sea -reactiva- o <\/span><span style=\"color: #008000;\"><span style=\"color: #83a321;\">-end\u00f3gena-,<\/span><\/span><\/span><span style=\"color: #993366;\"><span style=\"color: #d45b33;\">es incapacitante y dificulta las relaciones sociales y el desempe\u00f1o laboral, aunque<\/span> <span style=\"color: #83a321;\">-la end\u00f3gena-,<\/span> <span style=\"color: #d45b33;\">suele revestir mayor gravedad.<\/span><\/span><\/em><\/strong><\/h4>\n<h4><strong><em><span style=\"color: #83a321;\">S\u00edntomas propios de la depresi\u00f3n end\u00f3gena.<\/span> <span style=\"color: #d45b33;\">A pesar de que ambos tipos de depresi\u00f3n (-reactiva- y -end\u00f3gena-) comparten en mayor medida la sintomatolog\u00eda, tambi\u00e9n existen diferencias. <\/span><\/em><\/strong><\/h4>\n<h4><em><strong><span style=\"color: #83a321;\">Las depresiones end\u00f3genas: <\/span><span style=\"color: #d45b33;\">tienen mayor sintomatolog\u00eda vegetativa<\/span><\/strong><span style=\"color: #ab3e1a;\"><span style=\"color: #d45b33;\"><strong>,<\/strong><\/span><strong><span style=\"color: #d45b33;\"> por ejemplo, taquicardia. Los s\u00edntomas son m\u00e1s graves, con mayor probabilidad de pensamientos suicidas.<\/span><\/strong><\/span><\/em><\/h4>\n<h4><span style=\"color: #d45b33;\"><em><strong>Adem\u00e1s en la mayor\u00eda de los casos es posible identificar una variaci\u00f3n estacional de los s\u00edntomas y un despertar temprano. <\/strong><\/em><\/span><\/h4>\n<h4><span style=\"color: #d45b33;\"><em><strong>Se da una tristeza m\u00e1s intensa, intrusiva, desproporcionada y penetrante. Adem\u00e1s, la tristeza va acompa\u00f1ada de una marcada anhedonia, o lo que es lo mismo, incapacidad para sentir placer. Hay una p\u00e9rdida de reactividad, no se consigue reaccionar emocionalmente ante sucesos positivos importantes.<\/strong><\/em><\/span><\/h4>\n<h3 style=\"text-align: center;\"><em><strong><span style=\"color: #83a321;\">La tristeza end\u00f3gena:<br \/>\nno es modificable de manera voluntaria, a pesar<br \/>\nde realizar esfuerzos. Al no existir ninguna causa identificable sobre la que se pueda centrar la terapia, <\/span><span style=\"color: #666699;\"><span style=\"color: #83a321;\">-los f\u00e1rmacos son la primera elecci\u00f3n de tratamiento-<\/span><\/span><\/strong><\/em><\/h3>\n<h4><span style=\"color: #d45b33;\"><em><strong>La buena noticia respecto a este tipo de depresi\u00f3n es que responde muy bien a los antidepresivos. Combinar la terapia farmacol\u00f3gica con la intervenci\u00f3n psicol\u00f3gica, puede ser la mejor herramienta para abordar el problema y es sin duda la que aconsejamos.<\/strong><\/em><\/span><\/h4>\n<p><span style=\"color: #83a321;\"><br \/>\nArtista-Cassandra Barney<\/span><\/p><\/blockquote>\n<h4><span style=\"color: #008080;\"><em><strong>Busque ayuda inmediatamente si:<\/strong><\/em><\/span><br \/>\n<span style=\"color: #008080;\"><em><strong>Se siente abrumado.<\/strong><\/em><\/span><br \/>\n<span style=\"color: #008080;\"><em><strong>\u2028Est\u00e1 pensando en hacerse da\u00f1o o en da\u00f1ar a otra persona.<\/strong><\/em><\/span><br \/>\n<span style=\"color: #008080;\"><em><strong>Es incapaz de controlar su comportamiento.<\/strong><\/em><\/span><br \/>\n<span style=\"color: #008080;\"><em><strong>Tiene otros s\u00edntomas muy angustiantes de trastorno<\/strong><\/em><\/span><br \/>\n<span style=\"color: #008080;\"><em><strong>de estr\u00e9s postraum\u00e1tico.<\/strong><\/em><\/span><\/h4>\n<h4><span style=\"color: #ba38cf;\"><em><strong>EN CASO NECESARIO:<\/strong><\/em><\/span><br \/>\n<span style=\"color: #ba38cf;\"><em><strong>Llame a su m\u00e9dico.<\/strong><\/em><\/span><br \/>\n<span style=\"color: #ba38cf;\"><em><strong>Lla<span style=\"color: #ba38cf;\">me al 911 para servicios de emergencia\u2028 o vaya<\/span><\/strong><\/em><\/span><br \/>\n<span style=\"color: #ba38cf;\"><em><strong>a la sala de emergencias m\u00e1s cercana.<\/strong><\/em><\/span><br \/>\n<span style=\"color: #ba38cf;\"><em><strong>En un caso de emergencia, puede llamar a:<\/strong><\/em><\/span><br \/>\n<span style=\"color: #ba38cf;\"><em><strong>SAPTEL \u201cSistema Nacional de Apoyo, Consejo \u2028Psicol\u00f3gico<\/strong><\/em><\/span><br \/>\n<span style=\"color: #ba38cf;\"><em><strong>e Intervenci\u00f3n en Crisis por Tel\u00e9fono\u201d<\/strong><\/em><\/span><br \/>\n<span style=\"color: #ba38cf;\"><em><strong>(Cruz Roja Mexicana\u2013 24 Hrs.) sin costo<\/strong><\/em><\/span><\/h4>\n<h4><span style=\"color: #ba38cf;\"><em><strong>SAPTEL<\/strong><\/em><\/span><br \/>\n<span style=\"color: #ba38cf;\"><em><strong>Av M\u00e9xico #37, Hip\u00f3dromo,<\/strong><\/em><\/span><br \/>\n<span style=\"color: #ba38cf;\"><em><strong>Cuauht\u00e9moc, Ciudad de M\u00e9xico.<\/strong><\/em><\/span><br \/>\n<span style=\"color: #ba38cf;\"><em><strong>Tel\u00e9fono:(55) 52598121<br \/>\n<span style=\"color: #ba38cf;\">E-mail: <a class=\"col1\" style=\"color: #ba38cf;\" href=\"https:\/\/www.saptel.org.mx\/contacto.html#\">saptel.crlyc@gmail.com<\/a><\/span><\/strong><\/em><\/span><\/h4>\n<\/blockquote>\n","protected":false},"excerpt":{"rendered":"<p>\u2014 Depresi\u00f3n End\u00f3gena\u00a0\u2014 \u2014 La depresi\u00f3n end\u00f3gena \u2014 Es un trastorno del estado de \u00e1nimo que se caracteriza por una marcada tristeza, desesperanza y apat\u00eda.. Pero la causa de la -depresi\u00f3n end\u00f3gena-, no se encuentra en una situaci\u00f3n externa desencadenante, sino que se debe a factores internos o psicobiol\u00f3gicos. La -Depresi\u00f3n End\u00f3gena- es causada por [&hellip;]<\/p>\n","protected":false},"author":2,"featured_media":0,"parent":0,"menu_order":0,"comment_status":"closed","ping_status":"closed","template":"","meta":[],"_links":{"self":[{"href":"https:\/\/www.ceadin.org\/b\/wp-json\/wp\/v2\/pages\/2722"}],"collection":[{"href":"https:\/\/www.ceadin.org\/b\/wp-json\/wp\/v2\/pages"}],"about":[{"href":"https:\/\/www.ceadin.org\/b\/wp-json\/wp\/v2\/types\/page"}],"author":[{"embeddable":true,"href":"https:\/\/www.ceadin.org\/b\/wp-json\/wp\/v2\/users\/2"}],"replies":[{"embeddable":true,"href":"https:\/\/www.ceadin.org\/b\/wp-json\/wp\/v2\/comments?post=2722"}],"version-history":[{"count":0,"href":"https:\/\/www.ceadin.org\/b\/wp-json\/wp\/v2\/pages\/2722\/revisions"}],"wp:attachment":[{"href":"https:\/\/www.ceadin.org\/b\/wp-json\/wp\/v2\/media?parent=2722"}],"curies":[{"name":"wp","href":"https:\/\/api.w.org\/{rel}","templated":true}]}}