{"id":2533,"date":"2016-09-26T00:55:40","date_gmt":"2016-09-26T00:55:40","guid":{"rendered":"http:\/\/www.ceadin.org\/b\/?page_id=2533"},"modified":"2019-02-20T02:16:36","modified_gmt":"2019-02-20T02:16:36","slug":"expresiones-enganosas-dr-todos-no-tenemos-los-mismos-problemas","status":"publish","type":"page","link":"https:\/\/www.ceadin.org\/b\/expresiones-enganosas-dr-todos-no-tenemos-los-mismos-problemas\/","title":{"rendered":"EXPRESIONES ENGA\u00d1OSAS: -Dr: -Todos no tenemos los mismos problemas"},"content":{"rendered":"<blockquote>\n<h3 style=\"text-align: center;\"><span style=\"color: #0000ff;\"><em><strong><br \/>\n\u2217 Todos no tenemos los mismos problemas \u2014<br \/>\n<span style=\"color: #008000;\">Expresiones enga\u00f1osas.!<\/span><\/strong><\/em><\/span><br \/>\n<span style=\"color: #0000ff;\"><em><strong>\u2014 No siempre dicen, lo que quieres decir \u2014<\/strong><\/em><\/span><\/h3>\n<h3 style=\"text-align: center;\"><span style=\"color: #800000;\"><em><strong>La psicoterapia para aprender a vivir,<br \/>\nes una compleja tarea que toma<br \/>\ntoda la vida, y no siempre se logra el resultado deseado.<\/strong><\/em><\/span><\/h3>\n<h3 style=\"text-align: center;\"><em><strong><span style=\"color: #993366;\"><a href=\"http:\/\/www.ceadin.org\/b\/wp-content\/uploads\/2019\/02\/fred-calleri1.jpg\"><img decoding=\"async\" loading=\"lazy\" class=\"aligncenter size-full wp-image-5273\" src=\"http:\/\/www.ceadin.org\/b\/wp-content\/uploads\/2019\/02\/fred-calleri1.jpg\" alt=\"\" width=\"3499\" height=\"4892\" srcset=\"https:\/\/www.ceadin.org\/b\/wp-content\/uploads\/2019\/02\/fred-calleri1.jpg 3499w, https:\/\/www.ceadin.org\/b\/wp-content\/uploads\/2019\/02\/fred-calleri1-215x300.jpg 215w, https:\/\/www.ceadin.org\/b\/wp-content\/uploads\/2019\/02\/fred-calleri1-768x1074.jpg 768w, https:\/\/www.ceadin.org\/b\/wp-content\/uploads\/2019\/02\/fred-calleri1-732x1024.jpg 732w, https:\/\/www.ceadin.org\/b\/wp-content\/uploads\/2019\/02\/fred-calleri1-619x865.jpg 619w\" sizes=\"(max-width: 3499px) 100vw, 3499px\" \/><\/a> <\/span><\/strong><\/em><\/h3>\n<h3 style=\"text-align: center;\"><em><strong><span style=\"color: #800000;\">Esta psicoterapia fue escrita para<\/span> <span style=\"color: #008000;\">-Aprender a vivir-<\/span><br \/>\n<span style=\"color: #800000;\">Ojala usted logre ese prop\u00f3sito..!<\/span><\/strong><\/em><\/h3>\n<h4><em><strong><span style=\"color: #800000;\">Es un esfuerzo m\u00e1s en este sentido, en su lectura usted encontrar\u00e1 una serie de expresiones escritas con la exactitud con que fueron manifestadas por una gran cantidad de personas atendidas por m\u00ed durante un cuarto de siglo de pr\u00e1ctica profesional ininterrumpida,<\/span> <span style=\"color: #0000ff;\">-ellas reflejan mecanismos reactivo-adaptativos- que conspiran contra el crecimiento personal de quienes las pronuncian, como-:<\/span><\/strong><\/em><\/h4>\n<h3 style=\"text-align: center;\"><em><strong><span style=\"color: #008000;\">Las encargadas de justificar un<\/span> <span style=\"color: #0000ff;\">-comportamiento anormal,<\/span><br \/>\n<span style=\"color: #0000ff;\"> las de defensa para culpar a otros de lo que les ocurre por su propia manera de comportarse-,<\/span> <span style=\"color: #008000;\">e impiden la introspecci\u00f3n,<\/span><br \/>\n<span style=\"color: #008000;\"> las que obstaculizan alcanzar el autoconocimiento y las que hacen m\u00e1s<\/span><br \/>\n<span style=\"color: #008000;\"> dif\u00edcil la soluci\u00f3n de las dificultades\u2026<\/span><\/strong><\/em><\/h3>\n<h3 style=\"text-align: center;\">\u00a0<em><strong><span style=\"color: #993366;\"><span style=\"color: #0000ff;\">\u2217<\/span> <\/span><\/strong><\/em><span style=\"color: #0000ff;\"><em><strong>Todos no tenemos los mismos problemas \u2014<br \/>\n<\/strong><\/em><\/span><\/h3>\n<h4 style=\"text-align: left;\"><span style=\"color: #008000;\"><em><strong><span style=\"color: #800000;\">Aqu\u00ed puede encerrarse un mensaje v\u00e1lido de car\u00e1cter universal, pero es tambi\u00e9n un<\/span> <span style=\"color: #0000ff;\">-mecanismo defensivo-<\/span><span style=\"color: #800000;\"> utilizado por aquellas personas a quienes se les se\u00f1ala que las actitudes que han adoptado para resolver alguna situaci\u00f3n, pueden demandar otras maneras m\u00e1s eficaces de afrontamiento.<\/span><\/strong> <\/em><\/span><\/h4>\n<h3 style=\"text-align: center;\"><span style=\"color: #008000;\"><em><strong>Entonces dejan entrever que han actuado bien, pero<br \/>\nsus problemas son mayores que los de los dem\u00e1s, o son incomparables.<\/strong><\/em><\/span><\/h3>\n<h4><span style=\"color: #008000;\"><em><strong><span style=\"color: #800000;\">Somos seres humanos diferentes y realmente todos no tenemos los mismos problemas.<\/span> <span style=\"color: #0000ff;\">-Pero \u00e9stos pueden ser clasificados en diversas categor\u00edas y ya no son tan dis\u00edmiles, como por ejemplo-: <\/span><\/strong><\/em><\/span><\/h4>\n<h4><span style=\"color: #800000;\"><em><strong>-Escolares, laborales, amorosos, familiares, paterno-filiales, con las figuras representativas de autoridad, de salud f\u00edsica, de salud mental, de vivienda, econ\u00f3micos y un largo etc\u00e9tera-.<\/strong> <\/em><\/span><\/h4>\n<h4 style=\"text-align: left;\"><em><strong><span style=\"color: #008000;\">En este sentido, cada categor\u00eda<br \/>\nde ellos puede ser subclasificado en otros tantos:<\/span> <\/strong><\/em><\/h4>\n<h4><span style=\"color: #993366;\"><em><strong><span style=\"color: #0000ff;\">-Los escolares- <\/span><span style=\"color: #800000;\">tratar\u00edan las cuestiones relacionadas con el rendimiento acad\u00e9mico, con la asistencia y puntualidad, con la relaci\u00f3n alumno-profesor, etc.<\/span><\/strong> <\/em><\/span><\/h4>\n<h4><span style=\"color: #993366;\"><em><strong><span style=\"color: #0000ff;\">-Y estas subcategor\u00edas podr\u00edan ser analizadas por partes-, <\/span><span style=\"color: #800000;\">de manera que el problema escolar con el rendimiento acad\u00e9mico consiste en dificultades con las matem\u00e1ticas, espec\u00edficamente la sustracci\u00f3n.<\/span><\/strong> <\/em><\/span><\/h4>\n<h3 style=\"text-align: center;\"><span style=\"color: #008000;\"><em><strong>Y a\u00fan se puede continuar<br \/>\nla especificaci\u00f3n, refiri\u00e9ndose a cu\u00e1l tipo de dificultad<br \/>\npresenta el estudiante.<\/strong> <\/em><\/span><\/h3>\n<h4><span style=\"color: #800000;\"><em><strong>Y al final, veremos que este inconveniente lo tienen muchos otros estudiantes de diferentes grados o incluso de la misma aula. A pesar de tratarse de alumnos diferentes los problemas son similares.<\/strong><\/em><\/span><\/h4>\n<h4 style=\"text-align: left;\"><span style=\"color: #008000;\"><em><strong>\u00bfEn qu\u00e9 consiste la defensa en esta expresi\u00f3n?<\/strong><\/em><\/span><br \/>\n<span style=\"color: #800000;\"> <em><strong> Simplemente, se detiene en la diversidad de ellos, que es la parte conflictiva de la situaci\u00f3n y no hace referencia a las soluciones efectivas para esas supuestas dificultades, lo cual ser\u00eda la parte positiva.<\/strong> <\/em><\/span><\/h4>\n<h4 style=\"text-align: left;\"><span style=\"color: #008000;\"><em><strong>Por tanto, si tratamos de ser lo m\u00e1s justos posible,<br \/>\nla sentencia pudiera ser:<\/strong><\/em><\/span><br \/>\n<span style=\"color: #0000ff;\"> <em><strong> -Todos no tenemos los mismos problemas, pero s\u00ed muy similares de solucionar,<br \/>\no bien, todos los problemas, por muy dis\u00edmiles que parezcan, tienen su soluci\u00f3n-.<\/strong><\/em><\/span><\/h4>\n<h4><span style=\"color: #008000;\"><em><strong><span style=\"color: #800000;\">(Es necesario aclarar que cuando me refiero a una soluci\u00f3n, incluyo dentro de esta categor\u00eda la aceptaci\u00f3n como forma de enfrentamiento a los asuntos insolubles, por ejemplo:<\/span> &#8211;<span style=\"color: #0000ff;\">la muerte de un ser querido, o la espera paciente cuando se trata de algunos cuya soluci\u00f3n no se consigue a corto o mediano plazo.-)<\/span><\/strong><\/em><\/span><\/h4>\n<h4><span style=\"color: #993366;\"><em><strong><span style=\"color: #800000;\">Y si usted se detiene en los problemas con una actitud contemplativa, o los utiliza para que lo aplasten o para justificar su inmovilismo,<\/span> <span style=\"color: #0000ff;\">-no s\u00f3lo se est\u00e1 defendiendo, sino que est\u00e1 participando activamente en su mantenimiento y por tanto en su malestar-.<\/span><\/strong> <\/em><\/span><\/h4>\n<h3 style=\"text-align: center;\"><span style=\"color: #0000ff;\"><em><strong>-No se defienda al considerar<br \/>\nlos suyos como \u00fanicos, m\u00faltiples, insolubles, dif\u00edciles- <\/strong><\/em><\/span><\/h3>\n<h4><span style=\"color: #800000;\"><em><strong>Luche contra ellos y piense en quienes los han tenido iguales o mayores que los de usted. Piense que otros en parecidas circunstancias han encontrado soluciones adecuadas, incluso con menos recursos y apoyo.<\/strong> <\/em><\/span><\/h4>\n<h3 style=\"text-align: center;\"><span style=\"color: #008000;\"><em><strong>La cuesti\u00f3n no radica en la cantidad de problemas,<\/strong><\/em><\/span><br \/>\n<span style=\"color: #008000;\"> <em><strong> sino en la diversidad de mecanismos satisfactorios para enfrentarlos,<\/strong><\/em><\/span><br \/>\n<span style=\"color: #008000;\"> <em><strong> en la capacidad para asumir las complejidades de la vida,<\/strong><\/em><\/span><br \/>\n<span style=\"color: #008000;\"> <em><strong> superarlas y utilizarlas a su favor.<\/strong><\/em><\/span><\/h3>\n<\/blockquote>\n<p>&nbsp;<\/p>\n<blockquote><p>Prof. Dr. Sergio Andr\u00e9s P\u00e9rez Barrero<br \/>\nArtista-Fred Callieri<\/p><\/blockquote>\n","protected":false},"excerpt":{"rendered":"<p>\u2217 Todos no tenemos los mismos problemas \u2014 Expresiones enga\u00f1osas.! \u2014 No siempre dicen, lo que quieres decir \u2014 La psicoterapia para aprender a vivir, es una compleja tarea que toma toda la vida, y no siempre se logra el resultado deseado. Esta psicoterapia fue escrita para -Aprender a vivir- Ojala usted logre ese prop\u00f3sito..! [&hellip;]<\/p>\n","protected":false},"author":2,"featured_media":0,"parent":0,"menu_order":0,"comment_status":"closed","ping_status":"closed","template":"","meta":[],"_links":{"self":[{"href":"https:\/\/www.ceadin.org\/b\/wp-json\/wp\/v2\/pages\/2533"}],"collection":[{"href":"https:\/\/www.ceadin.org\/b\/wp-json\/wp\/v2\/pages"}],"about":[{"href":"https:\/\/www.ceadin.org\/b\/wp-json\/wp\/v2\/types\/page"}],"author":[{"embeddable":true,"href":"https:\/\/www.ceadin.org\/b\/wp-json\/wp\/v2\/users\/2"}],"replies":[{"embeddable":true,"href":"https:\/\/www.ceadin.org\/b\/wp-json\/wp\/v2\/comments?post=2533"}],"version-history":[{"count":0,"href":"https:\/\/www.ceadin.org\/b\/wp-json\/wp\/v2\/pages\/2533\/revisions"}],"wp:attachment":[{"href":"https:\/\/www.ceadin.org\/b\/wp-json\/wp\/v2\/media?parent=2533"}],"curies":[{"name":"wp","href":"https:\/\/api.w.org\/{rel}","templated":true}]}}