{"id":2530,"date":"2016-09-26T00:26:09","date_gmt":"2016-09-26T00:26:09","guid":{"rendered":"http:\/\/www.ceadin.org\/b\/?page_id=2530"},"modified":"2019-02-20T02:16:55","modified_gmt":"2019-02-20T02:16:55","slug":"expresiones-enganosas-dr-el-mejor-psiquiatra-es-uno-mismo","status":"publish","type":"page","link":"https:\/\/www.ceadin.org\/b\/expresiones-enganosas-dr-el-mejor-psiquiatra-es-uno-mismo\/","title":{"rendered":"EXPRESIONES ENGA\u00d1OSAS: Dr: -El mejor psiquiatra es uno mismo"},"content":{"rendered":"<h3 style=\"text-align: center;\"><\/h3>\n<blockquote>\n<h3 style=\"text-align: center;\"><em><strong><span style=\"color: #0000ff;\"><br \/>\n\u2217 El mejor psiquiatra, es uno mismo<\/span><br \/>\n<span style=\"color: #008000;\">Expresiones enga\u00f1osas.!<\/span><\/strong><\/em><br \/>\n<span style=\"color: #0000ff;\"><em><strong>\u2014 No siempre dicen, lo que quieres decir \u2014<\/strong><\/em><\/span><\/h3>\n<h3 style=\"text-align: center;\"><span style=\"color: #800000;\"><em><strong>La psicoterapia para aprender a vivir,<br \/>\nes una compleja tarea que toma<br \/>\ntoda la vida, y no siempre se logra el resultado deseado.<\/strong><\/em><\/span><\/h3>\n<h3 style=\"text-align: center;\"><a href=\"http:\/\/www.ceadin.org\/b\/wp-content\/uploads\/2019\/02\/fred-calleri-More-Trees-Please_s.jpg\"><img decoding=\"async\" loading=\"lazy\" class=\"aligncenter size-full wp-image-5279\" src=\"http:\/\/www.ceadin.org\/b\/wp-content\/uploads\/2019\/02\/fred-calleri-More-Trees-Please_s.jpg\" alt=\"\" width=\"1000\" height=\"1335\" srcset=\"https:\/\/www.ceadin.org\/b\/wp-content\/uploads\/2019\/02\/fred-calleri-More-Trees-Please_s.jpg 1000w, https:\/\/www.ceadin.org\/b\/wp-content\/uploads\/2019\/02\/fred-calleri-More-Trees-Please_s-225x300.jpg 225w, https:\/\/www.ceadin.org\/b\/wp-content\/uploads\/2019\/02\/fred-calleri-More-Trees-Please_s-768x1025.jpg 768w, https:\/\/www.ceadin.org\/b\/wp-content\/uploads\/2019\/02\/fred-calleri-More-Trees-Please_s-767x1024.jpg 767w, https:\/\/www.ceadin.org\/b\/wp-content\/uploads\/2019\/02\/fred-calleri-More-Trees-Please_s-619x826.jpg 619w\" sizes=\"(max-width: 1000px) 100vw, 1000px\" \/><\/a><em><strong><span style=\"color: #800000;\">Esta psicoterapia fue escrita para<\/span> <span style=\"color: #008000;\">-Aprender a vivir-<\/span><\/strong><\/em><br \/>\n<span style=\"color: #800000;\"><em><strong>Ojala usted logre ese prop\u00f3sito..!<\/strong><\/em><\/span><\/h3>\n<\/blockquote>\n<blockquote>\n<h4><em><strong><span style=\"color: #800000;\">Es un esfuerzo m\u00e1s en este sentido, en su lectura usted encontrar\u00e1 una serie de expresiones escritas con la exactitud con que fueron manifestadas por una gran cantidad de personas atendidas por m\u00ed durante un cuarto de siglo de pr\u00e1ctica profesional ininterrumpida,<\/span><span style=\"color: #0000ff;\"> -ellas reflejan mecanismos reactivo-adaptativos- que conspiran contra el crecimiento personal de quienes las pronuncian, como-:<\/span><\/strong><\/em><\/h4>\n<h3 style=\"text-align: center;\"><em><strong><span style=\"color: #008000;\">Las encargadas de justificar un<\/span> <span style=\"color: #0000ff;\">-comportamiento anormal,<\/span><br \/>\n<span style=\"color: #0000ff;\"> las de defensa para culpar a otros de lo que les ocurre por su propia manera de comportarse-,<\/span> <span style=\"color: #008000;\">e impiden la introspecci\u00f3n,<\/span><br \/>\n<span style=\"color: #008000;\"> las que obstaculizan alcanzar el autoconocimiento y las que hacen m\u00e1s<\/span><br \/>\n<span style=\"color: #008000;\"> dif\u00edcil la soluci\u00f3n de las dificultades\u2026<\/span><\/strong><\/em><\/h3>\n<\/blockquote>\n<h3 style=\"text-align: center;\"><span style=\"color: #0000ff;\">\u00a0\u2217 <em><strong>El mejor psiquiatra es uno mismo<\/strong><\/em><\/span><\/h3>\n<blockquote>\n<h4 style=\"text-align: left;\"><span style=\"color: #008000;\"><em><strong><span style=\"color: #800000;\">As\u00ed dicen personas que sufren, con la pretensi\u00f3n de enfrentar su pesar, o sus allegados para estimularlas.<\/span><span style=\"color: #0000ff;\"> &#8211;<\/span><\/strong><\/em><\/span><span style=\"color: #008000;\"><em><strong><span style=\"color: #0000ff;\">Sin embargo, es una de las expresiones m\u00e1s peligrosas que he escuchado-<\/span>,<\/strong><\/em><\/span><br \/>\n<span style=\"color: #800000;\"> <em><strong> pues su repercusi\u00f3n en la salud mental del falso psiquiatra, puede traer males mayores.<\/strong><\/em><\/span><\/h4>\n<h4><span style=\"color: #800000;\"><em><strong><span style=\"color: #0000ff;\">-En primer lugar, revela niveles nada despreciables de autosuficiencia en quienes la pronuncian-,<\/span> pues ser psiquiatra significa haber logrado vencer, tras a\u00f1os de estudios universitarios, unos contenidos cient\u00edficos que conforman el cuerpo de conocimientos de esa especialidad m\u00e9dica, adem\u00e1s de un m\u00ednimo de aptitudes para lograrlo. <span style=\"color: #0000ff;\">-No es posible asumir dicho papel sin una preparaci\u00f3n previa-.<\/span><\/strong><\/em><\/span><\/h4>\n<h4><span style=\"color: #993366;\"><span style=\"color: #008000;\"><em><strong><span style=\"color: #0000ff;\">-Detr\u00e1s de ella se esconde un real temor a los psiquiatras, a la psiquiatr\u00eda y por a\u00f1adidura a la enfermedad mental-,<\/span> <span style=\"color: #800000;\">un intento de evitar el contacto con este profesional ya que si<\/span> <span style=\"color: #0000ff;\">-el mejor psiquiatra es uno mismo-,<\/span> <span style=\"color: #800000;\">no hay necesidad alguna de ir a uno de verdad. <\/span><\/strong><\/em><\/span><span style=\"color: #0000ff;\"><em><strong>&#8211;<\/strong><\/em><em><strong>Este miedo encubierto denota no estar en su sano juicio, o una escasa cultura m\u00e9dica-.<\/strong><\/em><\/span><\/span><\/h4>\n<h4><span style=\"color: #993366;\"><em><strong><span style=\"color: #0000ff;\">-Pretende, adem\u00e1s, minimizar la ayuda que estos profesionales pueden ofrecer en pro del restablecimiento de su salud-. <\/span><span style=\"color: #800000;\">En mi opini\u00f3n, usted no puede y no debe ser su psiquiatra aunque lo fuera, pues un psiquiatra no debe ni puede ser su propio terapeuta. Y digo m\u00e1s, no debe serlo ni siquiera de sus allegados, pues la proximidad afectiva distorsionar\u00eda sus decisiones.<\/span><\/strong><\/em><\/span><\/h4>\n<h3><span style=\"color: #0000ff;\"><em><strong>Llama la atenci\u00f3n que a nadie se le ocurre decir:<\/strong><\/em><\/span><br \/>\n<span style=\"color: #0000ff;\">\u00a0\u00a0\u00a0\u00a0\u00a0\u00a0\u00a0\u00a0 \u00a0 \u00a0 \u00a0 \u00a0\u00a0 <em><strong> -el mejor cirujano es uno mismo-<\/strong><\/em><\/span><br \/>\n<span style=\"color: #0000ff;\">\u00a0\u00a0\u00a0\u00a0\u00a0\u00a0\u00a0\u00a0\u00a0\u00a0\u00a0\u00a0\u00a0\u00a0\u00a0\u00a0\u00a0\u00a0\u00a0\u00a0\u00a0\u00a0\u00a0\u00a0\u00a0\u00a0\u00a0\u00a0\u00a0\u00a0\u00a0\u00a0 \u00a0 \u00a0 \u00a0 \u00a0 \u00a0 \u00a0 <em><strong> -el mejor cardi\u00f3logo es uno mismo-<\/strong><\/em><\/span><br \/>\n<span style=\"color: #0000ff;\">\u00a0\u00a0\u00a0\u00a0\u00a0\u00a0\u00a0\u00a0\u00a0\u00a0\u00a0\u00a0\u00a0\u00a0\u00a0\u00a0\u00a0\u00a0\u00a0\u00a0\u00a0\u00a0\u00a0\u00a0\u00a0\u00a0\u00a0\u00a0\u00a0\u00a0\u00a0\u00a0\u00a0\u00a0\u00a0\u00a0\u00a0\u00a0\u00a0\u00a0\u00a0\u00a0\u00a0\u00a0\u00a0\u00a0\u00a0\u00a0\u00a0\u00a0\u00a0\u00a0\u00a0\u00a0 \u00a0 \u00a0 \u00a0 \u00a0 \u00a0 \u00a0 <em><strong> -el mejor neur\u00f3logo es uno mismo- etc.<\/strong><\/em><\/span><\/h3>\n<h4><span style=\"color: #993366;\"><em><strong><span style=\"color: #800000;\">No se trata de especialidades m\u00e1s respetadas que la psiquiatr\u00eda, ni de mayor complejidad, pero s\u00ed de un desconocimiento mayor de ella, considerada por muchos<\/span> <span style=\"color: #0000ff;\">-una especialidad para atender a los -locos-.<\/span><\/strong><\/em><\/span><\/h4>\n<h4><span style=\"color: #008000;\"><em><strong>Por tanto, en la medida en que una<br \/>\npersona posponga el momento de asistir al psiquiatra tendr\u00e1-:<\/strong><\/em><\/span><br \/>\n<span style=\"text-decoration: underline; color: #0000ff;\"> <em><strong> 1.- Mayor tiempo de sufrimiento,<\/strong><\/em><\/span><br \/>\n<span style=\"text-decoration: underline; color: #0000ff;\"> <em><strong> 2.- M\u00e1s tiempo de evoluci\u00f3n de la enfermedad que lo aqueja,<\/strong><\/em><\/span><br \/>\n<span style=\"text-decoration: underline; color: #0000ff;\"> <em><strong> 3.- Mayor demora en la implantaci\u00f3n de un tratamiento efectivo y<\/strong><\/em><\/span><br \/>\n<span style=\"text-decoration: underline; color: #0000ff;\"> <em><strong> 4.- puede llegar a convertirse en un padecimiento cr\u00f3nico por no tomar una medida oportuna.<\/strong><\/em><\/span><\/h4>\n<\/blockquote>\n<h3 style=\"text-align: center;\"><span style=\"color: #0000ff;\"><em><strong>El mejor psiquiatra no es usted.<\/strong><\/em><\/span><\/h3>\n<h3 style=\"text-align: center;\"><span style=\"color: #008000;\"><em><strong><span style=\"color: #800000;\">\u2014 Es aquel que usted elija, y en el cual deposite su confianza \u2014<\/span><br \/>\n<\/strong><\/em><\/span><\/h3>\n<p>&nbsp;<\/p>\n<blockquote><p>Prof. Dr. Sergio Andr\u00e9s P\u00e9rez Barrero<br \/>\nArtista-Fred Calleri<\/p><\/blockquote>\n","protected":false},"excerpt":{"rendered":"<p>\u2217 El mejor psiquiatra, es uno mismo Expresiones enga\u00f1osas.! \u2014 No siempre dicen, lo que quieres decir \u2014 La psicoterapia para aprender a vivir, es una compleja tarea que toma toda la vida, y no siempre se logra el resultado deseado. Esta psicoterapia fue escrita para -Aprender a vivir- Ojala usted logre ese prop\u00f3sito..! Es [&hellip;]<\/p>\n","protected":false},"author":2,"featured_media":0,"parent":0,"menu_order":0,"comment_status":"closed","ping_status":"closed","template":"","meta":[],"_links":{"self":[{"href":"https:\/\/www.ceadin.org\/b\/wp-json\/wp\/v2\/pages\/2530"}],"collection":[{"href":"https:\/\/www.ceadin.org\/b\/wp-json\/wp\/v2\/pages"}],"about":[{"href":"https:\/\/www.ceadin.org\/b\/wp-json\/wp\/v2\/types\/page"}],"author":[{"embeddable":true,"href":"https:\/\/www.ceadin.org\/b\/wp-json\/wp\/v2\/users\/2"}],"replies":[{"embeddable":true,"href":"https:\/\/www.ceadin.org\/b\/wp-json\/wp\/v2\/comments?post=2530"}],"version-history":[{"count":0,"href":"https:\/\/www.ceadin.org\/b\/wp-json\/wp\/v2\/pages\/2530\/revisions"}],"wp:attachment":[{"href":"https:\/\/www.ceadin.org\/b\/wp-json\/wp\/v2\/media?parent=2530"}],"curies":[{"name":"wp","href":"https:\/\/api.w.org\/{rel}","templated":true}]}}