{"id":2526,"date":"2016-09-26T00:03:15","date_gmt":"2016-09-26T00:03:15","guid":{"rendered":"http:\/\/www.ceadin.org\/b\/?page_id=2526"},"modified":"2019-02-20T02:17:20","modified_gmt":"2019-02-20T02:17:20","slug":"expresiones-enganosas-dr-yo-le-iba-a-explicar-lo-que-a-el-le-ocurre-porque-el-no-se-sabe-expresar","status":"publish","type":"page","link":"https:\/\/www.ceadin.org\/b\/expresiones-enganosas-dr-yo-le-iba-a-explicar-lo-que-a-el-le-ocurre-porque-el-no-se-sabe-expresar\/","title":{"rendered":"EXPRESIONES ENGA\u00d1OSAS: Dr: -Yo le iba a explicar lo que a \u00e9l le ocurre, porque \u00e9l no se sabe expresar"},"content":{"rendered":"<h3 style=\"text-align: center;\"><\/h3>\n<h3 style=\"text-align: center;\"><em><strong><span style=\"color: #0000ff;\">\u2217 Dr: Yo le iba a explicar lo que a \u00e9l le ocurre,<br \/>\nporque \u00e9l no se sabe expresar \u2014<br \/>\n<\/span><\/strong><\/em><\/h3>\n<h3 style=\"text-align: center;\"><em><strong><span style=\"color: #0000ff;\"><span style=\"color: #008000;\">Expresiones enga\u00f1osas.!<\/span><\/span><\/strong><\/em><br \/>\n<span style=\"color: #0000ff;\"><em><strong>\u2014 No siempre dicen, lo que quieres decir \u2014<\/strong><\/em><\/span><\/h3>\n<blockquote>\n<h3 style=\"text-align: center;\"><span style=\"color: #800000;\"><em><strong>La psicoterapia para aprender a vivir,<br \/>\nes una compleja tarea que toma<br \/>\ntoda la vida, y no siempre se logra el resultado deseado.<\/strong><\/em><\/span><\/h3>\n<h3 style=\"text-align: center;\"><a href=\"http:\/\/www.ceadin.org\/b\/wp-content\/uploads\/2019\/02\/fred-calleri-Sailors-Prayer.jpg\"><img decoding=\"async\" loading=\"lazy\" class=\"aligncenter size-full wp-image-5291\" src=\"http:\/\/www.ceadin.org\/b\/wp-content\/uploads\/2019\/02\/fred-calleri-Sailors-Prayer.jpg\" alt=\"\" width=\"1250\" height=\"990\" srcset=\"https:\/\/www.ceadin.org\/b\/wp-content\/uploads\/2019\/02\/fred-calleri-Sailors-Prayer.jpg 1250w, https:\/\/www.ceadin.org\/b\/wp-content\/uploads\/2019\/02\/fred-calleri-Sailors-Prayer-300x238.jpg 300w, https:\/\/www.ceadin.org\/b\/wp-content\/uploads\/2019\/02\/fred-calleri-Sailors-Prayer-768x608.jpg 768w, https:\/\/www.ceadin.org\/b\/wp-content\/uploads\/2019\/02\/fred-calleri-Sailors-Prayer-1024x811.jpg 1024w, https:\/\/www.ceadin.org\/b\/wp-content\/uploads\/2019\/02\/fred-calleri-Sailors-Prayer-619x490.jpg 619w\" sizes=\"(max-width: 1250px) 100vw, 1250px\" \/><\/a><em><strong><span style=\"color: #800000;\">Esta psicoterapia fue escrita para<\/span> <span style=\"color: #008000;\">-Aprender a vivir-<\/span><br \/>\n<span style=\"color: #800000;\">Ojala usted logre ese prop\u00f3sito..!<\/span><\/strong><\/em><\/h3>\n<h4><em><strong><span style=\"color: #800000;\">Es un esfuerzo m\u00e1s en este sentido, en su lectura usted encontrar\u00e1 una serie de expresiones escritas con la exactitud con que fueron manifestadas por una gran cantidad de personas atendidas por m\u00ed durante un cuarto de siglo de pr\u00e1ctica profesional ininterrumpida,<\/span> <span style=\"color: #0000ff;\">-ellas reflejan mecanismos reactivo-adaptativos- que conspiran contra el crecimiento personal de quienes las pronuncian, como-:<\/span><\/strong><\/em><\/h4>\n<h3 style=\"text-align: center;\"><em><strong><span style=\"color: #008000;\">Las encargadas de justificar un<\/span> <span style=\"color: #0000ff;\">-comportamiento anormal,<\/span><br \/>\n<span style=\"color: #0000ff;\"> las de defensa para culpar a otros de lo que les ocurre por su propia manera de comportarse-,<\/span> <span style=\"color: #008000;\">e impiden la introspecci\u00f3n,<\/span><br \/>\n<span style=\"color: #008000;\"> las que obstaculizan alcanzar el autoconocimiento y las que hacen m\u00e1s<\/span><br \/>\n<span style=\"color: #008000;\"> dif\u00edcil la soluci\u00f3n de las dificultades\u2026<\/span><\/strong><\/em><\/h3>\n<\/blockquote>\n<h3 style=\"text-align: center;\"><span style=\"color: #0000ff;\"><em><strong>\u2217 <\/strong><\/em><em><strong>Dr. yo le iba a explicar lo que a \u00e9l le ocurre,<br \/>\nporque \u00e9l no se sabe expresar &#8211;<\/strong><\/em><\/span><\/h3>\n<blockquote>\n<h3 style=\"text-align: center;\"><span style=\"color: #008000;\"><em><strong>As\u00ed exponen con frecuencia quienes hacen todo lo posible<br \/>\npor llevar la voz cantante en el consultorio,<br \/>\ny la entrevista es el <span style=\"color: #0000ff;\">-momento id\u00f3neo para plantear sus<\/span><br \/>\n<span style=\"color: #0000ff;\"> juicios sobre lo que est\u00e1 experimentando su ser querido-.<\/span><\/strong><\/em><\/span><\/h3>\n<h4><span style=\"color: #800000;\"><em><strong>No dudo del valor de las opiniones de los familiares, que ayudan como informaci\u00f3n complementaria, a conformar un juicio mucho m\u00e1s cercano a la realidad. Mientras m\u00e1s fuentes de informaci\u00f3n se tengan, m\u00e1s conoceremos al sujeto que recaba nuestra ayuda.<\/strong><\/em><\/span><\/h4>\n<h4><span style=\"color: #800000;\"><em><strong>Ahora bien, a veces sucede que determinados familiares, por lo general muy vinculados afectivamente al necesitado de ayuda, comienzan a darnos todos los detalles, sin siquiera permitirnos intercambiar unas palabras iniciales con el paciente.<\/strong> <\/em><\/span><\/h4>\n<h4 style=\"text-align: left;\"><span style=\"color: #800000;\"><em><strong>Si logramos conocer el nombre del que se supone deba recibir la consulta<\/strong><\/em><\/span><br \/>\n<span style=\"color: #800000;\"> <em><strong> y le hacemos una pregunta, como por ejemplo:<\/strong><\/em><\/span><br \/>\n<span style=\"color: #0000ff;\"> <em><strong> -\u00bfD\u00f3nde trabajas, Jos\u00e9?,<\/strong><\/em><\/span><br \/>\n<span style=\"color: #0000ff;\"> <em><strong> el pobre Jos\u00e9 es interrumpido por el familiar, quien responde:<\/strong><\/em><\/span><br \/>\n<span style=\"color: #0000ff;\"> <em><strong> \u00c9l trabaja como ascensorista, pero hace tres d\u00edas que no asiste a su trabajo-.<\/strong><\/em><\/span><\/h4>\n<h4><span style=\"color: #800000;\"><em><strong>Y as\u00ed sucesivamente. Y cuando le aclara que usted desea escuchar a Jos\u00e9, que la consulta es de Jos\u00e9, que quien est\u00e1 necesitado de ayuda es Jos\u00e9, entonces hacen el consabido pronunciamiento.<\/strong> <\/em><\/span><\/h4>\n<h4><span style=\"color: #800000;\"><em><strong>Y claro, Jos\u00e9 no se expresa no porque no sepa, sino porque no se lo permiten. Y nunca aprender\u00e1, mientras tenga alguien con una necesidad desmedida de protagonismo y de autoridad aberrante.<\/strong><\/em><\/span><\/h4>\n<h4><span style=\"color: #800000;\"><em><strong>Estos familiares son muy susceptibles, se duelen con facilidad y se sienten maltratados cuando se les pide hacer silencio, fundamental para el ejercicio m\u00e9dico de entrevistar al enfermo que sufre. Algunos persisten en sus prop\u00f3sitos de ser voceros de su representado y no queda otra alternativa que pedirles de favor dejarnos a solas con el paciente. \u00c9stos, por suerte, son los menos.<\/strong><\/em><\/span><\/h4>\n<h4><span style=\"color: #800000;\"><em><strong>Cuando usted quiere que alguien aprenda a expresarse, lo m\u00e1s l\u00f3gico es permitirle que lo haga por s\u00ed solo. Al principio no lo har\u00e1 bien, m\u00e1s tarde lo har\u00e1 menos mal, y finalmente ser\u00e1 capaz de tener una comunicaci\u00f3n fluida.<\/strong> <\/em><\/span><\/h4>\n<\/blockquote>\n<h3 style=\"text-align: center;\"><span style=\"color: #008000;\"><em><strong>El ensayo y el error, y la correcci\u00f3n del error y el nuevo ensayo,<\/strong><\/em><\/span><br \/>\n<span style=\"color: #008000;\"> <em><strong> facilitan un adecuado aprendizaje.<\/strong><\/em><\/span><\/h3>\n<blockquote>\n<h4><span style=\"color: #800000;\"><em><strong>Y ese aprendizaje debe facilitarse desde \u00e9pocas tempranas de la vida, permitiendo a los hijos describir sus dolencias, invit\u00e1ndolos a expresar sus criterios, pidi\u00e9ndoles su opini\u00f3n sobre determinados asuntos con el objetivo de lograr desarrollar su capacidad de comunicaci\u00f3n.<\/strong><\/em><\/span><\/h4>\n<\/blockquote>\n<p>&nbsp;<\/p>\n<blockquote><p>Prof. Dr. Sergio Andr\u00e9s P\u00e9rez Barrero<br \/>\nArtista-Fred Calleri<\/p><\/blockquote>\n","protected":false},"excerpt":{"rendered":"<p>\u2217 Dr: Yo le iba a explicar lo que a \u00e9l le ocurre, porque \u00e9l no se sabe expresar \u2014 Expresiones enga\u00f1osas.! \u2014 No siempre dicen, lo que quieres decir \u2014 La psicoterapia para aprender a vivir, es una compleja tarea que toma toda la vida, y no siempre se logra el resultado deseado. Esta [&hellip;]<\/p>\n","protected":false},"author":2,"featured_media":0,"parent":0,"menu_order":0,"comment_status":"closed","ping_status":"closed","template":"","meta":[],"_links":{"self":[{"href":"https:\/\/www.ceadin.org\/b\/wp-json\/wp\/v2\/pages\/2526"}],"collection":[{"href":"https:\/\/www.ceadin.org\/b\/wp-json\/wp\/v2\/pages"}],"about":[{"href":"https:\/\/www.ceadin.org\/b\/wp-json\/wp\/v2\/types\/page"}],"author":[{"embeddable":true,"href":"https:\/\/www.ceadin.org\/b\/wp-json\/wp\/v2\/users\/2"}],"replies":[{"embeddable":true,"href":"https:\/\/www.ceadin.org\/b\/wp-json\/wp\/v2\/comments?post=2526"}],"version-history":[{"count":0,"href":"https:\/\/www.ceadin.org\/b\/wp-json\/wp\/v2\/pages\/2526\/revisions"}],"wp:attachment":[{"href":"https:\/\/www.ceadin.org\/b\/wp-json\/wp\/v2\/media?parent=2526"}],"curies":[{"name":"wp","href":"https:\/\/api.w.org\/{rel}","templated":true}]}}