{"id":2491,"date":"2016-09-25T19:03:17","date_gmt":"2016-09-25T19:03:17","guid":{"rendered":"http:\/\/www.ceadin.org\/b\/?page_id=2491"},"modified":"2022-11-05T06:50:58","modified_gmt":"2022-11-05T06:50:58","slug":"expresiones-enganosas-dr-por-que-soy-asi","status":"publish","type":"page","link":"https:\/\/www.ceadin.org\/b\/expresiones-enganosas-dr-por-que-soy-asi\/","title":{"rendered":"EXPRESIONES ENGA\u00d1OSAS: Dr: -Por qu\u00e9 soy as\u00ed"},"content":{"rendered":"<h3 style=\"text-align: center;\"><span style=\"color: #0000ff;\"><em><strong><br \/>\n\u2217 Por qu\u00e9 soy as\u00ed&#8230;?<br \/>\n<\/strong><\/em><\/span><\/h3>\n<h3 style=\"text-align: center;\"><span style=\"color: #0000ff;\"><em><strong><span style=\"color: #008000;\">Las expresiones enga\u00f1osas.!<\/span><\/strong><\/em><\/span><br \/>\n<em><strong><span style=\"color: #0000ff;\">\u2014 No siempre dicen, lo que quieres decir \u2014<\/span><\/strong><\/em><\/h3>\n<h3 style=\"text-align: center;\"><span style=\"color: #800000;\"><em><strong>La psicoterapia para aprender a vivir,<br \/>\nes una compleja tarea que toma<br \/>\ntoda la vida, y no siempre se logra el resultado deseado.<\/strong><\/em><\/span><\/h3>\n<blockquote>\n<h3 style=\"text-align: center;\"><a href=\"http:\/\/www.ceadin.org\/b\/wp-content\/uploads\/2019\/02\/Fred-Calleri-41.jpg\"><img decoding=\"async\" loading=\"lazy\" class=\"aligncenter size-full wp-image-5285\" src=\"http:\/\/www.ceadin.org\/b\/wp-content\/uploads\/2019\/02\/Fred-Calleri-41.jpg\" alt=\"\" width=\"840\" height=\"1080\" srcset=\"https:\/\/www.ceadin.org\/b\/wp-content\/uploads\/2019\/02\/Fred-Calleri-41.jpg 840w, https:\/\/www.ceadin.org\/b\/wp-content\/uploads\/2019\/02\/Fred-Calleri-41-233x300.jpg 233w, https:\/\/www.ceadin.org\/b\/wp-content\/uploads\/2019\/02\/Fred-Calleri-41-768x987.jpg 768w, https:\/\/www.ceadin.org\/b\/wp-content\/uploads\/2019\/02\/Fred-Calleri-41-796x1024.jpg 796w, https:\/\/www.ceadin.org\/b\/wp-content\/uploads\/2019\/02\/Fred-Calleri-41-619x796.jpg 619w\" sizes=\"(max-width: 840px) 100vw, 840px\" \/><\/a><span style=\"color: #800000;\"><em><strong>Esta psicoterapia fue escrita para <span style=\"color: #008000;\">-Aprender a vivir-<\/span><\/strong><\/em><\/span><br \/>\n<span style=\"color: #800000;\"><em><strong>Ojala usted logre ese prop\u00f3sito..!<\/strong><\/em><\/span><\/h3>\n<h4 style=\"text-align: left;\"><em><strong><span style=\"color: #993366;\"><span style=\"color: #800000;\">Es un esfuerzo m\u00e1s en este sentido, en su lectura usted encontrar\u00e1 una serie de expresiones escritas con la exactitud con que fueron manifestadas por una gran cantidad de personas atendidas por m\u00ed durante un cuarto de siglo de pr\u00e1ctica profesional ininterrumpida,<\/span> <span style=\"text-decoration: underline; color: #0000ff;\">-ellas reflejan mecanismos reactivo-adaptativos- que conspiran contra el crecimiento personal de quienes las pronuncian, como-:<\/span><\/span><\/strong><\/em><\/h4>\n<h3 style=\"text-align: center;\"><span style=\"color: #008000;\"><em><strong>Las encargadas de justificar un <span style=\"color: #0000ff;\">-comportamiento anormal,<\/span><br \/>\n<span style=\"color: #0000ff;\">las de defensa para culpar a otros de lo que les ocurre por su propia manera de comportarse-,<\/span> e impiden la introspecci\u00f3n,<br \/>\nlas que obstaculizan alcanzar el autoconocimiento y las que hacen m\u00e1s<br \/>\ndif\u00edcil la soluci\u00f3n de las dificultades&#8230;<\/strong><\/em><\/span><\/h3>\n<h3 style=\"text-align: center;\"><span style=\"color: #0000ff;\"><em><strong>\u2217 Por qu\u00e9 soy as\u00ed&#8230;?<\/strong><\/em><\/span><\/h3>\n<h4><span style=\"color: #800000;\"><em><strong>-Son muchos los factores que contribuyen a ello-.<\/strong><\/em><\/span><span style=\"color: #993366;\"><em><strong><span style=\"text-decoration: underline;\"><span style=\"color: #0000ff; text-decoration: underline;\">-La p\u00e9rdida de figuras significativas en edades tempranas de la vida, una ni\u00f1ez desdichada en un medio familiar ca\u00f3tico, matizado por maltrato infantil, abuso sexual o psicol\u00f3gico, abandono-;<\/span> <\/span><span style=\"color: #008000;\"><span style=\"color: #800000;\">-el padecimiento de enfermedades mentales graves que deterioran el juicio, las emociones y la conducta; determinadas enfermedades f\u00edsicas que comprometen la calidad de vida de quienes las sufren, por invalidez, discapacidad o el:<\/span> <span style=\"color: #0000ff;\">&#8211;<\/span><\/span><span style=\"color: #0000ff;\">dolor que traen consigo, entre otros-.<\/span><\/strong><\/em><\/span><\/h4>\n<h4><span style=\"color: #993366;\"><em><strong><span style=\"color: #800000;\">Adem\u00e1s de estas contingencias, otras razones conspiran contra el prop\u00f3sito de aprender a vivir, entre las que se encuentran:<\/span><span style=\"color: #0000ff;\"> -la utilizaci\u00f3n constante de comportamientos ineficaces para una adaptaci\u00f3n creativa; el autoenga\u00f1o en sus diversas formas de presentaci\u00f3n como la justificaci\u00f3n de las conductas desadaptativas; la complacencia por lo logrado, teniendo metas acuciantes por cumplir; la magnificaci\u00f3n de problemas que no son tales y minimizar los recursos propios, por s\u00f3lo citar algunos ejemplos-.<\/span><\/strong><\/em><\/span><\/h4>\n<h4><span style=\"color: #993366;\"><em><strong><span style=\"color: #800000;\">-Vivir en la inmediatez, como algunos individuos que no son capaces de posponer las gratificaciones para poder alcanzar otros objetivos m\u00e1s importantes a mediano o largo plazo: <\/span><span style=\"color: #0000ff;\">\u2014patr\u00f3n de comportamiento muy identificado entre los dependientes del alcohol, las drogas, los f\u00e1rmacos u otras sustancias\u2014, tambi\u00e9n conduce a una mala vida, as\u00ed como la presencia de pensamientos suicidas, la tentativa de autoeliminaci\u00f3n y el suicidio consumado-.<\/span><\/strong><\/em><\/span><\/h4>\n<h4><span style=\"color: #800000;\"><em><strong>-Ense\u00f1ar a vivir a otros constituye, sin lugar a dudas, un arduo y complejo proceso participativo, en el que el protagonismo fundamental le pertenece al sujeto que lo intenta, y cuyos resultados afectar\u00e1n, para bien o para mal, a \u00e9l mismo y a sus familiares-.<\/strong><\/em><\/span><\/h4>\n<h4><span style=\"color: #800000;\"><em><strong>-Podr\u00e1 hallar tambi\u00e9n consejos \u00fatiles para enfrentar problemas universales como son las relaciones paterno-filiales, las matrimoniales, el mal h\u00e1bito de fumar, el consumo de drogas en la adolescencia, el logro del autocontrol, las formas de enfrentamiento al estr\u00e9s, etc\u00e9tera-.<\/strong><\/em><\/span><\/h4>\n<h4><span style=\"color: #800000;\"><em><strong>-Adem\u00e1s, consideramos oportuno tratar aspectos relacionados con la prevenci\u00f3n del suicidio, para lo cual incluimos varias t\u00e9cnicas de entrevistas y algunas formas de enfrentamiento y manejo de las personas con pensamientos suicidas que hayan intentado contra su vida, y de los familiares del fallecido por este medio-.<\/strong><\/em><\/span><\/h4>\n<h4><span style=\"color: #800000;\"><a style=\"color: #800000;\" href=\"http:\/\/www.ceadin.org\/b\/wp-content\/uploads\/2016\/09\/fb-MARILART-di-Marialaura-Pedone-5-copia.jpg\"><img decoding=\"async\" loading=\"lazy\" class=\"aligncenter wp-image-2497\" src=\"http:\/\/www.ceadin.org\/b\/wp-content\/uploads\/2016\/09\/fb-MARILART-di-Marialaura-Pedone-5-copia.jpg\" alt=\"fb-marilart-di-marialaura-pedone-5-copia\" width=\"770\" height=\"815\" srcset=\"https:\/\/www.ceadin.org\/b\/wp-content\/uploads\/2016\/09\/fb-MARILART-di-Marialaura-Pedone-5-copia.jpg 567w, https:\/\/www.ceadin.org\/b\/wp-content\/uploads\/2016\/09\/fb-MARILART-di-Marialaura-Pedone-5-copia-284x300.jpg 284w\" sizes=\"(max-width: 770px) 100vw, 770px\" \/><\/a><em><strong>Las personas est\u00e1n muy interesadas en saber el porqu\u00e9 de las cosas, lo cual es muy l\u00f3gico y necesario, pues sin esa sana curiosidad es imposible el desarrollo de la ciencia, la t\u00e9cnica y de la propia humanidad. -Pero a veces este inter\u00e9s es un mecanismo defensivo empleado por algunos seres humanos para posponer su necesario cambio-.\u2028<\/strong><\/em><\/span><\/h4>\n<h4><span style=\"color: #993366;\"><em><strong><span style=\"color: #800000;\">-Suponga que usted es as\u00ed porque sus padres se divorciaron cuando era un ni\u00f1o. O porque sus padres peleaban. O porque su padre inger\u00eda bebidas alcoh\u00f3licas y maltrataba a su madre-. <\/span><span style=\"color: #0000ff;\">-En definitiva, usted puede ser como es, por cualquiera de las razones frecuentes en las personas que sufren-.<\/span><\/strong><\/em><\/span><\/h4>\n<h4 style=\"text-align: left;\"><span style=\"color: #800000;\"><em><strong>Ahora, \u00bfqu\u00e9 otro valor, que no sea hist\u00f3rico o biogr\u00e1fico, tiene esa informaci\u00f3n? \u00bfPodemos volver atr\u00e1s el tiempo y evitar el divorcio, que el padre no ingiriera bebidas alcoh\u00f3licas y no maltratara a la madre, o que no se pelearan?<\/strong> <\/em><\/span><\/h4>\n<h4><span style=\"color: #800000;\"><em><strong>Eso no tiene soluci\u00f3n porque el tiempo es unidireccional, va del pasado, pasando por el presente hacia el futuro. Incluso, sin recurrir a un hecho significativo, la supuesta explicaci\u00f3n recuerda aquello de -\u00bfqui\u00e9n fue primero, el huevo o la gallina?-<\/strong><\/em><\/span><\/h4>\n<h4><em><strong><span style=\"color: #0000ff;\">Esa pregunta \u00bfpor qu\u00e9 yo soy as\u00ed?<\/span><br \/>\n<span style=\"color: #993366;\"><span style=\"color: #800000;\">Lejos de reflejar un genuino inter\u00e9s en encontrar las causas para modificar la forma de ser, si ello fuera posible, refleja una pasiva curiosidad, es para evitar preguntarse:<\/span> <\/span><\/strong><\/em><br \/>\n<span style=\"color: #0000ff;\"> <em><strong>-\u00bfDoctor, qu\u00e9 debo hacer para dejar de ser as\u00ed?-<\/strong><\/em><\/span><br \/>\n<span style=\"color: #800000;\"> <em><strong> Que s\u00ed sugiere una actitud participativa, y una invitaci\u00f3n a la acci\u00f3n.<\/strong><\/em><\/span><\/h4>\n<h4><span style=\"color: #993366;\"><em><strong><span style=\"color: #800000;\">Aunque estoy de acuerdo con que cualquier persona haga esta u otra interrogaci\u00f3n que estime conveniente, -sugiero no olvidar la que le he propuesto, pues le dar\u00e1 la posibilidad de escuchar aquellas cuestiones que pueden facilitar su crecimiento emocional, trazar un plan de acci\u00f3n para cambiar y otras opciones para dejar de ser de la manera que usted no desea-. Y es de extrema importancia saber utilizar la informaci\u00f3n obtenida de ella.<\/span><\/strong><\/em><\/span><\/h4>\n<h4><span style=\"color: #993366;\"><em><strong><span style=\"text-decoration: underline; color: #0000ff;\">\u00bfPor qu\u00e9 yo soy as\u00ed?<br \/>\n<\/span><span style=\"color: #0000ff;\">-No le servir\u00e1 para volver al pasado, pero s\u00ed para evitar cometer los mismos errores que sus padres cometieron en su crianza-. <\/span><span style=\"color: #0000ff;\">-Si sus padres le maltrataron, no maltrate usted a sus hijos. Si sus padres se divorciaron, trate de ser estable en su relaci\u00f3n matrimonial, si su padre era alcoh\u00f3lico y vejaba a su madre, trate de ingerir bebidas alcoh\u00f3licas con responsabilidad, evite embriagarse y respete siempre a su pareja-.\u2028<\/span><\/strong> <\/em><\/span><\/h4>\n<\/blockquote>\n<h3 style=\"text-align: center;\"><span style=\"color: #800000;\"><em><strong>S\u00f3lo de esa manera es \u00fatil esta informaci\u00f3n<br \/>\npues hace realidad la sentencia del fil\u00f3sofo espa\u00f1ol:<\/strong><\/em><\/span><br \/>\n<span style=\"color: #0000ff;\"> <em><strong> -Los que no conocen su pasado est\u00e1n condenados a repetirlo-<\/strong><\/em><\/span><\/h3>\n<blockquote>\n<h3 style=\"text-align: center;\"><span style=\"color: #800000;\"><em><strong>Ahora veremos unas expresiones enga\u00f1osas, que a veces utilizamos<br \/>\npara justificarnos a nuestra conveniencia&#8230;!<\/strong><\/em><\/span><\/h3>\n<\/blockquote>\n<h4 style=\"text-align: center;\"><span style=\"color: #0000ff;\"><em><strong>-NO SOPORTO ESTAR SOLO-<\/strong><\/em><\/span><br \/>\n<span style=\"color: #0000ff;\"> <em><strong> -ESO NO ES NORMAL-<br \/>\n-ESO ES NORMAL-<\/strong><\/em><\/span><br \/>\n<span style=\"color: #0000ff;\"> <em><strong> -DOCTOR, YO NO TENGO PROBLEMAS DESDE<br \/>\nQUE ESTOY TOMANDO LA PASTILLITA DE LA ALEGR\u00cdA-<\/strong><\/em><\/span><br \/>\n<span style=\"color: #0000ff;\"> <em><strong>-DOCTOR, MI VIDA NO TIENE SENTIDO-<\/strong><\/em><\/span><br \/>\n<span style=\"color: #0000ff;\"> <em><strong> -QUIERO OLVIDAR Y NO PUEDO-<\/strong><\/em><\/span><br \/>\n<span style=\"color: #0000ff;\"> <em><strong> -MI HIJO TIENE UN CAR\u00c1CTER FUERTE-<\/strong><\/em><\/span><br \/>\n<span style=\"color: #0000ff;\"> <em><strong> -YO LE HE DICHO MIL VECES QUE SE PREOCUPE POR ELLA-<\/strong><\/em><\/span><br \/>\n<span style=\"color: #0000ff;\"> <em><strong> -DOCTOR, YO LE IBA A EXPLICAR LO QUE A \u00c9L<br \/>\nLE OCURRE PORQUE \u00c9L NO SE SABE EXPRESAR-<\/strong><\/em><\/span><br \/>\n<span style=\"color: #0000ff;\"> <em><strong> -EL MEJOR PSIQUIATRA ES UNO MISMO-<\/strong><\/em><\/span><br \/>\n<span style=\"color: #0000ff;\"> <em><strong> -TODOS NO TENEMOS LOS MISMOS PROBLEMAS-<\/strong><\/em><\/span><br \/>\n<span style=\"color: #0000ff;\"> <em><strong> -YO NO TENGO NADA-<\/strong><\/em><\/span><br \/>\n<span style=\"color: #0000ff;\"> <em><strong> -DOCTOR, EL PROBLEMA ES QUE YO NO S\u00c9 DECIR QUE NO-<\/strong><\/em><\/span><br \/>\n<span style=\"color: #0000ff;\"> <em><strong>-YO NO TENGO SUERTE-<\/strong><\/em><\/span><br \/>\n<span style=\"color: #0000ff;\"> <em><strong> -YO S\u00c9 QUE VOY A TENER PROBLEMAS- <\/strong><\/em><\/span><br \/>\n<span style=\"color: #0000ff;\"> <em><strong>-YO S\u00c9 QUE ESO NO VA A FUNCIONAR-<\/strong><\/em><\/span><br \/>\n<span style=\"color: #0000ff;\"> <em><strong> -ES QUE YO SOY AS\u00cd-<\/strong><\/em><\/span><br \/>\n<span style=\"color: #0000ff;\"> <em><strong> -\u00bfPOR QU\u00c9 YO SOY AS\u00cd, DOCTOR? EXPL\u00cdQUEME-<\/strong><\/em><\/span><br \/>\n<span style=\"color: #0000ff;\"> <em><strong>&#8211;<\/strong><\/em><em><strong>ESO NO EST\u00c1 EN M\u00cd-<\/strong><\/em><\/span><br \/>\n<span style=\"color: #0000ff;\"> <em><strong> -YO NO QUISIERA SER AS\u00cd-<\/strong><\/em><\/span><br \/>\n<span style=\"color: #0000ff;\"> <em><strong> -ANTES YO NO ERA AS\u00cd- <\/strong><\/em><\/span><br \/>\n<span style=\"color: #0000ff;\"> <em><strong>-Y \u00bfUSTED CREE QUE YO QUIERO ESTAR AS\u00cd?-<\/strong><\/em><\/span><br \/>\n<span style=\"color: #0000ff;\"> <em><strong>-YO ESTOY AS\u00cd POR LA CRIANZA QUE ME DIERON-<\/strong><\/em><\/span><br \/>\n<span style=\"color: #0000ff;\"> <em><strong> -YO NO ME PUEDO DISGUSTAR-YO NO ME PUEDO MOLESTAR-<\/strong><\/em><\/span><br \/>\n<span style=\"color: #0000ff;\"> <em><strong>-EL EST\u00d3MAGO ME SALTA Y NO ME DEJA VIVIR-<\/strong><\/em><\/span><br \/>\n<span style=\"color: #0000ff;\"> <em><strong> -NO S\u00c9 QU\u00c9 HACER-<\/strong><\/em><\/span><br \/>\n<span style=\"color: #0000ff;\"> <em><strong> -YO NO QUIERO VOLVERME LOCO-<\/strong><\/em><\/span><br \/>\n<span style=\"color: #0000ff;\"> <em><strong> -SON COSAS QUE SE LE METEN A UNO-<\/strong><\/em><\/span><br \/>\n<span style=\"color: #0000ff;\"> <em><strong> -YO VIVO PARA MIS HIJOS-<\/strong><\/em><\/span><br \/>\n<span style=\"color: #0000ff;\"><em><strong> -NO LLORES, PONTE FUERTE-<\/strong><\/em><\/span><br \/>\n<span style=\"color: #0000ff;\"> <em><strong> -Y SI ESTO HUBIERA OCURRIDO DIEZ A\u00d1OS DESPU\u00c9S-<\/strong><br \/>\n<strong>-LA GENTE NO ME ENTIENDE-<\/strong><\/em><\/span><\/h4>\n<p>&nbsp;<\/p>\n<blockquote><p>Prof. Dr. Sergio Andr\u00e9s P\u00e9rez Barrero<br \/>\nArtista-Fred Calleri<\/p>\n<h3 style=\"text-align: center;\"><span style=\"color: #0000ff;\"><em><strong>\u00a0<\/strong><\/em><\/span><\/h3>\n<\/blockquote>\n<p>&nbsp;<\/p>\n<p>&nbsp;<\/p>\n","protected":false},"excerpt":{"rendered":"<p>\u2217 Por qu\u00e9 soy as\u00ed&#8230;? Las expresiones enga\u00f1osas.! \u2014 No siempre dicen, lo que quieres decir \u2014 La psicoterapia para aprender a vivir, es una compleja tarea que toma toda la vida, y no siempre se logra el resultado deseado. Esta psicoterapia fue escrita para -Aprender a vivir- Ojala usted logre ese prop\u00f3sito..! Es un [&hellip;]<\/p>\n","protected":false},"author":2,"featured_media":0,"parent":0,"menu_order":20,"comment_status":"closed","ping_status":"closed","template":"","meta":[],"_links":{"self":[{"href":"https:\/\/www.ceadin.org\/b\/wp-json\/wp\/v2\/pages\/2491"}],"collection":[{"href":"https:\/\/www.ceadin.org\/b\/wp-json\/wp\/v2\/pages"}],"about":[{"href":"https:\/\/www.ceadin.org\/b\/wp-json\/wp\/v2\/types\/page"}],"author":[{"embeddable":true,"href":"https:\/\/www.ceadin.org\/b\/wp-json\/wp\/v2\/users\/2"}],"replies":[{"embeddable":true,"href":"https:\/\/www.ceadin.org\/b\/wp-json\/wp\/v2\/comments?post=2491"}],"version-history":[{"count":0,"href":"https:\/\/www.ceadin.org\/b\/wp-json\/wp\/v2\/pages\/2491\/revisions"}],"wp:attachment":[{"href":"https:\/\/www.ceadin.org\/b\/wp-json\/wp\/v2\/media?parent=2491"}],"curies":[{"name":"wp","href":"https:\/\/api.w.org\/{rel}","templated":true}]}}