{"id":2349,"date":"2016-08-14T03:05:50","date_gmt":"2016-08-14T03:05:50","guid":{"rendered":"http:\/\/www.ceadin.org\/b\/?page_id=2349"},"modified":"2023-01-11T00:36:38","modified_gmt":"2023-01-11T00:36:38","slug":"depresion-mayor-alfonso","status":"publish","type":"page","link":"https:\/\/www.ceadin.org\/b\/depresion-mayor-alfonso\/","title":{"rendered":"Depresi\u00f3n Mayor: Alfonso"},"content":{"rendered":"<blockquote>\n<blockquote>\n<h2 style=\"text-align: center;\"><span style=\"color: #800000;\"><em><strong><br \/>\n<span style=\"color: #993300;\">\u2014 El drama de las enfermedades mentales<br \/>\nen Am\u00e9rica Latina \u2014<\/span><br \/>\n<\/strong><\/em><\/span><\/h2>\n<h2 style=\"text-align: center;\"><span style=\"color: #f7001d;\"><em><strong>-Depresi\u00f3n Mayor-<\/strong><\/em><\/span><\/h2>\n<h3 style=\"text-align: center;\"><span style=\"color: #008000;\"><em><strong><span style=\"color: #008080;\">Para<\/span> <span style=\"color: #993300;\">-Alfonso-,<\/span> <span style=\"color: #008080;\">es clave que la sociedad<\/span><br \/>\n<span style=\"color: #008080;\">comprenda que las personas que sufren depresi\u00f3n<\/span><br \/>\n<span style=\"color: #008080;\">no eligen estar as\u00ed.<\/span><\/strong><\/em><\/span><\/h3>\n<blockquote>\n<h2 style=\"text-align: left;\"><a href=\"http:\/\/www.ceadin.org\/b\/wp-content\/uploads\/2016\/08\/Annie-Keen2.jpg\"><img decoding=\"async\" loading=\"lazy\" class=\"aligncenter wp-image-2353\" src=\"http:\/\/www.ceadin.org\/b\/wp-content\/uploads\/2016\/08\/Annie-Keen2.jpg\" alt=\"Annie Keen2\" width=\"700\" height=\"910\" \/><\/a><span style=\"color: #993300;\"><em><strong>\u2014Me acuerdo del d\u00eda que fui a la cocina por un cuchillo<\/strong><\/em><\/span><br \/>\n<span style=\"color: #993300;\"> <em><strong>para cortarme las venas..<\/strong><\/em><\/span><\/h2>\n<h3><span style=\"color: #008000;\"><em><strong><span style=\"color: #993300;\">-Alfonso-<\/span> <span style=\"color: #008080;\">se llev\u00f3 el cuchillo a su<\/span><br \/>\n<span style=\"color: #008080;\">habitaci\u00f3n, pero no se atrevi\u00f3 a hacer nada.<\/span><\/strong><\/em><\/span><\/h3>\n<h3><span style=\"color: #993300;\"><em><strong>-Despu\u00e9s me sent\u00eda m\u00e1s mal, porque me consideraba un cobarde-<\/strong><\/em><\/span><br \/>\n<span style=\"color: #993300;\"> <em><strong> A veces le pegaba con el pu\u00f1o a la pared, o me daba cabezazos<\/strong><\/em><\/span><br \/>\n<span style=\"color: #993300;\"> <em><strong> contra ella de rabia, de angustia, de desesperaci\u00f3n.<\/strong><\/em><\/span><\/h3>\n<h3><span style=\"color: #008080;\"><em><strong>Este joven chileno de 35 a\u00f1os, es una de las m\u00e1s de<span style=\"color: #f7001d;\"> -350 millones de personas que, de acuerdo con la -Organizaci\u00f3n Mundial de la Salud, sufren de depresi\u00f3n en todo el mundo-. <\/span><\/strong><strong>En Am\u00e9rica Latina, ese organismo estima que entre 19% y 24% de la poblaci\u00f3n adulta tiene alg\u00fan trastorno mental.<\/strong><\/em><\/span><\/h3>\n<h3><span style=\"color: #0000ff;\"><em><strong><span style=\"color: #993300;\">-Alfonso-<\/span> <span style=\"color: #008080;\">es un nombre ficticio; prefiere compartir su historia sin que su identidad aparezca. <\/span><\/strong><\/em><span style=\"color: #008080;\"><em><strong>No es f\u00e1cil hablar de lo que ha vivido, por eso le cont\u00f3 su experiencia a BBC Mundo, a trav\u00e9s de un texto que \u00e9l mismo escribi\u00f3.<\/strong><\/em><\/span><\/span><\/h3>\n<h3><span style=\"color: #993300;\"><em><strong>Alfonso:<\/strong><\/em><\/span><\/h3>\n<h3 style=\"text-align: center;\"><span style=\"color: #993300;\"><em><strong>\u2014 La depresi\u00f3n en mi, no es una enfermedad que se cura,<\/strong><\/em><\/span><br \/>\n<span style=\"color: #993300;\"> <em><strong> es una enfermedad que uno aprende a controlar.<\/strong><\/em><\/span><\/h3>\n<blockquote>\n<h3><span style=\"color: #800000;\"><strong> <em><span style=\"color: #993300;\">-Me di cuenta que ten\u00eda depresi\u00f3n como a los 16 a\u00f1os, empec\u00e9 a encerrarme, a veces no quer\u00eda salir de la casa por varios d\u00edas, y sent\u00eda que no val\u00eda mucho como persona.<\/span> <\/em><\/strong><\/span><\/h3>\n<h3><span style=\"color: #993300;\"><strong><em>Me puse flaco, y solo quer\u00eda escuchar m\u00fasica, y algunas veces ni siquiera le quer\u00eda contestar el tel\u00e9fono a mis amigos.<\/em><\/strong><\/span><\/h3>\n<h3 style=\"text-align: left;\"><span style=\"color: #800000;\"><em><strong><span style=\"color: #993300;\">No duraba igual todo el tiempo, porque<\/span> <span style=\"color: #f7001d;\">-hab\u00eda semanas buenas y semanas malas-,<\/span><span style=\"color: #993300;\"> pero en general, sent\u00eda que me hac\u00eda falta fuerza vital. <\/span><span style=\"color: #f7001d;\">-Lloraba en mi pieza solo, no me gustaba que nadie supiera por lo que estaba pasando-.<\/span><\/strong><\/em><\/span><\/h3>\n<h3 style=\"text-align: center;\"><span style=\"color: #800000;\"><em><strong><span style=\"color: #008000;\"><span style=\"color: #008080;\">Sus padres lo llevaron al psic\u00f3logo,<\/span><br \/>\n<span style=\"color: #008080;\">y despu\u00e9s al psiquiatra hasta que sali\u00f3 un diagn\u00f3stico:<\/span><br \/>\n<\/span><\/strong><\/em><\/span><\/h3>\n<h2 style=\"text-align: center;\"><span style=\"color: #f7001d;\"><em><strong>-Depresi\u00f3n End\u00f3gena- mejor conocida como<br \/>\n-Depresi\u00f3n Mayor-<\/strong><\/em><\/span><\/h2>\n<h3><span style=\"color: #800000;\"><em><strong><span style=\"color: #993300;\">-Me dieron terapia y pastillas.<\/span><br \/>\n<span style=\"color: #993300;\">No me las quer\u00eda tomar al principio, pero al final me obligaron.<\/span> &#8211;<span style=\"color: #f7001d;\">Tuve d\u00edas en que pens\u00e9 en suicidarme.<\/span><br \/>\n<span style=\"color: #993300;\">Eran varias razones, no hab\u00eda una sola causa, pero todo se fue cuesta abajo cuando me dej\u00f3 mi polola (novia).<\/span><\/strong><\/em><\/span><\/h3>\n<h3><span style=\"color: #993300;\"><em><strong>Sent\u00ed como que se apagaban las luces.<\/strong><\/em><\/span><br \/>\n<span style=\"color: #800000;\"> <em><strong><span style=\"color: #993300;\"> El punto es que no era solamente que me abandonara, era todo.<\/span> <\/strong><\/em><\/span><\/h3>\n<h3 style=\"text-align: center;\"><span style=\"color: #800000;\"><em><strong><span style=\"color: #f7001d;\">&#8211;<\/span><\/strong><\/em><\/span><span style=\"color: #f7001d;\"><em><strong>Era que me sent\u00eda desadaptado en la sociedad, que me encontraba feo, aburrido, no s\u00e9-.<\/strong><\/em><\/span><\/h3>\n<h3><span style=\"color: #008000;\"><em><strong><span style=\"color: #008000;\"><span style=\"color: #008080;\">Por muchos a\u00f1os,<\/span> <span style=\"color: #993300;\">-Alfonso-<\/span> <span style=\"color: #008080;\">estuvo en terapia,<\/span><br \/>\n<span style=\"color: #008080;\">la cual retoma de vez en cuando.<\/span><\/span> <span style=\"color: #0000ff;\"><br \/>\n<span style=\"color: #008080;\">Ha aprendido a entender lo que le pasa y a<br \/>\n<span style=\"color: #993300;\">-reconciliarse-<\/span> consigo mismo.<\/span><\/span><br \/>\n<\/strong><\/em><\/span><\/h3>\n<h2 style=\"text-align: center;\"><span style=\"color: #f7001d;\"><em><strong>Los d\u00edas m\u00e1s oscuros<br \/>\nde su enfermedad, asegur\u00f3, ya pasaron.<a href=\"http:\/\/www.ceadin.org\/b\/wp-content\/uploads\/2022\/12\/ab57ec36be1ab959146b6f215da993d2.jpg\"><img decoding=\"async\" loading=\"lazy\" class=\"alignright size-full wp-image-6905\" src=\"http:\/\/www.ceadin.org\/b\/wp-content\/uploads\/2022\/12\/ab57ec36be1ab959146b6f215da993d2.jpg\" alt=\"\" width=\"600\" height=\"882\" srcset=\"https:\/\/www.ceadin.org\/b\/wp-content\/uploads\/2022\/12\/ab57ec36be1ab959146b6f215da993d2.jpg 600w, https:\/\/www.ceadin.org\/b\/wp-content\/uploads\/2022\/12\/ab57ec36be1ab959146b6f215da993d2-204x300.jpg 204w\" sizes=\"(max-width: 600px) 100vw, 600px\" \/><\/a><\/strong><\/em><\/span><\/h2>\n<h3><span style=\"color: #800000;\"><em><strong><span style=\"color: #993300;\">-Ahora los veo como una pesadilla, pero tambi\u00e9n entiendo que tengo una enfermedad, que me va a acompa\u00f1ar siempre,<\/span> <span style=\"text-decoration: underline; color: #f7001d;\">-porque est\u00e1 en mis conexiones neuronales-, <\/span><span style=\"color: #993300;\">as\u00ed de simple. <\/span><\/strong><\/em><\/span><\/h3>\n<h3><span style=\"color: #800000;\"><em><strong><span style=\"color: #993300;\">Por eso no he dejado de tomarme las pastillas.<\/span> <span style=\"text-decoration: underline; color: #f7001d;\">-Hubo momentos en mi vida en que las tiraba a la taza del ba\u00f1o y me rebelaba contra mi condici\u00f3n depresiva, pero al final entend\u00ed que era peor-.<\/span><\/strong><\/em><\/span><\/h3>\n<h3><span style=\"color: #800000;\"><em><strong><span style=\"color: #993300;\">Y el mejor ejemplo que me pon\u00eda el psic\u00f3logo, era que<\/span><span style=\"text-decoration: underline; color: #f7001d;\"> -la depresi\u00f3n es una enfermedad como cualquier otra. Me dec\u00eda que si alguien tiene una enfermedad card\u00edaca tiene que tomar pastillas, o que si alguien tiene un c\u00e1ncer, tiene que hacerse el tratamiento-.<\/span><\/strong><\/em><\/span><\/h3>\n<h3><span style=\"color: #008000;\"><em><strong><span style=\"color: #993300;\">-Alfonso-,<\/span> <span style=\"color: #008080;\">quien tiene un trabajo que le permite -desarrollarse profesionalmente-, reconoce que aunque los f\u00e1rmacos no son la \u00fanica soluci\u00f3n, son una parte muy importante del tratamiento.<\/span><\/strong><\/em><\/span><\/h3>\n<h3><span style=\"color: #008000;\"><em><strong><span style=\"color: #800000;\"><span style=\"color: #008000;\"><span style=\"color: #008080;\">Lo que mucha gente no entiende, es que <\/span><span style=\"color: #800000;\"><span style=\"color: #008080;\">la <\/span><span style=\"color: #993300;\">-Depresi\u00f3n Mayor- no necesita una causa para desencadenarse-.<\/span><\/span> <span style=\"color: #008080;\">No es necesario que pierdas el trabajo, o que se te muera un ser querido, porque eso se llama<\/span> <span style=\"color: #f7001d;\">-depresi\u00f3n reactiva- (\u2026)<\/span><\/span> <\/span><\/strong><\/em><\/span><\/h3>\n<h2 style=\"text-align: center;\"><span style=\"color: #993300;\"><em><strong>En mi caso, yo no necesito una<br \/>\ntragedia para sentirme sin ganas de vivir.<\/strong><\/em><\/span><\/h2>\n<h3><span style=\"color: #993300;\"><em><strong>Y esta no es una enfermedad que se cura. Es una enfermedad que uno domina, que uno aprende a controlar, que la mantienes a raya para que te deje trabajar, tener relaciones, disfrutar la vida, ser feliz, tan b\u00e1sico como eso.<\/strong><\/em><\/span><\/h3>\n<h2 style=\"text-align: center;\"><span style=\"color: #008080;\"><em><strong>En el mundo:<\/strong><\/em><\/span><br \/>\n<span style=\"color: #008080;\"> <em><strong> M\u00e1s de 450 millones de personas sufren<br \/>\ndes\u00f3rdenes mentales.<\/strong><\/em><\/span><br \/>\n<span style=\"color: #f7001d;\"> <em><strong> Cada 40 segundos una persona se suicida.<\/strong><\/em><\/span><\/h2>\n<h3 style=\"text-align: center;\"><span style=\"color: #008080;\"><em><strong>Casi 75% de las personas con<br \/>\ntrastornos mentales en los pa\u00edses en v\u00edas de desarrollo,<br \/>\nno reciben tratamiento.<\/strong><\/em><\/span><\/h3>\n<h3 style=\"text-align: center;\"><span style=\"color: #008080;\"><em><strong>1 de cada 4 personas, sufrir\u00e1<br \/>\nen alg\u00fan momento de su vida, un problema<br \/>\nde salud mental.<a href=\"http:\/\/www.ceadin.org\/b\/wp-content\/uploads\/2022\/12\/1338a7c1778886084a108da0ea31554b.jpg\"><img decoding=\"async\" loading=\"lazy\" class=\"alignright wp-image-6906 size-full\" src=\"http:\/\/www.ceadin.org\/b\/wp-content\/uploads\/2022\/12\/1338a7c1778886084a108da0ea31554b-e1670290945835.jpg\" alt=\"\" width=\"794\" height=\"850\" srcset=\"https:\/\/www.ceadin.org\/b\/wp-content\/uploads\/2022\/12\/1338a7c1778886084a108da0ea31554b-e1670290945835.jpg 794w, https:\/\/www.ceadin.org\/b\/wp-content\/uploads\/2022\/12\/1338a7c1778886084a108da0ea31554b-e1670290945835-280x300.jpg 280w, https:\/\/www.ceadin.org\/b\/wp-content\/uploads\/2022\/12\/1338a7c1778886084a108da0ea31554b-e1670290945835-768x822.jpg 768w, https:\/\/www.ceadin.org\/b\/wp-content\/uploads\/2022\/12\/1338a7c1778886084a108da0ea31554b-e1670290945835-619x663.jpg 619w\" sizes=\"(max-width: 794px) 100vw, 794px\" \/><\/a><\/strong><\/em><\/span><\/h3>\n<h2 style=\"text-align: center;\"><span style=\"color: #993300;\"><em><strong>\u2014 La Depresi\u00f3n Mayor \u2014<br \/>\nes la principal causa de discapacidad.<\/strong><\/em><\/span><\/h2>\n<h3><span style=\"color: #008000;\"><em><strong><span style=\"color: #993300;\">-Afonso- <\/span><span style=\"color: #008080;\">se ha convencido de que<\/span><br \/>\n<span style=\"color: #008080;\">tiene que vivir con ella y salir adelante.<\/span><\/strong><\/em><\/span><br \/>\n<span style=\"color: #993300;\"><em><strong> Ahora me dan lo mismo las personas que te estigmatizan.<br \/>\n<\/strong><\/em><\/span><\/h3>\n<h3><span style=\"color: #993300;\"><em><strong>Pero antes eso me hac\u00eda sufrir mucho,<\/strong><\/em><\/span> <span style=\"text-decoration: underline; color: #f7001d;\"><em><strong>-porque me dec\u00edan que yo no era valiente, que era un desagradecido con la vida, que era cobarde, hasta que era -poco hombre-.<\/strong><\/em><\/span><\/h3>\n<h3><span style=\"color: #993300;\"><em><strong>El punto es que la gente piensa que es falta de voluntad,<\/strong><\/em><\/span><br \/>\n<span style=\"color: #993300;\"> <em><strong> que uno no quiere salir adelante.<\/strong><\/em><\/span><\/h3>\n<h3><span style=\"color: #800000;\"><em><strong><span style=\"color: #993300;\">Pero lo que no entienden, es que<\/span><span style=\"text-decoration: underline; color: #f7001d;\"> -UNO NO ELIGE ESTAR DEPRIMIDO-, <\/span><\/strong><\/em><\/span><span style=\"color: #800000;\"><em><strong><span style=\"text-decoration: underline; color: #f7001d;\">-UNO NACE- CON ESA ENFERMEDAD Y DE PRONTO APARECE,<\/span> <span style=\"color: #993300;\">y finalmente aprende a salir adelante.<\/span><\/strong><\/em><\/span><\/h3>\n<h3><span style=\"text-decoration: underline; color: #f7001d;\"><em><strong>No es una debilidad por falta de car\u00e1cter, <\/strong><\/em><\/span><span style=\"color: #993300;\"><em><strong>e<\/strong><\/em><\/span><span style=\"color: #008000;\"><em><strong><span style=\"color: #993300;\">s simplemente algo que ven\u00eda contigo al nacer en tu -mapa gen\u00e9tico-.<\/span><br \/>\n<span style=\"color: #008080;\">As\u00ed termina su escrito<\/span> <span style=\"color: #800000;\"><span style=\"color: #993300;\">-Alfonso-.<\/span><br \/>\n<span style=\"color: #993300;\">\u2014\/\u2014<\/span><\/span><\/strong><\/em><\/span><\/h3>\n<\/blockquote>\n<h3><span style=\"color: #008000;\"><em><strong><span style=\"color: #008080;\">Entre los trastornos mentales m\u00e1s comunes en Am\u00e9rica Latina est\u00e1n:<\/span> <span style=\"color: #993300;\">-la depresi\u00f3n, la psicosis y los problemas derivados de la dependencia y del abuso del alcohol-.<\/span><\/strong><\/em><\/span><\/h3>\n<h3><span style=\"color: #008000;\"><em><strong><span style=\"color: #008080;\">De acuerdo con <\/span><span style=\"color: #993300;\">-D\u00e9vora Kestel,<\/span> <span style=\"color: #008080;\">asesora para Am\u00e9rica Latina y el Caribe en salud mental de la<\/span> <span style=\"color: #993300;\">-Organizaci\u00f3n Mundial de la Salud-,<\/span> <span style=\"color: #008080;\">la brecha que existe en la regi\u00f3n entre el n\u00famero de personas con enfermedades mentales, y la respuesta que reciben en t\u00e9rminos de tratamiento es <span style=\"color: #993300;\">-enormemente grande-.<\/span><\/span><\/strong><\/em><\/span><\/h3>\n<h3><span style=\"color: #008080;\"><em><strong><span style=\"color: #993300;\">-Hay 56% de personas con esquizofrenia que no reciben tratamiento, y pensamos que es una enfermedad altamente incapacitante para quien la sufre-,<\/span> y con impacto en sus familiares y en su entorno social, indic\u00f3 la experta en conversaci\u00f3n con BBC Mundo.<\/strong><\/em><\/span><\/h3>\n<h3><span style=\"color: #008080;\"><em><strong>La brecha explic\u00f3, se debe en parte a que el presupuesto asignado a la salud mental por parte de los Estados de la regi\u00f3n, es bastante limitado: la media es s\u00f3lo del 2,1% y de esos recursos, m\u00e1s del 80% se va a los hospitales psiqui\u00e1tricos.<\/strong><\/em><\/span><\/h3>\n<\/blockquote>\n<h3 style=\"text-align: center;\"><span style=\"color: #008000;\"><em><strong><span style=\"color: #008080;\">En Am\u00e9rica Latina,<\/span><br \/>\n<span style=\"color: #008080;\">entre 19% y 24% de la poblaci\u00f3n adulta sufre<\/span><br \/>\n<span style=\"color: #008080;\">de alg\u00fan trastorno mental.<\/span><br \/>\n<span style=\"color: #f7001d;\">65.000 personas se suicidan cada a\u00f1o.<\/span><\/strong><\/em><\/span><\/h3>\n<blockquote>\n<h3 style=\"text-align: center;\"><span style=\"color: #008080;\"><em><strong>7 de cada 10 adultos que tiene un trastorno mental<br \/>\nno recibe tratamiento.<\/strong><\/em><\/span><br \/>\n<span style=\"color: #008080;\"> <em><strong> 56% de las personas con esquizofrenia<br \/>\nno reciben tratamiento.<\/strong><\/em><\/span><br \/>\n<span style=\"color: #008080;\"> <em><strong> 80% de las personas con depresi\u00f3n o<br \/>\ntrastornos mentales derivados del alcohol,<br \/>\nno reciben tratamiento.<\/strong><\/em><\/span><\/h3>\n<h3><span style=\"color: #008080;\"><em><strong>Como sabemos, (esos lugares) son sistemas de respuesta de salud mental superados. En una \u00e9poca se consideraron la \u00fanica modalidad, pero hace a\u00f1os, incluso en nuestra regi\u00f3n, se ha cambiado ese modelo, por uno basado en la comunidad, con servicios en los hospitales generales, que es menos aislante y m\u00e1s respetuoso de los derechos humanos, se\u00f1al\u00f3 Kestel.<\/strong><\/em><\/span><\/h3>\n<h3 style=\"text-align: left;\"><span style=\"color: #800000;\"><em><strong><span style=\"color: #993300;\">-La familia-<\/span><br \/>\n<span style=\"color: #008000;\"><span style=\"color: #008080;\">En Am\u00e9rica Latina, existen varias organizaciones que apoyan a personas con trastornos mentales y a sus familias.<\/span> <\/span><\/strong><\/em><\/span><\/h3>\n<h3 style=\"text-align: left;\"><span style=\"color: #800000;\"><em><strong><span style=\"color: #008000;\"><span style=\"color: #008080;\">En M\u00e9xico<\/span><a href=\"https:\/\/larprosaludmental.com\/\"><span style=\"color: #993300;\"> -Voz Pro Salud Mental-<\/span> <\/a><span style=\"color: #008080;\">es una red de asociaciones civiles presente en doce estados. Comprender en qu\u00e9 consiste la enfermedad mental de un miembro de la familia, es fundamental para la estabilidad del paciente.<\/span><\/span><\/strong><\/em><\/span><\/h3>\n<h3><span style=\"color: #0000ff;\"><em><strong><span style=\"color: #008000;\"><span style=\"color: #008080;\">De acuerdo con<\/span> <span style=\"color: #993300;\">-Gabriela C\u00e1mara,<\/span> <span style=\"color: #008080;\">coordinadora de<\/span><br \/>\n<span style=\"color: #993300;\">-Voz Pro Salud Mental-,<\/span><\/span> <span style=\"color: #008080;\">es fundamental que los familiares se capaciten, y aprendan de qu\u00e9 se trata la enfermedad, y c\u00f3mo evitar y manejar las crisis y las reca\u00eddas.<\/span><\/strong><\/em><\/span><\/h3>\n<h3><span style=\"color: #008080;\"><em><strong>Ante un trastorno psiqui\u00e1trico, asegur\u00f3 la experta, la din\u00e1mica familiar se ve afectada emocional y econ\u00f3micamente. <\/strong><\/em><\/span><\/h3>\n<h3><span style=\"color: #993300;\"><em><strong>Son enfermedades para toda<br \/>\nla vida y los tratamientos son caros.<\/strong><\/em><\/span><\/h3>\n<h3><span style=\"color: #0000ff;\"><em><strong><span style=\"color: #008080;\">Cada miembro de la familia que tiene un ser querido con una enfermedad psiqui\u00e1trica, se ve afectado. Muchas veces ellos mismos presentan <\/span><span style=\"color: #993300;\">-Depresi\u00f3n Mayor-,<\/span> <span style=\"color: #008000;\"><span style=\"color: #008080;\">pues por un lado, deben cargar con una enorme carga emocional, y por el otro con el estigma de la sociedad que muchas veces<\/span> <span style=\"color: #993300;\">-culpa al paciente y\/o a su familia por tener un trastorno mental-,<\/span> <span style=\"color: #008080;\">le indic\u00f3 C\u00e1mara a BBC Mundo.<\/span><\/span><\/strong><\/em><\/span><\/h3>\n<h2 style=\"text-align: center;\"><span style=\"color: #800000;\"><em><strong><span style=\"color: #993300;\">Es fundamental, como familia,<\/span><br \/>\n<span style=\"color: #993300;\">aprender a comunicarnos de una forma m\u00e1s sana y efectiva, <\/span><span style=\"color: #993300;\">poner l\u00edmites y quitar culpas,<\/span><span style=\"color: #008080;\"> se\u00f1al\u00f3.!<\/span><\/strong><\/em><\/span><\/h2>\n<h2 style=\"text-align: center;\"><a href=\"http:\/\/www.ceadin.org\/b\/wp-content\/uploads\/2017\/04\/CASSANDRA-ALFONSO-Y-ANA-TRAB.jpg\"><img decoding=\"async\" loading=\"lazy\" class=\"aligncenter wp-image-2882\" src=\"http:\/\/www.ceadin.org\/b\/wp-content\/uploads\/2017\/04\/CASSANDRA-ALFONSO-Y-ANA-TRAB.jpg\" alt=\"CASSANDRA ALFONSO Y ANA TRAB\" width=\"750\" height=\"391\" \/><\/a><span style=\"color: #008000;\"><em><strong><span style=\"color: #008080;\">De hecho, para<\/span> <span style=\"color: #800000;\">-Alfonso-,<\/span><\/strong><\/em><\/span> <span style=\"color: #008000;\"><em><strong><br \/>\n<span style=\"color: #008080;\">la comprensi\u00f3n de sus seres queridos marc\u00f3<\/span><br \/>\n<span style=\"color: #008080;\">una gran diferencia.<\/span><\/strong><\/em><\/span><span style=\"color: #008000;\"><em><strong><br \/>\n<\/strong><\/em><\/span><\/h2>\n<h3><span style=\"color: #800000;\"><em><strong><span style=\"color: #f7001d;\">Nota: *<\/span> <span style=\"color: #993300;\">&#8211;<\/span><\/strong><\/em><\/span><span style=\"color: #993300;\"><em><strong>Al principio, siempre era como el bicho raro de la familia,<\/strong><\/em> <em><strong><span style=\"color: #993300;\">pero despu\u00e9s de tantos<\/span> a\u00f1os de tratamiento,<\/strong><\/em> <em><strong>ellos han llegado a entender lo que me pasa, en vez <\/strong><\/em><\/span><span style=\"color: #008000;\"><em><strong><span style=\"color: #993300;\">de criticarme-,<\/span> <span style=\"color: #008080;\">escribi\u00f3..!<\/span><\/strong><\/em><\/span><\/h3>\n<\/blockquote>\n<p><span style=\"color: #993300;\"><em>Artista-Annie-Keen<\/em><\/span><br \/>\n<span style=\"color: #993300;\"><em>Artista-Chesda Merntook<\/em><\/span><br \/>\n<span style=\"color: #993300;\"><em>Artista-Yana Fefelova<\/em><\/span><br \/>\n<span style=\"color: #993300;\"><em>Artista-H.C. Berann<\/em><\/span><\/p>\n<h4><span style=\"color: #993300;\"><em><strong>ESPERAMOS ENCUENTRE \u00daTIL ESTA INFORMACI\u00d3N.<\/strong><\/em><\/span><\/h4>\n<h4><span style=\"color: #993300;\"><em><strong>SI USTED EST\u00c1 PENSANDO EN HACERSE DA\u00d1O,<br \/>\nO SI CONOCE A ALGUIEN QUE PODR\u00cdA HACERSE DA\u00d1O,<br \/>\nBUSQUE AYUDA R\u00c1PIDAMENTE\u00a0 Y LLAME A SU M\u00c9DICO.<\/strong><\/em><\/span><\/h4>\n<h4><span style=\"color: #008080;\"><em><strong>Busque ayuda inmediatamente si:<\/strong><\/em><\/span><br \/>\n<span style=\"color: #008080;\"><em><strong>Se siente abrumado.<\/strong><\/em><\/span><br \/>\n<span style=\"color: #008080;\"><em><strong>\u2028Est\u00e1 pensando en hacerse da\u00f1o o en da\u00f1ar a otra persona.<\/strong><\/em><\/span><br \/>\n<span style=\"color: #008080;\"><em><strong>Es incapaz de controlar su comportamiento.<\/strong><\/em><\/span><br \/>\n<span style=\"color: #008080;\"><em><strong>Tiene otros s\u00edntomas muy angustiantes de trastorno<\/strong><\/em><\/span><br \/>\n<span style=\"color: #008080;\"><em><strong>de estr\u00e9s postraum\u00e1tico.<\/strong><\/em><em><strong><br \/>\nLlame a un familiar, no se quede solo.<br \/>\nLlame a su m\u00e9dico.<\/strong><\/em><\/span><\/h4>\n<h4><span style=\"color: #ff00ff;\"><em><strong>EN CASO NECESARIO:<\/strong><\/em><\/span><br \/>\n<span style=\"color: #ff00ff;\"><em><strong>Llame a su m\u00e9dico.<\/strong><\/em><\/span><br \/>\n<span style=\"color: #ff00ff;\"><em><strong>Llame al 911 para servicios de emergencia\u2028 o vaya<\/strong><\/em><\/span><br \/>\n<span style=\"color: #ff00ff;\"><em><strong>a la sala de emergencias m\u00e1s cercana.<\/strong><\/em><\/span><br \/>\n<span style=\"color: #ff00ff;\"><em><strong>En un caso de emergencia, puede llamar a:<\/strong><\/em><\/span><br \/>\n<span style=\"color: #ff00ff;\"><em><strong>SAPTEL \u201cSistema Nacional de Apoyo, Consejo \u2028Psicol\u00f3gico<\/strong><\/em><\/span><br \/>\n<span style=\"color: #ff00ff;\"><em><strong>e Intervenci\u00f3n en Crisis por Tel\u00e9fono\u201d<\/strong><\/em><\/span><br \/>\n<span style=\"color: #ff00ff;\"><em><strong>(Cruz Roja Mexicana\u2013 24 Hrs.) sin costo<\/strong><\/em><\/span><\/h4>\n<h4><span style=\"color: #ff00ff;\"><em><strong>SAPTEL<\/strong><\/em><\/span><br \/>\n<span style=\"color: #ff00ff;\"><em><strong>Av M\u00e9xico #37, Hip\u00f3dromo,<\/strong><\/em><\/span><br \/>\n<span style=\"color: #ff00ff;\"><em><strong>Cuauht\u00e9moc, Ciudad de M\u00e9xico.<\/strong><\/em><\/span><br \/>\n<span style=\"color: #ff00ff;\"><em><strong>Tel\u00e9fono:(55) 52598121<br \/>\nE-mail: <a class=\"col1\" style=\"color: #ff00ff;\" href=\"https:\/\/www.saptel.org.mx\/contacto.html#\">saptel.crlyc@gmail.com<\/a><\/strong><\/em><\/span><\/h4>\n<p><em><strong><span style=\"color: #ff00ff;\">Ayuda en los Estados Unidos:<\/span><br \/>\n<\/strong><span style=\"color: #008000;\">Llame al 911 (servicio de emergencia de los Estados Unidos)<\/span><br \/>\n<span style=\"color: #008000;\"> o acuda a una sala de emergencias.<\/span><br \/>\n<span style=\"color: #008000;\"> Llame gratis a la l\u00ednea de emergencia del suicidio: 1\u2013888\u2013628\u20139454 para comunicarse con alguien de la Red Nacional de Prevenci\u00f3n del Suicidio. El n\u00famero para las personas con dificultades auditivas es 1\u2013800\u2013799\u20134TTY (4889)<\/span><\/em><\/p>\n<h1 class=\"entry-title\"><\/h1>\n<p><span style=\"color: #008000;\">\u00a0<\/span><\/p><\/blockquote>\n<\/blockquote>\n","protected":false},"excerpt":{"rendered":"<p>\u2014 El drama de las enfermedades mentales en Am\u00e9rica Latina \u2014 -Depresi\u00f3n Mayor- Para -Alfonso-, es clave que la sociedad comprenda que las personas que sufren depresi\u00f3n no eligen estar as\u00ed. \u2014Me acuerdo del d\u00eda que fui a la cocina por un cuchillo para cortarme las venas.. -Alfonso- se llev\u00f3 el cuchillo a su habitaci\u00f3n, [&hellip;]<\/p>\n","protected":false},"author":2,"featured_media":0,"parent":0,"menu_order":0,"comment_status":"closed","ping_status":"closed","template":"","meta":[],"_links":{"self":[{"href":"https:\/\/www.ceadin.org\/b\/wp-json\/wp\/v2\/pages\/2349"}],"collection":[{"href":"https:\/\/www.ceadin.org\/b\/wp-json\/wp\/v2\/pages"}],"about":[{"href":"https:\/\/www.ceadin.org\/b\/wp-json\/wp\/v2\/types\/page"}],"author":[{"embeddable":true,"href":"https:\/\/www.ceadin.org\/b\/wp-json\/wp\/v2\/users\/2"}],"replies":[{"embeddable":true,"href":"https:\/\/www.ceadin.org\/b\/wp-json\/wp\/v2\/comments?post=2349"}],"version-history":[{"count":0,"href":"https:\/\/www.ceadin.org\/b\/wp-json\/wp\/v2\/pages\/2349\/revisions"}],"wp:attachment":[{"href":"https:\/\/www.ceadin.org\/b\/wp-json\/wp\/v2\/media?parent=2349"}],"curies":[{"name":"wp","href":"https:\/\/api.w.org\/{rel}","templated":true}]}}